{"id":2535,"date":"2022-07-27T21:36:09","date_gmt":"2022-07-27T19:36:09","guid":{"rendered":"https:\/\/123-esta.com\/esta-europe\/"},"modified":"2025-09-19T16:08:45","modified_gmt":"2025-09-19T14:08:45","slug":"esta-europeu","status":"publish","type":"page","link":"https:\/\/123-esta.com\/pt-pt\/esta-europeu\/","title":{"rendered":"Aplica\u00e7\u00e3o do ETIAS PARA VIAJANTES na Europa"},"content":{"rendered":"\n<p>A Europa anunciou a introdu\u00e7\u00e3o de um <a href=\"\/\/123-esta.com\/pays-visa-waiver-program\/\">programa europeu de isen\u00e7\u00e3o de vistos<\/a> para viajantes internacionais. Trata-se do ETIAS (Sistema Europeu de Informa\u00e7\u00e3o e Autoriza\u00e7\u00e3o de Viagem). Com entrada em vigor prevista para 2027, o sistema aplicar-se-\u00e1 aos viajantes provenientes de pa\u00edses isentos de vistos Schengen, como os Estados Unidos, o Canad\u00e1, a Austr\u00e1lia e o Reino Unido.  <\/p>\n\n<p>O seu objetivo \u00e9 refor\u00e7ar a seguran\u00e7a das fronteiras da Europa, facilitando simultaneamente a circula\u00e7\u00e3o dos viajantes. A introdu\u00e7\u00e3o do ETIAS responde a um certo n\u00famero de condi\u00e7\u00f5es: refor\u00e7o dos controlos \u00e0 entrada, luta contra a imigra\u00e7\u00e3o clandestina e a criminalidade e melhor gest\u00e3o dos fluxos tur\u00edsticos no espa\u00e7o Schengen. <\/p>\n\n<p>Baseando-se fortemente no ESTA (Electronic System for Travel Authorization) americano, a autoriza\u00e7\u00e3o ETIAS europeia est\u00e1 em conformidade com as medidas tomadas para refor\u00e7ar a seguran\u00e7a na Europa.<\/p>\n\n<h2 class=\"wp-block-heading\">Requisitos ETIAS<\/h2>\n\n<ol class=\"wp-block-list\">\n<li>Passageiros preocupados<\/li>\n<\/ol>\n\n<ul class=\"wp-block-list\">\n<li>Nacionais de mais de 60 pa\u00edses isentos de visto Schengen.<\/li>\n\n\n\n<li>Estadias de turismo, de neg\u00f3cios, m\u00e9dicas ou de tr\u00e2nsito.<\/li>\n<\/ul>\n\n<ol start=\"2\" class=\"wp-block-list\">\n<li>Procedimento de candidatura<\/li>\n<\/ol>\n\n<ul class=\"wp-block-list\">\n<li>Formul\u00e1rio em linha dispon\u00edvel no s\u00edtio <a href=\"https:\/\/etias-eu.net\/pt-br\/etias-official-website\/\">Web oficial do ETIAS<\/a>.<\/li>\n\n\n\n<li>Dados pessoais, passaporte biom\u00e9trico v\u00e1lido, dados de contacto e motivo da viagem.<\/li>\n\n\n\n<li>Paga uma taxa de 20 euros no momento do lan\u00e7amento, gratuita para menores de 18 anos e maiores de 70 anos.<\/li>\n<\/ul>\n\n<ol start=\"3\" class=\"wp-block-list\">\n<li>Prazos e validade<\/li>\n<\/ol>\n\n<ul class=\"wp-block-list\">\n<li>Responde normalmente em poucos minutos (m\u00e1ximo 96 horas).<\/li>\n\n\n\n<li>A autoriza\u00e7\u00e3o ETIAS \u00e9 v\u00e1lida por 3 anos ou at\u00e9 \u00e0 expira\u00e7\u00e3o do passaporte.<\/li>\n\n\n\n<li>Permite m\u00faltiplas entradas no espa\u00e7o Schengen.<\/li>\n<\/ul>\n\n<h2 class=\"wp-block-heading\">Diferen\u00e7a entre o ETIAS e o visto Schengen<\/h2>\n\n<p>O ETIAS \u00e9 uma autoriza\u00e7\u00e3o eletr\u00f3nica simples para os viajantes isentos de visto. O visto Schengen \u00e9 um documento obrigat\u00f3rio para os nacionais sujeitos a autoriza\u00e7\u00e3o pr\u00e9via. Os dois n\u00e3o s\u00e3o permut\u00e1veis.  <\/p>\n","protected":false},"excerpt":{"rendered":"<p>A Europa anunciou a introdu\u00e7\u00e3o de um programa europeu de isen\u00e7\u00e3o de vistos para viajantes internacionais. Trata-se do ETIAS (Sistema Europeu de Informa\u00e7\u00e3o e Autoriza\u00e7\u00e3o de Viagem). Com entrada em vigor prevista para 2027, o sistema aplicar-se-\u00e1 aos viajantes provenientes de pa\u00edses isentos de vistos Schengen, como os Estados Unidos, o Canad\u00e1, a Austr\u00e1lia e [&hellip;]<\/p>\n","protected":false},"author":1,"featured_media":0,"parent":0,"menu_order":0,"comment_status":"closed","ping_status":"closed","template":"","meta":{"site-sidebar-layout":"default","site-content-layout":"default","ast-site-content-layout":"default","site-content-style":"default","site-sidebar-style":"default","ast-global-header-display":"","ast-banner-title-visibility":"","ast-main-header-display":"","ast-hfb-above-header-display":"","ast-hfb-below-header-display":"","ast-hfb-mobile-header-display":"","site-post-title":"","ast-breadcrumbs-content":"","ast-featured-img":"","footer-sml-layout":"","ast-disable-related-posts":"","theme-transparent-header-meta":"default","adv-header-id-meta":"","stick-header-meta":"default","header-above-stick-meta":"","header-main-stick-meta":"","header-below-stick-meta":"","astra-migrate-meta-layouts":"default","ast-page-background-enabled":"default","ast-page-background-meta":{"desktop":{"background-color":"","background-image":"","background-repeat":"repeat","background-position":"center center","background-size":"auto","background-attachment":"scroll","background-type":"","background-media":"","overlay-type":"","overlay-color":"","overlay-opacity":"","overlay-gradient":""},"tablet":{"background-color":"","background-image":"","background-repeat":"repeat","background-position":"center center","background-size":"auto","background-attachment":"scroll","background-type":"","background-media":"","overlay-type":"","overlay-color":"","overlay-opacity":"","overlay-gradient":""},"mobile":{"background-color":"","background-image":"","background-repeat":"repeat","background-position":"center center","background-size":"auto","background-attachment":"scroll","background-type":"","background-media":"","overlay-type":"","overlay-color":"","overlay-opacity":"","overlay-gradient":""}},"ast-content-background-meta":{"desktop":{"background-color":"var(--ast-global-color-5)","background-image":"","background-repeat":"repeat","background-position":"center center","background-size":"auto","background-attachment":"scroll","background-type":"","background-media":"","overlay-type":"","overlay-color":"","overlay-opacity":"","overlay-gradient":""},"tablet":{"background-color":"var(--ast-global-color-5)","background-image":"","background-repeat":"repeat","background-position":"center center","background-size":"auto","background-attachment":"scroll","background-type":"","background-media":"","overlay-type":"","overlay-color":"","overlay-opacity":"","overlay-gradient":""},"mobile":{"background-color":"var(--ast-global-color-5)","background-image":"","background-repeat":"repeat","background-position":"center center","background-size":"auto","background-attachment":"scroll","background-type":"","background-media":"","overlay-type":"","overlay-color":"","overlay-opacity":"","overlay-gradient":""}},"footnotes":""},"class_list":["post-2535","page","type-page","status-publish","hentry"],"yoast_head":"<!-- This site is optimized with the Yoast SEO plugin v27.1.1 - https:\/\/yoast.com\/product\/yoast-seo-wordpress\/ -->\n<title>Aplica\u00e7\u00e3o do ETIAS PARA VIAJANTES na Europa<\/title>\n<meta name=\"description\" content=\"A Europa est\u00e1 a trabalhar numa autoriza\u00e7\u00e3o de viagem. Este processo j\u00e1 deixou a sua marca na Austr\u00e1lia, nos EUA e no Canad\u00e1.\" \/>\n<meta name=\"robots\" content=\"index, follow, max-snippet:-1, max-image-preview:large, max-video-preview:-1\" \/>\n<link rel=\"canonical\" href=\"https:\/\/123-esta.com\/pt-pt\/esta-europeu\/\" \/>\n<meta property=\"og:locale\" content=\"pt_PT\" \/>\n<meta property=\"og:type\" content=\"article\" \/>\n<meta property=\"og:title\" content=\"Aplica\u00e7\u00e3o do ETIAS PARA VIAJANTES na Europa\" \/>\n<meta property=\"og:description\" content=\"A Europa est\u00e1 a trabalhar numa autoriza\u00e7\u00e3o de viagem. Este processo j\u00e1 deixou a sua marca na Austr\u00e1lia, nos EUA e no Canad\u00e1.\" \/>\n<meta property=\"og:url\" content=\"https:\/\/123-esta.com\/pt-pt\/esta-europeu\/\" \/>\n<meta property=\"og:site_name\" content=\"Formulaire ESTA pour les USA\" \/>\n<meta property=\"article:modified_time\" content=\"2025-09-19T14:08:45+00:00\" \/>\n<meta name=\"twitter:card\" content=\"summary_large_image\" \/>\n<meta name=\"twitter:label1\" content=\"Tempo estimado de leitura\" \/>\n\t<meta name=\"twitter:data1\" content=\"2 minutos\" \/>\n<script type=\"application\/ld+json\" class=\"yoast-schema-graph\">{\"@context\":\"https:\/\/schema.org\",\"@graph\":[{\"@type\":\"WebPage\",\"@id\":\"https:\/\/123-esta.com\/pt-pt\/esta-europeu\/\",\"url\":\"https:\/\/123-esta.com\/pt-pt\/esta-europeu\/\",\"name\":\"Aplica\u00e7\u00e3o do ETIAS PARA VIAJANTES na Europa\",\"isPartOf\":{\"@id\":\"https:\/\/123-esta.com\/pt-pt\/#website\"},\"datePublished\":\"2022-07-27T19:36:09+00:00\",\"dateModified\":\"2025-09-19T14:08:45+00:00\",\"description\":\"A Europa est\u00e1 a trabalhar numa autoriza\u00e7\u00e3o de viagem. Este processo j\u00e1 deixou a sua marca na Austr\u00e1lia, nos EUA e no Canad\u00e1.\",\"inLanguage\":\"pt-PT\",\"potentialAction\":[{\"@type\":\"ReadAction\",\"target\":[\"https:\/\/123-esta.com\/pt-pt\/esta-europeu\/\"]}]},{\"@type\":\"WebSite\",\"@id\":\"https:\/\/123-esta.com\/pt-pt\/#website\",\"url\":\"https:\/\/123-esta.com\/pt-pt\/\",\"name\":\"Formulaire ESTA pour les USA\",\"description\":\"\",\"publisher\":{\"@id\":\"https:\/\/123-esta.com\/pt-pt\/#organization\"},\"potentialAction\":[{\"@type\":\"SearchAction\",\"target\":{\"@type\":\"EntryPoint\",\"urlTemplate\":\"https:\/\/123-esta.com\/pt-pt\/?s={search_term_string}\"},\"query-input\":{\"@type\":\"PropertyValueSpecification\",\"valueRequired\":true,\"valueName\":\"search_term_string\"}}],\"inLanguage\":\"pt-PT\"},{\"@type\":\"Organization\",\"@id\":\"https:\/\/123-esta.com\/pt-pt\/#organization\",\"name\":\"Formulaire ESTA pour les USA\",\"url\":\"https:\/\/123-esta.com\/pt-pt\/\",\"logo\":{\"@type\":\"ImageObject\",\"inLanguage\":\"pt-PT\",\"@id\":\"https:\/\/123-esta.com\/pt-pt\/#\/schema\/logo\/image\/\",\"url\":\"https:\/\/123-esta.com\/wp-content\/uploads\/2018\/03\/logo-123-esta.png\",\"contentUrl\":\"https:\/\/123-esta.com\/wp-content\/uploads\/2018\/03\/logo-123-esta.png\",\"width\":191,\"height\":54,\"caption\":\"Formulaire ESTA pour les USA\"},\"image\":{\"@id\":\"https:\/\/123-esta.com\/pt-pt\/#\/schema\/logo\/image\/\"}}]}<\/script>\n<!-- \/ Yoast SEO plugin. -->","yoast_head_json":{"title":"Aplica\u00e7\u00e3o do ETIAS PARA VIAJANTES na Europa","description":"A Europa est\u00e1 a trabalhar numa autoriza\u00e7\u00e3o de viagem. Este processo j\u00e1 deixou a sua marca na Austr\u00e1lia, nos EUA e no Canad\u00e1.","robots":{"index":"index","follow":"follow","max-snippet":"max-snippet:-1","max-image-preview":"max-image-preview:large","max-video-preview":"max-video-preview:-1"},"canonical":"https:\/\/123-esta.com\/pt-pt\/esta-europeu\/","og_locale":"pt_PT","og_type":"article","og_title":"Aplica\u00e7\u00e3o do ETIAS PARA VIAJANTES na Europa","og_description":"A Europa est\u00e1 a trabalhar numa autoriza\u00e7\u00e3o de viagem. Este processo j\u00e1 deixou a sua marca na Austr\u00e1lia, nos EUA e no Canad\u00e1.","og_url":"https:\/\/123-esta.com\/pt-pt\/esta-europeu\/","og_site_name":"Formulaire ESTA pour les USA","article_modified_time":"2025-09-19T14:08:45+00:00","twitter_card":"summary_large_image","twitter_misc":{"Tempo estimado de leitura":"2 minutos"},"schema":{"@context":"https:\/\/schema.org","@graph":[{"@type":"WebPage","@id":"https:\/\/123-esta.com\/pt-pt\/esta-europeu\/","url":"https:\/\/123-esta.com\/pt-pt\/esta-europeu\/","name":"Aplica\u00e7\u00e3o do ETIAS PARA VIAJANTES na Europa","isPartOf":{"@id":"https:\/\/123-esta.com\/pt-pt\/#website"},"datePublished":"2022-07-27T19:36:09+00:00","dateModified":"2025-09-19T14:08:45+00:00","description":"A Europa est\u00e1 a trabalhar numa autoriza\u00e7\u00e3o de viagem. Este processo j\u00e1 deixou a sua marca na Austr\u00e1lia, nos EUA e no Canad\u00e1.","inLanguage":"pt-PT","potentialAction":[{"@type":"ReadAction","target":["https:\/\/123-esta.com\/pt-pt\/esta-europeu\/"]}]},{"@type":"WebSite","@id":"https:\/\/123-esta.com\/pt-pt\/#website","url":"https:\/\/123-esta.com\/pt-pt\/","name":"Formulaire ESTA pour les USA","description":"","publisher":{"@id":"https:\/\/123-esta.com\/pt-pt\/#organization"},"potentialAction":[{"@type":"SearchAction","target":{"@type":"EntryPoint","urlTemplate":"https:\/\/123-esta.com\/pt-pt\/?s={search_term_string}"},"query-input":{"@type":"PropertyValueSpecification","valueRequired":true,"valueName":"search_term_string"}}],"inLanguage":"pt-PT"},{"@type":"Organization","@id":"https:\/\/123-esta.com\/pt-pt\/#organization","name":"Formulaire ESTA pour les USA","url":"https:\/\/123-esta.com\/pt-pt\/","logo":{"@type":"ImageObject","inLanguage":"pt-PT","@id":"https:\/\/123-esta.com\/pt-pt\/#\/schema\/logo\/image\/","url":"https:\/\/123-esta.com\/wp-content\/uploads\/2018\/03\/logo-123-esta.png","contentUrl":"https:\/\/123-esta.com\/wp-content\/uploads\/2018\/03\/logo-123-esta.png","width":191,"height":54,"caption":"Formulaire ESTA pour les USA"},"image":{"@id":"https:\/\/123-esta.com\/pt-pt\/#\/schema\/logo\/image\/"}}]}},"_links":{"self":[{"href":"https:\/\/123-esta.com\/pt-pt\/wp-json\/wp\/v2\/pages\/2535","targetHints":{"allow":["GET"]}}],"collection":[{"href":"https:\/\/123-esta.com\/pt-pt\/wp-json\/wp\/v2\/pages"}],"about":[{"href":"https:\/\/123-esta.com\/pt-pt\/wp-json\/wp\/v2\/types\/page"}],"author":[{"embeddable":true,"href":"https:\/\/123-esta.com\/pt-pt\/wp-json\/wp\/v2\/users\/1"}],"replies":[{"embeddable":true,"href":"https:\/\/123-esta.com\/pt-pt\/wp-json\/wp\/v2\/comments?post=2535"}],"version-history":[{"count":0,"href":"https:\/\/123-esta.com\/pt-pt\/wp-json\/wp\/v2\/pages\/2535\/revisions"}],"wp:attachment":[{"href":"https:\/\/123-esta.com\/pt-pt\/wp-json\/wp\/v2\/media?parent=2535"}],"curies":[{"name":"wp","href":"https:\/\/api.w.org\/{rel}","templated":true}]}}