{"id":2526,"date":"2022-07-27T21:36:08","date_gmt":"2022-07-27T19:36:08","guid":{"rendered":"https:\/\/123-esta.com\/termos-e-condicoes\/"},"modified":"2022-09-13T23:43:42","modified_gmt":"2022-09-13T21:43:42","slug":"termos-e-condicoes","status":"publish","type":"page","link":"https:\/\/123-esta.com\/pt-pt\/termos-e-condicoes\/","title":{"rendered":"Termos e Condi\u00e7\u00f5es"},"content":{"rendered":"\n<h2 class=\"wp-block-heading\">Geral &#8211; \u00c2mbito<\/h2>\n\n<p>Dever\u00e1 consultar os Termos e Condi\u00e7\u00f5es (os &#8220;Termos e Condi\u00e7\u00f5es&#8221;) antes de navegar nas p\u00e1ginas do website https:\/\/123-esta.com. Ao aceder e utilizar o website 123-esta.com, reconhece e concorda que est\u00e1 a agir em conformidade com estes Termos e Condi\u00e7\u00f5es.<\/p>\n\n<h2 class=\"wp-block-heading\">Servi\u00e7os ONLINE<\/h2>\n\n<p>https:\/\/123-esta.com \u00e9 um site de informa\u00e7\u00e3o ESTA (Electronic System for Travel Authorization), independente de qualquer administra\u00e7\u00e3o, em particular independente e n\u00e3o ligado \u00e0 administra\u00e7\u00e3o dos EUA. \u00c9 um portal privado de informa\u00e7\u00e3o na Internet cujo \u00fanico objectivo \u00e9 informar os utilizadores da Internet e n\u00e3o oferece quaisquer servi\u00e7os adicionais.<\/p>\n\n<h2 class=\"wp-block-heading\">Limita\u00e7\u00e3o de responsabilidade, exclus\u00e3o de garantia<\/h2>\n\n<p>O website https:\/\/123-esta.com cont\u00e9m algumas hiperliga\u00e7\u00f5es de sa\u00edda para websites de terceiros. N\u00e3o temos qualquer liga\u00e7\u00e3o ou controlo sobre estes sites, e n\u00e3o somos respons\u00e1veis pelas suas pol\u00edticas de privacidade ou pr\u00e1ticas de neg\u00f3cio ou marketing.<\/p>\n\n<h2 class=\"wp-block-heading\">Privacidade<\/h2>\n\n<p>O site https:\/\/123-esta.com n\u00e3o recolhe quaisquer dados sobre os seus utilizadores. O site n\u00e3o oferece quaisquer servi\u00e7os online ou formul\u00e1rios online. O site tamb\u00e9m n\u00e3o utiliza tr\u00e1fego e ferramentas de rastreio de utilizadores para rastrear os utilizadores.<\/p>\n\n<h2 class=\"wp-block-heading\">Aviso legal<\/h2>\n\n<p>123-esta.com \u00e9 representada por uma empresa privada e independente que n\u00e3o est\u00e1 afiliada com as autoridades dos EUA.<\/p>\n\n<h2 class=\"wp-block-heading\">Lei aplic\u00e1vel, local de execu\u00e7\u00e3o<\/h2>\n\n<p>Aplica-se a lei maltesa. Qualquer assunto relacionado com estes termos e condi\u00e7\u00f5es que n\u00e3o seja tratado nas presentes disposi\u00e7\u00f5es contratuais ser\u00e1 regido pela lei maltesa, com exclus\u00e3o de todas as outras leis. Concorda em submeter-se \u00e0 jurisdi\u00e7\u00e3o exclusiva dos tribunais de Malta.<\/p>\n","protected":false},"excerpt":{"rendered":"<p>Geral &#8211; \u00c2mbito Dever\u00e1 consultar os Termos e Condi\u00e7\u00f5es (os &#8220;Termos e Condi\u00e7\u00f5es&#8221;) antes de navegar nas p\u00e1ginas do website https:\/\/123-esta.com. Ao aceder e utilizar o website 123-esta.com, reconhece e concorda que est\u00e1 a agir em conformidade com estes Termos e Condi\u00e7\u00f5es. Servi\u00e7os ONLINE https:\/\/123-esta.com \u00e9 um site de informa\u00e7\u00e3o ESTA (Electronic System for Travel [&hellip;]<\/p>\n","protected":false},"author":1,"featured_media":0,"parent":0,"menu_order":0,"comment_status":"closed","ping_status":"closed","template":"","meta":{"site-sidebar-layout":"default","site-content-layout":"default","ast-site-content-layout":"default","site-content-style":"default","site-sidebar-style":"default","ast-global-header-display":"","ast-banner-title-visibility":"","ast-main-header-display":"","ast-hfb-above-header-display":"","ast-hfb-below-header-display":"","ast-hfb-mobile-header-display":"","site-post-title":"","ast-breadcrumbs-content":"","ast-featured-img":"","footer-sml-layout":"","ast-disable-related-posts":"","theme-transparent-header-meta":"default","adv-header-id-meta":"","stick-header-meta":"default","header-above-stick-meta":"","header-main-stick-meta":"","header-below-stick-meta":"","astra-migrate-meta-layouts":"default","ast-page-background-enabled":"default","ast-page-background-meta":{"desktop":{"background-color":"","background-image":"","background-repeat":"repeat","background-position":"center center","background-size":"auto","background-attachment":"scroll","background-type":"","background-media":"","overlay-type":"","overlay-color":"","overlay-opacity":"","overlay-gradient":""},"tablet":{"background-color":"","background-image":"","background-repeat":"repeat","background-position":"center center","background-size":"auto","background-attachment":"scroll","background-type":"","background-media":"","overlay-type":"","overlay-color":"","overlay-opacity":"","overlay-gradient":""},"mobile":{"background-color":"","background-image":"","background-repeat":"repeat","background-position":"center center","background-size":"auto","background-attachment":"scroll","background-type":"","background-media":"","overlay-type":"","overlay-color":"","overlay-opacity":"","overlay-gradient":""}},"ast-content-background-meta":{"desktop":{"background-color":"var(--ast-global-color-5)","background-image":"","background-repeat":"repeat","background-position":"center center","background-size":"auto","background-attachment":"scroll","background-type":"","background-media":"","overlay-type":"","overlay-color":"","overlay-opacity":"","overlay-gradient":""},"tablet":{"background-color":"var(--ast-global-color-5)","background-image":"","background-repeat":"repeat","background-position":"center center","background-size":"auto","background-attachment":"scroll","background-type":"","background-media":"","overlay-type":"","overlay-color":"","overlay-opacity":"","overlay-gradient":""},"mobile":{"background-color":"var(--ast-global-color-5)","background-image":"","background-repeat":"repeat","background-position":"center center","background-size":"auto","background-attachment":"scroll","background-type":"","background-media":"","overlay-type":"","overlay-color":"","overlay-opacity":"","overlay-gradient":""}},"footnotes":""},"class_list":["post-2526","page","type-page","status-publish","hentry"],"yoast_head":"<!-- This site is optimized with the Yoast SEO plugin v27.1.1 - https:\/\/yoast.com\/product\/yoast-seo-wordpress\/ -->\n<title>Termos e condi\u00e7\u00f5es detalhadas do site<\/title>\n<meta name=\"description\" content=\"Termos e condi\u00e7\u00f5es do website 123-esta.com\" \/>\n<meta name=\"robots\" content=\"index, follow, max-snippet:-1, max-image-preview:large, max-video-preview:-1\" \/>\n<link rel=\"canonical\" href=\"https:\/\/123-esta.com\/pt-pt\/termos-e-condicoes\/\" \/>\n<meta property=\"og:locale\" content=\"pt_PT\" \/>\n<meta property=\"og:type\" content=\"article\" \/>\n<meta property=\"og:title\" content=\"Termos e condi\u00e7\u00f5es detalhadas do site\" \/>\n<meta property=\"og:description\" content=\"Termos e condi\u00e7\u00f5es do website 123-esta.com\" \/>\n<meta property=\"og:url\" content=\"https:\/\/123-esta.com\/pt-pt\/termos-e-condicoes\/\" \/>\n<meta property=\"og:site_name\" content=\"Formulaire ESTA pour les USA\" \/>\n<meta property=\"article:modified_time\" content=\"2022-09-13T21:43:42+00:00\" \/>\n<meta name=\"twitter:card\" content=\"summary_large_image\" \/>\n<meta name=\"twitter:label1\" content=\"Tempo estimado de leitura\" \/>\n\t<meta name=\"twitter:data1\" content=\"1 minuto\" \/>\n<script type=\"application\/ld+json\" class=\"yoast-schema-graph\">{\"@context\":\"https:\/\/schema.org\",\"@graph\":[{\"@type\":\"WebPage\",\"@id\":\"https:\/\/123-esta.com\/pt-pt\/termos-e-condicoes\/\",\"url\":\"https:\/\/123-esta.com\/pt-pt\/termos-e-condicoes\/\",\"name\":\"Termos e condi\u00e7\u00f5es detalhadas do site\",\"isPartOf\":{\"@id\":\"https:\/\/123-esta.com\/pt-pt\/#website\"},\"datePublished\":\"2022-07-27T19:36:08+00:00\",\"dateModified\":\"2022-09-13T21:43:42+00:00\",\"description\":\"Termos e condi\u00e7\u00f5es do website 123-esta.com\",\"inLanguage\":\"pt-PT\",\"potentialAction\":[{\"@type\":\"ReadAction\",\"target\":[\"https:\/\/123-esta.com\/pt-pt\/termos-e-condicoes\/\"]}]},{\"@type\":\"WebSite\",\"@id\":\"https:\/\/123-esta.com\/pt-pt\/#website\",\"url\":\"https:\/\/123-esta.com\/pt-pt\/\",\"name\":\"Formulaire ESTA pour les USA\",\"description\":\"\",\"publisher\":{\"@id\":\"https:\/\/123-esta.com\/pt-pt\/#organization\"},\"potentialAction\":[{\"@type\":\"SearchAction\",\"target\":{\"@type\":\"EntryPoint\",\"urlTemplate\":\"https:\/\/123-esta.com\/pt-pt\/?s={search_term_string}\"},\"query-input\":{\"@type\":\"PropertyValueSpecification\",\"valueRequired\":true,\"valueName\":\"search_term_string\"}}],\"inLanguage\":\"pt-PT\"},{\"@type\":\"Organization\",\"@id\":\"https:\/\/123-esta.com\/pt-pt\/#organization\",\"name\":\"Formulaire ESTA pour les USA\",\"url\":\"https:\/\/123-esta.com\/pt-pt\/\",\"logo\":{\"@type\":\"ImageObject\",\"inLanguage\":\"pt-PT\",\"@id\":\"https:\/\/123-esta.com\/pt-pt\/#\/schema\/logo\/image\/\",\"url\":\"https:\/\/123-esta.com\/wp-content\/uploads\/2018\/03\/logo-123-esta.png\",\"contentUrl\":\"https:\/\/123-esta.com\/wp-content\/uploads\/2018\/03\/logo-123-esta.png\",\"width\":191,\"height\":54,\"caption\":\"Formulaire ESTA pour les USA\"},\"image\":{\"@id\":\"https:\/\/123-esta.com\/pt-pt\/#\/schema\/logo\/image\/\"}}]}<\/script>\n<!-- \/ Yoast SEO plugin. -->","yoast_head_json":{"title":"Termos e condi\u00e7\u00f5es detalhadas do site","description":"Termos e condi\u00e7\u00f5es do website 123-esta.com","robots":{"index":"index","follow":"follow","max-snippet":"max-snippet:-1","max-image-preview":"max-image-preview:large","max-video-preview":"max-video-preview:-1"},"canonical":"https:\/\/123-esta.com\/pt-pt\/termos-e-condicoes\/","og_locale":"pt_PT","og_type":"article","og_title":"Termos e condi\u00e7\u00f5es detalhadas do site","og_description":"Termos e condi\u00e7\u00f5es do website 123-esta.com","og_url":"https:\/\/123-esta.com\/pt-pt\/termos-e-condicoes\/","og_site_name":"Formulaire ESTA pour les USA","article_modified_time":"2022-09-13T21:43:42+00:00","twitter_card":"summary_large_image","twitter_misc":{"Tempo estimado de leitura":"1 minuto"},"schema":{"@context":"https:\/\/schema.org","@graph":[{"@type":"WebPage","@id":"https:\/\/123-esta.com\/pt-pt\/termos-e-condicoes\/","url":"https:\/\/123-esta.com\/pt-pt\/termos-e-condicoes\/","name":"Termos e condi\u00e7\u00f5es detalhadas do site","isPartOf":{"@id":"https:\/\/123-esta.com\/pt-pt\/#website"},"datePublished":"2022-07-27T19:36:08+00:00","dateModified":"2022-09-13T21:43:42+00:00","description":"Termos e condi\u00e7\u00f5es do website 123-esta.com","inLanguage":"pt-PT","potentialAction":[{"@type":"ReadAction","target":["https:\/\/123-esta.com\/pt-pt\/termos-e-condicoes\/"]}]},{"@type":"WebSite","@id":"https:\/\/123-esta.com\/pt-pt\/#website","url":"https:\/\/123-esta.com\/pt-pt\/","name":"Formulaire ESTA pour les USA","description":"","publisher":{"@id":"https:\/\/123-esta.com\/pt-pt\/#organization"},"potentialAction":[{"@type":"SearchAction","target":{"@type":"EntryPoint","urlTemplate":"https:\/\/123-esta.com\/pt-pt\/?s={search_term_string}"},"query-input":{"@type":"PropertyValueSpecification","valueRequired":true,"valueName":"search_term_string"}}],"inLanguage":"pt-PT"},{"@type":"Organization","@id":"https:\/\/123-esta.com\/pt-pt\/#organization","name":"Formulaire ESTA pour les USA","url":"https:\/\/123-esta.com\/pt-pt\/","logo":{"@type":"ImageObject","inLanguage":"pt-PT","@id":"https:\/\/123-esta.com\/pt-pt\/#\/schema\/logo\/image\/","url":"https:\/\/123-esta.com\/wp-content\/uploads\/2018\/03\/logo-123-esta.png","contentUrl":"https:\/\/123-esta.com\/wp-content\/uploads\/2018\/03\/logo-123-esta.png","width":191,"height":54,"caption":"Formulaire ESTA pour les USA"},"image":{"@id":"https:\/\/123-esta.com\/pt-pt\/#\/schema\/logo\/image\/"}}]}},"_links":{"self":[{"href":"https:\/\/123-esta.com\/pt-pt\/wp-json\/wp\/v2\/pages\/2526","targetHints":{"allow":["GET"]}}],"collection":[{"href":"https:\/\/123-esta.com\/pt-pt\/wp-json\/wp\/v2\/pages"}],"about":[{"href":"https:\/\/123-esta.com\/pt-pt\/wp-json\/wp\/v2\/types\/page"}],"author":[{"embeddable":true,"href":"https:\/\/123-esta.com\/pt-pt\/wp-json\/wp\/v2\/users\/1"}],"replies":[{"embeddable":true,"href":"https:\/\/123-esta.com\/pt-pt\/wp-json\/wp\/v2\/comments?post=2526"}],"version-history":[{"count":0,"href":"https:\/\/123-esta.com\/pt-pt\/wp-json\/wp\/v2\/pages\/2526\/revisions"}],"wp:attachment":[{"href":"https:\/\/123-esta.com\/pt-pt\/wp-json\/wp\/v2\/media?parent=2526"}],"curies":[{"name":"wp","href":"https:\/\/api.w.org\/{rel}","templated":true}]}}