{"id":2521,"date":"2022-07-27T21:36:07","date_gmt":"2022-07-27T19:36:07","guid":{"rendered":"https:\/\/123-esta.com\/esta-retorno-ticket-compulsora-aerea-para-os-estados-unidos\/"},"modified":"2022-08-23T22:57:36","modified_gmt":"2022-08-23T20:57:36","slug":"esta-bilhete-voo-de-retorno-obrigatorio-para-os-estados-unidos","status":"publish","type":"page","link":"https:\/\/123-esta.com\/pt-pt\/esta-bilhete-voo-de-retorno-obrigatorio-para-os-estados-unidos\/","title":{"rendered":"ESTA: bilhete de avi\u00e3o obrigat\u00f3rio de regresso aos EUA"},"content":{"rendered":"\n<p>Se desejar viajar para os EUA, deve saber que alguns pa\u00edses permitem que os seus nacionais viajem para os EUA sem visto. Isto n\u00e3o significa que possa permanecer nos EUA sem solicitar uma autoriza\u00e7\u00e3o, mas que existe um substituto para um visto americano que \u00e9 mais r\u00e1pido de obter. Antes de partir para uma viagem tur\u00edstica ou uma estadia lingu\u00edstica, n\u00e3o se esque\u00e7a de se candidatar a um ESTA! Para o obter e voar para Manhattan ou Florida, ter\u00e1 de preencher um formul\u00e1rio de f\u00e1cil acesso na Internet. H\u00e1 crit\u00e9rios que devem ser cumpridos, incluindo a posse de <a href=\"https:\/\/123-esta.com\/pt-pt\/perguntar-esta-antes-comprar-passagens-de-aviao\/\">bilhetes de avi\u00e3o<\/a> (ou barco) que provem que est\u00e1 a viajar por um per\u00edodo m\u00e1ximo de 90 dias. Como sem d\u00favida ter\u00e1 compreendido, um \u00fanico bilhete n\u00e3o satisfar\u00e1 o governo americano, que se recusar\u00e1 a aceit\u00e1-lo: dever\u00e1 ter um bilhete de regresso para qualquer estadia nos Estados Unidos da Am\u00e9rica.<\/p>\n\n<h2 class=\"wp-block-heading\">Um bilhete de ida e volta necess\u00e1rio para a autoriza\u00e7\u00e3o do ESTA, mas n\u00e3o s\u00f3<\/h2>\n\n<p>Para viajar para os EUA \u00e9 frequentemente necess\u00e1rio um visto dos EUA. Contudo, isto n\u00e3o \u00e9 um requisito universal, gra\u00e7as, por exemplo, ao Programa de Isen\u00e7\u00e3o de Vistos (VWP) criado pelas autoridades dos EUA. Este sistema simplifica o processo para cidad\u00e3os de 40 pa\u00edses que apenas precisam de preencher um formul\u00e1rio ESTA para entrar nos EUA. Aten\u00e7\u00e3o: a <a href=\"https:\/\/123-esta.com\/pt-pt\/tudo-sobre-a-aplicacao-esta\/\">aplica\u00e7\u00e3o em linha<\/a> \u00e9 simples mas n\u00e3o resulta necessariamente numa resposta positiva do governo.<\/p>\n\n<p>V\u00e1rias condi\u00e7\u00f5es cumulativas devem ser satisfeitas:<\/p>\n\n<ul class=\"wp-block-list\"><li>Objectivo da viagem para os EUA: turismo, tr\u00e2nsito ou neg\u00f3cios<\/li><li>Dura\u00e7\u00e3o da viagem: m\u00e1ximo 90 dias consecutivos<\/li><li>Ter um passaporte biom\u00e9trico ou electr\u00f3nico v\u00e1lido para toda a estadia (caso contr\u00e1rio, solicitar um novo passaporte)<\/li><li>Ter um bilhete de ida e volta, provando que n\u00e3o vai ficar nos EUA por mais de 90 dias.<\/li><\/ul>\n\n<p>Se planeia iniciar um neg\u00f3cio, arranjar um emprego, estudar durante um semestre ou imigrar, \u00e9 melhor n\u00e3o perder tempo a candidatar-se ao ESTA. N\u00e3o se pode embarcar e alcan\u00e7ar este tipo de objectivo sem um <a href=\"https:\/\/123-esta.com\/pt-pt\/visto-de-turista-dos-estados-unidos\/\">visto tur\u00edstico B2<\/a>. Saiba mais sobre a carta verde, por exemplo.<\/p>\n\n<p>Se, por outro lado, cumprir as condi\u00e7\u00f5es acima mencionadas, pode agora preencher o formul\u00e1rio online com o seu passaporte franc\u00eas. A resposta do governo dos EUA \u00e9 dada dentro de 72 horas, mas este prazo \u00e9 normalmente muito mais curto. Mesmo que seja poss\u00edvel partir para os EUA no \u00faltimo momento gra\u00e7as a esta reactividade, aconselhamo-lo a antecipar o procedimento. De facto, o seu ficheiro pode ser puxado ao acaso pelas autoridades para uma verifica\u00e7\u00e3o de rotina e <a href=\"https:\/\/123-esta.com\/pt-pt\/o-que-fazer-se-a-aplicacao-esta-pendente\/\">colocado em espera<\/a> (o ESTA \u00e9 emitido atrav\u00e9s de sistemas electr\u00f3nicos que n\u00e3o s\u00e3o infal\u00edveis).<\/p>\n\n<h2 class=\"wp-block-heading\">Com o seu bilhete de regresso e passaporte v\u00e1lido em m\u00e3os, o ESTA \u00e9 quase seu!<\/h2>\n\n<p>A probabilidade de um pedido ESTA ser recusado \u00e9 m\u00ednima, quase nula. Para al\u00e9m de n\u00e3o satisfazerem os crit\u00e9rios acima referidos, algumas respostas dadas no question\u00e1rio em linha resultam numa rejei\u00e7\u00e3o de viajar para os EUA, por exemplo, se a seguran\u00e7a interna for considerada em risco.<\/p>\n\n<p>Se n\u00e3o estiver a planear organizar um ataque em Nova Iorque ou se n\u00e3o for cidad\u00e3o de um dos pa\u00edses afectados por uma proibi\u00e7\u00e3o, pode faz\u00ea-lo com relativa facilidade atrav\u00e9s do preenchimento do formul\u00e1rio no website do governo ou num website privado. Uma expatria\u00e7\u00e3o de curto prazo para visitar o Grand Canyon ou as praias de Miami n\u00e3o \u00e9 geralmente um problema.<\/p>\n\n<p>Portanto, n\u00e3o espere mais para comprar os seus bilhetes de regresso e pedir autoriza\u00e7\u00e3o. Verifique cuidadosamente as suas informa\u00e7\u00f5es (apelido, n\u00famero de passaporte, nome de solteira, etc.); qualquer erro exigir\u00e1 um novo pedido (apenas os endere\u00e7os de correio electr\u00f3nico e de destino final nos EUA podem ser alterados ap\u00f3s a encomenda do ESTA ter sido submetida).<br\/>N\u00e3o hesite em ir ao consulado ou embaixada dos EUA para obter mais informa\u00e7\u00f5es (empresas e companhias a\u00e9reas a utilizar, expira\u00e7\u00e3o do passaporte electr\u00f3nico, sa\u00edda do territ\u00f3rio dos EUA durante uma estadia com o ESTA&#8230;).<\/p>\n\n<p>Desfrute da sua viagem a Nova Iorque ou ao Oeste americano!<\/p>\n","protected":false},"excerpt":{"rendered":"<p>Se desejar viajar para os EUA, deve saber que alguns pa\u00edses permitem que os seus nacionais viajem para os EUA sem visto. Isto n\u00e3o significa que possa permanecer nos EUA sem solicitar uma autoriza\u00e7\u00e3o, mas que existe um substituto para um visto americano que \u00e9 mais r\u00e1pido de obter. Antes de partir para uma viagem [&hellip;]<\/p>\n","protected":false},"author":1,"featured_media":0,"parent":0,"menu_order":0,"comment_status":"closed","ping_status":"closed","template":"","meta":{"site-sidebar-layout":"default","site-content-layout":"default","ast-site-content-layout":"default","site-content-style":"default","site-sidebar-style":"default","ast-global-header-display":"","ast-banner-title-visibility":"","ast-main-header-display":"","ast-hfb-above-header-display":"","ast-hfb-below-header-display":"","ast-hfb-mobile-header-display":"","site-post-title":"","ast-breadcrumbs-content":"","ast-featured-img":"","footer-sml-layout":"","ast-disable-related-posts":"","theme-transparent-header-meta":"default","adv-header-id-meta":"","stick-header-meta":"default","header-above-stick-meta":"","header-main-stick-meta":"","header-below-stick-meta":"","astra-migrate-meta-layouts":"default","ast-page-background-enabled":"default","ast-page-background-meta":{"desktop":{"background-color":"","background-image":"","background-repeat":"repeat","background-position":"center center","background-size":"auto","background-attachment":"scroll","background-type":"","background-media":"","overlay-type":"","overlay-color":"","overlay-opacity":"","overlay-gradient":""},"tablet":{"background-color":"","background-image":"","background-repeat":"repeat","background-position":"center center","background-size":"auto","background-attachment":"scroll","background-type":"","background-media":"","overlay-type":"","overlay-color":"","overlay-opacity":"","overlay-gradient":""},"mobile":{"background-color":"","background-image":"","background-repeat":"repeat","background-position":"center center","background-size":"auto","background-attachment":"scroll","background-type":"","background-media":"","overlay-type":"","overlay-color":"","overlay-opacity":"","overlay-gradient":""}},"ast-content-background-meta":{"desktop":{"background-color":"var(--ast-global-color-5)","background-image":"","background-repeat":"repeat","background-position":"center center","background-size":"auto","background-attachment":"scroll","background-type":"","background-media":"","overlay-type":"","overlay-color":"","overlay-opacity":"","overlay-gradient":""},"tablet":{"background-color":"var(--ast-global-color-5)","background-image":"","background-repeat":"repeat","background-position":"center center","background-size":"auto","background-attachment":"scroll","background-type":"","background-media":"","overlay-type":"","overlay-color":"","overlay-opacity":"","overlay-gradient":""},"mobile":{"background-color":"var(--ast-global-color-5)","background-image":"","background-repeat":"repeat","background-position":"center center","background-size":"auto","background-attachment":"scroll","background-type":"","background-media":"","overlay-type":"","overlay-color":"","overlay-opacity":"","overlay-gradient":""}},"footnotes":""},"class_list":["post-2521","page","type-page","status-publish","hentry"],"yoast_head":"<!-- This site is optimized with the Yoast SEO plugin v27.1.1 - https:\/\/yoast.com\/product\/yoast-seo-wordpress\/ -->\n<title>ESTA: bilhete de avi\u00e3o obrigat\u00f3rio de regresso aos EUA<\/title>\n<meta name=\"description\" content=\"O ESTA permite estadias curtas nos EUA. Para garantir uma estadia de at\u00e9 90 dias, \u00e9 necess\u00e1rio apresentar um bilhete de regresso.\" \/>\n<meta name=\"robots\" content=\"index, follow, max-snippet:-1, max-image-preview:large, max-video-preview:-1\" \/>\n<link rel=\"canonical\" href=\"https:\/\/123-esta.com\/pt-pt\/esta-bilhete-voo-de-retorno-obrigatorio-para-os-estados-unidos\/\" \/>\n<meta property=\"og:locale\" content=\"pt_PT\" \/>\n<meta property=\"og:type\" content=\"article\" \/>\n<meta property=\"og:title\" content=\"ESTA: bilhete de avi\u00e3o obrigat\u00f3rio de regresso aos EUA\" \/>\n<meta property=\"og:description\" content=\"O ESTA permite estadias curtas nos EUA. Para garantir uma estadia de at\u00e9 90 dias, \u00e9 necess\u00e1rio apresentar um bilhete de regresso.\" \/>\n<meta property=\"og:url\" content=\"https:\/\/123-esta.com\/pt-pt\/esta-bilhete-voo-de-retorno-obrigatorio-para-os-estados-unidos\/\" \/>\n<meta property=\"og:site_name\" content=\"Formulaire ESTA pour les USA\" \/>\n<meta property=\"article:modified_time\" content=\"2022-08-23T20:57:36+00:00\" \/>\n<meta name=\"twitter:card\" content=\"summary_large_image\" \/>\n<meta name=\"twitter:label1\" content=\"Tempo estimado de leitura\" \/>\n\t<meta name=\"twitter:data1\" content=\"4 minutos\" \/>\n<script type=\"application\/ld+json\" class=\"yoast-schema-graph\">{\"@context\":\"https:\/\/schema.org\",\"@graph\":[{\"@type\":\"WebPage\",\"@id\":\"https:\/\/123-esta.com\/pt-pt\/esta-bilhete-voo-de-retorno-obrigatorio-para-os-estados-unidos\/\",\"url\":\"https:\/\/123-esta.com\/pt-pt\/esta-bilhete-voo-de-retorno-obrigatorio-para-os-estados-unidos\/\",\"name\":\"ESTA: bilhete de avi\u00e3o obrigat\u00f3rio de regresso aos EUA\",\"isPartOf\":{\"@id\":\"https:\/\/123-esta.com\/pt-pt\/#website\"},\"datePublished\":\"2022-07-27T19:36:07+00:00\",\"dateModified\":\"2022-08-23T20:57:36+00:00\",\"description\":\"O ESTA permite estadias curtas nos EUA. Para garantir uma estadia de at\u00e9 90 dias, \u00e9 necess\u00e1rio apresentar um bilhete de regresso.\",\"inLanguage\":\"pt-PT\",\"potentialAction\":[{\"@type\":\"ReadAction\",\"target\":[\"https:\/\/123-esta.com\/pt-pt\/esta-bilhete-voo-de-retorno-obrigatorio-para-os-estados-unidos\/\"]}]},{\"@type\":\"WebSite\",\"@id\":\"https:\/\/123-esta.com\/pt-pt\/#website\",\"url\":\"https:\/\/123-esta.com\/pt-pt\/\",\"name\":\"Formulaire ESTA pour les USA\",\"description\":\"\",\"publisher\":{\"@id\":\"https:\/\/123-esta.com\/pt-pt\/#organization\"},\"potentialAction\":[{\"@type\":\"SearchAction\",\"target\":{\"@type\":\"EntryPoint\",\"urlTemplate\":\"https:\/\/123-esta.com\/pt-pt\/?s={search_term_string}\"},\"query-input\":{\"@type\":\"PropertyValueSpecification\",\"valueRequired\":true,\"valueName\":\"search_term_string\"}}],\"inLanguage\":\"pt-PT\"},{\"@type\":\"Organization\",\"@id\":\"https:\/\/123-esta.com\/pt-pt\/#organization\",\"name\":\"Formulaire ESTA pour les USA\",\"url\":\"https:\/\/123-esta.com\/pt-pt\/\",\"logo\":{\"@type\":\"ImageObject\",\"inLanguage\":\"pt-PT\",\"@id\":\"https:\/\/123-esta.com\/pt-pt\/#\/schema\/logo\/image\/\",\"url\":\"https:\/\/123-esta.com\/wp-content\/uploads\/2018\/03\/logo-123-esta.png\",\"contentUrl\":\"https:\/\/123-esta.com\/wp-content\/uploads\/2018\/03\/logo-123-esta.png\",\"width\":191,\"height\":54,\"caption\":\"Formulaire ESTA pour les USA\"},\"image\":{\"@id\":\"https:\/\/123-esta.com\/pt-pt\/#\/schema\/logo\/image\/\"}}]}<\/script>\n<!-- \/ Yoast SEO plugin. -->","yoast_head_json":{"title":"ESTA: bilhete de avi\u00e3o obrigat\u00f3rio de regresso aos EUA","description":"O ESTA permite estadias curtas nos EUA. Para garantir uma estadia de at\u00e9 90 dias, \u00e9 necess\u00e1rio apresentar um bilhete de regresso.","robots":{"index":"index","follow":"follow","max-snippet":"max-snippet:-1","max-image-preview":"max-image-preview:large","max-video-preview":"max-video-preview:-1"},"canonical":"https:\/\/123-esta.com\/pt-pt\/esta-bilhete-voo-de-retorno-obrigatorio-para-os-estados-unidos\/","og_locale":"pt_PT","og_type":"article","og_title":"ESTA: bilhete de avi\u00e3o obrigat\u00f3rio de regresso aos EUA","og_description":"O ESTA permite estadias curtas nos EUA. Para garantir uma estadia de at\u00e9 90 dias, \u00e9 necess\u00e1rio apresentar um bilhete de regresso.","og_url":"https:\/\/123-esta.com\/pt-pt\/esta-bilhete-voo-de-retorno-obrigatorio-para-os-estados-unidos\/","og_site_name":"Formulaire ESTA pour les USA","article_modified_time":"2022-08-23T20:57:36+00:00","twitter_card":"summary_large_image","twitter_misc":{"Tempo estimado de leitura":"4 minutos"},"schema":{"@context":"https:\/\/schema.org","@graph":[{"@type":"WebPage","@id":"https:\/\/123-esta.com\/pt-pt\/esta-bilhete-voo-de-retorno-obrigatorio-para-os-estados-unidos\/","url":"https:\/\/123-esta.com\/pt-pt\/esta-bilhete-voo-de-retorno-obrigatorio-para-os-estados-unidos\/","name":"ESTA: bilhete de avi\u00e3o obrigat\u00f3rio de regresso aos EUA","isPartOf":{"@id":"https:\/\/123-esta.com\/pt-pt\/#website"},"datePublished":"2022-07-27T19:36:07+00:00","dateModified":"2022-08-23T20:57:36+00:00","description":"O ESTA permite estadias curtas nos EUA. Para garantir uma estadia de at\u00e9 90 dias, \u00e9 necess\u00e1rio apresentar um bilhete de regresso.","inLanguage":"pt-PT","potentialAction":[{"@type":"ReadAction","target":["https:\/\/123-esta.com\/pt-pt\/esta-bilhete-voo-de-retorno-obrigatorio-para-os-estados-unidos\/"]}]},{"@type":"WebSite","@id":"https:\/\/123-esta.com\/pt-pt\/#website","url":"https:\/\/123-esta.com\/pt-pt\/","name":"Formulaire ESTA pour les USA","description":"","publisher":{"@id":"https:\/\/123-esta.com\/pt-pt\/#organization"},"potentialAction":[{"@type":"SearchAction","target":{"@type":"EntryPoint","urlTemplate":"https:\/\/123-esta.com\/pt-pt\/?s={search_term_string}"},"query-input":{"@type":"PropertyValueSpecification","valueRequired":true,"valueName":"search_term_string"}}],"inLanguage":"pt-PT"},{"@type":"Organization","@id":"https:\/\/123-esta.com\/pt-pt\/#organization","name":"Formulaire ESTA pour les USA","url":"https:\/\/123-esta.com\/pt-pt\/","logo":{"@type":"ImageObject","inLanguage":"pt-PT","@id":"https:\/\/123-esta.com\/pt-pt\/#\/schema\/logo\/image\/","url":"https:\/\/123-esta.com\/wp-content\/uploads\/2018\/03\/logo-123-esta.png","contentUrl":"https:\/\/123-esta.com\/wp-content\/uploads\/2018\/03\/logo-123-esta.png","width":191,"height":54,"caption":"Formulaire ESTA pour les USA"},"image":{"@id":"https:\/\/123-esta.com\/pt-pt\/#\/schema\/logo\/image\/"}}]}},"_links":{"self":[{"href":"https:\/\/123-esta.com\/pt-pt\/wp-json\/wp\/v2\/pages\/2521","targetHints":{"allow":["GET"]}}],"collection":[{"href":"https:\/\/123-esta.com\/pt-pt\/wp-json\/wp\/v2\/pages"}],"about":[{"href":"https:\/\/123-esta.com\/pt-pt\/wp-json\/wp\/v2\/types\/page"}],"author":[{"embeddable":true,"href":"https:\/\/123-esta.com\/pt-pt\/wp-json\/wp\/v2\/users\/1"}],"replies":[{"embeddable":true,"href":"https:\/\/123-esta.com\/pt-pt\/wp-json\/wp\/v2\/comments?post=2521"}],"version-history":[{"count":0,"href":"https:\/\/123-esta.com\/pt-pt\/wp-json\/wp\/v2\/pages\/2521\/revisions"}],"wp:attachment":[{"href":"https:\/\/123-esta.com\/pt-pt\/wp-json\/wp\/v2\/media?parent=2521"}],"curies":[{"name":"wp","href":"https:\/\/api.w.org\/{rel}","templated":true}]}}