{"id":2515,"date":"2022-07-27T21:35:29","date_gmt":"2022-07-27T19:35:29","guid":{"rendered":"https:\/\/123-esta.com\/pais-visa-um-programa-de-renuncia\/"},"modified":"2022-09-19T17:20:04","modified_gmt":"2022-09-19T15:20:04","slug":"lista-de-paises-visa-waiver-program","status":"publish","type":"page","link":"https:\/\/123-esta.com\/pt-pt\/lista-de-paises-visa-waiver-program\/","title":{"rendered":"Pa\u00edses do Programa de Isen\u00e7\u00e3o de Vistos"},"content":{"rendered":"\n<p>Quando permanecem nos Estados Unidos por at\u00e9 90 dias consecutivos, os viajantes podem entrar nos Estados Unidos sem visto.<\/p>\n\n<p>Com efeito, ter\u00e3o simplesmente de solicitar uma isen\u00e7\u00e3o de visto (ESTA, que lhes permitir\u00e1 entrar legalmente nos Estados Unidos), atrav\u00e9s de um formul\u00e1rio online.<br\/>Contudo, este programa s\u00f3 \u00e9 eficaz em certos pa\u00edses em parceria com os EUA e s\u00f3 est\u00e1 aberto a viajantes que cumpram os crit\u00e9rios estabelecidos pelo Departamento de Seguran\u00e7a Interna dos EUA. Voltaremos ao Programa de Isen\u00e7\u00e3o de Vistos aqui, mas para perguntas mais espec\u00edficas, consulte as nossas <a href=\"https:\/\/123-esta.com\/pt-pt\/faq-esta\/\">FAQ<\/a> dedicadas ao <a href=\"https:\/\/123-esta.com\/pt-pt\/faq-esta\/\">ESTA<\/a>.<\/p>\n\n<h2 class=\"wp-block-heading\">Pa\u00edses membros do Programa de Isen\u00e7\u00e3o de Vistos (ESTA)<\/h2>\n\n<p>Criado em 12 de Janeiro de 2009, o Programa de Isen\u00e7\u00e3o de Vistos ter\u00e1 um total de 40 pa\u00edses membros at\u00e9 ao final de 2021. Os seus nacionais s\u00e3o assim potencialmente eleg\u00edveis para se candidatarem ao ESTA. A lista de pa\u00edses \u00e9 apresentada por ordem alfab\u00e9tica:<\/p>\n\n<ul class=\"wp-block-list\"><li>Alemanha, Andorra, Austr\u00e1lia, \u00c1ustria<\/li><li>B\u00e9lgica, Brunei<\/li><li>Chile, Coreia do Sul, Cro\u00e1cia<\/li><li>Dinamarca<\/li><li>Espanha, Est\u00f3nia<\/li><li>Finl\u00e2ndia, Fran\u00e7a<\/li><li>Gr\u00e9cia<\/li><li>Hungria<\/li><li>Isl\u00e2ndia, Irlanda, It\u00e1lia<\/li><li>Jap\u00e3o<\/li><li>Let\u00f3nia, Liechtenstein, Litu\u00e2nia, Luxemburgo<\/li><li>Malta, M\u00f3naco<\/li><li>Nova Zel\u00e2ndia, Noruega<\/li><li>Pa\u00edses Baixos, Portugal, Pol\u00f3nia<\/li><li>Rep\u00fablica Checa, Reino Unido<\/li><li>S\u00e3o Marino, Singapura, Eslov\u00e1quia, Eslov\u00e9nia, Su\u00e9cia, Su\u00ed\u00e7a<\/li><li>Taiwan<\/li><\/ul>\n\n<h2 class=\"wp-block-heading\">Condi\u00e7\u00f5es a preencher para beneficiar da isen\u00e7\u00e3o de visto dos EUA<\/h2>\n\n<p>Para beneficiar do Programa de Isen\u00e7\u00e3o de Vistos, o viajante deve ser um nacional de um dos pa\u00edses acima mencionados. Os cidad\u00e3os duplos devem viajar com o passaporte do pa\u00eds isento. Os cidad\u00e3os duplos do Iraque, Ir\u00e3o, S\u00edria e Sud\u00e3o s\u00e3o automaticamente exclu\u00eddos do ESTA.<\/p>\n\n<p>No entanto, a cidadania do viajante n\u00e3o \u00e9 a \u00fanica condi\u00e7\u00e3o para se candidatar a um ESTA. \u00c9 tamb\u00e9m essencial estar na posse de um passaporte v\u00e1lido com um chip incorporado, ou seja, um passaporte electr\u00f3nico ou biom\u00e9trico compat\u00edvel com os sistemas electr\u00f3nicos do governo dos EUA. O n\u00famero do passaporte \u00e9 tamb\u00e9m um elemento de informa\u00e7\u00e3o que deve ser fornecido no momento do pedido de autoriza\u00e7\u00e3o, permitindo \u00e0s autoridades americanas verificar previamente a sua identidade.<\/p>\n\n<p>A dura\u00e7\u00e3o da estadia nos Estados Unidos tamb\u00e9m n\u00e3o deve exceder 90 dias, e deve fazer parte de uma viagem tur\u00edstica ou profissional (visita aos EUA, estudo de l\u00ednguas, participa\u00e7\u00e3o em confer\u00eancias, etc.). \u00c9 tamb\u00e9m necess\u00e1rio para o tr\u00e2nsito.<\/p>\n\n<p>O requerente deve viajar para os EUA por via a\u00e9rea ou mar\u00edtima com uma empresa aprovada pelo governo dos EUA.<\/p>\n\n<h2 class=\"wp-block-heading\">Taxas e prazos do ESTA<\/h2>\n\n<p>O pedido de isen\u00e7\u00e3o de visto \u00e9 feito na Internet. O viajante deve pagar a taxa ESTA de $21 (nova taxa desde 2022) em impostos americanos para finalizar o pedido online. \u00c9 aconselh\u00e1vel preencher o formul\u00e1rio ESTA antes do embarque, de prefer\u00eancia o mais cedo poss\u00edvel e o mais tardar 3 dias antes da partida.<\/p>\n\n<p>Uma resposta ser\u00e1 dada pelas autoridades dos EUA dentro de um prazo m\u00e1ximo de 72 horas. Portanto, se o estatuto ESTA estiver pendente, n\u00e3o h\u00e1 nada de errado com isso: as alf\u00e2ndegas dos EUA efectuam regularmente controlos aleat\u00f3rios.<\/p>\n\n<h2 class=\"wp-block-heading\">Poss\u00edveis motivos de recusa da autoriza\u00e7\u00e3o do ESTA<\/h2>\n\n<p>A autoriza\u00e7\u00e3o ESTA ser\u00e1 geralmente <a href=\"https:\/\/123-esta.com\/pt-pt\/razoes-para-um-esta-recusado\/\">negada<\/a> a pessoas numa das seguintes situa\u00e7\u00f5es:<\/p>\n\n<ul class=\"wp-block-list\"><li>t\u00eam antecedentes criminais, mesmo que sejam absolvidos ou tenham clem\u00eancia;<\/li><li>estar a sofrer de uma doen\u00e7a grave ou contagiosa;<\/li><li>foram recusadas a admiss\u00e3o no passado ou ultrapassaram o per\u00edodo de estadia numa viagem anterior aos EUA;<\/li><li>tendo cometido uma infrac\u00e7\u00e3o de tr\u00e2nsito nos EUA;<\/li><li>ter um passaporte cuja validade expira durante a viagem (ter\u00e1 de ser emitido um novo passaporte);<\/li><li>mudaram o seu estatuto enquanto estiveram nos EUA (por exemplo, de turista para trabalhador migrante);<\/li><li>t\u00eam viajado para o Ir\u00e3o, Iraque, L\u00edbia, Som\u00e1lia, S\u00edria, Sud\u00e3o ou I\u00e9men desde 1 de Mar\u00e7o de 2011.<\/li><\/ul>\n\n<p>O programa de isen\u00e7\u00e3o de vistos dos EUA est\u00e1, portanto, aberto a todos os viajantes que n\u00e3o possuam nenhuma destas caracter\u00edsticas e as recusas s\u00e3o raras. Mas se n\u00e3o, e para ter esperan\u00e7a de entrar no pa\u00eds, a alternativa \u00e9 pedir um visto. Os cidad\u00e3os da UE podem contactar o consulado ou a embaixada dos EUA no seu pa\u00eds de origem. O Consulado dos EUA \u00e9 a \u00fanica entidade que pode emitir um visto dos EUA no estrangeiro.<\/p>\n","protected":false},"excerpt":{"rendered":"<p>Quando permanecem nos Estados Unidos por at\u00e9 90 dias consecutivos, os viajantes podem entrar nos Estados Unidos sem visto. Com efeito, ter\u00e3o simplesmente de solicitar uma isen\u00e7\u00e3o de visto (ESTA, que lhes permitir\u00e1 entrar legalmente nos Estados Unidos), atrav\u00e9s de um formul\u00e1rio online.Contudo, este programa s\u00f3 \u00e9 eficaz em certos pa\u00edses em parceria com os [&hellip;]<\/p>\n","protected":false},"author":1,"featured_media":0,"parent":0,"menu_order":0,"comment_status":"closed","ping_status":"closed","template":"","meta":{"site-sidebar-layout":"default","site-content-layout":"default","ast-site-content-layout":"default","site-content-style":"default","site-sidebar-style":"default","ast-global-header-display":"","ast-banner-title-visibility":"","ast-main-header-display":"","ast-hfb-above-header-display":"","ast-hfb-below-header-display":"","ast-hfb-mobile-header-display":"","site-post-title":"","ast-breadcrumbs-content":"","ast-featured-img":"","footer-sml-layout":"","ast-disable-related-posts":"","theme-transparent-header-meta":"default","adv-header-id-meta":"","stick-header-meta":"default","header-above-stick-meta":"","header-main-stick-meta":"","header-below-stick-meta":"","astra-migrate-meta-layouts":"default","ast-page-background-enabled":"default","ast-page-background-meta":{"desktop":{"background-color":"","background-image":"","background-repeat":"repeat","background-position":"center center","background-size":"auto","background-attachment":"scroll","background-type":"","background-media":"","overlay-type":"","overlay-color":"","overlay-opacity":"","overlay-gradient":""},"tablet":{"background-color":"","background-image":"","background-repeat":"repeat","background-position":"center center","background-size":"auto","background-attachment":"scroll","background-type":"","background-media":"","overlay-type":"","overlay-color":"","overlay-opacity":"","overlay-gradient":""},"mobile":{"background-color":"","background-image":"","background-repeat":"repeat","background-position":"center center","background-size":"auto","background-attachment":"scroll","background-type":"","background-media":"","overlay-type":"","overlay-color":"","overlay-opacity":"","overlay-gradient":""}},"ast-content-background-meta":{"desktop":{"background-color":"var(--ast-global-color-5)","background-image":"","background-repeat":"repeat","background-position":"center center","background-size":"auto","background-attachment":"scroll","background-type":"","background-media":"","overlay-type":"","overlay-color":"","overlay-opacity":"","overlay-gradient":""},"tablet":{"background-color":"var(--ast-global-color-5)","background-image":"","background-repeat":"repeat","background-position":"center center","background-size":"auto","background-attachment":"scroll","background-type":"","background-media":"","overlay-type":"","overlay-color":"","overlay-opacity":"","overlay-gradient":""},"mobile":{"background-color":"var(--ast-global-color-5)","background-image":"","background-repeat":"repeat","background-position":"center center","background-size":"auto","background-attachment":"scroll","background-type":"","background-media":"","overlay-type":"","overlay-color":"","overlay-opacity":"","overlay-gradient":""}},"footnotes":""},"class_list":["post-2515","page","type-page","status-publish","hentry"],"yoast_head":"<!-- This site is optimized with the Yoast SEO plugin v27.1.1 - https:\/\/yoast.com\/product\/yoast-seo-wordpress\/ -->\n<title>Pa\u00edses do Programa de Isen\u00e7\u00e3o de Vistos<\/title>\n<meta name=\"description\" content=\"Lista de pa\u00edses membros do Programa de Isen\u00e7\u00e3o de Vistos e requisitos do ESTA. Toda a informa\u00e7\u00e3o de que necessita para obter o ESTA sem problemas\" \/>\n<meta name=\"robots\" content=\"index, follow, max-snippet:-1, max-image-preview:large, max-video-preview:-1\" \/>\n<link rel=\"canonical\" href=\"https:\/\/123-esta.com\/pt-pt\/lista-de-paises-visa-waiver-program\/\" \/>\n<meta property=\"og:locale\" content=\"pt_PT\" \/>\n<meta property=\"og:type\" content=\"article\" \/>\n<meta property=\"og:title\" content=\"Pa\u00edses do Programa de Isen\u00e7\u00e3o de Vistos\" \/>\n<meta property=\"og:description\" content=\"Lista de pa\u00edses membros do Programa de Isen\u00e7\u00e3o de Vistos e requisitos do ESTA. Toda a informa\u00e7\u00e3o de que necessita para obter o ESTA sem problemas\" \/>\n<meta property=\"og:url\" content=\"https:\/\/123-esta.com\/pt-pt\/lista-de-paises-visa-waiver-program\/\" \/>\n<meta property=\"og:site_name\" content=\"Formulaire ESTA pour les USA\" \/>\n<meta property=\"article:modified_time\" content=\"2022-09-19T15:20:04+00:00\" \/>\n<meta name=\"twitter:card\" content=\"summary_large_image\" \/>\n<meta name=\"twitter:label1\" content=\"Tempo estimado de leitura\" \/>\n\t<meta name=\"twitter:data1\" content=\"4 minutos\" \/>\n<script type=\"application\/ld+json\" class=\"yoast-schema-graph\">{\"@context\":\"https:\/\/schema.org\",\"@graph\":[{\"@type\":\"WebPage\",\"@id\":\"https:\/\/123-esta.com\/pt-pt\/lista-de-paises-visa-waiver-program\/\",\"url\":\"https:\/\/123-esta.com\/pt-pt\/lista-de-paises-visa-waiver-program\/\",\"name\":\"Pa\u00edses do Programa de Isen\u00e7\u00e3o de Vistos\",\"isPartOf\":{\"@id\":\"https:\/\/123-esta.com\/pt-pt\/#website\"},\"datePublished\":\"2022-07-27T19:35:29+00:00\",\"dateModified\":\"2022-09-19T15:20:04+00:00\",\"description\":\"Lista de pa\u00edses membros do Programa de Isen\u00e7\u00e3o de Vistos e requisitos do ESTA. Toda a informa\u00e7\u00e3o de que necessita para obter o ESTA sem problemas\",\"inLanguage\":\"pt-PT\",\"potentialAction\":[{\"@type\":\"ReadAction\",\"target\":[\"https:\/\/123-esta.com\/pt-pt\/lista-de-paises-visa-waiver-program\/\"]}]},{\"@type\":\"WebSite\",\"@id\":\"https:\/\/123-esta.com\/pt-pt\/#website\",\"url\":\"https:\/\/123-esta.com\/pt-pt\/\",\"name\":\"Formulaire ESTA pour les USA\",\"description\":\"\",\"publisher\":{\"@id\":\"https:\/\/123-esta.com\/pt-pt\/#organization\"},\"potentialAction\":[{\"@type\":\"SearchAction\",\"target\":{\"@type\":\"EntryPoint\",\"urlTemplate\":\"https:\/\/123-esta.com\/pt-pt\/?s={search_term_string}\"},\"query-input\":{\"@type\":\"PropertyValueSpecification\",\"valueRequired\":true,\"valueName\":\"search_term_string\"}}],\"inLanguage\":\"pt-PT\"},{\"@type\":\"Organization\",\"@id\":\"https:\/\/123-esta.com\/pt-pt\/#organization\",\"name\":\"Formulaire ESTA pour les USA\",\"url\":\"https:\/\/123-esta.com\/pt-pt\/\",\"logo\":{\"@type\":\"ImageObject\",\"inLanguage\":\"pt-PT\",\"@id\":\"https:\/\/123-esta.com\/pt-pt\/#\/schema\/logo\/image\/\",\"url\":\"https:\/\/123-esta.com\/wp-content\/uploads\/2018\/03\/logo-123-esta.png\",\"contentUrl\":\"https:\/\/123-esta.com\/wp-content\/uploads\/2018\/03\/logo-123-esta.png\",\"width\":191,\"height\":54,\"caption\":\"Formulaire ESTA pour les USA\"},\"image\":{\"@id\":\"https:\/\/123-esta.com\/pt-pt\/#\/schema\/logo\/image\/\"}}]}<\/script>\n<!-- \/ Yoast SEO plugin. -->","yoast_head_json":{"title":"Pa\u00edses do Programa de Isen\u00e7\u00e3o de Vistos","description":"Lista de pa\u00edses membros do Programa de Isen\u00e7\u00e3o de Vistos e requisitos do ESTA. Toda a informa\u00e7\u00e3o de que necessita para obter o ESTA sem problemas","robots":{"index":"index","follow":"follow","max-snippet":"max-snippet:-1","max-image-preview":"max-image-preview:large","max-video-preview":"max-video-preview:-1"},"canonical":"https:\/\/123-esta.com\/pt-pt\/lista-de-paises-visa-waiver-program\/","og_locale":"pt_PT","og_type":"article","og_title":"Pa\u00edses do Programa de Isen\u00e7\u00e3o de Vistos","og_description":"Lista de pa\u00edses membros do Programa de Isen\u00e7\u00e3o de Vistos e requisitos do ESTA. Toda a informa\u00e7\u00e3o de que necessita para obter o ESTA sem problemas","og_url":"https:\/\/123-esta.com\/pt-pt\/lista-de-paises-visa-waiver-program\/","og_site_name":"Formulaire ESTA pour les USA","article_modified_time":"2022-09-19T15:20:04+00:00","twitter_card":"summary_large_image","twitter_misc":{"Tempo estimado de leitura":"4 minutos"},"schema":{"@context":"https:\/\/schema.org","@graph":[{"@type":"WebPage","@id":"https:\/\/123-esta.com\/pt-pt\/lista-de-paises-visa-waiver-program\/","url":"https:\/\/123-esta.com\/pt-pt\/lista-de-paises-visa-waiver-program\/","name":"Pa\u00edses do Programa de Isen\u00e7\u00e3o de Vistos","isPartOf":{"@id":"https:\/\/123-esta.com\/pt-pt\/#website"},"datePublished":"2022-07-27T19:35:29+00:00","dateModified":"2022-09-19T15:20:04+00:00","description":"Lista de pa\u00edses membros do Programa de Isen\u00e7\u00e3o de Vistos e requisitos do ESTA. Toda a informa\u00e7\u00e3o de que necessita para obter o ESTA sem problemas","inLanguage":"pt-PT","potentialAction":[{"@type":"ReadAction","target":["https:\/\/123-esta.com\/pt-pt\/lista-de-paises-visa-waiver-program\/"]}]},{"@type":"WebSite","@id":"https:\/\/123-esta.com\/pt-pt\/#website","url":"https:\/\/123-esta.com\/pt-pt\/","name":"Formulaire ESTA pour les USA","description":"","publisher":{"@id":"https:\/\/123-esta.com\/pt-pt\/#organization"},"potentialAction":[{"@type":"SearchAction","target":{"@type":"EntryPoint","urlTemplate":"https:\/\/123-esta.com\/pt-pt\/?s={search_term_string}"},"query-input":{"@type":"PropertyValueSpecification","valueRequired":true,"valueName":"search_term_string"}}],"inLanguage":"pt-PT"},{"@type":"Organization","@id":"https:\/\/123-esta.com\/pt-pt\/#organization","name":"Formulaire ESTA pour les USA","url":"https:\/\/123-esta.com\/pt-pt\/","logo":{"@type":"ImageObject","inLanguage":"pt-PT","@id":"https:\/\/123-esta.com\/pt-pt\/#\/schema\/logo\/image\/","url":"https:\/\/123-esta.com\/wp-content\/uploads\/2018\/03\/logo-123-esta.png","contentUrl":"https:\/\/123-esta.com\/wp-content\/uploads\/2018\/03\/logo-123-esta.png","width":191,"height":54,"caption":"Formulaire ESTA pour les USA"},"image":{"@id":"https:\/\/123-esta.com\/pt-pt\/#\/schema\/logo\/image\/"}}]}},"_links":{"self":[{"href":"https:\/\/123-esta.com\/pt-pt\/wp-json\/wp\/v2\/pages\/2515","targetHints":{"allow":["GET"]}}],"collection":[{"href":"https:\/\/123-esta.com\/pt-pt\/wp-json\/wp\/v2\/pages"}],"about":[{"href":"https:\/\/123-esta.com\/pt-pt\/wp-json\/wp\/v2\/types\/page"}],"author":[{"embeddable":true,"href":"https:\/\/123-esta.com\/pt-pt\/wp-json\/wp\/v2\/users\/1"}],"replies":[{"embeddable":true,"href":"https:\/\/123-esta.com\/pt-pt\/wp-json\/wp\/v2\/comments?post=2515"}],"version-history":[{"count":0,"href":"https:\/\/123-esta.com\/pt-pt\/wp-json\/wp\/v2\/pages\/2515\/revisions"}],"wp:attachment":[{"href":"https:\/\/123-esta.com\/pt-pt\/wp-json\/wp\/v2\/media?parent=2515"}],"curies":[{"name":"wp","href":"https:\/\/api.w.org\/{rel}","templated":true}]}}