{"id":2498,"date":"2022-07-27T21:35:25","date_gmt":"2022-07-27T19:35:25","guid":{"rendered":"https:\/\/123-esta.com\/faq-esta\/"},"modified":"2022-09-19T09:18:40","modified_gmt":"2022-09-19T07:18:40","slug":"faq-esta","status":"publish","type":"page","link":"https:\/\/123-esta.com\/pt-pt\/faq-esta\/","title":{"rendered":"FAQ &#8211; Todas as respostas \u00e0s suas perguntas ESTA"},"content":{"rendered":"\n<h2 class=\"wp-block-heading\">O que \u00e9 a autoriza\u00e7\u00e3o de viagem do ESTA?<\/h2>\n\n<p>O <a href=\"https:\/\/123-esta.com\/pt-pt\/o-que-e-esta\/\">visto ESTA<\/a> \u00e9 um acr\u00f3nimo de Sistema Electr\u00f3nico de Autoriza\u00e7\u00e3o de Viagem. Este \u00e9 um sistema electr\u00f3nico de autoriza\u00e7\u00e3o de viagem para os Estados Unidos. Esta autoriza\u00e7\u00e3o foi criada a fim de assegurar as viagens para os Estados Unidos.<\/p>\n\n<p>Este \u00e9 um programa desenvolvido em conjunto com o Programa de Isen\u00e7\u00e3o de Vistos (VWP), que permite viajar para os EUA sem visto. Este documento \u00e9 obrigat\u00f3rio para todos os viajantes sem visto de pa\u00edses eleg\u00edveis para este programa.<\/p>\n\n<p>Para obter a autoriza\u00e7\u00e3o do ESTA, o formul\u00e1rio de pedido deve ser preenchido. Pode preencher o formul\u00e1rio no nosso s\u00edtio web.<\/p>\n\n<h2 class=\"wp-block-heading\">A quem se destina o ESTA?<\/h2>\n\n<p>O ESTA \u00e9 obrigat\u00f3rio para todas as pessoas que desejem viajar para os EUA de barco ou avi\u00e3o e permanecer menos de 3 meses em solo americano. Mesmo crian\u00e7as pequenas (beb\u00e9s) devem obter o ESTA. Encontrar\u00e1 abaixo a lista de pa\u00edses eleg\u00edveis para o programa.<\/p>\n\n<h2 class=\"wp-block-heading\">Tenho de entrar nos EUA com o ESTA?<\/h2>\n\n<p>A posse de uma autoriza\u00e7\u00e3o ESTA n\u00e3o garante a sua admiss\u00e3o nos Estados Unidos. Um agente de imigra\u00e7\u00e3o ir\u00e1 verific\u00e1-lo quando chegar ao posto fronteiri\u00e7o. Eles podem efectivamente recusar a sua admiss\u00e3o com base na lei americana.<\/p>\n\n<h2 class=\"wp-block-heading\">O ESTA \u00e9 o equivalente a um visto?<\/h2>\n\n<p>N\u00e3o. O ESTA e o visto s\u00e3o dois documentos diferentes que n\u00e3o podem ser substitu\u00eddos. Quando \u00e9 exigido um visto, o ESTA n\u00e3o o pode substituir. Se tiver um visto v\u00e1lido com um objectivo de estadia correspondente a esse visto, pode ir para esse pa\u00eds sem o ESTA.<\/p>\n\n<h2 class=\"wp-block-heading\">Durante quanto tempo \u00e9 v\u00e1lida uma autoriza\u00e7\u00e3o ESTA?<\/h2>\n\n<p>O ESTA \u00e9 v\u00e1lido durante dois (2) anos a partir da data de aprova\u00e7\u00e3o. Tamb\u00e9m pode ser cancelado durante a sua validade ou terminado ao mesmo tempo que o passaporte se expirar antes do fim da validade do seu ESTA.<\/p>\n\n<h2 class=\"wp-block-heading\">Quando solicitar a autoriza\u00e7\u00e3o ESTA?<\/h2>\n\n<p>Recomenda-se que se aplique pelo menos 72 horas antes da partida. Embora a autoriza\u00e7\u00e3o de viagem possa ser concedida dentro de alguns minutos, se o seu pedido estiver pendente, as autoridades dos EUA reservam um m\u00e1ximo de tr\u00eas dias para investigar melhor o seu pedido e dar-lhe uma resposta.<\/p>\n\n<h2 class=\"wp-block-heading\">A candidatura ESTA pode ser aceite sem um plano espec\u00edfico?<\/h2>\n\n<p>N\u00e3o \u00e9 necess\u00e1rio dar uma raz\u00e3o espec\u00edfica para viajar na aplica\u00e7\u00e3o ESTA. N\u00e3o requer o seu itiner\u00e1rio ou alojamento. Pode responder &#8220;desconhecido&#8221; para muitas perguntas para as quais n\u00e3o tem a informa\u00e7\u00e3o, tais como o contacto nos EUA.<\/p>\n\n<p>As actualiza\u00e7\u00f5es do seu ficheiro tamb\u00e9m n\u00e3o s\u00e3o obrigat\u00f3rias uma vez aceite a candidatura.<\/p>\n\n<h2 class=\"wp-block-heading\">Preciso de autoriza\u00e7\u00e3o ESTA para uma escala durante uma viagem?<\/h2>\n\n<p>Para uma escala nos Estados Unidos, \u00e9 imperativo que um nacional de um dos pa\u00edses da PEV tenha uma autoriza\u00e7\u00e3o ou visto ESTA v\u00e1lido. Deve mencionar &#8220;em tr\u00e2nsito&#8221; quando se candidatar.<\/p>\n\n<h2 class=\"wp-block-heading\">Porque \u00e9 que o ESTA \u00e9 obrigat\u00f3rio para viajar para os EUA?<\/h2>\n\n<p>A introdu\u00e7\u00e3o do ESTA \u00e9 um meio de refor\u00e7ar a seguran\u00e7a interna dos EUA. Com ele, o Departamento de Seguran\u00e7a Interna (DHS) avalia a sua admissibilidade nos Estados Unidos muito antes da sua chegada aos Estados Unidos, tanto para viagens a\u00e9reas como mar\u00edtimas. \u00c9 favor notar que desde 2022 o<a href=\"https:\/\/123-esta.com\/pt-pt\/esta-para-viajar-para-os-eua-por-terra\/\">ESTA \u00e9 obrigat\u00f3rio entrar nos EUA por terra<\/a>. Determina se a sua visita representa uma amea\u00e7a \u00e0 seguran\u00e7a nacional ou uma viola\u00e7\u00e3o da lei local.<\/p>\n\n<h2 class=\"wp-block-heading\">O que \u00e9 o Programa de Isen\u00e7\u00e3o de Vistos?<\/h2>\n\n<p>O Programa de Isen\u00e7\u00e3o de Vistos (VWP) \u00e9 uma forma de viajar para os EUA sem visto. Aplica-se apenas a viagens de neg\u00f3cios ou turismo de menos de 90 dias. N\u00e3o \u00e9 poss\u00edvel recorrer ou contestar uma recusa da autoriza\u00e7\u00e3o ESTA.<\/p>\n\n<h2 class=\"wp-block-heading\">Que pa\u00edses est\u00e3o inclu\u00eddos no Programa de Isen\u00e7\u00e3o de Vistos?<\/h2>\n\n<p>O <a href=\"https:\/\/123-esta.com\/pt-pt\/lista-de-paises-visa-waiver-program\/\">Programa de Isen\u00e7\u00e3o de Vistos<\/a>  \u00e9 uma prerrogativa dos seguintes pa\u00edses: Andorra, Austr\u00e1lia, \u00c1ustria, B\u00e9lgica, Brunei, Chile, Cro\u00e1cia, Rep\u00fablica Checa, Dinamarca, Est\u00f3nia, Finl\u00e2ndia, Fran\u00e7a, Alemanha, Gr\u00e9cia, Hungria, Isl\u00e2ndia, Irlanda, It\u00e1lia, Jap\u00e3o, Let\u00f3nia, Liechtenstein, Litu\u00e2nia, Luxemburgo, M\u00f3naco, Pa\u00edses Baixos, Nova Zel\u00e2ndia, Noruega, Pol\u00f3nia, Portugal, Rep\u00fablica de Malta, S\u00e3o Marino, Singapura, Eslov\u00e1quia, Eslov\u00e9nia, Coreia do Sul, Espanha, Su\u00e9cia, Su\u00ed\u00e7a, Reino Unido e Taiwan. \u00c9 eleg\u00edvel para o programa se tiver uma destas nacionalidades.<\/p>\n\n<h2 class=\"wp-block-heading\">A quem se destina o Programa de Isen\u00e7\u00e3o de Vistos?<\/h2>\n\n<p>Qualquer pessoa que seja nacional de um dos pa\u00edses acima mencionados \u00e9 explicitamente eleg\u00edvel para o Programa de Isen\u00e7\u00e3o de Vistos se preencher as condi\u00e7\u00f5es.<\/p>\n\n<p>Estas condi\u00e7\u00f5es s\u00e3o :<\/p>\n\n<ul class=\"wp-block-list\"><li>planear uma viagem de menos de 90 dias para os Estados Unidos para turismo, uma escala ou neg\u00f3cios;<\/li><li>ter um passaporte emitido por um pa\u00eds membro do VWP;<\/li><li>ter uma autoriza\u00e7\u00e3o de viagem ESTA;<\/li><li>viajar numa empresa que tenha assinado o acordo VWP;<\/li><li>ter um bilhete para outro pa\u00eds ou um bilhete de regresso;<\/li><li>ser uma pessoa inofensiva (n\u00e3o um risco para a seguran\u00e7a, sa\u00fade, equil\u00edbrio e seguran\u00e7a locais);<\/li><li>se tiver uma escala, o seu destino final n\u00e3o deve ser uma ilha adjacente ao solo americano ou um territ\u00f3rio fronteiri\u00e7o. Caso contr\u00e1rio, deve ser residente de um destes lugares.<\/li><\/ul>\n\n<h2 class=\"wp-block-heading\">Existem alguns requisitos de passaporte no Programa de Isen\u00e7\u00e3o de Vistos?<\/h2>\n\n<p>Sim, o seu passaporte deve cumprir os requisitos do Programa de Isen\u00e7\u00e3o de Vistos, ou seja :<\/p>\n\n<ul class=\"wp-block-list\"><li>ter uma \u00e1rea digitaliz\u00e1vel na sua p\u00e1gina de identidade,<\/li><li>ter um passaporte electr\u00f3nico, ou seja, com um chip electr\u00f3nico contendo uma fotografia digital para um passaporte emitido ap\u00f3s 26 de Outubro de 2005,<\/li><li>ter um passaporte biom\u00e9trico, ou seja, com um chip digital integrado contendo dados biom\u00e9tricos para um passaporte emitido a partir de 26 de Outubro de 2006.<\/li><\/ul>\n\n<h2 class=\"wp-block-heading\">Quando solicitar um visto para viajar para os EUA?<\/h2>\n\n<p>O <a href=\"https:\/\/123-esta.com\/pt-pt\/visto-de-turista-dos-estados-unidos\/\">visto de turista americano<\/a> \u00e9 obrigat\u00f3rio quando :<\/p>\n\n<ul class=\"wp-block-list\"><li>viaja com uma companhia a\u00e9rea ou de navega\u00e7\u00e3o n\u00e3o signat\u00e1ria;<\/li><li>quer ficar nos EUA por mais de 90 dias;<\/li><li>o pedido ESTA \u00e9 suscept\u00edvel de ser recusado ou foi recusado. Neste caso, \u00e9 necess\u00e1rio o pedido de visto de resid\u00eancia tempor\u00e1ria;<\/li><li>vai para os EUA por uma raz\u00e3o que n\u00e3o seja turismo ou viagens de neg\u00f3cios.<\/li><\/ul>\n\n<h2 class=\"wp-block-heading\">De que necessito para solicitar uma licen\u00e7a?<\/h2>\n\n<p>Para completar a sua candidatura ESTA, precisa do seu :<\/p>\n\n<ul class=\"wp-block-list\"><li>nome completo ;<\/li><li>g\u00e9nero;<\/li><li>data de nascimento (dia, m\u00eas, ano) ;<\/li><li>pa\u00eds de nascimento ;<\/li><li>pa\u00eds de resid\u00eancia ;<\/li><li>n\u00famero de telefone precedido pelo c\u00f3digo do pa\u00eds ;<\/li><li>endere\u00e7o de correio electr\u00f3nico ;<\/li><li>data de validade do passaporte (dia, m\u00eas, ano) ;<\/li><li>data de emiss\u00e3o do passaporte (dia, m\u00eas, ano) ;<\/li><li>pa\u00eds de emiss\u00e3o do passaporte ;<\/li><li>n\u00famero de passaporte ;<\/li><li>lista de doen\u00e7as, alergias, perturba\u00e7\u00f5es mentais ou f\u00edsicas que o afectam;<\/li><li>Por favor note que <a href=\"https:\/\/123-esta.com\/pt-pt\/preencher-conta-facebook-para-esta\/\">n\u00e3o<\/a> \u00e9 <a href=\"https:\/\/123-esta.com\/pt-pt\/preencher-conta-facebook-para-esta\/\">obrigat\u00f3rio indicar as suas<\/a> contas <a href=\"https:\/\/123-esta.com\/pt-pt\/preencher-conta-facebook-para-esta\/\">no Facebook<\/a> ou outras redes sociais.<\/li><\/ul>\n\n<p>Note-se que toda esta informa\u00e7\u00e3o deve ser fornecida tal como aparece no seu passaporte.<\/p>\n\n<h2 class=\"wp-block-heading\">\u00c9 necess\u00e1ria uma c\u00f3pia da autoriza\u00e7\u00e3o do ESTA para o embarque no aeroporto?<\/h2>\n\n<p>N\u00e3o, isto n\u00e3o \u00e9 obrigat\u00f3rio. O Departamento de Seguran\u00e7a Interna j\u00e1 informou a empresa de viagens sobre o estado da sua candidatura. Continuamos a recomendar que mantenha uma c\u00f3pia consigo, por via das d\u00favidas.<\/p>\n\n<h2 class=\"wp-block-heading\">Tenho de renovar o pedido do ESTA para viagens futuras?<\/h2>\n\n<p>N\u00e3o \u00e9 poss\u00edvel renovar uma autoriza\u00e7\u00e3o de viagem. Deve ser feito um novo pedido. Isto pode ser feito quando :<\/p>\n\n<ul class=\"wp-block-list\"><li>o pedido expirou ou ir\u00e1 expirar em breve;<\/li><li>o passaporte deve ser renovado;<\/li><li>houve uma mudan\u00e7a na sua vida, modificando assim os seus dados de identifica\u00e7\u00e3o (mudan\u00e7a, casamento, div\u00f3rcio, etc.);<\/li><li>muda de sexo;<\/li><li>muda a sua nacionalidade;<\/li><li>uma das suas respostas \u00e0s perguntas fechadas (sim ou n\u00e3o) foi alterada.<\/li><\/ul>\n\n<h2 class=\"wp-block-heading\">\u00a0<\/h2>\n\n<h2 class=\"wp-block-heading\">A minha autoriza\u00e7\u00e3o ESTA expirar\u00e1 antes do meu regresso dos EUA. Terei de voltar a candidatar-me antes de partir?<\/h2>\n\n<p>N\u00e3o, o ESTA deve ser v\u00e1lido \u00e0 chegada aos Estados Unidos e n\u00e3o ao regresso do pa\u00eds.<\/p>\n\n<h2 class=\"wp-block-heading\">Que dados posso actualizar?<\/h2>\n\n<p>pode actualizar o seu :<\/p>\n\n<ul class=\"wp-block-list\"><li>Endere\u00e7o de correio electr\u00f3nico;<\/li><li>Endere\u00e7o no destino (endere\u00e7o e cidade).<\/li><\/ul>\n\n<h2 class=\"wp-block-heading\">O que devo fazer quando houver altera\u00e7\u00f5es aos dados do meu passaporte?<\/h2>\n\n<p>Uma nova candidatura ao ESTA ter\u00e1 de ser feita assim que tiver obtido o seu novo passaporte. O mesmo \u00e9 verdade quando a informa\u00e7\u00e3o nela contida foi alterada.<\/p>\n\n<h2 class=\"wp-block-heading\">Posso corrigir a minha aplica\u00e7\u00e3o ESTA?<\/h2>\n\n<p>Antes de submeter a sua candidatura, \u00e9 aconselh\u00e1vel verificar cuidadosamente todas as suas informa\u00e7\u00f5es. Em caso de erro ap\u00f3s a apresenta\u00e7\u00e3o do pedido, n\u00e3o ser\u00e1 poss\u00edvel modificar as informa\u00e7\u00f5es apresentadas. Ser\u00e1 necess\u00e1rio um novo pedido e pagamento.<\/p>\n\n<p>Est\u00e1 dispon\u00edvel uma fun\u00e7\u00e3o de actualiza\u00e7\u00e3o para alterar as caixas que podem ser alteradas sem voltar a aplicar, mas isto s\u00f3 afecta o seu endere\u00e7o de correio electr\u00f3nico e o seu endere\u00e7o local.<\/p>\n\n<h2 class=\"wp-block-heading\">Houve um erro na data de expira\u00e7\u00e3o ou de emiss\u00e3o do passaporte. Como corrigi-lo?<\/h2>\n\n<p>Se o pedido tiver sido validado e aprovado, n\u00e3o \u00e9 poss\u00edvel modificar estes dados. Deve fazer outro pedido e pagamento. O formul\u00e1rio previamente submetido ser\u00e1 automaticamente cancelado.<\/p>\n\n<h2 class=\"wp-block-heading\">O que devo fazer se o meu pedido ESTA for recusado?<\/h2>\n\n<p>Nem todas as candidaturas ao ESTA s\u00e3o aceites. Se, infelizmente, o seu pedido de ESTA for recusado, ter\u00e1 de solicitar um visto. Contacte a embaixada ou consulado dos EUA para obter informa\u00e7\u00f5es sobre como o fazer.<\/p>\n\n<h2 class=\"wp-block-heading\">Posso voltar a candidatar-me ao ESTA depois de uma recusa?<\/h2>\n\n<p>Sim, pode voltar a candidatar-se ao ESTA se a sua candidatura anterior tiver sido recusada. No entanto, a resposta ser\u00e1 a mesma se as suas informa\u00e7\u00f5es permanecerem as mesmas. No entanto, n\u00e3o \u00e9 poss\u00edvel fornecer dados falsos no formul\u00e1rio de candidatura ESTA.<\/p>\n\n<p>Isto pode levar a uma proibi\u00e7\u00e3o permanente de perman\u00eancia naquele pa\u00eds. Tamb\u00e9m \u00e9 pouco prov\u00e1vel que a sua segunda candidatura seja bem sucedida. Por conseguinte, \u00e9 melhor viajar para os EUA fora do contexto do Programa de Isen\u00e7\u00e3o de Vistos. Isto resulta no pedido de um visto.<\/p>\n\n<h2 class=\"wp-block-heading\">Ser\u00e1 que o sistema me dar\u00e1 as raz\u00f5es para a recusa?<\/h2>\n\n<p>O sistema ESTA s\u00f3 recusa pessoas que n\u00e3o cumpram os requisitos do Programa de Isen\u00e7\u00e3o de Vistos. O mesmo se aplica \u00e0s pessoas que representam um risco potencial para a seguran\u00e7a e protec\u00e7\u00e3o dos EUA. Em caso de recusa, os motivos n\u00e3o lhe ser\u00e3o comunicados.<\/p>\n\n<h2 class=\"wp-block-heading\">Se me for recusada uma viagem urgente, posso solicitar uma marca\u00e7\u00e3o de emerg\u00eancia na embaixada?<\/h2>\n\n<p>Pode obter uma marca\u00e7\u00e3o imediata quando o n\u00famero de pedidos de visto pendentes \u00e9 baixo, mas isto n\u00e3o \u00e9 garantido. Para assegurar uma partida atempada, \u00e9 melhor solicitar o ESTA com v\u00e1rios meses de anteced\u00eancia. Desta forma, se lhe for recusado, poder\u00e1 solicitar um visto a tempo.<\/p>\n","protected":false},"excerpt":{"rendered":"<p>O que \u00e9 a autoriza\u00e7\u00e3o de viagem do ESTA? O visto ESTA \u00e9 um acr\u00f3nimo de Sistema Electr\u00f3nico de Autoriza\u00e7\u00e3o de Viagem. Este \u00e9 um sistema electr\u00f3nico de autoriza\u00e7\u00e3o de viagem para os Estados Unidos. Esta autoriza\u00e7\u00e3o foi criada a fim de assegurar as viagens para os Estados Unidos. Este \u00e9 um programa desenvolvido em [&hellip;]<\/p>\n","protected":false},"author":1,"featured_media":0,"parent":0,"menu_order":0,"comment_status":"closed","ping_status":"closed","template":"","meta":{"site-sidebar-layout":"default","site-content-layout":"default","ast-site-content-layout":"default","site-content-style":"default","site-sidebar-style":"default","ast-global-header-display":"","ast-banner-title-visibility":"","ast-main-header-display":"","ast-hfb-above-header-display":"","ast-hfb-below-header-display":"","ast-hfb-mobile-header-display":"","site-post-title":"","ast-breadcrumbs-content":"","ast-featured-img":"","footer-sml-layout":"","ast-disable-related-posts":"","theme-transparent-header-meta":"default","adv-header-id-meta":"","stick-header-meta":"default","header-above-stick-meta":"","header-main-stick-meta":"","header-below-stick-meta":"","astra-migrate-meta-layouts":"default","ast-page-background-enabled":"default","ast-page-background-meta":{"desktop":{"background-color":"","background-image":"","background-repeat":"repeat","background-position":"center center","background-size":"auto","background-attachment":"scroll","background-type":"","background-media":"","overlay-type":"","overlay-color":"","overlay-opacity":"","overlay-gradient":""},"tablet":{"background-color":"","background-image":"","background-repeat":"repeat","background-position":"center center","background-size":"auto","background-attachment":"scroll","background-type":"","background-media":"","overlay-type":"","overlay-color":"","overlay-opacity":"","overlay-gradient":""},"mobile":{"background-color":"","background-image":"","background-repeat":"repeat","background-position":"center center","background-size":"auto","background-attachment":"scroll","background-type":"","background-media":"","overlay-type":"","overlay-color":"","overlay-opacity":"","overlay-gradient":""}},"ast-content-background-meta":{"desktop":{"background-color":"var(--ast-global-color-5)","background-image":"","background-repeat":"repeat","background-position":"center center","background-size":"auto","background-attachment":"scroll","background-type":"","background-media":"","overlay-type":"","overlay-color":"","overlay-opacity":"","overlay-gradient":""},"tablet":{"background-color":"var(--ast-global-color-5)","background-image":"","background-repeat":"repeat","background-position":"center center","background-size":"auto","background-attachment":"scroll","background-type":"","background-media":"","overlay-type":"","overlay-color":"","overlay-opacity":"","overlay-gradient":""},"mobile":{"background-color":"var(--ast-global-color-5)","background-image":"","background-repeat":"repeat","background-position":"center center","background-size":"auto","background-attachment":"scroll","background-type":"","background-media":"","overlay-type":"","overlay-color":"","overlay-opacity":"","overlay-gradient":""}},"footnotes":""},"class_list":["post-2498","page","type-page","status-publish","hentry"],"yoast_head":"<!-- This site is optimized with the Yoast SEO plugin v27.1.1 - https:\/\/yoast.com\/product\/yoast-seo-wordpress\/ -->\n<title>FAQ - Todas as respostas \u00e0s suas perguntas ESTA<\/title>\n<meta name=\"description\" content=\"Todas as respostas \u00e0s suas perguntas ESTA podem ser encontradas no nosso s\u00edtio web. As nossas respostas s\u00e3o claras, simples e precisas.\" \/>\n<meta name=\"robots\" content=\"index, follow, max-snippet:-1, max-image-preview:large, max-video-preview:-1\" \/>\n<link rel=\"canonical\" href=\"https:\/\/123-esta.com\/pt-pt\/faq-esta\/\" \/>\n<meta property=\"og:locale\" content=\"pt_PT\" \/>\n<meta property=\"og:type\" content=\"article\" \/>\n<meta property=\"og:title\" content=\"FAQ - Todas as respostas \u00e0s suas perguntas ESTA\" \/>\n<meta property=\"og:description\" content=\"Todas as respostas \u00e0s suas perguntas ESTA podem ser encontradas no nosso s\u00edtio web. As nossas respostas s\u00e3o claras, simples e precisas.\" \/>\n<meta property=\"og:url\" content=\"https:\/\/123-esta.com\/pt-pt\/faq-esta\/\" \/>\n<meta property=\"og:site_name\" content=\"Formulaire ESTA pour les USA\" \/>\n<meta property=\"article:modified_time\" content=\"2022-09-19T07:18:40+00:00\" \/>\n<meta name=\"twitter:card\" content=\"summary_large_image\" \/>\n<meta name=\"twitter:label1\" content=\"Tempo estimado de leitura\" \/>\n\t<meta name=\"twitter:data1\" content=\"9 minutos\" \/>\n<script type=\"application\/ld+json\" class=\"yoast-schema-graph\">{\"@context\":\"https:\/\/schema.org\",\"@graph\":[{\"@type\":\"WebPage\",\"@id\":\"https:\/\/123-esta.com\/pt-pt\/faq-esta\/\",\"url\":\"https:\/\/123-esta.com\/pt-pt\/faq-esta\/\",\"name\":\"FAQ - Todas as respostas \u00e0s suas perguntas ESTA\",\"isPartOf\":{\"@id\":\"https:\/\/123-esta.com\/pt-pt\/#website\"},\"datePublished\":\"2022-07-27T19:35:25+00:00\",\"dateModified\":\"2022-09-19T07:18:40+00:00\",\"description\":\"Todas as respostas \u00e0s suas perguntas ESTA podem ser encontradas no nosso s\u00edtio web. As nossas respostas s\u00e3o claras, simples e precisas.\",\"inLanguage\":\"pt-PT\",\"potentialAction\":[{\"@type\":\"ReadAction\",\"target\":[\"https:\/\/123-esta.com\/pt-pt\/faq-esta\/\"]}]},{\"@type\":\"WebSite\",\"@id\":\"https:\/\/123-esta.com\/pt-pt\/#website\",\"url\":\"https:\/\/123-esta.com\/pt-pt\/\",\"name\":\"Formulaire ESTA pour les USA\",\"description\":\"\",\"publisher\":{\"@id\":\"https:\/\/123-esta.com\/pt-pt\/#organization\"},\"potentialAction\":[{\"@type\":\"SearchAction\",\"target\":{\"@type\":\"EntryPoint\",\"urlTemplate\":\"https:\/\/123-esta.com\/pt-pt\/?s={search_term_string}\"},\"query-input\":{\"@type\":\"PropertyValueSpecification\",\"valueRequired\":true,\"valueName\":\"search_term_string\"}}],\"inLanguage\":\"pt-PT\"},{\"@type\":\"Organization\",\"@id\":\"https:\/\/123-esta.com\/pt-pt\/#organization\",\"name\":\"Formulaire ESTA pour les USA\",\"url\":\"https:\/\/123-esta.com\/pt-pt\/\",\"logo\":{\"@type\":\"ImageObject\",\"inLanguage\":\"pt-PT\",\"@id\":\"https:\/\/123-esta.com\/pt-pt\/#\/schema\/logo\/image\/\",\"url\":\"https:\/\/123-esta.com\/wp-content\/uploads\/2018\/03\/logo-123-esta.png\",\"contentUrl\":\"https:\/\/123-esta.com\/wp-content\/uploads\/2018\/03\/logo-123-esta.png\",\"width\":191,\"height\":54,\"caption\":\"Formulaire ESTA pour les USA\"},\"image\":{\"@id\":\"https:\/\/123-esta.com\/pt-pt\/#\/schema\/logo\/image\/\"}}]}<\/script>\n<!-- \/ Yoast SEO plugin. -->","yoast_head_json":{"title":"FAQ - Todas as respostas \u00e0s suas perguntas ESTA","description":"Todas as respostas \u00e0s suas perguntas ESTA podem ser encontradas no nosso s\u00edtio web. As nossas respostas s\u00e3o claras, simples e precisas.","robots":{"index":"index","follow":"follow","max-snippet":"max-snippet:-1","max-image-preview":"max-image-preview:large","max-video-preview":"max-video-preview:-1"},"canonical":"https:\/\/123-esta.com\/pt-pt\/faq-esta\/","og_locale":"pt_PT","og_type":"article","og_title":"FAQ - Todas as respostas \u00e0s suas perguntas ESTA","og_description":"Todas as respostas \u00e0s suas perguntas ESTA podem ser encontradas no nosso s\u00edtio web. As nossas respostas s\u00e3o claras, simples e precisas.","og_url":"https:\/\/123-esta.com\/pt-pt\/faq-esta\/","og_site_name":"Formulaire ESTA pour les USA","article_modified_time":"2022-09-19T07:18:40+00:00","twitter_card":"summary_large_image","twitter_misc":{"Tempo estimado de leitura":"9 minutos"},"schema":{"@context":"https:\/\/schema.org","@graph":[{"@type":"WebPage","@id":"https:\/\/123-esta.com\/pt-pt\/faq-esta\/","url":"https:\/\/123-esta.com\/pt-pt\/faq-esta\/","name":"FAQ - Todas as respostas \u00e0s suas perguntas ESTA","isPartOf":{"@id":"https:\/\/123-esta.com\/pt-pt\/#website"},"datePublished":"2022-07-27T19:35:25+00:00","dateModified":"2022-09-19T07:18:40+00:00","description":"Todas as respostas \u00e0s suas perguntas ESTA podem ser encontradas no nosso s\u00edtio web. As nossas respostas s\u00e3o claras, simples e precisas.","inLanguage":"pt-PT","potentialAction":[{"@type":"ReadAction","target":["https:\/\/123-esta.com\/pt-pt\/faq-esta\/"]}]},{"@type":"WebSite","@id":"https:\/\/123-esta.com\/pt-pt\/#website","url":"https:\/\/123-esta.com\/pt-pt\/","name":"Formulaire ESTA pour les USA","description":"","publisher":{"@id":"https:\/\/123-esta.com\/pt-pt\/#organization"},"potentialAction":[{"@type":"SearchAction","target":{"@type":"EntryPoint","urlTemplate":"https:\/\/123-esta.com\/pt-pt\/?s={search_term_string}"},"query-input":{"@type":"PropertyValueSpecification","valueRequired":true,"valueName":"search_term_string"}}],"inLanguage":"pt-PT"},{"@type":"Organization","@id":"https:\/\/123-esta.com\/pt-pt\/#organization","name":"Formulaire ESTA pour les USA","url":"https:\/\/123-esta.com\/pt-pt\/","logo":{"@type":"ImageObject","inLanguage":"pt-PT","@id":"https:\/\/123-esta.com\/pt-pt\/#\/schema\/logo\/image\/","url":"https:\/\/123-esta.com\/wp-content\/uploads\/2018\/03\/logo-123-esta.png","contentUrl":"https:\/\/123-esta.com\/wp-content\/uploads\/2018\/03\/logo-123-esta.png","width":191,"height":54,"caption":"Formulaire ESTA pour les USA"},"image":{"@id":"https:\/\/123-esta.com\/pt-pt\/#\/schema\/logo\/image\/"}}]}},"_links":{"self":[{"href":"https:\/\/123-esta.com\/pt-pt\/wp-json\/wp\/v2\/pages\/2498","targetHints":{"allow":["GET"]}}],"collection":[{"href":"https:\/\/123-esta.com\/pt-pt\/wp-json\/wp\/v2\/pages"}],"about":[{"href":"https:\/\/123-esta.com\/pt-pt\/wp-json\/wp\/v2\/types\/page"}],"author":[{"embeddable":true,"href":"https:\/\/123-esta.com\/pt-pt\/wp-json\/wp\/v2\/users\/1"}],"replies":[{"embeddable":true,"href":"https:\/\/123-esta.com\/pt-pt\/wp-json\/wp\/v2\/comments?post=2498"}],"version-history":[{"count":0,"href":"https:\/\/123-esta.com\/pt-pt\/wp-json\/wp\/v2\/pages\/2498\/revisions"}],"wp:attachment":[{"href":"https:\/\/123-esta.com\/pt-pt\/wp-json\/wp\/v2\/media?parent=2498"}],"curies":[{"name":"wp","href":"https:\/\/api.w.org\/{rel}","templated":true}]}}