{"id":2495,"date":"2022-07-27T21:35:25","date_gmt":"2022-07-27T19:35:25","guid":{"rendered":"https:\/\/123-esta.com\/inform-facebook-esta\/"},"modified":"2022-08-23T22:49:45","modified_gmt":"2022-08-23T20:49:45","slug":"preencher-conta-facebook-para-esta","status":"publish","type":"page","link":"https:\/\/123-esta.com\/pt-pt\/preencher-conta-facebook-para-esta\/","title":{"rendered":"Tem de preencher a sua conta no Facebook para obter o seu ESTA?"},"content":{"rendered":"\n<p>H\u00e1 j\u00e1 alguns meses que circulam falsos rumores sobre a disposi\u00e7\u00e3o obrigat\u00f3ria do Facebook e outros identificadores de redes sociais com o objectivo de obter uma autoriza\u00e7\u00e3o electr\u00f3nica de viagem para os Estados Unidos (ESTA). Muitos viajantes pensam que a obten\u00e7\u00e3o de um ESTA s\u00f3 pode ser feita atrav\u00e9s do preenchimento do seu Facebook ou de outras identidades de redes sociais nas quais est\u00e3o registados. As nossas <a href=\"https:\/\/123-esta.com\/pt-pt\/faq-esta\/\">FAQ ESTA<\/a> ajud\u00e1-lo-\u00e3o a separar o real do falso.<\/p>\n\n<p>Esta ideia pode ser desconfort\u00e1vel, e boatos infundados podem fazer com que os candidatos se sintam espiados, o que pode ser desconfort\u00e1vel. Os logins de redes sociais s\u00e3o informa\u00e7\u00e3o privada e sens\u00edvel. Esta \u00e9 uma informa\u00e7\u00e3o que os candidatos valorizam. \u00c9 de notar que o Departamento de Seguran\u00e7a Interna dos EUA faz uma pergunta opcional sobre as suas credenciais no Facebook e outras redes sociais. Ao contr\u00e1rio dos rumores, esta quest\u00e3o n\u00e3o \u00e9 obrigat\u00f3ria e a obten\u00e7\u00e3o do ESTA n\u00e3o depende dela.<\/p>\n\n<p>Os pedidos de autoriza\u00e7\u00e3o de viagem s\u00e3o automatizados atrav\u00e9s de um sistema inform\u00e1tico. Como \u00e9 sabido, o registo \u00e9 feito online e n\u00e3o h\u00e1 nenhuma pessoa f\u00edsica por detr\u00e1s de cada candidatura. Pelo contr\u00e1rio, responder &#8220;sim&#8221; \u00e0 pergunta relativa \u00e0s redes sociais e fornecer os seus dados de login pode resultar na recusa de obter o ESTA.<\/p>\n\n<p>Como ter\u00e1 compreendido, para obter o seu ESTA e colocar todas as hip\u00f3teses do seu lado, sugere-se que ignore esta quest\u00e3o e n\u00e3o preencha os seus identificadores. Este \u00e9 um processo regulamentar e n\u00e3o resulta em quaisquer penaliza\u00e7\u00f5es. Deve lembrar-se que esta \u00e9 uma pergunta opcional \u00e0 qual o requerente n\u00e3o \u00e9 obrigado a responder.<\/p>\n\n<p>O viajante s\u00f3 precisar\u00e1 do seu passaporte actual para preencher o <a href=\"https:\/\/123-esta.com\/pt-pt\/forma-esta-em-portugues\/\">formul\u00e1rio de pedido<\/a>. As respostas s\u00e3o dadas num curto espa\u00e7o de tempo, mas podem demorar at\u00e9 72 horas para certos pedidos que requerem verifica\u00e7\u00e3o com as autoridades dos EUA. Os casos de recusa s\u00e3o raros e s\u00e3o frequentemente devidos a erros de introdu\u00e7\u00e3o e falta de conhecimento sobre a forma como o sistema funciona. Por conseguinte, \u00e9 mais f\u00e1cil utilizar servi\u00e7os profissionais, mediante o pagamento de uma taxa, para acelerar e simplificar o processo. Isto evitar\u00e1 a possibilidade de se cometerem erros durante o processo de submiss\u00e3o.<\/p>\n","protected":false},"excerpt":{"rendered":"<p>H\u00e1 j\u00e1 alguns meses que circulam falsos rumores sobre a disposi\u00e7\u00e3o obrigat\u00f3ria do Facebook e outros identificadores de redes sociais com o objectivo de obter uma autoriza\u00e7\u00e3o electr\u00f3nica de viagem para os Estados Unidos (ESTA). Muitos viajantes pensam que a obten\u00e7\u00e3o de um ESTA s\u00f3 pode ser feita atrav\u00e9s do preenchimento do seu Facebook ou [&hellip;]<\/p>\n","protected":false},"author":1,"featured_media":0,"parent":0,"menu_order":0,"comment_status":"closed","ping_status":"closed","template":"","meta":{"site-sidebar-layout":"default","site-content-layout":"default","ast-site-content-layout":"default","site-content-style":"default","site-sidebar-style":"default","ast-global-header-display":"","ast-banner-title-visibility":"","ast-main-header-display":"","ast-hfb-above-header-display":"","ast-hfb-below-header-display":"","ast-hfb-mobile-header-display":"","site-post-title":"","ast-breadcrumbs-content":"","ast-featured-img":"","footer-sml-layout":"","ast-disable-related-posts":"","theme-transparent-header-meta":"default","adv-header-id-meta":"","stick-header-meta":"default","header-above-stick-meta":"","header-main-stick-meta":"","header-below-stick-meta":"","astra-migrate-meta-layouts":"default","ast-page-background-enabled":"default","ast-page-background-meta":{"desktop":{"background-color":"","background-image":"","background-repeat":"repeat","background-position":"center center","background-size":"auto","background-attachment":"scroll","background-type":"","background-media":"","overlay-type":"","overlay-color":"","overlay-opacity":"","overlay-gradient":""},"tablet":{"background-color":"","background-image":"","background-repeat":"repeat","background-position":"center center","background-size":"auto","background-attachment":"scroll","background-type":"","background-media":"","overlay-type":"","overlay-color":"","overlay-opacity":"","overlay-gradient":""},"mobile":{"background-color":"","background-image":"","background-repeat":"repeat","background-position":"center center","background-size":"auto","background-attachment":"scroll","background-type":"","background-media":"","overlay-type":"","overlay-color":"","overlay-opacity":"","overlay-gradient":""}},"ast-content-background-meta":{"desktop":{"background-color":"var(--ast-global-color-5)","background-image":"","background-repeat":"repeat","background-position":"center center","background-size":"auto","background-attachment":"scroll","background-type":"","background-media":"","overlay-type":"","overlay-color":"","overlay-opacity":"","overlay-gradient":""},"tablet":{"background-color":"var(--ast-global-color-5)","background-image":"","background-repeat":"repeat","background-position":"center center","background-size":"auto","background-attachment":"scroll","background-type":"","background-media":"","overlay-type":"","overlay-color":"","overlay-opacity":"","overlay-gradient":""},"mobile":{"background-color":"var(--ast-global-color-5)","background-image":"","background-repeat":"repeat","background-position":"center center","background-size":"auto","background-attachment":"scroll","background-type":"","background-media":"","overlay-type":"","overlay-color":"","overlay-opacity":"","overlay-gradient":""}},"footnotes":""},"class_list":["post-2495","page","type-page","status-publish","hentry"],"yoast_head":"<!-- This site is optimized with the Yoast SEO plugin v27.1.1 - https:\/\/yoast.com\/product\/yoast-seo-wordpress\/ -->\n<title>Tem de preencher a sua conta no Facebook para obter o seu ESTA?<\/title>\n<meta name=\"description\" content=\"Os rumores espalham-se: o ESTA s\u00f3 \u00e9 emitido em troca do seu Facebook, Twitter e outros identificadores de redes sociais. O que \u00e9 que isso tem?\" \/>\n<meta name=\"robots\" content=\"index, follow, max-snippet:-1, max-image-preview:large, max-video-preview:-1\" \/>\n<link rel=\"canonical\" href=\"https:\/\/123-esta.com\/pt-pt\/preencher-conta-facebook-para-esta\/\" \/>\n<meta property=\"og:locale\" content=\"pt_PT\" \/>\n<meta property=\"og:type\" content=\"article\" \/>\n<meta property=\"og:title\" content=\"Tem de preencher a sua conta no Facebook para obter o seu ESTA?\" \/>\n<meta property=\"og:description\" content=\"Os rumores espalham-se: o ESTA s\u00f3 \u00e9 emitido em troca do seu Facebook, Twitter e outros identificadores de redes sociais. O que \u00e9 que isso tem?\" \/>\n<meta property=\"og:url\" content=\"https:\/\/123-esta.com\/pt-pt\/preencher-conta-facebook-para-esta\/\" \/>\n<meta property=\"og:site_name\" content=\"Formulaire ESTA pour les USA\" \/>\n<meta property=\"article:modified_time\" content=\"2022-08-23T20:49:45+00:00\" \/>\n<meta name=\"twitter:card\" content=\"summary_large_image\" \/>\n<meta name=\"twitter:label1\" content=\"Tempo estimado de leitura\" \/>\n\t<meta name=\"twitter:data1\" content=\"2 minutos\" \/>\n<script type=\"application\/ld+json\" class=\"yoast-schema-graph\">{\"@context\":\"https:\/\/schema.org\",\"@graph\":[{\"@type\":\"WebPage\",\"@id\":\"https:\/\/123-esta.com\/pt-pt\/preencher-conta-facebook-para-esta\/\",\"url\":\"https:\/\/123-esta.com\/pt-pt\/preencher-conta-facebook-para-esta\/\",\"name\":\"Tem de preencher a sua conta no Facebook para obter o seu ESTA?\",\"isPartOf\":{\"@id\":\"https:\/\/123-esta.com\/pt-pt\/#website\"},\"datePublished\":\"2022-07-27T19:35:25+00:00\",\"dateModified\":\"2022-08-23T20:49:45+00:00\",\"description\":\"Os rumores espalham-se: o ESTA s\u00f3 \u00e9 emitido em troca do seu Facebook, Twitter e outros identificadores de redes sociais. O que \u00e9 que isso tem?\",\"inLanguage\":\"pt-PT\",\"potentialAction\":[{\"@type\":\"ReadAction\",\"target\":[\"https:\/\/123-esta.com\/pt-pt\/preencher-conta-facebook-para-esta\/\"]}]},{\"@type\":\"WebSite\",\"@id\":\"https:\/\/123-esta.com\/pt-pt\/#website\",\"url\":\"https:\/\/123-esta.com\/pt-pt\/\",\"name\":\"Formulaire ESTA pour les USA\",\"description\":\"\",\"publisher\":{\"@id\":\"https:\/\/123-esta.com\/pt-pt\/#organization\"},\"potentialAction\":[{\"@type\":\"SearchAction\",\"target\":{\"@type\":\"EntryPoint\",\"urlTemplate\":\"https:\/\/123-esta.com\/pt-pt\/?s={search_term_string}\"},\"query-input\":{\"@type\":\"PropertyValueSpecification\",\"valueRequired\":true,\"valueName\":\"search_term_string\"}}],\"inLanguage\":\"pt-PT\"},{\"@type\":\"Organization\",\"@id\":\"https:\/\/123-esta.com\/pt-pt\/#organization\",\"name\":\"Formulaire ESTA pour les USA\",\"url\":\"https:\/\/123-esta.com\/pt-pt\/\",\"logo\":{\"@type\":\"ImageObject\",\"inLanguage\":\"pt-PT\",\"@id\":\"https:\/\/123-esta.com\/pt-pt\/#\/schema\/logo\/image\/\",\"url\":\"https:\/\/123-esta.com\/wp-content\/uploads\/2018\/03\/logo-123-esta.png\",\"contentUrl\":\"https:\/\/123-esta.com\/wp-content\/uploads\/2018\/03\/logo-123-esta.png\",\"width\":191,\"height\":54,\"caption\":\"Formulaire ESTA pour les USA\"},\"image\":{\"@id\":\"https:\/\/123-esta.com\/pt-pt\/#\/schema\/logo\/image\/\"}}]}<\/script>\n<!-- \/ Yoast SEO plugin. -->","yoast_head_json":{"title":"Tem de preencher a sua conta no Facebook para obter o seu ESTA?","description":"Os rumores espalham-se: o ESTA s\u00f3 \u00e9 emitido em troca do seu Facebook, Twitter e outros identificadores de redes sociais. O que \u00e9 que isso tem?","robots":{"index":"index","follow":"follow","max-snippet":"max-snippet:-1","max-image-preview":"max-image-preview:large","max-video-preview":"max-video-preview:-1"},"canonical":"https:\/\/123-esta.com\/pt-pt\/preencher-conta-facebook-para-esta\/","og_locale":"pt_PT","og_type":"article","og_title":"Tem de preencher a sua conta no Facebook para obter o seu ESTA?","og_description":"Os rumores espalham-se: o ESTA s\u00f3 \u00e9 emitido em troca do seu Facebook, Twitter e outros identificadores de redes sociais. O que \u00e9 que isso tem?","og_url":"https:\/\/123-esta.com\/pt-pt\/preencher-conta-facebook-para-esta\/","og_site_name":"Formulaire ESTA pour les USA","article_modified_time":"2022-08-23T20:49:45+00:00","twitter_card":"summary_large_image","twitter_misc":{"Tempo estimado de leitura":"2 minutos"},"schema":{"@context":"https:\/\/schema.org","@graph":[{"@type":"WebPage","@id":"https:\/\/123-esta.com\/pt-pt\/preencher-conta-facebook-para-esta\/","url":"https:\/\/123-esta.com\/pt-pt\/preencher-conta-facebook-para-esta\/","name":"Tem de preencher a sua conta no Facebook para obter o seu ESTA?","isPartOf":{"@id":"https:\/\/123-esta.com\/pt-pt\/#website"},"datePublished":"2022-07-27T19:35:25+00:00","dateModified":"2022-08-23T20:49:45+00:00","description":"Os rumores espalham-se: o ESTA s\u00f3 \u00e9 emitido em troca do seu Facebook, Twitter e outros identificadores de redes sociais. O que \u00e9 que isso tem?","inLanguage":"pt-PT","potentialAction":[{"@type":"ReadAction","target":["https:\/\/123-esta.com\/pt-pt\/preencher-conta-facebook-para-esta\/"]}]},{"@type":"WebSite","@id":"https:\/\/123-esta.com\/pt-pt\/#website","url":"https:\/\/123-esta.com\/pt-pt\/","name":"Formulaire ESTA pour les USA","description":"","publisher":{"@id":"https:\/\/123-esta.com\/pt-pt\/#organization"},"potentialAction":[{"@type":"SearchAction","target":{"@type":"EntryPoint","urlTemplate":"https:\/\/123-esta.com\/pt-pt\/?s={search_term_string}"},"query-input":{"@type":"PropertyValueSpecification","valueRequired":true,"valueName":"search_term_string"}}],"inLanguage":"pt-PT"},{"@type":"Organization","@id":"https:\/\/123-esta.com\/pt-pt\/#organization","name":"Formulaire ESTA pour les USA","url":"https:\/\/123-esta.com\/pt-pt\/","logo":{"@type":"ImageObject","inLanguage":"pt-PT","@id":"https:\/\/123-esta.com\/pt-pt\/#\/schema\/logo\/image\/","url":"https:\/\/123-esta.com\/wp-content\/uploads\/2018\/03\/logo-123-esta.png","contentUrl":"https:\/\/123-esta.com\/wp-content\/uploads\/2018\/03\/logo-123-esta.png","width":191,"height":54,"caption":"Formulaire ESTA pour les USA"},"image":{"@id":"https:\/\/123-esta.com\/pt-pt\/#\/schema\/logo\/image\/"}}]}},"_links":{"self":[{"href":"https:\/\/123-esta.com\/pt-pt\/wp-json\/wp\/v2\/pages\/2495","targetHints":{"allow":["GET"]}}],"collection":[{"href":"https:\/\/123-esta.com\/pt-pt\/wp-json\/wp\/v2\/pages"}],"about":[{"href":"https:\/\/123-esta.com\/pt-pt\/wp-json\/wp\/v2\/types\/page"}],"author":[{"embeddable":true,"href":"https:\/\/123-esta.com\/pt-pt\/wp-json\/wp\/v2\/users\/1"}],"replies":[{"embeddable":true,"href":"https:\/\/123-esta.com\/pt-pt\/wp-json\/wp\/v2\/comments?post=2495"}],"version-history":[{"count":0,"href":"https:\/\/123-esta.com\/pt-pt\/wp-json\/wp\/v2\/pages\/2495\/revisions"}],"wp:attachment":[{"href":"https:\/\/123-esta.com\/pt-pt\/wp-json\/wp\/v2\/media?parent=2495"}],"curies":[{"name":"wp","href":"https:\/\/api.w.org\/{rel}","templated":true}]}}