{"id":2493,"date":"2022-07-27T21:35:25","date_gmt":"2022-07-27T19:35:25","guid":{"rendered":"https:\/\/123-esta.com\/ultrapassou-a-data-de-permanencia-no-pais\/"},"modified":"2024-10-07T15:02:51","modified_gmt":"2024-10-07T13:02:51","slug":"excedendo-a-data-limite-para-estadia-nos-eua","status":"publish","type":"page","link":"https:\/\/123-esta.com\/pt-pt\/excedendo-a-data-limite-para-estadia-nos-eua\/","title":{"rendered":"Os riscos de ficar mais tempo nos EUA"},"content":{"rendered":"\n<p>Os EUA s\u00e3o um dos destinos mais populares para os visitantes ao longo do ano, especialmente durante a \u00e9poca natal\u00edcia. Se esta for a sua primeira viagem ao pa\u00eds, ou se tiver passado mais de dois anos desde a sua \u00faltima visita, deve solicitar a autoriza\u00e7\u00e3o ESTA, se o seu pa\u00eds for membro do Programa de Isen\u00e7\u00e3o de Vistos.<\/p>\n\n<p>\u00c9 f\u00e1cil candidatar-se, pois tudo o que tens de fazer \u00e9 preencher o formul\u00e1rio ESTA em linha. Poder\u00e3o ent\u00e3o surgir tr\u00eas casos:<\/p>\n\n<ul class=\"wp-block-list\">\n<li>a sua candidatura \u00e9 aprovada ;<\/li>\n\n\n\n<li>o seu pedido \u00e9 rejeitado ;<\/li>\n\n\n\n<li>o seu pedido est\u00e1 pendente.<\/li>\n<\/ul>\n\n<p>Se lhe for concedida a autoriza\u00e7\u00e3o ESTA, isto significa que tem o direito de estar nos Estados Unidos sempre que desejar por um per\u00edodo frequentemente equivalente a um m\u00e1ximo de 3 meses. Como lembrete, <a href=\"\/\/123-esta.com\/validite-esta\/\">esta autoriza\u00e7\u00e3o ESTA \u00e9 v\u00e1lida por um per\u00edodo de 2 anos<\/a>.<\/p>\n\n<h2 class=\"wp-block-heading\">O que \u00e9 que acontece se eu ultrapassar o prazo da minha estadia?<\/h2>\n\n<p>Uma vez excedida a sua estadia, \u00e9 automaticamente considerado um imigrante ilegal.<\/p>\n\n<p>Obviamente, para evitar esta situa\u00e7\u00e3o desagrad\u00e1vel, deve certificar-se de que deixa os EUA antes do prazo da sua estadia. Caso contr\u00e1rio, isto pode levar a uma proibi\u00e7\u00e3o ou mesmo a uma recusa de entrada nos EUA entre 3 e 10 anos, dependendo do per\u00edodo de tempo em que foi excedido.<\/p>\n\n<p>Se o limite for ultrapassado, o funcion\u00e1rio consular perguntar-lhe-\u00e1 porqu\u00ea. Se tiver um bom argumento (acidente, problema m\u00e9dico, for\u00e7a maior, etc.) poder\u00e1 regressar aos EUA sem qualquer problema. No entanto, se o seu argumento n\u00e3o convencer a administra\u00e7\u00e3o dos EUA, ser\u00e1 automaticamente penalizado e notado como um indiv\u00edduo que pretende residir ilegalmente nos EUA.<\/p>\n\n<h2 class=\"wp-block-heading\">O que fazer para evitar uma tal situa\u00e7\u00e3o<\/h2>\n\n<p>Se, por qualquer raz\u00e3o, a tua estadia for suscet\u00edvel de durar mais de 90 dias, recomenda-se vivamente que solicites um visto, evitando o pedido ESTA. De facto, alguns tipos de vistos permitir-lhe-\u00e3o permanecer nos EUA por mais de 3 meses.<\/p>\n\n<p>Al\u00e9m disso, com um visto, pode prolongar a sua estadia mediante a simples apresenta\u00e7\u00e3o de um pedido fundamentado. Isto n\u00e3o se aplica \u00e0 autoriza\u00e7\u00e3o ESTA, a menos que se trate de uma emerg\u00eancia m\u00e9dica ou de um pedido de asilo pol\u00edtico.<\/p>\n\n<p>No entanto, as estadias superiores a 90 dias s\u00e3o raras e requerem frequentemente procedimentos administrativos morosos e dispendiosos. Se tiveres a certeza de que a tua estadia ser\u00e1 inferior a 3 meses, podes simplesmente pedir uma autoriza\u00e7\u00e3o ESTA. Uma licen\u00e7a que lhe permite entrar nos Estados Unidos de forma legal e segura.<\/p>\n\n<p><\/p>\n","protected":false},"excerpt":{"rendered":"<p>Os EUA s\u00e3o um dos destinos mais populares para os visitantes ao longo do ano, especialmente durante a \u00e9poca natal\u00edcia. Se esta for a sua primeira viagem ao pa\u00eds, ou se tiver passado mais de dois anos desde a sua \u00faltima visita, deve solicitar a autoriza\u00e7\u00e3o ESTA, se o seu pa\u00eds for membro do Programa [&hellip;]<\/p>\n","protected":false},"author":1,"featured_media":0,"parent":0,"menu_order":0,"comment_status":"closed","ping_status":"closed","template":"","meta":{"site-sidebar-layout":"default","site-content-layout":"default","ast-site-content-layout":"default","site-content-style":"default","site-sidebar-style":"default","ast-global-header-display":"","ast-banner-title-visibility":"","ast-main-header-display":"","ast-hfb-above-header-display":"","ast-hfb-below-header-display":"","ast-hfb-mobile-header-display":"","site-post-title":"","ast-breadcrumbs-content":"","ast-featured-img":"","footer-sml-layout":"","ast-disable-related-posts":"","theme-transparent-header-meta":"default","adv-header-id-meta":"","stick-header-meta":"default","header-above-stick-meta":"","header-main-stick-meta":"","header-below-stick-meta":"","astra-migrate-meta-layouts":"default","ast-page-background-enabled":"default","ast-page-background-meta":{"desktop":{"background-color":"","background-image":"","background-repeat":"repeat","background-position":"center center","background-size":"auto","background-attachment":"scroll","background-type":"","background-media":"","overlay-type":"","overlay-color":"","overlay-opacity":"","overlay-gradient":""},"tablet":{"background-color":"","background-image":"","background-repeat":"repeat","background-position":"center center","background-size":"auto","background-attachment":"scroll","background-type":"","background-media":"","overlay-type":"","overlay-color":"","overlay-opacity":"","overlay-gradient":""},"mobile":{"background-color":"","background-image":"","background-repeat":"repeat","background-position":"center center","background-size":"auto","background-attachment":"scroll","background-type":"","background-media":"","overlay-type":"","overlay-color":"","overlay-opacity":"","overlay-gradient":""}},"ast-content-background-meta":{"desktop":{"background-color":"var(--ast-global-color-5)","background-image":"","background-repeat":"repeat","background-position":"center center","background-size":"auto","background-attachment":"scroll","background-type":"","background-media":"","overlay-type":"","overlay-color":"","overlay-opacity":"","overlay-gradient":""},"tablet":{"background-color":"var(--ast-global-color-5)","background-image":"","background-repeat":"repeat","background-position":"center center","background-size":"auto","background-attachment":"scroll","background-type":"","background-media":"","overlay-type":"","overlay-color":"","overlay-opacity":"","overlay-gradient":""},"mobile":{"background-color":"var(--ast-global-color-5)","background-image":"","background-repeat":"repeat","background-position":"center center","background-size":"auto","background-attachment":"scroll","background-type":"","background-media":"","overlay-type":"","overlay-color":"","overlay-opacity":"","overlay-gradient":""}},"footnotes":""},"class_list":["post-2493","page","type-page","status-publish","hentry"],"yoast_head":"<!-- This site is optimized with the Yoast SEO plugin v27.1.1 - https:\/\/yoast.com\/product\/yoast-seo-wordpress\/ -->\n<title>Os riscos de ficar mais tempo nos EUA<\/title>\n<meta name=\"description\" content=\"Existe um limite de tempo para as estadias aprovadas pelo ESTA? Em caso afirmativo, o que \u00e9 e pode ser prolongado?\" \/>\n<meta name=\"robots\" content=\"index, follow, max-snippet:-1, max-image-preview:large, max-video-preview:-1\" \/>\n<link rel=\"canonical\" href=\"https:\/\/123-esta.com\/pt-pt\/excedendo-a-data-limite-para-estadia-nos-eua\/\" \/>\n<meta property=\"og:locale\" content=\"pt_PT\" \/>\n<meta property=\"og:type\" content=\"article\" \/>\n<meta property=\"og:title\" content=\"Os riscos de ficar mais tempo nos EUA\" \/>\n<meta property=\"og:description\" content=\"Existe um limite de tempo para as estadias aprovadas pelo ESTA? Em caso afirmativo, o que \u00e9 e pode ser prolongado?\" \/>\n<meta property=\"og:url\" content=\"https:\/\/123-esta.com\/pt-pt\/excedendo-a-data-limite-para-estadia-nos-eua\/\" \/>\n<meta property=\"og:site_name\" content=\"Formulaire ESTA pour les USA\" \/>\n<meta property=\"article:modified_time\" content=\"2024-10-07T13:02:51+00:00\" \/>\n<meta name=\"twitter:card\" content=\"summary_large_image\" \/>\n<meta name=\"twitter:label1\" content=\"Tempo estimado de leitura\" \/>\n\t<meta name=\"twitter:data1\" content=\"2 minutos\" \/>\n<script type=\"application\/ld+json\" class=\"yoast-schema-graph\">{\"@context\":\"https:\/\/schema.org\",\"@graph\":[{\"@type\":\"WebPage\",\"@id\":\"https:\/\/123-esta.com\/pt-pt\/excedendo-a-data-limite-para-estadia-nos-eua\/\",\"url\":\"https:\/\/123-esta.com\/pt-pt\/excedendo-a-data-limite-para-estadia-nos-eua\/\",\"name\":\"Os riscos de ficar mais tempo nos EUA\",\"isPartOf\":{\"@id\":\"https:\/\/123-esta.com\/pt-pt\/#website\"},\"datePublished\":\"2022-07-27T19:35:25+00:00\",\"dateModified\":\"2024-10-07T13:02:51+00:00\",\"description\":\"Existe um limite de tempo para as estadias aprovadas pelo ESTA? Em caso afirmativo, o que \u00e9 e pode ser prolongado?\",\"inLanguage\":\"pt-PT\",\"potentialAction\":[{\"@type\":\"ReadAction\",\"target\":[\"https:\/\/123-esta.com\/pt-pt\/excedendo-a-data-limite-para-estadia-nos-eua\/\"]}]},{\"@type\":\"WebSite\",\"@id\":\"https:\/\/123-esta.com\/pt-pt\/#website\",\"url\":\"https:\/\/123-esta.com\/pt-pt\/\",\"name\":\"Formulaire ESTA pour les USA\",\"description\":\"\",\"publisher\":{\"@id\":\"https:\/\/123-esta.com\/pt-pt\/#organization\"},\"potentialAction\":[{\"@type\":\"SearchAction\",\"target\":{\"@type\":\"EntryPoint\",\"urlTemplate\":\"https:\/\/123-esta.com\/pt-pt\/?s={search_term_string}\"},\"query-input\":{\"@type\":\"PropertyValueSpecification\",\"valueRequired\":true,\"valueName\":\"search_term_string\"}}],\"inLanguage\":\"pt-PT\"},{\"@type\":\"Organization\",\"@id\":\"https:\/\/123-esta.com\/pt-pt\/#organization\",\"name\":\"Formulaire ESTA pour les USA\",\"url\":\"https:\/\/123-esta.com\/pt-pt\/\",\"logo\":{\"@type\":\"ImageObject\",\"inLanguage\":\"pt-PT\",\"@id\":\"https:\/\/123-esta.com\/pt-pt\/#\/schema\/logo\/image\/\",\"url\":\"https:\/\/123-esta.com\/wp-content\/uploads\/2018\/03\/logo-123-esta.png\",\"contentUrl\":\"https:\/\/123-esta.com\/wp-content\/uploads\/2018\/03\/logo-123-esta.png\",\"width\":191,\"height\":54,\"caption\":\"Formulaire ESTA pour les USA\"},\"image\":{\"@id\":\"https:\/\/123-esta.com\/pt-pt\/#\/schema\/logo\/image\/\"}}]}<\/script>\n<!-- \/ Yoast SEO plugin. -->","yoast_head_json":{"title":"Os riscos de ficar mais tempo nos EUA","description":"Existe um limite de tempo para as estadias aprovadas pelo ESTA? Em caso afirmativo, o que \u00e9 e pode ser prolongado?","robots":{"index":"index","follow":"follow","max-snippet":"max-snippet:-1","max-image-preview":"max-image-preview:large","max-video-preview":"max-video-preview:-1"},"canonical":"https:\/\/123-esta.com\/pt-pt\/excedendo-a-data-limite-para-estadia-nos-eua\/","og_locale":"pt_PT","og_type":"article","og_title":"Os riscos de ficar mais tempo nos EUA","og_description":"Existe um limite de tempo para as estadias aprovadas pelo ESTA? Em caso afirmativo, o que \u00e9 e pode ser prolongado?","og_url":"https:\/\/123-esta.com\/pt-pt\/excedendo-a-data-limite-para-estadia-nos-eua\/","og_site_name":"Formulaire ESTA pour les USA","article_modified_time":"2024-10-07T13:02:51+00:00","twitter_card":"summary_large_image","twitter_misc":{"Tempo estimado de leitura":"2 minutos"},"schema":{"@context":"https:\/\/schema.org","@graph":[{"@type":"WebPage","@id":"https:\/\/123-esta.com\/pt-pt\/excedendo-a-data-limite-para-estadia-nos-eua\/","url":"https:\/\/123-esta.com\/pt-pt\/excedendo-a-data-limite-para-estadia-nos-eua\/","name":"Os riscos de ficar mais tempo nos EUA","isPartOf":{"@id":"https:\/\/123-esta.com\/pt-pt\/#website"},"datePublished":"2022-07-27T19:35:25+00:00","dateModified":"2024-10-07T13:02:51+00:00","description":"Existe um limite de tempo para as estadias aprovadas pelo ESTA? Em caso afirmativo, o que \u00e9 e pode ser prolongado?","inLanguage":"pt-PT","potentialAction":[{"@type":"ReadAction","target":["https:\/\/123-esta.com\/pt-pt\/excedendo-a-data-limite-para-estadia-nos-eua\/"]}]},{"@type":"WebSite","@id":"https:\/\/123-esta.com\/pt-pt\/#website","url":"https:\/\/123-esta.com\/pt-pt\/","name":"Formulaire ESTA pour les USA","description":"","publisher":{"@id":"https:\/\/123-esta.com\/pt-pt\/#organization"},"potentialAction":[{"@type":"SearchAction","target":{"@type":"EntryPoint","urlTemplate":"https:\/\/123-esta.com\/pt-pt\/?s={search_term_string}"},"query-input":{"@type":"PropertyValueSpecification","valueRequired":true,"valueName":"search_term_string"}}],"inLanguage":"pt-PT"},{"@type":"Organization","@id":"https:\/\/123-esta.com\/pt-pt\/#organization","name":"Formulaire ESTA pour les USA","url":"https:\/\/123-esta.com\/pt-pt\/","logo":{"@type":"ImageObject","inLanguage":"pt-PT","@id":"https:\/\/123-esta.com\/pt-pt\/#\/schema\/logo\/image\/","url":"https:\/\/123-esta.com\/wp-content\/uploads\/2018\/03\/logo-123-esta.png","contentUrl":"https:\/\/123-esta.com\/wp-content\/uploads\/2018\/03\/logo-123-esta.png","width":191,"height":54,"caption":"Formulaire ESTA pour les USA"},"image":{"@id":"https:\/\/123-esta.com\/pt-pt\/#\/schema\/logo\/image\/"}}]}},"_links":{"self":[{"href":"https:\/\/123-esta.com\/pt-pt\/wp-json\/wp\/v2\/pages\/2493","targetHints":{"allow":["GET"]}}],"collection":[{"href":"https:\/\/123-esta.com\/pt-pt\/wp-json\/wp\/v2\/pages"}],"about":[{"href":"https:\/\/123-esta.com\/pt-pt\/wp-json\/wp\/v2\/types\/page"}],"author":[{"embeddable":true,"href":"https:\/\/123-esta.com\/pt-pt\/wp-json\/wp\/v2\/users\/1"}],"replies":[{"embeddable":true,"href":"https:\/\/123-esta.com\/pt-pt\/wp-json\/wp\/v2\/comments?post=2493"}],"version-history":[{"count":0,"href":"https:\/\/123-esta.com\/pt-pt\/wp-json\/wp\/v2\/pages\/2493\/revisions"}],"wp:attachment":[{"href":"https:\/\/123-esta.com\/pt-pt\/wp-json\/wp\/v2\/media?parent=2493"}],"curies":[{"name":"wp","href":"https:\/\/api.w.org\/{rel}","templated":true}]}}