{"id":2490,"date":"2022-07-27T21:35:24","date_gmt":"2022-07-27T19:35:24","guid":{"rendered":"https:\/\/123-esta.com\/esta-por-terra\/"},"modified":"2022-08-23T23:28:30","modified_gmt":"2022-08-23T21:28:30","slug":"esta-para-viajar-para-os-eua-por-terra","status":"publish","type":"page","link":"https:\/\/123-esta.com\/pt-pt\/esta-para-viajar-para-os-eua-por-terra\/","title":{"rendered":"O ESTA trabalha para a entrada por terra nos EUA?"},"content":{"rendered":"\n<p>O ESTA \u00e9 um <a href=\"https:\/\/123-esta.com\/pt-pt\/faq-esta\/\">documento electr\u00f3nico<\/a> que, em certos casos, \u00e9 necess\u00e1rio para os indiv\u00edduos que desejam viajar para os Estados Unidos. O pedido \u00e9 feito em linha num website especializado no sistema de autoriza\u00e7\u00e3o electr\u00f3nica.<\/p>\n\n<p>A candidatura inclui v\u00e1rias quest\u00f5es que permitir\u00e3o \u00e0s autoridades dos EUA julgar se o candidato pode entrar nos EUA sem risco &#8211; social ou m\u00e9dico &#8211; para os cidad\u00e3os americanos.<\/p>\n\n<h2 class=\"wp-block-heading\">Os benef\u00edcios do ESTA<\/h2>\n\n<p>Este documento \u00e9 agora necess\u00e1rio para todas as chegadas aos EUA, seja por avi\u00e3o, barco ou carro provenientes do estrangeiro. Permite ao candidato uma estadia de menos de 90 dias nos EUA.<\/p>\n\n<p>Esta autoriza\u00e7\u00e3o electr\u00f3nica \u00e9 semelhante a um visto, mas s\u00f3 estar\u00e1 operacional em certos casos e por um per\u00edodo de tempo limitado. Isto porque, ao contr\u00e1rio de um visto, esta autoriza\u00e7\u00e3o s\u00f3 \u00e9 exigida ao abrigo do Programa de Isen\u00e7\u00e3o de Vistos.<\/p>\n\n<h2 class=\"wp-block-heading\">MANDAT\u00d3RIO ESTA DE 2022 para acesso terrestre aos EUA<\/h2>\n\n<p>No que diz respeito ao acesso terrestre aos Estados Unidos por indiv\u00edduos n\u00e3o locais do Canad\u00e1 ou M\u00e9xico, o pedido ESTA \u00e9 obrigat\u00f3rio desde Maio de 2022.<\/p>\n\n<p>Anteriormente, os viajantes podiam simplesmente preencher o formul\u00e1rio I-94W. Este documento permitiu a entrada nos EUA antes de 2022 por terra durante uma estadia m\u00e1xima de 90 dias nos EUA. Note-se que ao atravessar uma fronteira terrestre, os carros devem passar pela alf\u00e2ndega, atrav\u00e9s de uma fila de espera.<\/p>\n","protected":false},"excerpt":{"rendered":"<p>O ESTA \u00e9 um documento electr\u00f3nico que, em certos casos, \u00e9 necess\u00e1rio para os indiv\u00edduos que desejam viajar para os Estados Unidos. O pedido \u00e9 feito em linha num website especializado no sistema de autoriza\u00e7\u00e3o electr\u00f3nica. A candidatura inclui v\u00e1rias quest\u00f5es que permitir\u00e3o \u00e0s autoridades dos EUA julgar se o candidato pode entrar nos EUA [&hellip;]<\/p>\n","protected":false},"author":1,"featured_media":0,"parent":0,"menu_order":0,"comment_status":"closed","ping_status":"closed","template":"","meta":{"site-sidebar-layout":"default","site-content-layout":"default","ast-site-content-layout":"default","site-content-style":"default","site-sidebar-style":"default","ast-global-header-display":"","ast-banner-title-visibility":"","ast-main-header-display":"","ast-hfb-above-header-display":"","ast-hfb-below-header-display":"","ast-hfb-mobile-header-display":"","site-post-title":"","ast-breadcrumbs-content":"","ast-featured-img":"","footer-sml-layout":"","ast-disable-related-posts":"","theme-transparent-header-meta":"default","adv-header-id-meta":"","stick-header-meta":"default","header-above-stick-meta":"","header-main-stick-meta":"","header-below-stick-meta":"","astra-migrate-meta-layouts":"default","ast-page-background-enabled":"default","ast-page-background-meta":{"desktop":{"background-color":"","background-image":"","background-repeat":"repeat","background-position":"center center","background-size":"auto","background-attachment":"scroll","background-type":"","background-media":"","overlay-type":"","overlay-color":"","overlay-opacity":"","overlay-gradient":""},"tablet":{"background-color":"","background-image":"","background-repeat":"repeat","background-position":"center center","background-size":"auto","background-attachment":"scroll","background-type":"","background-media":"","overlay-type":"","overlay-color":"","overlay-opacity":"","overlay-gradient":""},"mobile":{"background-color":"","background-image":"","background-repeat":"repeat","background-position":"center center","background-size":"auto","background-attachment":"scroll","background-type":"","background-media":"","overlay-type":"","overlay-color":"","overlay-opacity":"","overlay-gradient":""}},"ast-content-background-meta":{"desktop":{"background-color":"var(--ast-global-color-5)","background-image":"","background-repeat":"repeat","background-position":"center center","background-size":"auto","background-attachment":"scroll","background-type":"","background-media":"","overlay-type":"","overlay-color":"","overlay-opacity":"","overlay-gradient":""},"tablet":{"background-color":"var(--ast-global-color-5)","background-image":"","background-repeat":"repeat","background-position":"center center","background-size":"auto","background-attachment":"scroll","background-type":"","background-media":"","overlay-type":"","overlay-color":"","overlay-opacity":"","overlay-gradient":""},"mobile":{"background-color":"var(--ast-global-color-5)","background-image":"","background-repeat":"repeat","background-position":"center center","background-size":"auto","background-attachment":"scroll","background-type":"","background-media":"","overlay-type":"","overlay-color":"","overlay-opacity":"","overlay-gradient":""}},"footnotes":""},"class_list":["post-2490","page","type-page","status-publish","hentry"],"yoast_head":"<!-- This site is optimized with the Yoast SEO plugin v27.1.1 - https:\/\/yoast.com\/product\/yoast-seo-wordpress\/ -->\n<title>O ESTA trabalha para a entrada por terra nos EUA?<\/title>\n<meta name=\"description\" content=\"Preciso de solicitar um ESTA para conduzir para os EUA a partir do M\u00e9xico? Informa\u00e7\u00e3o sobre entradas de terrenos.\" \/>\n<meta name=\"robots\" content=\"index, follow, max-snippet:-1, max-image-preview:large, max-video-preview:-1\" \/>\n<link rel=\"canonical\" href=\"https:\/\/123-esta.com\/pt-pt\/esta-para-viajar-para-os-eua-por-terra\/\" \/>\n<meta property=\"og:locale\" content=\"pt_PT\" \/>\n<meta property=\"og:type\" content=\"article\" \/>\n<meta property=\"og:title\" content=\"O ESTA trabalha para a entrada por terra nos EUA?\" \/>\n<meta property=\"og:description\" content=\"Preciso de solicitar um ESTA para conduzir para os EUA a partir do M\u00e9xico? Informa\u00e7\u00e3o sobre entradas de terrenos.\" \/>\n<meta property=\"og:url\" content=\"https:\/\/123-esta.com\/pt-pt\/esta-para-viajar-para-os-eua-por-terra\/\" \/>\n<meta property=\"og:site_name\" content=\"Formulaire ESTA pour les USA\" \/>\n<meta property=\"article:modified_time\" content=\"2022-08-23T21:28:30+00:00\" \/>\n<meta name=\"twitter:card\" content=\"summary_large_image\" \/>\n<meta name=\"twitter:label1\" content=\"Tempo estimado de leitura\" \/>\n\t<meta name=\"twitter:data1\" content=\"1 minuto\" \/>\n<script type=\"application\/ld+json\" class=\"yoast-schema-graph\">{\"@context\":\"https:\/\/schema.org\",\"@graph\":[{\"@type\":\"WebPage\",\"@id\":\"https:\/\/123-esta.com\/pt-pt\/esta-para-viajar-para-os-eua-por-terra\/\",\"url\":\"https:\/\/123-esta.com\/pt-pt\/esta-para-viajar-para-os-eua-por-terra\/\",\"name\":\"O ESTA trabalha para a entrada por terra nos EUA?\",\"isPartOf\":{\"@id\":\"https:\/\/123-esta.com\/pt-pt\/#website\"},\"datePublished\":\"2022-07-27T19:35:24+00:00\",\"dateModified\":\"2022-08-23T21:28:30+00:00\",\"description\":\"Preciso de solicitar um ESTA para conduzir para os EUA a partir do M\u00e9xico? Informa\u00e7\u00e3o sobre entradas de terrenos.\",\"inLanguage\":\"pt-PT\",\"potentialAction\":[{\"@type\":\"ReadAction\",\"target\":[\"https:\/\/123-esta.com\/pt-pt\/esta-para-viajar-para-os-eua-por-terra\/\"]}]},{\"@type\":\"WebSite\",\"@id\":\"https:\/\/123-esta.com\/pt-pt\/#website\",\"url\":\"https:\/\/123-esta.com\/pt-pt\/\",\"name\":\"Formulaire ESTA pour les USA\",\"description\":\"\",\"publisher\":{\"@id\":\"https:\/\/123-esta.com\/pt-pt\/#organization\"},\"potentialAction\":[{\"@type\":\"SearchAction\",\"target\":{\"@type\":\"EntryPoint\",\"urlTemplate\":\"https:\/\/123-esta.com\/pt-pt\/?s={search_term_string}\"},\"query-input\":{\"@type\":\"PropertyValueSpecification\",\"valueRequired\":true,\"valueName\":\"search_term_string\"}}],\"inLanguage\":\"pt-PT\"},{\"@type\":\"Organization\",\"@id\":\"https:\/\/123-esta.com\/pt-pt\/#organization\",\"name\":\"Formulaire ESTA pour les USA\",\"url\":\"https:\/\/123-esta.com\/pt-pt\/\",\"logo\":{\"@type\":\"ImageObject\",\"inLanguage\":\"pt-PT\",\"@id\":\"https:\/\/123-esta.com\/pt-pt\/#\/schema\/logo\/image\/\",\"url\":\"https:\/\/123-esta.com\/wp-content\/uploads\/2018\/03\/logo-123-esta.png\",\"contentUrl\":\"https:\/\/123-esta.com\/wp-content\/uploads\/2018\/03\/logo-123-esta.png\",\"width\":191,\"height\":54,\"caption\":\"Formulaire ESTA pour les USA\"},\"image\":{\"@id\":\"https:\/\/123-esta.com\/pt-pt\/#\/schema\/logo\/image\/\"}}]}<\/script>\n<!-- \/ Yoast SEO plugin. -->","yoast_head_json":{"title":"O ESTA trabalha para a entrada por terra nos EUA?","description":"Preciso de solicitar um ESTA para conduzir para os EUA a partir do M\u00e9xico? Informa\u00e7\u00e3o sobre entradas de terrenos.","robots":{"index":"index","follow":"follow","max-snippet":"max-snippet:-1","max-image-preview":"max-image-preview:large","max-video-preview":"max-video-preview:-1"},"canonical":"https:\/\/123-esta.com\/pt-pt\/esta-para-viajar-para-os-eua-por-terra\/","og_locale":"pt_PT","og_type":"article","og_title":"O ESTA trabalha para a entrada por terra nos EUA?","og_description":"Preciso de solicitar um ESTA para conduzir para os EUA a partir do M\u00e9xico? Informa\u00e7\u00e3o sobre entradas de terrenos.","og_url":"https:\/\/123-esta.com\/pt-pt\/esta-para-viajar-para-os-eua-por-terra\/","og_site_name":"Formulaire ESTA pour les USA","article_modified_time":"2022-08-23T21:28:30+00:00","twitter_card":"summary_large_image","twitter_misc":{"Tempo estimado de leitura":"1 minuto"},"schema":{"@context":"https:\/\/schema.org","@graph":[{"@type":"WebPage","@id":"https:\/\/123-esta.com\/pt-pt\/esta-para-viajar-para-os-eua-por-terra\/","url":"https:\/\/123-esta.com\/pt-pt\/esta-para-viajar-para-os-eua-por-terra\/","name":"O ESTA trabalha para a entrada por terra nos EUA?","isPartOf":{"@id":"https:\/\/123-esta.com\/pt-pt\/#website"},"datePublished":"2022-07-27T19:35:24+00:00","dateModified":"2022-08-23T21:28:30+00:00","description":"Preciso de solicitar um ESTA para conduzir para os EUA a partir do M\u00e9xico? Informa\u00e7\u00e3o sobre entradas de terrenos.","inLanguage":"pt-PT","potentialAction":[{"@type":"ReadAction","target":["https:\/\/123-esta.com\/pt-pt\/esta-para-viajar-para-os-eua-por-terra\/"]}]},{"@type":"WebSite","@id":"https:\/\/123-esta.com\/pt-pt\/#website","url":"https:\/\/123-esta.com\/pt-pt\/","name":"Formulaire ESTA pour les USA","description":"","publisher":{"@id":"https:\/\/123-esta.com\/pt-pt\/#organization"},"potentialAction":[{"@type":"SearchAction","target":{"@type":"EntryPoint","urlTemplate":"https:\/\/123-esta.com\/pt-pt\/?s={search_term_string}"},"query-input":{"@type":"PropertyValueSpecification","valueRequired":true,"valueName":"search_term_string"}}],"inLanguage":"pt-PT"},{"@type":"Organization","@id":"https:\/\/123-esta.com\/pt-pt\/#organization","name":"Formulaire ESTA pour les USA","url":"https:\/\/123-esta.com\/pt-pt\/","logo":{"@type":"ImageObject","inLanguage":"pt-PT","@id":"https:\/\/123-esta.com\/pt-pt\/#\/schema\/logo\/image\/","url":"https:\/\/123-esta.com\/wp-content\/uploads\/2018\/03\/logo-123-esta.png","contentUrl":"https:\/\/123-esta.com\/wp-content\/uploads\/2018\/03\/logo-123-esta.png","width":191,"height":54,"caption":"Formulaire ESTA pour les USA"},"image":{"@id":"https:\/\/123-esta.com\/pt-pt\/#\/schema\/logo\/image\/"}}]}},"_links":{"self":[{"href":"https:\/\/123-esta.com\/pt-pt\/wp-json\/wp\/v2\/pages\/2490","targetHints":{"allow":["GET"]}}],"collection":[{"href":"https:\/\/123-esta.com\/pt-pt\/wp-json\/wp\/v2\/pages"}],"about":[{"href":"https:\/\/123-esta.com\/pt-pt\/wp-json\/wp\/v2\/types\/page"}],"author":[{"embeddable":true,"href":"https:\/\/123-esta.com\/pt-pt\/wp-json\/wp\/v2\/users\/1"}],"replies":[{"embeddable":true,"href":"https:\/\/123-esta.com\/pt-pt\/wp-json\/wp\/v2\/comments?post=2490"}],"version-history":[{"count":0,"href":"https:\/\/123-esta.com\/pt-pt\/wp-json\/wp\/v2\/pages\/2490\/revisions"}],"wp:attachment":[{"href":"https:\/\/123-esta.com\/pt-pt\/wp-json\/wp\/v2\/media?parent=2490"}],"curies":[{"name":"wp","href":"https:\/\/api.w.org\/{rel}","templated":true}]}}