{"id":2479,"date":"2022-07-27T21:35:20","date_gmt":"2022-07-27T19:35:20","guid":{"rendered":"https:\/\/123-esta.com\/candidatura-para-visa-usa\/"},"modified":"2022-09-15T09:39:28","modified_gmt":"2022-09-15T07:39:28","slug":"candidatura-para-visa-eua","status":"publish","type":"page","link":"https:\/\/123-esta.com\/pt-pt\/candidatura-para-visa-eua\/","title":{"rendered":"Como requerer um visto dos EUA"},"content":{"rendered":"\n<p>Sonha com a expatria\u00e7\u00e3o e com o sonho americano? Quer viver nos Estados Unidos ou simplesmente ir para l\u00e1 para uma simples visita tur\u00edstica? Antes de poder p\u00f4r os p\u00e9s em solo americano, deve solicitar um <a href=\"https:\/\/123-esta.com\/pt-pt\/visto-de-turista-dos-estados-unidos\/\">visto de turista dos EUA<\/a>.<\/p>\n\n<p>H\u00e1 quase tantos vistos como situa\u00e7\u00f5es (para fazer um est\u00e1gio, para estudar numa universidade americana, para fazer uma estadia lingu\u00edstica&#8230;) mas voltaremos neste artigo ao procedimento de pedido de <a href=\"https:\/\/123-esta.com\/pt-pt\/voce-precisa-de-visto-para-os-eua\/\">visto para os EUA<\/a> no \u00e2mbito de uma estadia tempor\u00e1ria.<\/p>\n\n<h2 class=\"wp-block-heading\">Quem deve solicitar um visto dos EUA?<\/h2>\n\n<p>O governo dos EUA \u00e9 muito rigoroso em mat\u00e9ria de imigra\u00e7\u00e3o, mesmo tempor\u00e1ria. Qualquer pessoa que queira trabalhar nos Estados Unidos ou simplesmente ir passear nas ruas de Miami deve satisfazer uma s\u00e9rie de crit\u00e9rios de elegibilidade. Os crit\u00e9rios de elegibilidade s\u00e3o verificados durante o processo de pedido de <a href=\"https:\/\/usa-esta.net\/pt-pt\/visto-eua\/\">visto dos EUA<\/a>.<\/p>\n\n<p>Existem 3 tipos de pedidos de visto dos EUA: o Programa de Isen\u00e7\u00e3o de Vistos dos EUA (VWP) Autoriza\u00e7\u00e3o de Viagem, o Visto de Residente Tempor\u00e1rio e o Visto de Residente Permanente.<\/p>\n\n<p>Os procedimentos e o <a href=\"https:\/\/123-esta.com\/pt-pt\/qual-e-o-preco-de-um-visto-para-os-eua\/\">custo do visto dos EUA<\/a> variam consoante a categoria de documento requerido, mas qualquer pessoa que pretenda viajar para o pa\u00eds do Tio Sam deve ter uma autoriza\u00e7\u00e3o de viagem ou visto dos EUA.<\/p>\n\n<p>O mais frequentemente solicitado \u00e9 para turismo, neg\u00f3cios, estudo, programas de interc\u00e2mbio e emprego tempor\u00e1rio.<\/p>\n\n<h2 class=\"wp-block-heading\">Quando solicitar um visto para os EUA?<\/h2>\n\n<p>Para evitar qualquer desilus\u00e3o, a resposta \u00e9 inequ\u00edvoca: o mais depressa poss\u00edvel! O tempo de processamento depende do tipo de pedido e tamb\u00e9m do consulado onde se solicita o visto dos EUA. Al\u00e9m disso, o processo pode por vezes demorar mais do que o prazo anunciado, se as autoridades americanas considerarem que s\u00e3o necess\u00e1rias mais investiga\u00e7\u00f5es.<br\/>Recomenda-se portanto que espere at\u00e9 ter o seu visto dos EUA no bolso antes de reservar os seus bilhetes de avi\u00e3o e o seu hotel para os Estados Unidos, porque sem visto, pode dizer adeus \u00e0 sua viagem \u00e0 Florida.<\/p>\n\n<p>Em termos mais gerais, e esta informa\u00e7\u00e3o \u00e9 particularmente relevante para os globetrotters, certifique-se de que possui um passaporte electr\u00f3nico ou biom\u00e9trico v\u00e1lido antes de solicitar um visto e verifique a data de validade. Al\u00e9m disso, se for um viajante frequente, espere at\u00e9 estar no seu pa\u00eds de resid\u00eancia antes de solicitar um visto dos EUA, pois ter\u00e1 de assistir a uma entrevista f\u00edsica.<\/p>\n\n<h2 class=\"wp-block-heading\">Como solicitar um visto para os EUA?<\/h2>\n\n<p>Mas <a href=\"https:\/\/123-esta.com\/pt-pt\/obter-um-visto-para-os-estados-unidos\/\">como \u00e9 que se consegue um visto para os Estados<\/a> Unidos? O pedido de visto dos EUA \u00e9 feito directamente para a embaixada ou consulado dos EUA mais pr\u00f3ximo.<\/p>\n\n<p>Em termos concretos, para obter um visto para os Estados Unidos, \u00e9 necess\u00e1rio ir primeiro ao website oficial do governo, ou seja, o website da embaixada e consulados dos Estados Unidos da Am\u00e9rica, para preencher um formul\u00e1rio online. Note que se tiver quaisquer quest\u00f5es relativas ao processo de pedido de visto dos EUA no seu pa\u00eds de origem, pode encontrar os dados de contacto da embaixada (n\u00famero de telefone e endere\u00e7o de correio electr\u00f3nico) directamente no website.<\/p>\n\n<p>Depois de ter preenchido o seu pedido online, carregado a sua fotografia, pago a taxa de pedido de visto e reunido os documentos necess\u00e1rios, receber\u00e1 uma notifica\u00e7\u00e3o dos documentos que precisa de reunir e apresentar na sua entrevista na Embaixada (ou Consulado) dos EUA com um representante do governo dos EUA. Durante este encontro, ser\u00e1 convidado a apresentar-se e ao seu projecto pessoal ou profissional no territ\u00f3rio americano. N\u00e3o deve ser amarrado em todos os pormenores, mas deve ser definido em termos gerais, particularmente no que diz respeito \u00e0s suas motiva\u00e7\u00f5es e \u00e0 dura\u00e7\u00e3o estimada da sua estadia.<\/p>\n\n<p>Depois de passar esta entrevista, o tempo necess\u00e1rio para receber o seu visto americano \u00e9 bastante r\u00e1pido (entre 3 e 5 dias), mas ainda est\u00e1 sujeito aos caprichos do servi\u00e7o postal e ao tempo necess\u00e1rio para processar o seu processo, dependendo do n\u00famero de pedidos de visto no seu pa\u00eds.<\/p>\n","protected":false},"excerpt":{"rendered":"<p>Sonha com a expatria\u00e7\u00e3o e com o sonho americano? Quer viver nos Estados Unidos ou simplesmente ir para l\u00e1 para uma simples visita tur\u00edstica? Antes de poder p\u00f4r os p\u00e9s em solo americano, deve solicitar um visto de turista dos EUA. H\u00e1 quase tantos vistos como situa\u00e7\u00f5es (para fazer um est\u00e1gio, para estudar numa universidade [&hellip;]<\/p>\n","protected":false},"author":1,"featured_media":0,"parent":0,"menu_order":0,"comment_status":"closed","ping_status":"closed","template":"","meta":{"site-sidebar-layout":"default","site-content-layout":"default","ast-site-content-layout":"default","site-content-style":"default","site-sidebar-style":"default","ast-global-header-display":"","ast-banner-title-visibility":"","ast-main-header-display":"","ast-hfb-above-header-display":"","ast-hfb-below-header-display":"","ast-hfb-mobile-header-display":"","site-post-title":"","ast-breadcrumbs-content":"","ast-featured-img":"","footer-sml-layout":"","ast-disable-related-posts":"","theme-transparent-header-meta":"default","adv-header-id-meta":"","stick-header-meta":"default","header-above-stick-meta":"","header-main-stick-meta":"","header-below-stick-meta":"","astra-migrate-meta-layouts":"default","ast-page-background-enabled":"default","ast-page-background-meta":{"desktop":{"background-color":"","background-image":"","background-repeat":"repeat","background-position":"center center","background-size":"auto","background-attachment":"scroll","background-type":"","background-media":"","overlay-type":"","overlay-color":"","overlay-opacity":"","overlay-gradient":""},"tablet":{"background-color":"","background-image":"","background-repeat":"repeat","background-position":"center center","background-size":"auto","background-attachment":"scroll","background-type":"","background-media":"","overlay-type":"","overlay-color":"","overlay-opacity":"","overlay-gradient":""},"mobile":{"background-color":"","background-image":"","background-repeat":"repeat","background-position":"center center","background-size":"auto","background-attachment":"scroll","background-type":"","background-media":"","overlay-type":"","overlay-color":"","overlay-opacity":"","overlay-gradient":""}},"ast-content-background-meta":{"desktop":{"background-color":"var(--ast-global-color-5)","background-image":"","background-repeat":"repeat","background-position":"center center","background-size":"auto","background-attachment":"scroll","background-type":"","background-media":"","overlay-type":"","overlay-color":"","overlay-opacity":"","overlay-gradient":""},"tablet":{"background-color":"var(--ast-global-color-5)","background-image":"","background-repeat":"repeat","background-position":"center center","background-size":"auto","background-attachment":"scroll","background-type":"","background-media":"","overlay-type":"","overlay-color":"","overlay-opacity":"","overlay-gradient":""},"mobile":{"background-color":"var(--ast-global-color-5)","background-image":"","background-repeat":"repeat","background-position":"center center","background-size":"auto","background-attachment":"scroll","background-type":"","background-media":"","overlay-type":"","overlay-color":"","overlay-opacity":"","overlay-gradient":""}},"footnotes":""},"class_list":["post-2479","page","type-page","status-publish","hentry"],"yoast_head":"<!-- This site is optimized with the Yoast SEO plugin v27.1.1 - https:\/\/yoast.com\/product\/yoast-seo-wordpress\/ -->\n<title>Como requerer um visto dos EUA<\/title>\n<meta name=\"description\" content=\"Todas as informa\u00e7\u00f5es necess\u00e1rias para solicitar um visto na Embaixada dos EUA podem ser encontradas aqui.\" \/>\n<meta name=\"robots\" content=\"index, follow, max-snippet:-1, max-image-preview:large, max-video-preview:-1\" \/>\n<link rel=\"canonical\" href=\"https:\/\/123-esta.com\/pt-pt\/candidatura-para-visa-eua\/\" \/>\n<meta property=\"og:locale\" content=\"pt_PT\" \/>\n<meta property=\"og:type\" content=\"article\" \/>\n<meta property=\"og:title\" content=\"Como requerer um visto dos EUA\" \/>\n<meta property=\"og:description\" content=\"Todas as informa\u00e7\u00f5es necess\u00e1rias para solicitar um visto na Embaixada dos EUA podem ser encontradas aqui.\" \/>\n<meta property=\"og:url\" content=\"https:\/\/123-esta.com\/pt-pt\/candidatura-para-visa-eua\/\" \/>\n<meta property=\"og:site_name\" content=\"Formulaire ESTA pour les USA\" \/>\n<meta property=\"article:modified_time\" content=\"2022-09-15T07:39:28+00:00\" \/>\n<meta name=\"twitter:card\" content=\"summary_large_image\" \/>\n<meta name=\"twitter:label1\" content=\"Tempo estimado de leitura\" \/>\n\t<meta name=\"twitter:data1\" content=\"4 minutos\" \/>\n<script type=\"application\/ld+json\" class=\"yoast-schema-graph\">{\"@context\":\"https:\/\/schema.org\",\"@graph\":[{\"@type\":\"WebPage\",\"@id\":\"https:\/\/123-esta.com\/pt-pt\/candidatura-para-visa-eua\/\",\"url\":\"https:\/\/123-esta.com\/pt-pt\/candidatura-para-visa-eua\/\",\"name\":\"Como requerer um visto dos EUA\",\"isPartOf\":{\"@id\":\"https:\/\/123-esta.com\/pt-pt\/#website\"},\"datePublished\":\"2022-07-27T19:35:20+00:00\",\"dateModified\":\"2022-09-15T07:39:28+00:00\",\"description\":\"Todas as informa\u00e7\u00f5es necess\u00e1rias para solicitar um visto na Embaixada dos EUA podem ser encontradas aqui.\",\"inLanguage\":\"pt-PT\",\"potentialAction\":[{\"@type\":\"ReadAction\",\"target\":[\"https:\/\/123-esta.com\/pt-pt\/candidatura-para-visa-eua\/\"]}]},{\"@type\":\"WebSite\",\"@id\":\"https:\/\/123-esta.com\/pt-pt\/#website\",\"url\":\"https:\/\/123-esta.com\/pt-pt\/\",\"name\":\"Formulaire ESTA pour les USA\",\"description\":\"\",\"publisher\":{\"@id\":\"https:\/\/123-esta.com\/pt-pt\/#organization\"},\"potentialAction\":[{\"@type\":\"SearchAction\",\"target\":{\"@type\":\"EntryPoint\",\"urlTemplate\":\"https:\/\/123-esta.com\/pt-pt\/?s={search_term_string}\"},\"query-input\":{\"@type\":\"PropertyValueSpecification\",\"valueRequired\":true,\"valueName\":\"search_term_string\"}}],\"inLanguage\":\"pt-PT\"},{\"@type\":\"Organization\",\"@id\":\"https:\/\/123-esta.com\/pt-pt\/#organization\",\"name\":\"Formulaire ESTA pour les USA\",\"url\":\"https:\/\/123-esta.com\/pt-pt\/\",\"logo\":{\"@type\":\"ImageObject\",\"inLanguage\":\"pt-PT\",\"@id\":\"https:\/\/123-esta.com\/pt-pt\/#\/schema\/logo\/image\/\",\"url\":\"https:\/\/123-esta.com\/wp-content\/uploads\/2018\/03\/logo-123-esta.png\",\"contentUrl\":\"https:\/\/123-esta.com\/wp-content\/uploads\/2018\/03\/logo-123-esta.png\",\"width\":191,\"height\":54,\"caption\":\"Formulaire ESTA pour les USA\"},\"image\":{\"@id\":\"https:\/\/123-esta.com\/pt-pt\/#\/schema\/logo\/image\/\"}}]}<\/script>\n<!-- \/ Yoast SEO plugin. -->","yoast_head_json":{"title":"Como requerer um visto dos EUA","description":"Todas as informa\u00e7\u00f5es necess\u00e1rias para solicitar um visto na Embaixada dos EUA podem ser encontradas aqui.","robots":{"index":"index","follow":"follow","max-snippet":"max-snippet:-1","max-image-preview":"max-image-preview:large","max-video-preview":"max-video-preview:-1"},"canonical":"https:\/\/123-esta.com\/pt-pt\/candidatura-para-visa-eua\/","og_locale":"pt_PT","og_type":"article","og_title":"Como requerer um visto dos EUA","og_description":"Todas as informa\u00e7\u00f5es necess\u00e1rias para solicitar um visto na Embaixada dos EUA podem ser encontradas aqui.","og_url":"https:\/\/123-esta.com\/pt-pt\/candidatura-para-visa-eua\/","og_site_name":"Formulaire ESTA pour les USA","article_modified_time":"2022-09-15T07:39:28+00:00","twitter_card":"summary_large_image","twitter_misc":{"Tempo estimado de leitura":"4 minutos"},"schema":{"@context":"https:\/\/schema.org","@graph":[{"@type":"WebPage","@id":"https:\/\/123-esta.com\/pt-pt\/candidatura-para-visa-eua\/","url":"https:\/\/123-esta.com\/pt-pt\/candidatura-para-visa-eua\/","name":"Como requerer um visto dos EUA","isPartOf":{"@id":"https:\/\/123-esta.com\/pt-pt\/#website"},"datePublished":"2022-07-27T19:35:20+00:00","dateModified":"2022-09-15T07:39:28+00:00","description":"Todas as informa\u00e7\u00f5es necess\u00e1rias para solicitar um visto na Embaixada dos EUA podem ser encontradas aqui.","inLanguage":"pt-PT","potentialAction":[{"@type":"ReadAction","target":["https:\/\/123-esta.com\/pt-pt\/candidatura-para-visa-eua\/"]}]},{"@type":"WebSite","@id":"https:\/\/123-esta.com\/pt-pt\/#website","url":"https:\/\/123-esta.com\/pt-pt\/","name":"Formulaire ESTA pour les USA","description":"","publisher":{"@id":"https:\/\/123-esta.com\/pt-pt\/#organization"},"potentialAction":[{"@type":"SearchAction","target":{"@type":"EntryPoint","urlTemplate":"https:\/\/123-esta.com\/pt-pt\/?s={search_term_string}"},"query-input":{"@type":"PropertyValueSpecification","valueRequired":true,"valueName":"search_term_string"}}],"inLanguage":"pt-PT"},{"@type":"Organization","@id":"https:\/\/123-esta.com\/pt-pt\/#organization","name":"Formulaire ESTA pour les USA","url":"https:\/\/123-esta.com\/pt-pt\/","logo":{"@type":"ImageObject","inLanguage":"pt-PT","@id":"https:\/\/123-esta.com\/pt-pt\/#\/schema\/logo\/image\/","url":"https:\/\/123-esta.com\/wp-content\/uploads\/2018\/03\/logo-123-esta.png","contentUrl":"https:\/\/123-esta.com\/wp-content\/uploads\/2018\/03\/logo-123-esta.png","width":191,"height":54,"caption":"Formulaire ESTA pour les USA"},"image":{"@id":"https:\/\/123-esta.com\/pt-pt\/#\/schema\/logo\/image\/"}}]}},"_links":{"self":[{"href":"https:\/\/123-esta.com\/pt-pt\/wp-json\/wp\/v2\/pages\/2479","targetHints":{"allow":["GET"]}}],"collection":[{"href":"https:\/\/123-esta.com\/pt-pt\/wp-json\/wp\/v2\/pages"}],"about":[{"href":"https:\/\/123-esta.com\/pt-pt\/wp-json\/wp\/v2\/types\/page"}],"author":[{"embeddable":true,"href":"https:\/\/123-esta.com\/pt-pt\/wp-json\/wp\/v2\/users\/1"}],"replies":[{"embeddable":true,"href":"https:\/\/123-esta.com\/pt-pt\/wp-json\/wp\/v2\/comments?post=2479"}],"version-history":[{"count":0,"href":"https:\/\/123-esta.com\/pt-pt\/wp-json\/wp\/v2\/pages\/2479\/revisions"}],"wp:attachment":[{"href":"https:\/\/123-esta.com\/pt-pt\/wp-json\/wp\/v2\/media?parent=2479"}],"curies":[{"name":"wp","href":"https:\/\/api.w.org\/{rel}","templated":true}]}}