{"id":2476,"date":"2022-07-27T21:35:20","date_gmt":"2022-07-27T19:35:20","guid":{"rendered":"https:\/\/123-esta.com\/esta-oficial\/"},"modified":"2022-09-19T17:57:05","modified_gmt":"2022-09-19T15:57:05","slug":"esta-oficial","status":"publish","type":"page","link":"https:\/\/123-esta.com\/pt-pt\/esta-oficial\/","title":{"rendered":"Viajar para os EUA sem visto gra\u00e7as ao ESTA oficial"},"content":{"rendered":"\n<p><span style=\"font-weight: 400;\">\u00c9 um f\u00e3 da cultura americana? Viajar para os EUA nunca foi t\u00e3o f\u00e1cil. \u00c9 perfeitamente poss\u00edvel viajar para os EUA sem um <a href=\"https:\/\/123-esta.com\/pt-pt\/visto-de-turista-dos-estados-unidos\/\">visto tur\u00edstico B2<\/a>. Uma simples autoriza\u00e7\u00e3o electr\u00f3nica de viagem \u00e9 tudo o que precisa: o ESTA oficial. Introduzido pela administra\u00e7\u00e3o dos EUA, o seu objectivo \u00e9 refor\u00e7ar a seguran\u00e7a interna, facilitando simultaneamente a entrada nos EUA. No entanto, o ESTA oficial n\u00e3o est\u00e1 dispon\u00edvel para todos. Neste artigo, analisaremos as v\u00e1rias condi\u00e7\u00f5es que devem ser satisfeitas para se ser eleg\u00edvel para o ESTA. Em seguida, detalharemos o procedimento para a sua candidatura.  <\/span><\/p>\n\n<h2 class=\"wp-block-heading\"><span style=\"font-weight: 400;\">Os requisitos de elegibilidade para o funcion\u00e1rio<\/span><span style=\"font-weight: 400;\">ESTA oficial <\/span><span style=\"font-weight: 400;\">Estados Unidos da Am\u00e9rica <\/span> <\/h2>\n\n<h3 class=\"wp-block-heading\"><span style=\"font-weight: 400;\">A nacionalidade do cidad\u00e3o<\/span><\/h3>\n\n<p><span style=\"font-weight: 400;\">A primeira coisa a verificar antes de solicitar a autoriza\u00e7\u00e3o oficial ESTA \u00e9 garantir que a sua nacionalidade faz parte do VWP (Programa de Isen\u00e7\u00e3o de Vistos). Este esquema de isen\u00e7\u00e3o de visto abrange um total de 40 na\u00e7\u00f5es desde 2022. Os pa\u00edses membros incluem pa\u00edses da UE (Fran\u00e7a, It\u00e1lia, Espanha, Pol\u00f3nia, etc.), Austr\u00e1lia, Nova Zel\u00e2ndia e Jap\u00e3o.<\/span><\/p>\n\n<p><span style=\"font-weight: 400;\">Os cidad\u00e3os europeus t\u00eam assim direito a viajar para os EUA sem visto, desde que n\u00e3o tenham dupla nacionalidade s\u00edria, iraquiana, iraniana ou sudanesa.  <\/span><\/p>\n\n<h3 class=\"wp-block-heading\"><span style=\"font-weight: 400;\">O passaporte do viajante  <\/span><\/h3>\n\n<p><span style=\"font-weight: 400;\">Para entrar no pa\u00eds, \u00e9 claro que deve ser sempre acompanhado por um documento de identidade v\u00e1lido. As autoridades dos EUA exigem que os viajantes tenham um passaporte biom\u00e9trico ou electr\u00f3nico. Esta condi\u00e7\u00e3o aplica-se tanto ao visto ESTA como ao visto dos EUA.  <\/span><\/p>\n\n<p><span style=\"font-weight: 400;\">Tamb\u00e9m \u00e9 necess\u00e1rio ter um passaporte v\u00e1lido para a dura\u00e7\u00e3o da sua viagem aos EUA. Se o seu passaporte expirar antes de partir para os Estados Unidos, ter\u00e1 de solicitar uma renova\u00e7\u00e3o na sua c\u00e2mara municipal local.<\/span><\/p>\n\n<h3 class=\"wp-block-heading\"><span style=\"font-weight: 400;\">Como entrar nos EUA  <\/span><\/h3>\n\n<p><span style=\"font-weight: 400;\">O visto ESTA permite aos cidad\u00e3os estrangeiros entrar no pa\u00eds por via a\u00e9rea ou mar\u00edtima. Se chegar aos EUA por terra, \u00e9 agora tamb\u00e9m necess\u00e1rio solicitar um ESTA ao M\u00e9xico ou ao Canad\u00e1, o formul\u00e1rio l94-W j\u00e1 n\u00e3o \u00e9 suficiente desde Maio de 2022.  <\/span><\/p>\n\n<h3 class=\"wp-block-heading\"><span style=\"font-weight: 400;\">O motivo da viagem para os EUA  <\/span><\/h3>\n\n<p><span style=\"font-weight: 400;\">O ESTA oficial \u00e9 emitido apenas para tr\u00eas tipos de estadia nos EUA:  <\/span><\/p>\n\n<ul class=\"wp-block-list\"><li><span style=\"font-weight: 400;\">uma viagem tur\u00edstica (visita a Nova Iorque, acampamento nos parques nacionais, viagem de carro no Oeste americano&#8230;);  <\/span><\/li><li><span style=\"font-weight: 400;\">uma viagem de neg\u00f3cios (visita a um parceiro de neg\u00f3cios, assinatura de um contrato, confer\u00eancia, etc.). Note que se desejar ir para os EUA para um est\u00e1gio ou para trabalhar, n\u00e3o poder\u00e1 beneficiar do ESTA. Ter\u00e1 de solicitar um visto dos EUA na Embaixada dos EUA;  <\/span><\/li><li><span style=\"font-weight: 400;\"> <a href=\"https:\/\/123-esta.com\/pt-pt\/deve-um-solicitar-uma-esta-para-um-transito\/\">transitar atrav\u00e9s dos EUA<\/a> at\u00e9 ao seu destino final.  <\/span><\/li><\/ul>\n\n<h3 class=\"wp-block-heading\"><span style=\"font-weight: 400;\">Dura\u00e7\u00e3o da estadia nos Estados Unidos  <\/span><\/h3>\n\n<p><span style=\"font-weight: 400;\">Se planeia ficar nos EUA at\u00e9 90 dias, poder\u00e1 entrar nos EUA com um funcion\u00e1rio <\/span><span style=\"font-weight: 400;\">Certificado ESTA<\/span><span style=\"font-weight: 400;\">. Ser-lhe-\u00e1 pedido que mostre ao funcion\u00e1rio da imigra\u00e7\u00e3o um bilhete de regresso ou de regresso (de sa\u00edda).<\/span><\/p>\n\n<p><span style=\"font-weight: 400;\">Se a sua estadia exceder este limite, mesmo que seja por um dia, ter\u00e1 de solicitar um visto dos EUA. Para <a href=\"https:\/\/123-esta.com\/pt-pt\/obter-um-visto-para-os-estados-unidos\/\">obter um visto americano<\/a>, ter\u00e1 de se dirigir pessoalmente \u00e0 embaixada ou consulado dos EUA.  <\/span><\/p>\n\n<p><span style=\"font-weight: 400;\">Se cumprir todos os requisitos, pode ent\u00e3o solicitar oficialmente a resid\u00eancia tempor\u00e1ria para viajar para os EUA.  <\/span><\/p>\n\n<h2 class=\"wp-block-heading\"><span style=\"font-weight: 400;\">Como candidatar-se a um ESTA oficial?  <\/span><\/h2>\n\n<p><span style=\"font-weight: 400;\">Para solicitar uma autoriza\u00e7\u00e3o oficial ESTA, o procedimento \u00e9 simples: basta preencher <a href=\"https:\/\/123-esta.com\/pt-pt\/forma-esta-em-portugues\/\">um formul\u00e1rio em linha<\/a>. Para aceder ao formul\u00e1rio de candidatura, visite o website oficial do governo dos EUA.  <\/span><\/p>\n\n<h3 class=\"wp-block-heading\"><span style=\"font-weight: 400;\">O formul\u00e1rio online no site oficial<\/span><\/h3>\n\n<p><span style=\"font-weight: 400;\">O formul\u00e1rio oficial do ESTA \u00e9 r\u00e1pido de preencher. Contudo, requer um certo rigor, porque se as informa\u00e7\u00f5es solicitadas forem incorrectas, os sistemas electr\u00f3nicos do governo dos EUA podem rejeitar a sua candidatura. Tenha cuidado, especialmente para mulheres casadas: o apelido a ser indicado no formul\u00e1rio ESTA \u00e9 o nome que aparece no seu passaporte (apelido de solteira ou nome de casada).  <\/span><\/p>\n\n<p><span style=\"font-weight: 400;\">O formul\u00e1rio oficial do ESTA est\u00e1 estruturado da seguinte forma:  <\/span><\/p>\n\n<ol class=\"wp-block-list\"><li style=\"font-weight: 400;\"><span style=\"font-weight: 400;\">a primeira parte est\u00e1 relacionada com os seus dados pessoais e as raz\u00f5es da sua viagem aos Estados Unidos;  <\/span><\/li><li style=\"font-weight: 400;\"><span style=\"font-weight: 400;\">Na segunda parte, ter\u00e1 de fornecer os dados do seu passaporte (n\u00famero do passaporte, pa\u00eds de emiss\u00e3o, data de validade, etc.);  <\/span><\/li><li style=\"font-weight: 400;\"><span style=\"font-weight: 400;\">a \u00faltima parte toma a forma de um question\u00e1rio. Ter\u00e1 de responder a dez perguntas fechadas (sim ou n\u00e3o). Estas perguntas s\u00e3o sobre o seu registo criminal, estadias anteriores no estrangeiro e o seu estado de sa\u00fade actual.  <\/span><\/li><\/ol>\n\n<p><span style=\"font-weight: 400;\">Se n\u00e3o cometeu nenhum erro descuidado, n\u00e3o est\u00e1 sujeito a uma doen\u00e7a transmiss\u00edvel e nunca foi condenado por um crime, a Alf\u00e2ndega e Protec\u00e7\u00e3o de Fronteiras dos EUA muito provavelmente aprovar\u00e1 o seu pedido online.  <\/span><\/p>\n\n<p><span style=\"font-weight: 400;\">Ap\u00f3s submeter a sua candidatura no s\u00edtio web oficial do ESTA, ser-lhe-\u00e1 pedido que aguarde um m\u00e1ximo de 72 horas antes de receber uma resposta do governo.  <\/span><\/p>\n\n<h2 class=\"wp-block-heading\"><span style=\"font-weight: 400;\">Aplica\u00e7\u00e3o oficial ESTA: quanto \u00e9 que custa?  <\/span><\/h2>\n\n<p><span style=\"font-weight: 400;\">A candidatura a um ESTA online oficial implicar\u00e1 uma taxa administrativa de 21 USD. A taxa ESTA USA \u00e9 composta da seguinte forma:  <\/span><\/p>\n\n<ul class=\"wp-block-list\"><li><span style=\"font-weight: 400;\">4 USD para a taxa de processamento da candidatura ;  <\/span><\/li><li><span style=\"font-weight: 400;\">17 USD para a conta da taxa de autoriza\u00e7\u00e3o. O montante cobrado \u00e9 utilizado para promover o turismo americano a n\u00edvel internacional. Se o seu pedido oficial ESTA for rejeitado pelo governo dos EUA, n\u00e3o ter\u00e1 de pagar esta taxa.  <\/span><\/li><\/ul>\n\n<p><span style=\"font-weight: 400;\">Para pagar, ser-lhe-\u00e1 simplesmente pedido que introduza os dados do seu cart\u00e3o de cr\u00e9dito (Mastercard, Visa, American Express, etc.).<\/span><\/p>\n\n<h2 class=\"wp-block-heading\"><span style=\"font-weight: 400;\">Condi\u00e7\u00f5es de utiliza\u00e7\u00e3o do<\/span><span style=\"font-weight: 400;\">Oficial ESTA EUA <\/span> <\/h2>\n\n<p><span style=\"font-weight: 400;\">Quando concedido, o funcion\u00e1rio<\/span><span style=\"font-weight: 400;\"> Oficial ESTA EUA <\/span> <span style=\"font-weight: 400;\">tem uma validade de 24 meses. Permite aos nacionais fazer v\u00e1rias viagens tur\u00edsticas ou de neg\u00f3cios aos EUA durante este per\u00edodo. No entanto, esta condi\u00e7\u00e3o s\u00f3 \u00e9 v\u00e1lida se estiver na posse de um passaporte v\u00e1lido. Se o documento de identidade expirar antes da data final do seu ESTA, a sua autoriza\u00e7\u00e3o de viagem em linha tornar-se-\u00e1 inutiliz\u00e1vel.<\/span><\/p>\n\n<p><span style=\"font-weight: 400;\">Ap\u00f3s os dois anos, se desejar visitar novamente os Estados Unidos, \u00e9 inteiramente poss\u00edvel renovar o documento oficial do ESTA USA. O procedimento \u00e9 o mesmo que para a sua primeira candidatura ESTA: basta dirigir-se ao website do governo dos EUA e apresentar uma nova candidatura utilizando o seu novo passaporte.<\/span><\/p>\n\n<p><span style=\"font-weight: 400;\">Note-se que n\u00e3o \u00e9 necess\u00e1rio imprimir o formul\u00e1rio ESTA antes de viajar para os EUA. Para garantir que est\u00e1 na posse do<\/span><span style=\"font-weight: 400;\">ESTA oficial,<\/span><span style=\"font-weight: 400;\">  o oficial no posto fronteiri\u00e7o simplesmente digitalizar\u00e1 o seu passaporte. Gra\u00e7as aos sistemas de informa\u00e7\u00e3o das Alf\u00e2ndegas e Protec\u00e7\u00e3o de Fronteiras dos EUA, o oficial de controlo poder\u00e1 ver imediatamente se tem autoriza\u00e7\u00e3o para permanecer nos EUA.<\/span><\/p>\n\n<h2 class=\"wp-block-heading\"><span style=\"font-weight: 400;\">O que fazer se o seu ESTA oficial tiver sido recusado?  <\/span><\/h2>\n\n<p><span style=\"font-weight: 400;\">Se as autoridades dos EUA recusarem conceder-lhe a autoriza\u00e7\u00e3o de viagem ESTA. Primeiro, certifique-se de que a rejei\u00e7\u00e3o n\u00e3o \u00e9 devida a um erro na forma. Nesta fase, h\u00e1 dois cen\u00e1rios poss\u00edveis:  <\/span><\/p>\n\n<ul class=\"wp-block-list\"><li style=\"font-weight: 400;\"><span style=\"font-weight: 400;\">aparece um erro no formul\u00e1rio. Ter\u00e1 de iniciar o procedimento a partir do zero a partir do s\u00edtio oficial do ESTA;  <\/span><\/li><li style=\"font-weight: 400;\"><span style=\"font-weight: 400;\">n\u00e3o h\u00e1 erros. A recusa deve-se provavelmente ao n\u00e3o cumprimento das condi\u00e7\u00f5es de isen\u00e7\u00e3o de visto. A \u00fanica alternativa \u00e9 contactar a embaixada ou os servi\u00e7os consulares dos EUA para solicitar um visto.  <\/span><\/li><\/ul>\n\n<p><span style=\"font-weight: 400;\">Note-se que a candidatura a um ESTA num website privado especializado n\u00e3o constitui de forma alguma um obst\u00e1culo \u00e0 obten\u00e7\u00e3o de um ESTA oficial. O valor do seu ESTA n\u00e3o \u00e9 afectado por isto. A diferen\u00e7a reside na assist\u00eancia personalizada que lhe \u00e9 oferecida para reduzir o <a href=\"https:\/\/123-esta.com\/pt-pt\/razoes-para-um-esta-recusado\/\">risco de rejei\u00e7\u00e3o<\/a>.<\/span><\/p>\n","protected":false},"excerpt":{"rendered":"<p>\u00c9 um f\u00e3 da cultura americana? Viajar para os EUA nunca foi t\u00e3o f\u00e1cil. \u00c9 perfeitamente poss\u00edvel viajar para os EUA sem um visto tur\u00edstico B2. Uma simples autoriza\u00e7\u00e3o electr\u00f3nica de viagem \u00e9 tudo o que precisa: o ESTA oficial. Introduzido pela administra\u00e7\u00e3o dos EUA, o seu objectivo \u00e9 refor\u00e7ar a seguran\u00e7a interna, facilitando simultaneamente [&hellip;]<\/p>\n","protected":false},"author":1,"featured_media":0,"parent":0,"menu_order":0,"comment_status":"closed","ping_status":"closed","template":"","meta":{"site-sidebar-layout":"default","site-content-layout":"default","ast-site-content-layout":"default","site-content-style":"default","site-sidebar-style":"default","ast-global-header-display":"","ast-banner-title-visibility":"","ast-main-header-display":"","ast-hfb-above-header-display":"","ast-hfb-below-header-display":"","ast-hfb-mobile-header-display":"","site-post-title":"","ast-breadcrumbs-content":"","ast-featured-img":"","footer-sml-layout":"","ast-disable-related-posts":"","theme-transparent-header-meta":"default","adv-header-id-meta":"","stick-header-meta":"default","header-above-stick-meta":"","header-main-stick-meta":"","header-below-stick-meta":"","astra-migrate-meta-layouts":"default","ast-page-background-enabled":"default","ast-page-background-meta":{"desktop":{"background-color":"","background-image":"","background-repeat":"repeat","background-position":"center center","background-size":"auto","background-attachment":"scroll","background-type":"","background-media":"","overlay-type":"","overlay-color":"","overlay-opacity":"","overlay-gradient":""},"tablet":{"background-color":"","background-image":"","background-repeat":"repeat","background-position":"center center","background-size":"auto","background-attachment":"scroll","background-type":"","background-media":"","overlay-type":"","overlay-color":"","overlay-opacity":"","overlay-gradient":""},"mobile":{"background-color":"","background-image":"","background-repeat":"repeat","background-position":"center center","background-size":"auto","background-attachment":"scroll","background-type":"","background-media":"","overlay-type":"","overlay-color":"","overlay-opacity":"","overlay-gradient":""}},"ast-content-background-meta":{"desktop":{"background-color":"var(--ast-global-color-5)","background-image":"","background-repeat":"repeat","background-position":"center center","background-size":"auto","background-attachment":"scroll","background-type":"","background-media":"","overlay-type":"","overlay-color":"","overlay-opacity":"","overlay-gradient":""},"tablet":{"background-color":"var(--ast-global-color-5)","background-image":"","background-repeat":"repeat","background-position":"center center","background-size":"auto","background-attachment":"scroll","background-type":"","background-media":"","overlay-type":"","overlay-color":"","overlay-opacity":"","overlay-gradient":""},"mobile":{"background-color":"var(--ast-global-color-5)","background-image":"","background-repeat":"repeat","background-position":"center center","background-size":"auto","background-attachment":"scroll","background-type":"","background-media":"","overlay-type":"","overlay-color":"","overlay-opacity":"","overlay-gradient":""}},"footnotes":""},"class_list":["post-2476","page","type-page","status-publish","hentry"],"yoast_head":"<!-- This site is optimized with the Yoast SEO plugin v27.1.1 - https:\/\/yoast.com\/product\/yoast-seo-wordpress\/ -->\n<title>Viajar para os EUA com o ESTA oficial<\/title>\n<meta name=\"description\" content=\"\u00c9 poss\u00edvel entrar nos EUA sem visto. s\u00f3 precisa de se candidatar a um ESTA oficial. S\u00e3o necess\u00e1rias certas condi\u00e7\u00f5es para a sua obten\u00e7\u00e3o.\" \/>\n<meta name=\"robots\" content=\"index, follow, max-snippet:-1, max-image-preview:large, max-video-preview:-1\" \/>\n<link rel=\"canonical\" href=\"https:\/\/123-esta.com\/pt-pt\/esta-oficial\/\" \/>\n<meta property=\"og:locale\" content=\"pt_PT\" \/>\n<meta property=\"og:type\" content=\"article\" \/>\n<meta property=\"og:title\" content=\"Viajar para os EUA com o ESTA oficial\" \/>\n<meta property=\"og:description\" content=\"\u00c9 poss\u00edvel entrar nos EUA sem visto. s\u00f3 precisa de se candidatar a um ESTA oficial. S\u00e3o necess\u00e1rias certas condi\u00e7\u00f5es para a sua obten\u00e7\u00e3o.\" \/>\n<meta property=\"og:url\" content=\"https:\/\/123-esta.com\/pt-pt\/esta-oficial\/\" \/>\n<meta property=\"og:site_name\" content=\"Formulaire ESTA pour les USA\" \/>\n<meta property=\"article:modified_time\" content=\"2022-09-19T15:57:05+00:00\" \/>\n<meta name=\"twitter:card\" content=\"summary_large_image\" \/>\n<meta name=\"twitter:label1\" content=\"Tempo estimado de leitura\" \/>\n\t<meta name=\"twitter:data1\" content=\"7 minutos\" \/>\n<script type=\"application\/ld+json\" class=\"yoast-schema-graph\">{\"@context\":\"https:\/\/schema.org\",\"@graph\":[{\"@type\":\"WebPage\",\"@id\":\"https:\/\/123-esta.com\/pt-pt\/esta-oficial\/\",\"url\":\"https:\/\/123-esta.com\/pt-pt\/esta-oficial\/\",\"name\":\"Viajar para os EUA com o ESTA oficial\",\"isPartOf\":{\"@id\":\"https:\/\/123-esta.com\/pt-pt\/#website\"},\"datePublished\":\"2022-07-27T19:35:20+00:00\",\"dateModified\":\"2022-09-19T15:57:05+00:00\",\"description\":\"\u00c9 poss\u00edvel entrar nos EUA sem visto. s\u00f3 precisa de se candidatar a um ESTA oficial. S\u00e3o necess\u00e1rias certas condi\u00e7\u00f5es para a sua obten\u00e7\u00e3o.\",\"inLanguage\":\"pt-PT\",\"potentialAction\":[{\"@type\":\"ReadAction\",\"target\":[\"https:\/\/123-esta.com\/pt-pt\/esta-oficial\/\"]}]},{\"@type\":\"WebSite\",\"@id\":\"https:\/\/123-esta.com\/pt-pt\/#website\",\"url\":\"https:\/\/123-esta.com\/pt-pt\/\",\"name\":\"Formulaire ESTA pour les USA\",\"description\":\"\",\"publisher\":{\"@id\":\"https:\/\/123-esta.com\/pt-pt\/#organization\"},\"potentialAction\":[{\"@type\":\"SearchAction\",\"target\":{\"@type\":\"EntryPoint\",\"urlTemplate\":\"https:\/\/123-esta.com\/pt-pt\/?s={search_term_string}\"},\"query-input\":{\"@type\":\"PropertyValueSpecification\",\"valueRequired\":true,\"valueName\":\"search_term_string\"}}],\"inLanguage\":\"pt-PT\"},{\"@type\":\"Organization\",\"@id\":\"https:\/\/123-esta.com\/pt-pt\/#organization\",\"name\":\"Formulaire ESTA pour les USA\",\"url\":\"https:\/\/123-esta.com\/pt-pt\/\",\"logo\":{\"@type\":\"ImageObject\",\"inLanguage\":\"pt-PT\",\"@id\":\"https:\/\/123-esta.com\/pt-pt\/#\/schema\/logo\/image\/\",\"url\":\"https:\/\/123-esta.com\/wp-content\/uploads\/2018\/03\/logo-123-esta.png\",\"contentUrl\":\"https:\/\/123-esta.com\/wp-content\/uploads\/2018\/03\/logo-123-esta.png\",\"width\":191,\"height\":54,\"caption\":\"Formulaire ESTA pour les USA\"},\"image\":{\"@id\":\"https:\/\/123-esta.com\/pt-pt\/#\/schema\/logo\/image\/\"}}]}<\/script>\n<!-- \/ Yoast SEO plugin. -->","yoast_head_json":{"title":"Viajar para os EUA com o ESTA oficial","description":"\u00c9 poss\u00edvel entrar nos EUA sem visto. s\u00f3 precisa de se candidatar a um ESTA oficial. S\u00e3o necess\u00e1rias certas condi\u00e7\u00f5es para a sua obten\u00e7\u00e3o.","robots":{"index":"index","follow":"follow","max-snippet":"max-snippet:-1","max-image-preview":"max-image-preview:large","max-video-preview":"max-video-preview:-1"},"canonical":"https:\/\/123-esta.com\/pt-pt\/esta-oficial\/","og_locale":"pt_PT","og_type":"article","og_title":"Viajar para os EUA com o ESTA oficial","og_description":"\u00c9 poss\u00edvel entrar nos EUA sem visto. s\u00f3 precisa de se candidatar a um ESTA oficial. S\u00e3o necess\u00e1rias certas condi\u00e7\u00f5es para a sua obten\u00e7\u00e3o.","og_url":"https:\/\/123-esta.com\/pt-pt\/esta-oficial\/","og_site_name":"Formulaire ESTA pour les USA","article_modified_time":"2022-09-19T15:57:05+00:00","twitter_card":"summary_large_image","twitter_misc":{"Tempo estimado de leitura":"7 minutos"},"schema":{"@context":"https:\/\/schema.org","@graph":[{"@type":"WebPage","@id":"https:\/\/123-esta.com\/pt-pt\/esta-oficial\/","url":"https:\/\/123-esta.com\/pt-pt\/esta-oficial\/","name":"Viajar para os EUA com o ESTA oficial","isPartOf":{"@id":"https:\/\/123-esta.com\/pt-pt\/#website"},"datePublished":"2022-07-27T19:35:20+00:00","dateModified":"2022-09-19T15:57:05+00:00","description":"\u00c9 poss\u00edvel entrar nos EUA sem visto. s\u00f3 precisa de se candidatar a um ESTA oficial. S\u00e3o necess\u00e1rias certas condi\u00e7\u00f5es para a sua obten\u00e7\u00e3o.","inLanguage":"pt-PT","potentialAction":[{"@type":"ReadAction","target":["https:\/\/123-esta.com\/pt-pt\/esta-oficial\/"]}]},{"@type":"WebSite","@id":"https:\/\/123-esta.com\/pt-pt\/#website","url":"https:\/\/123-esta.com\/pt-pt\/","name":"Formulaire ESTA pour les USA","description":"","publisher":{"@id":"https:\/\/123-esta.com\/pt-pt\/#organization"},"potentialAction":[{"@type":"SearchAction","target":{"@type":"EntryPoint","urlTemplate":"https:\/\/123-esta.com\/pt-pt\/?s={search_term_string}"},"query-input":{"@type":"PropertyValueSpecification","valueRequired":true,"valueName":"search_term_string"}}],"inLanguage":"pt-PT"},{"@type":"Organization","@id":"https:\/\/123-esta.com\/pt-pt\/#organization","name":"Formulaire ESTA pour les USA","url":"https:\/\/123-esta.com\/pt-pt\/","logo":{"@type":"ImageObject","inLanguage":"pt-PT","@id":"https:\/\/123-esta.com\/pt-pt\/#\/schema\/logo\/image\/","url":"https:\/\/123-esta.com\/wp-content\/uploads\/2018\/03\/logo-123-esta.png","contentUrl":"https:\/\/123-esta.com\/wp-content\/uploads\/2018\/03\/logo-123-esta.png","width":191,"height":54,"caption":"Formulaire ESTA pour les USA"},"image":{"@id":"https:\/\/123-esta.com\/pt-pt\/#\/schema\/logo\/image\/"}}]}},"_links":{"self":[{"href":"https:\/\/123-esta.com\/pt-pt\/wp-json\/wp\/v2\/pages\/2476","targetHints":{"allow":["GET"]}}],"collection":[{"href":"https:\/\/123-esta.com\/pt-pt\/wp-json\/wp\/v2\/pages"}],"about":[{"href":"https:\/\/123-esta.com\/pt-pt\/wp-json\/wp\/v2\/types\/page"}],"author":[{"embeddable":true,"href":"https:\/\/123-esta.com\/pt-pt\/wp-json\/wp\/v2\/users\/1"}],"replies":[{"embeddable":true,"href":"https:\/\/123-esta.com\/pt-pt\/wp-json\/wp\/v2\/comments?post=2476"}],"version-history":[{"count":0,"href":"https:\/\/123-esta.com\/pt-pt\/wp-json\/wp\/v2\/pages\/2476\/revisions"}],"wp:attachment":[{"href":"https:\/\/123-esta.com\/pt-pt\/wp-json\/wp\/v2\/media?parent=2476"}],"curies":[{"name":"wp","href":"https:\/\/api.w.org\/{rel}","templated":true}]}}