{"id":2474,"date":"2022-07-27T21:35:19","date_gmt":"2022-07-27T19:35:19","guid":{"rendered":"https:\/\/123-esta.com\/formalidades-usa\/"},"modified":"2022-08-23T23:46:08","modified_gmt":"2022-08-23T21:46:08","slug":"formalidades-usa","status":"publish","type":"page","link":"https:\/\/123-esta.com\/pt-pt\/formalidades-usa\/","title":{"rendered":"Formalidades dos EUA para viajar para os Estados Unidos"},"content":{"rendered":"\n<p>Decidiu mudar-se para os EUA? O governo dos EUA, preocupado com a seguran\u00e7a do seu pa\u00eds, exige que os viajantes cumpram certos crit\u00e9rios e completem as formalidades de entrada necess\u00e1rias nos EUA antes de poderem sair e p\u00f4r os p\u00e9s em solo americano.<\/p>\n\n<p>Gra\u00e7as ao Programa de Isen\u00e7\u00e3o de Vistos, muitos franceses optam por passar as suas f\u00e9rias nos Estados Unidos. O <a href=\"https:\/\/123-esta.com\/pt-pt\/tudo-sobre-a-validade-do-esta\/\">ESTA \u00e9 v\u00e1lido<\/a> por dois anos, permitindo m\u00faltiplas visitas aos EUA durante este per\u00edodo. Embora este documento seja simples de obter, \u00e9 no entanto essencial, tal como algumas outras formalidades dos EUA a serem cumpridas antes de partir.<\/p>\n\n<h2 class=\"wp-block-heading\">Formalidades AMERICANAS a respeitar<\/h2>\n\n<p>Tem de se preparar para umas f\u00e9rias, e isto \u00e9 especialmente verdade para uma viagem aos Estados Unidos! As formalidades nos EUA podem parecer a princ\u00edpio longas e enfadonhas, mas n\u00e3o o s\u00e3o. Apresentamos os documentos que precisa de recolher e os crit\u00e9rios que tem de cumprir para viajar para os EUA.<\/p>\n\n<p>Antes de mais, deve possuir um passaporte electr\u00f3nico ou biom\u00e9trico v\u00e1lido que cubra toda a dura\u00e7\u00e3o da sua estadia nos EUA (incluindo a sua data de regresso). Como a Fran\u00e7a \u00e9 membro do &#8220;Clube dos Seis Meses&#8221;, n\u00e3o \u00e9 necess\u00e1rio que os seus nacionais tenham um passaporte v\u00e1lido durante 6 meses ap\u00f3s a data de regresso. Uma vez que tenha este documento no seu bolso, pode solicitar uma autoriza\u00e7\u00e3o de viagem ou um <a href=\"https:\/\/123-esta.com\/pt-pt\/visto-de-turista-dos-estados-unidos\/\">visto de turista dos EUA<\/a> (dependendo da sua situa\u00e7\u00e3o).<\/p>\n\n<p>Aten\u00e7\u00e3o: se tiver um passaporte de emerg\u00eancia, deve solicitar um visto dos EUA, independentemente do tipo de viagem que esteja a realizar (tur\u00edstica, de neg\u00f3cios ou <a href=\"https:\/\/123-esta.com\/pt-pt\/deve-um-solicitar-uma-esta-para-um-transito\/\">de tr\u00e2nsito<\/a>).<\/p>\n\n<p>Finalmente, se entrar nos Estados Unidos por via terrestre (do Canad\u00e1 ou M\u00e9xico), dever\u00e1 ter consigo o seu passaporte e ser\u00e1 obrigado a pagar uma taxa de 6 d\u00f3lares na fronteira.<\/p>\n\n<p>Uma vez cumpridas estas formalidades dos EUA, pode partir para os EUA com paz de esp\u00edrito. No entanto, a viagem s\u00f3 come\u00e7a realmente depois de ter passado pela imigra\u00e7\u00e3o americana.<\/p>\n\n<h2 class=\"wp-block-heading\">Formalidades Estados Unidos: passagem atrav\u00e9s do servi\u00e7o de imigra\u00e7\u00e3o dos EUA<\/h2>\n\n<p>Tem todos os documentos necess\u00e1rios para as suas f\u00e9rias em Nova Iorque e j\u00e1 cumpriu todas as formalidades de viagem nos EUA? Muito bem! Quando chegar aos Estados Unidos, passar\u00e1 pelo Servi\u00e7o de Imigra\u00e7\u00e3o dos EUA. O oficial que se apresentar para lhe pedir o seu passaporte. O formul\u00e1rio azul 6059B, tamb\u00e9m conhecido como formul\u00e1rio de declara\u00e7\u00e3o aduaneira (entregue no avi\u00e3o ou navio) j\u00e1 n\u00e3o \u00e9 necess\u00e1rio.<\/p>\n\n<p>O funcion\u00e1rio da imigra\u00e7\u00e3o tirar\u00e1 uma fotografia sua e digitalizar\u00e1 as suas impress\u00f5es digitais. Al\u00e9m disso, se tiver uma autoriza\u00e7\u00e3o de viagem, \u00e9 importante lembrar que esta apenas diz respeito \u00e0 sua viagem e n\u00e3o \u00e0 sua entrada nos Estados Unidos. Por outras palavras, significa que lhe \u00e9 permitido apresentar-se na fronteira dos EUA sem ter a garantia de a atravessar. Mas fique descansado, se tiver preenchido o seu formul\u00e1rio de candidatura de forma correcta e honesta, n\u00e3o h\u00e1 raz\u00e3o para que o oficial lhe recuse a entrada nos EUA.<br\/>\nFinalmente, lembre-se que se estiver apenas em tr\u00e2nsito, n\u00e3o est\u00e1 isento das formalidades dos EUA: passar\u00e1 pelo mesmo posto de controlo mas utilizar\u00e1 uma faixa dedicada aos viajantes em tr\u00e2nsito.<\/p>\n","protected":false},"excerpt":{"rendered":"<p>Decidiu mudar-se para os EUA? O governo dos EUA, preocupado com a seguran\u00e7a do seu pa\u00eds, exige que os viajantes cumpram certos crit\u00e9rios e completem as formalidades de entrada necess\u00e1rias nos EUA antes de poderem sair e p\u00f4r os p\u00e9s em solo americano. Gra\u00e7as ao Programa de Isen\u00e7\u00e3o de Vistos, muitos franceses optam por passar [&hellip;]<\/p>\n","protected":false},"author":1,"featured_media":0,"parent":0,"menu_order":0,"comment_status":"closed","ping_status":"closed","template":"","meta":{"site-sidebar-layout":"default","site-content-layout":"default","ast-site-content-layout":"default","site-content-style":"default","site-sidebar-style":"default","ast-global-header-display":"","ast-banner-title-visibility":"","ast-main-header-display":"","ast-hfb-above-header-display":"","ast-hfb-below-header-display":"","ast-hfb-mobile-header-display":"","site-post-title":"","ast-breadcrumbs-content":"","ast-featured-img":"","footer-sml-layout":"","ast-disable-related-posts":"","theme-transparent-header-meta":"default","adv-header-id-meta":"","stick-header-meta":"default","header-above-stick-meta":"","header-main-stick-meta":"","header-below-stick-meta":"","astra-migrate-meta-layouts":"default","ast-page-background-enabled":"default","ast-page-background-meta":{"desktop":{"background-color":"","background-image":"","background-repeat":"repeat","background-position":"center center","background-size":"auto","background-attachment":"scroll","background-type":"","background-media":"","overlay-type":"","overlay-color":"","overlay-opacity":"","overlay-gradient":""},"tablet":{"background-color":"","background-image":"","background-repeat":"repeat","background-position":"center center","background-size":"auto","background-attachment":"scroll","background-type":"","background-media":"","overlay-type":"","overlay-color":"","overlay-opacity":"","overlay-gradient":""},"mobile":{"background-color":"","background-image":"","background-repeat":"repeat","background-position":"center center","background-size":"auto","background-attachment":"scroll","background-type":"","background-media":"","overlay-type":"","overlay-color":"","overlay-opacity":"","overlay-gradient":""}},"ast-content-background-meta":{"desktop":{"background-color":"var(--ast-global-color-5)","background-image":"","background-repeat":"repeat","background-position":"center center","background-size":"auto","background-attachment":"scroll","background-type":"","background-media":"","overlay-type":"","overlay-color":"","overlay-opacity":"","overlay-gradient":""},"tablet":{"background-color":"var(--ast-global-color-5)","background-image":"","background-repeat":"repeat","background-position":"center center","background-size":"auto","background-attachment":"scroll","background-type":"","background-media":"","overlay-type":"","overlay-color":"","overlay-opacity":"","overlay-gradient":""},"mobile":{"background-color":"var(--ast-global-color-5)","background-image":"","background-repeat":"repeat","background-position":"center center","background-size":"auto","background-attachment":"scroll","background-type":"","background-media":"","overlay-type":"","overlay-color":"","overlay-opacity":"","overlay-gradient":""}},"footnotes":""},"class_list":["post-2474","page","type-page","status-publish","hentry"],"yoast_head":"<!-- This site is optimized with the Yoast SEO plugin v27.1.1 - https:\/\/yoast.com\/product\/yoast-seo-wordpress\/ -->\n<title>Formalidades para preparar a sua viagem aos Estados Unidos<\/title>\n<meta name=\"description\" content=\"Mudar-se para os Estados Unidos \u00e9 uma experi\u00eancia emocionante que precisa de ser preparada, caso contr\u00e1rio, ser\u00e1 um pesadelo. Lembrete das formalidades dos EUA a serem respeitadas.\" \/>\n<meta name=\"robots\" content=\"index, follow, max-snippet:-1, max-image-preview:large, max-video-preview:-1\" \/>\n<link rel=\"canonical\" href=\"https:\/\/123-esta.com\/pt-pt\/formalidades-usa\/\" \/>\n<meta property=\"og:locale\" content=\"pt_PT\" \/>\n<meta property=\"og:type\" content=\"article\" \/>\n<meta property=\"og:title\" content=\"Formalidades para preparar a sua viagem aos Estados Unidos\" \/>\n<meta property=\"og:description\" content=\"Mudar-se para os Estados Unidos \u00e9 uma experi\u00eancia emocionante que precisa de ser preparada, caso contr\u00e1rio, ser\u00e1 um pesadelo. Lembrete das formalidades dos EUA a serem respeitadas.\" \/>\n<meta property=\"og:url\" content=\"https:\/\/123-esta.com\/pt-pt\/formalidades-usa\/\" \/>\n<meta property=\"og:site_name\" content=\"Formulaire ESTA pour les USA\" \/>\n<meta property=\"article:modified_time\" content=\"2022-08-23T21:46:08+00:00\" \/>\n<meta name=\"twitter:card\" content=\"summary_large_image\" \/>\n<meta name=\"twitter:label1\" content=\"Tempo estimado de leitura\" \/>\n\t<meta name=\"twitter:data1\" content=\"3 minutos\" \/>\n<script type=\"application\/ld+json\" class=\"yoast-schema-graph\">{\"@context\":\"https:\/\/schema.org\",\"@graph\":[{\"@type\":\"WebPage\",\"@id\":\"https:\/\/123-esta.com\/pt-pt\/formalidades-usa\/\",\"url\":\"https:\/\/123-esta.com\/pt-pt\/formalidades-usa\/\",\"name\":\"Formalidades para preparar a sua viagem aos Estados Unidos\",\"isPartOf\":{\"@id\":\"https:\/\/123-esta.com\/pt-pt\/#website\"},\"datePublished\":\"2022-07-27T19:35:19+00:00\",\"dateModified\":\"2022-08-23T21:46:08+00:00\",\"description\":\"Mudar-se para os Estados Unidos \u00e9 uma experi\u00eancia emocionante que precisa de ser preparada, caso contr\u00e1rio, ser\u00e1 um pesadelo. Lembrete das formalidades dos EUA a serem respeitadas.\",\"inLanguage\":\"pt-PT\",\"potentialAction\":[{\"@type\":\"ReadAction\",\"target\":[\"https:\/\/123-esta.com\/pt-pt\/formalidades-usa\/\"]}]},{\"@type\":\"WebSite\",\"@id\":\"https:\/\/123-esta.com\/pt-pt\/#website\",\"url\":\"https:\/\/123-esta.com\/pt-pt\/\",\"name\":\"Formulaire ESTA pour les USA\",\"description\":\"\",\"publisher\":{\"@id\":\"https:\/\/123-esta.com\/pt-pt\/#organization\"},\"potentialAction\":[{\"@type\":\"SearchAction\",\"target\":{\"@type\":\"EntryPoint\",\"urlTemplate\":\"https:\/\/123-esta.com\/pt-pt\/?s={search_term_string}\"},\"query-input\":{\"@type\":\"PropertyValueSpecification\",\"valueRequired\":true,\"valueName\":\"search_term_string\"}}],\"inLanguage\":\"pt-PT\"},{\"@type\":\"Organization\",\"@id\":\"https:\/\/123-esta.com\/pt-pt\/#organization\",\"name\":\"Formulaire ESTA pour les USA\",\"url\":\"https:\/\/123-esta.com\/pt-pt\/\",\"logo\":{\"@type\":\"ImageObject\",\"inLanguage\":\"pt-PT\",\"@id\":\"https:\/\/123-esta.com\/pt-pt\/#\/schema\/logo\/image\/\",\"url\":\"https:\/\/123-esta.com\/wp-content\/uploads\/2018\/03\/logo-123-esta.png\",\"contentUrl\":\"https:\/\/123-esta.com\/wp-content\/uploads\/2018\/03\/logo-123-esta.png\",\"width\":191,\"height\":54,\"caption\":\"Formulaire ESTA pour les USA\"},\"image\":{\"@id\":\"https:\/\/123-esta.com\/pt-pt\/#\/schema\/logo\/image\/\"}}]}<\/script>\n<!-- \/ Yoast SEO plugin. -->","yoast_head_json":{"title":"Formalidades para preparar a sua viagem aos Estados Unidos","description":"Mudar-se para os Estados Unidos \u00e9 uma experi\u00eancia emocionante que precisa de ser preparada, caso contr\u00e1rio, ser\u00e1 um pesadelo. Lembrete das formalidades dos EUA a serem respeitadas.","robots":{"index":"index","follow":"follow","max-snippet":"max-snippet:-1","max-image-preview":"max-image-preview:large","max-video-preview":"max-video-preview:-1"},"canonical":"https:\/\/123-esta.com\/pt-pt\/formalidades-usa\/","og_locale":"pt_PT","og_type":"article","og_title":"Formalidades para preparar a sua viagem aos Estados Unidos","og_description":"Mudar-se para os Estados Unidos \u00e9 uma experi\u00eancia emocionante que precisa de ser preparada, caso contr\u00e1rio, ser\u00e1 um pesadelo. Lembrete das formalidades dos EUA a serem respeitadas.","og_url":"https:\/\/123-esta.com\/pt-pt\/formalidades-usa\/","og_site_name":"Formulaire ESTA pour les USA","article_modified_time":"2022-08-23T21:46:08+00:00","twitter_card":"summary_large_image","twitter_misc":{"Tempo estimado de leitura":"3 minutos"},"schema":{"@context":"https:\/\/schema.org","@graph":[{"@type":"WebPage","@id":"https:\/\/123-esta.com\/pt-pt\/formalidades-usa\/","url":"https:\/\/123-esta.com\/pt-pt\/formalidades-usa\/","name":"Formalidades para preparar a sua viagem aos Estados Unidos","isPartOf":{"@id":"https:\/\/123-esta.com\/pt-pt\/#website"},"datePublished":"2022-07-27T19:35:19+00:00","dateModified":"2022-08-23T21:46:08+00:00","description":"Mudar-se para os Estados Unidos \u00e9 uma experi\u00eancia emocionante que precisa de ser preparada, caso contr\u00e1rio, ser\u00e1 um pesadelo. Lembrete das formalidades dos EUA a serem respeitadas.","inLanguage":"pt-PT","potentialAction":[{"@type":"ReadAction","target":["https:\/\/123-esta.com\/pt-pt\/formalidades-usa\/"]}]},{"@type":"WebSite","@id":"https:\/\/123-esta.com\/pt-pt\/#website","url":"https:\/\/123-esta.com\/pt-pt\/","name":"Formulaire ESTA pour les USA","description":"","publisher":{"@id":"https:\/\/123-esta.com\/pt-pt\/#organization"},"potentialAction":[{"@type":"SearchAction","target":{"@type":"EntryPoint","urlTemplate":"https:\/\/123-esta.com\/pt-pt\/?s={search_term_string}"},"query-input":{"@type":"PropertyValueSpecification","valueRequired":true,"valueName":"search_term_string"}}],"inLanguage":"pt-PT"},{"@type":"Organization","@id":"https:\/\/123-esta.com\/pt-pt\/#organization","name":"Formulaire ESTA pour les USA","url":"https:\/\/123-esta.com\/pt-pt\/","logo":{"@type":"ImageObject","inLanguage":"pt-PT","@id":"https:\/\/123-esta.com\/pt-pt\/#\/schema\/logo\/image\/","url":"https:\/\/123-esta.com\/wp-content\/uploads\/2018\/03\/logo-123-esta.png","contentUrl":"https:\/\/123-esta.com\/wp-content\/uploads\/2018\/03\/logo-123-esta.png","width":191,"height":54,"caption":"Formulaire ESTA pour les USA"},"image":{"@id":"https:\/\/123-esta.com\/pt-pt\/#\/schema\/logo\/image\/"}}]}},"_links":{"self":[{"href":"https:\/\/123-esta.com\/pt-pt\/wp-json\/wp\/v2\/pages\/2474","targetHints":{"allow":["GET"]}}],"collection":[{"href":"https:\/\/123-esta.com\/pt-pt\/wp-json\/wp\/v2\/pages"}],"about":[{"href":"https:\/\/123-esta.com\/pt-pt\/wp-json\/wp\/v2\/types\/page"}],"author":[{"embeddable":true,"href":"https:\/\/123-esta.com\/pt-pt\/wp-json\/wp\/v2\/users\/1"}],"replies":[{"embeddable":true,"href":"https:\/\/123-esta.com\/pt-pt\/wp-json\/wp\/v2\/comments?post=2474"}],"version-history":[{"count":0,"href":"https:\/\/123-esta.com\/pt-pt\/wp-json\/wp\/v2\/pages\/2474\/revisions"}],"wp:attachment":[{"href":"https:\/\/123-esta.com\/pt-pt\/wp-json\/wp\/v2\/media?parent=2474"}],"curies":[{"name":"wp","href":"https:\/\/api.w.org\/{rel}","templated":true}]}}