{"id":2456,"date":"2022-07-27T21:35:17","date_gmt":"2022-07-27T19:35:17","guid":{"rendered":"https:\/\/123-esta.com\/impresso-formula-esta\/"},"modified":"2022-08-23T22:52:00","modified_gmt":"2022-08-23T20:52:00","slug":"impresso-formula-esta","status":"publish","type":"page","link":"https:\/\/123-esta.com\/pt-pt\/impresso-formula-esta\/","title":{"rendered":"Tenho de imprimir o documento ESTA antes de ir para os EUA?"},"content":{"rendered":"\n<p>Uma vez obtida a sua autoriza\u00e7\u00e3o, ap\u00f3s <a href=\"https:\/\/123-esta.com\/pt-pt\/como-preencher-o-questionario-esta\/\">preencher o seu formul\u00e1rio ESTA<\/a>, ser-lhe-\u00e1 atribu\u00eddo um n\u00famero de recibo. \u00c9 este n\u00famero que deve manter, especialmente em caso de perda. \u00c9 claro que pode imprimir o resumo e guardar os dados consigo para quando passar pela alf\u00e2ndega dos EUA. Para ser v\u00e1lida, a sua c\u00f3pia deve conter o n\u00famero de recibo que foi atribu\u00eddo \u00e0 sua autoriza\u00e7\u00e3o.<\/p>\n\n<p>Ao preencher o question\u00e1rio, os dados introduzidos devem ser exactos e coerentes com as informa\u00e7\u00f5es do seu passaporte, tais como o seu nome completo, data de nascimento, dados do passaporte e nacionalidade.<\/p>\n\n<p>Isto porque estes dados ser\u00e3o tidos em conta quando o Servi\u00e7o Aduaneiro dos EUA emitir a sua autoriza\u00e7\u00e3o de viagem. Ao entrar nos EUA, o seu passaporte ser\u00e1 digitalizado e o sistema detectar\u00e1 automaticamente se lhe foi concedida uma autoriza\u00e7\u00e3o de viagem. Um erro nos dados que introduziu no question\u00e1rio ESTA impedi-lo-\u00e1 de entrar nos EUA.<\/p>\n\n<p>Como a informa\u00e7\u00e3o \u00e9 recebida com anteced\u00eancia pelo servi\u00e7o aduaneiro, o formul\u00e1rio n\u00e3o \u00e9 obrigat\u00f3rio, mas as autoridades competentes nos EUA aconselham vivamente a guardar uma c\u00f3pia durante a sua estadia. Desta forma, n\u00e3o ser\u00e1 dif\u00edcil verificar a posse da sua autoriza\u00e7\u00e3o ESTA sem uma liga\u00e7\u00e3o \u00e0 Internet. Esta vers\u00e3o impressa constitui uma prova irrefut\u00e1vel que deve ser mantida \u00e0 m\u00e3o.<\/p>\n\n<h2 class=\"wp-block-heading\">Raz\u00f5es para imprimir o seu formul\u00e1rio ESTA<\/h2>\n\n<p>Mesmo que n\u00e3o seja obrigat\u00f3rio, \u00e9 aconselh\u00e1vel manter uma c\u00f3pia do seu formul\u00e1rio ESTA para garantir que as informa\u00e7\u00f5es que fornece s\u00e3o correctas. H\u00e1 v\u00e1rias raz\u00f5es para isto:<\/p>\n\n<ul class=\"wp-block-list\"><li>No caso de um erro, ser\u00e1 mais f\u00e1cil descobrir em que parte a informa\u00e7\u00e3o est\u00e1 errada;<\/li><li>A sua c\u00f3pia do formul\u00e1rio ESTA ajud\u00e1-lo-\u00e1 a evitar problemas quando sair e a ajud\u00e1-lo em caso de problemas inform\u00e1ticos ou a responder a perguntas feitas pelos agentes de imigra\u00e7\u00e3o americanos;<\/li><li>a sua c\u00f3pia dir-lhe-\u00e1 por quanto tempo \u00e9 v\u00e1lida a sua autoriza\u00e7\u00e3o ESTA. \u00c9 claro que \u00e9 importante saber a data de expira\u00e7\u00e3o.<\/li><\/ul>\n\n<p>Em suma, esta c\u00f3pia pode ser \u00fatil em qualquer lugar durante a sua estadia em solo americano.<\/p>\n\n<h2 class=\"wp-block-heading\">Outras informa\u00e7\u00f5es importantes<\/h2>\n\n<p>Quando recebe a sua autoriza\u00e7\u00e3o ESTA, \u00e9 sempre aconselh\u00e1vel ler atentamente as informa\u00e7\u00f5es sobre a mesma. Se cometer um erro, deve comunic\u00e1-lo imediatamente para evitar mais problemas.<\/p>\n\n<p>Se tiver a certeza de que as informa\u00e7\u00f5es no seu passaporte est\u00e3o correctas na sua autoriza\u00e7\u00e3o ESTA, basta imprimir o documento. Como j\u00e1 foi referido acima, este procedimento n\u00e3o \u00e9 obrigat\u00f3rio mas \u00e9 recomendado.<\/p>\n\n<p>Se por algum motivo n\u00e3o tiver impresso o documento, \u00e9 importante ter pelo menos o seu n\u00famero de identifica\u00e7\u00e3o dispon\u00edvel. Poder\u00e1 ser-lhe pedido quando embarcar.<\/p>\n","protected":false},"excerpt":{"rendered":"<p>Uma vez obtida a sua autoriza\u00e7\u00e3o, ap\u00f3s preencher o seu formul\u00e1rio ESTA, ser-lhe-\u00e1 atribu\u00eddo um n\u00famero de recibo. \u00c9 este n\u00famero que deve manter, especialmente em caso de perda. \u00c9 claro que pode imprimir o resumo e guardar os dados consigo para quando passar pela alf\u00e2ndega dos EUA. Para ser v\u00e1lida, a sua c\u00f3pia deve [&hellip;]<\/p>\n","protected":false},"author":1,"featured_media":0,"parent":0,"menu_order":0,"comment_status":"closed","ping_status":"closed","template":"","meta":{"site-sidebar-layout":"default","site-content-layout":"default","ast-site-content-layout":"default","site-content-style":"default","site-sidebar-style":"default","ast-global-header-display":"","ast-banner-title-visibility":"","ast-main-header-display":"","ast-hfb-above-header-display":"","ast-hfb-below-header-display":"","ast-hfb-mobile-header-display":"","site-post-title":"","ast-breadcrumbs-content":"","ast-featured-img":"","footer-sml-layout":"","ast-disable-related-posts":"","theme-transparent-header-meta":"default","adv-header-id-meta":"","stick-header-meta":"default","header-above-stick-meta":"","header-main-stick-meta":"","header-below-stick-meta":"","astra-migrate-meta-layouts":"default","ast-page-background-enabled":"default","ast-page-background-meta":{"desktop":{"background-color":"","background-image":"","background-repeat":"repeat","background-position":"center center","background-size":"auto","background-attachment":"scroll","background-type":"","background-media":"","overlay-type":"","overlay-color":"","overlay-opacity":"","overlay-gradient":""},"tablet":{"background-color":"","background-image":"","background-repeat":"repeat","background-position":"center center","background-size":"auto","background-attachment":"scroll","background-type":"","background-media":"","overlay-type":"","overlay-color":"","overlay-opacity":"","overlay-gradient":""},"mobile":{"background-color":"","background-image":"","background-repeat":"repeat","background-position":"center center","background-size":"auto","background-attachment":"scroll","background-type":"","background-media":"","overlay-type":"","overlay-color":"","overlay-opacity":"","overlay-gradient":""}},"ast-content-background-meta":{"desktop":{"background-color":"var(--ast-global-color-5)","background-image":"","background-repeat":"repeat","background-position":"center center","background-size":"auto","background-attachment":"scroll","background-type":"","background-media":"","overlay-type":"","overlay-color":"","overlay-opacity":"","overlay-gradient":""},"tablet":{"background-color":"var(--ast-global-color-5)","background-image":"","background-repeat":"repeat","background-position":"center center","background-size":"auto","background-attachment":"scroll","background-type":"","background-media":"","overlay-type":"","overlay-color":"","overlay-opacity":"","overlay-gradient":""},"mobile":{"background-color":"var(--ast-global-color-5)","background-image":"","background-repeat":"repeat","background-position":"center center","background-size":"auto","background-attachment":"scroll","background-type":"","background-media":"","overlay-type":"","overlay-color":"","overlay-opacity":"","overlay-gradient":""}},"footnotes":""},"class_list":["post-2456","page","type-page","status-publish","hentry"],"yoast_head":"<!-- This site is optimized with the Yoast SEO plugin v27.1.1 - https:\/\/yoast.com\/product\/yoast-seo-wordpress\/ -->\n<title>Tenho de imprimir o documento ESTA antes de ir para os EUA?<\/title>\n<meta name=\"description\" content=\"A impress\u00e3o do formul\u00e1rio de viagem ESTA antes do embarque \u00e9 recomendada mas n\u00e3o obrigat\u00f3ria. Olhamos para tr\u00e1s, para o processo.\" \/>\n<meta name=\"robots\" content=\"index, follow, max-snippet:-1, max-image-preview:large, max-video-preview:-1\" \/>\n<link rel=\"canonical\" href=\"https:\/\/123-esta.com\/pt-pt\/impresso-formula-esta\/\" \/>\n<meta property=\"og:locale\" content=\"pt_PT\" \/>\n<meta property=\"og:type\" content=\"article\" \/>\n<meta property=\"og:title\" content=\"Tenho de imprimir o documento ESTA antes de ir para os EUA?\" \/>\n<meta property=\"og:description\" content=\"A impress\u00e3o do formul\u00e1rio de viagem ESTA antes do embarque \u00e9 recomendada mas n\u00e3o obrigat\u00f3ria. Olhamos para tr\u00e1s, para o processo.\" \/>\n<meta property=\"og:url\" content=\"https:\/\/123-esta.com\/pt-pt\/impresso-formula-esta\/\" \/>\n<meta property=\"og:site_name\" content=\"Formulaire ESTA pour les USA\" \/>\n<meta property=\"article:modified_time\" content=\"2022-08-23T20:52:00+00:00\" \/>\n<meta name=\"twitter:card\" content=\"summary_large_image\" \/>\n<meta name=\"twitter:label1\" content=\"Tempo estimado de leitura\" \/>\n\t<meta name=\"twitter:data1\" content=\"2 minutos\" \/>\n<script type=\"application\/ld+json\" class=\"yoast-schema-graph\">{\"@context\":\"https:\/\/schema.org\",\"@graph\":[{\"@type\":\"WebPage\",\"@id\":\"https:\/\/123-esta.com\/pt-pt\/impresso-formula-esta\/\",\"url\":\"https:\/\/123-esta.com\/pt-pt\/impresso-formula-esta\/\",\"name\":\"Tenho de imprimir o documento ESTA antes de ir para os EUA?\",\"isPartOf\":{\"@id\":\"https:\/\/123-esta.com\/pt-pt\/#website\"},\"datePublished\":\"2022-07-27T19:35:17+00:00\",\"dateModified\":\"2022-08-23T20:52:00+00:00\",\"description\":\"A impress\u00e3o do formul\u00e1rio de viagem ESTA antes do embarque \u00e9 recomendada mas n\u00e3o obrigat\u00f3ria. Olhamos para tr\u00e1s, para o processo.\",\"inLanguage\":\"pt-PT\",\"potentialAction\":[{\"@type\":\"ReadAction\",\"target\":[\"https:\/\/123-esta.com\/pt-pt\/impresso-formula-esta\/\"]}]},{\"@type\":\"WebSite\",\"@id\":\"https:\/\/123-esta.com\/pt-pt\/#website\",\"url\":\"https:\/\/123-esta.com\/pt-pt\/\",\"name\":\"Formulaire ESTA pour les USA\",\"description\":\"\",\"publisher\":{\"@id\":\"https:\/\/123-esta.com\/pt-pt\/#organization\"},\"potentialAction\":[{\"@type\":\"SearchAction\",\"target\":{\"@type\":\"EntryPoint\",\"urlTemplate\":\"https:\/\/123-esta.com\/pt-pt\/?s={search_term_string}\"},\"query-input\":{\"@type\":\"PropertyValueSpecification\",\"valueRequired\":true,\"valueName\":\"search_term_string\"}}],\"inLanguage\":\"pt-PT\"},{\"@type\":\"Organization\",\"@id\":\"https:\/\/123-esta.com\/pt-pt\/#organization\",\"name\":\"Formulaire ESTA pour les USA\",\"url\":\"https:\/\/123-esta.com\/pt-pt\/\",\"logo\":{\"@type\":\"ImageObject\",\"inLanguage\":\"pt-PT\",\"@id\":\"https:\/\/123-esta.com\/pt-pt\/#\/schema\/logo\/image\/\",\"url\":\"https:\/\/123-esta.com\/wp-content\/uploads\/2018\/03\/logo-123-esta.png\",\"contentUrl\":\"https:\/\/123-esta.com\/wp-content\/uploads\/2018\/03\/logo-123-esta.png\",\"width\":191,\"height\":54,\"caption\":\"Formulaire ESTA pour les USA\"},\"image\":{\"@id\":\"https:\/\/123-esta.com\/pt-pt\/#\/schema\/logo\/image\/\"}}]}<\/script>\n<!-- \/ Yoast SEO plugin. -->","yoast_head_json":{"title":"Tenho de imprimir o documento ESTA antes de ir para os EUA?","description":"A impress\u00e3o do formul\u00e1rio de viagem ESTA antes do embarque \u00e9 recomendada mas n\u00e3o obrigat\u00f3ria. Olhamos para tr\u00e1s, para o processo.","robots":{"index":"index","follow":"follow","max-snippet":"max-snippet:-1","max-image-preview":"max-image-preview:large","max-video-preview":"max-video-preview:-1"},"canonical":"https:\/\/123-esta.com\/pt-pt\/impresso-formula-esta\/","og_locale":"pt_PT","og_type":"article","og_title":"Tenho de imprimir o documento ESTA antes de ir para os EUA?","og_description":"A impress\u00e3o do formul\u00e1rio de viagem ESTA antes do embarque \u00e9 recomendada mas n\u00e3o obrigat\u00f3ria. Olhamos para tr\u00e1s, para o processo.","og_url":"https:\/\/123-esta.com\/pt-pt\/impresso-formula-esta\/","og_site_name":"Formulaire ESTA pour les USA","article_modified_time":"2022-08-23T20:52:00+00:00","twitter_card":"summary_large_image","twitter_misc":{"Tempo estimado de leitura":"2 minutos"},"schema":{"@context":"https:\/\/schema.org","@graph":[{"@type":"WebPage","@id":"https:\/\/123-esta.com\/pt-pt\/impresso-formula-esta\/","url":"https:\/\/123-esta.com\/pt-pt\/impresso-formula-esta\/","name":"Tenho de imprimir o documento ESTA antes de ir para os EUA?","isPartOf":{"@id":"https:\/\/123-esta.com\/pt-pt\/#website"},"datePublished":"2022-07-27T19:35:17+00:00","dateModified":"2022-08-23T20:52:00+00:00","description":"A impress\u00e3o do formul\u00e1rio de viagem ESTA antes do embarque \u00e9 recomendada mas n\u00e3o obrigat\u00f3ria. Olhamos para tr\u00e1s, para o processo.","inLanguage":"pt-PT","potentialAction":[{"@type":"ReadAction","target":["https:\/\/123-esta.com\/pt-pt\/impresso-formula-esta\/"]}]},{"@type":"WebSite","@id":"https:\/\/123-esta.com\/pt-pt\/#website","url":"https:\/\/123-esta.com\/pt-pt\/","name":"Formulaire ESTA pour les USA","description":"","publisher":{"@id":"https:\/\/123-esta.com\/pt-pt\/#organization"},"potentialAction":[{"@type":"SearchAction","target":{"@type":"EntryPoint","urlTemplate":"https:\/\/123-esta.com\/pt-pt\/?s={search_term_string}"},"query-input":{"@type":"PropertyValueSpecification","valueRequired":true,"valueName":"search_term_string"}}],"inLanguage":"pt-PT"},{"@type":"Organization","@id":"https:\/\/123-esta.com\/pt-pt\/#organization","name":"Formulaire ESTA pour les USA","url":"https:\/\/123-esta.com\/pt-pt\/","logo":{"@type":"ImageObject","inLanguage":"pt-PT","@id":"https:\/\/123-esta.com\/pt-pt\/#\/schema\/logo\/image\/","url":"https:\/\/123-esta.com\/wp-content\/uploads\/2018\/03\/logo-123-esta.png","contentUrl":"https:\/\/123-esta.com\/wp-content\/uploads\/2018\/03\/logo-123-esta.png","width":191,"height":54,"caption":"Formulaire ESTA pour les USA"},"image":{"@id":"https:\/\/123-esta.com\/pt-pt\/#\/schema\/logo\/image\/"}}]}},"_links":{"self":[{"href":"https:\/\/123-esta.com\/pt-pt\/wp-json\/wp\/v2\/pages\/2456","targetHints":{"allow":["GET"]}}],"collection":[{"href":"https:\/\/123-esta.com\/pt-pt\/wp-json\/wp\/v2\/pages"}],"about":[{"href":"https:\/\/123-esta.com\/pt-pt\/wp-json\/wp\/v2\/types\/page"}],"author":[{"embeddable":true,"href":"https:\/\/123-esta.com\/pt-pt\/wp-json\/wp\/v2\/users\/1"}],"replies":[{"embeddable":true,"href":"https:\/\/123-esta.com\/pt-pt\/wp-json\/wp\/v2\/comments?post=2456"}],"version-history":[{"count":0,"href":"https:\/\/123-esta.com\/pt-pt\/wp-json\/wp\/v2\/pages\/2456\/revisions"}],"wp:attachment":[{"href":"https:\/\/123-esta.com\/pt-pt\/wp-json\/wp\/v2\/media?parent=2456"}],"curies":[{"name":"wp","href":"https:\/\/api.w.org\/{rel}","templated":true}]}}