{"id":2445,"date":"2022-07-27T21:35:17","date_gmt":"2022-07-27T19:35:17","guid":{"rendered":"https:\/\/123-esta.com\/validity-esta\/"},"modified":"2022-09-19T17:07:56","modified_gmt":"2022-09-19T15:07:56","slug":"tudo-sobre-a-validade-do-esta","status":"publish","type":"page","link":"https:\/\/123-esta.com\/pt-pt\/tudo-sobre-a-validade-do-esta\/","title":{"rendered":"Tudo sobre a validade da autoriza\u00e7\u00e3o de viagem do ESTA"},"content":{"rendered":"\n<p>O ESTA \u00e9 a melhor forma de viajar para os Estados Unidos gra\u00e7as ao Programa de Isen\u00e7\u00e3o de Vistos, que beneficia cidad\u00e3os de 40 pa\u00edses de todo o mundo.<\/p>\n\n<p>Esta autoriza\u00e7\u00e3o de viagem, tamb\u00e9m conhecida como o <a href=\"https:\/\/123-esta.com\/pt-pt\/o-que-e-esta\/\">visto ESTA dos EUA<\/a>, \u00e9 muito popular entre os viajantes que desejam ir de f\u00e9rias para os EUA. No entanto, este documento n\u00e3o \u00e9 v\u00e1lido indefinidamente. Voltaremos em pormenor \u00e0 validade do ESTA, o que ele lhe permite fazer e em que medida.<\/p>\n\n<h2 class=\"wp-block-heading\">Durante quanto tempo \u00e9 v\u00e1lido o ESTA?<\/h2>\n\n<p>A autoriza\u00e7\u00e3o de viagem dos EUA \u00e9 limitada no tempo: o <a href=\"https:\/\/123-esta.com\/pt-pt\/excedendo-a-data-limite-para-estadia-nos-eua\/\">ESTA<\/a> tem uma dura\u00e7\u00e3o de 2 anos a partir da data de emiss\u00e3o. Durante este per\u00edodo, pode fazer v\u00e1rias viagens aos Estados Unidos com uma \u00fanica autoriza\u00e7\u00e3o.<\/p>\n\n<p>No entanto, deve assegurar-se de que preenche certas condi\u00e7\u00f5es: as suas estadias n\u00e3o devem exceder 90 dias consecutivos e devem ser para fins tur\u00edsticos ou de neg\u00f3cios (mas n\u00e3o para fins remunerat\u00f3rios). Depois disso, deve deixar os EUA antes de regressar ap\u00f3s um per\u00edodo de tempo razo\u00e1vel, para que a alf\u00e2ndega n\u00e3o suspeite que reside ilegalmente nos EUA. Este per\u00edodo deve ser levado muito a s\u00e9rio, pois a confus\u00e3o entre 90 dias e 3 meses pode acontecer rapidamente (especialmente no caso de meses \u00edmpares). Al\u00e9m disso, para verificar a validade do ESTA, basta consultar o seu documento, a data est\u00e1 nele indicada.<\/p>\n\n<p>Uma vez que a validade do ESTA tenha expirado, n\u00e3o \u00e9 poss\u00edvel solicitar a <a href=\"https:\/\/123-esta.com\/pt-pt\/quando-voce-deve-solicitar-uma-renovacao-esta\/\">renova\u00e7\u00e3o<\/a> da mesma autoriza\u00e7\u00e3o. \u00c9 obrigat\u00f3rio apresentar um novo pedido ESTA a fim de poder viajar legalmente para os EUA.<\/p>\n\n<h2 class=\"wp-block-heading\">Validade do ESTA ap\u00f3s uma altera\u00e7\u00e3o do passaporte<\/h2>\n\n<p>Embora o ESTA seja v\u00e1lido por dois anos, pode de facto expirar muito mais cedo do que isso. Quando se candidatar, ser-lhe-\u00e1 pedido que preencha um formul\u00e1rio que lhe pe\u00e7a informa\u00e7\u00f5es sobre o seu estado civil, o seu passaporte, ou a sua estadia nos Estados Unidos. Todas estas informa\u00e7\u00f5es permitem ao governo dos EUA identific\u00e1-lo e determinar se est\u00e1 ou n\u00e3o autorizado a apresentar-se na fronteira dos EUA. Como se pode ver, o per\u00edodo de validade do ESTA n\u00e3o depende apenas do calend\u00e1rio.<\/p>\n\n<p>Acontece frequentemente que algumas das suas informa\u00e7\u00f5es ir\u00e3o mudar (altera\u00e7\u00e3o do passaporte, estado civil, etc.). Por conseguinte, se alterar o seu <a href=\"https:\/\/123-esta.com\/pt-pt\/passaporte-esta-eua\/\">passaporte americano<\/a> dentro do per\u00edodo de dois anos, ser-lhe-\u00e1 atribu\u00eddo um novo n\u00famero de identifica\u00e7\u00e3o que deixar\u00e1 de corresponder ao que consta na sua autoriza\u00e7\u00e3o de viagem. A validade do ESTA ser\u00e1 ent\u00e3o inv\u00e1lida aos olhos das autoridades americanas.<\/p>\n\n<p>Nesse caso, a fim de actualizar as suas informa\u00e7\u00f5es, n\u00e3o ter\u00e1 outra alternativa sen\u00e3o renovar o seu passaporte antes de solicitar uma nova autoriza\u00e7\u00e3o de viagem &#8211; e n\u00e3o o contr\u00e1rio!<\/p>\n\n<p>Estes dois documentos est\u00e3o entre as poucas <a href=\"https:\/\/123-esta.com\/pt-pt\/formalidades-usa\/\">formalidades<\/a> exigidas <a href=\"https:\/\/123-esta.com\/pt-pt\/formalidades-usa\/\">nos EUA<\/a> para entrar nos EUA. Se os seus documentos n\u00e3o estiverem em ordem, o governo dos EUA ir\u00e1 definitivamente recusar-lhe a entrada.<\/p>\n\n<p>Por isso, certifique-se de que tanto o seu ESTA como o seu passaporte s\u00e3o v\u00e1lidos antes de planear a sua estadia nos EUA com mais detalhe.<\/p>\n","protected":false},"excerpt":{"rendered":"<p>O ESTA \u00e9 a melhor forma de viajar para os Estados Unidos gra\u00e7as ao Programa de Isen\u00e7\u00e3o de Vistos, que beneficia cidad\u00e3os de 40 pa\u00edses de todo o mundo. Esta autoriza\u00e7\u00e3o de viagem, tamb\u00e9m conhecida como o visto ESTA dos EUA, \u00e9 muito popular entre os viajantes que desejam ir de f\u00e9rias para os EUA. [&hellip;]<\/p>\n","protected":false},"author":1,"featured_media":0,"parent":0,"menu_order":0,"comment_status":"closed","ping_status":"closed","template":"","meta":{"site-sidebar-layout":"default","site-content-layout":"default","ast-site-content-layout":"default","site-content-style":"default","site-sidebar-style":"default","ast-global-header-display":"","ast-banner-title-visibility":"","ast-main-header-display":"","ast-hfb-above-header-display":"","ast-hfb-below-header-display":"","ast-hfb-mobile-header-display":"","site-post-title":"","ast-breadcrumbs-content":"","ast-featured-img":"","footer-sml-layout":"","ast-disable-related-posts":"","theme-transparent-header-meta":"default","adv-header-id-meta":"","stick-header-meta":"default","header-above-stick-meta":"","header-main-stick-meta":"","header-below-stick-meta":"","astra-migrate-meta-layouts":"default","ast-page-background-enabled":"default","ast-page-background-meta":{"desktop":{"background-color":"","background-image":"","background-repeat":"repeat","background-position":"center center","background-size":"auto","background-attachment":"scroll","background-type":"","background-media":"","overlay-type":"","overlay-color":"","overlay-opacity":"","overlay-gradient":""},"tablet":{"background-color":"","background-image":"","background-repeat":"repeat","background-position":"center center","background-size":"auto","background-attachment":"scroll","background-type":"","background-media":"","overlay-type":"","overlay-color":"","overlay-opacity":"","overlay-gradient":""},"mobile":{"background-color":"","background-image":"","background-repeat":"repeat","background-position":"center center","background-size":"auto","background-attachment":"scroll","background-type":"","background-media":"","overlay-type":"","overlay-color":"","overlay-opacity":"","overlay-gradient":""}},"ast-content-background-meta":{"desktop":{"background-color":"var(--ast-global-color-5)","background-image":"","background-repeat":"repeat","background-position":"center center","background-size":"auto","background-attachment":"scroll","background-type":"","background-media":"","overlay-type":"","overlay-color":"","overlay-opacity":"","overlay-gradient":""},"tablet":{"background-color":"var(--ast-global-color-5)","background-image":"","background-repeat":"repeat","background-position":"center center","background-size":"auto","background-attachment":"scroll","background-type":"","background-media":"","overlay-type":"","overlay-color":"","overlay-opacity":"","overlay-gradient":""},"mobile":{"background-color":"var(--ast-global-color-5)","background-image":"","background-repeat":"repeat","background-position":"center center","background-size":"auto","background-attachment":"scroll","background-type":"","background-media":"","overlay-type":"","overlay-color":"","overlay-opacity":"","overlay-gradient":""}},"footnotes":""},"class_list":["post-2445","page","type-page","status-publish","hentry"],"yoast_head":"<!-- This site is optimized with the Yoast SEO plugin v27.1.1 - https:\/\/yoast.com\/product\/yoast-seo-wordpress\/ -->\n<title>Tudo sobre a validade da autoriza\u00e7\u00e3o de viagem do ESTA<\/title>\n<meta name=\"description\" content=\"N\u00e3o h\u00e1 necessidade de solicitar a autoriza\u00e7\u00e3o ESTA sempre que se viaja para os EUA. O ESTA \u00e9 v\u00e1lido por v\u00e1rios anos.\" \/>\n<meta name=\"robots\" content=\"index, follow, max-snippet:-1, max-image-preview:large, max-video-preview:-1\" \/>\n<link rel=\"canonical\" href=\"https:\/\/123-esta.com\/pt-pt\/tudo-sobre-a-validade-do-esta\/\" \/>\n<meta property=\"og:locale\" content=\"pt_PT\" \/>\n<meta property=\"og:type\" content=\"article\" \/>\n<meta property=\"og:title\" content=\"Tudo sobre a validade da autoriza\u00e7\u00e3o de viagem do ESTA\" \/>\n<meta property=\"og:description\" content=\"N\u00e3o h\u00e1 necessidade de solicitar a autoriza\u00e7\u00e3o ESTA sempre que se viaja para os EUA. O ESTA \u00e9 v\u00e1lido por v\u00e1rios anos.\" \/>\n<meta property=\"og:url\" content=\"https:\/\/123-esta.com\/pt-pt\/tudo-sobre-a-validade-do-esta\/\" \/>\n<meta property=\"og:site_name\" content=\"Formulaire ESTA pour les USA\" \/>\n<meta property=\"article:modified_time\" content=\"2022-09-19T15:07:56+00:00\" \/>\n<meta name=\"twitter:card\" content=\"summary_large_image\" \/>\n<meta name=\"twitter:label1\" content=\"Tempo estimado de leitura\" \/>\n\t<meta name=\"twitter:data1\" content=\"3 minutos\" \/>\n<script type=\"application\/ld+json\" class=\"yoast-schema-graph\">{\"@context\":\"https:\/\/schema.org\",\"@graph\":[{\"@type\":\"WebPage\",\"@id\":\"https:\/\/123-esta.com\/pt-pt\/tudo-sobre-a-validade-do-esta\/\",\"url\":\"https:\/\/123-esta.com\/pt-pt\/tudo-sobre-a-validade-do-esta\/\",\"name\":\"Tudo sobre a validade da autoriza\u00e7\u00e3o de viagem do ESTA\",\"isPartOf\":{\"@id\":\"https:\/\/123-esta.com\/pt-pt\/#website\"},\"datePublished\":\"2022-07-27T19:35:17+00:00\",\"dateModified\":\"2022-09-19T15:07:56+00:00\",\"description\":\"N\u00e3o h\u00e1 necessidade de solicitar a autoriza\u00e7\u00e3o ESTA sempre que se viaja para os EUA. O ESTA \u00e9 v\u00e1lido por v\u00e1rios anos.\",\"inLanguage\":\"pt-PT\",\"potentialAction\":[{\"@type\":\"ReadAction\",\"target\":[\"https:\/\/123-esta.com\/pt-pt\/tudo-sobre-a-validade-do-esta\/\"]}]},{\"@type\":\"WebSite\",\"@id\":\"https:\/\/123-esta.com\/pt-pt\/#website\",\"url\":\"https:\/\/123-esta.com\/pt-pt\/\",\"name\":\"Formulaire ESTA pour les USA\",\"description\":\"\",\"publisher\":{\"@id\":\"https:\/\/123-esta.com\/pt-pt\/#organization\"},\"potentialAction\":[{\"@type\":\"SearchAction\",\"target\":{\"@type\":\"EntryPoint\",\"urlTemplate\":\"https:\/\/123-esta.com\/pt-pt\/?s={search_term_string}\"},\"query-input\":{\"@type\":\"PropertyValueSpecification\",\"valueRequired\":true,\"valueName\":\"search_term_string\"}}],\"inLanguage\":\"pt-PT\"},{\"@type\":\"Organization\",\"@id\":\"https:\/\/123-esta.com\/pt-pt\/#organization\",\"name\":\"Formulaire ESTA pour les USA\",\"url\":\"https:\/\/123-esta.com\/pt-pt\/\",\"logo\":{\"@type\":\"ImageObject\",\"inLanguage\":\"pt-PT\",\"@id\":\"https:\/\/123-esta.com\/pt-pt\/#\/schema\/logo\/image\/\",\"url\":\"https:\/\/123-esta.com\/wp-content\/uploads\/2018\/03\/logo-123-esta.png\",\"contentUrl\":\"https:\/\/123-esta.com\/wp-content\/uploads\/2018\/03\/logo-123-esta.png\",\"width\":191,\"height\":54,\"caption\":\"Formulaire ESTA pour les USA\"},\"image\":{\"@id\":\"https:\/\/123-esta.com\/pt-pt\/#\/schema\/logo\/image\/\"}}]}<\/script>\n<!-- \/ Yoast SEO plugin. -->","yoast_head_json":{"title":"Tudo sobre a validade da autoriza\u00e7\u00e3o de viagem do ESTA","description":"N\u00e3o h\u00e1 necessidade de solicitar a autoriza\u00e7\u00e3o ESTA sempre que se viaja para os EUA. O ESTA \u00e9 v\u00e1lido por v\u00e1rios anos.","robots":{"index":"index","follow":"follow","max-snippet":"max-snippet:-1","max-image-preview":"max-image-preview:large","max-video-preview":"max-video-preview:-1"},"canonical":"https:\/\/123-esta.com\/pt-pt\/tudo-sobre-a-validade-do-esta\/","og_locale":"pt_PT","og_type":"article","og_title":"Tudo sobre a validade da autoriza\u00e7\u00e3o de viagem do ESTA","og_description":"N\u00e3o h\u00e1 necessidade de solicitar a autoriza\u00e7\u00e3o ESTA sempre que se viaja para os EUA. O ESTA \u00e9 v\u00e1lido por v\u00e1rios anos.","og_url":"https:\/\/123-esta.com\/pt-pt\/tudo-sobre-a-validade-do-esta\/","og_site_name":"Formulaire ESTA pour les USA","article_modified_time":"2022-09-19T15:07:56+00:00","twitter_card":"summary_large_image","twitter_misc":{"Tempo estimado de leitura":"3 minutos"},"schema":{"@context":"https:\/\/schema.org","@graph":[{"@type":"WebPage","@id":"https:\/\/123-esta.com\/pt-pt\/tudo-sobre-a-validade-do-esta\/","url":"https:\/\/123-esta.com\/pt-pt\/tudo-sobre-a-validade-do-esta\/","name":"Tudo sobre a validade da autoriza\u00e7\u00e3o de viagem do ESTA","isPartOf":{"@id":"https:\/\/123-esta.com\/pt-pt\/#website"},"datePublished":"2022-07-27T19:35:17+00:00","dateModified":"2022-09-19T15:07:56+00:00","description":"N\u00e3o h\u00e1 necessidade de solicitar a autoriza\u00e7\u00e3o ESTA sempre que se viaja para os EUA. O ESTA \u00e9 v\u00e1lido por v\u00e1rios anos.","inLanguage":"pt-PT","potentialAction":[{"@type":"ReadAction","target":["https:\/\/123-esta.com\/pt-pt\/tudo-sobre-a-validade-do-esta\/"]}]},{"@type":"WebSite","@id":"https:\/\/123-esta.com\/pt-pt\/#website","url":"https:\/\/123-esta.com\/pt-pt\/","name":"Formulaire ESTA pour les USA","description":"","publisher":{"@id":"https:\/\/123-esta.com\/pt-pt\/#organization"},"potentialAction":[{"@type":"SearchAction","target":{"@type":"EntryPoint","urlTemplate":"https:\/\/123-esta.com\/pt-pt\/?s={search_term_string}"},"query-input":{"@type":"PropertyValueSpecification","valueRequired":true,"valueName":"search_term_string"}}],"inLanguage":"pt-PT"},{"@type":"Organization","@id":"https:\/\/123-esta.com\/pt-pt\/#organization","name":"Formulaire ESTA pour les USA","url":"https:\/\/123-esta.com\/pt-pt\/","logo":{"@type":"ImageObject","inLanguage":"pt-PT","@id":"https:\/\/123-esta.com\/pt-pt\/#\/schema\/logo\/image\/","url":"https:\/\/123-esta.com\/wp-content\/uploads\/2018\/03\/logo-123-esta.png","contentUrl":"https:\/\/123-esta.com\/wp-content\/uploads\/2018\/03\/logo-123-esta.png","width":191,"height":54,"caption":"Formulaire ESTA pour les USA"},"image":{"@id":"https:\/\/123-esta.com\/pt-pt\/#\/schema\/logo\/image\/"}}]}},"_links":{"self":[{"href":"https:\/\/123-esta.com\/pt-pt\/wp-json\/wp\/v2\/pages\/2445","targetHints":{"allow":["GET"]}}],"collection":[{"href":"https:\/\/123-esta.com\/pt-pt\/wp-json\/wp\/v2\/pages"}],"about":[{"href":"https:\/\/123-esta.com\/pt-pt\/wp-json\/wp\/v2\/types\/page"}],"author":[{"embeddable":true,"href":"https:\/\/123-esta.com\/pt-pt\/wp-json\/wp\/v2\/users\/1"}],"replies":[{"embeddable":true,"href":"https:\/\/123-esta.com\/pt-pt\/wp-json\/wp\/v2\/comments?post=2445"}],"version-history":[{"count":0,"href":"https:\/\/123-esta.com\/pt-pt\/wp-json\/wp\/v2\/pages\/2445\/revisions"}],"wp:attachment":[{"href":"https:\/\/123-esta.com\/pt-pt\/wp-json\/wp\/v2\/media?parent=2445"}],"curies":[{"name":"wp","href":"https:\/\/api.w.org\/{rel}","templated":true}]}}