{"id":2441,"date":"2022-07-27T21:35:16","date_gmt":"2022-07-27T19:35:16","guid":{"rendered":"https:\/\/123-esta.com\/what-is-the-priceof-a-visa-for-the-us\/"},"modified":"2022-09-13T21:16:36","modified_gmt":"2022-09-13T19:16:36","slug":"qual-e-o-preco-de-um-visto-para-os-eua","status":"publish","type":"page","link":"https:\/\/123-esta.com\/pt-pt\/qual-e-o-preco-de-um-visto-para-os-eua\/","title":{"rendered":"Quanto custa um visto para viajar para os EUA?"},"content":{"rendered":"\n<p>Todas as pessoas que planeiam viajar para os Estados Unidos devem assegurar-se de que t\u00eam um <a href=\"https:\/\/123-esta.com\/pt-pt\/voce-precisa-de-visto-para-os-eua\/\">visto dos EUA<\/a>.<\/p>\n\n<p>Para al\u00e9m da compra de bilhetes de avi\u00e3o e da reserva de alojamento, existem custos adicionais associados ao visto dos EUA. A fim de optimizar o seu or\u00e7amento e evitar quaisquer surpresas desagrad\u00e1veis ao solicitar um visto, iremos rever o pre\u00e7o de um visto para os EUA neste artigo.<\/p>\n\n<h2 class=\"wp-block-heading\">Visto EUA: um pre\u00e7o fixo?<\/h2>\n\n<p> <a href=\"https:\/\/123-esta.com\/pt-pt\/candidatura-para-visa-eua\/\">Solicitar um visto dos EUA<\/a> \u00e9 uma etapa obrigat\u00f3ria antes de poder viajar para os Estados Unidos, quer se trate de um <a href=\"https:\/\/123-esta.com\/pt-pt\/visto-de-turista-dos-estados-unidos\/\">visto tur\u00edstico<\/a> para algumas semanas, um est\u00e1gio, estudo ou emprego.<br\/>O pre\u00e7o de um visto americano varia em fun\u00e7\u00e3o do objectivo da sua estadia. Por conseguinte, os requerentes devem assegurar-se de que preenchem todos os crit\u00e9rios necess\u00e1rios para se qualificarem para a categoria de visto desejada.<br\/>Por exemplo, as pessoas que desejem viajar para os Estados Unidos para turismo, visitar familiares ou amigos, ou mesmo para receber tratamento m\u00e9dico, ter\u00e3o de solicitar um visto B, que custa 160 d\u00f3lares. O visto H para trabalhadores tempor\u00e1rios ou estagi\u00e1rios custa 190 USD. Aqueles que viajam para os Estados Unidos para casar com o(s) seu(s) noivo(s) americano(s) ou c\u00f4njuge(s) ter\u00e3o de pagar uma pesada taxa de $265.<\/p>\n\n<p>Note-se que poder\u00e1 haver taxas adicionais para al\u00e9m do pre\u00e7o do visto dos EUA:<\/p>\n\n<ul class=\"wp-block-list\"><li>Taxa SEVIS: para vistos de estudante M ou F;<\/li><li>taxa de reciprocidade: em fun\u00e7\u00e3o da cidadania do requerente e do tipo de visto.<\/li><\/ul>\n\n<p>Nota: Se for eleg\u00edvel para o Programa de Isen\u00e7\u00e3o de Vistos, a taxa para esta autoriza\u00e7\u00e3o de resid\u00eancia \u00e9 muito mais baixa do que para um visto.<\/p>\n\n<h2 class=\"wp-block-heading\">Como \u00e9 que pago o meu visto dos EUA?<\/h2>\n\n<p>O pagamento \u00e9 feito no momento do pedido de visto dos EUA, atrav\u00e9s do website da embaixada e consulados dos EUA.<\/p>\n\n<p>Deve primeiro criar uma conta online e preencher o formul\u00e1rio DS-160 antes de poder proceder ao pagamento da sua taxa de pedido de visto dos EUA.<\/p>\n\n<ul class=\"wp-block-list\"><li>Por cart\u00e3o: pagamento online ou por telefone, em ambos os casos \u00e9 necess\u00e1rio um cart\u00e3o de cr\u00e9dito para pagar a taxa de visto dos EUA;<\/li><li>Por transfer\u00eancia banc\u00e1ria electr\u00f3nica: aguarde 3 dias \u00fateis para que o seu pagamento seja processado e apare\u00e7a no sistema.<\/li><\/ul>\n\n<h2 class=\"wp-block-heading\">Visto pago, visto garantido?<\/h2>\n\n<p>O pagamento da sua taxa de candidatura n\u00e3o garante que receber\u00e1 o seu visto americano. Assim que o seu pedido for validado, receber\u00e1 um e-mail com mais detalhes  <a href=\"https:\/\/123-esta.com\/pt-pt\/obter-um-visto-para-os-estados-unidos\/\">como obter um visto para os Estados Unidos<\/a>  Por outras palavras, os documentos que precisa de recolher para completar o seu processo (o seu passaporte electr\u00f3nico ou biom\u00e9trico em particular) antes da sua nomea\u00e7\u00e3o na embaixada ou consulado com um funcion\u00e1rio do governo dos EUA.<\/p>\n\n<p>Quer o seu pedido seja bem sucedido ou n\u00e3o, a taxa para um pedido de visto dos EUA n\u00e3o \u00e9 reembols\u00e1vel. Se o seu primeiro pedido for recusado, pode renov\u00e1-lo, mas ter\u00e1 de pagar novamente a taxa de visto dos EUA.<\/p>\n","protected":false},"excerpt":{"rendered":"<p>Todas as pessoas que planeiam viajar para os Estados Unidos devem assegurar-se de que t\u00eam um visto dos EUA. Para al\u00e9m da compra de bilhetes de avi\u00e3o e da reserva de alojamento, existem custos adicionais associados ao visto dos EUA. A fim de optimizar o seu or\u00e7amento e evitar quaisquer surpresas desagrad\u00e1veis ao solicitar um [&hellip;]<\/p>\n","protected":false},"author":1,"featured_media":0,"parent":0,"menu_order":0,"comment_status":"closed","ping_status":"closed","template":"","meta":{"site-sidebar-layout":"default","site-content-layout":"default","ast-site-content-layout":"default","site-content-style":"default","site-sidebar-style":"default","ast-global-header-display":"","ast-banner-title-visibility":"","ast-main-header-display":"","ast-hfb-above-header-display":"","ast-hfb-below-header-display":"","ast-hfb-mobile-header-display":"","site-post-title":"","ast-breadcrumbs-content":"","ast-featured-img":"","footer-sml-layout":"","ast-disable-related-posts":"","theme-transparent-header-meta":"default","adv-header-id-meta":"","stick-header-meta":"default","header-above-stick-meta":"","header-main-stick-meta":"","header-below-stick-meta":"","astra-migrate-meta-layouts":"default","ast-page-background-enabled":"default","ast-page-background-meta":{"desktop":{"background-color":"","background-image":"","background-repeat":"repeat","background-position":"center center","background-size":"auto","background-attachment":"scroll","background-type":"","background-media":"","overlay-type":"","overlay-color":"","overlay-opacity":"","overlay-gradient":""},"tablet":{"background-color":"","background-image":"","background-repeat":"repeat","background-position":"center center","background-size":"auto","background-attachment":"scroll","background-type":"","background-media":"","overlay-type":"","overlay-color":"","overlay-opacity":"","overlay-gradient":""},"mobile":{"background-color":"","background-image":"","background-repeat":"repeat","background-position":"center center","background-size":"auto","background-attachment":"scroll","background-type":"","background-media":"","overlay-type":"","overlay-color":"","overlay-opacity":"","overlay-gradient":""}},"ast-content-background-meta":{"desktop":{"background-color":"var(--ast-global-color-5)","background-image":"","background-repeat":"repeat","background-position":"center center","background-size":"auto","background-attachment":"scroll","background-type":"","background-media":"","overlay-type":"","overlay-color":"","overlay-opacity":"","overlay-gradient":""},"tablet":{"background-color":"var(--ast-global-color-5)","background-image":"","background-repeat":"repeat","background-position":"center center","background-size":"auto","background-attachment":"scroll","background-type":"","background-media":"","overlay-type":"","overlay-color":"","overlay-opacity":"","overlay-gradient":""},"mobile":{"background-color":"var(--ast-global-color-5)","background-image":"","background-repeat":"repeat","background-position":"center center","background-size":"auto","background-attachment":"scroll","background-type":"","background-media":"","overlay-type":"","overlay-color":"","overlay-opacity":"","overlay-gradient":""}},"footnotes":""},"class_list":["post-2441","page","type-page","status-publish","hentry"],"yoast_head":"<!-- This site is optimized with the Yoast SEO plugin v27.1.1 - https:\/\/yoast.com\/product\/yoast-seo-wordpress\/ -->\n<title>Quanto custa um visto para viajar para os EUA?<\/title>\n<meta name=\"description\" content=\"A obten\u00e7\u00e3o de um ESTA \u00e9 uma opera\u00e7\u00e3o simples que requer apenas alguns euros. E quanto ao pedido de visto? O visto dos EUA \u00e9 gratuito?\" \/>\n<meta name=\"robots\" content=\"index, follow, max-snippet:-1, max-image-preview:large, max-video-preview:-1\" \/>\n<link rel=\"canonical\" href=\"https:\/\/123-esta.com\/pt-pt\/qual-e-o-preco-de-um-visto-para-os-eua\/\" \/>\n<meta property=\"og:locale\" content=\"pt_PT\" \/>\n<meta property=\"og:type\" content=\"article\" \/>\n<meta property=\"og:title\" content=\"Quanto custa um visto para viajar para os EUA?\" \/>\n<meta property=\"og:description\" content=\"A obten\u00e7\u00e3o de um ESTA \u00e9 uma opera\u00e7\u00e3o simples que requer apenas alguns euros. E quanto ao pedido de visto? O visto dos EUA \u00e9 gratuito?\" \/>\n<meta property=\"og:url\" content=\"https:\/\/123-esta.com\/pt-pt\/qual-e-o-preco-de-um-visto-para-os-eua\/\" \/>\n<meta property=\"og:site_name\" content=\"Formulaire ESTA pour les USA\" \/>\n<meta property=\"article:modified_time\" content=\"2022-09-13T19:16:36+00:00\" \/>\n<meta name=\"twitter:card\" content=\"summary_large_image\" \/>\n<meta name=\"twitter:label1\" content=\"Tempo estimado de leitura\" \/>\n\t<meta name=\"twitter:data1\" content=\"3 minutos\" \/>\n<script type=\"application\/ld+json\" class=\"yoast-schema-graph\">{\"@context\":\"https:\/\/schema.org\",\"@graph\":[{\"@type\":\"WebPage\",\"@id\":\"https:\/\/123-esta.com\/pt-pt\/qual-e-o-preco-de-um-visto-para-os-eua\/\",\"url\":\"https:\/\/123-esta.com\/pt-pt\/qual-e-o-preco-de-um-visto-para-os-eua\/\",\"name\":\"Quanto custa um visto para viajar para os EUA?\",\"isPartOf\":{\"@id\":\"https:\/\/123-esta.com\/pt-pt\/#website\"},\"datePublished\":\"2022-07-27T19:35:16+00:00\",\"dateModified\":\"2022-09-13T19:16:36+00:00\",\"description\":\"A obten\u00e7\u00e3o de um ESTA \u00e9 uma opera\u00e7\u00e3o simples que requer apenas alguns euros. E quanto ao pedido de visto? O visto dos EUA \u00e9 gratuito?\",\"inLanguage\":\"pt-PT\",\"potentialAction\":[{\"@type\":\"ReadAction\",\"target\":[\"https:\/\/123-esta.com\/pt-pt\/qual-e-o-preco-de-um-visto-para-os-eua\/\"]}]},{\"@type\":\"WebSite\",\"@id\":\"https:\/\/123-esta.com\/pt-pt\/#website\",\"url\":\"https:\/\/123-esta.com\/pt-pt\/\",\"name\":\"Formulaire ESTA pour les USA\",\"description\":\"\",\"publisher\":{\"@id\":\"https:\/\/123-esta.com\/pt-pt\/#organization\"},\"potentialAction\":[{\"@type\":\"SearchAction\",\"target\":{\"@type\":\"EntryPoint\",\"urlTemplate\":\"https:\/\/123-esta.com\/pt-pt\/?s={search_term_string}\"},\"query-input\":{\"@type\":\"PropertyValueSpecification\",\"valueRequired\":true,\"valueName\":\"search_term_string\"}}],\"inLanguage\":\"pt-PT\"},{\"@type\":\"Organization\",\"@id\":\"https:\/\/123-esta.com\/pt-pt\/#organization\",\"name\":\"Formulaire ESTA pour les USA\",\"url\":\"https:\/\/123-esta.com\/pt-pt\/\",\"logo\":{\"@type\":\"ImageObject\",\"inLanguage\":\"pt-PT\",\"@id\":\"https:\/\/123-esta.com\/pt-pt\/#\/schema\/logo\/image\/\",\"url\":\"https:\/\/123-esta.com\/wp-content\/uploads\/2018\/03\/logo-123-esta.png\",\"contentUrl\":\"https:\/\/123-esta.com\/wp-content\/uploads\/2018\/03\/logo-123-esta.png\",\"width\":191,\"height\":54,\"caption\":\"Formulaire ESTA pour les USA\"},\"image\":{\"@id\":\"https:\/\/123-esta.com\/pt-pt\/#\/schema\/logo\/image\/\"}}]}<\/script>\n<!-- \/ Yoast SEO plugin. -->","yoast_head_json":{"title":"Quanto custa um visto para viajar para os EUA?","description":"A obten\u00e7\u00e3o de um ESTA \u00e9 uma opera\u00e7\u00e3o simples que requer apenas alguns euros. E quanto ao pedido de visto? O visto dos EUA \u00e9 gratuito?","robots":{"index":"index","follow":"follow","max-snippet":"max-snippet:-1","max-image-preview":"max-image-preview:large","max-video-preview":"max-video-preview:-1"},"canonical":"https:\/\/123-esta.com\/pt-pt\/qual-e-o-preco-de-um-visto-para-os-eua\/","og_locale":"pt_PT","og_type":"article","og_title":"Quanto custa um visto para viajar para os EUA?","og_description":"A obten\u00e7\u00e3o de um ESTA \u00e9 uma opera\u00e7\u00e3o simples que requer apenas alguns euros. E quanto ao pedido de visto? O visto dos EUA \u00e9 gratuito?","og_url":"https:\/\/123-esta.com\/pt-pt\/qual-e-o-preco-de-um-visto-para-os-eua\/","og_site_name":"Formulaire ESTA pour les USA","article_modified_time":"2022-09-13T19:16:36+00:00","twitter_card":"summary_large_image","twitter_misc":{"Tempo estimado de leitura":"3 minutos"},"schema":{"@context":"https:\/\/schema.org","@graph":[{"@type":"WebPage","@id":"https:\/\/123-esta.com\/pt-pt\/qual-e-o-preco-de-um-visto-para-os-eua\/","url":"https:\/\/123-esta.com\/pt-pt\/qual-e-o-preco-de-um-visto-para-os-eua\/","name":"Quanto custa um visto para viajar para os EUA?","isPartOf":{"@id":"https:\/\/123-esta.com\/pt-pt\/#website"},"datePublished":"2022-07-27T19:35:16+00:00","dateModified":"2022-09-13T19:16:36+00:00","description":"A obten\u00e7\u00e3o de um ESTA \u00e9 uma opera\u00e7\u00e3o simples que requer apenas alguns euros. E quanto ao pedido de visto? O visto dos EUA \u00e9 gratuito?","inLanguage":"pt-PT","potentialAction":[{"@type":"ReadAction","target":["https:\/\/123-esta.com\/pt-pt\/qual-e-o-preco-de-um-visto-para-os-eua\/"]}]},{"@type":"WebSite","@id":"https:\/\/123-esta.com\/pt-pt\/#website","url":"https:\/\/123-esta.com\/pt-pt\/","name":"Formulaire ESTA pour les USA","description":"","publisher":{"@id":"https:\/\/123-esta.com\/pt-pt\/#organization"},"potentialAction":[{"@type":"SearchAction","target":{"@type":"EntryPoint","urlTemplate":"https:\/\/123-esta.com\/pt-pt\/?s={search_term_string}"},"query-input":{"@type":"PropertyValueSpecification","valueRequired":true,"valueName":"search_term_string"}}],"inLanguage":"pt-PT"},{"@type":"Organization","@id":"https:\/\/123-esta.com\/pt-pt\/#organization","name":"Formulaire ESTA pour les USA","url":"https:\/\/123-esta.com\/pt-pt\/","logo":{"@type":"ImageObject","inLanguage":"pt-PT","@id":"https:\/\/123-esta.com\/pt-pt\/#\/schema\/logo\/image\/","url":"https:\/\/123-esta.com\/wp-content\/uploads\/2018\/03\/logo-123-esta.png","contentUrl":"https:\/\/123-esta.com\/wp-content\/uploads\/2018\/03\/logo-123-esta.png","width":191,"height":54,"caption":"Formulaire ESTA pour les USA"},"image":{"@id":"https:\/\/123-esta.com\/pt-pt\/#\/schema\/logo\/image\/"}}]}},"_links":{"self":[{"href":"https:\/\/123-esta.com\/pt-pt\/wp-json\/wp\/v2\/pages\/2441","targetHints":{"allow":["GET"]}}],"collection":[{"href":"https:\/\/123-esta.com\/pt-pt\/wp-json\/wp\/v2\/pages"}],"about":[{"href":"https:\/\/123-esta.com\/pt-pt\/wp-json\/wp\/v2\/types\/page"}],"author":[{"embeddable":true,"href":"https:\/\/123-esta.com\/pt-pt\/wp-json\/wp\/v2\/users\/1"}],"replies":[{"embeddable":true,"href":"https:\/\/123-esta.com\/pt-pt\/wp-json\/wp\/v2\/comments?post=2441"}],"version-history":[{"count":0,"href":"https:\/\/123-esta.com\/pt-pt\/wp-json\/wp\/v2\/pages\/2441\/revisions"}],"wp:attachment":[{"href":"https:\/\/123-esta.com\/pt-pt\/wp-json\/wp\/v2\/media?parent=2441"}],"curies":[{"name":"wp","href":"https:\/\/api.w.org\/{rel}","templated":true}]}}