{"id":2436,"date":"2022-07-27T21:35:15","date_gmt":"2022-07-27T19:35:15","guid":{"rendered":"https:\/\/123-esta.com\/como-obter-um-visto-para-os-estados-unidos\/"},"modified":"2022-09-01T10:42:51","modified_gmt":"2022-09-01T08:42:51","slug":"obter-um-visto-para-os-estados-unidos","status":"publish","type":"page","link":"https:\/\/123-esta.com\/pt-pt\/obter-um-visto-para-os-estados-unidos\/","title":{"rendered":"Obten\u00e7\u00e3o de um visto para os Estados Unidos"},"content":{"rendered":"\n<p>As autoridades dos EUA levam a seguran\u00e7a interna muito a s\u00e9rio, e ainda mais desde que o Presidente Trump tomou posse. Al\u00e9m disso, todos os requerentes n\u00e3o-americanos devem assegurar-se de que preenchem os requisitos para um <a href=\"https:\/\/123-esta.com\/pt-pt\/voce-precisa-de-visto-para-os-eua\/\">visto dos EUA<\/a>. No entanto, o procedimento de pedido e os documentos a recolher s\u00e3o diferentes, dependendo da categoria do visto. Mas quais s\u00e3o as etapas e como se consegue um visto para os Estados Unidos?<\/p>\n\n<h2 class=\"wp-block-heading\">Determina\u00e7\u00e3o do tipo de visto para os EUA<\/h2>\n\n<p>Em primeiro lugar, para determinar como obter um visto para os EUA, \u00e9 necess\u00e1rio determinar o tipo de visto requerido, uma vez que s\u00e3o muitos!<\/p>\n\n<p>Para al\u00e9m do Programa de Isen\u00e7\u00e3o de Vistos dos EUA, que n\u00e3o est\u00e1 dispon\u00edvel para todos, existem duas categorias de vistos: o visto de n\u00e3o-imigrante para estadias tempor\u00e1rias e, em contraste, o visto de imigrante para pessoas que desejam residir permanentemente nos EUA. Em qualquer caso, o <a href=\"https:\/\/123-esta.com\/pt-pt\/candidatura-para-visa-eua\/\">pedido de um visto dos EUA<\/a> \u00e9 essencial para viajar para o pa\u00eds, independentemente do objectivo da visita.<\/p>\n\n<p>As pessoas que desejam ir para os EUA para uma estadia tempor\u00e1ria t\u00eam um estatuto de n\u00e3o-imigrante. Podem solicitar um visto B para visitantes, um visto C para tr\u00e2nsito, um visto F, M ou J para estudantes&#8230; a lista \u00e9 longa! \u00c9 obrigat\u00f3rio um visto para efeitos da sua estadia nos EUA.<\/p>\n\n<p>As pessoas que desejem viver permanentemente nos Estados Unidos devem solicitar um visto de imigrante. No entanto, ao contr\u00e1rio do visto de n\u00e3o-imigrante, o requerente n\u00e3o pode iniciar ele pr\u00f3prio o processo. Os Estados Unidos, apesar da sua tradi\u00e7\u00e3o como pa\u00eds acolhedor, n\u00e3o abre as suas portas a ningu\u00e9m. Qualquer pessoa que deseje estabelecer-se permanentemente nos EUA deve solicitar um visto de residente permanente que exija patroc\u00ednio ou selec\u00e7\u00e3o na lotaria de vistos de diversidade (tamb\u00e9m conhecida como lotaria do cart\u00e3o verde). Visto tempor\u00e1rio ou visto de residente permanente, em todos os casos, parte do processo \u00e9 feito online.<\/p>\n\n<h2 class=\"wp-block-heading\">Pedido online de visto para os Estados Unidos<\/h2>\n\n<p>Como mencionado anteriormente, o processo de obten\u00e7\u00e3o de um <a href=\"https:\/\/123-esta.com\/pt-pt\/visto-de-turista-dos-estados-unidos\/\">visto tur\u00edstico B2 para os EUA<\/a> varia de acordo com a categoria do visto. Ao contr\u00e1rio do Programa de Isen\u00e7\u00e3o de Vistos (VWP) onde a candidatura \u00e9 completamente sem papel, apenas parte do processo \u00e9 feita online, no website da Embaixada dos EUA.<\/p>\n\n<p>Em geral, ter\u00e1 de preencher um formul\u00e1rio (DS-160 formul\u00e1rio para n\u00e3o-imigrantes), reunir os documentos necess\u00e1rios (passaporte biom\u00e9trico ou electr\u00f3nico, documentos comprovativos da sua situa\u00e7\u00e3o, etc.), criar a sua conta online e depois pagar a taxa de inscri\u00e7\u00e3o. O <a href=\"https:\/\/123-esta.com\/pt-pt\/qual-e-o-preco-de-um-visto-para-os-eua\/\">pre\u00e7o do visto dos EUA<\/a> difere de acordo com a natureza da autoriza\u00e7\u00e3o solicitada.<\/p>\n\n<p>Finalmente, uma vez validado o seu pedido, receber\u00e1 uma mensagem dizendo-lhe como proceder para a sua entrevista com um funcion\u00e1rio consular. \u00c9 favor notar que o tempo de espera para uma marca\u00e7\u00e3o na Embaixada ou Consulado dos EUA para obter um visto dos EUA varia de uma institui\u00e7\u00e3o para outra. Por conseguinte, \u00e9 fortemente aconselhado a solicitar um visto o mais cedo poss\u00edvel.<\/p>\n\n<p>A entrevista em si \u00e9 relativamente r\u00e1pida &#8211; cerca de dez minutos &#8211; permitindo ao seu entrevistador determinar se \u00e9 ou n\u00e3o eleg\u00edvel para entrar nos EUA.<\/p>\n\n<h2 class=\"wp-block-heading\">Quanto tempo demora a obten\u00e7\u00e3o de um visto americano?<\/h2>\n\n<p>Ap\u00f3s a sua entrevista, o funcion\u00e1rio consular inform\u00e1-lo-\u00e1 da sua decis\u00e3o. Se lhe for concedido um visto, o funcion\u00e1rio do governo dos EUA ser\u00e1 titular do seu passaporte e afixar\u00e1 o seu visto dos EUA. Assim, n\u00e3o ir\u00e1 imediatamente para casa com o seu passaporte no bolso, mas receber\u00e1 o seu passaporte por correio dentro de 3 a 5 dias \u00fateis.<br\/>Finalmente, se tiver alguma d\u00favida sobre como obter um visto para os EUA, n\u00e3o hesite em contactar a embaixada ou consulado americano mais pr\u00f3ximo.<\/p>\n","protected":false},"excerpt":{"rendered":"<p>As autoridades dos EUA levam a seguran\u00e7a interna muito a s\u00e9rio, e ainda mais desde que o Presidente Trump tomou posse. Al\u00e9m disso, todos os requerentes n\u00e3o-americanos devem assegurar-se de que preenchem os requisitos para um visto dos EUA. No entanto, o procedimento de pedido e os documentos a recolher s\u00e3o diferentes, dependendo da categoria [&hellip;]<\/p>\n","protected":false},"author":1,"featured_media":0,"parent":0,"menu_order":0,"comment_status":"closed","ping_status":"closed","template":"","meta":{"site-sidebar-layout":"default","site-content-layout":"default","ast-site-content-layout":"default","site-content-style":"default","site-sidebar-style":"default","ast-global-header-display":"","ast-banner-title-visibility":"","ast-main-header-display":"","ast-hfb-above-header-display":"","ast-hfb-below-header-display":"","ast-hfb-mobile-header-display":"","site-post-title":"","ast-breadcrumbs-content":"","ast-featured-img":"","footer-sml-layout":"","ast-disable-related-posts":"","theme-transparent-header-meta":"default","adv-header-id-meta":"","stick-header-meta":"default","header-above-stick-meta":"","header-main-stick-meta":"","header-below-stick-meta":"","astra-migrate-meta-layouts":"default","ast-page-background-enabled":"default","ast-page-background-meta":{"desktop":{"background-color":"","background-image":"","background-repeat":"repeat","background-position":"center center","background-size":"auto","background-attachment":"scroll","background-type":"","background-media":"","overlay-type":"","overlay-color":"","overlay-opacity":"","overlay-gradient":""},"tablet":{"background-color":"","background-image":"","background-repeat":"repeat","background-position":"center center","background-size":"auto","background-attachment":"scroll","background-type":"","background-media":"","overlay-type":"","overlay-color":"","overlay-opacity":"","overlay-gradient":""},"mobile":{"background-color":"","background-image":"","background-repeat":"repeat","background-position":"center center","background-size":"auto","background-attachment":"scroll","background-type":"","background-media":"","overlay-type":"","overlay-color":"","overlay-opacity":"","overlay-gradient":""}},"ast-content-background-meta":{"desktop":{"background-color":"var(--ast-global-color-5)","background-image":"","background-repeat":"repeat","background-position":"center center","background-size":"auto","background-attachment":"scroll","background-type":"","background-media":"","overlay-type":"","overlay-color":"","overlay-opacity":"","overlay-gradient":""},"tablet":{"background-color":"var(--ast-global-color-5)","background-image":"","background-repeat":"repeat","background-position":"center center","background-size":"auto","background-attachment":"scroll","background-type":"","background-media":"","overlay-type":"","overlay-color":"","overlay-opacity":"","overlay-gradient":""},"mobile":{"background-color":"var(--ast-global-color-5)","background-image":"","background-repeat":"repeat","background-position":"center center","background-size":"auto","background-attachment":"scroll","background-type":"","background-media":"","overlay-type":"","overlay-color":"","overlay-opacity":"","overlay-gradient":""}},"footnotes":""},"class_list":["post-2436","page","type-page","status-publish","hentry"],"yoast_head":"<!-- This site is optimized with the Yoast SEO plugin v27.1.1 - https:\/\/yoast.com\/product\/yoast-seo-wordpress\/ -->\n<title>Como obter um visto para ir para os Estados Unidos<\/title>\n<meta name=\"description\" content=\"O ESTA n\u00e3o cobre todos os tipos de estadia nos EUA e um pedido de visto pode ser inevit\u00e1vel. As nossas dicas para um r\u00e1pido pedido de visto.\" \/>\n<meta name=\"robots\" content=\"index, follow, max-snippet:-1, max-image-preview:large, max-video-preview:-1\" \/>\n<link rel=\"canonical\" href=\"https:\/\/123-esta.com\/pt-pt\/obter-um-visto-para-os-estados-unidos\/\" \/>\n<meta property=\"og:locale\" content=\"pt_PT\" \/>\n<meta property=\"og:type\" content=\"article\" \/>\n<meta property=\"og:title\" content=\"Como obter um visto para ir para os Estados Unidos\" \/>\n<meta property=\"og:description\" content=\"O ESTA n\u00e3o cobre todos os tipos de estadia nos EUA e um pedido de visto pode ser inevit\u00e1vel. As nossas dicas para um r\u00e1pido pedido de visto.\" \/>\n<meta property=\"og:url\" content=\"https:\/\/123-esta.com\/pt-pt\/obter-um-visto-para-os-estados-unidos\/\" \/>\n<meta property=\"og:site_name\" content=\"Formulaire ESTA pour les USA\" \/>\n<meta property=\"article:modified_time\" content=\"2022-09-01T08:42:51+00:00\" \/>\n<meta name=\"twitter:card\" content=\"summary_large_image\" \/>\n<meta name=\"twitter:label1\" content=\"Tempo estimado de leitura\" \/>\n\t<meta name=\"twitter:data1\" content=\"3 minutos\" \/>\n<script type=\"application\/ld+json\" class=\"yoast-schema-graph\">{\"@context\":\"https:\/\/schema.org\",\"@graph\":[{\"@type\":\"WebPage\",\"@id\":\"https:\/\/123-esta.com\/pt-pt\/obter-um-visto-para-os-estados-unidos\/\",\"url\":\"https:\/\/123-esta.com\/pt-pt\/obter-um-visto-para-os-estados-unidos\/\",\"name\":\"Como obter um visto para ir para os Estados Unidos\",\"isPartOf\":{\"@id\":\"https:\/\/123-esta.com\/pt-pt\/#website\"},\"datePublished\":\"2022-07-27T19:35:15+00:00\",\"dateModified\":\"2022-09-01T08:42:51+00:00\",\"description\":\"O ESTA n\u00e3o cobre todos os tipos de estadia nos EUA e um pedido de visto pode ser inevit\u00e1vel. As nossas dicas para um r\u00e1pido pedido de visto.\",\"inLanguage\":\"pt-PT\",\"potentialAction\":[{\"@type\":\"ReadAction\",\"target\":[\"https:\/\/123-esta.com\/pt-pt\/obter-um-visto-para-os-estados-unidos\/\"]}]},{\"@type\":\"WebSite\",\"@id\":\"https:\/\/123-esta.com\/pt-pt\/#website\",\"url\":\"https:\/\/123-esta.com\/pt-pt\/\",\"name\":\"Formulaire ESTA pour les USA\",\"description\":\"\",\"publisher\":{\"@id\":\"https:\/\/123-esta.com\/pt-pt\/#organization\"},\"potentialAction\":[{\"@type\":\"SearchAction\",\"target\":{\"@type\":\"EntryPoint\",\"urlTemplate\":\"https:\/\/123-esta.com\/pt-pt\/?s={search_term_string}\"},\"query-input\":{\"@type\":\"PropertyValueSpecification\",\"valueRequired\":true,\"valueName\":\"search_term_string\"}}],\"inLanguage\":\"pt-PT\"},{\"@type\":\"Organization\",\"@id\":\"https:\/\/123-esta.com\/pt-pt\/#organization\",\"name\":\"Formulaire ESTA pour les USA\",\"url\":\"https:\/\/123-esta.com\/pt-pt\/\",\"logo\":{\"@type\":\"ImageObject\",\"inLanguage\":\"pt-PT\",\"@id\":\"https:\/\/123-esta.com\/pt-pt\/#\/schema\/logo\/image\/\",\"url\":\"https:\/\/123-esta.com\/wp-content\/uploads\/2018\/03\/logo-123-esta.png\",\"contentUrl\":\"https:\/\/123-esta.com\/wp-content\/uploads\/2018\/03\/logo-123-esta.png\",\"width\":191,\"height\":54,\"caption\":\"Formulaire ESTA pour les USA\"},\"image\":{\"@id\":\"https:\/\/123-esta.com\/pt-pt\/#\/schema\/logo\/image\/\"}}]}<\/script>\n<!-- \/ Yoast SEO plugin. -->","yoast_head_json":{"title":"Como obter um visto para ir para os Estados Unidos","description":"O ESTA n\u00e3o cobre todos os tipos de estadia nos EUA e um pedido de visto pode ser inevit\u00e1vel. As nossas dicas para um r\u00e1pido pedido de visto.","robots":{"index":"index","follow":"follow","max-snippet":"max-snippet:-1","max-image-preview":"max-image-preview:large","max-video-preview":"max-video-preview:-1"},"canonical":"https:\/\/123-esta.com\/pt-pt\/obter-um-visto-para-os-estados-unidos\/","og_locale":"pt_PT","og_type":"article","og_title":"Como obter um visto para ir para os Estados Unidos","og_description":"O ESTA n\u00e3o cobre todos os tipos de estadia nos EUA e um pedido de visto pode ser inevit\u00e1vel. As nossas dicas para um r\u00e1pido pedido de visto.","og_url":"https:\/\/123-esta.com\/pt-pt\/obter-um-visto-para-os-estados-unidos\/","og_site_name":"Formulaire ESTA pour les USA","article_modified_time":"2022-09-01T08:42:51+00:00","twitter_card":"summary_large_image","twitter_misc":{"Tempo estimado de leitura":"3 minutos"},"schema":{"@context":"https:\/\/schema.org","@graph":[{"@type":"WebPage","@id":"https:\/\/123-esta.com\/pt-pt\/obter-um-visto-para-os-estados-unidos\/","url":"https:\/\/123-esta.com\/pt-pt\/obter-um-visto-para-os-estados-unidos\/","name":"Como obter um visto para ir para os Estados Unidos","isPartOf":{"@id":"https:\/\/123-esta.com\/pt-pt\/#website"},"datePublished":"2022-07-27T19:35:15+00:00","dateModified":"2022-09-01T08:42:51+00:00","description":"O ESTA n\u00e3o cobre todos os tipos de estadia nos EUA e um pedido de visto pode ser inevit\u00e1vel. As nossas dicas para um r\u00e1pido pedido de visto.","inLanguage":"pt-PT","potentialAction":[{"@type":"ReadAction","target":["https:\/\/123-esta.com\/pt-pt\/obter-um-visto-para-os-estados-unidos\/"]}]},{"@type":"WebSite","@id":"https:\/\/123-esta.com\/pt-pt\/#website","url":"https:\/\/123-esta.com\/pt-pt\/","name":"Formulaire ESTA pour les USA","description":"","publisher":{"@id":"https:\/\/123-esta.com\/pt-pt\/#organization"},"potentialAction":[{"@type":"SearchAction","target":{"@type":"EntryPoint","urlTemplate":"https:\/\/123-esta.com\/pt-pt\/?s={search_term_string}"},"query-input":{"@type":"PropertyValueSpecification","valueRequired":true,"valueName":"search_term_string"}}],"inLanguage":"pt-PT"},{"@type":"Organization","@id":"https:\/\/123-esta.com\/pt-pt\/#organization","name":"Formulaire ESTA pour les USA","url":"https:\/\/123-esta.com\/pt-pt\/","logo":{"@type":"ImageObject","inLanguage":"pt-PT","@id":"https:\/\/123-esta.com\/pt-pt\/#\/schema\/logo\/image\/","url":"https:\/\/123-esta.com\/wp-content\/uploads\/2018\/03\/logo-123-esta.png","contentUrl":"https:\/\/123-esta.com\/wp-content\/uploads\/2018\/03\/logo-123-esta.png","width":191,"height":54,"caption":"Formulaire ESTA pour les USA"},"image":{"@id":"https:\/\/123-esta.com\/pt-pt\/#\/schema\/logo\/image\/"}}]}},"_links":{"self":[{"href":"https:\/\/123-esta.com\/pt-pt\/wp-json\/wp\/v2\/pages\/2436","targetHints":{"allow":["GET"]}}],"collection":[{"href":"https:\/\/123-esta.com\/pt-pt\/wp-json\/wp\/v2\/pages"}],"about":[{"href":"https:\/\/123-esta.com\/pt-pt\/wp-json\/wp\/v2\/types\/page"}],"author":[{"embeddable":true,"href":"https:\/\/123-esta.com\/pt-pt\/wp-json\/wp\/v2\/users\/1"}],"replies":[{"embeddable":true,"href":"https:\/\/123-esta.com\/pt-pt\/wp-json\/wp\/v2\/comments?post=2436"}],"version-history":[{"count":0,"href":"https:\/\/123-esta.com\/pt-pt\/wp-json\/wp\/v2\/pages\/2436\/revisions"}],"wp:attachment":[{"href":"https:\/\/123-esta.com\/pt-pt\/wp-json\/wp\/v2\/media?parent=2436"}],"curies":[{"name":"wp","href":"https:\/\/api.w.org\/{rel}","templated":true}]}}