{"id":2435,"date":"2022-07-27T21:35:15","date_gmt":"2022-07-27T19:35:15","guid":{"rendered":"https:\/\/123-esta.com\/passport-usa\/"},"modified":"2022-09-13T22:51:39","modified_gmt":"2022-09-13T20:51:39","slug":"passaporte-esta-eua","status":"publish","type":"page","link":"https:\/\/123-esta.com\/pt-pt\/passaporte-esta-eua\/","title":{"rendered":"Qual o passaporte ESTA a utilizar para viajar para os EUA"},"content":{"rendered":"\n<p>A planear umas f\u00e9rias nos EUA? Quer seja um viajante pela primeira vez ou um passageiro frequente, uma vez que deixe a Uni\u00e3o Europeia, deve ter um passaporte para os Estados Unidos antes de solicitar qualquer autoriza\u00e7\u00e3o de viagem ou visto.<\/p>\n\n<p>Se j\u00e1 tem uma autoriza\u00e7\u00e3o de viagem do Programa de Isen\u00e7\u00e3o de Vistos, note que a <a href=\"https:\/\/123-esta.com\/pt-pt\/tudo-sobre-a-validade-do-esta\/\">validade do seu ESTA<\/a> tamb\u00e9m est\u00e1 ligada \u00e0 validade do seu passaporte americano. Al\u00e9m disso, se a autoriza\u00e7\u00e3o tiver expirado desde que a submeteu, deixar\u00e1 de ser v\u00e1lida e ter\u00e1 de voltar a candidatar-se.<\/p>\n\n<h2 class=\"wp-block-heading\">Que passaporte para os EUA?<\/h2>\n\n<p>Os controlos de seguran\u00e7a dos EUA t\u00eam sido refor\u00e7ados ao longo dos anos, de modo que todos os viajantes devem ter um passaporte electr\u00f3nico ou biom\u00e9trico para os EUA. Desde 2016, os passaportes de leitura \u00f3ptica j\u00e1 n\u00e3o s\u00e3o v\u00e1lidos para viajar para os EUA.<\/p>\n\n<p>A vers\u00e3o biom\u00e9trica \u00e9 mais recente do que a vers\u00e3o electr\u00f3nica. Para saber que tipo de passaporte americano tem, \u00e9 muito simples: basta olhar para a capa do seu documento, a palavra &#8220;Passport&#8221; est\u00e1 sublinhada na vers\u00e3o biom\u00e9trica.<\/p>\n\n<p>Na pr\u00e1tica, o passaporte electr\u00f3nico foi introduzido em Fran\u00e7a em 2006. Cont\u00e9m as informa\u00e7\u00f5es do titular em formato digital: nomes, data de nascimento, nacionalidade e n\u00famero de documento.<\/p>\n\n<p>O passaporte biom\u00e9trico tem sido emitido em Fran\u00e7a desde 2009. Para al\u00e9m da informa\u00e7\u00e3o j\u00e1 registada no passaporte electr\u00f3nico, cont\u00e9m tamb\u00e9m a foto digitalizada do titular e as impress\u00f5es digitais.<\/p>\n\n<p>Electr\u00f3nico ou biom\u00e9trico, o seu passaporte americano \u00e9 um documento essencial que lhe permitir\u00e1 solicitar um visto ou uma autoriza\u00e7\u00e3o de viagem.<\/p>\n\n<h2 class=\"wp-block-heading\">Solicite um passaporte americano para a sua viagem<\/h2>\n\n<p>Recomenda-se que solicite um passaporte dos EUA o mais cedo poss\u00edvel, especialmente se viajar durante os meses de Ver\u00e3o quando as candidaturas s\u00e3o muito solicitadas, resultando em tempos de processamento mais longos. De facto, muitos viajantes v\u00e3o para os Estados Unidos no Ver\u00e3o, durante as longas f\u00e9rias.<\/p>\n\n<p>\u00c9 emitido pelas c\u00e2maras municipais, sub-prefeituras e quart\u00e9is-generais da pol\u00edcia. Se se candidatar do estrangeiro, ser-lhe-\u00e1 entregue pela embaixada ou consulado do seu pa\u00eds de resid\u00eancia.<br\/>Se estiver a solicitar o seu primeiro passaporte para viajar para os EUA, ter\u00e1 de fornecer um documento de identidade v\u00e1lido, duas fotografias de passaporte e uma prova de morada. Se estiver a renovar o seu passaporte, ter\u00e1 de o trazer de volta e ser\u00e1 destru\u00eddo no local pelo agente administrativo.<\/p>\n\n<p>O pre\u00e7o do selo fiscal \u00e9 actualmente de 96 euros, que se pode comprar numa tabacaria, por exemplo.<\/p>\n\n<h2 class=\"wp-block-heading\">Validade do passaporte dos EUA<\/h2>\n\n<p>O passaporte \u00e9 v\u00e1lido por 10 anos para adultos (e 5 anos para menores). Para viajar para os Estados Unidos, o seu passaporte americano deve ser v\u00e1lido durante toda a estadia. No entanto, a administra\u00e7\u00e3o portugu\u00eas recomenda que seja v\u00e1lida por 6 meses ap\u00f3s a data de regresso da sua viagem aos Estados Unidos.<\/p>\n","protected":false},"excerpt":{"rendered":"<p>A planear umas f\u00e9rias nos EUA? Quer seja um viajante pela primeira vez ou um passageiro frequente, uma vez que deixe a Uni\u00e3o Europeia, deve ter um passaporte para os Estados Unidos antes de solicitar qualquer autoriza\u00e7\u00e3o de viagem ou visto. Se j\u00e1 tem uma autoriza\u00e7\u00e3o de viagem do Programa de Isen\u00e7\u00e3o de Vistos, note [&hellip;]<\/p>\n","protected":false},"author":1,"featured_media":0,"parent":0,"menu_order":0,"comment_status":"closed","ping_status":"closed","template":"","meta":{"site-sidebar-layout":"default","site-content-layout":"default","ast-site-content-layout":"default","site-content-style":"default","site-sidebar-style":"default","ast-global-header-display":"","ast-banner-title-visibility":"","ast-main-header-display":"","ast-hfb-above-header-display":"","ast-hfb-below-header-display":"","ast-hfb-mobile-header-display":"","site-post-title":"","ast-breadcrumbs-content":"","ast-featured-img":"","footer-sml-layout":"","ast-disable-related-posts":"","theme-transparent-header-meta":"default","adv-header-id-meta":"","stick-header-meta":"default","header-above-stick-meta":"","header-main-stick-meta":"","header-below-stick-meta":"","astra-migrate-meta-layouts":"default","ast-page-background-enabled":"default","ast-page-background-meta":{"desktop":{"background-color":"","background-image":"","background-repeat":"repeat","background-position":"center center","background-size":"auto","background-attachment":"scroll","background-type":"","background-media":"","overlay-type":"","overlay-color":"","overlay-opacity":"","overlay-gradient":""},"tablet":{"background-color":"","background-image":"","background-repeat":"repeat","background-position":"center center","background-size":"auto","background-attachment":"scroll","background-type":"","background-media":"","overlay-type":"","overlay-color":"","overlay-opacity":"","overlay-gradient":""},"mobile":{"background-color":"","background-image":"","background-repeat":"repeat","background-position":"center center","background-size":"auto","background-attachment":"scroll","background-type":"","background-media":"","overlay-type":"","overlay-color":"","overlay-opacity":"","overlay-gradient":""}},"ast-content-background-meta":{"desktop":{"background-color":"var(--ast-global-color-5)","background-image":"","background-repeat":"repeat","background-position":"center center","background-size":"auto","background-attachment":"scroll","background-type":"","background-media":"","overlay-type":"","overlay-color":"","overlay-opacity":"","overlay-gradient":""},"tablet":{"background-color":"var(--ast-global-color-5)","background-image":"","background-repeat":"repeat","background-position":"center center","background-size":"auto","background-attachment":"scroll","background-type":"","background-media":"","overlay-type":"","overlay-color":"","overlay-opacity":"","overlay-gradient":""},"mobile":{"background-color":"var(--ast-global-color-5)","background-image":"","background-repeat":"repeat","background-position":"center center","background-size":"auto","background-attachment":"scroll","background-type":"","background-media":"","overlay-type":"","overlay-color":"","overlay-opacity":"","overlay-gradient":""}},"footnotes":""},"class_list":["post-2435","page","type-page","status-publish","hentry"],"yoast_head":"<!-- This site is optimized with the Yoast SEO plugin v27.1.1 - https:\/\/yoast.com\/product\/yoast-seo-wordpress\/ -->\n<title>Qual o passaporte ESTA a utilizar para viajar para os EUA<\/title>\n<meta name=\"description\" content=\"Para viajar fora da \u00e1rea de Schegen, \u00e9 necess\u00e1rio um passaporte. As autoridades dos EUA s\u00f3 aceitam passaportes biom\u00e9tricos\" \/>\n<meta name=\"robots\" content=\"index, follow, max-snippet:-1, max-image-preview:large, max-video-preview:-1\" \/>\n<link rel=\"canonical\" href=\"https:\/\/123-esta.com\/pt-pt\/passaporte-esta-eua\/\" \/>\n<meta property=\"og:locale\" content=\"pt_PT\" \/>\n<meta property=\"og:type\" content=\"article\" \/>\n<meta property=\"og:title\" content=\"Qual o passaporte ESTA a utilizar para viajar para os EUA\" \/>\n<meta property=\"og:description\" content=\"Para viajar fora da \u00e1rea de Schegen, \u00e9 necess\u00e1rio um passaporte. As autoridades dos EUA s\u00f3 aceitam passaportes biom\u00e9tricos\" \/>\n<meta property=\"og:url\" content=\"https:\/\/123-esta.com\/pt-pt\/passaporte-esta-eua\/\" \/>\n<meta property=\"og:site_name\" content=\"Formulaire ESTA pour les USA\" \/>\n<meta property=\"article:modified_time\" content=\"2022-09-13T20:51:39+00:00\" \/>\n<meta name=\"twitter:card\" content=\"summary_large_image\" \/>\n<meta name=\"twitter:label1\" content=\"Tempo estimado de leitura\" \/>\n\t<meta name=\"twitter:data1\" content=\"3 minutos\" \/>\n<script type=\"application\/ld+json\" class=\"yoast-schema-graph\">{\"@context\":\"https:\/\/schema.org\",\"@graph\":[{\"@type\":\"WebPage\",\"@id\":\"https:\/\/123-esta.com\/pt-pt\/passaporte-esta-eua\/\",\"url\":\"https:\/\/123-esta.com\/pt-pt\/passaporte-esta-eua\/\",\"name\":\"Qual o passaporte ESTA a utilizar para viajar para os EUA\",\"isPartOf\":{\"@id\":\"https:\/\/123-esta.com\/pt-pt\/#website\"},\"datePublished\":\"2022-07-27T19:35:15+00:00\",\"dateModified\":\"2022-09-13T20:51:39+00:00\",\"description\":\"Para viajar fora da \u00e1rea de Schegen, \u00e9 necess\u00e1rio um passaporte. As autoridades dos EUA s\u00f3 aceitam passaportes biom\u00e9tricos\",\"inLanguage\":\"pt-PT\",\"potentialAction\":[{\"@type\":\"ReadAction\",\"target\":[\"https:\/\/123-esta.com\/pt-pt\/passaporte-esta-eua\/\"]}]},{\"@type\":\"WebSite\",\"@id\":\"https:\/\/123-esta.com\/pt-pt\/#website\",\"url\":\"https:\/\/123-esta.com\/pt-pt\/\",\"name\":\"Formulaire ESTA pour les USA\",\"description\":\"\",\"publisher\":{\"@id\":\"https:\/\/123-esta.com\/pt-pt\/#organization\"},\"potentialAction\":[{\"@type\":\"SearchAction\",\"target\":{\"@type\":\"EntryPoint\",\"urlTemplate\":\"https:\/\/123-esta.com\/pt-pt\/?s={search_term_string}\"},\"query-input\":{\"@type\":\"PropertyValueSpecification\",\"valueRequired\":true,\"valueName\":\"search_term_string\"}}],\"inLanguage\":\"pt-PT\"},{\"@type\":\"Organization\",\"@id\":\"https:\/\/123-esta.com\/pt-pt\/#organization\",\"name\":\"Formulaire ESTA pour les USA\",\"url\":\"https:\/\/123-esta.com\/pt-pt\/\",\"logo\":{\"@type\":\"ImageObject\",\"inLanguage\":\"pt-PT\",\"@id\":\"https:\/\/123-esta.com\/pt-pt\/#\/schema\/logo\/image\/\",\"url\":\"https:\/\/123-esta.com\/wp-content\/uploads\/2018\/03\/logo-123-esta.png\",\"contentUrl\":\"https:\/\/123-esta.com\/wp-content\/uploads\/2018\/03\/logo-123-esta.png\",\"width\":191,\"height\":54,\"caption\":\"Formulaire ESTA pour les USA\"},\"image\":{\"@id\":\"https:\/\/123-esta.com\/pt-pt\/#\/schema\/logo\/image\/\"}}]}<\/script>\n<!-- \/ Yoast SEO plugin. -->","yoast_head_json":{"title":"Qual o passaporte ESTA a utilizar para viajar para os EUA","description":"Para viajar fora da \u00e1rea de Schegen, \u00e9 necess\u00e1rio um passaporte. As autoridades dos EUA s\u00f3 aceitam passaportes biom\u00e9tricos","robots":{"index":"index","follow":"follow","max-snippet":"max-snippet:-1","max-image-preview":"max-image-preview:large","max-video-preview":"max-video-preview:-1"},"canonical":"https:\/\/123-esta.com\/pt-pt\/passaporte-esta-eua\/","og_locale":"pt_PT","og_type":"article","og_title":"Qual o passaporte ESTA a utilizar para viajar para os EUA","og_description":"Para viajar fora da \u00e1rea de Schegen, \u00e9 necess\u00e1rio um passaporte. As autoridades dos EUA s\u00f3 aceitam passaportes biom\u00e9tricos","og_url":"https:\/\/123-esta.com\/pt-pt\/passaporte-esta-eua\/","og_site_name":"Formulaire ESTA pour les USA","article_modified_time":"2022-09-13T20:51:39+00:00","twitter_card":"summary_large_image","twitter_misc":{"Tempo estimado de leitura":"3 minutos"},"schema":{"@context":"https:\/\/schema.org","@graph":[{"@type":"WebPage","@id":"https:\/\/123-esta.com\/pt-pt\/passaporte-esta-eua\/","url":"https:\/\/123-esta.com\/pt-pt\/passaporte-esta-eua\/","name":"Qual o passaporte ESTA a utilizar para viajar para os EUA","isPartOf":{"@id":"https:\/\/123-esta.com\/pt-pt\/#website"},"datePublished":"2022-07-27T19:35:15+00:00","dateModified":"2022-09-13T20:51:39+00:00","description":"Para viajar fora da \u00e1rea de Schegen, \u00e9 necess\u00e1rio um passaporte. As autoridades dos EUA s\u00f3 aceitam passaportes biom\u00e9tricos","inLanguage":"pt-PT","potentialAction":[{"@type":"ReadAction","target":["https:\/\/123-esta.com\/pt-pt\/passaporte-esta-eua\/"]}]},{"@type":"WebSite","@id":"https:\/\/123-esta.com\/pt-pt\/#website","url":"https:\/\/123-esta.com\/pt-pt\/","name":"Formulaire ESTA pour les USA","description":"","publisher":{"@id":"https:\/\/123-esta.com\/pt-pt\/#organization"},"potentialAction":[{"@type":"SearchAction","target":{"@type":"EntryPoint","urlTemplate":"https:\/\/123-esta.com\/pt-pt\/?s={search_term_string}"},"query-input":{"@type":"PropertyValueSpecification","valueRequired":true,"valueName":"search_term_string"}}],"inLanguage":"pt-PT"},{"@type":"Organization","@id":"https:\/\/123-esta.com\/pt-pt\/#organization","name":"Formulaire ESTA pour les USA","url":"https:\/\/123-esta.com\/pt-pt\/","logo":{"@type":"ImageObject","inLanguage":"pt-PT","@id":"https:\/\/123-esta.com\/pt-pt\/#\/schema\/logo\/image\/","url":"https:\/\/123-esta.com\/wp-content\/uploads\/2018\/03\/logo-123-esta.png","contentUrl":"https:\/\/123-esta.com\/wp-content\/uploads\/2018\/03\/logo-123-esta.png","width":191,"height":54,"caption":"Formulaire ESTA pour les USA"},"image":{"@id":"https:\/\/123-esta.com\/pt-pt\/#\/schema\/logo\/image\/"}}]}},"_links":{"self":[{"href":"https:\/\/123-esta.com\/pt-pt\/wp-json\/wp\/v2\/pages\/2435","targetHints":{"allow":["GET"]}}],"collection":[{"href":"https:\/\/123-esta.com\/pt-pt\/wp-json\/wp\/v2\/pages"}],"about":[{"href":"https:\/\/123-esta.com\/pt-pt\/wp-json\/wp\/v2\/types\/page"}],"author":[{"embeddable":true,"href":"https:\/\/123-esta.com\/pt-pt\/wp-json\/wp\/v2\/users\/1"}],"replies":[{"embeddable":true,"href":"https:\/\/123-esta.com\/pt-pt\/wp-json\/wp\/v2\/comments?post=2435"}],"version-history":[{"count":0,"href":"https:\/\/123-esta.com\/pt-pt\/wp-json\/wp\/v2\/pages\/2435\/revisions"}],"wp:attachment":[{"href":"https:\/\/123-esta.com\/pt-pt\/wp-json\/wp\/v2\/media?parent=2435"}],"curies":[{"name":"wp","href":"https:\/\/api.w.org\/{rel}","templated":true}]}}