{"id":2427,"date":"2022-07-27T21:34:47","date_gmt":"2022-07-27T19:34:47","guid":{"rendered":"https:\/\/123-esta.com\/esta-and-low-age-child\/"},"modified":"2022-08-23T23:36:43","modified_gmt":"2022-08-23T21:36:43","slug":"esta-para-criancas","status":"publish","type":"page","link":"https:\/\/123-esta.com\/pt-pt\/esta-para-criancas\/","title":{"rendered":"\u00c9 necess\u00e1ria uma candidatura ESTA para crian\u00e7as e menores?"},"content":{"rendered":"\n<p>Qualquer pessoa que pretenda viajar para os Estados Unidos n\u00e3o pode l\u00e1 ir sem um visto ou autoriza\u00e7\u00e3o de viagem antes de partir.<\/p>\n\n<p>Muitos pais que desejam passar f\u00e9rias nos EUA e beneficiar do Programa de Isen\u00e7\u00e3o de Vistos interrogam-se se devem candidatar-se a um ESTA para os seus filhos.<\/p>\n\n<p>Esta \u00e9 uma quest\u00e3o leg\u00edtima, especialmente quando se viaja com um beb\u00e9. O Departamento de Seguran\u00e7a Interna dos EUA verifica a identidade de todos os viajantes antes da sua chegada aos EUA, tanto adultos como menores. Antes de preencher o seu <a href=\"https:\/\/123-esta.com\/pt-pt\/como-preencher-o-questionario-esta\/\">question\u00e1rio ESTA<\/a>, encontre todos os nossos conselhos aos viajantes sobre as formalidades a cumprir antes de partir para os Estados Unidos com uma crian\u00e7a, para que n\u00e3o seja deixado na pista ao embarcar.<\/p>\n\n<h2 class=\"wp-block-heading\">Quais s\u00e3o os requisitos para se candidatar a uma crian\u00e7a ESTA?<\/h2>\n\n<p>Quer se trate de uma crian\u00e7a ou de um adulto ESTA, as condi\u00e7\u00f5es a preencher s\u00e3o exactamente as mesmas (ser um nacional de um dos pa\u00edses em causa no VWP, estadia m\u00e1xima de 90 dias, viajar para fins tur\u00edsticos ou em tr\u00e2nsito, etc.).<\/p>\n\n<p>Como em qualquer viagem ao estrangeiro, fora da Uni\u00e3o Europeia, \u00e9 necess\u00e1rio um passaporte v\u00e1lido em seu nome. Ao viajar para os EUA, o ESTA est\u00e1 ligado ao n\u00famero do passaporte. Um menor deve, portanto, ter um passaporte biom\u00e9trico ou um passaporte electr\u00f3nico, bem como o ESTA de uma crian\u00e7a.<\/p>\n\n<p>No caso de filhos de casais n\u00e3o casados ou divorciados, cuja m\u00e3e assumiu o seu nome de solteira, a crian\u00e7a nem sempre tem o mesmo nome que o progenitor. Por conseguinte, precisam do seu pr\u00f3prio documento de identidade, e o livro de registo familiar n\u00e3o \u00e9 um documento aceit\u00e1vel para uma estadia nos Estados Unidos.<\/p>\n\n<p>Assim, se o seu filho ainda n\u00e3o tiver um documento de viagem e estiver a planear umas f\u00e9rias nos EUA, v\u00e1 \u00e0 sua c\u00e2mara municipal local com o seu filho para solicitar um passaporte pela primeira vez. D\u00ea um m\u00eas para a receber.<\/p>\n\n<h2 class=\"wp-block-heading\">Como posso candidatar-me a um ESTA para um menor?<\/h2>\n\n<p><a href=\"https:\/\/123-esta.com\/pt-pt\/porque-aplicar-esta-para-os-eua\/\">O pedido ESTA<\/a> para um menor \u00e9 o mesmo que para um adulto. Isto implica o preenchimento de um formul\u00e1rio online dispon\u00edvel no s\u00edtio oficial do governo dos EUA ou num s\u00edtio web especializado.<br\/>A vantagem \u00e9 que se pode candidatar online como um grupo. Por isso, certifique-se de ter os passaportes de todas as pessoas que viajam consigo com anteced\u00eancia para garantir que a sua candidatura seja bem sucedida. O processo \u00e9 mais r\u00e1pido do que se tivesse de preencher um formul\u00e1rio ESTA para cada pessoa separadamente.<\/p>\n\n<p>Com uma validade de 2 anos, o ESTA para crian\u00e7as permite v\u00e1rias visitas aos EUA durante este per\u00edodo e n\u00e3o ser\u00e1 necess\u00e1rio para uma viagem futura.<\/p>\n\n<p>A taxa de pedido de autoriza\u00e7\u00e3o de viagem de um menor \u00e9 igual \u00e0 de um adulto, e o montante a pagar \u00e9 o mesmo tanto para adultos como para crian\u00e7as &#8211; as autoridades americanas n\u00e3o d\u00e3o aqui uma taxa preferencial!<\/p>\n\n<p><em><strong>Nota importante:<\/strong>  A \u00fanica diferen\u00e7a entre um pedido ESTA para uma crian\u00e7a e um adulto \u00e9 a forma como o formul\u00e1rio \u00e9 preenchido: o pai ou tutor pode preencher o pedido ESTA para o menor, mas deve certificar-se de marcar a caixa &#8220;Pedido feito por um terceiro&#8221; para certificar que um adulto fez de facto o pedido em nome da crian\u00e7a. Deve notar-se que um menor n\u00e3o pode fazer ele pr\u00f3prio o pedido e est\u00e1, portanto, dependente de um terceiro. Mesmo que a crian\u00e7a n\u00e3o responda \u00e0s suas pr\u00f3prias perguntas, as informa\u00e7\u00f5es fornecidas pelos pais ou pelo tutor legal devem ser verdadeiras.<\/em><\/p>\n\n<h2 class=\"wp-block-heading\">Outros documentos necess\u00e1rios para as crian\u00e7as que viajam para os Estados Unidos<\/h2>\n\n<p>Se um menor viajar para os EUA para um est\u00e1gio no estrangeiro, uma viagem de estudo de l\u00ednguas ou simplesmente para visitar familiares e visitar os EUA, ele ou ela pode viajar acompanhado por um dos pais ou n\u00e3o. No entanto, deve ter uma autoriza\u00e7\u00e3o para deixar o pa\u00eds (AST). Reintroduzido em 15 de Janeiro de 2017, este decreto diz respeito a todos os menores que vivem em Fran\u00e7a e viajam para o estrangeiro sem serem acompanhados por ambos os pais, com o objectivo de evitar o rapto de menores. Isto pode parecer exagerado, mas acontece em casos de div\u00f3rcio.<\/p>\n\n<p>Em resumo, para entrar nos Estados Unidos, um menor deve possuir os seguintes documentos, que podem ser solicitados pelos funcion\u00e1rios aduaneiros na fronteira:<\/p>\n\n<ul class=\"wp-block-list\"><li>uma autoriza\u00e7\u00e3o ESTA para menores em seu nome;<\/li><li>um passaporte franc\u00eas v\u00e1lido em seu nome;<\/li><li>um bilhete de avi\u00e3o ou de cruzeiro em seu nome;<\/li><li>a forma original da autoriza\u00e7\u00e3o para deixar o pa\u00eds assinada por um dos dois pais (ou o representante legal);<\/li><li>uma fotoc\u00f3pia do documento de identidade do signat\u00e1rio.<\/li><\/ul>\n\n<p>Viajar com um beb\u00e9 ou uma crian\u00e7a nem sempre \u00e9 f\u00e1cil! Munido deste valioso conselho, est\u00e1 agora pronto a solicitar a autoriza\u00e7\u00e3o de viagem para si e\/ou para os seus filhos com total tranquilidade de esp\u00edrito. Recordamos que o pedido do ESTA deve ser solicitado o mais rapidamente poss\u00edvel para poder voltar a apresentar o pedido se necess\u00e1rio ou, em caso de recusa, para solicitar um visto na embaixada dos EUA.<\/p>\n","protected":false},"excerpt":{"rendered":"<p>Qualquer pessoa que pretenda viajar para os Estados Unidos n\u00e3o pode l\u00e1 ir sem um visto ou autoriza\u00e7\u00e3o de viagem antes de partir. Muitos pais que desejam passar f\u00e9rias nos EUA e beneficiar do Programa de Isen\u00e7\u00e3o de Vistos interrogam-se se devem candidatar-se a um ESTA para os seus filhos. Esta \u00e9 uma quest\u00e3o leg\u00edtima, [&hellip;]<\/p>\n","protected":false},"author":1,"featured_media":0,"parent":0,"menu_order":0,"comment_status":"closed","ping_status":"closed","template":"","meta":{"site-sidebar-layout":"default","site-content-layout":"default","ast-site-content-layout":"default","site-content-style":"default","site-sidebar-style":"default","ast-global-header-display":"","ast-banner-title-visibility":"","ast-main-header-display":"","ast-hfb-above-header-display":"","ast-hfb-below-header-display":"","ast-hfb-mobile-header-display":"","site-post-title":"","ast-breadcrumbs-content":"","ast-featured-img":"","footer-sml-layout":"","ast-disable-related-posts":"","theme-transparent-header-meta":"default","adv-header-id-meta":"","stick-header-meta":"default","header-above-stick-meta":"","header-main-stick-meta":"","header-below-stick-meta":"","astra-migrate-meta-layouts":"default","ast-page-background-enabled":"default","ast-page-background-meta":{"desktop":{"background-color":"","background-image":"","background-repeat":"repeat","background-position":"center center","background-size":"auto","background-attachment":"scroll","background-type":"","background-media":"","overlay-type":"","overlay-color":"","overlay-opacity":"","overlay-gradient":""},"tablet":{"background-color":"","background-image":"","background-repeat":"repeat","background-position":"center center","background-size":"auto","background-attachment":"scroll","background-type":"","background-media":"","overlay-type":"","overlay-color":"","overlay-opacity":"","overlay-gradient":""},"mobile":{"background-color":"","background-image":"","background-repeat":"repeat","background-position":"center center","background-size":"auto","background-attachment":"scroll","background-type":"","background-media":"","overlay-type":"","overlay-color":"","overlay-opacity":"","overlay-gradient":""}},"ast-content-background-meta":{"desktop":{"background-color":"var(--ast-global-color-5)","background-image":"","background-repeat":"repeat","background-position":"center center","background-size":"auto","background-attachment":"scroll","background-type":"","background-media":"","overlay-type":"","overlay-color":"","overlay-opacity":"","overlay-gradient":""},"tablet":{"background-color":"var(--ast-global-color-5)","background-image":"","background-repeat":"repeat","background-position":"center center","background-size":"auto","background-attachment":"scroll","background-type":"","background-media":"","overlay-type":"","overlay-color":"","overlay-opacity":"","overlay-gradient":""},"mobile":{"background-color":"var(--ast-global-color-5)","background-image":"","background-repeat":"repeat","background-position":"center center","background-size":"auto","background-attachment":"scroll","background-type":"","background-media":"","overlay-type":"","overlay-color":"","overlay-opacity":"","overlay-gradient":""}},"footnotes":""},"class_list":["post-2427","page","type-page","status-publish","hentry"],"yoast_head":"<!-- This site is optimized with the Yoast SEO plugin v27.1.1 - https:\/\/yoast.com\/product\/yoast-seo-wordpress\/ -->\n<title>\u00c9 necess\u00e1ria uma candidatura ESTA para crian\u00e7as e menores?<\/title>\n<meta name=\"description\" content=\"Preciso de solicitar o ESTA para um beb\u00e9 ou crian\u00e7a de tenra idade? Informa\u00e7\u00e3o sobre o Programa de Isen\u00e7\u00e3o de Vistos dos EUA.\" \/>\n<meta name=\"robots\" content=\"index, follow, max-snippet:-1, max-image-preview:large, max-video-preview:-1\" \/>\n<link rel=\"canonical\" href=\"https:\/\/123-esta.com\/pt-pt\/esta-para-criancas\/\" \/>\n<meta property=\"og:locale\" content=\"pt_PT\" \/>\n<meta property=\"og:type\" content=\"article\" \/>\n<meta property=\"og:title\" content=\"\u00c9 necess\u00e1ria uma candidatura ESTA para crian\u00e7as e menores?\" \/>\n<meta property=\"og:description\" content=\"Preciso de solicitar o ESTA para um beb\u00e9 ou crian\u00e7a de tenra idade? Informa\u00e7\u00e3o sobre o Programa de Isen\u00e7\u00e3o de Vistos dos EUA.\" \/>\n<meta property=\"og:url\" content=\"https:\/\/123-esta.com\/pt-pt\/esta-para-criancas\/\" \/>\n<meta property=\"og:site_name\" content=\"Formulaire ESTA pour les USA\" \/>\n<meta property=\"article:modified_time\" content=\"2022-08-23T21:36:43+00:00\" \/>\n<meta name=\"twitter:card\" content=\"summary_large_image\" \/>\n<meta name=\"twitter:label1\" content=\"Tempo estimado de leitura\" \/>\n\t<meta name=\"twitter:data1\" content=\"5 minutos\" \/>\n<script type=\"application\/ld+json\" class=\"yoast-schema-graph\">{\"@context\":\"https:\/\/schema.org\",\"@graph\":[{\"@type\":\"WebPage\",\"@id\":\"https:\/\/123-esta.com\/pt-pt\/esta-para-criancas\/\",\"url\":\"https:\/\/123-esta.com\/pt-pt\/esta-para-criancas\/\",\"name\":\"\u00c9 necess\u00e1ria uma candidatura ESTA para crian\u00e7as e menores?\",\"isPartOf\":{\"@id\":\"https:\/\/123-esta.com\/pt-pt\/#website\"},\"datePublished\":\"2022-07-27T19:34:47+00:00\",\"dateModified\":\"2022-08-23T21:36:43+00:00\",\"description\":\"Preciso de solicitar o ESTA para um beb\u00e9 ou crian\u00e7a de tenra idade? Informa\u00e7\u00e3o sobre o Programa de Isen\u00e7\u00e3o de Vistos dos EUA.\",\"inLanguage\":\"pt-PT\",\"potentialAction\":[{\"@type\":\"ReadAction\",\"target\":[\"https:\/\/123-esta.com\/pt-pt\/esta-para-criancas\/\"]}]},{\"@type\":\"WebSite\",\"@id\":\"https:\/\/123-esta.com\/pt-pt\/#website\",\"url\":\"https:\/\/123-esta.com\/pt-pt\/\",\"name\":\"Formulaire ESTA pour les USA\",\"description\":\"\",\"publisher\":{\"@id\":\"https:\/\/123-esta.com\/pt-pt\/#organization\"},\"potentialAction\":[{\"@type\":\"SearchAction\",\"target\":{\"@type\":\"EntryPoint\",\"urlTemplate\":\"https:\/\/123-esta.com\/pt-pt\/?s={search_term_string}\"},\"query-input\":{\"@type\":\"PropertyValueSpecification\",\"valueRequired\":true,\"valueName\":\"search_term_string\"}}],\"inLanguage\":\"pt-PT\"},{\"@type\":\"Organization\",\"@id\":\"https:\/\/123-esta.com\/pt-pt\/#organization\",\"name\":\"Formulaire ESTA pour les USA\",\"url\":\"https:\/\/123-esta.com\/pt-pt\/\",\"logo\":{\"@type\":\"ImageObject\",\"inLanguage\":\"pt-PT\",\"@id\":\"https:\/\/123-esta.com\/pt-pt\/#\/schema\/logo\/image\/\",\"url\":\"https:\/\/123-esta.com\/wp-content\/uploads\/2018\/03\/logo-123-esta.png\",\"contentUrl\":\"https:\/\/123-esta.com\/wp-content\/uploads\/2018\/03\/logo-123-esta.png\",\"width\":191,\"height\":54,\"caption\":\"Formulaire ESTA pour les USA\"},\"image\":{\"@id\":\"https:\/\/123-esta.com\/pt-pt\/#\/schema\/logo\/image\/\"}}]}<\/script>\n<!-- \/ Yoast SEO plugin. -->","yoast_head_json":{"title":"\u00c9 necess\u00e1ria uma candidatura ESTA para crian\u00e7as e menores?","description":"Preciso de solicitar o ESTA para um beb\u00e9 ou crian\u00e7a de tenra idade? Informa\u00e7\u00e3o sobre o Programa de Isen\u00e7\u00e3o de Vistos dos EUA.","robots":{"index":"index","follow":"follow","max-snippet":"max-snippet:-1","max-image-preview":"max-image-preview:large","max-video-preview":"max-video-preview:-1"},"canonical":"https:\/\/123-esta.com\/pt-pt\/esta-para-criancas\/","og_locale":"pt_PT","og_type":"article","og_title":"\u00c9 necess\u00e1ria uma candidatura ESTA para crian\u00e7as e menores?","og_description":"Preciso de solicitar o ESTA para um beb\u00e9 ou crian\u00e7a de tenra idade? Informa\u00e7\u00e3o sobre o Programa de Isen\u00e7\u00e3o de Vistos dos EUA.","og_url":"https:\/\/123-esta.com\/pt-pt\/esta-para-criancas\/","og_site_name":"Formulaire ESTA pour les USA","article_modified_time":"2022-08-23T21:36:43+00:00","twitter_card":"summary_large_image","twitter_misc":{"Tempo estimado de leitura":"5 minutos"},"schema":{"@context":"https:\/\/schema.org","@graph":[{"@type":"WebPage","@id":"https:\/\/123-esta.com\/pt-pt\/esta-para-criancas\/","url":"https:\/\/123-esta.com\/pt-pt\/esta-para-criancas\/","name":"\u00c9 necess\u00e1ria uma candidatura ESTA para crian\u00e7as e menores?","isPartOf":{"@id":"https:\/\/123-esta.com\/pt-pt\/#website"},"datePublished":"2022-07-27T19:34:47+00:00","dateModified":"2022-08-23T21:36:43+00:00","description":"Preciso de solicitar o ESTA para um beb\u00e9 ou crian\u00e7a de tenra idade? Informa\u00e7\u00e3o sobre o Programa de Isen\u00e7\u00e3o de Vistos dos EUA.","inLanguage":"pt-PT","potentialAction":[{"@type":"ReadAction","target":["https:\/\/123-esta.com\/pt-pt\/esta-para-criancas\/"]}]},{"@type":"WebSite","@id":"https:\/\/123-esta.com\/pt-pt\/#website","url":"https:\/\/123-esta.com\/pt-pt\/","name":"Formulaire ESTA pour les USA","description":"","publisher":{"@id":"https:\/\/123-esta.com\/pt-pt\/#organization"},"potentialAction":[{"@type":"SearchAction","target":{"@type":"EntryPoint","urlTemplate":"https:\/\/123-esta.com\/pt-pt\/?s={search_term_string}"},"query-input":{"@type":"PropertyValueSpecification","valueRequired":true,"valueName":"search_term_string"}}],"inLanguage":"pt-PT"},{"@type":"Organization","@id":"https:\/\/123-esta.com\/pt-pt\/#organization","name":"Formulaire ESTA pour les USA","url":"https:\/\/123-esta.com\/pt-pt\/","logo":{"@type":"ImageObject","inLanguage":"pt-PT","@id":"https:\/\/123-esta.com\/pt-pt\/#\/schema\/logo\/image\/","url":"https:\/\/123-esta.com\/wp-content\/uploads\/2018\/03\/logo-123-esta.png","contentUrl":"https:\/\/123-esta.com\/wp-content\/uploads\/2018\/03\/logo-123-esta.png","width":191,"height":54,"caption":"Formulaire ESTA pour les USA"},"image":{"@id":"https:\/\/123-esta.com\/pt-pt\/#\/schema\/logo\/image\/"}}]}},"_links":{"self":[{"href":"https:\/\/123-esta.com\/pt-pt\/wp-json\/wp\/v2\/pages\/2427","targetHints":{"allow":["GET"]}}],"collection":[{"href":"https:\/\/123-esta.com\/pt-pt\/wp-json\/wp\/v2\/pages"}],"about":[{"href":"https:\/\/123-esta.com\/pt-pt\/wp-json\/wp\/v2\/types\/page"}],"author":[{"embeddable":true,"href":"https:\/\/123-esta.com\/pt-pt\/wp-json\/wp\/v2\/users\/1"}],"replies":[{"embeddable":true,"href":"https:\/\/123-esta.com\/pt-pt\/wp-json\/wp\/v2\/comments?post=2427"}],"version-history":[{"count":0,"href":"https:\/\/123-esta.com\/pt-pt\/wp-json\/wp\/v2\/pages\/2427\/revisions"}],"wp:attachment":[{"href":"https:\/\/123-esta.com\/pt-pt\/wp-json\/wp\/v2\/media?parent=2427"}],"curies":[{"name":"wp","href":"https:\/\/api.w.org\/{rel}","templated":true}]}}