{"id":2412,"date":"2022-07-27T21:34:44","date_gmt":"2022-07-27T19:34:44","guid":{"rendered":"https:\/\/123-esta.com\/precos-e-pagamentos-esta\/"},"modified":"2022-07-28T14:00:40","modified_gmt":"2022-07-28T12:00:40","slug":"precos-e-pagamentos-esta","status":"publish","type":"page","link":"https:\/\/123-esta.com\/pt-pt\/precos-e-pagamentos-esta\/","title":{"rendered":"Pre\u00e7o e pagamento do ESTA"},"content":{"rendered":"\n<p>A candidatura ESTA \u00e9 feita atrav\u00e9s de um formul\u00e1rio online usando o seu passaporte v\u00e1lido.<\/p>\n\n<h2 class=\"wp-block-heading\">Taxa ESTA<\/h2>\n\n<p>As autoridades dos EUA fixaram uma taxa \u00fanica de 21 d\u00f3lares por pedido desde Maio de 2022. Esta \u00e9 a taxa b\u00e1sica do ESTA.<\/p>\n\n<p>Al\u00e9m disso, poder\u00e1 ser-lhe cobrado pelos servi\u00e7os de empresas privadas para fornecer uma equipa profissional para verificar as informa\u00e7\u00f5es fornecidas no question\u00e1rio ESTA, fazer quaisquer altera\u00e7\u00f5es necess\u00e1rias se necess\u00e1rio, responder \u00e0s suas perguntas e garantir que o seu ficheiro \u00e9 guardado por um per\u00edodo de 2 anos.<\/p>\n\n<h2 class=\"wp-block-heading\">M\u00e9todo de pagamento ESTA<\/h2>\n\n<p>Tanto o registo do formul\u00e1rio de candidatura como o pagamento do ESTA s\u00e3o feitos num s\u00edtio web seguro. O pagamento do pedido do ESTA deve ser feito por cart\u00e3o de cr\u00e9dito.<\/p>\n\n<h2 class=\"wp-block-heading\">Servi\u00e7os de ASSIST\u00caNCIA de EMPRESAS PRIVADAS<\/h2>\n\n<p>O governo dos EUA \u00e9 intransigente quando se trata da seguran\u00e7a interna dos EUA. Escusado ser\u00e1 dizer que os controlos fronteiri\u00e7os s\u00e3o refor\u00e7ados. Todas as viagens para os EUA devem ser acompanhadas de uma autoriza\u00e7\u00e3o de viagem: ESTA ou visto. \u00c9 verdade que o pedido do ESTA \u00e9 mais simples e menos dispendioso do que um pedido de visto. Contudo, \u00e9 perigoso assumir que lhe ser\u00e1 dado o ESTA porque satisfaz os requisitos de elegibilidade. Um simples erro de dactilografia no formul\u00e1rio a ser preenchido e o ESTA pode ser recusado.<\/p>\n\n<p>Ao utilizar um helpdesk privado, garante-se que todas as informa\u00e7\u00f5es fornecidas s\u00e3o correctas, o que reduz grandemente o risco de rejei\u00e7\u00e3o. Al\u00e9m disso, h\u00e1 um apoio online frequente para responder a todas as suas perguntas.<\/p>\n","protected":false},"excerpt":{"rendered":"<p>A candidatura ESTA \u00e9 feita atrav\u00e9s de um formul\u00e1rio online usando o seu passaporte v\u00e1lido. Taxa ESTA As autoridades dos EUA fixaram uma taxa \u00fanica de 21 d\u00f3lares por pedido desde Maio de 2022. Esta \u00e9 a taxa b\u00e1sica do ESTA. Al\u00e9m disso, poder\u00e1 ser-lhe cobrado pelos servi\u00e7os de empresas privadas para fornecer uma equipa [&hellip;]<\/p>\n","protected":false},"author":1,"featured_media":0,"parent":0,"menu_order":0,"comment_status":"closed","ping_status":"closed","template":"","meta":{"site-sidebar-layout":"default","site-content-layout":"default","ast-site-content-layout":"default","site-content-style":"default","site-sidebar-style":"default","ast-global-header-display":"","ast-banner-title-visibility":"","ast-main-header-display":"","ast-hfb-above-header-display":"","ast-hfb-below-header-display":"","ast-hfb-mobile-header-display":"","site-post-title":"","ast-breadcrumbs-content":"","ast-featured-img":"","footer-sml-layout":"","ast-disable-related-posts":"","theme-transparent-header-meta":"default","adv-header-id-meta":"","stick-header-meta":"default","header-above-stick-meta":"","header-main-stick-meta":"","header-below-stick-meta":"","astra-migrate-meta-layouts":"default","ast-page-background-enabled":"default","ast-page-background-meta":{"desktop":{"background-color":"","background-image":"","background-repeat":"repeat","background-position":"center center","background-size":"auto","background-attachment":"scroll","background-type":"","background-media":"","overlay-type":"","overlay-color":"","overlay-opacity":"","overlay-gradient":""},"tablet":{"background-color":"","background-image":"","background-repeat":"repeat","background-position":"center center","background-size":"auto","background-attachment":"scroll","background-type":"","background-media":"","overlay-type":"","overlay-color":"","overlay-opacity":"","overlay-gradient":""},"mobile":{"background-color":"","background-image":"","background-repeat":"repeat","background-position":"center center","background-size":"auto","background-attachment":"scroll","background-type":"","background-media":"","overlay-type":"","overlay-color":"","overlay-opacity":"","overlay-gradient":""}},"ast-content-background-meta":{"desktop":{"background-color":"var(--ast-global-color-5)","background-image":"","background-repeat":"repeat","background-position":"center center","background-size":"auto","background-attachment":"scroll","background-type":"","background-media":"","overlay-type":"","overlay-color":"","overlay-opacity":"","overlay-gradient":""},"tablet":{"background-color":"var(--ast-global-color-5)","background-image":"","background-repeat":"repeat","background-position":"center center","background-size":"auto","background-attachment":"scroll","background-type":"","background-media":"","overlay-type":"","overlay-color":"","overlay-opacity":"","overlay-gradient":""},"mobile":{"background-color":"var(--ast-global-color-5)","background-image":"","background-repeat":"repeat","background-position":"center center","background-size":"auto","background-attachment":"scroll","background-type":"","background-media":"","overlay-type":"","overlay-color":"","overlay-opacity":"","overlay-gradient":""}},"footnotes":""},"class_list":["post-2412","page","type-page","status-publish","hentry"],"yoast_head":"<!-- This site is optimized with the Yoast SEO plugin v27.1.1 - https:\/\/yoast.com\/product\/yoast-seo-wordpress\/ -->\n<title>Pre\u00e7o e pagamento do ESTA<\/title>\n<meta name=\"description\" content=\"Informa\u00e7\u00e3o sobre como pagar o ESTA e o pre\u00e7o dos servi\u00e7os oferecidos para o obter.\" \/>\n<meta name=\"robots\" content=\"index, follow, max-snippet:-1, max-image-preview:large, max-video-preview:-1\" \/>\n<link rel=\"canonical\" href=\"https:\/\/123-esta.com\/pt-pt\/precos-e-pagamentos-esta\/\" \/>\n<meta property=\"og:locale\" content=\"pt_PT\" \/>\n<meta property=\"og:type\" content=\"article\" \/>\n<meta property=\"og:title\" content=\"Pre\u00e7o e pagamento do ESTA\" \/>\n<meta property=\"og:description\" content=\"Informa\u00e7\u00e3o sobre como pagar o ESTA e o pre\u00e7o dos servi\u00e7os oferecidos para o obter.\" \/>\n<meta property=\"og:url\" content=\"https:\/\/123-esta.com\/pt-pt\/precos-e-pagamentos-esta\/\" \/>\n<meta property=\"og:site_name\" content=\"Formulaire ESTA pour les USA\" \/>\n<meta property=\"article:modified_time\" content=\"2022-07-28T12:00:40+00:00\" \/>\n<meta name=\"twitter:card\" content=\"summary_large_image\" \/>\n<meta name=\"twitter:label1\" content=\"Tempo estimado de leitura\" \/>\n\t<meta name=\"twitter:data1\" content=\"1 minuto\" \/>\n<script type=\"application\/ld+json\" class=\"yoast-schema-graph\">{\"@context\":\"https:\/\/schema.org\",\"@graph\":[{\"@type\":\"WebPage\",\"@id\":\"https:\/\/123-esta.com\/pt-pt\/precos-e-pagamentos-esta\/\",\"url\":\"https:\/\/123-esta.com\/pt-pt\/precos-e-pagamentos-esta\/\",\"name\":\"Pre\u00e7o e pagamento do ESTA\",\"isPartOf\":{\"@id\":\"https:\/\/123-esta.com\/pt-pt\/#website\"},\"datePublished\":\"2022-07-27T19:34:44+00:00\",\"dateModified\":\"2022-07-28T12:00:40+00:00\",\"description\":\"Informa\u00e7\u00e3o sobre como pagar o ESTA e o pre\u00e7o dos servi\u00e7os oferecidos para o obter.\",\"inLanguage\":\"pt-PT\",\"potentialAction\":[{\"@type\":\"ReadAction\",\"target\":[\"https:\/\/123-esta.com\/pt-pt\/precos-e-pagamentos-esta\/\"]}]},{\"@type\":\"WebSite\",\"@id\":\"https:\/\/123-esta.com\/pt-pt\/#website\",\"url\":\"https:\/\/123-esta.com\/pt-pt\/\",\"name\":\"Formulaire ESTA pour les USA\",\"description\":\"\",\"publisher\":{\"@id\":\"https:\/\/123-esta.com\/pt-pt\/#organization\"},\"potentialAction\":[{\"@type\":\"SearchAction\",\"target\":{\"@type\":\"EntryPoint\",\"urlTemplate\":\"https:\/\/123-esta.com\/pt-pt\/?s={search_term_string}\"},\"query-input\":{\"@type\":\"PropertyValueSpecification\",\"valueRequired\":true,\"valueName\":\"search_term_string\"}}],\"inLanguage\":\"pt-PT\"},{\"@type\":\"Organization\",\"@id\":\"https:\/\/123-esta.com\/pt-pt\/#organization\",\"name\":\"Formulaire ESTA pour les USA\",\"url\":\"https:\/\/123-esta.com\/pt-pt\/\",\"logo\":{\"@type\":\"ImageObject\",\"inLanguage\":\"pt-PT\",\"@id\":\"https:\/\/123-esta.com\/pt-pt\/#\/schema\/logo\/image\/\",\"url\":\"https:\/\/123-esta.com\/wp-content\/uploads\/2018\/03\/logo-123-esta.png\",\"contentUrl\":\"https:\/\/123-esta.com\/wp-content\/uploads\/2018\/03\/logo-123-esta.png\",\"width\":191,\"height\":54,\"caption\":\"Formulaire ESTA pour les USA\"},\"image\":{\"@id\":\"https:\/\/123-esta.com\/pt-pt\/#\/schema\/logo\/image\/\"}}]}<\/script>\n<!-- \/ Yoast SEO plugin. -->","yoast_head_json":{"title":"Pre\u00e7o e pagamento do ESTA","description":"Informa\u00e7\u00e3o sobre como pagar o ESTA e o pre\u00e7o dos servi\u00e7os oferecidos para o obter.","robots":{"index":"index","follow":"follow","max-snippet":"max-snippet:-1","max-image-preview":"max-image-preview:large","max-video-preview":"max-video-preview:-1"},"canonical":"https:\/\/123-esta.com\/pt-pt\/precos-e-pagamentos-esta\/","og_locale":"pt_PT","og_type":"article","og_title":"Pre\u00e7o e pagamento do ESTA","og_description":"Informa\u00e7\u00e3o sobre como pagar o ESTA e o pre\u00e7o dos servi\u00e7os oferecidos para o obter.","og_url":"https:\/\/123-esta.com\/pt-pt\/precos-e-pagamentos-esta\/","og_site_name":"Formulaire ESTA pour les USA","article_modified_time":"2022-07-28T12:00:40+00:00","twitter_card":"summary_large_image","twitter_misc":{"Tempo estimado de leitura":"1 minuto"},"schema":{"@context":"https:\/\/schema.org","@graph":[{"@type":"WebPage","@id":"https:\/\/123-esta.com\/pt-pt\/precos-e-pagamentos-esta\/","url":"https:\/\/123-esta.com\/pt-pt\/precos-e-pagamentos-esta\/","name":"Pre\u00e7o e pagamento do ESTA","isPartOf":{"@id":"https:\/\/123-esta.com\/pt-pt\/#website"},"datePublished":"2022-07-27T19:34:44+00:00","dateModified":"2022-07-28T12:00:40+00:00","description":"Informa\u00e7\u00e3o sobre como pagar o ESTA e o pre\u00e7o dos servi\u00e7os oferecidos para o obter.","inLanguage":"pt-PT","potentialAction":[{"@type":"ReadAction","target":["https:\/\/123-esta.com\/pt-pt\/precos-e-pagamentos-esta\/"]}]},{"@type":"WebSite","@id":"https:\/\/123-esta.com\/pt-pt\/#website","url":"https:\/\/123-esta.com\/pt-pt\/","name":"Formulaire ESTA pour les USA","description":"","publisher":{"@id":"https:\/\/123-esta.com\/pt-pt\/#organization"},"potentialAction":[{"@type":"SearchAction","target":{"@type":"EntryPoint","urlTemplate":"https:\/\/123-esta.com\/pt-pt\/?s={search_term_string}"},"query-input":{"@type":"PropertyValueSpecification","valueRequired":true,"valueName":"search_term_string"}}],"inLanguage":"pt-PT"},{"@type":"Organization","@id":"https:\/\/123-esta.com\/pt-pt\/#organization","name":"Formulaire ESTA pour les USA","url":"https:\/\/123-esta.com\/pt-pt\/","logo":{"@type":"ImageObject","inLanguage":"pt-PT","@id":"https:\/\/123-esta.com\/pt-pt\/#\/schema\/logo\/image\/","url":"https:\/\/123-esta.com\/wp-content\/uploads\/2018\/03\/logo-123-esta.png","contentUrl":"https:\/\/123-esta.com\/wp-content\/uploads\/2018\/03\/logo-123-esta.png","width":191,"height":54,"caption":"Formulaire ESTA pour les USA"},"image":{"@id":"https:\/\/123-esta.com\/pt-pt\/#\/schema\/logo\/image\/"}}]}},"_links":{"self":[{"href":"https:\/\/123-esta.com\/pt-pt\/wp-json\/wp\/v2\/pages\/2412","targetHints":{"allow":["GET"]}}],"collection":[{"href":"https:\/\/123-esta.com\/pt-pt\/wp-json\/wp\/v2\/pages"}],"about":[{"href":"https:\/\/123-esta.com\/pt-pt\/wp-json\/wp\/v2\/types\/page"}],"author":[{"embeddable":true,"href":"https:\/\/123-esta.com\/pt-pt\/wp-json\/wp\/v2\/users\/1"}],"replies":[{"embeddable":true,"href":"https:\/\/123-esta.com\/pt-pt\/wp-json\/wp\/v2\/comments?post=2412"}],"version-history":[{"count":0,"href":"https:\/\/123-esta.com\/pt-pt\/wp-json\/wp\/v2\/pages\/2412\/revisions"}],"wp:attachment":[{"href":"https:\/\/123-esta.com\/pt-pt\/wp-json\/wp\/v2\/media?parent=2412"}],"curies":[{"name":"wp","href":"https:\/\/api.w.org\/{rel}","templated":true}]}}