{"id":2408,"date":"2022-07-27T21:34:44","date_gmt":"2022-07-27T19:34:44","guid":{"rendered":"https:\/\/123-esta.com\/do-you-need-a-visa-for-us\/"},"modified":"2022-07-29T17:07:44","modified_gmt":"2022-07-29T15:07:44","slug":"voce-precisa-de-visto-para-os-eua","status":"publish","type":"page","link":"https:\/\/123-esta.com\/pt-pt\/voce-precisa-de-visto-para-os-eua\/","title":{"rendered":"Pedido de visto para os EUA"},"content":{"rendered":"\n<p>Com mais de 3 milh\u00f5es de passageiros desembarcando diariamente nos Estados Unidos, as autoridades alfandeg\u00e1rias americanas est\u00e3o empenhadas em manter um elevado n\u00edvel de seguran\u00e7a nas suas fronteiras, ao mesmo tempo que mant\u00eam o tr\u00e1fego a fluir.<\/p>\n\n<p>Desde que satisfa\u00e7am os crit\u00e9rios de elegibilidade, os cidad\u00e3os franceses podem beneficiar do Programa de Isen\u00e7\u00e3o de Vistos dos EUA.<\/p>\n\n<p>Para solicitar um <a href=\"https:\/\/123-esta.com\/pt-pt\/o-que-e-esta\/\">visto ESTA<\/a>, deve ser nacional de um dos 40 pa\u00edses que participam no programa. Al\u00e9m disso, a sua estadia n\u00e3o deve exceder 90 dias consecutivos, quer seja para turismo, neg\u00f3cios (estadia n\u00e3o remunerada) ou tr\u00e2nsito. Deve tamb\u00e9m ter um passaporte electr\u00f3nico ou biom\u00e9trico.<br\/>Aqueles que n\u00e3o preencherem estes requisitos devem solicitar um <a href=\"https:\/\/123-esta.com\/pt-pt\/visto-de-turista-dos-estados-unidos\/\">visto de turista dos EUA<\/a>.<\/p>\n\n<h2 class=\"wp-block-heading\">Qual o visto americano a solicitar?<\/h2>\n\n<p>O <a href=\"https:\/\/123-esta.com\/pt-pt\/candidatura-para-visa-eua\/\">pedido de visto dos EUA<\/a> \u00e9 para viajantes que n\u00e3o s\u00e3o eleg\u00edveis para o Programa de Isen\u00e7\u00e3o de Vistos. Isto n\u00e3o deve ser tomado de \u00e2nimo leve, pois sem um visto pode dizer adeus ao seu sonho americano.<\/p>\n\n<p>Existem m\u00faltiplos vistos americanos, mas podemos apresentar os mais frequentemente solicitados:<\/p>\n\n<ul class=\"wp-block-list\"><li>Sonha com o grande americano ao ar livre, de admirar os arranha-c\u00e9us de Nova Iorque ou simplesmente de visitar um ente querido? Deve solicitar um <a href=\"https:\/\/usa-esta.net\/pt-pt\/visto-eua\/visto-b2\/\">visto de turista americano<\/a>, o visto B2;<\/li><li>quer fazer cursos numa das prestigiadas universidades americanas do pa\u00eds para ganhar cr\u00e9ditos e at\u00e9 um diploma? Neste caso, deve solicitar um visto F1 ou um visto M1;<\/li><li>se deseja fazer um est\u00e1gio numa empresa para melhorar o seu ingl\u00eas e descobrir o mundo do trabalho do outro lado do Atl\u00e2ntico, deve solicitar um visto J1.<\/li><\/ul>\n\n<p>Esta breve vis\u00e3o geral n\u00e3o \u00e9, evidentemente, exaustiva. Os diferentes tipos de vistos dos EUA s\u00e3o t\u00e3o diversos e variados como a situa\u00e7\u00e3o de cada requerente, mas seja qual for o seu caso e o objectivo da sua estadia nos EUA, deve contactar a embaixada dos EUA no seu pa\u00eds de resid\u00eancia ou o consulado dos EUA mais pr\u00f3ximo da sua casa.<\/p>\n\n<h2 class=\"wp-block-heading\">Como consigo um visto para os EUA?<\/h2>\n\n<p>Como mencionado acima, se a sua situa\u00e7\u00e3o n\u00e3o preencher os crit\u00e9rios do Programa de Isen\u00e7\u00e3o de Vistos, deve solicitar autoriza\u00e7\u00e3o para permanecer nos Estados Unidos. A quest\u00e3o agora \u00e9 <a href=\"https:\/\/123-esta.com\/pt-pt\/obter-um-visto-para-os-estados-unidos\/\">como obter um visto para os Estados<\/a> Unidos.<\/p>\n\n<p>Para todos os pedidos de visto dos EUA Fran\u00e7a, o processo come\u00e7a online, no website da embaixada e consulados americanos. Se desejar solicitar um visto de turista americano (o mais frequentemente solicitado), deve preencher o formul\u00e1rio DS-160 on-line e depois reunir os documentos necess\u00e1rios para apresentar ao funcion\u00e1rio do governo dos EUA no dia da sua nomea\u00e7\u00e3o, na embaixada ou consulado, se aplic\u00e1vel. O tempo de processamento de vistos nos EUA \u00e9 normalmente de 3 a 5 dias \u00fateis.<\/p>\n\n<h2 class=\"wp-block-heading\">E quanto ao pre\u00e7o de um visto dos EUA?<\/h2>\n\n<p>O <a href=\"https:\/\/123-esta.com\/pt-pt\/qual-e-o-preco-de-um-visto-para-os-eua\/\">pre\u00e7o do visto para os EUA<\/a> difere de acordo com a categoria do visto. Por exemplo, a taxa para um visto de trabalhador tempor\u00e1rio ou de estagi\u00e1rio (visto H) \u00e9 mais elevada do que para um visto de visitante para turismo, neg\u00f3cios ou cuidados m\u00e9dicos: $190 para o primeiro e $160 para o segundo.<\/p>\n\n<p>A taxa ser\u00e1 paga no momento da valida\u00e7\u00e3o do seu pedido de visto de turista dos EUA. N\u00e3o ser\u00e1 dado qualquer reembolso se a sua candidatura for recusada, mas pode voltar a candidatar-se se a sua candidatura n\u00e3o tiver sido bem sucedida da primeira vez.<\/p>\n","protected":false},"excerpt":{"rendered":"<p>Com mais de 3 milh\u00f5es de passageiros desembarcando diariamente nos Estados Unidos, as autoridades alfandeg\u00e1rias americanas est\u00e3o empenhadas em manter um elevado n\u00edvel de seguran\u00e7a nas suas fronteiras, ao mesmo tempo que mant\u00eam o tr\u00e1fego a fluir. Desde que satisfa\u00e7am os crit\u00e9rios de elegibilidade, os cidad\u00e3os franceses podem beneficiar do Programa de Isen\u00e7\u00e3o de Vistos [&hellip;]<\/p>\n","protected":false},"author":1,"featured_media":0,"parent":0,"menu_order":0,"comment_status":"closed","ping_status":"closed","template":"","meta":{"site-sidebar-layout":"default","site-content-layout":"default","ast-site-content-layout":"default","site-content-style":"default","site-sidebar-style":"default","ast-global-header-display":"","ast-banner-title-visibility":"","ast-main-header-display":"","ast-hfb-above-header-display":"","ast-hfb-below-header-display":"","ast-hfb-mobile-header-display":"","site-post-title":"","ast-breadcrumbs-content":"","ast-featured-img":"","footer-sml-layout":"","ast-disable-related-posts":"","theme-transparent-header-meta":"default","adv-header-id-meta":"","stick-header-meta":"default","header-above-stick-meta":"","header-main-stick-meta":"","header-below-stick-meta":"","astra-migrate-meta-layouts":"default","ast-page-background-enabled":"default","ast-page-background-meta":{"desktop":{"background-color":"","background-image":"","background-repeat":"repeat","background-position":"center center","background-size":"auto","background-attachment":"scroll","background-type":"","background-media":"","overlay-type":"","overlay-color":"","overlay-opacity":"","overlay-gradient":""},"tablet":{"background-color":"","background-image":"","background-repeat":"repeat","background-position":"center center","background-size":"auto","background-attachment":"scroll","background-type":"","background-media":"","overlay-type":"","overlay-color":"","overlay-opacity":"","overlay-gradient":""},"mobile":{"background-color":"","background-image":"","background-repeat":"repeat","background-position":"center center","background-size":"auto","background-attachment":"scroll","background-type":"","background-media":"","overlay-type":"","overlay-color":"","overlay-opacity":"","overlay-gradient":""}},"ast-content-background-meta":{"desktop":{"background-color":"var(--ast-global-color-5)","background-image":"","background-repeat":"repeat","background-position":"center center","background-size":"auto","background-attachment":"scroll","background-type":"","background-media":"","overlay-type":"","overlay-color":"","overlay-opacity":"","overlay-gradient":""},"tablet":{"background-color":"var(--ast-global-color-5)","background-image":"","background-repeat":"repeat","background-position":"center center","background-size":"auto","background-attachment":"scroll","background-type":"","background-media":"","overlay-type":"","overlay-color":"","overlay-opacity":"","overlay-gradient":""},"mobile":{"background-color":"var(--ast-global-color-5)","background-image":"","background-repeat":"repeat","background-position":"center center","background-size":"auto","background-attachment":"scroll","background-type":"","background-media":"","overlay-type":"","overlay-color":"","overlay-opacity":"","overlay-gradient":""}},"footnotes":""},"class_list":["post-2408","page","type-page","status-publish","hentry"],"yoast_head":"<!-- This site is optimized with the Yoast SEO plugin v27.1.1 - https:\/\/yoast.com\/product\/yoast-seo-wordpress\/ -->\n<title>Precisa de um visto para viajar para os EUA?<\/title>\n<meta name=\"description\" content=\"\u00c9 imposs\u00edvel viajar para os Estados Unidos sem uma autoriza\u00e7\u00e3o de viagem. Aqui concentramo-nos em aconselh\u00e1-lo sobre como obter um visto americano.\" \/>\n<meta name=\"robots\" content=\"index, follow, max-snippet:-1, max-image-preview:large, max-video-preview:-1\" \/>\n<link rel=\"canonical\" href=\"https:\/\/123-esta.com\/pt-pt\/voce-precisa-de-visto-para-os-eua\/\" \/>\n<meta property=\"og:locale\" content=\"pt_PT\" \/>\n<meta property=\"og:type\" content=\"article\" \/>\n<meta property=\"og:title\" content=\"Precisa de um visto para viajar para os EUA?\" \/>\n<meta property=\"og:description\" content=\"\u00c9 imposs\u00edvel viajar para os Estados Unidos sem uma autoriza\u00e7\u00e3o de viagem. Aqui concentramo-nos em aconselh\u00e1-lo sobre como obter um visto americano.\" \/>\n<meta property=\"og:url\" content=\"https:\/\/123-esta.com\/pt-pt\/voce-precisa-de-visto-para-os-eua\/\" \/>\n<meta property=\"og:site_name\" content=\"Formulaire ESTA pour les USA\" \/>\n<meta property=\"article:modified_time\" content=\"2022-07-29T15:07:44+00:00\" \/>\n<meta name=\"twitter:card\" content=\"summary_large_image\" \/>\n<meta name=\"twitter:label1\" content=\"Tempo estimado de leitura\" \/>\n\t<meta name=\"twitter:data1\" content=\"3 minutos\" \/>\n<script type=\"application\/ld+json\" class=\"yoast-schema-graph\">{\"@context\":\"https:\/\/schema.org\",\"@graph\":[{\"@type\":\"WebPage\",\"@id\":\"https:\/\/123-esta.com\/pt-pt\/voce-precisa-de-visto-para-os-eua\/\",\"url\":\"https:\/\/123-esta.com\/pt-pt\/voce-precisa-de-visto-para-os-eua\/\",\"name\":\"Precisa de um visto para viajar para os EUA?\",\"isPartOf\":{\"@id\":\"https:\/\/123-esta.com\/pt-pt\/#website\"},\"datePublished\":\"2022-07-27T19:34:44+00:00\",\"dateModified\":\"2022-07-29T15:07:44+00:00\",\"description\":\"\u00c9 imposs\u00edvel viajar para os Estados Unidos sem uma autoriza\u00e7\u00e3o de viagem. Aqui concentramo-nos em aconselh\u00e1-lo sobre como obter um visto americano.\",\"inLanguage\":\"pt-PT\",\"potentialAction\":[{\"@type\":\"ReadAction\",\"target\":[\"https:\/\/123-esta.com\/pt-pt\/voce-precisa-de-visto-para-os-eua\/\"]}]},{\"@type\":\"WebSite\",\"@id\":\"https:\/\/123-esta.com\/pt-pt\/#website\",\"url\":\"https:\/\/123-esta.com\/pt-pt\/\",\"name\":\"Formulaire ESTA pour les USA\",\"description\":\"\",\"publisher\":{\"@id\":\"https:\/\/123-esta.com\/pt-pt\/#organization\"},\"potentialAction\":[{\"@type\":\"SearchAction\",\"target\":{\"@type\":\"EntryPoint\",\"urlTemplate\":\"https:\/\/123-esta.com\/pt-pt\/?s={search_term_string}\"},\"query-input\":{\"@type\":\"PropertyValueSpecification\",\"valueRequired\":true,\"valueName\":\"search_term_string\"}}],\"inLanguage\":\"pt-PT\"},{\"@type\":\"Organization\",\"@id\":\"https:\/\/123-esta.com\/pt-pt\/#organization\",\"name\":\"Formulaire ESTA pour les USA\",\"url\":\"https:\/\/123-esta.com\/pt-pt\/\",\"logo\":{\"@type\":\"ImageObject\",\"inLanguage\":\"pt-PT\",\"@id\":\"https:\/\/123-esta.com\/pt-pt\/#\/schema\/logo\/image\/\",\"url\":\"https:\/\/123-esta.com\/wp-content\/uploads\/2018\/03\/logo-123-esta.png\",\"contentUrl\":\"https:\/\/123-esta.com\/wp-content\/uploads\/2018\/03\/logo-123-esta.png\",\"width\":191,\"height\":54,\"caption\":\"Formulaire ESTA pour les USA\"},\"image\":{\"@id\":\"https:\/\/123-esta.com\/pt-pt\/#\/schema\/logo\/image\/\"}}]}<\/script>\n<!-- \/ Yoast SEO plugin. -->","yoast_head_json":{"title":"Precisa de um visto para viajar para os EUA?","description":"\u00c9 imposs\u00edvel viajar para os Estados Unidos sem uma autoriza\u00e7\u00e3o de viagem. Aqui concentramo-nos em aconselh\u00e1-lo sobre como obter um visto americano.","robots":{"index":"index","follow":"follow","max-snippet":"max-snippet:-1","max-image-preview":"max-image-preview:large","max-video-preview":"max-video-preview:-1"},"canonical":"https:\/\/123-esta.com\/pt-pt\/voce-precisa-de-visto-para-os-eua\/","og_locale":"pt_PT","og_type":"article","og_title":"Precisa de um visto para viajar para os EUA?","og_description":"\u00c9 imposs\u00edvel viajar para os Estados Unidos sem uma autoriza\u00e7\u00e3o de viagem. Aqui concentramo-nos em aconselh\u00e1-lo sobre como obter um visto americano.","og_url":"https:\/\/123-esta.com\/pt-pt\/voce-precisa-de-visto-para-os-eua\/","og_site_name":"Formulaire ESTA pour les USA","article_modified_time":"2022-07-29T15:07:44+00:00","twitter_card":"summary_large_image","twitter_misc":{"Tempo estimado de leitura":"3 minutos"},"schema":{"@context":"https:\/\/schema.org","@graph":[{"@type":"WebPage","@id":"https:\/\/123-esta.com\/pt-pt\/voce-precisa-de-visto-para-os-eua\/","url":"https:\/\/123-esta.com\/pt-pt\/voce-precisa-de-visto-para-os-eua\/","name":"Precisa de um visto para viajar para os EUA?","isPartOf":{"@id":"https:\/\/123-esta.com\/pt-pt\/#website"},"datePublished":"2022-07-27T19:34:44+00:00","dateModified":"2022-07-29T15:07:44+00:00","description":"\u00c9 imposs\u00edvel viajar para os Estados Unidos sem uma autoriza\u00e7\u00e3o de viagem. Aqui concentramo-nos em aconselh\u00e1-lo sobre como obter um visto americano.","inLanguage":"pt-PT","potentialAction":[{"@type":"ReadAction","target":["https:\/\/123-esta.com\/pt-pt\/voce-precisa-de-visto-para-os-eua\/"]}]},{"@type":"WebSite","@id":"https:\/\/123-esta.com\/pt-pt\/#website","url":"https:\/\/123-esta.com\/pt-pt\/","name":"Formulaire ESTA pour les USA","description":"","publisher":{"@id":"https:\/\/123-esta.com\/pt-pt\/#organization"},"potentialAction":[{"@type":"SearchAction","target":{"@type":"EntryPoint","urlTemplate":"https:\/\/123-esta.com\/pt-pt\/?s={search_term_string}"},"query-input":{"@type":"PropertyValueSpecification","valueRequired":true,"valueName":"search_term_string"}}],"inLanguage":"pt-PT"},{"@type":"Organization","@id":"https:\/\/123-esta.com\/pt-pt\/#organization","name":"Formulaire ESTA pour les USA","url":"https:\/\/123-esta.com\/pt-pt\/","logo":{"@type":"ImageObject","inLanguage":"pt-PT","@id":"https:\/\/123-esta.com\/pt-pt\/#\/schema\/logo\/image\/","url":"https:\/\/123-esta.com\/wp-content\/uploads\/2018\/03\/logo-123-esta.png","contentUrl":"https:\/\/123-esta.com\/wp-content\/uploads\/2018\/03\/logo-123-esta.png","width":191,"height":54,"caption":"Formulaire ESTA pour les USA"},"image":{"@id":"https:\/\/123-esta.com\/pt-pt\/#\/schema\/logo\/image\/"}}]}},"_links":{"self":[{"href":"https:\/\/123-esta.com\/pt-pt\/wp-json\/wp\/v2\/pages\/2408","targetHints":{"allow":["GET"]}}],"collection":[{"href":"https:\/\/123-esta.com\/pt-pt\/wp-json\/wp\/v2\/pages"}],"about":[{"href":"https:\/\/123-esta.com\/pt-pt\/wp-json\/wp\/v2\/types\/page"}],"author":[{"embeddable":true,"href":"https:\/\/123-esta.com\/pt-pt\/wp-json\/wp\/v2\/users\/1"}],"replies":[{"embeddable":true,"href":"https:\/\/123-esta.com\/pt-pt\/wp-json\/wp\/v2\/comments?post=2408"}],"version-history":[{"count":0,"href":"https:\/\/123-esta.com\/pt-pt\/wp-json\/wp\/v2\/pages\/2408\/revisions"}],"wp:attachment":[{"href":"https:\/\/123-esta.com\/pt-pt\/wp-json\/wp\/v2\/media?parent=2408"}],"curies":[{"name":"wp","href":"https:\/\/api.w.org\/{rel}","templated":true}]}}