{"id":2403,"date":"2022-07-27T21:34:43","date_gmt":"2022-07-27T19:34:43","guid":{"rendered":"https:\/\/123-esta.com\/a-tour-of-the-united-states-is-it-possible\/"},"modified":"2022-09-19T17:12:00","modified_gmt":"2022-09-19T15:12:00","slug":"passeio-de-bicicleta-pelos-estados-unidos","status":"publish","type":"page","link":"https:\/\/123-esta.com\/pt-pt\/passeio-de-bicicleta-pelos-estados-unidos\/","title":{"rendered":"\u00c9 poss\u00edvel uma viagem aos Estados Unidos de bicicleta ou \u00e9 uma loucura?"},"content":{"rendered":"\n<p>\u00c9 dif\u00edcil circular livremente nos Estados Unidos sem transporte privado. As empresas de aluguer de autom\u00f3veis s\u00e3o abundantes, e o aluguer de bicicletas \u00e9 tamb\u00e9m comum e <a href=\"https:\/\/123-esta.com\/pt-pt\/transporte-nos-estados-unidos\/\">muito popular nos Estados Unidos<\/a>.<\/p>\n\n<p>Nos EUA, onde quer que v\u00e1, pode facilmente alugar uma bicicleta, e pode encontrar passeios de bicicleta. A experi\u00eancia \u00e9 diferente e garante uma melhor forma de explorar plenamente a paisagem, um pouco como ir dar um passeio.<\/p>\n\n<h2 class=\"wp-block-heading\">Para que locais pedalar?<\/h2>\n\n<p>\u00c9 imposs\u00edvel enumerar todos os lugares bonitos a explorar de bicicleta nos EUA. Tudo \u00e9 belo, desde as grandes cidades, passando pelo campo, at\u00e9 aos famosos parques, como o Grand Canyon.<\/p>\n\n<p>S\u00f3 em Nova Iorque, andar \u00e0 volta de Manhattan, atravessar a ponte de Brooklyn ou explorar o Central Park de bicicleta promete uma experi\u00eancia \u00e9pica. Quase todas as estradas das cidades dos Estados Unidos t\u00eam uma pista para bicicletas. Por vezes as bicicletas e os carros misturam-se, mas os condutores americanos s\u00e3o muito respeitadores do tr\u00e2nsito. No entanto, aconselha-se cautela.<\/p>\n\n<p>Fora das grandes cidades, h\u00e1 passeios de bicicleta. Existem muitos s\u00edtios de &#8220;ciclovias&#8221; na Internet que oferecem diferentes percursos de bicicleta, sozinhos ou em grupo, com mapas, dist\u00e2ncias e n\u00edveis de dificuldade fornecidos. Os viajantes t\u00eam uma escolha variada de paisagens a explorar: plan\u00edcies verdes, florestas, montanhas verdes ou rochosas; tudo pode ser feito de bicicleta.<\/p>\n\n<p>Os Estados Unidos s\u00e3o um grande pa\u00eds com lugares e vistas maravilhosas. N\u00e3o h\u00e1 realmente uma cidade ou local tur\u00edstico a priorizar, a diferen\u00e7a est\u00e1 na forma como a explora\u00e7\u00e3o \u00e9 feita. Andar de bicicleta em vez de conduzir pode fazer uma grande diferen\u00e7a e promete uma grande descoberta.<\/p>\n\n<h2 class=\"wp-block-heading\">E quanto aos Estados Unidos?<\/h2>\n\n<p>A ideia agradou a muitos. Alguns fazem uma longa travessia do Atl\u00e2ntico at\u00e9 ao Oceano Pac\u00edfico, outros optam por um passeio mais suave, como um passeio de bicicleta a Los Angeles, Chicago ou Washington.<\/p>\n\n<p>Os mais corajosos fazem a derradeira viagem rodovi\u00e1ria de S\u00e3o Francisco a Nova Iorque em apenas 90 dias. \u00c9 imposs\u00edvel descrever a sensa\u00e7\u00e3o deste tipo de viagem sem a ter experimentado. Digamos apenas que um passeio de bicicleta ou uma enorme viagem por estrada como a travessia dos Estados Unidos requer sempre uma boa e completa prepara\u00e7\u00e3o. Hot\u00e9is, itiner\u00e1rios, custos e despesas; tudo deve ser preparado com anteced\u00eancia.<\/p>\n","protected":false},"excerpt":{"rendered":"<p>\u00c9 dif\u00edcil circular livremente nos Estados Unidos sem transporte privado. As empresas de aluguer de autom\u00f3veis s\u00e3o abundantes, e o aluguer de bicicletas \u00e9 tamb\u00e9m comum e muito popular nos Estados Unidos. Nos EUA, onde quer que v\u00e1, pode facilmente alugar uma bicicleta, e pode encontrar passeios de bicicleta. A experi\u00eancia \u00e9 diferente e garante [&hellip;]<\/p>\n","protected":false},"author":1,"featured_media":0,"parent":0,"menu_order":0,"comment_status":"closed","ping_status":"closed","template":"","meta":{"site-sidebar-layout":"default","site-content-layout":"default","ast-site-content-layout":"default","site-content-style":"default","site-sidebar-style":"default","ast-global-header-display":"","ast-banner-title-visibility":"","ast-main-header-display":"","ast-hfb-above-header-display":"","ast-hfb-below-header-display":"","ast-hfb-mobile-header-display":"","site-post-title":"","ast-breadcrumbs-content":"","ast-featured-img":"","footer-sml-layout":"","ast-disable-related-posts":"","theme-transparent-header-meta":"default","adv-header-id-meta":"","stick-header-meta":"default","header-above-stick-meta":"","header-main-stick-meta":"","header-below-stick-meta":"","astra-migrate-meta-layouts":"default","ast-page-background-enabled":"default","ast-page-background-meta":{"desktop":{"background-color":"","background-image":"","background-repeat":"repeat","background-position":"center center","background-size":"auto","background-attachment":"scroll","background-type":"","background-media":"","overlay-type":"","overlay-color":"","overlay-opacity":"","overlay-gradient":""},"tablet":{"background-color":"","background-image":"","background-repeat":"repeat","background-position":"center center","background-size":"auto","background-attachment":"scroll","background-type":"","background-media":"","overlay-type":"","overlay-color":"","overlay-opacity":"","overlay-gradient":""},"mobile":{"background-color":"","background-image":"","background-repeat":"repeat","background-position":"center center","background-size":"auto","background-attachment":"scroll","background-type":"","background-media":"","overlay-type":"","overlay-color":"","overlay-opacity":"","overlay-gradient":""}},"ast-content-background-meta":{"desktop":{"background-color":"var(--ast-global-color-5)","background-image":"","background-repeat":"repeat","background-position":"center center","background-size":"auto","background-attachment":"scroll","background-type":"","background-media":"","overlay-type":"","overlay-color":"","overlay-opacity":"","overlay-gradient":""},"tablet":{"background-color":"var(--ast-global-color-5)","background-image":"","background-repeat":"repeat","background-position":"center center","background-size":"auto","background-attachment":"scroll","background-type":"","background-media":"","overlay-type":"","overlay-color":"","overlay-opacity":"","overlay-gradient":""},"mobile":{"background-color":"var(--ast-global-color-5)","background-image":"","background-repeat":"repeat","background-position":"center center","background-size":"auto","background-attachment":"scroll","background-type":"","background-media":"","overlay-type":"","overlay-color":"","overlay-opacity":"","overlay-gradient":""}},"footnotes":""},"class_list":["post-2403","page","type-page","status-publish","hentry"],"yoast_head":"<!-- This site is optimized with the Yoast SEO plugin v27.1.1 - https:\/\/yoast.com\/product\/yoast-seo-wordpress\/ -->\n<title>\u00c9 poss\u00edvel uma viagem aos Estados Unidos de bicicleta ou \u00e9 uma loucura?<\/title>\n<meta name=\"description\" content=\"\u00c9 tentado por uma aventura, j\u00e1 pensou em visitar os Estados Unidos de bicicleta, \u00e9 bem poss\u00edvel, mas requer uma prepara\u00e7\u00e3o\" \/>\n<meta name=\"robots\" content=\"index, follow, max-snippet:-1, max-image-preview:large, max-video-preview:-1\" \/>\n<link rel=\"canonical\" href=\"https:\/\/123-esta.com\/pt-pt\/passeio-de-bicicleta-pelos-estados-unidos\/\" \/>\n<meta property=\"og:locale\" content=\"pt_PT\" \/>\n<meta property=\"og:type\" content=\"article\" \/>\n<meta property=\"og:title\" content=\"\u00c9 poss\u00edvel uma viagem aos Estados Unidos de bicicleta ou \u00e9 uma loucura?\" \/>\n<meta property=\"og:description\" content=\"\u00c9 tentado por uma aventura, j\u00e1 pensou em visitar os Estados Unidos de bicicleta, \u00e9 bem poss\u00edvel, mas requer uma prepara\u00e7\u00e3o\" \/>\n<meta property=\"og:url\" content=\"https:\/\/123-esta.com\/pt-pt\/passeio-de-bicicleta-pelos-estados-unidos\/\" \/>\n<meta property=\"og:site_name\" content=\"Formulaire ESTA pour les USA\" \/>\n<meta property=\"article:modified_time\" content=\"2022-09-19T15:12:00+00:00\" \/>\n<meta name=\"twitter:card\" content=\"summary_large_image\" \/>\n<meta name=\"twitter:label1\" content=\"Tempo estimado de leitura\" \/>\n\t<meta name=\"twitter:data1\" content=\"2 minutos\" \/>\n<script type=\"application\/ld+json\" class=\"yoast-schema-graph\">{\"@context\":\"https:\/\/schema.org\",\"@graph\":[{\"@type\":\"WebPage\",\"@id\":\"https:\/\/123-esta.com\/pt-pt\/passeio-de-bicicleta-pelos-estados-unidos\/\",\"url\":\"https:\/\/123-esta.com\/pt-pt\/passeio-de-bicicleta-pelos-estados-unidos\/\",\"name\":\"\u00c9 poss\u00edvel uma viagem aos Estados Unidos de bicicleta ou \u00e9 uma loucura?\",\"isPartOf\":{\"@id\":\"https:\/\/123-esta.com\/pt-pt\/#website\"},\"datePublished\":\"2022-07-27T19:34:43+00:00\",\"dateModified\":\"2022-09-19T15:12:00+00:00\",\"description\":\"\u00c9 tentado por uma aventura, j\u00e1 pensou em visitar os Estados Unidos de bicicleta, \u00e9 bem poss\u00edvel, mas requer uma prepara\u00e7\u00e3o\",\"inLanguage\":\"pt-PT\",\"potentialAction\":[{\"@type\":\"ReadAction\",\"target\":[\"https:\/\/123-esta.com\/pt-pt\/passeio-de-bicicleta-pelos-estados-unidos\/\"]}]},{\"@type\":\"WebSite\",\"@id\":\"https:\/\/123-esta.com\/pt-pt\/#website\",\"url\":\"https:\/\/123-esta.com\/pt-pt\/\",\"name\":\"Formulaire ESTA pour les USA\",\"description\":\"\",\"publisher\":{\"@id\":\"https:\/\/123-esta.com\/pt-pt\/#organization\"},\"potentialAction\":[{\"@type\":\"SearchAction\",\"target\":{\"@type\":\"EntryPoint\",\"urlTemplate\":\"https:\/\/123-esta.com\/pt-pt\/?s={search_term_string}\"},\"query-input\":{\"@type\":\"PropertyValueSpecification\",\"valueRequired\":true,\"valueName\":\"search_term_string\"}}],\"inLanguage\":\"pt-PT\"},{\"@type\":\"Organization\",\"@id\":\"https:\/\/123-esta.com\/pt-pt\/#organization\",\"name\":\"Formulaire ESTA pour les USA\",\"url\":\"https:\/\/123-esta.com\/pt-pt\/\",\"logo\":{\"@type\":\"ImageObject\",\"inLanguage\":\"pt-PT\",\"@id\":\"https:\/\/123-esta.com\/pt-pt\/#\/schema\/logo\/image\/\",\"url\":\"https:\/\/123-esta.com\/wp-content\/uploads\/2018\/03\/logo-123-esta.png\",\"contentUrl\":\"https:\/\/123-esta.com\/wp-content\/uploads\/2018\/03\/logo-123-esta.png\",\"width\":191,\"height\":54,\"caption\":\"Formulaire ESTA pour les USA\"},\"image\":{\"@id\":\"https:\/\/123-esta.com\/pt-pt\/#\/schema\/logo\/image\/\"}}]}<\/script>\n<!-- \/ Yoast SEO plugin. -->","yoast_head_json":{"title":"\u00c9 poss\u00edvel uma viagem aos Estados Unidos de bicicleta ou \u00e9 uma loucura?","description":"\u00c9 tentado por uma aventura, j\u00e1 pensou em visitar os Estados Unidos de bicicleta, \u00e9 bem poss\u00edvel, mas requer uma prepara\u00e7\u00e3o","robots":{"index":"index","follow":"follow","max-snippet":"max-snippet:-1","max-image-preview":"max-image-preview:large","max-video-preview":"max-video-preview:-1"},"canonical":"https:\/\/123-esta.com\/pt-pt\/passeio-de-bicicleta-pelos-estados-unidos\/","og_locale":"pt_PT","og_type":"article","og_title":"\u00c9 poss\u00edvel uma viagem aos Estados Unidos de bicicleta ou \u00e9 uma loucura?","og_description":"\u00c9 tentado por uma aventura, j\u00e1 pensou em visitar os Estados Unidos de bicicleta, \u00e9 bem poss\u00edvel, mas requer uma prepara\u00e7\u00e3o","og_url":"https:\/\/123-esta.com\/pt-pt\/passeio-de-bicicleta-pelos-estados-unidos\/","og_site_name":"Formulaire ESTA pour les USA","article_modified_time":"2022-09-19T15:12:00+00:00","twitter_card":"summary_large_image","twitter_misc":{"Tempo estimado de leitura":"2 minutos"},"schema":{"@context":"https:\/\/schema.org","@graph":[{"@type":"WebPage","@id":"https:\/\/123-esta.com\/pt-pt\/passeio-de-bicicleta-pelos-estados-unidos\/","url":"https:\/\/123-esta.com\/pt-pt\/passeio-de-bicicleta-pelos-estados-unidos\/","name":"\u00c9 poss\u00edvel uma viagem aos Estados Unidos de bicicleta ou \u00e9 uma loucura?","isPartOf":{"@id":"https:\/\/123-esta.com\/pt-pt\/#website"},"datePublished":"2022-07-27T19:34:43+00:00","dateModified":"2022-09-19T15:12:00+00:00","description":"\u00c9 tentado por uma aventura, j\u00e1 pensou em visitar os Estados Unidos de bicicleta, \u00e9 bem poss\u00edvel, mas requer uma prepara\u00e7\u00e3o","inLanguage":"pt-PT","potentialAction":[{"@type":"ReadAction","target":["https:\/\/123-esta.com\/pt-pt\/passeio-de-bicicleta-pelos-estados-unidos\/"]}]},{"@type":"WebSite","@id":"https:\/\/123-esta.com\/pt-pt\/#website","url":"https:\/\/123-esta.com\/pt-pt\/","name":"Formulaire ESTA pour les USA","description":"","publisher":{"@id":"https:\/\/123-esta.com\/pt-pt\/#organization"},"potentialAction":[{"@type":"SearchAction","target":{"@type":"EntryPoint","urlTemplate":"https:\/\/123-esta.com\/pt-pt\/?s={search_term_string}"},"query-input":{"@type":"PropertyValueSpecification","valueRequired":true,"valueName":"search_term_string"}}],"inLanguage":"pt-PT"},{"@type":"Organization","@id":"https:\/\/123-esta.com\/pt-pt\/#organization","name":"Formulaire ESTA pour les USA","url":"https:\/\/123-esta.com\/pt-pt\/","logo":{"@type":"ImageObject","inLanguage":"pt-PT","@id":"https:\/\/123-esta.com\/pt-pt\/#\/schema\/logo\/image\/","url":"https:\/\/123-esta.com\/wp-content\/uploads\/2018\/03\/logo-123-esta.png","contentUrl":"https:\/\/123-esta.com\/wp-content\/uploads\/2018\/03\/logo-123-esta.png","width":191,"height":54,"caption":"Formulaire ESTA pour les USA"},"image":{"@id":"https:\/\/123-esta.com\/pt-pt\/#\/schema\/logo\/image\/"}}]}},"_links":{"self":[{"href":"https:\/\/123-esta.com\/pt-pt\/wp-json\/wp\/v2\/pages\/2403","targetHints":{"allow":["GET"]}}],"collection":[{"href":"https:\/\/123-esta.com\/pt-pt\/wp-json\/wp\/v2\/pages"}],"about":[{"href":"https:\/\/123-esta.com\/pt-pt\/wp-json\/wp\/v2\/types\/page"}],"author":[{"embeddable":true,"href":"https:\/\/123-esta.com\/pt-pt\/wp-json\/wp\/v2\/users\/1"}],"replies":[{"embeddable":true,"href":"https:\/\/123-esta.com\/pt-pt\/wp-json\/wp\/v2\/comments?post=2403"}],"version-history":[{"count":0,"href":"https:\/\/123-esta.com\/pt-pt\/wp-json\/wp\/v2\/pages\/2403\/revisions"}],"wp:attachment":[{"href":"https:\/\/123-esta.com\/pt-pt\/wp-json\/wp\/v2\/media?parent=2403"}],"curies":[{"name":"wp","href":"https:\/\/api.w.org\/{rel}","templated":true}]}}