{"id":2399,"date":"2022-07-27T21:34:43","date_gmt":"2022-07-27T19:34:43","guid":{"rendered":"https:\/\/123-esta.com\/ask-is-better-purchase-tickets-airplane\/"},"modified":"2022-08-23T22:45:31","modified_gmt":"2022-08-23T20:45:31","slug":"perguntar-esta-antes-comprar-passagens-de-aviao","status":"publish","type":"page","link":"https:\/\/123-esta.com\/pt-pt\/perguntar-esta-antes-comprar-passagens-de-aviao\/","title":{"rendered":"Candidate-se ao ESTA antes de reservar o seu voo"},"content":{"rendered":"<p>Pode solicitar um ESTA em qualquer altura quando <a href=\"https:\/\/123-esta.com\/pt-pt\/transporte-nos-estados-unidos\/\">planeia viajar para os EUA<\/a>. No entanto, \u00e9 aconselh\u00e1vel fazer isto pelo menos 72 horas antes do embarque.<\/p>\n<p>Como regra geral, a sua resposta chegar\u00e1 imediatamente ap\u00f3s a apresenta\u00e7\u00e3o da sua candidatura. No entanto, o pedido pode ser colocado em espera, podendo nesse caso demorar at\u00e9 72 horas a receber uma resposta final.<\/p>\n<p>Se a resposta for n\u00e3o, a sua \u00fanica op\u00e7\u00e3o \u00e9 solicitar um <a href=\"https:\/\/123-esta.com\/pt-pt\/visto-de-turista-dos-estados-unidos\/\">visto de turista B2<\/a>. Embora uma resposta negativa seja muito rara, pode levar at\u00e9 3 semanas para obter um visto.<\/p>\n<p>Se a sua candidatura ESTA for aceite, \u00e9 v\u00e1lida por dois anos e n\u00e3o tem de especificar uma data de partida quando se candidata. O benefici\u00e1rio pode viajar para os EUA v\u00e1rias vezes para estadias de at\u00e9 90 dias durante estes dois anos sem ter de solicitar uma nova autoriza\u00e7\u00e3o para cada viagem. A autoriza\u00e7\u00e3o termina quando a data de validade expira. Note que, logicamente, se o seu passaporte expirar antes do fim da validade da sua autoriza\u00e7\u00e3o ESTA, \u00e9 a data de expira\u00e7\u00e3o do seu passaporte que deve ser tida em conta.<\/p>\n<p><em>Um \u00faltimo conselho: recomenda-se que solicite um ESTA mesmo antes de obter e comprar o seu <a href=\"https:\/\/123-esta.com\/pt-pt\/esta-bilhete-voo-de-retorno-obrigatorio-para-os-estados-unidos\/\">bilhete de avi\u00e3o para os Estados<\/a> Unidos. E certifique-se de ter o mesmo nome no bilhete de avi\u00e3o e na autoriza\u00e7\u00e3o de viagem do ESTA.<\/em><\/p>\n<h2>Estadias inesquec\u00edveis nos EUA de acordo com um programa personalizado<\/h2>\n<p>Para muitas pessoas, esta \u00e9 uma experi\u00eancia que deveria ser vivida pelo menos uma vez na vida. Andar por a\u00ed e descobrir lugares que est\u00e1 habituado a ver em filmes ou programas de televis\u00e3o \u00e9 algo bastante \u00fanico!<\/p>\n<p>V\u00e1rias ag\u00eancias oferecem visitas guiadas a pre\u00e7os aceit\u00e1veis para aqueles com o or\u00e7amento necess\u00e1rio. Se n\u00e3o for este o caso, pode estabelecer um or\u00e7amento com um programa bem definido e personalizado.<\/p>\n<p>Quando se considera que os EUA s\u00e3o compostos por mais de 50 estados espalhados por nove milh\u00f5es de quil\u00f3metros quadrados com mais de 350 milh\u00f5es de habitantes, \u00e9 f\u00e1cil imaginar que n\u00e3o ser\u00e1 f\u00e1cil visitar todos os cantos do pa\u00eds. Tem de se ser um pouco selectivo.<\/p>\n<h2>Escolha dos s\u00edtios a visitar<\/h2>\n<p>Muitos viajantes experientes recomendar-lhe-\u00e3o sempre que prepare os seus planos de viagem muito antes de partir. Com esta dica, pode concentrar-se mais no essencial do seu plano de viagem, em vez de perder tempo e energia a decidir sobre o pr\u00f3ximo local a visitar.<\/p>\n<p>A maioria dos visitantes dos Estados Unidos vai para os locais \u00e0 beira-mar para desfrutar do clima mais fresco em vez do sol, mas tamb\u00e9m simplesmente porque muitas cidades de interesse est\u00e3o localizadas na costa: Nova Iorque, Boston, Miami, Los Angeles, etc.<\/p>\n<p>Se n\u00e3o lhe apetecer &#8216;aderir ao padr\u00e3o&#8217;, pode tratar de uma visita a Nevada, Las Vegas, onde o p\u00f3quer e outros jogos de casino o esperam numa atmosfera amig\u00e1vel. Com modera\u00e7\u00e3o, claro!<\/p>\n","protected":false},"excerpt":{"rendered":"<p>Pode solicitar um ESTA em qualquer altura quando planeia viajar para os EUA. No entanto, \u00e9 aconselh\u00e1vel fazer isto pelo menos 72 horas antes do embarque. Como regra geral, a sua resposta chegar\u00e1 imediatamente ap\u00f3s a apresenta\u00e7\u00e3o da sua candidatura. No entanto, o pedido pode ser colocado em espera, podendo nesse caso demorar at\u00e9 72 [&hellip;]<\/p>\n","protected":false},"author":1,"featured_media":0,"parent":0,"menu_order":0,"comment_status":"closed","ping_status":"closed","template":"","meta":{"site-sidebar-layout":"default","site-content-layout":"default","ast-site-content-layout":"default","site-content-style":"default","site-sidebar-style":"default","ast-global-header-display":"","ast-banner-title-visibility":"","ast-main-header-display":"","ast-hfb-above-header-display":"","ast-hfb-below-header-display":"","ast-hfb-mobile-header-display":"","site-post-title":"","ast-breadcrumbs-content":"","ast-featured-img":"","footer-sml-layout":"","ast-disable-related-posts":"","theme-transparent-header-meta":"default","adv-header-id-meta":"","stick-header-meta":"default","header-above-stick-meta":"","header-main-stick-meta":"","header-below-stick-meta":"","astra-migrate-meta-layouts":"default","ast-page-background-enabled":"default","ast-page-background-meta":{"desktop":{"background-color":"","background-image":"","background-repeat":"repeat","background-position":"center center","background-size":"auto","background-attachment":"scroll","background-type":"","background-media":"","overlay-type":"","overlay-color":"","overlay-opacity":"","overlay-gradient":""},"tablet":{"background-color":"","background-image":"","background-repeat":"repeat","background-position":"center center","background-size":"auto","background-attachment":"scroll","background-type":"","background-media":"","overlay-type":"","overlay-color":"","overlay-opacity":"","overlay-gradient":""},"mobile":{"background-color":"","background-image":"","background-repeat":"repeat","background-position":"center center","background-size":"auto","background-attachment":"scroll","background-type":"","background-media":"","overlay-type":"","overlay-color":"","overlay-opacity":"","overlay-gradient":""}},"ast-content-background-meta":{"desktop":{"background-color":"var(--ast-global-color-5)","background-image":"","background-repeat":"repeat","background-position":"center center","background-size":"auto","background-attachment":"scroll","background-type":"","background-media":"","overlay-type":"","overlay-color":"","overlay-opacity":"","overlay-gradient":""},"tablet":{"background-color":"var(--ast-global-color-5)","background-image":"","background-repeat":"repeat","background-position":"center center","background-size":"auto","background-attachment":"scroll","background-type":"","background-media":"","overlay-type":"","overlay-color":"","overlay-opacity":"","overlay-gradient":""},"mobile":{"background-color":"var(--ast-global-color-5)","background-image":"","background-repeat":"repeat","background-position":"center center","background-size":"auto","background-attachment":"scroll","background-type":"","background-media":"","overlay-type":"","overlay-color":"","overlay-opacity":"","overlay-gradient":""}},"footnotes":""},"class_list":["post-2399","page","type-page","status-publish","hentry"],"yoast_head":"<!-- This site is optimized with the Yoast SEO plugin v27.1.1 - https:\/\/yoast.com\/product\/yoast-seo-wordpress\/ -->\n<title>Candidate-se ao ESTA antes de reservar o seu voo<\/title>\n<meta name=\"description\" content=\"O ESTA \u00e9 v\u00e1lido por 2 anos, pelo que n\u00e3o h\u00e1 necessidade de se candidatar no \u00faltimo minuto. Especialmente porque ainda existe um risco de recusa.\" \/>\n<meta name=\"robots\" content=\"index, follow, max-snippet:-1, max-image-preview:large, max-video-preview:-1\" \/>\n<link rel=\"canonical\" href=\"https:\/\/123-esta.com\/pt-pt\/perguntar-esta-antes-comprar-passagens-de-aviao\/\" \/>\n<meta property=\"og:locale\" content=\"pt_PT\" \/>\n<meta property=\"og:type\" content=\"article\" \/>\n<meta property=\"og:title\" content=\"Candidate-se ao ESTA antes de reservar o seu voo\" \/>\n<meta property=\"og:description\" content=\"O ESTA \u00e9 v\u00e1lido por 2 anos, pelo que n\u00e3o h\u00e1 necessidade de se candidatar no \u00faltimo minuto. Especialmente porque ainda existe um risco de recusa.\" \/>\n<meta property=\"og:url\" content=\"https:\/\/123-esta.com\/pt-pt\/perguntar-esta-antes-comprar-passagens-de-aviao\/\" \/>\n<meta property=\"og:site_name\" content=\"Formulaire ESTA pour les USA\" \/>\n<meta property=\"article:modified_time\" content=\"2022-08-23T20:45:31+00:00\" \/>\n<meta name=\"twitter:card\" content=\"summary_large_image\" \/>\n<meta name=\"twitter:label1\" content=\"Tempo estimado de leitura\" \/>\n\t<meta name=\"twitter:data1\" content=\"3 minutos\" \/>\n<script type=\"application\/ld+json\" class=\"yoast-schema-graph\">{\"@context\":\"https:\/\/schema.org\",\"@graph\":[{\"@type\":\"WebPage\",\"@id\":\"https:\/\/123-esta.com\/pt-pt\/perguntar-esta-antes-comprar-passagens-de-aviao\/\",\"url\":\"https:\/\/123-esta.com\/pt-pt\/perguntar-esta-antes-comprar-passagens-de-aviao\/\",\"name\":\"Candidate-se ao ESTA antes de reservar o seu voo\",\"isPartOf\":{\"@id\":\"https:\/\/123-esta.com\/pt-pt\/#website\"},\"datePublished\":\"2022-07-27T19:34:43+00:00\",\"dateModified\":\"2022-08-23T20:45:31+00:00\",\"description\":\"O ESTA \u00e9 v\u00e1lido por 2 anos, pelo que n\u00e3o h\u00e1 necessidade de se candidatar no \u00faltimo minuto. Especialmente porque ainda existe um risco de recusa.\",\"inLanguage\":\"pt-PT\",\"potentialAction\":[{\"@type\":\"ReadAction\",\"target\":[\"https:\/\/123-esta.com\/pt-pt\/perguntar-esta-antes-comprar-passagens-de-aviao\/\"]}]},{\"@type\":\"WebSite\",\"@id\":\"https:\/\/123-esta.com\/pt-pt\/#website\",\"url\":\"https:\/\/123-esta.com\/pt-pt\/\",\"name\":\"Formulaire ESTA pour les USA\",\"description\":\"\",\"publisher\":{\"@id\":\"https:\/\/123-esta.com\/pt-pt\/#organization\"},\"potentialAction\":[{\"@type\":\"SearchAction\",\"target\":{\"@type\":\"EntryPoint\",\"urlTemplate\":\"https:\/\/123-esta.com\/pt-pt\/?s={search_term_string}\"},\"query-input\":{\"@type\":\"PropertyValueSpecification\",\"valueRequired\":true,\"valueName\":\"search_term_string\"}}],\"inLanguage\":\"pt-PT\"},{\"@type\":\"Organization\",\"@id\":\"https:\/\/123-esta.com\/pt-pt\/#organization\",\"name\":\"Formulaire ESTA pour les USA\",\"url\":\"https:\/\/123-esta.com\/pt-pt\/\",\"logo\":{\"@type\":\"ImageObject\",\"inLanguage\":\"pt-PT\",\"@id\":\"https:\/\/123-esta.com\/pt-pt\/#\/schema\/logo\/image\/\",\"url\":\"https:\/\/123-esta.com\/wp-content\/uploads\/2018\/03\/logo-123-esta.png\",\"contentUrl\":\"https:\/\/123-esta.com\/wp-content\/uploads\/2018\/03\/logo-123-esta.png\",\"width\":191,\"height\":54,\"caption\":\"Formulaire ESTA pour les USA\"},\"image\":{\"@id\":\"https:\/\/123-esta.com\/pt-pt\/#\/schema\/logo\/image\/\"}}]}<\/script>\n<!-- \/ Yoast SEO plugin. -->","yoast_head_json":{"title":"Candidate-se ao ESTA antes de reservar o seu voo","description":"O ESTA \u00e9 v\u00e1lido por 2 anos, pelo que n\u00e3o h\u00e1 necessidade de se candidatar no \u00faltimo minuto. Especialmente porque ainda existe um risco de recusa.","robots":{"index":"index","follow":"follow","max-snippet":"max-snippet:-1","max-image-preview":"max-image-preview:large","max-video-preview":"max-video-preview:-1"},"canonical":"https:\/\/123-esta.com\/pt-pt\/perguntar-esta-antes-comprar-passagens-de-aviao\/","og_locale":"pt_PT","og_type":"article","og_title":"Candidate-se ao ESTA antes de reservar o seu voo","og_description":"O ESTA \u00e9 v\u00e1lido por 2 anos, pelo que n\u00e3o h\u00e1 necessidade de se candidatar no \u00faltimo minuto. Especialmente porque ainda existe um risco de recusa.","og_url":"https:\/\/123-esta.com\/pt-pt\/perguntar-esta-antes-comprar-passagens-de-aviao\/","og_site_name":"Formulaire ESTA pour les USA","article_modified_time":"2022-08-23T20:45:31+00:00","twitter_card":"summary_large_image","twitter_misc":{"Tempo estimado de leitura":"3 minutos"},"schema":{"@context":"https:\/\/schema.org","@graph":[{"@type":"WebPage","@id":"https:\/\/123-esta.com\/pt-pt\/perguntar-esta-antes-comprar-passagens-de-aviao\/","url":"https:\/\/123-esta.com\/pt-pt\/perguntar-esta-antes-comprar-passagens-de-aviao\/","name":"Candidate-se ao ESTA antes de reservar o seu voo","isPartOf":{"@id":"https:\/\/123-esta.com\/pt-pt\/#website"},"datePublished":"2022-07-27T19:34:43+00:00","dateModified":"2022-08-23T20:45:31+00:00","description":"O ESTA \u00e9 v\u00e1lido por 2 anos, pelo que n\u00e3o h\u00e1 necessidade de se candidatar no \u00faltimo minuto. Especialmente porque ainda existe um risco de recusa.","inLanguage":"pt-PT","potentialAction":[{"@type":"ReadAction","target":["https:\/\/123-esta.com\/pt-pt\/perguntar-esta-antes-comprar-passagens-de-aviao\/"]}]},{"@type":"WebSite","@id":"https:\/\/123-esta.com\/pt-pt\/#website","url":"https:\/\/123-esta.com\/pt-pt\/","name":"Formulaire ESTA pour les USA","description":"","publisher":{"@id":"https:\/\/123-esta.com\/pt-pt\/#organization"},"potentialAction":[{"@type":"SearchAction","target":{"@type":"EntryPoint","urlTemplate":"https:\/\/123-esta.com\/pt-pt\/?s={search_term_string}"},"query-input":{"@type":"PropertyValueSpecification","valueRequired":true,"valueName":"search_term_string"}}],"inLanguage":"pt-PT"},{"@type":"Organization","@id":"https:\/\/123-esta.com\/pt-pt\/#organization","name":"Formulaire ESTA pour les USA","url":"https:\/\/123-esta.com\/pt-pt\/","logo":{"@type":"ImageObject","inLanguage":"pt-PT","@id":"https:\/\/123-esta.com\/pt-pt\/#\/schema\/logo\/image\/","url":"https:\/\/123-esta.com\/wp-content\/uploads\/2018\/03\/logo-123-esta.png","contentUrl":"https:\/\/123-esta.com\/wp-content\/uploads\/2018\/03\/logo-123-esta.png","width":191,"height":54,"caption":"Formulaire ESTA pour les USA"},"image":{"@id":"https:\/\/123-esta.com\/pt-pt\/#\/schema\/logo\/image\/"}}]}},"_links":{"self":[{"href":"https:\/\/123-esta.com\/pt-pt\/wp-json\/wp\/v2\/pages\/2399","targetHints":{"allow":["GET"]}}],"collection":[{"href":"https:\/\/123-esta.com\/pt-pt\/wp-json\/wp\/v2\/pages"}],"about":[{"href":"https:\/\/123-esta.com\/pt-pt\/wp-json\/wp\/v2\/types\/page"}],"author":[{"embeddable":true,"href":"https:\/\/123-esta.com\/pt-pt\/wp-json\/wp\/v2\/users\/1"}],"replies":[{"embeddable":true,"href":"https:\/\/123-esta.com\/pt-pt\/wp-json\/wp\/v2\/comments?post=2399"}],"version-history":[{"count":0,"href":"https:\/\/123-esta.com\/pt-pt\/wp-json\/wp\/v2\/pages\/2399\/revisions"}],"wp:attachment":[{"href":"https:\/\/123-esta.com\/pt-pt\/wp-json\/wp\/v2\/media?parent=2399"}],"curies":[{"name":"wp","href":"https:\/\/api.w.org\/{rel}","templated":true}]}}