{"id":2393,"date":"2022-07-27T21:34:42","date_gmt":"2022-07-27T19:34:42","guid":{"rendered":"https:\/\/123-esta.com\/what-is-lesta\/"},"modified":"2022-09-06T20:50:52","modified_gmt":"2022-09-06T18:50:52","slug":"o-que-e-esta","status":"publish","type":"page","link":"https:\/\/123-esta.com\/pt-pt\/o-que-e-esta\/","title":{"rendered":"O que \u00e9 a autoriza\u00e7\u00e3o de viagem do ESTA?"},"content":{"rendered":"\n<p>Todos os anos, v\u00e1rios milh\u00f5es de viajantes chegam \u00e0 fronteira dos EUA com a sua autoriza\u00e7\u00e3o <a href=\"https:\/\/123-esta.com\/pt-pt\/\">ESTA<\/a>. Como muitos pa\u00edses em todo o mundo, os EUA levam a seguran\u00e7a do seu territ\u00f3rio muito a s\u00e9rio, mantendo-se atentos \u00e0 imigra\u00e7\u00e3o legal. E para receber um visto ESTA, devem ser cumpridas certas condi\u00e7\u00f5es.<\/p>\n\n<h2 class=\"wp-block-heading\">Qual \u00e9 o objectivo do visto ESTA para os EUA?<\/h2>\n\n<p>O visto ESTA para os Estados Unidos \u00e9 uma autoriza\u00e7\u00e3o que deve ser obtida antes de se poder p\u00f4r os p\u00e9s no pa\u00eds do Tio Sam. Embora o termo visto ESTA seja frequentemente utilizado, este \u00e9 um nome errado, pois o ESTA \u00e9 um documento que lhe permite passar sem visto.<\/p>\n\n<p>O Sistema Electr\u00f3nico de Autoriza\u00e7\u00e3o de Viagem, ou ESTA, como \u00e9 conhecido, foi criado para facilitar a vida \u00e0s pessoas que desejam viajar para os EUA. De facto, \u00e9 muito r\u00e1pido de obter e o <a href=\"https:\/\/123-esta.com\/pt-pt\/precos-e-pagamentos-esta\/\">custo do ESTA<\/a> \u00e9 muito mais baixo do que o de um visto tradicional. Mas o seu \u00e2mbito limita-se \u00e0s viagens de neg\u00f3cios e turismo n\u00e3o pagos. N\u00e3o \u00e9 recomendado obter um visto ESTA se a viagem para a terra do excesso n\u00e3o se enquadrar nestes crit\u00e9rios. Porque se houver um problema no local, a pol\u00edcia e as autoridades alfandeg\u00e1rias s\u00e3o extremamente rigorosas no seu tratamento dos imigrantes ilegais.<\/p>\n\n<h2 class=\"wp-block-heading\">Quais s\u00e3o os requisitos para a obten\u00e7\u00e3o de um visto ESTA para os EUA?<\/h2>\n\n<p>\u00c9 importante conhecer os requisitos para a obten\u00e7\u00e3o de um visto ESTA para os EUA, uma vez que nem todos s\u00e3o eleg\u00edveis. De facto, apenas os nacionais dos 40 pa\u00edses membros do Programa de Isen\u00e7\u00e3o de Vistos est\u00e3o autorizados a solicitar um visto ESTA. Deve tamb\u00e9m assegurar-se de que cumpre os seguintes crit\u00e9rios:<\/p>\n\n<ul class=\"wp-block-list\"><li>Como j\u00e1 foi discutido anteriormente, a viagem deve ser para fins tur\u00edsticos ou de neg\u00f3cios, mas sem contrapartidas financeiras;<\/li><li>O passaporte utilizado para viajar deve ser electr\u00f3nico ou biom\u00e9trico. O seu per\u00edodo de validade deve cobrir toda a dura\u00e7\u00e3o da estadia;<\/li><li>A viagem n\u00e3o deve durar mais de 90 dias;<\/li><li>Finalmente, \u00e9 importante poder fazer pagamentos online, uma vez que um <a href=\"https:\/\/123-esta.com\/pt-pt\/esta-oficial\/\">ESTA oficial<\/a> s\u00f3 pode ser obtido atrav\u00e9s da Internet.<\/li><\/ul>\n\n<h2 class=\"wp-block-heading\">Como obter um visto ESTA?<\/h2>\n\n<p>Agora que se certificou de cumprir todos os requisitos, \u00e9 altura de preencher o <a href=\"https:\/\/123-esta.com\/pt-pt\/como-preencher-o-questionario-esta\/\">question\u00e1rio ESTA<\/a>. Este question\u00e1rio est\u00e1 dividido em 3 partes onde ter\u00e1 de responder a m\u00faltiplas perguntas relacionadas com as suas informa\u00e7\u00f5es pessoais (o seu nome, nome pr\u00f3prio, data e local de nascimento, etc.), as raz\u00f5es da sua viagem ou as informa\u00e7\u00f5es contidas no seu passaporte. Termina com uma s\u00e9rie de perguntas a serem respondidas com &#8220;sim&#8221; ou &#8220;n\u00e3o&#8221; relativamente ao seu estado de sa\u00fade, ao seu registo criminal, se planeia prejudicar a seguran\u00e7a interna do pa\u00eds (\u00e9 fortemente aconselhado a responder &#8220;n\u00e3o&#8221; a este)&#8230;<\/p>\n\n<p>Uma vez preenchido o question\u00e1rio, transmiti-lo-emos \u00e0s autoridades competentes. Se o tiver feito directamente no s\u00edtio web oficial, s\u00f3 ter\u00e1 de pagar a taxa de candidatura e esta ser\u00e1 encaminhada directamente para os funcion\u00e1rios encarregados da sua verifica\u00e7\u00e3o. Se a resposta for sim, deve saber que o <a href=\"https:\/\/123-esta.com\/pt-pt\/tudo-sobre-a-validade-do-esta\/\">ESTA \u00e9 v\u00e1lido<\/a> por dois anos, a menos que informa\u00e7\u00f5es importantes mudem entretanto (por exemplo, altera\u00e7\u00e3o do passaporte). Caso contr\u00e1rio, n\u00e3o h\u00e1 necessidade de o renovar durante este per\u00edodo.<\/p>\n\n<p>Ter\u00e1 compreendido depois destas explica\u00e7\u00f5es, \u00e0 pergunta: <a href=\"https:\/\/123-esta.com\/pt-pt\/voce-precisa-de-visto-para-os-eua\/\">\u00e9 necess\u00e1rio um visto para os EUA?<\/a> A nossa resposta \u00e9 um grande SIM, tendo em conta a sua natureza e a sua utilidade. Se ainda tiver d\u00favidas sobre o visto ESTA? N\u00e3o hesite em consultar as nossas <a href=\"https:\/\/123-esta.com\/pt-pt\/faq-esta\/\">FAQ ESTA<\/a>.<\/p>\n","protected":false},"excerpt":{"rendered":"<p>Todos os anos, v\u00e1rios milh\u00f5es de viajantes chegam \u00e0 fronteira dos EUA com a sua autoriza\u00e7\u00e3o ESTA. Como muitos pa\u00edses em todo o mundo, os EUA levam a seguran\u00e7a do seu territ\u00f3rio muito a s\u00e9rio, mantendo-se atentos \u00e0 imigra\u00e7\u00e3o legal. E para receber um visto ESTA, devem ser cumpridas certas condi\u00e7\u00f5es. Qual \u00e9 o objectivo [&hellip;]<\/p>\n","protected":false},"author":1,"featured_media":0,"parent":0,"menu_order":0,"comment_status":"closed","ping_status":"closed","template":"","meta":{"site-sidebar-layout":"default","site-content-layout":"default","ast-site-content-layout":"default","site-content-style":"default","site-sidebar-style":"default","ast-global-header-display":"","ast-banner-title-visibility":"","ast-main-header-display":"","ast-hfb-above-header-display":"","ast-hfb-below-header-display":"","ast-hfb-mobile-header-display":"","site-post-title":"","ast-breadcrumbs-content":"","ast-featured-img":"","footer-sml-layout":"","ast-disable-related-posts":"","theme-transparent-header-meta":"default","adv-header-id-meta":"","stick-header-meta":"default","header-above-stick-meta":"","header-main-stick-meta":"","header-below-stick-meta":"","astra-migrate-meta-layouts":"default","ast-page-background-enabled":"default","ast-page-background-meta":{"desktop":{"background-color":"","background-image":"","background-repeat":"repeat","background-position":"center center","background-size":"auto","background-attachment":"scroll","background-type":"","background-media":"","overlay-type":"","overlay-color":"","overlay-opacity":"","overlay-gradient":""},"tablet":{"background-color":"","background-image":"","background-repeat":"repeat","background-position":"center center","background-size":"auto","background-attachment":"scroll","background-type":"","background-media":"","overlay-type":"","overlay-color":"","overlay-opacity":"","overlay-gradient":""},"mobile":{"background-color":"","background-image":"","background-repeat":"repeat","background-position":"center center","background-size":"auto","background-attachment":"scroll","background-type":"","background-media":"","overlay-type":"","overlay-color":"","overlay-opacity":"","overlay-gradient":""}},"ast-content-background-meta":{"desktop":{"background-color":"var(--ast-global-color-5)","background-image":"","background-repeat":"repeat","background-position":"center center","background-size":"auto","background-attachment":"scroll","background-type":"","background-media":"","overlay-type":"","overlay-color":"","overlay-opacity":"","overlay-gradient":""},"tablet":{"background-color":"var(--ast-global-color-5)","background-image":"","background-repeat":"repeat","background-position":"center center","background-size":"auto","background-attachment":"scroll","background-type":"","background-media":"","overlay-type":"","overlay-color":"","overlay-opacity":"","overlay-gradient":""},"mobile":{"background-color":"var(--ast-global-color-5)","background-image":"","background-repeat":"repeat","background-position":"center center","background-size":"auto","background-attachment":"scroll","background-type":"","background-media":"","overlay-type":"","overlay-color":"","overlay-opacity":"","overlay-gradient":""}},"footnotes":""},"class_list":["post-2393","page","type-page","status-publish","hentry"],"yoast_head":"<!-- This site is optimized with the Yoast SEO plugin v27.1.1 - https:\/\/yoast.com\/product\/yoast-seo-wordpress\/ -->\n<title>O que \u00e9 a autoriza\u00e7\u00e3o de viagem do ESTA?<\/title>\n<meta name=\"description\" content=\"A autoriza\u00e7\u00e3o de viagem ESTA tornou-se um passo essencial na prepara\u00e7\u00e3o de uma curta viagem aos EUA. N\u00f3s dizemos-lhe tudo.\" \/>\n<meta name=\"robots\" content=\"index, follow, max-snippet:-1, max-image-preview:large, max-video-preview:-1\" \/>\n<link rel=\"canonical\" href=\"https:\/\/123-esta.com\/pt-pt\/o-que-e-esta\/\" \/>\n<meta property=\"og:locale\" content=\"pt_PT\" \/>\n<meta property=\"og:type\" content=\"article\" \/>\n<meta property=\"og:title\" content=\"O que \u00e9 a autoriza\u00e7\u00e3o de viagem do ESTA?\" \/>\n<meta property=\"og:description\" content=\"A autoriza\u00e7\u00e3o de viagem ESTA tornou-se um passo essencial na prepara\u00e7\u00e3o de uma curta viagem aos EUA. N\u00f3s dizemos-lhe tudo.\" \/>\n<meta property=\"og:url\" content=\"https:\/\/123-esta.com\/pt-pt\/o-que-e-esta\/\" \/>\n<meta property=\"og:site_name\" content=\"Formulaire ESTA pour les USA\" \/>\n<meta property=\"article:modified_time\" content=\"2022-09-06T18:50:52+00:00\" \/>\n<meta name=\"twitter:card\" content=\"summary_large_image\" \/>\n<meta name=\"twitter:label1\" content=\"Tempo estimado de leitura\" \/>\n\t<meta name=\"twitter:data1\" content=\"3 minutos\" \/>\n<script type=\"application\/ld+json\" class=\"yoast-schema-graph\">{\"@context\":\"https:\/\/schema.org\",\"@graph\":[{\"@type\":\"WebPage\",\"@id\":\"https:\/\/123-esta.com\/pt-pt\/o-que-e-esta\/\",\"url\":\"https:\/\/123-esta.com\/pt-pt\/o-que-e-esta\/\",\"name\":\"O que \u00e9 a autoriza\u00e7\u00e3o de viagem do ESTA?\",\"isPartOf\":{\"@id\":\"https:\/\/123-esta.com\/pt-pt\/#website\"},\"datePublished\":\"2022-07-27T19:34:42+00:00\",\"dateModified\":\"2022-09-06T18:50:52+00:00\",\"description\":\"A autoriza\u00e7\u00e3o de viagem ESTA tornou-se um passo essencial na prepara\u00e7\u00e3o de uma curta viagem aos EUA. N\u00f3s dizemos-lhe tudo.\",\"inLanguage\":\"pt-PT\",\"potentialAction\":[{\"@type\":\"ReadAction\",\"target\":[\"https:\/\/123-esta.com\/pt-pt\/o-que-e-esta\/\"]}]},{\"@type\":\"WebSite\",\"@id\":\"https:\/\/123-esta.com\/pt-pt\/#website\",\"url\":\"https:\/\/123-esta.com\/pt-pt\/\",\"name\":\"Formulaire ESTA pour les USA\",\"description\":\"\",\"publisher\":{\"@id\":\"https:\/\/123-esta.com\/pt-pt\/#organization\"},\"potentialAction\":[{\"@type\":\"SearchAction\",\"target\":{\"@type\":\"EntryPoint\",\"urlTemplate\":\"https:\/\/123-esta.com\/pt-pt\/?s={search_term_string}\"},\"query-input\":{\"@type\":\"PropertyValueSpecification\",\"valueRequired\":true,\"valueName\":\"search_term_string\"}}],\"inLanguage\":\"pt-PT\"},{\"@type\":\"Organization\",\"@id\":\"https:\/\/123-esta.com\/pt-pt\/#organization\",\"name\":\"Formulaire ESTA pour les USA\",\"url\":\"https:\/\/123-esta.com\/pt-pt\/\",\"logo\":{\"@type\":\"ImageObject\",\"inLanguage\":\"pt-PT\",\"@id\":\"https:\/\/123-esta.com\/pt-pt\/#\/schema\/logo\/image\/\",\"url\":\"https:\/\/123-esta.com\/wp-content\/uploads\/2018\/03\/logo-123-esta.png\",\"contentUrl\":\"https:\/\/123-esta.com\/wp-content\/uploads\/2018\/03\/logo-123-esta.png\",\"width\":191,\"height\":54,\"caption\":\"Formulaire ESTA pour les USA\"},\"image\":{\"@id\":\"https:\/\/123-esta.com\/pt-pt\/#\/schema\/logo\/image\/\"}}]}<\/script>\n<!-- \/ Yoast SEO plugin. -->","yoast_head_json":{"title":"O que \u00e9 a autoriza\u00e7\u00e3o de viagem do ESTA?","description":"A autoriza\u00e7\u00e3o de viagem ESTA tornou-se um passo essencial na prepara\u00e7\u00e3o de uma curta viagem aos EUA. N\u00f3s dizemos-lhe tudo.","robots":{"index":"index","follow":"follow","max-snippet":"max-snippet:-1","max-image-preview":"max-image-preview:large","max-video-preview":"max-video-preview:-1"},"canonical":"https:\/\/123-esta.com\/pt-pt\/o-que-e-esta\/","og_locale":"pt_PT","og_type":"article","og_title":"O que \u00e9 a autoriza\u00e7\u00e3o de viagem do ESTA?","og_description":"A autoriza\u00e7\u00e3o de viagem ESTA tornou-se um passo essencial na prepara\u00e7\u00e3o de uma curta viagem aos EUA. N\u00f3s dizemos-lhe tudo.","og_url":"https:\/\/123-esta.com\/pt-pt\/o-que-e-esta\/","og_site_name":"Formulaire ESTA pour les USA","article_modified_time":"2022-09-06T18:50:52+00:00","twitter_card":"summary_large_image","twitter_misc":{"Tempo estimado de leitura":"3 minutos"},"schema":{"@context":"https:\/\/schema.org","@graph":[{"@type":"WebPage","@id":"https:\/\/123-esta.com\/pt-pt\/o-que-e-esta\/","url":"https:\/\/123-esta.com\/pt-pt\/o-que-e-esta\/","name":"O que \u00e9 a autoriza\u00e7\u00e3o de viagem do ESTA?","isPartOf":{"@id":"https:\/\/123-esta.com\/pt-pt\/#website"},"datePublished":"2022-07-27T19:34:42+00:00","dateModified":"2022-09-06T18:50:52+00:00","description":"A autoriza\u00e7\u00e3o de viagem ESTA tornou-se um passo essencial na prepara\u00e7\u00e3o de uma curta viagem aos EUA. N\u00f3s dizemos-lhe tudo.","inLanguage":"pt-PT","potentialAction":[{"@type":"ReadAction","target":["https:\/\/123-esta.com\/pt-pt\/o-que-e-esta\/"]}]},{"@type":"WebSite","@id":"https:\/\/123-esta.com\/pt-pt\/#website","url":"https:\/\/123-esta.com\/pt-pt\/","name":"Formulaire ESTA pour les USA","description":"","publisher":{"@id":"https:\/\/123-esta.com\/pt-pt\/#organization"},"potentialAction":[{"@type":"SearchAction","target":{"@type":"EntryPoint","urlTemplate":"https:\/\/123-esta.com\/pt-pt\/?s={search_term_string}"},"query-input":{"@type":"PropertyValueSpecification","valueRequired":true,"valueName":"search_term_string"}}],"inLanguage":"pt-PT"},{"@type":"Organization","@id":"https:\/\/123-esta.com\/pt-pt\/#organization","name":"Formulaire ESTA pour les USA","url":"https:\/\/123-esta.com\/pt-pt\/","logo":{"@type":"ImageObject","inLanguage":"pt-PT","@id":"https:\/\/123-esta.com\/pt-pt\/#\/schema\/logo\/image\/","url":"https:\/\/123-esta.com\/wp-content\/uploads\/2018\/03\/logo-123-esta.png","contentUrl":"https:\/\/123-esta.com\/wp-content\/uploads\/2018\/03\/logo-123-esta.png","width":191,"height":54,"caption":"Formulaire ESTA pour les USA"},"image":{"@id":"https:\/\/123-esta.com\/pt-pt\/#\/schema\/logo\/image\/"}}]}},"_links":{"self":[{"href":"https:\/\/123-esta.com\/pt-pt\/wp-json\/wp\/v2\/pages\/2393","targetHints":{"allow":["GET"]}}],"collection":[{"href":"https:\/\/123-esta.com\/pt-pt\/wp-json\/wp\/v2\/pages"}],"about":[{"href":"https:\/\/123-esta.com\/pt-pt\/wp-json\/wp\/v2\/types\/page"}],"author":[{"embeddable":true,"href":"https:\/\/123-esta.com\/pt-pt\/wp-json\/wp\/v2\/users\/1"}],"replies":[{"embeddable":true,"href":"https:\/\/123-esta.com\/pt-pt\/wp-json\/wp\/v2\/comments?post=2393"}],"version-history":[{"count":0,"href":"https:\/\/123-esta.com\/pt-pt\/wp-json\/wp\/v2\/pages\/2393\/revisions"}],"wp:attachment":[{"href":"https:\/\/123-esta.com\/pt-pt\/wp-json\/wp\/v2\/media?parent=2393"}],"curies":[{"name":"wp","href":"https:\/\/api.w.org\/{rel}","templated":true}]}}