{"id":2385,"date":"2022-07-27T21:34:40","date_gmt":"2022-07-27T19:34:40","guid":{"rendered":"https:\/\/123-esta.com\/how-to-fill-in-the-questionnaire-isa\/"},"modified":"2022-08-23T22:25:46","modified_gmt":"2022-08-23T20:25:46","slug":"como-preencher-o-questionario-esta","status":"publish","type":"page","link":"https:\/\/123-esta.com\/pt-pt\/como-preencher-o-questionario-esta\/","title":{"rendered":"Como preencher correctamente o question\u00e1rio ESTA?"},"content":{"rendered":"\n<p>Est\u00e1 a planear passar as suas pr\u00f3ximas f\u00e9rias do outro lado do Atl\u00e2ntico e visitar os Estados Unidos? Quer v\u00e1 fazer uma viagem a Nova Iorque ou uma viagem por estrada atrav\u00e9s do Oeste americano, h\u00e1 algumas formalidades que precisam de ser cumpridas antes de partir e embarcar na sua aventura.<\/p>\n\n<p>Entre outras coisas, deve solicitar um <a href=\"https:\/\/123-esta.com\/pt-pt\/o-que-e-esta\/\">visto ESTA dos EUA<\/a>, tamb\u00e9m conhecido como autoriza\u00e7\u00e3o ESTA! Se for eleg\u00edvel para este programa de viagens sem visto, ter\u00e1 de preencher o <a href=\"https:\/\/123-esta.com\/pt-pt\/perguntas-sobre-elegibilidade-do-formulario-esta\/\">question\u00e1rio ESTA<\/a>. Idealmente, o mais cedo poss\u00edvel e, o mais tardar, 72 horas antes da sua partida. As recusas s\u00e3o raras, mas se a sua permiss\u00e3o n\u00e3o for concedida, ter\u00e1 de requerer novamente 10 dias ap\u00f3s a recusa ou dirigir-se \u00e0 embaixada dos EUA para um pedido de visto.<\/p>\n\n<p>O pedido de autoriza\u00e7\u00e3o \u00e9 apresentado sob a forma de um formul\u00e1rio em linha, dispon\u00edvel apenas na Internet. Para evitar qualquer desilus\u00e3o, apresentamos este question\u00e1rio para os EUA em pormenor.<\/p>\n\n<p>O <a href=\"https:\/\/123-esta.com\/pt-pt\/forma-esta-em-portugues\/\">preenchimento do formul\u00e1rio de candidatura em linha<\/a> n\u00e3o \u00e9 ci\u00eancia de foguet\u00f5es. Contudo, o website do governo dos EUA indica que demora cerca de 20 minutos a preencher o question\u00e1rio ESTA. Certifique-se de que tem um passaporte em m\u00e3os. Est\u00e1 pronto? Vamos!<\/p>\n\n<h2 class=\"wp-block-heading\">A quem se destina o question\u00e1rio dos EUA?<\/h2>\n\n<p>Antes de come\u00e7ar a preencher o question\u00e1rio para os EUA, \u00e9 importante lembrar os requisitos de elegibilidade para o Programa de Isen\u00e7\u00e3o de Vistos (VWP):<\/p>\n\n<ul class=\"wp-block-list\"><li>ter um passaporte biom\u00e9trico ou electr\u00f3nico v\u00e1lido, v\u00e1lido para toda a estadia nos Estados Unidos da Am\u00e9rica;<\/li><li>n\u00e3o ficar por mais de 90 dias consecutivos;<\/li><li>viajar para os Estados Unidos por via a\u00e9rea ou mar\u00edtima utilizando uma empresa aprovada pelas autoridades americanas;<\/li><li>ser um cidad\u00e3o de um dos 40 pa\u00edses membros do Programa de Isen\u00e7\u00e3o de Vistos (VWP) para os Estados Unidos;<\/li><li>viagens para fins tur\u00edsticos, de neg\u00f3cios ou de tr\u00e2nsito.<\/li><\/ul>\n\n<p>Verificam todos estes crit\u00e9rios? N\u00e3o espere mais para preencher o seu question\u00e1rio ESTA!<\/p>\n\n<h2 class=\"wp-block-heading\">O question\u00e1rio ESTA e a sua forma multipartes<\/h2>\n\n<p>Quer se candidate no website oficial do governo dos EUA ou num website privado, as perguntas feitas ser\u00e3o muito semelhantes. O formul\u00e1rio ESTA \u00e9 composto por quatro partes separadas. O ingl\u00eas n\u00e3o \u00e9 o seu ponto forte? N\u00e3o se preocupe, para a sua candidatura ao ESTA, as perguntas est\u00e3o em franc\u00eas.<\/p>\n\n<p>A primeira \u00e9 a sua informa\u00e7\u00e3o pessoal, como consta no seu passaporte: apelido, nome pr\u00f3prio, sexo, data e local de nascimento, pa\u00eds de origem, nacionalidade e informa\u00e7\u00e3o de contacto. Todas estas informa\u00e7\u00f5es permitem ao Departamento de Seguran\u00e7a Interna conhecer a identidade das pessoas que desejam viajar para os Estados Unidos.<\/p>\n\n<p>Nota para mulheres casadas: o seu apelido no seu ESTA deve ser o mesmo que o do seu passaporte. Se n\u00e3o tiver tido o seu passaporte renovado desde que se casou, ter\u00e1 de indicar o seu nome de solteira. Os apelidos devem ser consistentes em ambos os documentos<\/p>\n\n<p>Depois vem a segunda parte relativa \u00e0s informa\u00e7\u00f5es espec\u00edficas do seu passaporte. Ser-lhe-\u00e1 pedido o n\u00famero do passaporte, a data de emiss\u00e3o e a data de validade, entre outras coisas.<br\/>Esta sec\u00e7\u00e3o \u00e9 seguida de uma terceira parte pedindo informa\u00e7\u00f5es sobre a sua estadia nos Estados Unidos (endere\u00e7o e detalhes de contacto). Se ainda n\u00e3o reservou o seu hotel ou est\u00e1 a planear uma viagem por estrada, n\u00e3o h\u00e1 problema, estes campos n\u00e3o s\u00e3o obrigat\u00f3rios para esperar p\u00f4r os p\u00e9s em solo americano.<\/p>\n\n<p>Finalmente, ser-lhe-\u00e1 feita uma s\u00e9rie de perguntas &#8220;sim ou n\u00e3o&#8221; sobre a sua sa\u00fade e o seu registo criminal. Estas perguntas permitem ao governo dos EUA determinar se constitui ou n\u00e3o uma amea\u00e7a para a seguran\u00e7a interna do pa\u00eds. \u00c9 aconselh\u00e1vel responder &#8220;n\u00e3o&#8221; a todas estas perguntas, mas em qualquer caso, ser o mais honesto poss\u00edvel ao preencher o question\u00e1rio ESTA. Fazer uma falsa declara\u00e7\u00e3o poderia causar-lhe danos e os Estados Unidos poderiam proibi-lo de entrar no seu territ\u00f3rio para toda a vida.<br\/>Uma vez preenchido o formul\u00e1rio, ser-lhe-\u00e1 ent\u00e3o exigido o pagamento de uma taxa de processamento. O <a href=\"https:\/\/123-esta.com\/pt-pt\/explicacoes-sobre-os-diferentes-estatutos\/\">estatuto do seu ESTA<\/a> ser\u00e1 transmitido dentro de 72 horas (ESTA concedido, <a href=\"https:\/\/123-esta.com\/pt-pt\/o-que-fazer-se-a-aplicacao-esta-pendente\/\">ESTA pendente<\/a> ou ESTA negado).<\/p>\n\n<h2 class=\"wp-block-heading\">Pode uma terceira parte preencher um formul\u00e1rio ESTA?<\/h2>\n\n<p>Qualquer pessoa que deseje viajar para os EUA deve ter autoriza\u00e7\u00e3o pr\u00e9via de viagem. Esta obriga\u00e7\u00e3o aplica-se tanto a adultos como a crian\u00e7as. Tal como um menor deve ter o seu pr\u00f3prio passaporte v\u00e1lido, um beb\u00e9 ou crian\u00e7a deve ter um ESTA em seu nome, mesmo que n\u00e3o seja capaz de o requerer pessoalmente.<\/p>\n\n<p>O sistema americano est\u00e1 bem estabelecido uma vez que o formul\u00e1rio ESTA lhe permite fazer v\u00e1rias aplica\u00e7\u00f5es em uma! Para uma viagem familiar de quatro, por exemplo, os pais podem solicitar uma <a href=\"https:\/\/123-esta.com\/pt-pt\/esta-para-criancas\/\">ESTA para crian\u00e7as<\/a> ao mesmo tempo que a sua pr\u00f3pria. Isto poupa muito tempo e deixa mais tempo para preparar e organizar a viagem para os EUA.<br\/>Da mesma forma, os viajantes com problemas de sa\u00fade mental podem n\u00e3o ser capazes de preencher eles pr\u00f3prios o question\u00e1rio e podem necessitar da assist\u00eancia de terceiros. A pessoa respons\u00e1vel deve ent\u00e3o assinalar a caixa fornecida.<\/p>\n\n<p>N\u00e3o se esque\u00e7a que pode <a href=\"https:\/\/123-esta.com\/pt-pt\/impresso-formula-esta\/\">imprimir o seu ESTA<\/a> se quiser ter a certeza de que n\u00e3o encontrar\u00e1 quaisquer problemas na imigra\u00e7\u00e3o americana.<\/p>\n","protected":false},"excerpt":{"rendered":"<p>Est\u00e1 a planear passar as suas pr\u00f3ximas f\u00e9rias do outro lado do Atl\u00e2ntico e visitar os Estados Unidos? Quer v\u00e1 fazer uma viagem a Nova Iorque ou uma viagem por estrada atrav\u00e9s do Oeste americano, h\u00e1 algumas formalidades que precisam de ser cumpridas antes de partir e embarcar na sua aventura. Entre outras coisas, deve [&hellip;]<\/p>\n","protected":false},"author":1,"featured_media":0,"parent":0,"menu_order":0,"comment_status":"closed","ping_status":"closed","template":"","meta":{"site-sidebar-layout":"default","site-content-layout":"default","ast-site-content-layout":"default","site-content-style":"default","site-sidebar-style":"default","ast-global-header-display":"","ast-banner-title-visibility":"","ast-main-header-display":"","ast-hfb-above-header-display":"","ast-hfb-below-header-display":"","ast-hfb-mobile-header-display":"","site-post-title":"","ast-breadcrumbs-content":"","ast-featured-img":"","footer-sml-layout":"","ast-disable-related-posts":"","theme-transparent-header-meta":"default","adv-header-id-meta":"","stick-header-meta":"default","header-above-stick-meta":"","header-main-stick-meta":"","header-below-stick-meta":"","astra-migrate-meta-layouts":"default","ast-page-background-enabled":"default","ast-page-background-meta":{"desktop":{"background-color":"","background-image":"","background-repeat":"repeat","background-position":"center center","background-size":"auto","background-attachment":"scroll","background-type":"","background-media":"","overlay-type":"","overlay-color":"","overlay-opacity":"","overlay-gradient":""},"tablet":{"background-color":"","background-image":"","background-repeat":"repeat","background-position":"center center","background-size":"auto","background-attachment":"scroll","background-type":"","background-media":"","overlay-type":"","overlay-color":"","overlay-opacity":"","overlay-gradient":""},"mobile":{"background-color":"","background-image":"","background-repeat":"repeat","background-position":"center center","background-size":"auto","background-attachment":"scroll","background-type":"","background-media":"","overlay-type":"","overlay-color":"","overlay-opacity":"","overlay-gradient":""}},"ast-content-background-meta":{"desktop":{"background-color":"var(--ast-global-color-5)","background-image":"","background-repeat":"repeat","background-position":"center center","background-size":"auto","background-attachment":"scroll","background-type":"","background-media":"","overlay-type":"","overlay-color":"","overlay-opacity":"","overlay-gradient":""},"tablet":{"background-color":"var(--ast-global-color-5)","background-image":"","background-repeat":"repeat","background-position":"center center","background-size":"auto","background-attachment":"scroll","background-type":"","background-media":"","overlay-type":"","overlay-color":"","overlay-opacity":"","overlay-gradient":""},"mobile":{"background-color":"var(--ast-global-color-5)","background-image":"","background-repeat":"repeat","background-position":"center center","background-size":"auto","background-attachment":"scroll","background-type":"","background-media":"","overlay-type":"","overlay-color":"","overlay-opacity":"","overlay-gradient":""}},"footnotes":""},"class_list":["post-2385","page","type-page","status-publish","hentry"],"yoast_head":"<!-- This site is optimized with the Yoast SEO plugin v27.1.1 - https:\/\/yoast.com\/product\/yoast-seo-wordpress\/ -->\n<title>Como preencher correctamente o question\u00e1rio ESTA?<\/title>\n<meta name=\"description\" content=\"Ajuda com o question\u00e1rio ESTA: que informa\u00e7\u00f5es s\u00e3o exigidas no formul\u00e1rio sobre o viajante e o passaporte?\" \/>\n<meta name=\"robots\" content=\"index, follow, max-snippet:-1, max-image-preview:large, max-video-preview:-1\" \/>\n<link rel=\"canonical\" href=\"https:\/\/123-esta.com\/pt-pt\/como-preencher-o-questionario-esta\/\" \/>\n<meta property=\"og:locale\" content=\"pt_PT\" \/>\n<meta property=\"og:type\" content=\"article\" \/>\n<meta property=\"og:title\" content=\"Como preencher correctamente o question\u00e1rio ESTA?\" \/>\n<meta property=\"og:description\" content=\"Ajuda com o question\u00e1rio ESTA: que informa\u00e7\u00f5es s\u00e3o exigidas no formul\u00e1rio sobre o viajante e o passaporte?\" \/>\n<meta property=\"og:url\" content=\"https:\/\/123-esta.com\/pt-pt\/como-preencher-o-questionario-esta\/\" \/>\n<meta property=\"og:site_name\" content=\"Formulaire ESTA pour les USA\" \/>\n<meta property=\"article:modified_time\" content=\"2022-08-23T20:25:46+00:00\" \/>\n<meta name=\"twitter:card\" content=\"summary_large_image\" \/>\n<meta name=\"twitter:label1\" content=\"Tempo estimado de leitura\" \/>\n\t<meta name=\"twitter:data1\" content=\"5 minutos\" \/>\n<script type=\"application\/ld+json\" class=\"yoast-schema-graph\">{\"@context\":\"https:\/\/schema.org\",\"@graph\":[{\"@type\":\"WebPage\",\"@id\":\"https:\/\/123-esta.com\/pt-pt\/como-preencher-o-questionario-esta\/\",\"url\":\"https:\/\/123-esta.com\/pt-pt\/como-preencher-o-questionario-esta\/\",\"name\":\"Como preencher correctamente o question\u00e1rio ESTA?\",\"isPartOf\":{\"@id\":\"https:\/\/123-esta.com\/pt-pt\/#website\"},\"datePublished\":\"2022-07-27T19:34:40+00:00\",\"dateModified\":\"2022-08-23T20:25:46+00:00\",\"description\":\"Ajuda com o question\u00e1rio ESTA: que informa\u00e7\u00f5es s\u00e3o exigidas no formul\u00e1rio sobre o viajante e o passaporte?\",\"inLanguage\":\"pt-PT\",\"potentialAction\":[{\"@type\":\"ReadAction\",\"target\":[\"https:\/\/123-esta.com\/pt-pt\/como-preencher-o-questionario-esta\/\"]}]},{\"@type\":\"WebSite\",\"@id\":\"https:\/\/123-esta.com\/pt-pt\/#website\",\"url\":\"https:\/\/123-esta.com\/pt-pt\/\",\"name\":\"Formulaire ESTA pour les USA\",\"description\":\"\",\"publisher\":{\"@id\":\"https:\/\/123-esta.com\/pt-pt\/#organization\"},\"potentialAction\":[{\"@type\":\"SearchAction\",\"target\":{\"@type\":\"EntryPoint\",\"urlTemplate\":\"https:\/\/123-esta.com\/pt-pt\/?s={search_term_string}\"},\"query-input\":{\"@type\":\"PropertyValueSpecification\",\"valueRequired\":true,\"valueName\":\"search_term_string\"}}],\"inLanguage\":\"pt-PT\"},{\"@type\":\"Organization\",\"@id\":\"https:\/\/123-esta.com\/pt-pt\/#organization\",\"name\":\"Formulaire ESTA pour les USA\",\"url\":\"https:\/\/123-esta.com\/pt-pt\/\",\"logo\":{\"@type\":\"ImageObject\",\"inLanguage\":\"pt-PT\",\"@id\":\"https:\/\/123-esta.com\/pt-pt\/#\/schema\/logo\/image\/\",\"url\":\"https:\/\/123-esta.com\/wp-content\/uploads\/2018\/03\/logo-123-esta.png\",\"contentUrl\":\"https:\/\/123-esta.com\/wp-content\/uploads\/2018\/03\/logo-123-esta.png\",\"width\":191,\"height\":54,\"caption\":\"Formulaire ESTA pour les USA\"},\"image\":{\"@id\":\"https:\/\/123-esta.com\/pt-pt\/#\/schema\/logo\/image\/\"}}]}<\/script>\n<!-- \/ Yoast SEO plugin. -->","yoast_head_json":{"title":"Como preencher correctamente o question\u00e1rio ESTA?","description":"Ajuda com o question\u00e1rio ESTA: que informa\u00e7\u00f5es s\u00e3o exigidas no formul\u00e1rio sobre o viajante e o passaporte?","robots":{"index":"index","follow":"follow","max-snippet":"max-snippet:-1","max-image-preview":"max-image-preview:large","max-video-preview":"max-video-preview:-1"},"canonical":"https:\/\/123-esta.com\/pt-pt\/como-preencher-o-questionario-esta\/","og_locale":"pt_PT","og_type":"article","og_title":"Como preencher correctamente o question\u00e1rio ESTA?","og_description":"Ajuda com o question\u00e1rio ESTA: que informa\u00e7\u00f5es s\u00e3o exigidas no formul\u00e1rio sobre o viajante e o passaporte?","og_url":"https:\/\/123-esta.com\/pt-pt\/como-preencher-o-questionario-esta\/","og_site_name":"Formulaire ESTA pour les USA","article_modified_time":"2022-08-23T20:25:46+00:00","twitter_card":"summary_large_image","twitter_misc":{"Tempo estimado de leitura":"5 minutos"},"schema":{"@context":"https:\/\/schema.org","@graph":[{"@type":"WebPage","@id":"https:\/\/123-esta.com\/pt-pt\/como-preencher-o-questionario-esta\/","url":"https:\/\/123-esta.com\/pt-pt\/como-preencher-o-questionario-esta\/","name":"Como preencher correctamente o question\u00e1rio ESTA?","isPartOf":{"@id":"https:\/\/123-esta.com\/pt-pt\/#website"},"datePublished":"2022-07-27T19:34:40+00:00","dateModified":"2022-08-23T20:25:46+00:00","description":"Ajuda com o question\u00e1rio ESTA: que informa\u00e7\u00f5es s\u00e3o exigidas no formul\u00e1rio sobre o viajante e o passaporte?","inLanguage":"pt-PT","potentialAction":[{"@type":"ReadAction","target":["https:\/\/123-esta.com\/pt-pt\/como-preencher-o-questionario-esta\/"]}]},{"@type":"WebSite","@id":"https:\/\/123-esta.com\/pt-pt\/#website","url":"https:\/\/123-esta.com\/pt-pt\/","name":"Formulaire ESTA pour les USA","description":"","publisher":{"@id":"https:\/\/123-esta.com\/pt-pt\/#organization"},"potentialAction":[{"@type":"SearchAction","target":{"@type":"EntryPoint","urlTemplate":"https:\/\/123-esta.com\/pt-pt\/?s={search_term_string}"},"query-input":{"@type":"PropertyValueSpecification","valueRequired":true,"valueName":"search_term_string"}}],"inLanguage":"pt-PT"},{"@type":"Organization","@id":"https:\/\/123-esta.com\/pt-pt\/#organization","name":"Formulaire ESTA pour les USA","url":"https:\/\/123-esta.com\/pt-pt\/","logo":{"@type":"ImageObject","inLanguage":"pt-PT","@id":"https:\/\/123-esta.com\/pt-pt\/#\/schema\/logo\/image\/","url":"https:\/\/123-esta.com\/wp-content\/uploads\/2018\/03\/logo-123-esta.png","contentUrl":"https:\/\/123-esta.com\/wp-content\/uploads\/2018\/03\/logo-123-esta.png","width":191,"height":54,"caption":"Formulaire ESTA pour les USA"},"image":{"@id":"https:\/\/123-esta.com\/pt-pt\/#\/schema\/logo\/image\/"}}]}},"_links":{"self":[{"href":"https:\/\/123-esta.com\/pt-pt\/wp-json\/wp\/v2\/pages\/2385","targetHints":{"allow":["GET"]}}],"collection":[{"href":"https:\/\/123-esta.com\/pt-pt\/wp-json\/wp\/v2\/pages"}],"about":[{"href":"https:\/\/123-esta.com\/pt-pt\/wp-json\/wp\/v2\/types\/page"}],"author":[{"embeddable":true,"href":"https:\/\/123-esta.com\/pt-pt\/wp-json\/wp\/v2\/users\/1"}],"replies":[{"embeddable":true,"href":"https:\/\/123-esta.com\/pt-pt\/wp-json\/wp\/v2\/comments?post=2385"}],"version-history":[{"count":0,"href":"https:\/\/123-esta.com\/pt-pt\/wp-json\/wp\/v2\/pages\/2385\/revisions"}],"wp:attachment":[{"href":"https:\/\/123-esta.com\/pt-pt\/wp-json\/wp\/v2\/media?parent=2385"}],"curies":[{"name":"wp","href":"https:\/\/api.w.org\/{rel}","templated":true}]}}