{"id":2379,"date":"2022-07-27T21:34:37","date_gmt":"2022-07-27T19:34:37","guid":{"rendered":"https:\/\/123-esta.com\/drive-in-the-united-states-with-a-licenca\/"},"modified":"2022-08-23T22:33:38","modified_gmt":"2022-08-23T20:33:38","slug":"dirigir-nos-eua-com-sua-licenca-portuguesa","status":"publish","type":"page","link":"https:\/\/123-esta.com\/pt-pt\/dirigir-nos-eua-com-sua-licenca-portuguesa\/","title":{"rendered":"conduzir nos EUA com uma carta de condu\u00e7\u00e3o portuguesa"},"content":{"rendered":"\n<p>Quem nunca sonhou em conduzir nos Estados Unidos em estradas t\u00e3o m\u00edticas como a Estrada 66? O carro \u00e9 o <a href=\"https:\/\/123-esta.com\/pt-pt\/transporte-nos-estados-unidos\/\">principal meio de transporte nos EUA<\/a>.<\/p>\n\n<p>Para poder realizar o sonho de uma viagem para os EUA, \u00e9 importante solicitar online a sua autoriza\u00e7\u00e3o electr\u00f3nica de viagem ESTA. Al\u00e9m disso, o viajante deve, evidentemente, ter uma carta de condu\u00e7\u00e3o v\u00e1lida para poder viajar em seguran\u00e7a nos EUA.<\/p>\n\n<p>Em que condi\u00e7\u00f5es \u00e9 v\u00e1lida uma carta de condu\u00e7\u00e3o portuguesa para conduzir no pa\u00eds do Tio Sam?<\/p>\n\n<h2 class=\"wp-block-heading\">Qual carta de condu\u00e7\u00e3o para uma curta estadia nos EUA?<\/h2>\n\n<p>Para uma estadia nos EUA de menos de 3 meses, uma carta de condu\u00e7\u00e3o francesa dever\u00e1 ser suficiente. De facto, os modelos de carta de condu\u00e7\u00e3o do Portugal com 1 ou 3 partes s\u00e3o suficientes para se poder andar nos v\u00e1rios estados americanos.<\/p>\n\n<p>Outros requisitos para utilizar a sua carta de condu\u00e7\u00e3o portuguesa para conduzir nos EUA:<\/p>\n\n<ul class=\"wp-block-list\"><li>o condutor deve ter pelo menos 21 anos de idade;<\/li><li>Algumas ag\u00eancias locais de aluguer de autom\u00f3veis exigem que o cliente tenha pelo menos 25 anos de idade se desejar alugar um carro;<\/li><li>para que o certificado de condu\u00e7\u00e3o seja autorizado, \u00e9 essencial que o documento tenha mais de um ano de idade.<\/li><\/ul>\n\n<h2 class=\"wp-block-heading\">O que acontece quando o tempo de estadia \u00e9 mais longo?<\/h2>\n\n<p>A licen\u00e7a portuguesa j\u00e1 n\u00e3o \u00e9 v\u00e1lida se a sua estadia nos EUA exceder 3 meses. Neste caso, ser\u00e1 muitas vezes necess\u00e1rio tirar a carta de condu\u00e7\u00e3o do Estado de resid\u00eancia. Como as leis diferem de regi\u00e3o para regi\u00e3o, recomenda-se que contacte os consulados franceses nos Estados relevantes para mais informa\u00e7\u00f5es. Deve-se notar que em alguns casos n\u00e3o \u00e9 necess\u00e1rio voltar a fazer o teste de condu\u00e7\u00e3o.<\/p>\n\n<p>Em qualquer caso, os viajantes que queiram permanecer nos EUA por mais de 90 dias ter\u00e3o de utilizar uma Autoriza\u00e7\u00e3o Internacional de Condu\u00e7\u00e3o. As licen\u00e7as s\u00e3o v\u00e1lidas por um ano.<\/p>\n\n<h2 class=\"wp-block-heading\">As vantagens de uma carta de condu\u00e7\u00e3o internacional para a condu\u00e7\u00e3o nos EUA<\/h2>\n\n<p>Para obter uma licen\u00e7a internacional, basta dirigir-se \u00e0 sua prefeitura local. Esta abordagem gratuita facilita o aluguer de um carro em ag\u00eancias na maioria dos pa\u00edses estrangeiros, incluindo os Estados Unidos.<\/p>\n\n<p>Embora uma carta de condu\u00e7\u00e3o portuguesa possa ser suficiente para preencher os formul\u00e1rios de aluguer de autom\u00f3veis, os turistas que pensam no futuro devem obter uma carta internacional para poupar tempo no processo administrativo.<\/p>\n\n<p>Uma \u00faltima dica para quem viaja pela primeira vez: n\u00e3o hesite em investir num GPS para al\u00e9m do seu aluguer de autom\u00f3vel. Pode poupar-lhe muito tempo e situa\u00e7\u00f5es desagrad\u00e1veis.<\/p>\n","protected":false},"excerpt":{"rendered":"<p>Quem nunca sonhou em conduzir nos Estados Unidos em estradas t\u00e3o m\u00edticas como a Estrada 66? O carro \u00e9 o principal meio de transporte nos EUA. Para poder realizar o sonho de uma viagem para os EUA, \u00e9 importante solicitar online a sua autoriza\u00e7\u00e3o electr\u00f3nica de viagem ESTA. Al\u00e9m disso, o viajante deve, evidentemente, ter [&hellip;]<\/p>\n","protected":false},"author":1,"featured_media":0,"parent":0,"menu_order":0,"comment_status":"closed","ping_status":"closed","template":"","meta":{"site-sidebar-layout":"default","site-content-layout":"default","ast-site-content-layout":"default","site-content-style":"default","site-sidebar-style":"default","ast-global-header-display":"","ast-banner-title-visibility":"","ast-main-header-display":"","ast-hfb-above-header-display":"","ast-hfb-below-header-display":"","ast-hfb-mobile-header-display":"","site-post-title":"","ast-breadcrumbs-content":"","ast-featured-img":"","footer-sml-layout":"","ast-disable-related-posts":"","theme-transparent-header-meta":"default","adv-header-id-meta":"","stick-header-meta":"default","header-above-stick-meta":"","header-main-stick-meta":"","header-below-stick-meta":"","astra-migrate-meta-layouts":"default","ast-page-background-enabled":"default","ast-page-background-meta":{"desktop":{"background-color":"","background-image":"","background-repeat":"repeat","background-position":"center center","background-size":"auto","background-attachment":"scroll","background-type":"","background-media":"","overlay-type":"","overlay-color":"","overlay-opacity":"","overlay-gradient":""},"tablet":{"background-color":"","background-image":"","background-repeat":"repeat","background-position":"center center","background-size":"auto","background-attachment":"scroll","background-type":"","background-media":"","overlay-type":"","overlay-color":"","overlay-opacity":"","overlay-gradient":""},"mobile":{"background-color":"","background-image":"","background-repeat":"repeat","background-position":"center center","background-size":"auto","background-attachment":"scroll","background-type":"","background-media":"","overlay-type":"","overlay-color":"","overlay-opacity":"","overlay-gradient":""}},"ast-content-background-meta":{"desktop":{"background-color":"var(--ast-global-color-5)","background-image":"","background-repeat":"repeat","background-position":"center center","background-size":"auto","background-attachment":"scroll","background-type":"","background-media":"","overlay-type":"","overlay-color":"","overlay-opacity":"","overlay-gradient":""},"tablet":{"background-color":"var(--ast-global-color-5)","background-image":"","background-repeat":"repeat","background-position":"center center","background-size":"auto","background-attachment":"scroll","background-type":"","background-media":"","overlay-type":"","overlay-color":"","overlay-opacity":"","overlay-gradient":""},"mobile":{"background-color":"var(--ast-global-color-5)","background-image":"","background-repeat":"repeat","background-position":"center center","background-size":"auto","background-attachment":"scroll","background-type":"","background-media":"","overlay-type":"","overlay-color":"","overlay-opacity":"","overlay-gradient":""}},"footnotes":""},"class_list":["post-2379","page","type-page","status-publish","hentry"],"yoast_head":"<!-- This site is optimized with the Yoast SEO plugin v27.1.1 - https:\/\/yoast.com\/product\/yoast-seo-wordpress\/ -->\n<title>Pode conduzir nos EUA com a sua carta de condu\u00e7\u00e3o portuguesa?<\/title>\n<meta name=\"description\" content=\"Conduzir nos EUA com uma carta de condu\u00e7\u00e3o portuguesa depende da dura\u00e7\u00e3o da sua estadia nos EUA. Tudo o que precisa de saber aqui.\" \/>\n<meta name=\"robots\" content=\"index, follow, max-snippet:-1, max-image-preview:large, max-video-preview:-1\" \/>\n<link rel=\"canonical\" href=\"https:\/\/123-esta.com\/pt-pt\/dirigir-nos-eua-com-sua-licenca-portuguesa\/\" \/>\n<meta property=\"og:locale\" content=\"pt_PT\" \/>\n<meta property=\"og:type\" content=\"article\" \/>\n<meta property=\"og:title\" content=\"Pode conduzir nos EUA com a sua carta de condu\u00e7\u00e3o portuguesa?\" \/>\n<meta property=\"og:description\" content=\"Conduzir nos EUA com uma carta de condu\u00e7\u00e3o portuguesa depende da dura\u00e7\u00e3o da sua estadia nos EUA. Tudo o que precisa de saber aqui.\" \/>\n<meta property=\"og:url\" content=\"https:\/\/123-esta.com\/pt-pt\/dirigir-nos-eua-com-sua-licenca-portuguesa\/\" \/>\n<meta property=\"og:site_name\" content=\"Formulaire ESTA pour les USA\" \/>\n<meta property=\"article:modified_time\" content=\"2022-08-23T20:33:38+00:00\" \/>\n<meta name=\"twitter:card\" content=\"summary_large_image\" \/>\n<meta name=\"twitter:label1\" content=\"Tempo estimado de leitura\" \/>\n\t<meta name=\"twitter:data1\" content=\"2 minutos\" \/>\n<script type=\"application\/ld+json\" class=\"yoast-schema-graph\">{\"@context\":\"https:\/\/schema.org\",\"@graph\":[{\"@type\":\"WebPage\",\"@id\":\"https:\/\/123-esta.com\/pt-pt\/dirigir-nos-eua-com-sua-licenca-portuguesa\/\",\"url\":\"https:\/\/123-esta.com\/pt-pt\/dirigir-nos-eua-com-sua-licenca-portuguesa\/\",\"name\":\"Pode conduzir nos EUA com a sua carta de condu\u00e7\u00e3o portuguesa?\",\"isPartOf\":{\"@id\":\"https:\/\/123-esta.com\/pt-pt\/#website\"},\"datePublished\":\"2022-07-27T19:34:37+00:00\",\"dateModified\":\"2022-08-23T20:33:38+00:00\",\"description\":\"Conduzir nos EUA com uma carta de condu\u00e7\u00e3o portuguesa depende da dura\u00e7\u00e3o da sua estadia nos EUA. Tudo o que precisa de saber aqui.\",\"inLanguage\":\"pt-PT\",\"potentialAction\":[{\"@type\":\"ReadAction\",\"target\":[\"https:\/\/123-esta.com\/pt-pt\/dirigir-nos-eua-com-sua-licenca-portuguesa\/\"]}]},{\"@type\":\"WebSite\",\"@id\":\"https:\/\/123-esta.com\/pt-pt\/#website\",\"url\":\"https:\/\/123-esta.com\/pt-pt\/\",\"name\":\"Formulaire ESTA pour les USA\",\"description\":\"\",\"publisher\":{\"@id\":\"https:\/\/123-esta.com\/pt-pt\/#organization\"},\"potentialAction\":[{\"@type\":\"SearchAction\",\"target\":{\"@type\":\"EntryPoint\",\"urlTemplate\":\"https:\/\/123-esta.com\/pt-pt\/?s={search_term_string}\"},\"query-input\":{\"@type\":\"PropertyValueSpecification\",\"valueRequired\":true,\"valueName\":\"search_term_string\"}}],\"inLanguage\":\"pt-PT\"},{\"@type\":\"Organization\",\"@id\":\"https:\/\/123-esta.com\/pt-pt\/#organization\",\"name\":\"Formulaire ESTA pour les USA\",\"url\":\"https:\/\/123-esta.com\/pt-pt\/\",\"logo\":{\"@type\":\"ImageObject\",\"inLanguage\":\"pt-PT\",\"@id\":\"https:\/\/123-esta.com\/pt-pt\/#\/schema\/logo\/image\/\",\"url\":\"https:\/\/123-esta.com\/wp-content\/uploads\/2018\/03\/logo-123-esta.png\",\"contentUrl\":\"https:\/\/123-esta.com\/wp-content\/uploads\/2018\/03\/logo-123-esta.png\",\"width\":191,\"height\":54,\"caption\":\"Formulaire ESTA pour les USA\"},\"image\":{\"@id\":\"https:\/\/123-esta.com\/pt-pt\/#\/schema\/logo\/image\/\"}}]}<\/script>\n<!-- \/ Yoast SEO plugin. -->","yoast_head_json":{"title":"Pode conduzir nos EUA com a sua carta de condu\u00e7\u00e3o portuguesa?","description":"Conduzir nos EUA com uma carta de condu\u00e7\u00e3o portuguesa depende da dura\u00e7\u00e3o da sua estadia nos EUA. Tudo o que precisa de saber aqui.","robots":{"index":"index","follow":"follow","max-snippet":"max-snippet:-1","max-image-preview":"max-image-preview:large","max-video-preview":"max-video-preview:-1"},"canonical":"https:\/\/123-esta.com\/pt-pt\/dirigir-nos-eua-com-sua-licenca-portuguesa\/","og_locale":"pt_PT","og_type":"article","og_title":"Pode conduzir nos EUA com a sua carta de condu\u00e7\u00e3o portuguesa?","og_description":"Conduzir nos EUA com uma carta de condu\u00e7\u00e3o portuguesa depende da dura\u00e7\u00e3o da sua estadia nos EUA. Tudo o que precisa de saber aqui.","og_url":"https:\/\/123-esta.com\/pt-pt\/dirigir-nos-eua-com-sua-licenca-portuguesa\/","og_site_name":"Formulaire ESTA pour les USA","article_modified_time":"2022-08-23T20:33:38+00:00","twitter_card":"summary_large_image","twitter_misc":{"Tempo estimado de leitura":"2 minutos"},"schema":{"@context":"https:\/\/schema.org","@graph":[{"@type":"WebPage","@id":"https:\/\/123-esta.com\/pt-pt\/dirigir-nos-eua-com-sua-licenca-portuguesa\/","url":"https:\/\/123-esta.com\/pt-pt\/dirigir-nos-eua-com-sua-licenca-portuguesa\/","name":"Pode conduzir nos EUA com a sua carta de condu\u00e7\u00e3o portuguesa?","isPartOf":{"@id":"https:\/\/123-esta.com\/pt-pt\/#website"},"datePublished":"2022-07-27T19:34:37+00:00","dateModified":"2022-08-23T20:33:38+00:00","description":"Conduzir nos EUA com uma carta de condu\u00e7\u00e3o portuguesa depende da dura\u00e7\u00e3o da sua estadia nos EUA. Tudo o que precisa de saber aqui.","inLanguage":"pt-PT","potentialAction":[{"@type":"ReadAction","target":["https:\/\/123-esta.com\/pt-pt\/dirigir-nos-eua-com-sua-licenca-portuguesa\/"]}]},{"@type":"WebSite","@id":"https:\/\/123-esta.com\/pt-pt\/#website","url":"https:\/\/123-esta.com\/pt-pt\/","name":"Formulaire ESTA pour les USA","description":"","publisher":{"@id":"https:\/\/123-esta.com\/pt-pt\/#organization"},"potentialAction":[{"@type":"SearchAction","target":{"@type":"EntryPoint","urlTemplate":"https:\/\/123-esta.com\/pt-pt\/?s={search_term_string}"},"query-input":{"@type":"PropertyValueSpecification","valueRequired":true,"valueName":"search_term_string"}}],"inLanguage":"pt-PT"},{"@type":"Organization","@id":"https:\/\/123-esta.com\/pt-pt\/#organization","name":"Formulaire ESTA pour les USA","url":"https:\/\/123-esta.com\/pt-pt\/","logo":{"@type":"ImageObject","inLanguage":"pt-PT","@id":"https:\/\/123-esta.com\/pt-pt\/#\/schema\/logo\/image\/","url":"https:\/\/123-esta.com\/wp-content\/uploads\/2018\/03\/logo-123-esta.png","contentUrl":"https:\/\/123-esta.com\/wp-content\/uploads\/2018\/03\/logo-123-esta.png","width":191,"height":54,"caption":"Formulaire ESTA pour les USA"},"image":{"@id":"https:\/\/123-esta.com\/pt-pt\/#\/schema\/logo\/image\/"}}]}},"_links":{"self":[{"href":"https:\/\/123-esta.com\/pt-pt\/wp-json\/wp\/v2\/pages\/2379","targetHints":{"allow":["GET"]}}],"collection":[{"href":"https:\/\/123-esta.com\/pt-pt\/wp-json\/wp\/v2\/pages"}],"about":[{"href":"https:\/\/123-esta.com\/pt-pt\/wp-json\/wp\/v2\/types\/page"}],"author":[{"embeddable":true,"href":"https:\/\/123-esta.com\/pt-pt\/wp-json\/wp\/v2\/users\/1"}],"replies":[{"embeddable":true,"href":"https:\/\/123-esta.com\/pt-pt\/wp-json\/wp\/v2\/comments?post=2379"}],"version-history":[{"count":0,"href":"https:\/\/123-esta.com\/pt-pt\/wp-json\/wp\/v2\/pages\/2379\/revisions"}],"wp:attachment":[{"href":"https:\/\/123-esta.com\/pt-pt\/wp-json\/wp\/v2\/media?parent=2379"}],"curies":[{"name":"wp","href":"https:\/\/api.w.org\/{rel}","templated":true}]}}