{"id":2369,"date":"2022-07-27T21:34:35","date_gmt":"2022-07-27T19:34:35","guid":{"rendered":"https:\/\/123-esta.com\/visit-nevada-usa\/"},"modified":"2022-09-19T17:28:22","modified_gmt":"2022-09-19T15:28:22","slug":"visite-nevada-eua","status":"publish","type":"page","link":"https:\/\/123-esta.com\/pt-pt\/visite-nevada-eua\/","title":{"rendered":"Visitar o Nevada &#8211; uma experi\u00eancia absolutamente extraordin\u00e1ria"},"content":{"rendered":"\n<p>H\u00e1 muitos lugares interessantes a visitar enquanto estiver nos Estados Unidos. Nevada \u00e9 um dos <a href=\"https:\/\/123-esta.com\/pt-pt\/grandes-cidades-e-regioes-a-visita-nos-estados-unidos\/\">10 estados mais visitados nos EUA<\/a> e tem muito a oferecer aos viajantes que procuram novidade, beleza e excita\u00e7\u00e3o.<\/p>\n\n<p>Como sabem, Nevada \u00e9 um estado \u00e1rido que sofreu uma transforma\u00e7\u00e3o dram\u00e1tica e \u00e9 o lar de alguns dos locais de sonho mais famosos do mundo, incluindo Las Vegas.<\/p>\n\n<h2 class=\"wp-block-heading\">Locais de visita obrigat\u00f3ria no Nevada<\/h2>\n\n<p>H\u00e1 muitos lugares imperd\u00edveis no Nevada. \u00c9 um estado que promete grandes descobertas e aventuras de todo o tipo. Neste artigo, limitar-nos-emos a enumerar apenas os locais mais conhecidos.<\/p>\n\n<p>A <a href=\"https:\/\/123-esta.com\/pt-pt\/o-que-fazer-em-las-vegas\/\">visita a Las Vegas<\/a> encabe\u00e7a a lista. Fundada pelos M\u00f3rmons em 1855, \u00e9 a maior cidade do Nevada. S\u00f3 ela oferece um pacote de entretenimento e lugares mais do que suficientes para um dia inteiro. No menu: casinos, piscinas de todos os tipos, montanhas russas, circuitos de corridas com possibilidade de condu\u00e7\u00e3o de autom\u00f3veis e o Paris-Las Vegas.<\/p>\n\n<p>Depois de Las Vegas, o Lago Mead e a Barragem Hoover em Nevada tamb\u00e9m merecem uma visita. \u00c9 o maior reservat\u00f3rio dos Estados Unidos e a sua plataforma oferece um espect\u00e1culo extraordin\u00e1rio. \u00c9 este prestigioso reservat\u00f3rio que fornece \u00e1gua \u00e0 Calif\u00f3rnia, Las Vegas e a todo o Nevada. V\u00e1rias actividades s\u00e3o oferecidas \u00e0 volta do lago.<\/p>\n\n<p>Quem procura uma adrenalina pode fazer uma viagem a Reno. Todos os tipos de corridas s\u00e3o oferecidos nesta cidade do Nevada: corrida de carros, corrida de avi\u00f5es e at\u00e9 mesmo corrida de bal\u00f5es.<\/p>\n\n<p>Finalmente, o Parque Nacional da Grande Bacia \u00e9 constitu\u00eddo por montanhas \u00e1ridas e in\u00fameras cavernas antigas que datam de h\u00e1 mais de 500 milh\u00f5es de anos. Apesar da sua paisagem des\u00e9rtica, ainda oferece muito para o impressionar.<\/p>\n\n<h2 class=\"wp-block-heading\">Quando visitar o Nevada?<\/h2>\n\n<p>Isto depende de v\u00e1rios crit\u00e9rios. Aqueles que v\u00e3o de f\u00e9rias com os seus filhos ter\u00e3o certamente de esperar at\u00e9 \u00e0s f\u00e9rias. Quem viaja sozinho ou como casal para os EUA pode esperar pela esta\u00e7\u00e3o baixa quando os pre\u00e7os s\u00e3o mais acess\u00edveis para os hot\u00e9is. A melhor altura para visitar \u00e9 no Outono, de Setembro a Outubro, quando o tempo est\u00e1 quente e os pre\u00e7os s\u00e3o mais baixos. Lembre-se de que o documento ESTA \u00e9 essencial para viajar para os Estados Unidos.<\/p>\n","protected":false},"excerpt":{"rendered":"<p>H\u00e1 muitos lugares interessantes a visitar enquanto estiver nos Estados Unidos. Nevada \u00e9 um dos 10 estados mais visitados nos EUA e tem muito a oferecer aos viajantes que procuram novidade, beleza e excita\u00e7\u00e3o. Como sabem, Nevada \u00e9 um estado \u00e1rido que sofreu uma transforma\u00e7\u00e3o dram\u00e1tica e \u00e9 o lar de alguns dos locais de [&hellip;]<\/p>\n","protected":false},"author":1,"featured_media":0,"parent":0,"menu_order":0,"comment_status":"closed","ping_status":"closed","template":"","meta":{"site-sidebar-layout":"default","site-content-layout":"default","ast-site-content-layout":"default","site-content-style":"default","site-sidebar-style":"default","ast-global-header-display":"","ast-banner-title-visibility":"","ast-main-header-display":"","ast-hfb-above-header-display":"","ast-hfb-below-header-display":"","ast-hfb-mobile-header-display":"","site-post-title":"","ast-breadcrumbs-content":"","ast-featured-img":"","footer-sml-layout":"","ast-disable-related-posts":"","theme-transparent-header-meta":"default","adv-header-id-meta":"","stick-header-meta":"default","header-above-stick-meta":"","header-main-stick-meta":"","header-below-stick-meta":"","astra-migrate-meta-layouts":"default","ast-page-background-enabled":"default","ast-page-background-meta":{"desktop":{"background-color":"","background-image":"","background-repeat":"repeat","background-position":"center center","background-size":"auto","background-attachment":"scroll","background-type":"","background-media":"","overlay-type":"","overlay-color":"","overlay-opacity":"","overlay-gradient":""},"tablet":{"background-color":"","background-image":"","background-repeat":"repeat","background-position":"center center","background-size":"auto","background-attachment":"scroll","background-type":"","background-media":"","overlay-type":"","overlay-color":"","overlay-opacity":"","overlay-gradient":""},"mobile":{"background-color":"","background-image":"","background-repeat":"repeat","background-position":"center center","background-size":"auto","background-attachment":"scroll","background-type":"","background-media":"","overlay-type":"","overlay-color":"","overlay-opacity":"","overlay-gradient":""}},"ast-content-background-meta":{"desktop":{"background-color":"var(--ast-global-color-5)","background-image":"","background-repeat":"repeat","background-position":"center center","background-size":"auto","background-attachment":"scroll","background-type":"","background-media":"","overlay-type":"","overlay-color":"","overlay-opacity":"","overlay-gradient":""},"tablet":{"background-color":"var(--ast-global-color-5)","background-image":"","background-repeat":"repeat","background-position":"center center","background-size":"auto","background-attachment":"scroll","background-type":"","background-media":"","overlay-type":"","overlay-color":"","overlay-opacity":"","overlay-gradient":""},"mobile":{"background-color":"var(--ast-global-color-5)","background-image":"","background-repeat":"repeat","background-position":"center center","background-size":"auto","background-attachment":"scroll","background-type":"","background-media":"","overlay-type":"","overlay-color":"","overlay-opacity":"","overlay-gradient":""}},"footnotes":""},"class_list":["post-2369","page","type-page","status-publish","hentry"],"yoast_head":"<!-- This site is optimized with the Yoast SEO plugin v27.1.1 - https:\/\/yoast.com\/product\/yoast-seo-wordpress\/ -->\n<title>Visite Nevada para a sua pr\u00f3xima viagem aos EUA<\/title>\n<meta name=\"description\" content=\"A visita ao Nevada tem muitas surpresas \u00e0 sua espera, tal como a sua cidade emblem\u00e1tica: Las Vegas. Deixe-se tentar com o ESTA no seu bolso!\" \/>\n<meta name=\"robots\" content=\"index, follow, max-snippet:-1, max-image-preview:large, max-video-preview:-1\" \/>\n<link rel=\"canonical\" href=\"https:\/\/123-esta.com\/pt-pt\/visite-nevada-eua\/\" \/>\n<meta property=\"og:locale\" content=\"pt_PT\" \/>\n<meta property=\"og:type\" content=\"article\" \/>\n<meta property=\"og:title\" content=\"Visite Nevada para a sua pr\u00f3xima viagem aos EUA\" \/>\n<meta property=\"og:description\" content=\"A visita ao Nevada tem muitas surpresas \u00e0 sua espera, tal como a sua cidade emblem\u00e1tica: Las Vegas. Deixe-se tentar com o ESTA no seu bolso!\" \/>\n<meta property=\"og:url\" content=\"https:\/\/123-esta.com\/pt-pt\/visite-nevada-eua\/\" \/>\n<meta property=\"og:site_name\" content=\"Formulaire ESTA pour les USA\" \/>\n<meta property=\"article:modified_time\" content=\"2022-09-19T15:28:22+00:00\" \/>\n<meta name=\"twitter:card\" content=\"summary_large_image\" \/>\n<meta name=\"twitter:label1\" content=\"Tempo estimado de leitura\" \/>\n\t<meta name=\"twitter:data1\" content=\"2 minutos\" \/>\n<script type=\"application\/ld+json\" class=\"yoast-schema-graph\">{\"@context\":\"https:\/\/schema.org\",\"@graph\":[{\"@type\":\"WebPage\",\"@id\":\"https:\/\/123-esta.com\/pt-pt\/visite-nevada-eua\/\",\"url\":\"https:\/\/123-esta.com\/pt-pt\/visite-nevada-eua\/\",\"name\":\"Visite Nevada para a sua pr\u00f3xima viagem aos EUA\",\"isPartOf\":{\"@id\":\"https:\/\/123-esta.com\/pt-pt\/#website\"},\"datePublished\":\"2022-07-27T19:34:35+00:00\",\"dateModified\":\"2022-09-19T15:28:22+00:00\",\"description\":\"A visita ao Nevada tem muitas surpresas \u00e0 sua espera, tal como a sua cidade emblem\u00e1tica: Las Vegas. Deixe-se tentar com o ESTA no seu bolso!\",\"inLanguage\":\"pt-PT\",\"potentialAction\":[{\"@type\":\"ReadAction\",\"target\":[\"https:\/\/123-esta.com\/pt-pt\/visite-nevada-eua\/\"]}]},{\"@type\":\"WebSite\",\"@id\":\"https:\/\/123-esta.com\/pt-pt\/#website\",\"url\":\"https:\/\/123-esta.com\/pt-pt\/\",\"name\":\"Formulaire ESTA pour les USA\",\"description\":\"\",\"publisher\":{\"@id\":\"https:\/\/123-esta.com\/pt-pt\/#organization\"},\"potentialAction\":[{\"@type\":\"SearchAction\",\"target\":{\"@type\":\"EntryPoint\",\"urlTemplate\":\"https:\/\/123-esta.com\/pt-pt\/?s={search_term_string}\"},\"query-input\":{\"@type\":\"PropertyValueSpecification\",\"valueRequired\":true,\"valueName\":\"search_term_string\"}}],\"inLanguage\":\"pt-PT\"},{\"@type\":\"Organization\",\"@id\":\"https:\/\/123-esta.com\/pt-pt\/#organization\",\"name\":\"Formulaire ESTA pour les USA\",\"url\":\"https:\/\/123-esta.com\/pt-pt\/\",\"logo\":{\"@type\":\"ImageObject\",\"inLanguage\":\"pt-PT\",\"@id\":\"https:\/\/123-esta.com\/pt-pt\/#\/schema\/logo\/image\/\",\"url\":\"https:\/\/123-esta.com\/wp-content\/uploads\/2018\/03\/logo-123-esta.png\",\"contentUrl\":\"https:\/\/123-esta.com\/wp-content\/uploads\/2018\/03\/logo-123-esta.png\",\"width\":191,\"height\":54,\"caption\":\"Formulaire ESTA pour les USA\"},\"image\":{\"@id\":\"https:\/\/123-esta.com\/pt-pt\/#\/schema\/logo\/image\/\"}}]}<\/script>\n<!-- \/ Yoast SEO plugin. -->","yoast_head_json":{"title":"Visite Nevada para a sua pr\u00f3xima viagem aos EUA","description":"A visita ao Nevada tem muitas surpresas \u00e0 sua espera, tal como a sua cidade emblem\u00e1tica: Las Vegas. Deixe-se tentar com o ESTA no seu bolso!","robots":{"index":"index","follow":"follow","max-snippet":"max-snippet:-1","max-image-preview":"max-image-preview:large","max-video-preview":"max-video-preview:-1"},"canonical":"https:\/\/123-esta.com\/pt-pt\/visite-nevada-eua\/","og_locale":"pt_PT","og_type":"article","og_title":"Visite Nevada para a sua pr\u00f3xima viagem aos EUA","og_description":"A visita ao Nevada tem muitas surpresas \u00e0 sua espera, tal como a sua cidade emblem\u00e1tica: Las Vegas. Deixe-se tentar com o ESTA no seu bolso!","og_url":"https:\/\/123-esta.com\/pt-pt\/visite-nevada-eua\/","og_site_name":"Formulaire ESTA pour les USA","article_modified_time":"2022-09-19T15:28:22+00:00","twitter_card":"summary_large_image","twitter_misc":{"Tempo estimado de leitura":"2 minutos"},"schema":{"@context":"https:\/\/schema.org","@graph":[{"@type":"WebPage","@id":"https:\/\/123-esta.com\/pt-pt\/visite-nevada-eua\/","url":"https:\/\/123-esta.com\/pt-pt\/visite-nevada-eua\/","name":"Visite Nevada para a sua pr\u00f3xima viagem aos EUA","isPartOf":{"@id":"https:\/\/123-esta.com\/pt-pt\/#website"},"datePublished":"2022-07-27T19:34:35+00:00","dateModified":"2022-09-19T15:28:22+00:00","description":"A visita ao Nevada tem muitas surpresas \u00e0 sua espera, tal como a sua cidade emblem\u00e1tica: Las Vegas. Deixe-se tentar com o ESTA no seu bolso!","inLanguage":"pt-PT","potentialAction":[{"@type":"ReadAction","target":["https:\/\/123-esta.com\/pt-pt\/visite-nevada-eua\/"]}]},{"@type":"WebSite","@id":"https:\/\/123-esta.com\/pt-pt\/#website","url":"https:\/\/123-esta.com\/pt-pt\/","name":"Formulaire ESTA pour les USA","description":"","publisher":{"@id":"https:\/\/123-esta.com\/pt-pt\/#organization"},"potentialAction":[{"@type":"SearchAction","target":{"@type":"EntryPoint","urlTemplate":"https:\/\/123-esta.com\/pt-pt\/?s={search_term_string}"},"query-input":{"@type":"PropertyValueSpecification","valueRequired":true,"valueName":"search_term_string"}}],"inLanguage":"pt-PT"},{"@type":"Organization","@id":"https:\/\/123-esta.com\/pt-pt\/#organization","name":"Formulaire ESTA pour les USA","url":"https:\/\/123-esta.com\/pt-pt\/","logo":{"@type":"ImageObject","inLanguage":"pt-PT","@id":"https:\/\/123-esta.com\/pt-pt\/#\/schema\/logo\/image\/","url":"https:\/\/123-esta.com\/wp-content\/uploads\/2018\/03\/logo-123-esta.png","contentUrl":"https:\/\/123-esta.com\/wp-content\/uploads\/2018\/03\/logo-123-esta.png","width":191,"height":54,"caption":"Formulaire ESTA pour les USA"},"image":{"@id":"https:\/\/123-esta.com\/pt-pt\/#\/schema\/logo\/image\/"}}]}},"_links":{"self":[{"href":"https:\/\/123-esta.com\/pt-pt\/wp-json\/wp\/v2\/pages\/2369","targetHints":{"allow":["GET"]}}],"collection":[{"href":"https:\/\/123-esta.com\/pt-pt\/wp-json\/wp\/v2\/pages"}],"about":[{"href":"https:\/\/123-esta.com\/pt-pt\/wp-json\/wp\/v2\/types\/page"}],"author":[{"embeddable":true,"href":"https:\/\/123-esta.com\/pt-pt\/wp-json\/wp\/v2\/users\/1"}],"replies":[{"embeddable":true,"href":"https:\/\/123-esta.com\/pt-pt\/wp-json\/wp\/v2\/comments?post=2369"}],"version-history":[{"count":0,"href":"https:\/\/123-esta.com\/pt-pt\/wp-json\/wp\/v2\/pages\/2369\/revisions"}],"wp:attachment":[{"href":"https:\/\/123-esta.com\/pt-pt\/wp-json\/wp\/v2\/media?parent=2369"}],"curies":[{"name":"wp","href":"https:\/\/api.w.org\/{rel}","templated":true}]}}