{"id":2364,"date":"2022-07-27T21:34:35","date_gmt":"2022-07-27T19:34:35","guid":{"rendered":"https:\/\/123-esta.com\/que-faire-a-las-vegas\/"},"modified":"2022-09-08T20:06:45","modified_gmt":"2022-09-08T18:06:45","slug":"o-que-fazer-em-las-vegas","status":"publish","type":"page","link":"https:\/\/123-esta.com\/pt-pt\/o-que-fazer-em-las-vegas\/","title":{"rendered":"O que ver e fazer quando se visita Las Vegas?"},"content":{"rendered":"\n<p>Como diz o ditado, Las Vegas \u00e9 um \u00f3ptimo lugar para se viver. Mas quando \u00e9 a melhor altura para ir?<\/p>\n\n<p>Para responder a esta pergunta, \u00e9 necess\u00e1rio olhar para a cidade de Las Vegas e seus arredores e ter em conta os eventos, semin\u00e1rios e festas que se sucedem e que fazem subir os pre\u00e7os. Um ponto importante a lembrar \u00e9 se pode ou n\u00e3o resistir a muito calor no Ver\u00e3o.<\/p>\n\n<h2 class=\"wp-block-heading\">O clima em Las Vegas<\/h2>\n\n<p>Apesar do seu clima des\u00e9rtico, Las Vegas \u00e9 uma cidade que atrai muitos visitantes de todo o mundo. Ao longo do ano, a temperatura \u00e9 bastante variada: \u00e9 de cerca de 37\u00b0C de Junho a Setembro com picos em Julho e Agosto (mais de 40\u00b0C) mas pode cair para uma m\u00e9dia de 13\u00b0C de Dezembro a Janeiro.<\/p>\n\n<p>Em Las Vegas, a chuva \u00e9 rara com tempo ensolarado na maior parte do tempo (300 dias de sol). No Inverno, podem ocorrer tempestades, seguidas de cheias relativamente grandes. Se quiser ir a Las Vegas, dependendo do clima, deve ir na Primavera de Abril a Junho e no Outono por volta de Setembro e Outubro.<\/p>\n\n<h2 class=\"wp-block-heading\">Os momentos de grande aflu\u00eancia<\/h2>\n\n<p>Os per\u00edodos mais movimentados para a Cidade do Pecado s\u00e3o durante as f\u00e9rias escolares, mas tamb\u00e9m durante os feriados p\u00fablicos, eventos, congressos e v\u00e1rios semin\u00e1rios anuais por volta de Fevereiro e Mar\u00e7o. Os torneios de p\u00f3quer, que se realizam por volta de Junho e Julho, est\u00e3o tamb\u00e9m entre os mais populares em Las Vegas.<\/p>\n\n<p>Como resultado, os pre\u00e7os dos quartos de hotel sobem em flecha durante certos per\u00edodos. Para a v\u00e9spera de Ano Novo e de Natal, n\u00e3o encontrar\u00e1 quartos de hotel com pre\u00e7os inferiores a 600 d\u00f3lares por noite. Durante os per\u00edodos mais tradicionais, de Agosto a meados de Setembro e de meados de Novembro a meados de Dezembro, \u00e9 poss\u00edvel encontrar quartos por cerca de 150 d\u00f3lares.<\/p>\n\n<p>Seja como for, est\u00e1 sempre cheio de gente em Las Vegas. H\u00e1 um ditado famoso que diz que a festa nunca p\u00e1ra!<\/p>\n\n<h2 class=\"wp-block-heading\">O prazer de visitar Las Vegas<\/h2>\n\n<p>\u00c9 poss\u00edvel visitar Las Vegas com o seu documento ESTA. De facto, ao preencher o seu formul\u00e1rio de pedido de autoriza\u00e7\u00e3o de viagem na Internet, tem a possibilidade de viajar para os EUA sem visto.<\/p>\n\n<p>Durante at\u00e9 90 dias, ter\u00e1 o prazer de viajar atrav\u00e9s do deserto do <a href=\"https:\/\/123-esta.com\/pt-pt\/visite-nevada-eua\/\">Nevada<\/a>, nadando numa das muitas piscinas dos hot\u00e9is de luxo, sem esquecer uma viagem a uma das muitas atrac\u00e7\u00f5es da cidade de Las Vegas.<\/p>\n\n<p>Tamb\u00e9m n\u00e3o h\u00e1 d\u00favida de que vai querer tentar a sua sorte nos v\u00e1rios jogos dispon\u00edveis nos muitos casinos da cidade! Mas tenha cuidado&#8230; consuma com modera\u00e7\u00e3o. Embora seja sempre poss\u00edvel ter sorte, lembre-se que a longo prazo os casinos quase sempre ganham.<\/p>\n\n<p>Finalmente, se lhe apetecer celebrar a sua presen\u00e7a em Las Vegas, pode dirigir-se ao bar The Mix Lounge no telhado do Delano. Divers\u00e3o e emo\u00e7\u00e3o garantidas!<\/p>\n","protected":false},"excerpt":{"rendered":"<p>Como diz o ditado, Las Vegas \u00e9 um \u00f3ptimo lugar para se viver. Mas quando \u00e9 a melhor altura para ir? Para responder a esta pergunta, \u00e9 necess\u00e1rio olhar para a cidade de Las Vegas e seus arredores e ter em conta os eventos, semin\u00e1rios e festas que se sucedem e que fazem subir os [&hellip;]<\/p>\n","protected":false},"author":1,"featured_media":0,"parent":0,"menu_order":0,"comment_status":"closed","ping_status":"closed","template":"","meta":{"site-sidebar-layout":"default","site-content-layout":"default","ast-site-content-layout":"default","site-content-style":"default","site-sidebar-style":"default","ast-global-header-display":"","ast-banner-title-visibility":"","ast-main-header-display":"","ast-hfb-above-header-display":"","ast-hfb-below-header-display":"","ast-hfb-mobile-header-display":"","site-post-title":"","ast-breadcrumbs-content":"","ast-featured-img":"","footer-sml-layout":"","ast-disable-related-posts":"","theme-transparent-header-meta":"default","adv-header-id-meta":"","stick-header-meta":"default","header-above-stick-meta":"","header-main-stick-meta":"","header-below-stick-meta":"","astra-migrate-meta-layouts":"default","ast-page-background-enabled":"default","ast-page-background-meta":{"desktop":{"background-color":"","background-image":"","background-repeat":"repeat","background-position":"center center","background-size":"auto","background-attachment":"scroll","background-type":"","background-media":"","overlay-type":"","overlay-color":"","overlay-opacity":"","overlay-gradient":""},"tablet":{"background-color":"","background-image":"","background-repeat":"repeat","background-position":"center center","background-size":"auto","background-attachment":"scroll","background-type":"","background-media":"","overlay-type":"","overlay-color":"","overlay-opacity":"","overlay-gradient":""},"mobile":{"background-color":"","background-image":"","background-repeat":"repeat","background-position":"center center","background-size":"auto","background-attachment":"scroll","background-type":"","background-media":"","overlay-type":"","overlay-color":"","overlay-opacity":"","overlay-gradient":""}},"ast-content-background-meta":{"desktop":{"background-color":"var(--ast-global-color-5)","background-image":"","background-repeat":"repeat","background-position":"center center","background-size":"auto","background-attachment":"scroll","background-type":"","background-media":"","overlay-type":"","overlay-color":"","overlay-opacity":"","overlay-gradient":""},"tablet":{"background-color":"var(--ast-global-color-5)","background-image":"","background-repeat":"repeat","background-position":"center center","background-size":"auto","background-attachment":"scroll","background-type":"","background-media":"","overlay-type":"","overlay-color":"","overlay-opacity":"","overlay-gradient":""},"mobile":{"background-color":"var(--ast-global-color-5)","background-image":"","background-repeat":"repeat","background-position":"center center","background-size":"auto","background-attachment":"scroll","background-type":"","background-media":"","overlay-type":"","overlay-color":"","overlay-opacity":"","overlay-gradient":""}},"footnotes":""},"class_list":["post-2364","page","type-page","status-publish","hentry"],"yoast_head":"<!-- This site is optimized with the Yoast SEO plugin v27.1.1 - https:\/\/yoast.com\/product\/yoast-seo-wordpress\/ -->\n<title>O que ver e fazer quando se visita Las Vegas?<\/title>\n<meta name=\"description\" content=\"Las Vegas j\u00e1 n\u00e3o \u00e9 um lugar para estar, mas sabia que fica apenas a alguns cliques de dist\u00e2ncia? Contamos-lhe tudo no nosso artigo.\" \/>\n<meta name=\"robots\" content=\"index, follow, max-snippet:-1, max-image-preview:large, max-video-preview:-1\" \/>\n<link rel=\"canonical\" href=\"https:\/\/123-esta.com\/pt-pt\/o-que-fazer-em-las-vegas\/\" \/>\n<meta property=\"og:locale\" content=\"pt_PT\" \/>\n<meta property=\"og:type\" content=\"article\" \/>\n<meta property=\"og:title\" content=\"O que ver e fazer quando se visita Las Vegas?\" \/>\n<meta property=\"og:description\" content=\"Las Vegas j\u00e1 n\u00e3o \u00e9 um lugar para estar, mas sabia que fica apenas a alguns cliques de dist\u00e2ncia? Contamos-lhe tudo no nosso artigo.\" \/>\n<meta property=\"og:url\" content=\"https:\/\/123-esta.com\/pt-pt\/o-que-fazer-em-las-vegas\/\" \/>\n<meta property=\"og:site_name\" content=\"Formulaire ESTA pour les USA\" \/>\n<meta property=\"article:modified_time\" content=\"2022-09-08T18:06:45+00:00\" \/>\n<meta name=\"twitter:card\" content=\"summary_large_image\" \/>\n<meta name=\"twitter:label1\" content=\"Tempo estimado de leitura\" \/>\n\t<meta name=\"twitter:data1\" content=\"3 minutos\" \/>\n<script type=\"application\/ld+json\" class=\"yoast-schema-graph\">{\"@context\":\"https:\/\/schema.org\",\"@graph\":[{\"@type\":\"WebPage\",\"@id\":\"https:\/\/123-esta.com\/pt-pt\/o-que-fazer-em-las-vegas\/\",\"url\":\"https:\/\/123-esta.com\/pt-pt\/o-que-fazer-em-las-vegas\/\",\"name\":\"O que ver e fazer quando se visita Las Vegas?\",\"isPartOf\":{\"@id\":\"https:\/\/123-esta.com\/pt-pt\/#website\"},\"datePublished\":\"2022-07-27T19:34:35+00:00\",\"dateModified\":\"2022-09-08T18:06:45+00:00\",\"description\":\"Las Vegas j\u00e1 n\u00e3o \u00e9 um lugar para estar, mas sabia que fica apenas a alguns cliques de dist\u00e2ncia? Contamos-lhe tudo no nosso artigo.\",\"inLanguage\":\"pt-PT\",\"potentialAction\":[{\"@type\":\"ReadAction\",\"target\":[\"https:\/\/123-esta.com\/pt-pt\/o-que-fazer-em-las-vegas\/\"]}]},{\"@type\":\"WebSite\",\"@id\":\"https:\/\/123-esta.com\/pt-pt\/#website\",\"url\":\"https:\/\/123-esta.com\/pt-pt\/\",\"name\":\"Formulaire ESTA pour les USA\",\"description\":\"\",\"publisher\":{\"@id\":\"https:\/\/123-esta.com\/pt-pt\/#organization\"},\"potentialAction\":[{\"@type\":\"SearchAction\",\"target\":{\"@type\":\"EntryPoint\",\"urlTemplate\":\"https:\/\/123-esta.com\/pt-pt\/?s={search_term_string}\"},\"query-input\":{\"@type\":\"PropertyValueSpecification\",\"valueRequired\":true,\"valueName\":\"search_term_string\"}}],\"inLanguage\":\"pt-PT\"},{\"@type\":\"Organization\",\"@id\":\"https:\/\/123-esta.com\/pt-pt\/#organization\",\"name\":\"Formulaire ESTA pour les USA\",\"url\":\"https:\/\/123-esta.com\/pt-pt\/\",\"logo\":{\"@type\":\"ImageObject\",\"inLanguage\":\"pt-PT\",\"@id\":\"https:\/\/123-esta.com\/pt-pt\/#\/schema\/logo\/image\/\",\"url\":\"https:\/\/123-esta.com\/wp-content\/uploads\/2018\/03\/logo-123-esta.png\",\"contentUrl\":\"https:\/\/123-esta.com\/wp-content\/uploads\/2018\/03\/logo-123-esta.png\",\"width\":191,\"height\":54,\"caption\":\"Formulaire ESTA pour les USA\"},\"image\":{\"@id\":\"https:\/\/123-esta.com\/pt-pt\/#\/schema\/logo\/image\/\"}}]}<\/script>\n<!-- \/ Yoast SEO plugin. -->","yoast_head_json":{"title":"O que ver e fazer quando se visita Las Vegas?","description":"Las Vegas j\u00e1 n\u00e3o \u00e9 um lugar para estar, mas sabia que fica apenas a alguns cliques de dist\u00e2ncia? Contamos-lhe tudo no nosso artigo.","robots":{"index":"index","follow":"follow","max-snippet":"max-snippet:-1","max-image-preview":"max-image-preview:large","max-video-preview":"max-video-preview:-1"},"canonical":"https:\/\/123-esta.com\/pt-pt\/o-que-fazer-em-las-vegas\/","og_locale":"pt_PT","og_type":"article","og_title":"O que ver e fazer quando se visita Las Vegas?","og_description":"Las Vegas j\u00e1 n\u00e3o \u00e9 um lugar para estar, mas sabia que fica apenas a alguns cliques de dist\u00e2ncia? Contamos-lhe tudo no nosso artigo.","og_url":"https:\/\/123-esta.com\/pt-pt\/o-que-fazer-em-las-vegas\/","og_site_name":"Formulaire ESTA pour les USA","article_modified_time":"2022-09-08T18:06:45+00:00","twitter_card":"summary_large_image","twitter_misc":{"Tempo estimado de leitura":"3 minutos"},"schema":{"@context":"https:\/\/schema.org","@graph":[{"@type":"WebPage","@id":"https:\/\/123-esta.com\/pt-pt\/o-que-fazer-em-las-vegas\/","url":"https:\/\/123-esta.com\/pt-pt\/o-que-fazer-em-las-vegas\/","name":"O que ver e fazer quando se visita Las Vegas?","isPartOf":{"@id":"https:\/\/123-esta.com\/pt-pt\/#website"},"datePublished":"2022-07-27T19:34:35+00:00","dateModified":"2022-09-08T18:06:45+00:00","description":"Las Vegas j\u00e1 n\u00e3o \u00e9 um lugar para estar, mas sabia que fica apenas a alguns cliques de dist\u00e2ncia? Contamos-lhe tudo no nosso artigo.","inLanguage":"pt-PT","potentialAction":[{"@type":"ReadAction","target":["https:\/\/123-esta.com\/pt-pt\/o-que-fazer-em-las-vegas\/"]}]},{"@type":"WebSite","@id":"https:\/\/123-esta.com\/pt-pt\/#website","url":"https:\/\/123-esta.com\/pt-pt\/","name":"Formulaire ESTA pour les USA","description":"","publisher":{"@id":"https:\/\/123-esta.com\/pt-pt\/#organization"},"potentialAction":[{"@type":"SearchAction","target":{"@type":"EntryPoint","urlTemplate":"https:\/\/123-esta.com\/pt-pt\/?s={search_term_string}"},"query-input":{"@type":"PropertyValueSpecification","valueRequired":true,"valueName":"search_term_string"}}],"inLanguage":"pt-PT"},{"@type":"Organization","@id":"https:\/\/123-esta.com\/pt-pt\/#organization","name":"Formulaire ESTA pour les USA","url":"https:\/\/123-esta.com\/pt-pt\/","logo":{"@type":"ImageObject","inLanguage":"pt-PT","@id":"https:\/\/123-esta.com\/pt-pt\/#\/schema\/logo\/image\/","url":"https:\/\/123-esta.com\/wp-content\/uploads\/2018\/03\/logo-123-esta.png","contentUrl":"https:\/\/123-esta.com\/wp-content\/uploads\/2018\/03\/logo-123-esta.png","width":191,"height":54,"caption":"Formulaire ESTA pour les USA"},"image":{"@id":"https:\/\/123-esta.com\/pt-pt\/#\/schema\/logo\/image\/"}}]}},"_links":{"self":[{"href":"https:\/\/123-esta.com\/pt-pt\/wp-json\/wp\/v2\/pages\/2364","targetHints":{"allow":["GET"]}}],"collection":[{"href":"https:\/\/123-esta.com\/pt-pt\/wp-json\/wp\/v2\/pages"}],"about":[{"href":"https:\/\/123-esta.com\/pt-pt\/wp-json\/wp\/v2\/types\/page"}],"author":[{"embeddable":true,"href":"https:\/\/123-esta.com\/pt-pt\/wp-json\/wp\/v2\/users\/1"}],"replies":[{"embeddable":true,"href":"https:\/\/123-esta.com\/pt-pt\/wp-json\/wp\/v2\/comments?post=2364"}],"version-history":[{"count":0,"href":"https:\/\/123-esta.com\/pt-pt\/wp-json\/wp\/v2\/pages\/2364\/revisions"}],"wp:attachment":[{"href":"https:\/\/123-esta.com\/pt-pt\/wp-json\/wp\/v2\/media?parent=2364"}],"curies":[{"name":"wp","href":"https:\/\/api.w.org\/{rel}","templated":true}]}}