{"id":2361,"date":"2022-07-27T21:34:34","date_gmt":"2022-07-27T19:34:34","guid":{"rendered":"https:\/\/123-esta.com\/seguro-de-saude-para-uma-viagem-para-os-estados-unidos\/"},"modified":"2022-08-23T22:04:53","modified_gmt":"2022-08-23T20:04:53","slug":"seguro-de-saude-para-uma-viagem-para-os-estados-unidos","status":"publish","type":"page","link":"https:\/\/123-esta.com\/pt-pt\/seguro-de-saude-para-uma-viagem-para-os-estados-unidos\/","title":{"rendered":"Seguro de sa\u00fade: como estar coberto nos EUA?"},"content":{"rendered":"\n<p>Viajar para o estrangeiro, especialmente para os Estados Unidos, nunca deve ser tomado de \u00e2nimo leve, especialmente quando se trata de escolher o seguro de sa\u00fade adequado. O custo dos cuidados m\u00e9dicos pode aumentar rapidamente, e o reembolso das despesas difere muito dependendo da sua companhia de seguros ou plano de seguro de sa\u00fade.<\/p>\n\n<p>N\u00e3o confie na forma como o seguro de sa\u00fade funciona no seu pa\u00eds de origem: alguns pa\u00edses t\u00eam vantagens diferentes de outros. Nos EUA, certamente sentir\u00e1 falta do sistema de seguran\u00e7a social franc\u00eas e do Cart\u00e3o Europeu de Seguro de Sa\u00fade! Neste artigo, damos-lhe os nossos <a href=\"https:\/\/123-esta.com\/pt-pt\/dicas-para-viajar-para-os-eua\/\">conselhos antes de partir para os EUA<\/a>, seja para uma estadia curta ou longa em solo americano. Antecipe-se a este procedimento muito antes da sua partida, pois o assunto \u00e9 vasto e complexo, certamente mais do que para os estrangeiros em Fran\u00e7a.<\/p>\n\n<h2 class=\"wp-block-heading\">Responsabilidade civil, seguro de expatria\u00e7\u00e3o, seguro global&#8230;: \u00e9 dif\u00edcil encontrar o seu caminho!<\/h2>\n\n<p>\u00c9 melhor passar algum tempo a comparar ap\u00f3lices de seguro antes de se apressar a assinar um contrato e a subscrever um seguro demasiado caro e que n\u00e3o seja realmente adequado ao seu projecto. Nos Estados Unidos, diz-se que o sistema de sa\u00fade \u00e9 &#8220;mutualista&#8221;, ou seja, privado (excepto para o <a href=\"https:\/\/fr.wikipedia.org\/wiki\/Medicaid\">MEDICAID<\/a> e <a href=\"https:\/\/www.medicare.gov\/\">MEDICARE<\/a>). Portanto, esque\u00e7a as contribui\u00e7\u00f5es de solidariedade em Fran\u00e7a para reembolsar despesas m\u00e9dicas: \u00e9 mais o princ\u00edpio &#8220;cada um por si&#8221;!<\/p>\n\n<p>Tal como existe um visto dos EUA para cada perfil (estudantes estrangeiros, artistas, estagi\u00e1rios, globetrotters&#8230;), os servi\u00e7os de assist\u00eancia m\u00e9dica e seguro de sa\u00fade para os EUA s\u00e3o adaptados ao candidato, ao seu or\u00e7amento e \u00e0s suas necessidades. Antes de 2014 e Obamacare, um americano n\u00e3o era obrigado a ter seguro de sa\u00fade. De agora em diante, todos devem proteger-se atrav\u00e9s de uma oferta subscrita. A melhor coisa a fazer \u00e9 contactar as v\u00e1rias seguradoras para determinar o seguro mais apropriado.<\/p>\n\n<p>Para dar uma ideia, de acordo com um estudo de 2015, o seguro de sa\u00fade custava $17.454 por ano para uma fam\u00edlia de 4; $5.000 deste montante era dedut\u00edvel, o que significava que a fam\u00edlia tinha de pagar este montante antes de qualquer reembolso. O montante dedut\u00edvel para custos hospitalares \u00e9 bastante elevado, pelo que \u00e9 essencial ter sempre dinheiro dispon\u00edvel na sua conta banc\u00e1ria.<\/p>\n\n<p>Mesmo que o assunto seja delicado de discutir, n\u00e3o negligencie o seguro de repatriamento do corpo em caso de morte de um membro da fam\u00edlia. Tamb\u00e9m deve saber que o princ\u00edpio do benef\u00edcio do seguro de sa\u00fade franc\u00eas em caso de morte n\u00e3o \u00e9 v\u00e1lido nos EUA.<\/p>\n\n<p>Nota: d\u00ea uma vista de olhos ao seu cart\u00e3o banc\u00e1rio antes da sua expatria\u00e7\u00e3o (por exemplo, Visa Premier ou Gold Mastercard). Isto pode incluir assist\u00eancia m\u00e9dica de repatriamento ou mesmo responsabilidade de vida privada que se estenda ao estrangeiro.<\/p>\n\n<h2 class=\"wp-block-heading\">Estudar cuidadosamente os contratos de seguro de sa\u00fade para saber os custos reais a pagar<\/h2>\n\n<p>H\u00e1 muitos elementos do contrato que determinam as despesas m\u00e9dicas que tem de pagar no estrangeiro. Nos EUA, verificar &#8220;Copay&#8221; (montante a ser pago em todos os casos), &#8220;Out of pocket maximum&#8221; (limite m\u00e1ximo), &#8220;Deductible&#8221; (excesso), &#8220;exclusions&#8221; ou &#8220;network&#8221; (rede de m\u00e9dicos). Tudo isto ir\u00e1 ajud\u00e1-lo a compreender melhor a sua cobertura no caso de um acidente na vida.<\/p>\n\n<p>A fim de limitar os riscos, recomendamos que seleccione uma cobertura abrangente (cuidados, medica\u00e7\u00e3o, repatriamento, hospitaliza\u00e7\u00e3o). Por vezes \u00e9 ainda mais atractivo financeiramente ser repatriado para Fran\u00e7a para tratamento.<\/p>\n\n<p>Por outro lado, tenha cuidado com todas as ap\u00f3lices de seguro para expatriados: desde a implementa\u00e7\u00e3o da Obamacare, \u00e9 necess\u00e1rio verificar se uma ap\u00f3lice de seguro internacional \u00e9 compat\u00edvel com o novo sistema americano, caso contr\u00e1rio ter\u00e1 de pagar uma penaliza\u00e7\u00e3o. No entanto, esta compatibilidade est\u00e1 longe de ser sistem\u00e1tica.<\/p>\n\n<p>Para al\u00e9m dos seguros de sa\u00fade nos Estados Unidos, e para a sua estadia no estrangeiro em geral, deve tamb\u00e9m informar-se sobre seguros de habita\u00e7\u00e3o, assist\u00eancia jur\u00eddica e assist\u00eancia em viagem que possam proteger os seus bens pessoais. Finalmente, considerar um seguro de cancelamento de viagem, por via das d\u00favidas. Algumas organiza\u00e7\u00f5es, tais como Chapka assurances ou Mondial assistance (agora Allianz travel), oferecem ofertas de pacotes. Contacte-os ou pe\u00e7a a um corretor de seguros para o ajudar com o processo. \u00c9 melhor obter aconselhamento antes de iniciar um est\u00e1gio no estrangeiro, por exemplo, ou um semestre de estudo.<\/p>\n\n<p>N\u00e3o hesite em fazer alguma pesquisa na Internet se a sua digress\u00e3o mundial n\u00e3o envolver uma viagem pelos Estados Unidos. Cada pa\u00eds tem as suas pr\u00f3prias particularidades em termos de seguro de acidentes, custos de transporte ou seguro de expatria\u00e7\u00e3o!<\/p>\n","protected":false},"excerpt":{"rendered":"<p>Viajar para o estrangeiro, especialmente para os Estados Unidos, nunca deve ser tomado de \u00e2nimo leve, especialmente quando se trata de escolher o seguro de sa\u00fade adequado. O custo dos cuidados m\u00e9dicos pode aumentar rapidamente, e o reembolso das despesas difere muito dependendo da sua companhia de seguros ou plano de seguro de sa\u00fade. N\u00e3o [&hellip;]<\/p>\n","protected":false},"author":1,"featured_media":0,"parent":0,"menu_order":0,"comment_status":"closed","ping_status":"closed","template":"","meta":{"site-sidebar-layout":"default","site-content-layout":"default","ast-site-content-layout":"default","site-content-style":"default","site-sidebar-style":"default","ast-global-header-display":"","ast-banner-title-visibility":"","ast-main-header-display":"","ast-hfb-above-header-display":"","ast-hfb-below-header-display":"","ast-hfb-mobile-header-display":"","site-post-title":"","ast-breadcrumbs-content":"","ast-featured-img":"","footer-sml-layout":"","ast-disable-related-posts":"","theme-transparent-header-meta":"default","adv-header-id-meta":"","stick-header-meta":"default","header-above-stick-meta":"","header-main-stick-meta":"","header-below-stick-meta":"","astra-migrate-meta-layouts":"default","ast-page-background-enabled":"default","ast-page-background-meta":{"desktop":{"background-color":"","background-image":"","background-repeat":"repeat","background-position":"center center","background-size":"auto","background-attachment":"scroll","background-type":"","background-media":"","overlay-type":"","overlay-color":"","overlay-opacity":"","overlay-gradient":""},"tablet":{"background-color":"","background-image":"","background-repeat":"repeat","background-position":"center center","background-size":"auto","background-attachment":"scroll","background-type":"","background-media":"","overlay-type":"","overlay-color":"","overlay-opacity":"","overlay-gradient":""},"mobile":{"background-color":"","background-image":"","background-repeat":"repeat","background-position":"center center","background-size":"auto","background-attachment":"scroll","background-type":"","background-media":"","overlay-type":"","overlay-color":"","overlay-opacity":"","overlay-gradient":""}},"ast-content-background-meta":{"desktop":{"background-color":"var(--ast-global-color-5)","background-image":"","background-repeat":"repeat","background-position":"center center","background-size":"auto","background-attachment":"scroll","background-type":"","background-media":"","overlay-type":"","overlay-color":"","overlay-opacity":"","overlay-gradient":""},"tablet":{"background-color":"var(--ast-global-color-5)","background-image":"","background-repeat":"repeat","background-position":"center center","background-size":"auto","background-attachment":"scroll","background-type":"","background-media":"","overlay-type":"","overlay-color":"","overlay-opacity":"","overlay-gradient":""},"mobile":{"background-color":"var(--ast-global-color-5)","background-image":"","background-repeat":"repeat","background-position":"center center","background-size":"auto","background-attachment":"scroll","background-type":"","background-media":"","overlay-type":"","overlay-color":"","overlay-opacity":"","overlay-gradient":""}},"footnotes":""},"class_list":["post-2361","page","type-page","status-publish","hentry"],"yoast_head":"<!-- This site is optimized with the Yoast SEO plugin v27.1.1 - https:\/\/yoast.com\/product\/yoast-seo-wordpress\/ -->\n<title>Pense no seu seguro de sa\u00fade para a sua viagem aos EUA<\/title>\n<meta name=\"description\" content=\"A melhor maneira de se preparar para a sua viagem aos Estados Unidos \u00e9 fazer um seguro de sa\u00fade antes da sua viagem.\" \/>\n<meta name=\"robots\" content=\"index, follow, max-snippet:-1, max-image-preview:large, max-video-preview:-1\" \/>\n<link rel=\"canonical\" href=\"https:\/\/123-esta.com\/pt-pt\/seguro-de-saude-para-uma-viagem-para-os-estados-unidos\/\" \/>\n<meta property=\"og:locale\" content=\"pt_PT\" \/>\n<meta property=\"og:type\" content=\"article\" \/>\n<meta property=\"og:title\" content=\"Pense no seu seguro de sa\u00fade para a sua viagem aos EUA\" \/>\n<meta property=\"og:description\" content=\"A melhor maneira de se preparar para a sua viagem aos Estados Unidos \u00e9 fazer um seguro de sa\u00fade antes da sua viagem.\" \/>\n<meta property=\"og:url\" content=\"https:\/\/123-esta.com\/pt-pt\/seguro-de-saude-para-uma-viagem-para-os-estados-unidos\/\" \/>\n<meta property=\"og:site_name\" content=\"Formulaire ESTA pour les USA\" \/>\n<meta property=\"article:modified_time\" content=\"2022-08-23T20:04:53+00:00\" \/>\n<meta name=\"twitter:card\" content=\"summary_large_image\" \/>\n<meta name=\"twitter:label1\" content=\"Tempo estimado de leitura\" \/>\n\t<meta name=\"twitter:data1\" content=\"4 minutos\" \/>\n<script type=\"application\/ld+json\" class=\"yoast-schema-graph\">{\"@context\":\"https:\/\/schema.org\",\"@graph\":[{\"@type\":\"WebPage\",\"@id\":\"https:\/\/123-esta.com\/pt-pt\/seguro-de-saude-para-uma-viagem-para-os-estados-unidos\/\",\"url\":\"https:\/\/123-esta.com\/pt-pt\/seguro-de-saude-para-uma-viagem-para-os-estados-unidos\/\",\"name\":\"Pense no seu seguro de sa\u00fade para a sua viagem aos EUA\",\"isPartOf\":{\"@id\":\"https:\/\/123-esta.com\/pt-pt\/#website\"},\"datePublished\":\"2022-07-27T19:34:34+00:00\",\"dateModified\":\"2022-08-23T20:04:53+00:00\",\"description\":\"A melhor maneira de se preparar para a sua viagem aos Estados Unidos \u00e9 fazer um seguro de sa\u00fade antes da sua viagem.\",\"inLanguage\":\"pt-PT\",\"potentialAction\":[{\"@type\":\"ReadAction\",\"target\":[\"https:\/\/123-esta.com\/pt-pt\/seguro-de-saude-para-uma-viagem-para-os-estados-unidos\/\"]}]},{\"@type\":\"WebSite\",\"@id\":\"https:\/\/123-esta.com\/pt-pt\/#website\",\"url\":\"https:\/\/123-esta.com\/pt-pt\/\",\"name\":\"Formulaire ESTA pour les USA\",\"description\":\"\",\"publisher\":{\"@id\":\"https:\/\/123-esta.com\/pt-pt\/#organization\"},\"potentialAction\":[{\"@type\":\"SearchAction\",\"target\":{\"@type\":\"EntryPoint\",\"urlTemplate\":\"https:\/\/123-esta.com\/pt-pt\/?s={search_term_string}\"},\"query-input\":{\"@type\":\"PropertyValueSpecification\",\"valueRequired\":true,\"valueName\":\"search_term_string\"}}],\"inLanguage\":\"pt-PT\"},{\"@type\":\"Organization\",\"@id\":\"https:\/\/123-esta.com\/pt-pt\/#organization\",\"name\":\"Formulaire ESTA pour les USA\",\"url\":\"https:\/\/123-esta.com\/pt-pt\/\",\"logo\":{\"@type\":\"ImageObject\",\"inLanguage\":\"pt-PT\",\"@id\":\"https:\/\/123-esta.com\/pt-pt\/#\/schema\/logo\/image\/\",\"url\":\"https:\/\/123-esta.com\/wp-content\/uploads\/2018\/03\/logo-123-esta.png\",\"contentUrl\":\"https:\/\/123-esta.com\/wp-content\/uploads\/2018\/03\/logo-123-esta.png\",\"width\":191,\"height\":54,\"caption\":\"Formulaire ESTA pour les USA\"},\"image\":{\"@id\":\"https:\/\/123-esta.com\/pt-pt\/#\/schema\/logo\/image\/\"}}]}<\/script>\n<!-- \/ Yoast SEO plugin. -->","yoast_head_json":{"title":"Pense no seu seguro de sa\u00fade para a sua viagem aos EUA","description":"A melhor maneira de se preparar para a sua viagem aos Estados Unidos \u00e9 fazer um seguro de sa\u00fade antes da sua viagem.","robots":{"index":"index","follow":"follow","max-snippet":"max-snippet:-1","max-image-preview":"max-image-preview:large","max-video-preview":"max-video-preview:-1"},"canonical":"https:\/\/123-esta.com\/pt-pt\/seguro-de-saude-para-uma-viagem-para-os-estados-unidos\/","og_locale":"pt_PT","og_type":"article","og_title":"Pense no seu seguro de sa\u00fade para a sua viagem aos EUA","og_description":"A melhor maneira de se preparar para a sua viagem aos Estados Unidos \u00e9 fazer um seguro de sa\u00fade antes da sua viagem.","og_url":"https:\/\/123-esta.com\/pt-pt\/seguro-de-saude-para-uma-viagem-para-os-estados-unidos\/","og_site_name":"Formulaire ESTA pour les USA","article_modified_time":"2022-08-23T20:04:53+00:00","twitter_card":"summary_large_image","twitter_misc":{"Tempo estimado de leitura":"4 minutos"},"schema":{"@context":"https:\/\/schema.org","@graph":[{"@type":"WebPage","@id":"https:\/\/123-esta.com\/pt-pt\/seguro-de-saude-para-uma-viagem-para-os-estados-unidos\/","url":"https:\/\/123-esta.com\/pt-pt\/seguro-de-saude-para-uma-viagem-para-os-estados-unidos\/","name":"Pense no seu seguro de sa\u00fade para a sua viagem aos EUA","isPartOf":{"@id":"https:\/\/123-esta.com\/pt-pt\/#website"},"datePublished":"2022-07-27T19:34:34+00:00","dateModified":"2022-08-23T20:04:53+00:00","description":"A melhor maneira de se preparar para a sua viagem aos Estados Unidos \u00e9 fazer um seguro de sa\u00fade antes da sua viagem.","inLanguage":"pt-PT","potentialAction":[{"@type":"ReadAction","target":["https:\/\/123-esta.com\/pt-pt\/seguro-de-saude-para-uma-viagem-para-os-estados-unidos\/"]}]},{"@type":"WebSite","@id":"https:\/\/123-esta.com\/pt-pt\/#website","url":"https:\/\/123-esta.com\/pt-pt\/","name":"Formulaire ESTA pour les USA","description":"","publisher":{"@id":"https:\/\/123-esta.com\/pt-pt\/#organization"},"potentialAction":[{"@type":"SearchAction","target":{"@type":"EntryPoint","urlTemplate":"https:\/\/123-esta.com\/pt-pt\/?s={search_term_string}"},"query-input":{"@type":"PropertyValueSpecification","valueRequired":true,"valueName":"search_term_string"}}],"inLanguage":"pt-PT"},{"@type":"Organization","@id":"https:\/\/123-esta.com\/pt-pt\/#organization","name":"Formulaire ESTA pour les USA","url":"https:\/\/123-esta.com\/pt-pt\/","logo":{"@type":"ImageObject","inLanguage":"pt-PT","@id":"https:\/\/123-esta.com\/pt-pt\/#\/schema\/logo\/image\/","url":"https:\/\/123-esta.com\/wp-content\/uploads\/2018\/03\/logo-123-esta.png","contentUrl":"https:\/\/123-esta.com\/wp-content\/uploads\/2018\/03\/logo-123-esta.png","width":191,"height":54,"caption":"Formulaire ESTA pour les USA"},"image":{"@id":"https:\/\/123-esta.com\/pt-pt\/#\/schema\/logo\/image\/"}}]}},"_links":{"self":[{"href":"https:\/\/123-esta.com\/pt-pt\/wp-json\/wp\/v2\/pages\/2361","targetHints":{"allow":["GET"]}}],"collection":[{"href":"https:\/\/123-esta.com\/pt-pt\/wp-json\/wp\/v2\/pages"}],"about":[{"href":"https:\/\/123-esta.com\/pt-pt\/wp-json\/wp\/v2\/types\/page"}],"author":[{"embeddable":true,"href":"https:\/\/123-esta.com\/pt-pt\/wp-json\/wp\/v2\/users\/1"}],"replies":[{"embeddable":true,"href":"https:\/\/123-esta.com\/pt-pt\/wp-json\/wp\/v2\/comments?post=2361"}],"version-history":[{"count":0,"href":"https:\/\/123-esta.com\/pt-pt\/wp-json\/wp\/v2\/pages\/2361\/revisions"}],"wp:attachment":[{"href":"https:\/\/123-esta.com\/pt-pt\/wp-json\/wp\/v2\/media?parent=2361"}],"curies":[{"name":"wp","href":"https:\/\/api.w.org\/{rel}","templated":true}]}}