{"id":2357,"date":"2022-07-27T21:34:33","date_gmt":"2022-07-27T19:34:33","guid":{"rendered":"https:\/\/123-esta.com\/the-us-transports\/"},"modified":"2022-08-31T11:32:58","modified_gmt":"2022-08-31T09:32:58","slug":"transporte-nos-estados-unidos","status":"publish","type":"page","link":"https:\/\/123-esta.com\/pt-pt\/transporte-nos-estados-unidos\/","title":{"rendered":"Meios de transporte para visitar os Estados Unidos"},"content":{"rendered":"<p>Visitar os Estados Unidos de norte a sul, de leste a oeste, e atrav\u00e9s do centro \u00e9 uma tarefa assustadora devido \u00e0 imensa dimens\u00e3o do pa\u00eds. Siga as nossas <a href=\"https:\/\/123-esta.com\/pt-pt\/dicas-para-viajar-para-os-eua\/\">dicas sobre os EUA<\/a> para tornar a sua vida mais f\u00e1cil.<\/p>\n<p>Com uma \u00e1rea de 9.370.000 quil\u00f3metros quadrados e uma popula\u00e7\u00e3o de cerca de 322 milh\u00f5es de habitantes, o pa\u00eds \u00e9 um dos maiores do mundo. Apenas 3 pa\u00edses s\u00e3o maiores: a R\u00fassia com 17.090.000 km2, o Canad\u00e1 com 9.980.000 km2 e a China com 9.680.000 km2.<\/p>\n<p>No entanto, h\u00e1 muitas formas de contornar os EUA.<\/p>\n<h2>Como contornar os EUA?<\/h2>\n<p>Nos EUA, apesar da vastid\u00e3o do pa\u00eds, \u00e9 muitas vezes poss\u00edvel ir de uma cidade para outra utilizando uma variedade de meios de transporte: de carro, autocarro, avi\u00e3o e, em alguns casos, de barco ou comboio. O pa\u00eds \u00e9 muito bem servido por numerosas auto-estradas e os aeroportos modernos ligam as maiores cidades, bem como as aldeias mais pequenas.<\/p>\n<p>Viajar \u00e9 bom, mas estar preparado \u00e9 ainda melhor, e como diz o ditado: se se quiser viajar para longe, tem de estar preparado. Por conseguinte, \u00e9 importante ajustar o seu or\u00e7amento com os seus modos de transporte.<\/p>\n<h2>Comboio, carro, avi\u00e3o, camping car, barco, etc.<\/h2>\n<p>Tal como na Europa, \u00e9 poss\u00edvel viajar de comboio nos EUA. \u00c9 um meio de transporte moderno e muito confort\u00e1vel, a pre\u00e7os muitas vezes imbat\u00edveis. Uma vez a bordo, pode encontrar um restaurante com pre\u00e7os relativamente acess\u00edveis.<\/p>\n<p>Outra possibilidade \u00e9 viajar de autocarro com uma empresa como a Greyhound. Em compara\u00e7\u00e3o com os comboios, este modo de transporte ser\u00e1 frequentemente mais r\u00e1pido e oferecer\u00e1 mais op\u00e7\u00f5es de destino e hor\u00e1rios. Se planeia viajar dist\u00e2ncias muito longas, os autocarros s\u00e3o uma verdadeira alternativa. Em particular, os autocarros nocturnos podem ser uma excelente op\u00e7\u00e3o para os viajantes que desejam poupar no alojamento de uma noite.<\/p>\n<p>Se tiver dinheiro para isso, <a href=\"https:\/\/123-esta.com\/pt-pt\/perguntar-esta-antes-comprar-passagens-de-aviao\/\">voar permitir-lhe-\u00e1, naturalmente, ir ainda mais depressa nas suas viagens de longa dist\u00e2ncia<\/a>. Todas as principais cidades dos EUA t\u00eam aeroportos com infra-estruturas modernas.<\/p>\n<p>Para aqueles que procuram <a href=\"https:\/\/123-esta.com\/pt-pt\/dirigir-nos-eua-com-sua-licenca-portuguesa\/\">alugar um carro<\/a> utilit\u00e1rio, h\u00e1 muitas op\u00e7\u00f5es nos EUA. Os aeroportos est\u00e3o frequentemente cheios de ag\u00eancias de aluguer. Em alguns websites, \u00e9 mesmo poss\u00edvel alugar um carro a particulares por uma taxa, o que \u00e9 frequentemente muito atractivo.<\/p>\n<p>Um \u00faltimo meio de transporte que podemos recomendar s\u00e3o os campervans. Na realidade, a procura \u00e9 maior do que a oferta! Com a sua fam\u00edlia ou como casal, \u00e9 um dos meios de transporte preferidos para a sua viagem a terras americanas em lugares m\u00edticos como Nova Iorque, Florida, etc.<\/p>\n<p>Uma forma final e original de viajar \u00e9 de bicicleta. <a href=\"https:\/\/123-esta.com\/pt-pt\/passeio-de-bicicleta-pelos-estados-unidos\/\">Visitar os EUA de bicicleta<\/a> pode ser uma experi\u00eancia extraordin\u00e1ria!<\/p>\n","protected":false},"excerpt":{"rendered":"<p>Visitar os Estados Unidos de norte a sul, de leste a oeste, e atrav\u00e9s do centro \u00e9 uma tarefa assustadora devido \u00e0 imensa dimens\u00e3o do pa\u00eds. Siga as nossas dicas sobre os EUA para tornar a sua vida mais f\u00e1cil. Com uma \u00e1rea de 9.370.000 quil\u00f3metros quadrados e uma popula\u00e7\u00e3o de cerca de 322 milh\u00f5es [&hellip;]<\/p>\n","protected":false},"author":1,"featured_media":0,"parent":0,"menu_order":0,"comment_status":"closed","ping_status":"closed","template":"","meta":{"site-sidebar-layout":"default","site-content-layout":"default","ast-site-content-layout":"default","site-content-style":"default","site-sidebar-style":"default","ast-global-header-display":"","ast-banner-title-visibility":"","ast-main-header-display":"","ast-hfb-above-header-display":"","ast-hfb-below-header-display":"","ast-hfb-mobile-header-display":"","site-post-title":"","ast-breadcrumbs-content":"","ast-featured-img":"","footer-sml-layout":"","ast-disable-related-posts":"","theme-transparent-header-meta":"default","adv-header-id-meta":"","stick-header-meta":"default","header-above-stick-meta":"","header-main-stick-meta":"","header-below-stick-meta":"","astra-migrate-meta-layouts":"default","ast-page-background-enabled":"default","ast-page-background-meta":{"desktop":{"background-color":"","background-image":"","background-repeat":"repeat","background-position":"center center","background-size":"auto","background-attachment":"scroll","background-type":"","background-media":"","overlay-type":"","overlay-color":"","overlay-opacity":"","overlay-gradient":""},"tablet":{"background-color":"","background-image":"","background-repeat":"repeat","background-position":"center center","background-size":"auto","background-attachment":"scroll","background-type":"","background-media":"","overlay-type":"","overlay-color":"","overlay-opacity":"","overlay-gradient":""},"mobile":{"background-color":"","background-image":"","background-repeat":"repeat","background-position":"center center","background-size":"auto","background-attachment":"scroll","background-type":"","background-media":"","overlay-type":"","overlay-color":"","overlay-opacity":"","overlay-gradient":""}},"ast-content-background-meta":{"desktop":{"background-color":"var(--ast-global-color-5)","background-image":"","background-repeat":"repeat","background-position":"center center","background-size":"auto","background-attachment":"scroll","background-type":"","background-media":"","overlay-type":"","overlay-color":"","overlay-opacity":"","overlay-gradient":""},"tablet":{"background-color":"var(--ast-global-color-5)","background-image":"","background-repeat":"repeat","background-position":"center center","background-size":"auto","background-attachment":"scroll","background-type":"","background-media":"","overlay-type":"","overlay-color":"","overlay-opacity":"","overlay-gradient":""},"mobile":{"background-color":"var(--ast-global-color-5)","background-image":"","background-repeat":"repeat","background-position":"center center","background-size":"auto","background-attachment":"scroll","background-type":"","background-media":"","overlay-type":"","overlay-color":"","overlay-opacity":"","overlay-gradient":""}},"footnotes":""},"class_list":["post-2357","page","type-page","status-publish","hentry"],"yoast_head":"<!-- This site is optimized with the Yoast SEO plugin v27.1.1 - https:\/\/yoast.com\/product\/yoast-seo-wordpress\/ -->\n<title>Quais s\u00e3o os melhores meios de transporte para visitar os EUA<\/title>\n<meta name=\"description\" content=\"Os EUA s\u00e3o um pa\u00eds muito grande, mas n\u00e3o deixe que isso o desencoraje, pois \u00e9 muito f\u00e1cil contornar os EUA. Lista de modos de transporte.\" \/>\n<meta name=\"robots\" content=\"index, follow, max-snippet:-1, max-image-preview:large, max-video-preview:-1\" \/>\n<link rel=\"canonical\" href=\"https:\/\/123-esta.com\/pt-pt\/transporte-nos-estados-unidos\/\" \/>\n<meta property=\"og:locale\" content=\"pt_PT\" \/>\n<meta property=\"og:type\" content=\"article\" \/>\n<meta property=\"og:title\" content=\"Quais s\u00e3o os melhores meios de transporte para visitar os EUA\" \/>\n<meta property=\"og:description\" content=\"Os EUA s\u00e3o um pa\u00eds muito grande, mas n\u00e3o deixe que isso o desencoraje, pois \u00e9 muito f\u00e1cil contornar os EUA. Lista de modos de transporte.\" \/>\n<meta property=\"og:url\" content=\"https:\/\/123-esta.com\/pt-pt\/transporte-nos-estados-unidos\/\" \/>\n<meta property=\"og:site_name\" content=\"Formulaire ESTA pour les USA\" \/>\n<meta property=\"article:modified_time\" content=\"2022-08-31T09:32:58+00:00\" \/>\n<meta name=\"twitter:card\" content=\"summary_large_image\" \/>\n<meta name=\"twitter:label1\" content=\"Tempo estimado de leitura\" \/>\n\t<meta name=\"twitter:data1\" content=\"2 minutos\" \/>\n<script type=\"application\/ld+json\" class=\"yoast-schema-graph\">{\"@context\":\"https:\/\/schema.org\",\"@graph\":[{\"@type\":\"WebPage\",\"@id\":\"https:\/\/123-esta.com\/pt-pt\/transporte-nos-estados-unidos\/\",\"url\":\"https:\/\/123-esta.com\/pt-pt\/transporte-nos-estados-unidos\/\",\"name\":\"Quais s\u00e3o os melhores meios de transporte para visitar os EUA\",\"isPartOf\":{\"@id\":\"https:\/\/123-esta.com\/pt-pt\/#website\"},\"datePublished\":\"2022-07-27T19:34:33+00:00\",\"dateModified\":\"2022-08-31T09:32:58+00:00\",\"description\":\"Os EUA s\u00e3o um pa\u00eds muito grande, mas n\u00e3o deixe que isso o desencoraje, pois \u00e9 muito f\u00e1cil contornar os EUA. Lista de modos de transporte.\",\"inLanguage\":\"pt-PT\",\"potentialAction\":[{\"@type\":\"ReadAction\",\"target\":[\"https:\/\/123-esta.com\/pt-pt\/transporte-nos-estados-unidos\/\"]}]},{\"@type\":\"WebSite\",\"@id\":\"https:\/\/123-esta.com\/pt-pt\/#website\",\"url\":\"https:\/\/123-esta.com\/pt-pt\/\",\"name\":\"Formulaire ESTA pour les USA\",\"description\":\"\",\"publisher\":{\"@id\":\"https:\/\/123-esta.com\/pt-pt\/#organization\"},\"potentialAction\":[{\"@type\":\"SearchAction\",\"target\":{\"@type\":\"EntryPoint\",\"urlTemplate\":\"https:\/\/123-esta.com\/pt-pt\/?s={search_term_string}\"},\"query-input\":{\"@type\":\"PropertyValueSpecification\",\"valueRequired\":true,\"valueName\":\"search_term_string\"}}],\"inLanguage\":\"pt-PT\"},{\"@type\":\"Organization\",\"@id\":\"https:\/\/123-esta.com\/pt-pt\/#organization\",\"name\":\"Formulaire ESTA pour les USA\",\"url\":\"https:\/\/123-esta.com\/pt-pt\/\",\"logo\":{\"@type\":\"ImageObject\",\"inLanguage\":\"pt-PT\",\"@id\":\"https:\/\/123-esta.com\/pt-pt\/#\/schema\/logo\/image\/\",\"url\":\"https:\/\/123-esta.com\/wp-content\/uploads\/2018\/03\/logo-123-esta.png\",\"contentUrl\":\"https:\/\/123-esta.com\/wp-content\/uploads\/2018\/03\/logo-123-esta.png\",\"width\":191,\"height\":54,\"caption\":\"Formulaire ESTA pour les USA\"},\"image\":{\"@id\":\"https:\/\/123-esta.com\/pt-pt\/#\/schema\/logo\/image\/\"}}]}<\/script>\n<!-- \/ Yoast SEO plugin. -->","yoast_head_json":{"title":"Quais s\u00e3o os melhores meios de transporte para visitar os EUA","description":"Os EUA s\u00e3o um pa\u00eds muito grande, mas n\u00e3o deixe que isso o desencoraje, pois \u00e9 muito f\u00e1cil contornar os EUA. Lista de modos de transporte.","robots":{"index":"index","follow":"follow","max-snippet":"max-snippet:-1","max-image-preview":"max-image-preview:large","max-video-preview":"max-video-preview:-1"},"canonical":"https:\/\/123-esta.com\/pt-pt\/transporte-nos-estados-unidos\/","og_locale":"pt_PT","og_type":"article","og_title":"Quais s\u00e3o os melhores meios de transporte para visitar os EUA","og_description":"Os EUA s\u00e3o um pa\u00eds muito grande, mas n\u00e3o deixe que isso o desencoraje, pois \u00e9 muito f\u00e1cil contornar os EUA. Lista de modos de transporte.","og_url":"https:\/\/123-esta.com\/pt-pt\/transporte-nos-estados-unidos\/","og_site_name":"Formulaire ESTA pour les USA","article_modified_time":"2022-08-31T09:32:58+00:00","twitter_card":"summary_large_image","twitter_misc":{"Tempo estimado de leitura":"2 minutos"},"schema":{"@context":"https:\/\/schema.org","@graph":[{"@type":"WebPage","@id":"https:\/\/123-esta.com\/pt-pt\/transporte-nos-estados-unidos\/","url":"https:\/\/123-esta.com\/pt-pt\/transporte-nos-estados-unidos\/","name":"Quais s\u00e3o os melhores meios de transporte para visitar os EUA","isPartOf":{"@id":"https:\/\/123-esta.com\/pt-pt\/#website"},"datePublished":"2022-07-27T19:34:33+00:00","dateModified":"2022-08-31T09:32:58+00:00","description":"Os EUA s\u00e3o um pa\u00eds muito grande, mas n\u00e3o deixe que isso o desencoraje, pois \u00e9 muito f\u00e1cil contornar os EUA. Lista de modos de transporte.","inLanguage":"pt-PT","potentialAction":[{"@type":"ReadAction","target":["https:\/\/123-esta.com\/pt-pt\/transporte-nos-estados-unidos\/"]}]},{"@type":"WebSite","@id":"https:\/\/123-esta.com\/pt-pt\/#website","url":"https:\/\/123-esta.com\/pt-pt\/","name":"Formulaire ESTA pour les USA","description":"","publisher":{"@id":"https:\/\/123-esta.com\/pt-pt\/#organization"},"potentialAction":[{"@type":"SearchAction","target":{"@type":"EntryPoint","urlTemplate":"https:\/\/123-esta.com\/pt-pt\/?s={search_term_string}"},"query-input":{"@type":"PropertyValueSpecification","valueRequired":true,"valueName":"search_term_string"}}],"inLanguage":"pt-PT"},{"@type":"Organization","@id":"https:\/\/123-esta.com\/pt-pt\/#organization","name":"Formulaire ESTA pour les USA","url":"https:\/\/123-esta.com\/pt-pt\/","logo":{"@type":"ImageObject","inLanguage":"pt-PT","@id":"https:\/\/123-esta.com\/pt-pt\/#\/schema\/logo\/image\/","url":"https:\/\/123-esta.com\/wp-content\/uploads\/2018\/03\/logo-123-esta.png","contentUrl":"https:\/\/123-esta.com\/wp-content\/uploads\/2018\/03\/logo-123-esta.png","width":191,"height":54,"caption":"Formulaire ESTA pour les USA"},"image":{"@id":"https:\/\/123-esta.com\/pt-pt\/#\/schema\/logo\/image\/"}}]}},"_links":{"self":[{"href":"https:\/\/123-esta.com\/pt-pt\/wp-json\/wp\/v2\/pages\/2357","targetHints":{"allow":["GET"]}}],"collection":[{"href":"https:\/\/123-esta.com\/pt-pt\/wp-json\/wp\/v2\/pages"}],"about":[{"href":"https:\/\/123-esta.com\/pt-pt\/wp-json\/wp\/v2\/types\/page"}],"author":[{"embeddable":true,"href":"https:\/\/123-esta.com\/pt-pt\/wp-json\/wp\/v2\/users\/1"}],"replies":[{"embeddable":true,"href":"https:\/\/123-esta.com\/pt-pt\/wp-json\/wp\/v2\/comments?post=2357"}],"version-history":[{"count":0,"href":"https:\/\/123-esta.com\/pt-pt\/wp-json\/wp\/v2\/pages\/2357\/revisions"}],"wp:attachment":[{"href":"https:\/\/123-esta.com\/pt-pt\/wp-json\/wp\/v2\/media?parent=2357"}],"curies":[{"name":"wp","href":"https:\/\/api.w.org\/{rel}","templated":true}]}}