{"id":2347,"date":"2022-07-27T21:34:30","date_gmt":"2022-07-27T19:34:30","guid":{"rendered":"https:\/\/123-esta.com\/que-faire-a-boston\/"},"modified":"2022-09-15T19:41:27","modified_gmt":"2022-09-15T17:41:27","slug":"o-que-fazer-em-boston","status":"publish","type":"page","link":"https:\/\/123-esta.com\/pt-pt\/o-que-fazer-em-boston\/","title":{"rendered":"O que visitar durante uma estadia em Boston?"},"content":{"rendered":"\n<p>Boston \u00e9 uma cidade americana no estado de Massachusetts, no <a href=\"https:\/\/123-esta.com\/pt-pt\/o-que-fazer-no-nordeste-dos-estados-unidos\/\">nordeste dos EUA<\/a>, 300 km a norte da cidade de Nova Iorque. Est\u00e1 rodeado pelas cidades de Chelsea, Quincy e Winthrop.<\/p>\n\n<p>Devido \u00e0 sua dimens\u00e3o, em compara\u00e7\u00e3o com outras cidades do Estado, \u00e9 a capital e centro cultural da regi\u00e3o da Nova Inglaterra. \u00c9 tamb\u00e9m a capital do estado de Massachusetts.<\/p>\n\n<p>Boston \u00e9 acess\u00edvel por mar atrav\u00e9s do seu porto de Boston. Este \u00faltimo \u00e9 o porto de origem dos navios de cruzeiro em excurs\u00f5es nos Estados Unidos e Canad\u00e1.<\/p>\n\n<h2 class=\"wp-block-heading\">Boston em resumo<\/h2>\n\n<p>Boston \u00e9 uma das cidades mais antigas dos Estados Unidos, rica em hist\u00f3ria e tradi\u00e7\u00e3o. De facto, muitos imigrantes europeus chegaram a Boston antes de se espalharem por todo o pa\u00eds.<\/p>\n\n<p>Boston \u00e9 diferente de qualquer outra cidade americana com o seu not\u00e1vel centro hist\u00f3rico, apresentando um grande n\u00famero de edif\u00edcios coloniais, ruas de paralelep\u00edpedos e outras rel\u00edquias do passado. A cidade est\u00e1 dividida em muitos distritos e oferece uma multiplicidade de pontos tur\u00edsticos. No entanto, Boston evoluiu com os tempos e tamb\u00e9m tem uma sensa\u00e7\u00e3o muito moderna.<\/p>\n\n<p>Boston \u00e9 tamb\u00e9m famosa pelas suas universidades. A cidade \u00e9 o lar das famosas institui\u00e7\u00f5es <a href=\"https:\/\/www.harvard.edu\/\">Harvard<\/a> e <a href=\"http:\/\/web.mit.edu\/\">MIT<\/a>. Para os descobrir, s\u00e3o oferecidos v\u00e1rios passeios aos visitantes.<\/p>\n\n<h2 class=\"wp-block-heading\">\u00c0 descoberta de Boston<\/h2>\n\n<p>Uma boa maneira de aprender sobre a hist\u00f3ria de Boston \u00e9 percorrer a linha vermelha da Trilha da Liberdade. Numa estrada com cerca de 4 km de comprimento, \u00e9 poss\u00edvel descobrir monumentos importantes como a<a href=\"http:\/\/oldnorth.com\/\">Igreja do Velho Norte<\/a>, a <a href=\"http:\/\/www.office-tourisme-usa.com\/etat\/massachusetts\/massachusetts-state-house\">Casa de Estado de Massachusetts<\/a>, a est\u00e1tua de Benjamin Franklin, o Bairro Italiano, a Casa do Velho Encontro e a casa de Paul Revere.<\/p>\n\n<p>Passando pela \u00e1rea residencial de &#8216;Beacon Hill&#8217;, pode admirar os encantadores caminhos de paralelep\u00edpedos, a arquitectura das casas com os seus bonitos jardins, etc. Tamb\u00e9m \u00e9 poss\u00edvel comprar algumas recorda\u00e7\u00f5es antigas nas lojas de vindimas da rua principal.<\/p>\n\n<p>Na \u00e1rea de Back Bay da Pra\u00e7a Copley, poder\u00e1 ter a oportunidade de assistir a festivais, mercados e outros eventos que l\u00e1 s\u00e3o comuns. A maior parte das vezes, basta passear pelo parque para o fazer feliz.<\/p>\n\n<p>A visita hist\u00f3rica continua aos campi das famosas universidades de Harvard e do MIT, consideradas entre as melhores do mundo. Nas \u00e1reas circundantes, vale a pena visitar v\u00e1rios museus de arte, hist\u00f3ria natural e arqueol\u00f3gicos.<\/p>\n\n<p>Passar por passarelas, como a da Rua Arlington, proporciona um acesso r\u00e1pido \u00e0 Esplanada. Uma caminhada refrescante ao longo do rio Charles est\u00e1 tamb\u00e9m na ordem do dia. Para os f\u00e3s do basebol e os curiosos, o ic\u00f3nico Parque Fenway de Boston vale tamb\u00e9m uma visita. Um museu dedicado aos Red Sox pode ser visitado.<\/p>\n\n<p>Agora, mais do que nunca, visitar Boston \u00e9 uma experi\u00eancia \u00fanica, diferente de qualquer outra cidade que se veja nos Estados Unidos.<\/p>\n","protected":false},"excerpt":{"rendered":"<p>Boston \u00e9 uma cidade americana no estado de Massachusetts, no nordeste dos EUA, 300 km a norte da cidade de Nova Iorque. Est\u00e1 rodeado pelas cidades de Chelsea, Quincy e Winthrop. Devido \u00e0 sua dimens\u00e3o, em compara\u00e7\u00e3o com outras cidades do Estado, \u00e9 a capital e centro cultural da regi\u00e3o da Nova Inglaterra. \u00c9 tamb\u00e9m [&hellip;]<\/p>\n","protected":false},"author":1,"featured_media":0,"parent":0,"menu_order":0,"comment_status":"closed","ping_status":"closed","template":"","meta":{"site-sidebar-layout":"default","site-content-layout":"default","ast-site-content-layout":"default","site-content-style":"default","site-sidebar-style":"default","ast-global-header-display":"","ast-banner-title-visibility":"","ast-main-header-display":"","ast-hfb-above-header-display":"","ast-hfb-below-header-display":"","ast-hfb-mobile-header-display":"","site-post-title":"","ast-breadcrumbs-content":"","ast-featured-img":"","footer-sml-layout":"","ast-disable-related-posts":"","theme-transparent-header-meta":"default","adv-header-id-meta":"","stick-header-meta":"default","header-above-stick-meta":"","header-main-stick-meta":"","header-below-stick-meta":"","astra-migrate-meta-layouts":"default","ast-page-background-enabled":"default","ast-page-background-meta":{"desktop":{"background-color":"","background-image":"","background-repeat":"repeat","background-position":"center center","background-size":"auto","background-attachment":"scroll","background-type":"","background-media":"","overlay-type":"","overlay-color":"","overlay-opacity":"","overlay-gradient":""},"tablet":{"background-color":"","background-image":"","background-repeat":"repeat","background-position":"center center","background-size":"auto","background-attachment":"scroll","background-type":"","background-media":"","overlay-type":"","overlay-color":"","overlay-opacity":"","overlay-gradient":""},"mobile":{"background-color":"","background-image":"","background-repeat":"repeat","background-position":"center center","background-size":"auto","background-attachment":"scroll","background-type":"","background-media":"","overlay-type":"","overlay-color":"","overlay-opacity":"","overlay-gradient":""}},"ast-content-background-meta":{"desktop":{"background-color":"var(--ast-global-color-5)","background-image":"","background-repeat":"repeat","background-position":"center center","background-size":"auto","background-attachment":"scroll","background-type":"","background-media":"","overlay-type":"","overlay-color":"","overlay-opacity":"","overlay-gradient":""},"tablet":{"background-color":"var(--ast-global-color-5)","background-image":"","background-repeat":"repeat","background-position":"center center","background-size":"auto","background-attachment":"scroll","background-type":"","background-media":"","overlay-type":"","overlay-color":"","overlay-opacity":"","overlay-gradient":""},"mobile":{"background-color":"var(--ast-global-color-5)","background-image":"","background-repeat":"repeat","background-position":"center center","background-size":"auto","background-attachment":"scroll","background-type":"","background-media":"","overlay-type":"","overlay-color":"","overlay-opacity":"","overlay-gradient":""}},"footnotes":""},"class_list":["post-2347","page","type-page","status-publish","hentry"],"yoast_head":"<!-- This site is optimized with the Yoast SEO plugin v27.1.1 - https:\/\/yoast.com\/product\/yoast-seo-wordpress\/ -->\n<title>O que fazer e ver enquanto estiver em Boston?<\/title>\n<meta name=\"description\" content=\"Boston \u00e9 um ber\u00e7o hist\u00f3rico e cultural e um ponto de passagem obrigat\u00f3rio. Esta cidade no Nordeste dos EUA pode ser combinada com uma viagem a Nova Iorque.\" \/>\n<meta name=\"robots\" content=\"index, follow, max-snippet:-1, max-image-preview:large, max-video-preview:-1\" \/>\n<link rel=\"canonical\" href=\"https:\/\/123-esta.com\/pt-pt\/o-que-fazer-em-boston\/\" \/>\n<meta property=\"og:locale\" content=\"pt_PT\" \/>\n<meta property=\"og:type\" content=\"article\" \/>\n<meta property=\"og:title\" content=\"O que fazer e ver enquanto estiver em Boston?\" \/>\n<meta property=\"og:description\" content=\"Boston \u00e9 um ber\u00e7o hist\u00f3rico e cultural e um ponto de passagem obrigat\u00f3rio. Esta cidade no Nordeste dos EUA pode ser combinada com uma viagem a Nova Iorque.\" \/>\n<meta property=\"og:url\" content=\"https:\/\/123-esta.com\/pt-pt\/o-que-fazer-em-boston\/\" \/>\n<meta property=\"og:site_name\" content=\"Formulaire ESTA pour les USA\" \/>\n<meta property=\"article:modified_time\" content=\"2022-09-15T17:41:27+00:00\" \/>\n<meta name=\"twitter:card\" content=\"summary_large_image\" \/>\n<meta name=\"twitter:label1\" content=\"Tempo estimado de leitura\" \/>\n\t<meta name=\"twitter:data1\" content=\"2 minutos\" \/>\n<script type=\"application\/ld+json\" class=\"yoast-schema-graph\">{\"@context\":\"https:\/\/schema.org\",\"@graph\":[{\"@type\":\"WebPage\",\"@id\":\"https:\/\/123-esta.com\/pt-pt\/o-que-fazer-em-boston\/\",\"url\":\"https:\/\/123-esta.com\/pt-pt\/o-que-fazer-em-boston\/\",\"name\":\"O que fazer e ver enquanto estiver em Boston?\",\"isPartOf\":{\"@id\":\"https:\/\/123-esta.com\/pt-pt\/#website\"},\"datePublished\":\"2022-07-27T19:34:30+00:00\",\"dateModified\":\"2022-09-15T17:41:27+00:00\",\"description\":\"Boston \u00e9 um ber\u00e7o hist\u00f3rico e cultural e um ponto de passagem obrigat\u00f3rio. Esta cidade no Nordeste dos EUA pode ser combinada com uma viagem a Nova Iorque.\",\"inLanguage\":\"pt-PT\",\"potentialAction\":[{\"@type\":\"ReadAction\",\"target\":[\"https:\/\/123-esta.com\/pt-pt\/o-que-fazer-em-boston\/\"]}]},{\"@type\":\"WebSite\",\"@id\":\"https:\/\/123-esta.com\/pt-pt\/#website\",\"url\":\"https:\/\/123-esta.com\/pt-pt\/\",\"name\":\"Formulaire ESTA pour les USA\",\"description\":\"\",\"publisher\":{\"@id\":\"https:\/\/123-esta.com\/pt-pt\/#organization\"},\"potentialAction\":[{\"@type\":\"SearchAction\",\"target\":{\"@type\":\"EntryPoint\",\"urlTemplate\":\"https:\/\/123-esta.com\/pt-pt\/?s={search_term_string}\"},\"query-input\":{\"@type\":\"PropertyValueSpecification\",\"valueRequired\":true,\"valueName\":\"search_term_string\"}}],\"inLanguage\":\"pt-PT\"},{\"@type\":\"Organization\",\"@id\":\"https:\/\/123-esta.com\/pt-pt\/#organization\",\"name\":\"Formulaire ESTA pour les USA\",\"url\":\"https:\/\/123-esta.com\/pt-pt\/\",\"logo\":{\"@type\":\"ImageObject\",\"inLanguage\":\"pt-PT\",\"@id\":\"https:\/\/123-esta.com\/pt-pt\/#\/schema\/logo\/image\/\",\"url\":\"https:\/\/123-esta.com\/wp-content\/uploads\/2018\/03\/logo-123-esta.png\",\"contentUrl\":\"https:\/\/123-esta.com\/wp-content\/uploads\/2018\/03\/logo-123-esta.png\",\"width\":191,\"height\":54,\"caption\":\"Formulaire ESTA pour les USA\"},\"image\":{\"@id\":\"https:\/\/123-esta.com\/pt-pt\/#\/schema\/logo\/image\/\"}}]}<\/script>\n<!-- \/ Yoast SEO plugin. -->","yoast_head_json":{"title":"O que fazer e ver enquanto estiver em Boston?","description":"Boston \u00e9 um ber\u00e7o hist\u00f3rico e cultural e um ponto de passagem obrigat\u00f3rio. Esta cidade no Nordeste dos EUA pode ser combinada com uma viagem a Nova Iorque.","robots":{"index":"index","follow":"follow","max-snippet":"max-snippet:-1","max-image-preview":"max-image-preview:large","max-video-preview":"max-video-preview:-1"},"canonical":"https:\/\/123-esta.com\/pt-pt\/o-que-fazer-em-boston\/","og_locale":"pt_PT","og_type":"article","og_title":"O que fazer e ver enquanto estiver em Boston?","og_description":"Boston \u00e9 um ber\u00e7o hist\u00f3rico e cultural e um ponto de passagem obrigat\u00f3rio. Esta cidade no Nordeste dos EUA pode ser combinada com uma viagem a Nova Iorque.","og_url":"https:\/\/123-esta.com\/pt-pt\/o-que-fazer-em-boston\/","og_site_name":"Formulaire ESTA pour les USA","article_modified_time":"2022-09-15T17:41:27+00:00","twitter_card":"summary_large_image","twitter_misc":{"Tempo estimado de leitura":"2 minutos"},"schema":{"@context":"https:\/\/schema.org","@graph":[{"@type":"WebPage","@id":"https:\/\/123-esta.com\/pt-pt\/o-que-fazer-em-boston\/","url":"https:\/\/123-esta.com\/pt-pt\/o-que-fazer-em-boston\/","name":"O que fazer e ver enquanto estiver em Boston?","isPartOf":{"@id":"https:\/\/123-esta.com\/pt-pt\/#website"},"datePublished":"2022-07-27T19:34:30+00:00","dateModified":"2022-09-15T17:41:27+00:00","description":"Boston \u00e9 um ber\u00e7o hist\u00f3rico e cultural e um ponto de passagem obrigat\u00f3rio. Esta cidade no Nordeste dos EUA pode ser combinada com uma viagem a Nova Iorque.","inLanguage":"pt-PT","potentialAction":[{"@type":"ReadAction","target":["https:\/\/123-esta.com\/pt-pt\/o-que-fazer-em-boston\/"]}]},{"@type":"WebSite","@id":"https:\/\/123-esta.com\/pt-pt\/#website","url":"https:\/\/123-esta.com\/pt-pt\/","name":"Formulaire ESTA pour les USA","description":"","publisher":{"@id":"https:\/\/123-esta.com\/pt-pt\/#organization"},"potentialAction":[{"@type":"SearchAction","target":{"@type":"EntryPoint","urlTemplate":"https:\/\/123-esta.com\/pt-pt\/?s={search_term_string}"},"query-input":{"@type":"PropertyValueSpecification","valueRequired":true,"valueName":"search_term_string"}}],"inLanguage":"pt-PT"},{"@type":"Organization","@id":"https:\/\/123-esta.com\/pt-pt\/#organization","name":"Formulaire ESTA pour les USA","url":"https:\/\/123-esta.com\/pt-pt\/","logo":{"@type":"ImageObject","inLanguage":"pt-PT","@id":"https:\/\/123-esta.com\/pt-pt\/#\/schema\/logo\/image\/","url":"https:\/\/123-esta.com\/wp-content\/uploads\/2018\/03\/logo-123-esta.png","contentUrl":"https:\/\/123-esta.com\/wp-content\/uploads\/2018\/03\/logo-123-esta.png","width":191,"height":54,"caption":"Formulaire ESTA pour les USA"},"image":{"@id":"https:\/\/123-esta.com\/pt-pt\/#\/schema\/logo\/image\/"}}]}},"_links":{"self":[{"href":"https:\/\/123-esta.com\/pt-pt\/wp-json\/wp\/v2\/pages\/2347","targetHints":{"allow":["GET"]}}],"collection":[{"href":"https:\/\/123-esta.com\/pt-pt\/wp-json\/wp\/v2\/pages"}],"about":[{"href":"https:\/\/123-esta.com\/pt-pt\/wp-json\/wp\/v2\/types\/page"}],"author":[{"embeddable":true,"href":"https:\/\/123-esta.com\/pt-pt\/wp-json\/wp\/v2\/users\/1"}],"replies":[{"embeddable":true,"href":"https:\/\/123-esta.com\/pt-pt\/wp-json\/wp\/v2\/comments?post=2347"}],"version-history":[{"count":0,"href":"https:\/\/123-esta.com\/pt-pt\/wp-json\/wp\/v2\/pages\/2347\/revisions"}],"wp:attachment":[{"href":"https:\/\/123-esta.com\/pt-pt\/wp-json\/wp\/v2\/media?parent=2347"}],"curies":[{"name":"wp","href":"https:\/\/api.w.org\/{rel}","templated":true}]}}