{"id":2342,"date":"2022-07-27T21:34:30","date_gmt":"2022-07-27T19:34:30","guid":{"rendered":"https:\/\/123-esta.com\/what-is-seen-at-at-our-angels\/"},"modified":"2022-09-13T23:00:52","modified_gmt":"2022-09-13T21:00:52","slug":"o-que-ver-em-los-angeles","status":"publish","type":"page","link":"https:\/\/123-esta.com\/pt-pt\/o-que-ver-em-los-angeles\/","title":{"rendered":"Quais s\u00e3o as atrac\u00e7\u00f5es imperd\u00edveis em Los Angeles?"},"content":{"rendered":"\n<p>Para muitos, Los Angeles &#8211; ou &#8220;L.A.&#8221; &#8211; encarna o sonho americano. Situada na <a href=\"https:\/\/123-esta.com\/pt-pt\/o-que-ver-e-visitar-na-california\/\">costa da Calif\u00f3rnia<\/a>, a cidade goza de um clima ameno, belas praias e uma atmosfera quente e acolhedora. A simples men\u00e7\u00e3o de &#8220;Los Angeles&#8221; faz-nos sonhar!<\/p>\n\n<p>A Cidade dos Anjos (tradu\u00e7\u00e3o espanhola para francesa de Los Angeles) evoca tamb\u00e9m Hollywood, as estrelas e um estilo de vida descontra\u00eddo e sem paralelo. L.A. \u00e9 tamb\u00e9m conhecida pelos seus bairros como Beverly Hills, Bel Air e Malibu. Tantos nomes tornados famosos por certas s\u00e9ries dos anos 90! E n\u00e3o \u00e9 tudo, a cidade \u00e9 tamb\u00e9m conhecida como a &#8220;cidade do cinema mundial&#8221;: os seus muitos est\u00fadios, actores e produtores famosos. Est\u00e1 interessado numa aventura \u00fanica no cora\u00e7\u00e3o da segunda maior cidade dos Estados Unidos?<\/p>\n\n<h2 class=\"wp-block-heading\">Rodeo Drive<\/h2>\n\n<p>Rodeo Drive \u00e9 o lugar para os compradores de topo de gama.<\/p>\n\n<p>Esta \u00e9 uma rua comercial que fica entre as avenidas Wilshire e Santa Monica. Tiffany &amp; Co, Dior, Armani, Chanel, Christian Dior, Gucci&#8230; todas as marcas de topo est\u00e3o l\u00e1! Se tiver sorte, pode ficar cara a cara com uma estrela de Hollywood nas suas compras.<\/p>\n\n<p>Para sua informa\u00e7\u00e3o, Rodeo Drive \u00e9 o lar da loja mais cara do mundo: a joalharia e perfumaria Bijan.<\/p>\n\n<h2 class=\"wp-block-heading\">Sunset Boulevard<\/h2>\n\n<p>Sunset Boulevard \u00e9 conhecida mundialmente pela sua vida nocturna! Deseja desabafar? Gosta de discotecas? Fa\u00e7a uma manobra de divers\u00e3o para Sunset Boulevard!<\/p>\n\n<p>Forrado com bares de dan\u00e7a e discotecas, Sunset Boulevard promete uma noite para recordar. Os f\u00e3s da cena da vida nocturna v\u00e3o ter uma surpresa nesta viagem \u00fanica a Los Angeles.<\/p>\n\n<h2 class=\"wp-block-heading\">Hollywood<\/h2>\n\n<p>Quem n\u00e3o sonhou em descer <a href=\"https:\/\/en.wikipedia.org\/wiki\/Hollywood_Walk_of_Fame\">o Hollywood Boulevard Walk of Fame<\/a>? Caminhe nos passos das maiores estrelas de Hollywood ao visitar o Teatro Chin\u00eas Grauman para ver a famosa m\u00e3o e pegadas deixadas por mais de 100 celebridades.<\/p>\n\n<p>Al\u00e9m disso, seria impens\u00e1vel viajar para Los Angeles sem pelo menos visitar os famosos est\u00fadios de Hollywood. Est\u00e3o dispon\u00edveis muitas visitas organizadas aos est\u00fadios de Hollywood. Eles permitir-lhe-\u00e3o ver o que se passa por detr\u00e1s da c\u00e2mara. Um momento \u00fanico e inesquec\u00edvel que ir\u00e1 deixar uma impress\u00e3o duradoura.<\/p>\n\n<h2 class=\"wp-block-heading\">A Disneyl\u00e2ndia e as suas muitas atrac\u00e7\u00f5es!<\/h2>\n\n<p>Los Angeles tem muitos parques tem\u00e1ticos. Se tivesse de ver apenas uma, seria certamente a Disneyl\u00e2ndia local!<\/p>\n\n<p>V\u00e1 at\u00e9 Anaheim para descobrir o famoso parque Walt Disney! Mickey e os seus amigos convidam-no numa viagem para o reino da sua inf\u00e2ncia. Este parque de divers\u00f5es \u00e9 sem d\u00favida o mais famoso da costa ocidental, entre as suas famosas montanhas russas e as suas grandes rodas.<\/p>\n\n<p>Durante a sua visita, n\u00e3o perca as principais atrac\u00e7\u00f5es do parque como o Eporium (um bazar cheio de todo o tipo de lembran\u00e7as Disney), Fantasyland (onde encontrar\u00e1 todas as personagens Disney em carne e osso), Tomorrowland (um programa de explora\u00e7\u00e3o espacial e de foguet\u00f5es), etc.<\/p>\n","protected":false},"excerpt":{"rendered":"<p>Para muitos, Los Angeles &#8211; ou &#8220;L.A.&#8221; &#8211; encarna o sonho americano. Situada na costa da Calif\u00f3rnia, a cidade goza de um clima ameno, belas praias e uma atmosfera quente e acolhedora. A simples men\u00e7\u00e3o de &#8220;Los Angeles&#8221; faz-nos sonhar! A Cidade dos Anjos (tradu\u00e7\u00e3o espanhola para francesa de Los Angeles) evoca tamb\u00e9m Hollywood, as [&hellip;]<\/p>\n","protected":false},"author":1,"featured_media":0,"parent":0,"menu_order":0,"comment_status":"closed","ping_status":"closed","template":"","meta":{"site-sidebar-layout":"default","site-content-layout":"default","ast-site-content-layout":"default","site-content-style":"default","site-sidebar-style":"default","ast-global-header-display":"","ast-banner-title-visibility":"","ast-main-header-display":"","ast-hfb-above-header-display":"","ast-hfb-below-header-display":"","ast-hfb-mobile-header-display":"","site-post-title":"","ast-breadcrumbs-content":"","ast-featured-img":"","footer-sml-layout":"","ast-disable-related-posts":"","theme-transparent-header-meta":"default","adv-header-id-meta":"","stick-header-meta":"default","header-above-stick-meta":"","header-main-stick-meta":"","header-below-stick-meta":"","astra-migrate-meta-layouts":"default","ast-page-background-enabled":"default","ast-page-background-meta":{"desktop":{"background-color":"","background-image":"","background-repeat":"repeat","background-position":"center center","background-size":"auto","background-attachment":"scroll","background-type":"","background-media":"","overlay-type":"","overlay-color":"","overlay-opacity":"","overlay-gradient":""},"tablet":{"background-color":"","background-image":"","background-repeat":"repeat","background-position":"center center","background-size":"auto","background-attachment":"scroll","background-type":"","background-media":"","overlay-type":"","overlay-color":"","overlay-opacity":"","overlay-gradient":""},"mobile":{"background-color":"","background-image":"","background-repeat":"repeat","background-position":"center center","background-size":"auto","background-attachment":"scroll","background-type":"","background-media":"","overlay-type":"","overlay-color":"","overlay-opacity":"","overlay-gradient":""}},"ast-content-background-meta":{"desktop":{"background-color":"var(--ast-global-color-5)","background-image":"","background-repeat":"repeat","background-position":"center center","background-size":"auto","background-attachment":"scroll","background-type":"","background-media":"","overlay-type":"","overlay-color":"","overlay-opacity":"","overlay-gradient":""},"tablet":{"background-color":"var(--ast-global-color-5)","background-image":"","background-repeat":"repeat","background-position":"center center","background-size":"auto","background-attachment":"scroll","background-type":"","background-media":"","overlay-type":"","overlay-color":"","overlay-opacity":"","overlay-gradient":""},"mobile":{"background-color":"var(--ast-global-color-5)","background-image":"","background-repeat":"repeat","background-position":"center center","background-size":"auto","background-attachment":"scroll","background-type":"","background-media":"","overlay-type":"","overlay-color":"","overlay-opacity":"","overlay-gradient":""}},"footnotes":""},"class_list":["post-2342","page","type-page","status-publish","hentry"],"yoast_head":"<!-- This site is optimized with the Yoast SEO plugin v27.1.1 - https:\/\/yoast.com\/product\/yoast-seo-wordpress\/ -->\n<title>O que ver e fazer enquanto estiver em Los Angeles, EUA?<\/title>\n<meta name=\"description\" content=\"Informa\u00e7\u00e3o sobre os melhores lugares a visitar em Los Angeles: Rodeo Drive, Sunset Boulevard, Hollywood ou Disneylandia.\" \/>\n<meta name=\"robots\" content=\"index, follow, max-snippet:-1, max-image-preview:large, max-video-preview:-1\" \/>\n<link rel=\"canonical\" href=\"https:\/\/123-esta.com\/pt-pt\/o-que-ver-em-los-angeles\/\" \/>\n<meta property=\"og:locale\" content=\"pt_PT\" \/>\n<meta property=\"og:type\" content=\"article\" \/>\n<meta property=\"og:title\" content=\"O que ver e fazer enquanto estiver em Los Angeles, EUA?\" \/>\n<meta property=\"og:description\" content=\"Informa\u00e7\u00e3o sobre os melhores lugares a visitar em Los Angeles: Rodeo Drive, Sunset Boulevard, Hollywood ou Disneylandia.\" \/>\n<meta property=\"og:url\" content=\"https:\/\/123-esta.com\/pt-pt\/o-que-ver-em-los-angeles\/\" \/>\n<meta property=\"og:site_name\" content=\"Formulaire ESTA pour les USA\" \/>\n<meta property=\"article:modified_time\" content=\"2022-09-13T21:00:52+00:00\" \/>\n<meta name=\"twitter:card\" content=\"summary_large_image\" \/>\n<meta name=\"twitter:label1\" content=\"Tempo estimado de leitura\" \/>\n\t<meta name=\"twitter:data1\" content=\"3 minutos\" \/>\n<script type=\"application\/ld+json\" class=\"yoast-schema-graph\">{\"@context\":\"https:\/\/schema.org\",\"@graph\":[{\"@type\":\"WebPage\",\"@id\":\"https:\/\/123-esta.com\/pt-pt\/o-que-ver-em-los-angeles\/\",\"url\":\"https:\/\/123-esta.com\/pt-pt\/o-que-ver-em-los-angeles\/\",\"name\":\"O que ver e fazer enquanto estiver em Los Angeles, EUA?\",\"isPartOf\":{\"@id\":\"https:\/\/123-esta.com\/pt-pt\/#website\"},\"datePublished\":\"2022-07-27T19:34:30+00:00\",\"dateModified\":\"2022-09-13T21:00:52+00:00\",\"description\":\"Informa\u00e7\u00e3o sobre os melhores lugares a visitar em Los Angeles: Rodeo Drive, Sunset Boulevard, Hollywood ou Disneylandia.\",\"inLanguage\":\"pt-PT\",\"potentialAction\":[{\"@type\":\"ReadAction\",\"target\":[\"https:\/\/123-esta.com\/pt-pt\/o-que-ver-em-los-angeles\/\"]}]},{\"@type\":\"WebSite\",\"@id\":\"https:\/\/123-esta.com\/pt-pt\/#website\",\"url\":\"https:\/\/123-esta.com\/pt-pt\/\",\"name\":\"Formulaire ESTA pour les USA\",\"description\":\"\",\"publisher\":{\"@id\":\"https:\/\/123-esta.com\/pt-pt\/#organization\"},\"potentialAction\":[{\"@type\":\"SearchAction\",\"target\":{\"@type\":\"EntryPoint\",\"urlTemplate\":\"https:\/\/123-esta.com\/pt-pt\/?s={search_term_string}\"},\"query-input\":{\"@type\":\"PropertyValueSpecification\",\"valueRequired\":true,\"valueName\":\"search_term_string\"}}],\"inLanguage\":\"pt-PT\"},{\"@type\":\"Organization\",\"@id\":\"https:\/\/123-esta.com\/pt-pt\/#organization\",\"name\":\"Formulaire ESTA pour les USA\",\"url\":\"https:\/\/123-esta.com\/pt-pt\/\",\"logo\":{\"@type\":\"ImageObject\",\"inLanguage\":\"pt-PT\",\"@id\":\"https:\/\/123-esta.com\/pt-pt\/#\/schema\/logo\/image\/\",\"url\":\"https:\/\/123-esta.com\/wp-content\/uploads\/2018\/03\/logo-123-esta.png\",\"contentUrl\":\"https:\/\/123-esta.com\/wp-content\/uploads\/2018\/03\/logo-123-esta.png\",\"width\":191,\"height\":54,\"caption\":\"Formulaire ESTA pour les USA\"},\"image\":{\"@id\":\"https:\/\/123-esta.com\/pt-pt\/#\/schema\/logo\/image\/\"}}]}<\/script>\n<!-- \/ Yoast SEO plugin. -->","yoast_head_json":{"title":"O que ver e fazer enquanto estiver em Los Angeles, EUA?","description":"Informa\u00e7\u00e3o sobre os melhores lugares a visitar em Los Angeles: Rodeo Drive, Sunset Boulevard, Hollywood ou Disneylandia.","robots":{"index":"index","follow":"follow","max-snippet":"max-snippet:-1","max-image-preview":"max-image-preview:large","max-video-preview":"max-video-preview:-1"},"canonical":"https:\/\/123-esta.com\/pt-pt\/o-que-ver-em-los-angeles\/","og_locale":"pt_PT","og_type":"article","og_title":"O que ver e fazer enquanto estiver em Los Angeles, EUA?","og_description":"Informa\u00e7\u00e3o sobre os melhores lugares a visitar em Los Angeles: Rodeo Drive, Sunset Boulevard, Hollywood ou Disneylandia.","og_url":"https:\/\/123-esta.com\/pt-pt\/o-que-ver-em-los-angeles\/","og_site_name":"Formulaire ESTA pour les USA","article_modified_time":"2022-09-13T21:00:52+00:00","twitter_card":"summary_large_image","twitter_misc":{"Tempo estimado de leitura":"3 minutos"},"schema":{"@context":"https:\/\/schema.org","@graph":[{"@type":"WebPage","@id":"https:\/\/123-esta.com\/pt-pt\/o-que-ver-em-los-angeles\/","url":"https:\/\/123-esta.com\/pt-pt\/o-que-ver-em-los-angeles\/","name":"O que ver e fazer enquanto estiver em Los Angeles, EUA?","isPartOf":{"@id":"https:\/\/123-esta.com\/pt-pt\/#website"},"datePublished":"2022-07-27T19:34:30+00:00","dateModified":"2022-09-13T21:00:52+00:00","description":"Informa\u00e7\u00e3o sobre os melhores lugares a visitar em Los Angeles: Rodeo Drive, Sunset Boulevard, Hollywood ou Disneylandia.","inLanguage":"pt-PT","potentialAction":[{"@type":"ReadAction","target":["https:\/\/123-esta.com\/pt-pt\/o-que-ver-em-los-angeles\/"]}]},{"@type":"WebSite","@id":"https:\/\/123-esta.com\/pt-pt\/#website","url":"https:\/\/123-esta.com\/pt-pt\/","name":"Formulaire ESTA pour les USA","description":"","publisher":{"@id":"https:\/\/123-esta.com\/pt-pt\/#organization"},"potentialAction":[{"@type":"SearchAction","target":{"@type":"EntryPoint","urlTemplate":"https:\/\/123-esta.com\/pt-pt\/?s={search_term_string}"},"query-input":{"@type":"PropertyValueSpecification","valueRequired":true,"valueName":"search_term_string"}}],"inLanguage":"pt-PT"},{"@type":"Organization","@id":"https:\/\/123-esta.com\/pt-pt\/#organization","name":"Formulaire ESTA pour les USA","url":"https:\/\/123-esta.com\/pt-pt\/","logo":{"@type":"ImageObject","inLanguage":"pt-PT","@id":"https:\/\/123-esta.com\/pt-pt\/#\/schema\/logo\/image\/","url":"https:\/\/123-esta.com\/wp-content\/uploads\/2018\/03\/logo-123-esta.png","contentUrl":"https:\/\/123-esta.com\/wp-content\/uploads\/2018\/03\/logo-123-esta.png","width":191,"height":54,"caption":"Formulaire ESTA pour les USA"},"image":{"@id":"https:\/\/123-esta.com\/pt-pt\/#\/schema\/logo\/image\/"}}]}},"_links":{"self":[{"href":"https:\/\/123-esta.com\/pt-pt\/wp-json\/wp\/v2\/pages\/2342","targetHints":{"allow":["GET"]}}],"collection":[{"href":"https:\/\/123-esta.com\/pt-pt\/wp-json\/wp\/v2\/pages"}],"about":[{"href":"https:\/\/123-esta.com\/pt-pt\/wp-json\/wp\/v2\/types\/page"}],"author":[{"embeddable":true,"href":"https:\/\/123-esta.com\/pt-pt\/wp-json\/wp\/v2\/users\/1"}],"replies":[{"embeddable":true,"href":"https:\/\/123-esta.com\/pt-pt\/wp-json\/wp\/v2\/comments?post=2342"}],"version-history":[{"count":0,"href":"https:\/\/123-esta.com\/pt-pt\/wp-json\/wp\/v2\/pages\/2342\/revisions"}],"wp:attachment":[{"href":"https:\/\/123-esta.com\/pt-pt\/wp-json\/wp\/v2\/media?parent=2342"}],"curies":[{"name":"wp","href":"https:\/\/api.w.org\/{rel}","templated":true}]}}