{"id":2340,"date":"2022-07-27T21:34:29","date_gmt":"2022-07-27T19:34:29","guid":{"rendered":"https:\/\/123-esta.com\/o-que-fazer-no-nordeste-dos-estados-unidos\/"},"modified":"2022-09-01T23:12:19","modified_gmt":"2022-09-01T21:12:19","slug":"o-que-fazer-no-nordeste-dos-estados-unidos","status":"publish","type":"page","link":"https:\/\/123-esta.com\/pt-pt\/o-que-fazer-no-nordeste-dos-estados-unidos\/","title":{"rendered":"Aventura no nordeste dos EUA"},"content":{"rendered":"\n<p>Descubra as <a href=\"https:\/\/123-esta.com\/pt-pt\/grandes-cidades-e-regioes-a-visita-nos-estados-unidos\/\">principais cidades e regi\u00f5es dos Estados Unidos<\/a> iniciando a sua viagem no nordeste dos EUA. Estes territ\u00f3rios s\u00e3o muito adequados para uma viagem de carro e oferecem uma experi\u00eancia inesquec\u00edvel aos viajantes. Com as suas pequenas e atractivas aldeias da Nova Inglaterra, as suas florestas que mudam de cor e forma com as esta\u00e7\u00f5es, e a sua costa selvagem e longas praias naturais, h\u00e1 algo para todos.<\/p>\n\n<h2 class=\"wp-block-heading\">Chicago ou &#8220;a velha capital do crime&#8221;.<\/h2>\n\n<p>Embora <a href=\"https:\/\/123-esta.com\/pt-pt\/o-que-fazer-em-chicago\/\">Chicago<\/a> tenha conseguido livrar-se da sua m\u00e1 reputa\u00e7\u00e3o da era da proibi\u00e7\u00e3o, continua a ser a cidade onde o not\u00f3rio Al Capone ficou famoso pela sua rede de contrabando. Mas para al\u00e9m de algumas \u00e1reas a evitar nas horas mais escuras da noite, n\u00e3o h\u00e1 necessidade de se preocupar com as suas caminhadas!<\/p>\n\n<p>A cidade \u00e9 tamb\u00e9m conhecida pelo seu incr\u00edvel n\u00famero de museus com mais de 70 estabelecimentos diferentes cobrindo quase tantos temas: Arte, Hist\u00f3ria, Ci\u00eancia&#8230; Chicago tem tamb\u00e9m o segundo maior n\u00famero de parques e espa\u00e7os verdes de qualquer cidade nos EUA, fazendo jus ao seu lema &#8220;Urbs in Horto&#8221; que significa &#8220;a cidade um jardim&#8221;. Finalmente, seria uma pena n\u00e3o experimentar a especialidade local de pizza de prato fundo ou o Cachorro Quente estilo Chicago-Style, acrescentando um grande toque verde \u00e0 cl\u00e1ssica comida de pl\u00e1stico.<\/p>\n\n<h2 class=\"wp-block-heading\">Boston, a cidade hist\u00f3rica<\/h2>\n\n<p>Um pouco mais a norte fica a capital de Massachusetts, <a href=\"https:\/\/123-esta.com\/pt-pt\/o-que-fazer-em-boston\/\">Boston<\/a>! Situada na orla mar\u00edtima, esta cidade atrai curiosos entusiastas da hist\u00f3ria. Esta metr\u00f3pole foi fundada no s\u00e9culo XVII por colonos ingleses, tornando-a um dos lugares mais antigos do continente. Como tal, Boston \u00e9 frequentemente considerado o ber\u00e7o hist\u00f3rico e cultural dos Estados Unidos. Hoje em dia, tornou-se o exemplo perfeito de uma cidade que mistura o antigo com o novo. De facto, cada rua, pavimento e edif\u00edcio est\u00e1 impregnado de hist\u00f3ria antiga, mas a metr\u00f3pole permanece ancorada no presente e no futuro, com o seu porto mar\u00edtimo e universidade de renome internacional: Harvard. Boston \u00e9 portanto o destino perfeito para qualquer viajante \u00e0 procura de hist\u00f3ria, cultura e conhecimento.<\/p>\n\n<h2 class=\"wp-block-heading\">Canad\u00e1, belas paisagens<\/h2>\n\n<p>Embora <a href=\"https:\/\/123-esta.com\/pt-pt\/viajar-para-o-canada-dos-estados-unidos\/\">o Canad\u00e1<\/a> seja um pa\u00eds por direito pr\u00f3prio, continua a ser o vizinho directo dos Estados Unidos na sua fronteira norte e seria uma pena n\u00e3o fazer uma visita aos nossos amigos do Qu\u00e9bec. Para quem fala ingl\u00eas, Montreal ou Quebec s\u00e3o cidades onde a maioria da popula\u00e7\u00e3o fala franc\u00eas com aquele sotaque especial! Isto facilitar-nos-\u00e1 a encomenda de um famoso poutine para combater o frio por vezes amargo do pa\u00eds. O Canad\u00e1 tamb\u00e9m tem paisagens de cortar a respira\u00e7\u00e3o, especialmente no Parque Nacional do BANFF. Desde as montanhas com a sua neve eterna, \u00e0s fontes termais com temperaturas at\u00e9 38\u00b0C, \u00e0s caminhadas no Johnston Canyon com as suas pequenas quedas de \u00e1gua, ser\u00e1 necess\u00e1rio dar tempo ao local para o desfrutar plenamente. E se tiver realmente sorte, poder\u00e1 testemunhar as m\u00edticas Luzes do Norte, que iluminam o c\u00e9u estrelado com mil cores.<\/p>\n\n<p>Para a entrada no Canad\u00e1 por terra, n\u00e3o \u00e9 necess\u00e1rio um pedido de<a href=\"https:\/\/ave-eta-canada.com\/pt-pt\/\">visto do Canad\u00e1<\/a>. No entanto, ser\u00e1 para a entrada por via a\u00e9rea.<\/p>\n","protected":false},"excerpt":{"rendered":"<p>Descubra as principais cidades e regi\u00f5es dos Estados Unidos iniciando a sua viagem no nordeste dos EUA. Estes territ\u00f3rios s\u00e3o muito adequados para uma viagem de carro e oferecem uma experi\u00eancia inesquec\u00edvel aos viajantes. Com as suas pequenas e atractivas aldeias da Nova Inglaterra, as suas florestas que mudam de cor e forma com as [&hellip;]<\/p>\n","protected":false},"author":1,"featured_media":0,"parent":0,"menu_order":0,"comment_status":"closed","ping_status":"closed","template":"","meta":{"site-sidebar-layout":"default","site-content-layout":"default","ast-site-content-layout":"default","site-content-style":"default","site-sidebar-style":"default","ast-global-header-display":"","ast-banner-title-visibility":"","ast-main-header-display":"","ast-hfb-above-header-display":"","ast-hfb-below-header-display":"","ast-hfb-mobile-header-display":"","site-post-title":"","ast-breadcrumbs-content":"","ast-featured-img":"","footer-sml-layout":"","ast-disable-related-posts":"","theme-transparent-header-meta":"default","adv-header-id-meta":"","stick-header-meta":"default","header-above-stick-meta":"","header-main-stick-meta":"","header-below-stick-meta":"","astra-migrate-meta-layouts":"default","ast-page-background-enabled":"default","ast-page-background-meta":{"desktop":{"background-color":"","background-image":"","background-repeat":"repeat","background-position":"center center","background-size":"auto","background-attachment":"scroll","background-type":"","background-media":"","overlay-type":"","overlay-color":"","overlay-opacity":"","overlay-gradient":""},"tablet":{"background-color":"","background-image":"","background-repeat":"repeat","background-position":"center center","background-size":"auto","background-attachment":"scroll","background-type":"","background-media":"","overlay-type":"","overlay-color":"","overlay-opacity":"","overlay-gradient":""},"mobile":{"background-color":"","background-image":"","background-repeat":"repeat","background-position":"center center","background-size":"auto","background-attachment":"scroll","background-type":"","background-media":"","overlay-type":"","overlay-color":"","overlay-opacity":"","overlay-gradient":""}},"ast-content-background-meta":{"desktop":{"background-color":"var(--ast-global-color-5)","background-image":"","background-repeat":"repeat","background-position":"center center","background-size":"auto","background-attachment":"scroll","background-type":"","background-media":"","overlay-type":"","overlay-color":"","overlay-opacity":"","overlay-gradient":""},"tablet":{"background-color":"var(--ast-global-color-5)","background-image":"","background-repeat":"repeat","background-position":"center center","background-size":"auto","background-attachment":"scroll","background-type":"","background-media":"","overlay-type":"","overlay-color":"","overlay-opacity":"","overlay-gradient":""},"mobile":{"background-color":"var(--ast-global-color-5)","background-image":"","background-repeat":"repeat","background-position":"center center","background-size":"auto","background-attachment":"scroll","background-type":"","background-media":"","overlay-type":"","overlay-color":"","overlay-opacity":"","overlay-gradient":""}},"footnotes":""},"class_list":["post-2340","page","type-page","status-publish","hentry"],"yoast_head":"<!-- This site is optimized with the Yoast SEO plugin v27.1.1 - https:\/\/yoast.com\/product\/yoast-seo-wordpress\/ -->\n<title>O que fazer no nordeste dos EUA? Os nossos conselhos<\/title>\n<meta name=\"description\" content=\"O Nordeste dos Estados Unidos \u00e9 o lugar a ser para os amantes da cultura e da arquitectura. Os amantes da natureza tamb\u00e9m encontrar\u00e3o algo do seu agrado.\" \/>\n<meta name=\"robots\" content=\"index, follow, max-snippet:-1, max-image-preview:large, max-video-preview:-1\" \/>\n<link rel=\"canonical\" href=\"https:\/\/123-esta.com\/pt-pt\/o-que-fazer-no-nordeste-dos-estados-unidos\/\" \/>\n<meta property=\"og:locale\" content=\"pt_PT\" \/>\n<meta property=\"og:type\" content=\"article\" \/>\n<meta property=\"og:title\" content=\"O que fazer no nordeste dos EUA? Os nossos conselhos\" \/>\n<meta property=\"og:description\" content=\"O Nordeste dos Estados Unidos \u00e9 o lugar a ser para os amantes da cultura e da arquitectura. Os amantes da natureza tamb\u00e9m encontrar\u00e3o algo do seu agrado.\" \/>\n<meta property=\"og:url\" content=\"https:\/\/123-esta.com\/pt-pt\/o-que-fazer-no-nordeste-dos-estados-unidos\/\" \/>\n<meta property=\"og:site_name\" content=\"Formulaire ESTA pour les USA\" \/>\n<meta property=\"article:modified_time\" content=\"2022-09-01T21:12:19+00:00\" \/>\n<meta name=\"twitter:card\" content=\"summary_large_image\" \/>\n<meta name=\"twitter:label1\" content=\"Tempo estimado de leitura\" \/>\n\t<meta name=\"twitter:data1\" content=\"3 minutos\" \/>\n<script type=\"application\/ld+json\" class=\"yoast-schema-graph\">{\"@context\":\"https:\/\/schema.org\",\"@graph\":[{\"@type\":\"WebPage\",\"@id\":\"https:\/\/123-esta.com\/pt-pt\/o-que-fazer-no-nordeste-dos-estados-unidos\/\",\"url\":\"https:\/\/123-esta.com\/pt-pt\/o-que-fazer-no-nordeste-dos-estados-unidos\/\",\"name\":\"O que fazer no nordeste dos EUA? Os nossos conselhos\",\"isPartOf\":{\"@id\":\"https:\/\/123-esta.com\/pt-pt\/#website\"},\"datePublished\":\"2022-07-27T19:34:29+00:00\",\"dateModified\":\"2022-09-01T21:12:19+00:00\",\"description\":\"O Nordeste dos Estados Unidos \u00e9 o lugar a ser para os amantes da cultura e da arquitectura. Os amantes da natureza tamb\u00e9m encontrar\u00e3o algo do seu agrado.\",\"inLanguage\":\"pt-PT\",\"potentialAction\":[{\"@type\":\"ReadAction\",\"target\":[\"https:\/\/123-esta.com\/pt-pt\/o-que-fazer-no-nordeste-dos-estados-unidos\/\"]}]},{\"@type\":\"WebSite\",\"@id\":\"https:\/\/123-esta.com\/pt-pt\/#website\",\"url\":\"https:\/\/123-esta.com\/pt-pt\/\",\"name\":\"Formulaire ESTA pour les USA\",\"description\":\"\",\"publisher\":{\"@id\":\"https:\/\/123-esta.com\/pt-pt\/#organization\"},\"potentialAction\":[{\"@type\":\"SearchAction\",\"target\":{\"@type\":\"EntryPoint\",\"urlTemplate\":\"https:\/\/123-esta.com\/pt-pt\/?s={search_term_string}\"},\"query-input\":{\"@type\":\"PropertyValueSpecification\",\"valueRequired\":true,\"valueName\":\"search_term_string\"}}],\"inLanguage\":\"pt-PT\"},{\"@type\":\"Organization\",\"@id\":\"https:\/\/123-esta.com\/pt-pt\/#organization\",\"name\":\"Formulaire ESTA pour les USA\",\"url\":\"https:\/\/123-esta.com\/pt-pt\/\",\"logo\":{\"@type\":\"ImageObject\",\"inLanguage\":\"pt-PT\",\"@id\":\"https:\/\/123-esta.com\/pt-pt\/#\/schema\/logo\/image\/\",\"url\":\"https:\/\/123-esta.com\/wp-content\/uploads\/2018\/03\/logo-123-esta.png\",\"contentUrl\":\"https:\/\/123-esta.com\/wp-content\/uploads\/2018\/03\/logo-123-esta.png\",\"width\":191,\"height\":54,\"caption\":\"Formulaire ESTA pour les USA\"},\"image\":{\"@id\":\"https:\/\/123-esta.com\/pt-pt\/#\/schema\/logo\/image\/\"}}]}<\/script>\n<!-- \/ Yoast SEO plugin. -->","yoast_head_json":{"title":"O que fazer no nordeste dos EUA? Os nossos conselhos","description":"O Nordeste dos Estados Unidos \u00e9 o lugar a ser para os amantes da cultura e da arquitectura. Os amantes da natureza tamb\u00e9m encontrar\u00e3o algo do seu agrado.","robots":{"index":"index","follow":"follow","max-snippet":"max-snippet:-1","max-image-preview":"max-image-preview:large","max-video-preview":"max-video-preview:-1"},"canonical":"https:\/\/123-esta.com\/pt-pt\/o-que-fazer-no-nordeste-dos-estados-unidos\/","og_locale":"pt_PT","og_type":"article","og_title":"O que fazer no nordeste dos EUA? Os nossos conselhos","og_description":"O Nordeste dos Estados Unidos \u00e9 o lugar a ser para os amantes da cultura e da arquitectura. Os amantes da natureza tamb\u00e9m encontrar\u00e3o algo do seu agrado.","og_url":"https:\/\/123-esta.com\/pt-pt\/o-que-fazer-no-nordeste-dos-estados-unidos\/","og_site_name":"Formulaire ESTA pour les USA","article_modified_time":"2022-09-01T21:12:19+00:00","twitter_card":"summary_large_image","twitter_misc":{"Tempo estimado de leitura":"3 minutos"},"schema":{"@context":"https:\/\/schema.org","@graph":[{"@type":"WebPage","@id":"https:\/\/123-esta.com\/pt-pt\/o-que-fazer-no-nordeste-dos-estados-unidos\/","url":"https:\/\/123-esta.com\/pt-pt\/o-que-fazer-no-nordeste-dos-estados-unidos\/","name":"O que fazer no nordeste dos EUA? Os nossos conselhos","isPartOf":{"@id":"https:\/\/123-esta.com\/pt-pt\/#website"},"datePublished":"2022-07-27T19:34:29+00:00","dateModified":"2022-09-01T21:12:19+00:00","description":"O Nordeste dos Estados Unidos \u00e9 o lugar a ser para os amantes da cultura e da arquitectura. Os amantes da natureza tamb\u00e9m encontrar\u00e3o algo do seu agrado.","inLanguage":"pt-PT","potentialAction":[{"@type":"ReadAction","target":["https:\/\/123-esta.com\/pt-pt\/o-que-fazer-no-nordeste-dos-estados-unidos\/"]}]},{"@type":"WebSite","@id":"https:\/\/123-esta.com\/pt-pt\/#website","url":"https:\/\/123-esta.com\/pt-pt\/","name":"Formulaire ESTA pour les USA","description":"","publisher":{"@id":"https:\/\/123-esta.com\/pt-pt\/#organization"},"potentialAction":[{"@type":"SearchAction","target":{"@type":"EntryPoint","urlTemplate":"https:\/\/123-esta.com\/pt-pt\/?s={search_term_string}"},"query-input":{"@type":"PropertyValueSpecification","valueRequired":true,"valueName":"search_term_string"}}],"inLanguage":"pt-PT"},{"@type":"Organization","@id":"https:\/\/123-esta.com\/pt-pt\/#organization","name":"Formulaire ESTA pour les USA","url":"https:\/\/123-esta.com\/pt-pt\/","logo":{"@type":"ImageObject","inLanguage":"pt-PT","@id":"https:\/\/123-esta.com\/pt-pt\/#\/schema\/logo\/image\/","url":"https:\/\/123-esta.com\/wp-content\/uploads\/2018\/03\/logo-123-esta.png","contentUrl":"https:\/\/123-esta.com\/wp-content\/uploads\/2018\/03\/logo-123-esta.png","width":191,"height":54,"caption":"Formulaire ESTA pour les USA"},"image":{"@id":"https:\/\/123-esta.com\/pt-pt\/#\/schema\/logo\/image\/"}}]}},"_links":{"self":[{"href":"https:\/\/123-esta.com\/pt-pt\/wp-json\/wp\/v2\/pages\/2340","targetHints":{"allow":["GET"]}}],"collection":[{"href":"https:\/\/123-esta.com\/pt-pt\/wp-json\/wp\/v2\/pages"}],"about":[{"href":"https:\/\/123-esta.com\/pt-pt\/wp-json\/wp\/v2\/types\/page"}],"author":[{"embeddable":true,"href":"https:\/\/123-esta.com\/pt-pt\/wp-json\/wp\/v2\/users\/1"}],"replies":[{"embeddable":true,"href":"https:\/\/123-esta.com\/pt-pt\/wp-json\/wp\/v2\/comments?post=2340"}],"version-history":[{"count":0,"href":"https:\/\/123-esta.com\/pt-pt\/wp-json\/wp\/v2\/pages\/2340\/revisions"}],"wp:attachment":[{"href":"https:\/\/123-esta.com\/pt-pt\/wp-json\/wp\/v2\/media?parent=2340"}],"curies":[{"name":"wp","href":"https:\/\/api.w.org\/{rel}","templated":true}]}}