{"id":2332,"date":"2022-07-27T21:34:29","date_gmt":"2022-07-27T19:34:29","guid":{"rendered":"https:\/\/123-esta.com\/top10-attraccoes-san-fransisco\/"},"modified":"2022-08-23T23:40:36","modified_gmt":"2022-08-23T21:40:36","slug":"top10-attraccoes-san-fransisco","status":"publish","type":"page","link":"https:\/\/123-esta.com\/pt-pt\/top10-attraccoes-san-fransisco\/","title":{"rendered":"Top 10 coisas a n\u00e3o perder em S\u00e3o Francisco"},"content":{"rendered":"<p>Quem n\u00e3o sonhou em ir a S\u00e3o Francisco e ver a m\u00edtica Ponte Golden Gate com os seus pr\u00f3prios olhos ou visitar a pris\u00e3o mais famosa do mundo: Alcatraz? <a href=\"https:\/\/123-esta.com\/pt-pt\/o-que-ver-e-visitar-na-california\/\">Visitar a Calif\u00f3rnia<\/a> leva tempo com as suas cidades a tocar a imagina\u00e7\u00e3o.<\/p>\n<p>Se desejar viajar para a Cidade da Ba\u00eda, necessitar\u00e1 de uma autoriza\u00e7\u00e3o ESTA se a sua estadia n\u00e3o exceder 3 meses. Convidamo-lo a fazer o seu pedido directamente no nosso s\u00edtio web. A boa not\u00edcia \u00e9 que o processo \u00e9 muito simples e r\u00e1pido. A grande maioria dos pedidos \u00e9 aceite no prazo de 3 dias, desde que o formul\u00e1rio seja devidamente preenchido com a ajuda do passaporte<\/p>\n<p>Uma vez obtida a sua autoriza\u00e7\u00e3o, estar\u00e1 mais livre do que nunca para vir e descobrir SF, uma cidade de atrac\u00e7\u00f5es diversas e quase infinitas! Como as escolhas t\u00eam de ser feitas, compil\u00e1mos 3 visitas essenciais para si.<\/p>\n<h2>A famosa ponte Golden Gate<\/h2>\n<p>Ser\u00e1 devido ao cinema ou \u00e0 s\u00e9rie americana, <a href=\"http:\/\/www.goldengatebridge.org\/\">a famosa ponte sobre a ba\u00eda de S\u00e3o Francisco \u00e9 um dos lugares mais m\u00edticos dos EUA<\/a>, conhecido de todos.<\/p>\n<p>Com um comprimento de 2737 metros, foi constru\u00eddo entre 1933 e 1937 e \u00e9 agora considerado uma das 7 maravilhas do mundo moderno! O seu construtor, o americano de origem alem\u00e3 Joseph Strauss, \u00e9 uma lenda na hist\u00f3ria americana.<\/p>\n<p>Caminhar at\u00e9 l\u00e1 \u00e9 uma experi\u00eancia \u00fanica, mas cuidado com aqueles que t\u00eam medo das alturas: 67 metros de altura, pode senti-la no seu est\u00f4mago quando olha para baixo!<\/p>\n<h2>Pris\u00e3o de Alcatraz<\/h2>\n<p>Conhecida em todo o mundo e a estrela de filmes como o lend\u00e1rio &#8216;Escape from Alcatraz&#8217; estrelado por Clint Eastwood, a pris\u00e3o de Alcatraz est\u00e1 situada numa pequena ilha com 2,4 km de comprimento na ba\u00eda de S\u00e3o Francisco.<\/p>\n<p>\u00c9 uma obriga\u00e7\u00e3o para qualquer turista que visite S\u00e3o Francisco. Activa at\u00e9 1963, Alcatraz foi a pris\u00e3o de maior seguran\u00e7a do pa\u00eds. Diz a lenda que nenhum prisioneiro jamais escapou. \u00c9 provavelmente por isso que prisioneiros famosos como Al Capone, Henry Young ou Robert Stroud (ver o soberbo filme &#8216;Birdman of Alcatraz&#8217;) foram a\u00ed encarcerados.<\/p>\n<p>Visitado por mais de um milh\u00e3o de turistas por ano, uma visita a Alcatraz dar-lhe-\u00e1 uma vis\u00e3o das condi\u00e7\u00f5es dos prisioneiros na altura, da vida dos guardas, etc. Uma visita inesquec\u00edvel!<\/p>\n<h2>O distrito de Chinatown<\/h2>\n<p>Se est\u00e1 nos EUA h\u00e1 v\u00e1rias semanas com a ajuda da sua autoriza\u00e7\u00e3o ESTA, um passeio pela Chinatown de S\u00e3o Francisco promete ser um choque cultural e tanto!<\/p>\n<p>\u00c9 a maior Chinatown do mundo fora da \u00c1sia e tem uma popula\u00e7\u00e3o de pouco mais de 100.000 pessoas provenientes da China e de toda a \u00c1sia. Andar por a\u00ed permitir-lhe-\u00e1 provar as muitas especialidades locais, mas tenha cuidado: os habitantes locais muitas vezes n\u00e3o falam uma palavra de ingl\u00eas! O conhecimento do Mandarim seria uma grande vantagem!<\/p>\n<h2>Mas tamb\u00e9m&#8230;<\/h2>\n<p>Resumir S\u00e3o Francisco em 3 lugares \u00e9, naturalmente, um m\u00ednimo extremo! Dependendo dos vossos gostos, alguns de v\u00f3s ser\u00e3o sem d\u00favida atra\u00eddos para Fisherman&#8217;s Wharf, o sublime arranha-c\u00e9us Transamerica Pyramid, as muitas casas vitorianas da cidade, etc.<\/p>\n<p>Liderada por v\u00e1rias das melhores equipas desportivas da Am\u00e9rica (os 49ers no futebol americano, os Giants no basebol e os Warriors no basquetebol), tamb\u00e9m vale a pena notar que S\u00e3o Francisco \u00e9 conhecida como uma cidade com uma das maiores comunidades gays do mundo, particularmente nas \u00e1reas de Haight-Ashbury e Castro. Em suma, h\u00e1 algo para todos!<\/p>\n","protected":false},"excerpt":{"rendered":"<p>Quem n\u00e3o sonhou em ir a S\u00e3o Francisco e ver a m\u00edtica Ponte Golden Gate com os seus pr\u00f3prios olhos ou visitar a pris\u00e3o mais famosa do mundo: Alcatraz? Visitar a Calif\u00f3rnia leva tempo com as suas cidades a tocar a imagina\u00e7\u00e3o. Se desejar viajar para a Cidade da Ba\u00eda, necessitar\u00e1 de uma autoriza\u00e7\u00e3o ESTA [&hellip;]<\/p>\n","protected":false},"author":1,"featured_media":0,"parent":0,"menu_order":0,"comment_status":"closed","ping_status":"closed","template":"","meta":{"site-sidebar-layout":"default","site-content-layout":"default","ast-site-content-layout":"default","site-content-style":"default","site-sidebar-style":"default","ast-global-header-display":"","ast-banner-title-visibility":"","ast-main-header-display":"","ast-hfb-above-header-display":"","ast-hfb-below-header-display":"","ast-hfb-mobile-header-display":"","site-post-title":"","ast-breadcrumbs-content":"","ast-featured-img":"","footer-sml-layout":"","ast-disable-related-posts":"","theme-transparent-header-meta":"default","adv-header-id-meta":"","stick-header-meta":"default","header-above-stick-meta":"","header-main-stick-meta":"","header-below-stick-meta":"","astra-migrate-meta-layouts":"default","ast-page-background-enabled":"default","ast-page-background-meta":{"desktop":{"background-color":"","background-image":"","background-repeat":"repeat","background-position":"center center","background-size":"auto","background-attachment":"scroll","background-type":"","background-media":"","overlay-type":"","overlay-color":"","overlay-opacity":"","overlay-gradient":""},"tablet":{"background-color":"","background-image":"","background-repeat":"repeat","background-position":"center center","background-size":"auto","background-attachment":"scroll","background-type":"","background-media":"","overlay-type":"","overlay-color":"","overlay-opacity":"","overlay-gradient":""},"mobile":{"background-color":"","background-image":"","background-repeat":"repeat","background-position":"center center","background-size":"auto","background-attachment":"scroll","background-type":"","background-media":"","overlay-type":"","overlay-color":"","overlay-opacity":"","overlay-gradient":""}},"ast-content-background-meta":{"desktop":{"background-color":"var(--ast-global-color-5)","background-image":"","background-repeat":"repeat","background-position":"center center","background-size":"auto","background-attachment":"scroll","background-type":"","background-media":"","overlay-type":"","overlay-color":"","overlay-opacity":"","overlay-gradient":""},"tablet":{"background-color":"var(--ast-global-color-5)","background-image":"","background-repeat":"repeat","background-position":"center center","background-size":"auto","background-attachment":"scroll","background-type":"","background-media":"","overlay-type":"","overlay-color":"","overlay-opacity":"","overlay-gradient":""},"mobile":{"background-color":"var(--ast-global-color-5)","background-image":"","background-repeat":"repeat","background-position":"center center","background-size":"auto","background-attachment":"scroll","background-type":"","background-media":"","overlay-type":"","overlay-color":"","overlay-opacity":"","overlay-gradient":""}},"footnotes":""},"class_list":["post-2332","page","type-page","status-publish","hentry"],"yoast_head":"<!-- This site is optimized with the Yoast SEO plugin v27.1.1 - https:\/\/yoast.com\/product\/yoast-seo-wordpress\/ -->\n<title>Top 10 atrac\u00e7\u00f5es imperd\u00edveis em S\u00e3o Francisco<\/title>\n<meta name=\"description\" content=\"S\u00e3o Francisco, uma cidade de sonho na costa californiana. Ser\u00e1 que ainda precisamos de o apresentar? A ponte Golden Gate, Alcatraz, Fisherman&#039;s Wharf, etc.\" \/>\n<meta name=\"robots\" content=\"index, follow, max-snippet:-1, max-image-preview:large, max-video-preview:-1\" \/>\n<link rel=\"canonical\" href=\"https:\/\/123-esta.com\/pt-pt\/top10-attraccoes-san-fransisco\/\" \/>\n<meta property=\"og:locale\" content=\"pt_PT\" \/>\n<meta property=\"og:type\" content=\"article\" \/>\n<meta property=\"og:title\" content=\"Top 10 atrac\u00e7\u00f5es imperd\u00edveis em S\u00e3o Francisco\" \/>\n<meta property=\"og:description\" content=\"S\u00e3o Francisco, uma cidade de sonho na costa californiana. Ser\u00e1 que ainda precisamos de o apresentar? A ponte Golden Gate, Alcatraz, Fisherman&#039;s Wharf, etc.\" \/>\n<meta property=\"og:url\" content=\"https:\/\/123-esta.com\/pt-pt\/top10-attraccoes-san-fransisco\/\" \/>\n<meta property=\"og:site_name\" content=\"Formulaire ESTA pour les USA\" \/>\n<meta property=\"article:modified_time\" content=\"2022-08-23T21:40:36+00:00\" \/>\n<meta name=\"twitter:card\" content=\"summary_large_image\" \/>\n<meta name=\"twitter:label1\" content=\"Tempo estimado de leitura\" \/>\n\t<meta name=\"twitter:data1\" content=\"3 minutos\" \/>\n<script type=\"application\/ld+json\" class=\"yoast-schema-graph\">{\"@context\":\"https:\/\/schema.org\",\"@graph\":[{\"@type\":\"WebPage\",\"@id\":\"https:\/\/123-esta.com\/pt-pt\/top10-attraccoes-san-fransisco\/\",\"url\":\"https:\/\/123-esta.com\/pt-pt\/top10-attraccoes-san-fransisco\/\",\"name\":\"Top 10 atrac\u00e7\u00f5es imperd\u00edveis em S\u00e3o Francisco\",\"isPartOf\":{\"@id\":\"https:\/\/123-esta.com\/pt-pt\/#website\"},\"datePublished\":\"2022-07-27T19:34:29+00:00\",\"dateModified\":\"2022-08-23T21:40:36+00:00\",\"description\":\"S\u00e3o Francisco, uma cidade de sonho na costa californiana. Ser\u00e1 que ainda precisamos de o apresentar? A ponte Golden Gate, Alcatraz, Fisherman's Wharf, etc.\",\"inLanguage\":\"pt-PT\",\"potentialAction\":[{\"@type\":\"ReadAction\",\"target\":[\"https:\/\/123-esta.com\/pt-pt\/top10-attraccoes-san-fransisco\/\"]}]},{\"@type\":\"WebSite\",\"@id\":\"https:\/\/123-esta.com\/pt-pt\/#website\",\"url\":\"https:\/\/123-esta.com\/pt-pt\/\",\"name\":\"Formulaire ESTA pour les USA\",\"description\":\"\",\"publisher\":{\"@id\":\"https:\/\/123-esta.com\/pt-pt\/#organization\"},\"potentialAction\":[{\"@type\":\"SearchAction\",\"target\":{\"@type\":\"EntryPoint\",\"urlTemplate\":\"https:\/\/123-esta.com\/pt-pt\/?s={search_term_string}\"},\"query-input\":{\"@type\":\"PropertyValueSpecification\",\"valueRequired\":true,\"valueName\":\"search_term_string\"}}],\"inLanguage\":\"pt-PT\"},{\"@type\":\"Organization\",\"@id\":\"https:\/\/123-esta.com\/pt-pt\/#organization\",\"name\":\"Formulaire ESTA pour les USA\",\"url\":\"https:\/\/123-esta.com\/pt-pt\/\",\"logo\":{\"@type\":\"ImageObject\",\"inLanguage\":\"pt-PT\",\"@id\":\"https:\/\/123-esta.com\/pt-pt\/#\/schema\/logo\/image\/\",\"url\":\"https:\/\/123-esta.com\/wp-content\/uploads\/2018\/03\/logo-123-esta.png\",\"contentUrl\":\"https:\/\/123-esta.com\/wp-content\/uploads\/2018\/03\/logo-123-esta.png\",\"width\":191,\"height\":54,\"caption\":\"Formulaire ESTA pour les USA\"},\"image\":{\"@id\":\"https:\/\/123-esta.com\/pt-pt\/#\/schema\/logo\/image\/\"}}]}<\/script>\n<!-- \/ Yoast SEO plugin. -->","yoast_head_json":{"title":"Top 10 atrac\u00e7\u00f5es imperd\u00edveis em S\u00e3o Francisco","description":"S\u00e3o Francisco, uma cidade de sonho na costa californiana. Ser\u00e1 que ainda precisamos de o apresentar? A ponte Golden Gate, Alcatraz, Fisherman's Wharf, etc.","robots":{"index":"index","follow":"follow","max-snippet":"max-snippet:-1","max-image-preview":"max-image-preview:large","max-video-preview":"max-video-preview:-1"},"canonical":"https:\/\/123-esta.com\/pt-pt\/top10-attraccoes-san-fransisco\/","og_locale":"pt_PT","og_type":"article","og_title":"Top 10 atrac\u00e7\u00f5es imperd\u00edveis em S\u00e3o Francisco","og_description":"S\u00e3o Francisco, uma cidade de sonho na costa californiana. Ser\u00e1 que ainda precisamos de o apresentar? A ponte Golden Gate, Alcatraz, Fisherman's Wharf, etc.","og_url":"https:\/\/123-esta.com\/pt-pt\/top10-attraccoes-san-fransisco\/","og_site_name":"Formulaire ESTA pour les USA","article_modified_time":"2022-08-23T21:40:36+00:00","twitter_card":"summary_large_image","twitter_misc":{"Tempo estimado de leitura":"3 minutos"},"schema":{"@context":"https:\/\/schema.org","@graph":[{"@type":"WebPage","@id":"https:\/\/123-esta.com\/pt-pt\/top10-attraccoes-san-fransisco\/","url":"https:\/\/123-esta.com\/pt-pt\/top10-attraccoes-san-fransisco\/","name":"Top 10 atrac\u00e7\u00f5es imperd\u00edveis em S\u00e3o Francisco","isPartOf":{"@id":"https:\/\/123-esta.com\/pt-pt\/#website"},"datePublished":"2022-07-27T19:34:29+00:00","dateModified":"2022-08-23T21:40:36+00:00","description":"S\u00e3o Francisco, uma cidade de sonho na costa californiana. Ser\u00e1 que ainda precisamos de o apresentar? A ponte Golden Gate, Alcatraz, Fisherman's Wharf, etc.","inLanguage":"pt-PT","potentialAction":[{"@type":"ReadAction","target":["https:\/\/123-esta.com\/pt-pt\/top10-attraccoes-san-fransisco\/"]}]},{"@type":"WebSite","@id":"https:\/\/123-esta.com\/pt-pt\/#website","url":"https:\/\/123-esta.com\/pt-pt\/","name":"Formulaire ESTA pour les USA","description":"","publisher":{"@id":"https:\/\/123-esta.com\/pt-pt\/#organization"},"potentialAction":[{"@type":"SearchAction","target":{"@type":"EntryPoint","urlTemplate":"https:\/\/123-esta.com\/pt-pt\/?s={search_term_string}"},"query-input":{"@type":"PropertyValueSpecification","valueRequired":true,"valueName":"search_term_string"}}],"inLanguage":"pt-PT"},{"@type":"Organization","@id":"https:\/\/123-esta.com\/pt-pt\/#organization","name":"Formulaire ESTA pour les USA","url":"https:\/\/123-esta.com\/pt-pt\/","logo":{"@type":"ImageObject","inLanguage":"pt-PT","@id":"https:\/\/123-esta.com\/pt-pt\/#\/schema\/logo\/image\/","url":"https:\/\/123-esta.com\/wp-content\/uploads\/2018\/03\/logo-123-esta.png","contentUrl":"https:\/\/123-esta.com\/wp-content\/uploads\/2018\/03\/logo-123-esta.png","width":191,"height":54,"caption":"Formulaire ESTA pour les USA"},"image":{"@id":"https:\/\/123-esta.com\/pt-pt\/#\/schema\/logo\/image\/"}}]}},"_links":{"self":[{"href":"https:\/\/123-esta.com\/pt-pt\/wp-json\/wp\/v2\/pages\/2332","targetHints":{"allow":["GET"]}}],"collection":[{"href":"https:\/\/123-esta.com\/pt-pt\/wp-json\/wp\/v2\/pages"}],"about":[{"href":"https:\/\/123-esta.com\/pt-pt\/wp-json\/wp\/v2\/types\/page"}],"author":[{"embeddable":true,"href":"https:\/\/123-esta.com\/pt-pt\/wp-json\/wp\/v2\/users\/1"}],"replies":[{"embeddable":true,"href":"https:\/\/123-esta.com\/pt-pt\/wp-json\/wp\/v2\/comments?post=2332"}],"version-history":[{"count":0,"href":"https:\/\/123-esta.com\/pt-pt\/wp-json\/wp\/v2\/pages\/2332\/revisions"}],"wp:attachment":[{"href":"https:\/\/123-esta.com\/pt-pt\/wp-json\/wp\/v2\/media?parent=2332"}],"curies":[{"name":"wp","href":"https:\/\/api.w.org\/{rel}","templated":true}]}}