{"id":2328,"date":"2022-07-27T21:34:28","date_gmt":"2022-07-27T19:34:28","guid":{"rendered":"https:\/\/123-esta.com\/que-voir-a-chicago\/"},"modified":"2022-09-06T23:22:46","modified_gmt":"2022-09-06T21:22:46","slug":"o-que-fazer-em-chicago","status":"publish","type":"page","link":"https:\/\/123-esta.com\/pt-pt\/o-que-fazer-em-chicago\/","title":{"rendered":"O que ver e fazer em Chicago?"},"content":{"rendered":"\n<p>Chicago tem tido por vezes m\u00e1 reputa\u00e7\u00e3o, mas \u00e9 uma das cidades mais imperd\u00edveis do <a href=\"https:\/\/123-esta.com\/pt-pt\/o-que-fazer-no-nordeste-dos-estados-unidos\/\">nordeste dos EUA<\/a>.<\/p>\n\n<p>Antes de lhe darmos 5 raz\u00f5es para visitar a cidade que era cara a Al Capone, gostar\u00edamos de lhe lembrar que precisa de uma autoriza\u00e7\u00e3o ESTA para poder permanecer em solo americano. Pode candidatar-se no nosso website e explorar Chicago em seguran\u00e7a depois de ter sido aprovado!<\/p>\n\n<h2 class=\"wp-block-heading\">Alugue uma bicicleta e conquiste a imensid\u00e3o da cidade!<\/h2>\n\n<p>Armado com um mapa ou GPS, alugar uma bicicleta \u00e9 uma excelente forma de conquistar a terceira maior cidade dos EUA, com pouco menos de 10 milh\u00f5es de habitantes.<\/p>\n\n<p>Para facilitar a sua aventura, recomendamos que utilize uma das muitas empresas tur\u00edsticas que oferecem um &#8220;Bike Tour&#8221; por uma pequena taxa. Com um guia, pode explorar com seguran\u00e7a partes de Chicago menos conhecidas dos turistas. Al\u00e9m disso, embora a maior parte da cidade seja segura, algumas zonas pobres s\u00e3o perigosas e devem ser evitadas.<\/p>\n\n<h2 class=\"wp-block-heading\">Compras de luxo na Magnificent Mile<\/h2>\n\n<p>A<a href=\"https:\/\/www.themagnificentmile.com\/\">&#8216;Magnificent Mile<\/a>&#8216; \u00e9 o apelido dado a parte da maior avenida da cidade, Michigan Avenue, com o nome do lago que faz fronteira com a cidade. Esta &#8216;Wonderful Mile&#8217; \u00e9 A parte da cidade conhecida pelas suas muitas lojas de luxo, mas tamb\u00e9m pelos seus muitos clubes nocturnos. \u00c9 aqui que encontrar\u00e1 o Centro John Hancock, do qual falaremos mais adiante.<\/p>\n\n<h2 class=\"wp-block-heading\">Visite o mundialmente famoso Instituto de Arte<\/h2>\n\n<p>O <a href=\"http:\/\/www.artic.edu\/\">Instituto de Arte de Chicago<\/a> \u00e9 O museu a ver quando estiver em Chicago. \u00c9 o segundo maior museu de arte do pa\u00eds, com muitas obras de arte de Fran\u00e7a: pinturas de Renoir e Monet, esculturas de Renoir, Henri Matisse e Auguste Rodin, etc.<\/p>\n\n<p>Para piorar a situa\u00e7\u00e3o, o museu tem numerosas colec\u00e7\u00f5es de v\u00e1rios objectos de arte de todo o mundo (\u00c1frica, \u00c1sia, Oce\u00e2nia, Europa, etc.) que lhe permitem fazer uma verdadeira digress\u00e3o pelo mundo num \u00fanico dia. Uma paragem obrigat\u00f3ria se tiver um m\u00ednimo de tempo.<\/p>\n\n<h2 class=\"wp-block-heading\">Passear pelo Parque do Mil\u00e9nio futurista<\/h2>\n\n<p>Inaugurado em 2004, o Parque do Mil\u00e9nio \u00e9 um local obrigat\u00f3rio na cidade do norte dos EUA! Oferece acesso gratuito a v\u00e1rias obras monumentais contempor\u00e2neas e futuristas.<\/p>\n\n<p>Para al\u00e9m das muitas esculturas, pode desfrutar de um teatro (o Harris Theather), um enorme &#8220;coreto&#8221; (o Pavilh\u00e3o Jay Pritzker), mas tamb\u00e9m de muitas fontes.<\/p>\n\n<h2 class=\"wp-block-heading\">Bebidas no topo do John Hancock Center<\/h2>\n\n<p>Quando o sol est\u00e1 prestes a p\u00f4r-se e o c\u00e9u est\u00e1 limpo, recomendamos mais do que nunca uma viagem ao John Hancock Center na avenida Michigan.<\/p>\n\n<p>Este arranha-c\u00e9us de 344m de altura, conclu\u00eddo em 1969, tem um bar lounge no \u00faltimo andar do edif\u00edcio. A vista \u00e9 absolutamente incr\u00edvel e pode admirar a cidade de dia e de noite. Idealmente, deveria vir ao anoitecer, para que possa ver o sol desaparecer no horizonte.<\/p>\n","protected":false},"excerpt":{"rendered":"<p>Chicago tem tido por vezes m\u00e1 reputa\u00e7\u00e3o, mas \u00e9 uma das cidades mais imperd\u00edveis do nordeste dos EUA. Antes de lhe darmos 5 raz\u00f5es para visitar a cidade que era cara a Al Capone, gostar\u00edamos de lhe lembrar que precisa de uma autoriza\u00e7\u00e3o ESTA para poder permanecer em solo americano. Pode candidatar-se no nosso website [&hellip;]<\/p>\n","protected":false},"author":1,"featured_media":0,"parent":0,"menu_order":0,"comment_status":"closed","ping_status":"closed","template":"","meta":{"site-sidebar-layout":"default","site-content-layout":"default","ast-site-content-layout":"default","site-content-style":"default","site-sidebar-style":"default","ast-global-header-display":"","ast-banner-title-visibility":"","ast-main-header-display":"","ast-hfb-above-header-display":"","ast-hfb-below-header-display":"","ast-hfb-mobile-header-display":"","site-post-title":"","ast-breadcrumbs-content":"","ast-featured-img":"","footer-sml-layout":"","ast-disable-related-posts":"","theme-transparent-header-meta":"default","adv-header-id-meta":"","stick-header-meta":"default","header-above-stick-meta":"","header-main-stick-meta":"","header-below-stick-meta":"","astra-migrate-meta-layouts":"default","ast-page-background-enabled":"default","ast-page-background-meta":{"desktop":{"background-color":"","background-image":"","background-repeat":"repeat","background-position":"center center","background-size":"auto","background-attachment":"scroll","background-type":"","background-media":"","overlay-type":"","overlay-color":"","overlay-opacity":"","overlay-gradient":""},"tablet":{"background-color":"","background-image":"","background-repeat":"repeat","background-position":"center center","background-size":"auto","background-attachment":"scroll","background-type":"","background-media":"","overlay-type":"","overlay-color":"","overlay-opacity":"","overlay-gradient":""},"mobile":{"background-color":"","background-image":"","background-repeat":"repeat","background-position":"center center","background-size":"auto","background-attachment":"scroll","background-type":"","background-media":"","overlay-type":"","overlay-color":"","overlay-opacity":"","overlay-gradient":""}},"ast-content-background-meta":{"desktop":{"background-color":"var(--ast-global-color-5)","background-image":"","background-repeat":"repeat","background-position":"center center","background-size":"auto","background-attachment":"scroll","background-type":"","background-media":"","overlay-type":"","overlay-color":"","overlay-opacity":"","overlay-gradient":""},"tablet":{"background-color":"var(--ast-global-color-5)","background-image":"","background-repeat":"repeat","background-position":"center center","background-size":"auto","background-attachment":"scroll","background-type":"","background-media":"","overlay-type":"","overlay-color":"","overlay-opacity":"","overlay-gradient":""},"mobile":{"background-color":"var(--ast-global-color-5)","background-image":"","background-repeat":"repeat","background-position":"center center","background-size":"auto","background-attachment":"scroll","background-type":"","background-media":"","overlay-type":"","overlay-color":"","overlay-opacity":"","overlay-gradient":""}},"footnotes":""},"class_list":["post-2328","page","type-page","status-publish","hentry"],"yoast_head":"<!-- This site is optimized with the Yoast SEO plugin v27.1.1 - https:\/\/yoast.com\/product\/yoast-seo-wordpress\/ -->\n<title>Quais s\u00e3o as coisas a ver em Chicago?<\/title>\n<meta name=\"description\" content=\"Chicago, uma cidade cheia de surpresas, mas n\u00e3o favorecida pelos turistas. N\u00e3o cometa o erro de o ignorar!\" \/>\n<meta name=\"robots\" content=\"index, follow, max-snippet:-1, max-image-preview:large, max-video-preview:-1\" \/>\n<link rel=\"canonical\" href=\"https:\/\/123-esta.com\/pt-pt\/o-que-fazer-em-chicago\/\" \/>\n<meta property=\"og:locale\" content=\"pt_PT\" \/>\n<meta property=\"og:type\" content=\"article\" \/>\n<meta property=\"og:title\" content=\"Quais s\u00e3o as coisas a ver em Chicago?\" \/>\n<meta property=\"og:description\" content=\"Chicago, uma cidade cheia de surpresas, mas n\u00e3o favorecida pelos turistas. N\u00e3o cometa o erro de o ignorar!\" \/>\n<meta property=\"og:url\" content=\"https:\/\/123-esta.com\/pt-pt\/o-que-fazer-em-chicago\/\" \/>\n<meta property=\"og:site_name\" content=\"Formulaire ESTA pour les USA\" \/>\n<meta property=\"article:modified_time\" content=\"2022-09-06T21:22:46+00:00\" \/>\n<meta name=\"twitter:card\" content=\"summary_large_image\" \/>\n<meta name=\"twitter:label1\" content=\"Tempo estimado de leitura\" \/>\n\t<meta name=\"twitter:data1\" content=\"2 minutos\" \/>\n<script type=\"application\/ld+json\" class=\"yoast-schema-graph\">{\"@context\":\"https:\/\/schema.org\",\"@graph\":[{\"@type\":\"WebPage\",\"@id\":\"https:\/\/123-esta.com\/pt-pt\/o-que-fazer-em-chicago\/\",\"url\":\"https:\/\/123-esta.com\/pt-pt\/o-que-fazer-em-chicago\/\",\"name\":\"Quais s\u00e3o as coisas a ver em Chicago?\",\"isPartOf\":{\"@id\":\"https:\/\/123-esta.com\/pt-pt\/#website\"},\"datePublished\":\"2022-07-27T19:34:28+00:00\",\"dateModified\":\"2022-09-06T21:22:46+00:00\",\"description\":\"Chicago, uma cidade cheia de surpresas, mas n\u00e3o favorecida pelos turistas. N\u00e3o cometa o erro de o ignorar!\",\"inLanguage\":\"pt-PT\",\"potentialAction\":[{\"@type\":\"ReadAction\",\"target\":[\"https:\/\/123-esta.com\/pt-pt\/o-que-fazer-em-chicago\/\"]}]},{\"@type\":\"WebSite\",\"@id\":\"https:\/\/123-esta.com\/pt-pt\/#website\",\"url\":\"https:\/\/123-esta.com\/pt-pt\/\",\"name\":\"Formulaire ESTA pour les USA\",\"description\":\"\",\"publisher\":{\"@id\":\"https:\/\/123-esta.com\/pt-pt\/#organization\"},\"potentialAction\":[{\"@type\":\"SearchAction\",\"target\":{\"@type\":\"EntryPoint\",\"urlTemplate\":\"https:\/\/123-esta.com\/pt-pt\/?s={search_term_string}\"},\"query-input\":{\"@type\":\"PropertyValueSpecification\",\"valueRequired\":true,\"valueName\":\"search_term_string\"}}],\"inLanguage\":\"pt-PT\"},{\"@type\":\"Organization\",\"@id\":\"https:\/\/123-esta.com\/pt-pt\/#organization\",\"name\":\"Formulaire ESTA pour les USA\",\"url\":\"https:\/\/123-esta.com\/pt-pt\/\",\"logo\":{\"@type\":\"ImageObject\",\"inLanguage\":\"pt-PT\",\"@id\":\"https:\/\/123-esta.com\/pt-pt\/#\/schema\/logo\/image\/\",\"url\":\"https:\/\/123-esta.com\/wp-content\/uploads\/2018\/03\/logo-123-esta.png\",\"contentUrl\":\"https:\/\/123-esta.com\/wp-content\/uploads\/2018\/03\/logo-123-esta.png\",\"width\":191,\"height\":54,\"caption\":\"Formulaire ESTA pour les USA\"},\"image\":{\"@id\":\"https:\/\/123-esta.com\/pt-pt\/#\/schema\/logo\/image\/\"}}]}<\/script>\n<!-- \/ Yoast SEO plugin. -->","yoast_head_json":{"title":"Quais s\u00e3o as coisas a ver em Chicago?","description":"Chicago, uma cidade cheia de surpresas, mas n\u00e3o favorecida pelos turistas. N\u00e3o cometa o erro de o ignorar!","robots":{"index":"index","follow":"follow","max-snippet":"max-snippet:-1","max-image-preview":"max-image-preview:large","max-video-preview":"max-video-preview:-1"},"canonical":"https:\/\/123-esta.com\/pt-pt\/o-que-fazer-em-chicago\/","og_locale":"pt_PT","og_type":"article","og_title":"Quais s\u00e3o as coisas a ver em Chicago?","og_description":"Chicago, uma cidade cheia de surpresas, mas n\u00e3o favorecida pelos turistas. N\u00e3o cometa o erro de o ignorar!","og_url":"https:\/\/123-esta.com\/pt-pt\/o-que-fazer-em-chicago\/","og_site_name":"Formulaire ESTA pour les USA","article_modified_time":"2022-09-06T21:22:46+00:00","twitter_card":"summary_large_image","twitter_misc":{"Tempo estimado de leitura":"2 minutos"},"schema":{"@context":"https:\/\/schema.org","@graph":[{"@type":"WebPage","@id":"https:\/\/123-esta.com\/pt-pt\/o-que-fazer-em-chicago\/","url":"https:\/\/123-esta.com\/pt-pt\/o-que-fazer-em-chicago\/","name":"Quais s\u00e3o as coisas a ver em Chicago?","isPartOf":{"@id":"https:\/\/123-esta.com\/pt-pt\/#website"},"datePublished":"2022-07-27T19:34:28+00:00","dateModified":"2022-09-06T21:22:46+00:00","description":"Chicago, uma cidade cheia de surpresas, mas n\u00e3o favorecida pelos turistas. N\u00e3o cometa o erro de o ignorar!","inLanguage":"pt-PT","potentialAction":[{"@type":"ReadAction","target":["https:\/\/123-esta.com\/pt-pt\/o-que-fazer-em-chicago\/"]}]},{"@type":"WebSite","@id":"https:\/\/123-esta.com\/pt-pt\/#website","url":"https:\/\/123-esta.com\/pt-pt\/","name":"Formulaire ESTA pour les USA","description":"","publisher":{"@id":"https:\/\/123-esta.com\/pt-pt\/#organization"},"potentialAction":[{"@type":"SearchAction","target":{"@type":"EntryPoint","urlTemplate":"https:\/\/123-esta.com\/pt-pt\/?s={search_term_string}"},"query-input":{"@type":"PropertyValueSpecification","valueRequired":true,"valueName":"search_term_string"}}],"inLanguage":"pt-PT"},{"@type":"Organization","@id":"https:\/\/123-esta.com\/pt-pt\/#organization","name":"Formulaire ESTA pour les USA","url":"https:\/\/123-esta.com\/pt-pt\/","logo":{"@type":"ImageObject","inLanguage":"pt-PT","@id":"https:\/\/123-esta.com\/pt-pt\/#\/schema\/logo\/image\/","url":"https:\/\/123-esta.com\/wp-content\/uploads\/2018\/03\/logo-123-esta.png","contentUrl":"https:\/\/123-esta.com\/wp-content\/uploads\/2018\/03\/logo-123-esta.png","width":191,"height":54,"caption":"Formulaire ESTA pour les USA"},"image":{"@id":"https:\/\/123-esta.com\/pt-pt\/#\/schema\/logo\/image\/"}}]}},"_links":{"self":[{"href":"https:\/\/123-esta.com\/pt-pt\/wp-json\/wp\/v2\/pages\/2328","targetHints":{"allow":["GET"]}}],"collection":[{"href":"https:\/\/123-esta.com\/pt-pt\/wp-json\/wp\/v2\/pages"}],"about":[{"href":"https:\/\/123-esta.com\/pt-pt\/wp-json\/wp\/v2\/types\/page"}],"author":[{"embeddable":true,"href":"https:\/\/123-esta.com\/pt-pt\/wp-json\/wp\/v2\/users\/1"}],"replies":[{"embeddable":true,"href":"https:\/\/123-esta.com\/pt-pt\/wp-json\/wp\/v2\/comments?post=2328"}],"version-history":[{"count":0,"href":"https:\/\/123-esta.com\/pt-pt\/wp-json\/wp\/v2\/pages\/2328\/revisions"}],"wp:attachment":[{"href":"https:\/\/123-esta.com\/pt-pt\/wp-json\/wp\/v2\/media?parent=2328"}],"curies":[{"name":"wp","href":"https:\/\/api.w.org\/{rel}","templated":true}]}}