{"id":2324,"date":"2022-07-27T21:34:28","date_gmt":"2022-07-27T19:34:28","guid":{"rendered":"https:\/\/123-esta.com\/visite-central-park\/"},"modified":"2022-09-19T17:24:31","modified_gmt":"2022-09-19T15:24:31","slug":"visite-o-central-park-new-york","status":"publish","type":"page","link":"https:\/\/123-esta.com\/pt-pt\/visite-o-central-park-new-york\/","title":{"rendered":"Visite Central Park &#8211; os pulm\u00f5es de Nova Iorque"},"content":{"rendered":"\n<p><a href=\"https:\/\/123-esta.com\/pt-pt\/os-10-melhores-passeios-em-new-york\/\">Nova Iorque<\/a> \u00e9 famosa por tantas coisas. Conhecida como a cidade mais visitada do mundo, fascina pela sua modernidade e diversidade cultural. Os seus enormes arranha-c\u00e9us s\u00e3o impressionantes e o seu maior espa\u00e7o verde, o Central Park, localizado em Manhattan, gravou-se nas mem\u00f3rias e cora\u00e7\u00f5es daqueles que o visitaram.<\/p>\n\n<p>Dos parques dos cinco bairros de Nova Iorque, o Central Park \u00e9 simultaneamente o maior e mais conhecido. Cobre uma \u00e1rea de 341 hectares e \u00e9 o resultado de 13 anos de trabalho \u00e1rduo por profissionais e entusiastas da paisagem.<\/p>\n\n<p>O Central Park \u00e9 constitu\u00eddo por v\u00e1rios elementos, incluindo grandes \u00e1reas relvadas populares entre as fam\u00edlias de Nova Iorque, jardins coloridos, \u00e1reas arborizadas e selvagens povoadas por mais de 280 esp\u00e9cies de aves e uma d\u00fazia de esp\u00e9cies de mam\u00edferos, e um corpo de \u00e1gua que vai desde simples lagoas a grandes lagos artificiais. Assim, este belo lugar \u00e9 justamente referido como os &#8220;pulm\u00f5es de Nova Iorque&#8221;.<\/p>\n\n<h2 class=\"wp-block-heading\">Quando visitar o Central Park<\/h2>\n\n<p>O Central Park \u00e9 dedicado \u00e0s fam\u00edlias, desportistas, amantes da natureza e a todos aqueles que anseiam pela paz. Oferece diferentes espect\u00e1culos, dependendo da \u00e9poca do ano. O parque \u00e9 um local quente no Ver\u00e3o, quando a maioria dos nova-iorquinos v\u00eam para tomar sol ou relaxar \u00e0 sombra das \u00e1rvores.<\/p>\n\n<p>O ambiente \u00e9 quase o mesmo no Outono e na Primavera, com excep\u00e7\u00e3o da decora\u00e7\u00e3o, que \u00e9 marcada por um encantador jogo de cores devido \u00e0 flora\u00e7\u00e3o das plantas na Primavera e \u00e0s folhas das \u00e1rvores que mudam de cor no Outono. E no Inverno, quando a neve o permite, o Central Park torna-se uma verdadeira est\u00e2ncia de esqui para as fam\u00edlias de Nova Iorque. Tudo, desde o sledging at\u00e9 ao esqui de fundo, para n\u00e3o falar da patinagem no gelo<\/p>\n\n<h2 class=\"wp-block-heading\">Como visitar o Central Park<\/h2>\n\n<p>\u00c9 recomendada uma visita a p\u00e9 ou de bicicleta. O aluguer de bicicletas \u00e9 omnipresente nos Estados Unidos, especialmente nas principais cidades e pontos tur\u00edsticos. O ciclismo no Central Parc permite-lhe desfrutar melhor da paisagem e chegar ao maior n\u00famero poss\u00edvel de lugares no parque. N\u00e3o esquecer que o Central Parc \u00e9 enorme e estende-se por at\u00e9 4km ao longo de uma \u00e1rea de 800m\u00b2.<\/p>\n\n<p>Os casais s\u00e3o geralmente atra\u00eddos pelo aluguer de um barco. Esta \u00e9 uma forma mais rom\u00e2ntica e original de visitar o parque e desfrutar de um bom tempo juntos.<\/p>\n\n<p>Pode facilmente encontrar comida de rua para comprar bebidas frias e desfrutar de bons cachorros quentes. H\u00e1 bons restaurantes onde se pode sentar e tomar uma bebida e apreciar a beleza da paisagem. O Central Parc \u00e9 simplesmente bonito.<\/p>\n","protected":false},"excerpt":{"rendered":"<p>Nova Iorque \u00e9 famosa por tantas coisas. Conhecida como a cidade mais visitada do mundo, fascina pela sua modernidade e diversidade cultural. Os seus enormes arranha-c\u00e9us s\u00e3o impressionantes e o seu maior espa\u00e7o verde, o Central Park, localizado em Manhattan, gravou-se nas mem\u00f3rias e cora\u00e7\u00f5es daqueles que o visitaram. Dos parques dos cinco bairros de [&hellip;]<\/p>\n","protected":false},"author":1,"featured_media":0,"parent":0,"menu_order":0,"comment_status":"closed","ping_status":"closed","template":"","meta":{"site-sidebar-layout":"default","site-content-layout":"default","ast-site-content-layout":"default","site-content-style":"default","site-sidebar-style":"default","ast-global-header-display":"","ast-banner-title-visibility":"","ast-main-header-display":"","ast-hfb-above-header-display":"","ast-hfb-below-header-display":"","ast-hfb-mobile-header-display":"","site-post-title":"","ast-breadcrumbs-content":"","ast-featured-img":"","footer-sml-layout":"","ast-disable-related-posts":"","theme-transparent-header-meta":"default","adv-header-id-meta":"","stick-header-meta":"default","header-above-stick-meta":"","header-main-stick-meta":"","header-below-stick-meta":"","astra-migrate-meta-layouts":"default","ast-page-background-enabled":"default","ast-page-background-meta":{"desktop":{"background-color":"","background-image":"","background-repeat":"repeat","background-position":"center center","background-size":"auto","background-attachment":"scroll","background-type":"","background-media":"","overlay-type":"","overlay-color":"","overlay-opacity":"","overlay-gradient":""},"tablet":{"background-color":"","background-image":"","background-repeat":"repeat","background-position":"center center","background-size":"auto","background-attachment":"scroll","background-type":"","background-media":"","overlay-type":"","overlay-color":"","overlay-opacity":"","overlay-gradient":""},"mobile":{"background-color":"","background-image":"","background-repeat":"repeat","background-position":"center center","background-size":"auto","background-attachment":"scroll","background-type":"","background-media":"","overlay-type":"","overlay-color":"","overlay-opacity":"","overlay-gradient":""}},"ast-content-background-meta":{"desktop":{"background-color":"var(--ast-global-color-5)","background-image":"","background-repeat":"repeat","background-position":"center center","background-size":"auto","background-attachment":"scroll","background-type":"","background-media":"","overlay-type":"","overlay-color":"","overlay-opacity":"","overlay-gradient":""},"tablet":{"background-color":"var(--ast-global-color-5)","background-image":"","background-repeat":"repeat","background-position":"center center","background-size":"auto","background-attachment":"scroll","background-type":"","background-media":"","overlay-type":"","overlay-color":"","overlay-opacity":"","overlay-gradient":""},"mobile":{"background-color":"var(--ast-global-color-5)","background-image":"","background-repeat":"repeat","background-position":"center center","background-size":"auto","background-attachment":"scroll","background-type":"","background-media":"","overlay-type":"","overlay-color":"","overlay-opacity":"","overlay-gradient":""}},"footnotes":""},"class_list":["post-2324","page","type-page","status-publish","hentry"],"yoast_head":"<!-- This site is optimized with the Yoast SEO plugin v27.1.1 - https:\/\/yoast.com\/product\/yoast-seo-wordpress\/ -->\n<title>Visite Central Park - o lugar emblem\u00e1tico de Nova Iorque<\/title>\n<meta name=\"description\" content=\"Central Park, os pulm\u00f5es de Nova Iorque. Um lugar extraordin\u00e1rio no cora\u00e7\u00e3o da cidade, que nunca dorme. A n\u00e3o perder.\" \/>\n<meta name=\"robots\" content=\"index, follow, max-snippet:-1, max-image-preview:large, max-video-preview:-1\" \/>\n<link rel=\"canonical\" href=\"https:\/\/123-esta.com\/pt-pt\/visite-o-central-park-new-york\/\" \/>\n<meta property=\"og:locale\" content=\"pt_PT\" \/>\n<meta property=\"og:type\" content=\"article\" \/>\n<meta property=\"og:title\" content=\"Visite Central Park - o lugar emblem\u00e1tico de Nova Iorque\" \/>\n<meta property=\"og:description\" content=\"Central Park, os pulm\u00f5es de Nova Iorque. Um lugar extraordin\u00e1rio no cora\u00e7\u00e3o da cidade, que nunca dorme. A n\u00e3o perder.\" \/>\n<meta property=\"og:url\" content=\"https:\/\/123-esta.com\/pt-pt\/visite-o-central-park-new-york\/\" \/>\n<meta property=\"og:site_name\" content=\"Formulaire ESTA pour les USA\" \/>\n<meta property=\"article:modified_time\" content=\"2022-09-19T15:24:31+00:00\" \/>\n<meta name=\"twitter:card\" content=\"summary_large_image\" \/>\n<meta name=\"twitter:label1\" content=\"Tempo estimado de leitura\" \/>\n\t<meta name=\"twitter:data1\" content=\"2 minutos\" \/>\n<script type=\"application\/ld+json\" class=\"yoast-schema-graph\">{\"@context\":\"https:\/\/schema.org\",\"@graph\":[{\"@type\":\"WebPage\",\"@id\":\"https:\/\/123-esta.com\/pt-pt\/visite-o-central-park-new-york\/\",\"url\":\"https:\/\/123-esta.com\/pt-pt\/visite-o-central-park-new-york\/\",\"name\":\"Visite Central Park - o lugar emblem\u00e1tico de Nova Iorque\",\"isPartOf\":{\"@id\":\"https:\/\/123-esta.com\/pt-pt\/#website\"},\"datePublished\":\"2022-07-27T19:34:28+00:00\",\"dateModified\":\"2022-09-19T15:24:31+00:00\",\"description\":\"Central Park, os pulm\u00f5es de Nova Iorque. Um lugar extraordin\u00e1rio no cora\u00e7\u00e3o da cidade, que nunca dorme. A n\u00e3o perder.\",\"inLanguage\":\"pt-PT\",\"potentialAction\":[{\"@type\":\"ReadAction\",\"target\":[\"https:\/\/123-esta.com\/pt-pt\/visite-o-central-park-new-york\/\"]}]},{\"@type\":\"WebSite\",\"@id\":\"https:\/\/123-esta.com\/pt-pt\/#website\",\"url\":\"https:\/\/123-esta.com\/pt-pt\/\",\"name\":\"Formulaire ESTA pour les USA\",\"description\":\"\",\"publisher\":{\"@id\":\"https:\/\/123-esta.com\/pt-pt\/#organization\"},\"potentialAction\":[{\"@type\":\"SearchAction\",\"target\":{\"@type\":\"EntryPoint\",\"urlTemplate\":\"https:\/\/123-esta.com\/pt-pt\/?s={search_term_string}\"},\"query-input\":{\"@type\":\"PropertyValueSpecification\",\"valueRequired\":true,\"valueName\":\"search_term_string\"}}],\"inLanguage\":\"pt-PT\"},{\"@type\":\"Organization\",\"@id\":\"https:\/\/123-esta.com\/pt-pt\/#organization\",\"name\":\"Formulaire ESTA pour les USA\",\"url\":\"https:\/\/123-esta.com\/pt-pt\/\",\"logo\":{\"@type\":\"ImageObject\",\"inLanguage\":\"pt-PT\",\"@id\":\"https:\/\/123-esta.com\/pt-pt\/#\/schema\/logo\/image\/\",\"url\":\"https:\/\/123-esta.com\/wp-content\/uploads\/2018\/03\/logo-123-esta.png\",\"contentUrl\":\"https:\/\/123-esta.com\/wp-content\/uploads\/2018\/03\/logo-123-esta.png\",\"width\":191,\"height\":54,\"caption\":\"Formulaire ESTA pour les USA\"},\"image\":{\"@id\":\"https:\/\/123-esta.com\/pt-pt\/#\/schema\/logo\/image\/\"}}]}<\/script>\n<!-- \/ Yoast SEO plugin. -->","yoast_head_json":{"title":"Visite Central Park - o lugar emblem\u00e1tico de Nova Iorque","description":"Central Park, os pulm\u00f5es de Nova Iorque. Um lugar extraordin\u00e1rio no cora\u00e7\u00e3o da cidade, que nunca dorme. A n\u00e3o perder.","robots":{"index":"index","follow":"follow","max-snippet":"max-snippet:-1","max-image-preview":"max-image-preview:large","max-video-preview":"max-video-preview:-1"},"canonical":"https:\/\/123-esta.com\/pt-pt\/visite-o-central-park-new-york\/","og_locale":"pt_PT","og_type":"article","og_title":"Visite Central Park - o lugar emblem\u00e1tico de Nova Iorque","og_description":"Central Park, os pulm\u00f5es de Nova Iorque. Um lugar extraordin\u00e1rio no cora\u00e7\u00e3o da cidade, que nunca dorme. A n\u00e3o perder.","og_url":"https:\/\/123-esta.com\/pt-pt\/visite-o-central-park-new-york\/","og_site_name":"Formulaire ESTA pour les USA","article_modified_time":"2022-09-19T15:24:31+00:00","twitter_card":"summary_large_image","twitter_misc":{"Tempo estimado de leitura":"2 minutos"},"schema":{"@context":"https:\/\/schema.org","@graph":[{"@type":"WebPage","@id":"https:\/\/123-esta.com\/pt-pt\/visite-o-central-park-new-york\/","url":"https:\/\/123-esta.com\/pt-pt\/visite-o-central-park-new-york\/","name":"Visite Central Park - o lugar emblem\u00e1tico de Nova Iorque","isPartOf":{"@id":"https:\/\/123-esta.com\/pt-pt\/#website"},"datePublished":"2022-07-27T19:34:28+00:00","dateModified":"2022-09-19T15:24:31+00:00","description":"Central Park, os pulm\u00f5es de Nova Iorque. Um lugar extraordin\u00e1rio no cora\u00e7\u00e3o da cidade, que nunca dorme. A n\u00e3o perder.","inLanguage":"pt-PT","potentialAction":[{"@type":"ReadAction","target":["https:\/\/123-esta.com\/pt-pt\/visite-o-central-park-new-york\/"]}]},{"@type":"WebSite","@id":"https:\/\/123-esta.com\/pt-pt\/#website","url":"https:\/\/123-esta.com\/pt-pt\/","name":"Formulaire ESTA pour les USA","description":"","publisher":{"@id":"https:\/\/123-esta.com\/pt-pt\/#organization"},"potentialAction":[{"@type":"SearchAction","target":{"@type":"EntryPoint","urlTemplate":"https:\/\/123-esta.com\/pt-pt\/?s={search_term_string}"},"query-input":{"@type":"PropertyValueSpecification","valueRequired":true,"valueName":"search_term_string"}}],"inLanguage":"pt-PT"},{"@type":"Organization","@id":"https:\/\/123-esta.com\/pt-pt\/#organization","name":"Formulaire ESTA pour les USA","url":"https:\/\/123-esta.com\/pt-pt\/","logo":{"@type":"ImageObject","inLanguage":"pt-PT","@id":"https:\/\/123-esta.com\/pt-pt\/#\/schema\/logo\/image\/","url":"https:\/\/123-esta.com\/wp-content\/uploads\/2018\/03\/logo-123-esta.png","contentUrl":"https:\/\/123-esta.com\/wp-content\/uploads\/2018\/03\/logo-123-esta.png","width":191,"height":54,"caption":"Formulaire ESTA pour les USA"},"image":{"@id":"https:\/\/123-esta.com\/pt-pt\/#\/schema\/logo\/image\/"}}]}},"_links":{"self":[{"href":"https:\/\/123-esta.com\/pt-pt\/wp-json\/wp\/v2\/pages\/2324","targetHints":{"allow":["GET"]}}],"collection":[{"href":"https:\/\/123-esta.com\/pt-pt\/wp-json\/wp\/v2\/pages"}],"about":[{"href":"https:\/\/123-esta.com\/pt-pt\/wp-json\/wp\/v2\/types\/page"}],"author":[{"embeddable":true,"href":"https:\/\/123-esta.com\/pt-pt\/wp-json\/wp\/v2\/users\/1"}],"replies":[{"embeddable":true,"href":"https:\/\/123-esta.com\/pt-pt\/wp-json\/wp\/v2\/comments?post=2324"}],"version-history":[{"count":0,"href":"https:\/\/123-esta.com\/pt-pt\/wp-json\/wp\/v2\/pages\/2324\/revisions"}],"wp:attachment":[{"href":"https:\/\/123-esta.com\/pt-pt\/wp-json\/wp\/v2\/media?parent=2324"}],"curies":[{"name":"wp","href":"https:\/\/api.w.org\/{rel}","templated":true}]}}