{"id":2319,"date":"2022-07-27T21:34:26","date_gmt":"2022-07-27T19:34:26","guid":{"rendered":"https:\/\/123-esta.com\/what-to-see-and-visit-in-california\/"},"modified":"2022-09-15T19:34:35","modified_gmt":"2022-09-15T17:34:35","slug":"o-que-ver-e-visitar-na-california","status":"publish","type":"page","link":"https:\/\/123-esta.com\/pt-pt\/o-que-ver-e-visitar-na-california\/","title":{"rendered":"O que \u00e9 que h\u00e1 para ver e fazer na Calif\u00f3rnia?"},"content":{"rendered":"\n<p>Planear um itiner\u00e1rio num pa\u00eds t\u00e3o grande como os Estados Unidos pode ser uma tarefa complicada, uma vez que h\u00e1 tantos  <a href=\"\/\/123-esta.com\/les-grandes-villes-et-regions-a-visiter-aux-etats-unis\/\">Principais cidades e regi\u00f5es a visitar nos EUA<\/a>  ! Para o ajudar, os nossos peritos em viagens escreveram um guia para a Calif\u00f3rnia, a defini\u00e7\u00e3o do sonho americano!<\/p>\n\n<p>Este estado americano evoca automaticamente o &#8220;American way of life&#8221;, um estilo de vida descontra\u00eddo em praias ensolaradas e uma acolhedora cultura multi\u00e9tnica, atraindo todos os anos milh\u00f5es de viajantes. Este destino oferece muitas possibilidades para todos os tipos de viajantes:<\/p>\n\n<ul class=\"wp-block-list\"><li>Iniciar uma viagem pelas estradas mais m\u00edticas, tais como a Estrada 66, os EUA1 ou a Estrada Tioga;<\/li><li>Esqui nas montanhas de S\u00e3o Gabriel no Inverno;<\/li><li>Participar numa expedi\u00e7\u00e3o de canoa ao longo dos 82 km de extens\u00e3o do rio Los Angeles;<\/li><li>Visite as vinhas nas colinas do Vale de Napa para provar o vinho local;<\/li><li>Banhos de sol nas in\u00fameras praias ao longo da costa californiana;<\/li><li>Nata\u00e7\u00e3o no Oceano Pac\u00edfico;<\/li><li>Desfrute do incr\u00edvel cen\u00e1rio natural em parques nacionais como Yosemite, Vale da Morte, e Sequoia;<\/li><li>Divirta-se sozinho ou com a sua fam\u00edlia nos parques tem\u00e1ticos mais famosos do mundo, tais como Magic Kingdom (Disney), Lego land, Six Flag, ou Universal para f\u00e3s de cinema;<\/li><li>Desfrute de alguns dos melhores surfistas dos Estados Unidos.<\/li><\/ul>\n\n<p>Apelidado de Estado Dourado, a Calif\u00f3rnia \u00e9 exactamente como se v\u00ea no cinema ou na televis\u00e3o: exuberante, cheio de vida, fora do normal, ensolarado, onde nunca se aborrece! \u00c9 tamb\u00e9m o lar de v\u00e1rias das metr\u00f3poles mais famosas dos EUA.<\/p>\n\n<p>A Cidade dos Anjos \u00e9 conhecida em todo o mundo, seja atrav\u00e9s de filmes, s\u00e9ries de televis\u00e3o ou literatura. Para muitos, L.A. \u00e9 tanto uma modesta cidade fronteiri\u00e7a como uma metr\u00f3pole urbana cintilante com muitas atrac\u00e7\u00f5es. A capital mundial do entretenimento, Los Angeles \u00e9 um sonho tornado realidade para muitos viajantes todos os anos devido \u00e0 sua atmosfera cinematogr\u00e1fica e musical, est\u00fadios, actores e produtores famosos! \u00c9 impens\u00e1vel ficar na Calif\u00f3rnia sem <a href=\"https:\/\/123-esta.com\/pt-pt\/o-que-ver-em-los-angeles\/\">visitar Los Angeles<\/a>, mesmo que seja apenas por um dia.<\/p>\n\n<p>S\u00e3o Francisco n\u00e3o deve ser ultrapassada, uma cidade ic\u00f3nica que n\u00e3o deixa ningu\u00e9m indiferente. Entre os locais tur\u00edsticos mais populares encontram-se a famosa pris\u00e3o de Alcatraz e a gigantesca Ponte Golden Gate. A &#8220;City of the Bay&#8221;, como \u00e9 conhecida nos EUA, \u00e9 uma cidade com influ\u00eancia europeia, o que <a href=\"https:\/\/123-esta.com\/pt-pt\/top10-attraccoes-san-fransisco\/\">faz de S\u00e3o Francisco um dos destinos favoritos dos visitantes franceses na Calif\u00f3rnia<\/a>. Os viajantes sazonais descrevem o SF como peculiar, tradicional mas moderno, din\u00e2mico e amigo do ambiente, e como Los Angeles, desfruta de uma popula\u00e7\u00e3o diversificada.<\/p>\n\n<p>Localizada na costa ocidental americana, a Calif\u00f3rnia \u00e9 um destino l\u00edder para os que procuram emo\u00e7\u00f5es, mas tamb\u00e9m um Eldorado para aqueles que desejam mergulhar no estilo de vida de Hollywood durante uma semana ou mais.<\/p>\n","protected":false},"excerpt":{"rendered":"<p>Planear um itiner\u00e1rio num pa\u00eds t\u00e3o grande como os Estados Unidos pode ser uma tarefa complicada, uma vez que h\u00e1 tantos Principais cidades e regi\u00f5es a visitar nos EUA ! Para o ajudar, os nossos peritos em viagens escreveram um guia para a Calif\u00f3rnia, a defini\u00e7\u00e3o do sonho americano! Este estado americano evoca automaticamente o [&hellip;]<\/p>\n","protected":false},"author":1,"featured_media":0,"parent":0,"menu_order":0,"comment_status":"closed","ping_status":"closed","template":"","meta":{"site-sidebar-layout":"default","site-content-layout":"default","ast-site-content-layout":"default","site-content-style":"default","site-sidebar-style":"default","ast-global-header-display":"","ast-banner-title-visibility":"","ast-main-header-display":"","ast-hfb-above-header-display":"","ast-hfb-below-header-display":"","ast-hfb-mobile-header-display":"","site-post-title":"","ast-breadcrumbs-content":"","ast-featured-img":"","footer-sml-layout":"","ast-disable-related-posts":"","theme-transparent-header-meta":"default","adv-header-id-meta":"","stick-header-meta":"default","header-above-stick-meta":"","header-main-stick-meta":"","header-below-stick-meta":"","astra-migrate-meta-layouts":"default","ast-page-background-enabled":"default","ast-page-background-meta":{"desktop":{"background-color":"","background-image":"","background-repeat":"repeat","background-position":"center center","background-size":"auto","background-attachment":"scroll","background-type":"","background-media":"","overlay-type":"","overlay-color":"","overlay-opacity":"","overlay-gradient":""},"tablet":{"background-color":"","background-image":"","background-repeat":"repeat","background-position":"center center","background-size":"auto","background-attachment":"scroll","background-type":"","background-media":"","overlay-type":"","overlay-color":"","overlay-opacity":"","overlay-gradient":""},"mobile":{"background-color":"","background-image":"","background-repeat":"repeat","background-position":"center center","background-size":"auto","background-attachment":"scroll","background-type":"","background-media":"","overlay-type":"","overlay-color":"","overlay-opacity":"","overlay-gradient":""}},"ast-content-background-meta":{"desktop":{"background-color":"var(--ast-global-color-5)","background-image":"","background-repeat":"repeat","background-position":"center center","background-size":"auto","background-attachment":"scroll","background-type":"","background-media":"","overlay-type":"","overlay-color":"","overlay-opacity":"","overlay-gradient":""},"tablet":{"background-color":"var(--ast-global-color-5)","background-image":"","background-repeat":"repeat","background-position":"center center","background-size":"auto","background-attachment":"scroll","background-type":"","background-media":"","overlay-type":"","overlay-color":"","overlay-opacity":"","overlay-gradient":""},"mobile":{"background-color":"var(--ast-global-color-5)","background-image":"","background-repeat":"repeat","background-position":"center center","background-size":"auto","background-attachment":"scroll","background-type":"","background-media":"","overlay-type":"","overlay-color":"","overlay-opacity":"","overlay-gradient":""}},"footnotes":""},"class_list":["post-2319","page","type-page","status-publish","hentry"],"yoast_head":"<!-- This site is optimized with the Yoast SEO plugin v27.1.1 - https:\/\/yoast.com\/product\/yoast-seo-wordpress\/ -->\n<title>O que ver e visitar nas suas f\u00e9rias na Calif\u00f3rnia?<\/title>\n<meta name=\"description\" content=\"A Calif\u00f3rnia j\u00e1 n\u00e3o \u00e9 um lugar para se estar: S\u00e3o Francisco Europeu, a famosa Los Angeles, parques nacionais de tirar o f\u00f4lego, de que est\u00e1 \u00e0 espera?\" \/>\n<meta name=\"robots\" content=\"index, follow, max-snippet:-1, max-image-preview:large, max-video-preview:-1\" \/>\n<link rel=\"canonical\" href=\"https:\/\/123-esta.com\/pt-pt\/o-que-ver-e-visitar-na-california\/\" \/>\n<meta property=\"og:locale\" content=\"pt_PT\" \/>\n<meta property=\"og:type\" content=\"article\" \/>\n<meta property=\"og:title\" content=\"O que ver e visitar nas suas f\u00e9rias na Calif\u00f3rnia?\" \/>\n<meta property=\"og:description\" content=\"A Calif\u00f3rnia j\u00e1 n\u00e3o \u00e9 um lugar para se estar: S\u00e3o Francisco Europeu, a famosa Los Angeles, parques nacionais de tirar o f\u00f4lego, de que est\u00e1 \u00e0 espera?\" \/>\n<meta property=\"og:url\" content=\"https:\/\/123-esta.com\/pt-pt\/o-que-ver-e-visitar-na-california\/\" \/>\n<meta property=\"og:site_name\" content=\"Formulaire ESTA pour les USA\" \/>\n<meta property=\"article:modified_time\" content=\"2022-09-15T17:34:35+00:00\" \/>\n<meta name=\"twitter:card\" content=\"summary_large_image\" \/>\n<meta name=\"twitter:label1\" content=\"Tempo estimado de leitura\" \/>\n\t<meta name=\"twitter:data1\" content=\"3 minutos\" \/>\n<script type=\"application\/ld+json\" class=\"yoast-schema-graph\">{\"@context\":\"https:\/\/schema.org\",\"@graph\":[{\"@type\":\"WebPage\",\"@id\":\"https:\/\/123-esta.com\/pt-pt\/o-que-ver-e-visitar-na-california\/\",\"url\":\"https:\/\/123-esta.com\/pt-pt\/o-que-ver-e-visitar-na-california\/\",\"name\":\"O que ver e visitar nas suas f\u00e9rias na Calif\u00f3rnia?\",\"isPartOf\":{\"@id\":\"https:\/\/123-esta.com\/pt-pt\/#website\"},\"datePublished\":\"2022-07-27T19:34:26+00:00\",\"dateModified\":\"2022-09-15T17:34:35+00:00\",\"description\":\"A Calif\u00f3rnia j\u00e1 n\u00e3o \u00e9 um lugar para se estar: S\u00e3o Francisco Europeu, a famosa Los Angeles, parques nacionais de tirar o f\u00f4lego, de que est\u00e1 \u00e0 espera?\",\"inLanguage\":\"pt-PT\",\"potentialAction\":[{\"@type\":\"ReadAction\",\"target\":[\"https:\/\/123-esta.com\/pt-pt\/o-que-ver-e-visitar-na-california\/\"]}]},{\"@type\":\"WebSite\",\"@id\":\"https:\/\/123-esta.com\/pt-pt\/#website\",\"url\":\"https:\/\/123-esta.com\/pt-pt\/\",\"name\":\"Formulaire ESTA pour les USA\",\"description\":\"\",\"publisher\":{\"@id\":\"https:\/\/123-esta.com\/pt-pt\/#organization\"},\"potentialAction\":[{\"@type\":\"SearchAction\",\"target\":{\"@type\":\"EntryPoint\",\"urlTemplate\":\"https:\/\/123-esta.com\/pt-pt\/?s={search_term_string}\"},\"query-input\":{\"@type\":\"PropertyValueSpecification\",\"valueRequired\":true,\"valueName\":\"search_term_string\"}}],\"inLanguage\":\"pt-PT\"},{\"@type\":\"Organization\",\"@id\":\"https:\/\/123-esta.com\/pt-pt\/#organization\",\"name\":\"Formulaire ESTA pour les USA\",\"url\":\"https:\/\/123-esta.com\/pt-pt\/\",\"logo\":{\"@type\":\"ImageObject\",\"inLanguage\":\"pt-PT\",\"@id\":\"https:\/\/123-esta.com\/pt-pt\/#\/schema\/logo\/image\/\",\"url\":\"https:\/\/123-esta.com\/wp-content\/uploads\/2018\/03\/logo-123-esta.png\",\"contentUrl\":\"https:\/\/123-esta.com\/wp-content\/uploads\/2018\/03\/logo-123-esta.png\",\"width\":191,\"height\":54,\"caption\":\"Formulaire ESTA pour les USA\"},\"image\":{\"@id\":\"https:\/\/123-esta.com\/pt-pt\/#\/schema\/logo\/image\/\"}}]}<\/script>\n<!-- \/ Yoast SEO plugin. -->","yoast_head_json":{"title":"O que ver e visitar nas suas f\u00e9rias na Calif\u00f3rnia?","description":"A Calif\u00f3rnia j\u00e1 n\u00e3o \u00e9 um lugar para se estar: S\u00e3o Francisco Europeu, a famosa Los Angeles, parques nacionais de tirar o f\u00f4lego, de que est\u00e1 \u00e0 espera?","robots":{"index":"index","follow":"follow","max-snippet":"max-snippet:-1","max-image-preview":"max-image-preview:large","max-video-preview":"max-video-preview:-1"},"canonical":"https:\/\/123-esta.com\/pt-pt\/o-que-ver-e-visitar-na-california\/","og_locale":"pt_PT","og_type":"article","og_title":"O que ver e visitar nas suas f\u00e9rias na Calif\u00f3rnia?","og_description":"A Calif\u00f3rnia j\u00e1 n\u00e3o \u00e9 um lugar para se estar: S\u00e3o Francisco Europeu, a famosa Los Angeles, parques nacionais de tirar o f\u00f4lego, de que est\u00e1 \u00e0 espera?","og_url":"https:\/\/123-esta.com\/pt-pt\/o-que-ver-e-visitar-na-california\/","og_site_name":"Formulaire ESTA pour les USA","article_modified_time":"2022-09-15T17:34:35+00:00","twitter_card":"summary_large_image","twitter_misc":{"Tempo estimado de leitura":"3 minutos"},"schema":{"@context":"https:\/\/schema.org","@graph":[{"@type":"WebPage","@id":"https:\/\/123-esta.com\/pt-pt\/o-que-ver-e-visitar-na-california\/","url":"https:\/\/123-esta.com\/pt-pt\/o-que-ver-e-visitar-na-california\/","name":"O que ver e visitar nas suas f\u00e9rias na Calif\u00f3rnia?","isPartOf":{"@id":"https:\/\/123-esta.com\/pt-pt\/#website"},"datePublished":"2022-07-27T19:34:26+00:00","dateModified":"2022-09-15T17:34:35+00:00","description":"A Calif\u00f3rnia j\u00e1 n\u00e3o \u00e9 um lugar para se estar: S\u00e3o Francisco Europeu, a famosa Los Angeles, parques nacionais de tirar o f\u00f4lego, de que est\u00e1 \u00e0 espera?","inLanguage":"pt-PT","potentialAction":[{"@type":"ReadAction","target":["https:\/\/123-esta.com\/pt-pt\/o-que-ver-e-visitar-na-california\/"]}]},{"@type":"WebSite","@id":"https:\/\/123-esta.com\/pt-pt\/#website","url":"https:\/\/123-esta.com\/pt-pt\/","name":"Formulaire ESTA pour les USA","description":"","publisher":{"@id":"https:\/\/123-esta.com\/pt-pt\/#organization"},"potentialAction":[{"@type":"SearchAction","target":{"@type":"EntryPoint","urlTemplate":"https:\/\/123-esta.com\/pt-pt\/?s={search_term_string}"},"query-input":{"@type":"PropertyValueSpecification","valueRequired":true,"valueName":"search_term_string"}}],"inLanguage":"pt-PT"},{"@type":"Organization","@id":"https:\/\/123-esta.com\/pt-pt\/#organization","name":"Formulaire ESTA pour les USA","url":"https:\/\/123-esta.com\/pt-pt\/","logo":{"@type":"ImageObject","inLanguage":"pt-PT","@id":"https:\/\/123-esta.com\/pt-pt\/#\/schema\/logo\/image\/","url":"https:\/\/123-esta.com\/wp-content\/uploads\/2018\/03\/logo-123-esta.png","contentUrl":"https:\/\/123-esta.com\/wp-content\/uploads\/2018\/03\/logo-123-esta.png","width":191,"height":54,"caption":"Formulaire ESTA pour les USA"},"image":{"@id":"https:\/\/123-esta.com\/pt-pt\/#\/schema\/logo\/image\/"}}]}},"_links":{"self":[{"href":"https:\/\/123-esta.com\/pt-pt\/wp-json\/wp\/v2\/pages\/2319","targetHints":{"allow":["GET"]}}],"collection":[{"href":"https:\/\/123-esta.com\/pt-pt\/wp-json\/wp\/v2\/pages"}],"about":[{"href":"https:\/\/123-esta.com\/pt-pt\/wp-json\/wp\/v2\/types\/page"}],"author":[{"embeddable":true,"href":"https:\/\/123-esta.com\/pt-pt\/wp-json\/wp\/v2\/users\/1"}],"replies":[{"embeddable":true,"href":"https:\/\/123-esta.com\/pt-pt\/wp-json\/wp\/v2\/comments?post=2319"}],"version-history":[{"count":0,"href":"https:\/\/123-esta.com\/pt-pt\/wp-json\/wp\/v2\/pages\/2319\/revisions"}],"wp:attachment":[{"href":"https:\/\/123-esta.com\/pt-pt\/wp-json\/wp\/v2\/media?parent=2319"}],"curies":[{"name":"wp","href":"https:\/\/api.w.org\/{rel}","templated":true}]}}