{"id":2318,"date":"2022-07-27T21:34:26","date_gmt":"2022-07-27T19:34:26","guid":{"rendered":"https:\/\/123-esta.com\/travel-in-canada-from-usa\/"},"modified":"2022-09-19T17:55:29","modified_gmt":"2022-09-19T15:55:29","slug":"viajar-para-o-canada-dos-estados-unidos","status":"publish","type":"page","link":"https:\/\/123-esta.com\/pt-pt\/viajar-para-o-canada-dos-estados-unidos\/","title":{"rendered":"Visite o Canad\u00e1 durante a sua estadia nos EUA"},"content":{"rendered":"\n<p>O Canad\u00e1 \u00e9 um pa\u00eds t\u00e3o grande como os EUA. Este pa\u00eds oferece um enorme potencial tur\u00edstico aos visitantes que chegam ao seu solo. Com uma superf\u00edcie de 9.984.670 km2 e uma popula\u00e7\u00e3o estimada de 35.540.400 habitantes, o Canad\u00e1 oferece-lhe vastos espa\u00e7os desprovidos de qualquer presen\u00e7a humana. \u00c9 mais f\u00e1cil desfrutar do Canad\u00e1 viajando atrav\u00e9s do <a href=\"https:\/\/123-esta.com\/pt-pt\/o-que-fazer-no-nordeste-dos-estados-unidos\/\">nordeste dos Estados Unidos<\/a>.<\/p>\n\n<p>O seu clima varia de regi\u00e3o para regi\u00e3o e \u00e9 caracterizado por invernos frios e ver\u00f5es frios ou temperados e h\u00famidos. A vegeta\u00e7\u00e3o \u00e9 composta por v\u00e1rios tipos de floresta que oferecem, se o tempo o permitir, trekking famoso e aventuras &#8220;na natureza&#8221;.<\/p>\n\n<p>Nas suas aventuras num dos muitos parques naturais canadianos, poder\u00e1 encontrar muitos animais como castores, ursos, muitos tipos de peixes, etc.<\/p>\n\n<p>No Inverno, a neve e um clima relativamente frio prevalecem na maior parte do pa\u00eds. Os desportos de Inverno podem ser praticados \u00e0 vontade. Como lembrete, os Jogos Ol\u00edmpicos de Inverno foram realizados ali em 2012, na cidade de Vancouver.<\/p>\n\n<h2 class=\"wp-block-heading\">De que documentos preciso para entrar no Canad\u00e1?<\/h2>\n\n<p>Os viajantes estrangeiros que desejem regressar ao Canad\u00e1 devem ter um passaporte v\u00e1lido.<\/p>\n\n<p>Os cidad\u00e3os da Fran\u00e7a, Reino Unido, Alemanha, Jap\u00e3o, Coreia do Sul, Austr\u00e1lia e a maioria dos pa\u00edses europeus n\u00e3o necessitam de visto para entrar no Canad\u00e1. Uma Autoriza\u00e7\u00e3o Electr\u00f3nica de Viagem : <a href=\"https:\/\/ave-eta-canada.com\/pt-pt\/\">eTA anad\u00e1<\/a> pode ser necess\u00e1ria, dependendo do modo de entrada no Canad\u00e1.<\/p>\n\n<p>Se for um viajante franc\u00eas que deseje visitar os EUA em voo regular ou de carro vindo do Canad\u00e1, pode fazer escala nos EUA desde que cumpra os requisitos para viajar para os EUA e tenha solicitado a autoriza\u00e7\u00e3o ESTA online.<\/p>\n\n<h2 class=\"wp-block-heading\">Hot\u00e9is, restaurantes, transportes no Canad\u00e1<\/h2>\n\n<p>O pa\u00eds disp\u00f5e de v\u00e1rios tipos de infra-estruturas hoteleiras. N\u00e3o se dorme debaixo das estrelas e come-se o seu recheio no Canad\u00e1. Tudo depende das suas expectativas. Deve notar-se que o custo de vida \u00e9 aproximadamente o mesmo em Paris e em Toronto. Isto significa que \u00e9 necess\u00e1rio um certo or\u00e7amento.<\/p>\n\n<p>Hot\u00e9is, albergues da juventude e apartamentos para alugar podem ser facilmente encontrados em todo o pa\u00eds a v\u00e1rios pre\u00e7os.<\/p>\n\n<p>Quanto aos restaurantes, eles oferecem tudo o que se pode encontrar em Portugal. A imigra\u00e7\u00e3o para o Canad\u00e1 \u00e9 bastante recente, pelo que muitos imigrantes europeus de primeira e segunda gera\u00e7\u00e3o v\u00eaem os seus restaurantes inspirados no melhor do velho mundo.<\/p>\n\n<p>Nas principais cidades do Canad\u00e1, pode deslocar-se como em Porto: t\u00e1xi, autocarro, metro, aluguer de autom\u00f3veis, para n\u00e3o falar de carros de campismo, etc. Para ir de uma prov\u00edncia para outra, n\u00e3o h\u00e1 falta de meios de transporte (avi\u00e3o, carro de aluguer, autocarro e comboio) e diferentes tipos de tarifas para diferentes destinos e diferentes hor\u00e1rios.<\/p>\n\n<h2 class=\"wp-block-heading\">S\u00edtios a descobrir no Canad\u00e1<\/h2>\n\n<p>N\u00e3o h\u00e1 falta de s\u00edtios e regi\u00f5es a descobrir num pa\u00eds t\u00e3o vasto como o Canad\u00e1. Aqui est\u00e1 uma lista n\u00e3o exaustiva de lugares que recomendamos:<\/p>\n\n<ul class=\"wp-block-list\"><li>Cataratas do Ni\u00e1gara;<\/li><li>Parque Nacional Banff;<\/li><li>Ilha de Vancouver e a cidade com o mesmo nome;<\/li><li>Fugas da natureza no Lago Louise ou no Yukon ;<\/li><li>A enorme cidade de Toronto (3\u00aa maior cidade da Am\u00e9rica do Norte);<\/li><li>As 2 maiores cidades franc\u00f3fonas do Quebeque, Cidade do Quebeque e Montreal.<\/li><\/ul>\n\n<p>Tantas regi\u00f5es, cidades e s\u00edtios naturais que vale a pena visitar se estiver a planear uma viagem dos Estados Unidos da Am\u00e9rica ao Canad\u00e1.<\/p>\n","protected":false},"excerpt":{"rendered":"<p>O Canad\u00e1 \u00e9 um pa\u00eds t\u00e3o grande como os EUA. Este pa\u00eds oferece um enorme potencial tur\u00edstico aos visitantes que chegam ao seu solo. Com uma superf\u00edcie de 9.984.670 km2 e uma popula\u00e7\u00e3o estimada de 35.540.400 habitantes, o Canad\u00e1 oferece-lhe vastos espa\u00e7os desprovidos de qualquer presen\u00e7a humana. \u00c9 mais f\u00e1cil desfrutar do Canad\u00e1 viajando atrav\u00e9s [&hellip;]<\/p>\n","protected":false},"author":1,"featured_media":0,"parent":0,"menu_order":0,"comment_status":"closed","ping_status":"closed","template":"","meta":{"site-sidebar-layout":"default","site-content-layout":"default","ast-site-content-layout":"default","site-content-style":"default","site-sidebar-style":"default","ast-global-header-display":"","ast-banner-title-visibility":"","ast-main-header-display":"","ast-hfb-above-header-display":"","ast-hfb-below-header-display":"","ast-hfb-mobile-header-display":"","site-post-title":"","ast-breadcrumbs-content":"","ast-featured-img":"","footer-sml-layout":"","ast-disable-related-posts":"","theme-transparent-header-meta":"default","adv-header-id-meta":"","stick-header-meta":"default","header-above-stick-meta":"","header-main-stick-meta":"","header-below-stick-meta":"","astra-migrate-meta-layouts":"default","ast-page-background-enabled":"default","ast-page-background-meta":{"desktop":{"background-color":"","background-image":"","background-repeat":"repeat","background-position":"center center","background-size":"auto","background-attachment":"scroll","background-type":"","background-media":"","overlay-type":"","overlay-color":"","overlay-opacity":"","overlay-gradient":""},"tablet":{"background-color":"","background-image":"","background-repeat":"repeat","background-position":"center center","background-size":"auto","background-attachment":"scroll","background-type":"","background-media":"","overlay-type":"","overlay-color":"","overlay-opacity":"","overlay-gradient":""},"mobile":{"background-color":"","background-image":"","background-repeat":"repeat","background-position":"center center","background-size":"auto","background-attachment":"scroll","background-type":"","background-media":"","overlay-type":"","overlay-color":"","overlay-opacity":"","overlay-gradient":""}},"ast-content-background-meta":{"desktop":{"background-color":"var(--ast-global-color-5)","background-image":"","background-repeat":"repeat","background-position":"center center","background-size":"auto","background-attachment":"scroll","background-type":"","background-media":"","overlay-type":"","overlay-color":"","overlay-opacity":"","overlay-gradient":""},"tablet":{"background-color":"var(--ast-global-color-5)","background-image":"","background-repeat":"repeat","background-position":"center center","background-size":"auto","background-attachment":"scroll","background-type":"","background-media":"","overlay-type":"","overlay-color":"","overlay-opacity":"","overlay-gradient":""},"mobile":{"background-color":"var(--ast-global-color-5)","background-image":"","background-repeat":"repeat","background-position":"center center","background-size":"auto","background-attachment":"scroll","background-type":"","background-media":"","overlay-type":"","overlay-color":"","overlay-opacity":"","overlay-gradient":""}},"footnotes":""},"class_list":["post-2318","page","type-page","status-publish","hentry"],"yoast_head":"<!-- This site is optimized with the Yoast SEO plugin v27.1.1 - https:\/\/yoast.com\/product\/yoast-seo-wordpress\/ -->\n<title>Viajar dos EUA para o Canad\u00e1 \u00e9 poss\u00edvel e recomendado<\/title>\n<meta name=\"description\" content=\"Combinar os EUA e o Canad\u00e1 \u00e9 bastante poss\u00edvel em qualquer direc\u00e7\u00e3o. Estes dois pa\u00edses s\u00e3o complementares.\" \/>\n<meta name=\"robots\" content=\"index, follow, max-snippet:-1, max-image-preview:large, max-video-preview:-1\" \/>\n<link rel=\"canonical\" href=\"https:\/\/123-esta.com\/pt-pt\/viajar-para-o-canada-dos-estados-unidos\/\" \/>\n<meta property=\"og:locale\" content=\"pt_PT\" \/>\n<meta property=\"og:type\" content=\"article\" \/>\n<meta property=\"og:title\" content=\"Viajar dos EUA para o Canad\u00e1 \u00e9 poss\u00edvel e recomendado\" \/>\n<meta property=\"og:description\" content=\"Combinar os EUA e o Canad\u00e1 \u00e9 bastante poss\u00edvel em qualquer direc\u00e7\u00e3o. Estes dois pa\u00edses s\u00e3o complementares.\" \/>\n<meta property=\"og:url\" content=\"https:\/\/123-esta.com\/pt-pt\/viajar-para-o-canada-dos-estados-unidos\/\" \/>\n<meta property=\"og:site_name\" content=\"Formulaire ESTA pour les USA\" \/>\n<meta property=\"article:modified_time\" content=\"2022-09-19T15:55:29+00:00\" \/>\n<meta name=\"twitter:card\" content=\"summary_large_image\" \/>\n<meta name=\"twitter:label1\" content=\"Tempo estimado de leitura\" \/>\n\t<meta name=\"twitter:data1\" content=\"3 minutos\" \/>\n<script type=\"application\/ld+json\" class=\"yoast-schema-graph\">{\"@context\":\"https:\/\/schema.org\",\"@graph\":[{\"@type\":\"WebPage\",\"@id\":\"https:\/\/123-esta.com\/pt-pt\/viajar-para-o-canada-dos-estados-unidos\/\",\"url\":\"https:\/\/123-esta.com\/pt-pt\/viajar-para-o-canada-dos-estados-unidos\/\",\"name\":\"Viajar dos EUA para o Canad\u00e1 \u00e9 poss\u00edvel e recomendado\",\"isPartOf\":{\"@id\":\"https:\/\/123-esta.com\/pt-pt\/#website\"},\"datePublished\":\"2022-07-27T19:34:26+00:00\",\"dateModified\":\"2022-09-19T15:55:29+00:00\",\"description\":\"Combinar os EUA e o Canad\u00e1 \u00e9 bastante poss\u00edvel em qualquer direc\u00e7\u00e3o. Estes dois pa\u00edses s\u00e3o complementares.\",\"inLanguage\":\"pt-PT\",\"potentialAction\":[{\"@type\":\"ReadAction\",\"target\":[\"https:\/\/123-esta.com\/pt-pt\/viajar-para-o-canada-dos-estados-unidos\/\"]}]},{\"@type\":\"WebSite\",\"@id\":\"https:\/\/123-esta.com\/pt-pt\/#website\",\"url\":\"https:\/\/123-esta.com\/pt-pt\/\",\"name\":\"Formulaire ESTA pour les USA\",\"description\":\"\",\"publisher\":{\"@id\":\"https:\/\/123-esta.com\/pt-pt\/#organization\"},\"potentialAction\":[{\"@type\":\"SearchAction\",\"target\":{\"@type\":\"EntryPoint\",\"urlTemplate\":\"https:\/\/123-esta.com\/pt-pt\/?s={search_term_string}\"},\"query-input\":{\"@type\":\"PropertyValueSpecification\",\"valueRequired\":true,\"valueName\":\"search_term_string\"}}],\"inLanguage\":\"pt-PT\"},{\"@type\":\"Organization\",\"@id\":\"https:\/\/123-esta.com\/pt-pt\/#organization\",\"name\":\"Formulaire ESTA pour les USA\",\"url\":\"https:\/\/123-esta.com\/pt-pt\/\",\"logo\":{\"@type\":\"ImageObject\",\"inLanguage\":\"pt-PT\",\"@id\":\"https:\/\/123-esta.com\/pt-pt\/#\/schema\/logo\/image\/\",\"url\":\"https:\/\/123-esta.com\/wp-content\/uploads\/2018\/03\/logo-123-esta.png\",\"contentUrl\":\"https:\/\/123-esta.com\/wp-content\/uploads\/2018\/03\/logo-123-esta.png\",\"width\":191,\"height\":54,\"caption\":\"Formulaire ESTA pour les USA\"},\"image\":{\"@id\":\"https:\/\/123-esta.com\/pt-pt\/#\/schema\/logo\/image\/\"}}]}<\/script>\n<!-- \/ Yoast SEO plugin. -->","yoast_head_json":{"title":"Viajar dos EUA para o Canad\u00e1 \u00e9 poss\u00edvel e recomendado","description":"Combinar os EUA e o Canad\u00e1 \u00e9 bastante poss\u00edvel em qualquer direc\u00e7\u00e3o. Estes dois pa\u00edses s\u00e3o complementares.","robots":{"index":"index","follow":"follow","max-snippet":"max-snippet:-1","max-image-preview":"max-image-preview:large","max-video-preview":"max-video-preview:-1"},"canonical":"https:\/\/123-esta.com\/pt-pt\/viajar-para-o-canada-dos-estados-unidos\/","og_locale":"pt_PT","og_type":"article","og_title":"Viajar dos EUA para o Canad\u00e1 \u00e9 poss\u00edvel e recomendado","og_description":"Combinar os EUA e o Canad\u00e1 \u00e9 bastante poss\u00edvel em qualquer direc\u00e7\u00e3o. Estes dois pa\u00edses s\u00e3o complementares.","og_url":"https:\/\/123-esta.com\/pt-pt\/viajar-para-o-canada-dos-estados-unidos\/","og_site_name":"Formulaire ESTA pour les USA","article_modified_time":"2022-09-19T15:55:29+00:00","twitter_card":"summary_large_image","twitter_misc":{"Tempo estimado de leitura":"3 minutos"},"schema":{"@context":"https:\/\/schema.org","@graph":[{"@type":"WebPage","@id":"https:\/\/123-esta.com\/pt-pt\/viajar-para-o-canada-dos-estados-unidos\/","url":"https:\/\/123-esta.com\/pt-pt\/viajar-para-o-canada-dos-estados-unidos\/","name":"Viajar dos EUA para o Canad\u00e1 \u00e9 poss\u00edvel e recomendado","isPartOf":{"@id":"https:\/\/123-esta.com\/pt-pt\/#website"},"datePublished":"2022-07-27T19:34:26+00:00","dateModified":"2022-09-19T15:55:29+00:00","description":"Combinar os EUA e o Canad\u00e1 \u00e9 bastante poss\u00edvel em qualquer direc\u00e7\u00e3o. Estes dois pa\u00edses s\u00e3o complementares.","inLanguage":"pt-PT","potentialAction":[{"@type":"ReadAction","target":["https:\/\/123-esta.com\/pt-pt\/viajar-para-o-canada-dos-estados-unidos\/"]}]},{"@type":"WebSite","@id":"https:\/\/123-esta.com\/pt-pt\/#website","url":"https:\/\/123-esta.com\/pt-pt\/","name":"Formulaire ESTA pour les USA","description":"","publisher":{"@id":"https:\/\/123-esta.com\/pt-pt\/#organization"},"potentialAction":[{"@type":"SearchAction","target":{"@type":"EntryPoint","urlTemplate":"https:\/\/123-esta.com\/pt-pt\/?s={search_term_string}"},"query-input":{"@type":"PropertyValueSpecification","valueRequired":true,"valueName":"search_term_string"}}],"inLanguage":"pt-PT"},{"@type":"Organization","@id":"https:\/\/123-esta.com\/pt-pt\/#organization","name":"Formulaire ESTA pour les USA","url":"https:\/\/123-esta.com\/pt-pt\/","logo":{"@type":"ImageObject","inLanguage":"pt-PT","@id":"https:\/\/123-esta.com\/pt-pt\/#\/schema\/logo\/image\/","url":"https:\/\/123-esta.com\/wp-content\/uploads\/2018\/03\/logo-123-esta.png","contentUrl":"https:\/\/123-esta.com\/wp-content\/uploads\/2018\/03\/logo-123-esta.png","width":191,"height":54,"caption":"Formulaire ESTA pour les USA"},"image":{"@id":"https:\/\/123-esta.com\/pt-pt\/#\/schema\/logo\/image\/"}}]}},"_links":{"self":[{"href":"https:\/\/123-esta.com\/pt-pt\/wp-json\/wp\/v2\/pages\/2318","targetHints":{"allow":["GET"]}}],"collection":[{"href":"https:\/\/123-esta.com\/pt-pt\/wp-json\/wp\/v2\/pages"}],"about":[{"href":"https:\/\/123-esta.com\/pt-pt\/wp-json\/wp\/v2\/types\/page"}],"author":[{"embeddable":true,"href":"https:\/\/123-esta.com\/pt-pt\/wp-json\/wp\/v2\/users\/1"}],"replies":[{"embeddable":true,"href":"https:\/\/123-esta.com\/pt-pt\/wp-json\/wp\/v2\/comments?post=2318"}],"version-history":[{"count":0,"href":"https:\/\/123-esta.com\/pt-pt\/wp-json\/wp\/v2\/pages\/2318\/revisions"}],"wp:attachment":[{"href":"https:\/\/123-esta.com\/pt-pt\/wp-json\/wp\/v2\/media?parent=2318"}],"curies":[{"name":"wp","href":"https:\/\/api.w.org\/{rel}","templated":true}]}}