{"id":2312,"date":"2022-07-27T21:34:23","date_gmt":"2022-07-27T19:34:23","guid":{"rendered":"https:\/\/123-esta.com\/luxury-cruise-usa\/"},"modified":"2022-09-13T21:05:53","modified_gmt":"2022-09-13T19:05:53","slug":"cruzeiro-de-luxo-nos-eua","status":"publish","type":"page","link":"https:\/\/123-esta.com\/pt-pt\/cruzeiro-de-luxo-nos-eua\/","title":{"rendered":"Qual o cruzeiro de luxo a escolher nos EUA?"},"content":{"rendered":"\n<p>Se tiver a oportunidade, um cruzeiro de luxo pode ser uma experi\u00eancia excepcional! A maioria dos cruzeiros deste tipo oferece divers\u00e3o, entretenimento, descoberta, muitos portos de escala e portos de sonho. <a href=\"https:\/\/123-esta.com\/pt-pt\/o-que-fazer-na-florida\/\">Visitar a Florida<\/a> deix\u00e1-lo-\u00e1 estragado por escolha quando se trata de cruzeiros de luxo.<\/p>\n\n<p>Pode fazer um cruzeiro de prest\u00edgio com a sua fam\u00edlia, em grupo e\/ou como casal. Muitas empresas oferecem cruzeiros de luxo com os melhores navios, servi\u00e7os de qualidade e tripula\u00e7\u00f5es altamente treinadas para assegurar a m\u00e1xima satisfa\u00e7\u00e3o dos viajantes.<\/p>\n\n<p>Actualmente, \u00e9 um mercado em crescimento, atraindo um grande n\u00famero de pessoas apesar do seu elevado pre\u00e7o.<\/p>\n\n<h2 class=\"wp-block-heading\">Ofertas atractivas e estat\u00edsticas interessantes<\/h2>\n\n<p>Quando escolhe um cruzeiro de luxo, sabe antecipadamente que vai obter todos os benef\u00edcios\/entretenimento com que pode lidar.<\/p>\n\n<p>Os servi\u00e7os de um cruzeiro de prest\u00edgio s\u00e3o altamente qualificados. Garantem a paz, o bem-estar e o conforto de cada passageiro. A piscina, spa, catering inigual\u00e1vel, uma variedade de pratos e numerosos servi\u00e7os de relaxamento s\u00e3o oferecidos e conseguem satisfazer at\u00e9 os h\u00f3spedes mais exigentes.<\/p>\n\n<p>De acordo com n\u00fameros e estudos de v\u00e1rias associa\u00e7\u00f5es e ag\u00eancias de viagens especializadas, mais de um milh\u00e3o de pessoas j\u00e1 o fizeram. Os americanos s\u00e3o os clientes mais numerosos para este tipo de actividade. Representam 62% do mercado actual. Ao mesmo tempo, os europeus representam &#8216;apenas&#8217; 27% do mercado. Isto deixa o caso dos passageiros de cruzeiros asi\u00e1ticos. Ainda representado num n\u00famero limitado, cada vez mais pessoas est\u00e3o a ser seduzidas por um cruzeiro de luxo. Dentro de alguns anos, o seu n\u00famero poder\u00e1 atingir at\u00e9 30% do mercado.<\/p>\n\n<h2 class=\"wp-block-heading\">Entusiasmo e desejo de viajar novamente num cruzeiro de luxo<\/h2>\n\n<p>Quando os clientes est\u00e3o satisfeitos com a sua viagem, querem voltar a faz\u00ea-la. Em muitos casos, algumas pessoas remarcam para outro destino assim que regressam a terra!<\/p>\n\n<p>Na maioria das vezes voltam entusiasmados com as ofertas, servi\u00e7os e variedade de actividades de lazer. Como exemplo, algumas pessoas est\u00e3o encantadas por poderem praticar o seu desporto preferido, como o golfe! Enquanto outros ser\u00e3o atra\u00eddos pela ideia de poder desfrutar de uma noite relaxante com um espect\u00e1culo internacional de qualidade.<\/p>\n","protected":false},"excerpt":{"rendered":"<p>Se tiver a oportunidade, um cruzeiro de luxo pode ser uma experi\u00eancia excepcional! A maioria dos cruzeiros deste tipo oferece divers\u00e3o, entretenimento, descoberta, muitos portos de escala e portos de sonho. Visitar a Florida deix\u00e1-lo-\u00e1 estragado por escolha quando se trata de cruzeiros de luxo. Pode fazer um cruzeiro de prest\u00edgio com a sua fam\u00edlia, [&hellip;]<\/p>\n","protected":false},"author":1,"featured_media":0,"parent":0,"menu_order":0,"comment_status":"closed","ping_status":"closed","template":"","meta":{"site-sidebar-layout":"default","site-content-layout":"default","ast-site-content-layout":"default","site-content-style":"default","site-sidebar-style":"default","ast-global-header-display":"","ast-banner-title-visibility":"","ast-main-header-display":"","ast-hfb-above-header-display":"","ast-hfb-below-header-display":"","ast-hfb-mobile-header-display":"","site-post-title":"","ast-breadcrumbs-content":"","ast-featured-img":"","footer-sml-layout":"","ast-disable-related-posts":"","theme-transparent-header-meta":"default","adv-header-id-meta":"","stick-header-meta":"default","header-above-stick-meta":"","header-main-stick-meta":"","header-below-stick-meta":"","astra-migrate-meta-layouts":"default","ast-page-background-enabled":"default","ast-page-background-meta":{"desktop":{"background-color":"","background-image":"","background-repeat":"repeat","background-position":"center center","background-size":"auto","background-attachment":"scroll","background-type":"","background-media":"","overlay-type":"","overlay-color":"","overlay-opacity":"","overlay-gradient":""},"tablet":{"background-color":"","background-image":"","background-repeat":"repeat","background-position":"center center","background-size":"auto","background-attachment":"scroll","background-type":"","background-media":"","overlay-type":"","overlay-color":"","overlay-opacity":"","overlay-gradient":""},"mobile":{"background-color":"","background-image":"","background-repeat":"repeat","background-position":"center center","background-size":"auto","background-attachment":"scroll","background-type":"","background-media":"","overlay-type":"","overlay-color":"","overlay-opacity":"","overlay-gradient":""}},"ast-content-background-meta":{"desktop":{"background-color":"var(--ast-global-color-5)","background-image":"","background-repeat":"repeat","background-position":"center center","background-size":"auto","background-attachment":"scroll","background-type":"","background-media":"","overlay-type":"","overlay-color":"","overlay-opacity":"","overlay-gradient":""},"tablet":{"background-color":"var(--ast-global-color-5)","background-image":"","background-repeat":"repeat","background-position":"center center","background-size":"auto","background-attachment":"scroll","background-type":"","background-media":"","overlay-type":"","overlay-color":"","overlay-opacity":"","overlay-gradient":""},"mobile":{"background-color":"var(--ast-global-color-5)","background-image":"","background-repeat":"repeat","background-position":"center center","background-size":"auto","background-attachment":"scroll","background-type":"","background-media":"","overlay-type":"","overlay-color":"","overlay-opacity":"","overlay-gradient":""}},"footnotes":""},"class_list":["post-2312","page","type-page","status-publish","hentry"],"yoast_head":"<!-- This site is optimized with the Yoast SEO plugin v27.1.1 - https:\/\/yoast.com\/product\/yoast-seo-wordpress\/ -->\n<title>Vai um cruzeiro de luxo nos EUA? Os nossos conselhos<\/title>\n<meta name=\"description\" content=\"Os cruzeiros de luxo s\u00e3o uma forma excepcional de viajar. Proporciona uma riqueza de entretenimento, descoberta e escalas.\" \/>\n<meta name=\"robots\" content=\"index, follow, max-snippet:-1, max-image-preview:large, max-video-preview:-1\" \/>\n<link rel=\"canonical\" href=\"https:\/\/123-esta.com\/pt-pt\/cruzeiro-de-luxo-nos-eua\/\" \/>\n<meta property=\"og:locale\" content=\"pt_PT\" \/>\n<meta property=\"og:type\" content=\"article\" \/>\n<meta property=\"og:title\" content=\"Vai um cruzeiro de luxo nos EUA? Os nossos conselhos\" \/>\n<meta property=\"og:description\" content=\"Os cruzeiros de luxo s\u00e3o uma forma excepcional de viajar. Proporciona uma riqueza de entretenimento, descoberta e escalas.\" \/>\n<meta property=\"og:url\" content=\"https:\/\/123-esta.com\/pt-pt\/cruzeiro-de-luxo-nos-eua\/\" \/>\n<meta property=\"og:site_name\" content=\"Formulaire ESTA pour les USA\" \/>\n<meta property=\"article:modified_time\" content=\"2022-09-13T19:05:53+00:00\" \/>\n<meta name=\"twitter:card\" content=\"summary_large_image\" \/>\n<meta name=\"twitter:label1\" content=\"Tempo estimado de leitura\" \/>\n\t<meta name=\"twitter:data1\" content=\"2 minutos\" \/>\n<script type=\"application\/ld+json\" class=\"yoast-schema-graph\">{\"@context\":\"https:\/\/schema.org\",\"@graph\":[{\"@type\":\"WebPage\",\"@id\":\"https:\/\/123-esta.com\/pt-pt\/cruzeiro-de-luxo-nos-eua\/\",\"url\":\"https:\/\/123-esta.com\/pt-pt\/cruzeiro-de-luxo-nos-eua\/\",\"name\":\"Vai um cruzeiro de luxo nos EUA? Os nossos conselhos\",\"isPartOf\":{\"@id\":\"https:\/\/123-esta.com\/pt-pt\/#website\"},\"datePublished\":\"2022-07-27T19:34:23+00:00\",\"dateModified\":\"2022-09-13T19:05:53+00:00\",\"description\":\"Os cruzeiros de luxo s\u00e3o uma forma excepcional de viajar. Proporciona uma riqueza de entretenimento, descoberta e escalas.\",\"inLanguage\":\"pt-PT\",\"potentialAction\":[{\"@type\":\"ReadAction\",\"target\":[\"https:\/\/123-esta.com\/pt-pt\/cruzeiro-de-luxo-nos-eua\/\"]}]},{\"@type\":\"WebSite\",\"@id\":\"https:\/\/123-esta.com\/pt-pt\/#website\",\"url\":\"https:\/\/123-esta.com\/pt-pt\/\",\"name\":\"Formulaire ESTA pour les USA\",\"description\":\"\",\"publisher\":{\"@id\":\"https:\/\/123-esta.com\/pt-pt\/#organization\"},\"potentialAction\":[{\"@type\":\"SearchAction\",\"target\":{\"@type\":\"EntryPoint\",\"urlTemplate\":\"https:\/\/123-esta.com\/pt-pt\/?s={search_term_string}\"},\"query-input\":{\"@type\":\"PropertyValueSpecification\",\"valueRequired\":true,\"valueName\":\"search_term_string\"}}],\"inLanguage\":\"pt-PT\"},{\"@type\":\"Organization\",\"@id\":\"https:\/\/123-esta.com\/pt-pt\/#organization\",\"name\":\"Formulaire ESTA pour les USA\",\"url\":\"https:\/\/123-esta.com\/pt-pt\/\",\"logo\":{\"@type\":\"ImageObject\",\"inLanguage\":\"pt-PT\",\"@id\":\"https:\/\/123-esta.com\/pt-pt\/#\/schema\/logo\/image\/\",\"url\":\"https:\/\/123-esta.com\/wp-content\/uploads\/2018\/03\/logo-123-esta.png\",\"contentUrl\":\"https:\/\/123-esta.com\/wp-content\/uploads\/2018\/03\/logo-123-esta.png\",\"width\":191,\"height\":54,\"caption\":\"Formulaire ESTA pour les USA\"},\"image\":{\"@id\":\"https:\/\/123-esta.com\/pt-pt\/#\/schema\/logo\/image\/\"}}]}<\/script>\n<!-- \/ Yoast SEO plugin. -->","yoast_head_json":{"title":"Vai um cruzeiro de luxo nos EUA? Os nossos conselhos","description":"Os cruzeiros de luxo s\u00e3o uma forma excepcional de viajar. Proporciona uma riqueza de entretenimento, descoberta e escalas.","robots":{"index":"index","follow":"follow","max-snippet":"max-snippet:-1","max-image-preview":"max-image-preview:large","max-video-preview":"max-video-preview:-1"},"canonical":"https:\/\/123-esta.com\/pt-pt\/cruzeiro-de-luxo-nos-eua\/","og_locale":"pt_PT","og_type":"article","og_title":"Vai um cruzeiro de luxo nos EUA? Os nossos conselhos","og_description":"Os cruzeiros de luxo s\u00e3o uma forma excepcional de viajar. Proporciona uma riqueza de entretenimento, descoberta e escalas.","og_url":"https:\/\/123-esta.com\/pt-pt\/cruzeiro-de-luxo-nos-eua\/","og_site_name":"Formulaire ESTA pour les USA","article_modified_time":"2022-09-13T19:05:53+00:00","twitter_card":"summary_large_image","twitter_misc":{"Tempo estimado de leitura":"2 minutos"},"schema":{"@context":"https:\/\/schema.org","@graph":[{"@type":"WebPage","@id":"https:\/\/123-esta.com\/pt-pt\/cruzeiro-de-luxo-nos-eua\/","url":"https:\/\/123-esta.com\/pt-pt\/cruzeiro-de-luxo-nos-eua\/","name":"Vai um cruzeiro de luxo nos EUA? Os nossos conselhos","isPartOf":{"@id":"https:\/\/123-esta.com\/pt-pt\/#website"},"datePublished":"2022-07-27T19:34:23+00:00","dateModified":"2022-09-13T19:05:53+00:00","description":"Os cruzeiros de luxo s\u00e3o uma forma excepcional de viajar. Proporciona uma riqueza de entretenimento, descoberta e escalas.","inLanguage":"pt-PT","potentialAction":[{"@type":"ReadAction","target":["https:\/\/123-esta.com\/pt-pt\/cruzeiro-de-luxo-nos-eua\/"]}]},{"@type":"WebSite","@id":"https:\/\/123-esta.com\/pt-pt\/#website","url":"https:\/\/123-esta.com\/pt-pt\/","name":"Formulaire ESTA pour les USA","description":"","publisher":{"@id":"https:\/\/123-esta.com\/pt-pt\/#organization"},"potentialAction":[{"@type":"SearchAction","target":{"@type":"EntryPoint","urlTemplate":"https:\/\/123-esta.com\/pt-pt\/?s={search_term_string}"},"query-input":{"@type":"PropertyValueSpecification","valueRequired":true,"valueName":"search_term_string"}}],"inLanguage":"pt-PT"},{"@type":"Organization","@id":"https:\/\/123-esta.com\/pt-pt\/#organization","name":"Formulaire ESTA pour les USA","url":"https:\/\/123-esta.com\/pt-pt\/","logo":{"@type":"ImageObject","inLanguage":"pt-PT","@id":"https:\/\/123-esta.com\/pt-pt\/#\/schema\/logo\/image\/","url":"https:\/\/123-esta.com\/wp-content\/uploads\/2018\/03\/logo-123-esta.png","contentUrl":"https:\/\/123-esta.com\/wp-content\/uploads\/2018\/03\/logo-123-esta.png","width":191,"height":54,"caption":"Formulaire ESTA pour les USA"},"image":{"@id":"https:\/\/123-esta.com\/pt-pt\/#\/schema\/logo\/image\/"}}]}},"_links":{"self":[{"href":"https:\/\/123-esta.com\/pt-pt\/wp-json\/wp\/v2\/pages\/2312","targetHints":{"allow":["GET"]}}],"collection":[{"href":"https:\/\/123-esta.com\/pt-pt\/wp-json\/wp\/v2\/pages"}],"about":[{"href":"https:\/\/123-esta.com\/pt-pt\/wp-json\/wp\/v2\/types\/page"}],"author":[{"embeddable":true,"href":"https:\/\/123-esta.com\/pt-pt\/wp-json\/wp\/v2\/users\/1"}],"replies":[{"embeddable":true,"href":"https:\/\/123-esta.com\/pt-pt\/wp-json\/wp\/v2\/comments?post=2312"}],"version-history":[{"count":0,"href":"https:\/\/123-esta.com\/pt-pt\/wp-json\/wp\/v2\/pages\/2312\/revisions"}],"wp:attachment":[{"href":"https:\/\/123-esta.com\/pt-pt\/wp-json\/wp\/v2\/media?parent=2312"}],"curies":[{"name":"wp","href":"https:\/\/api.w.org\/{rel}","templated":true}]}}