{"id":2307,"date":"2022-07-27T21:34:22","date_gmt":"2022-07-27T19:34:22","guid":{"rendered":"https:\/\/123-esta.com\/top10-visitas-miami\/"},"modified":"2022-09-01T09:39:59","modified_gmt":"2022-09-01T07:39:59","slug":"top10-visitas-miami","status":"publish","type":"page","link":"https:\/\/123-esta.com\/pt-pt\/top10-visitas-miami\/","title":{"rendered":"As nossas 10 coisas mais importantes para ver e fazer em Miami"},"content":{"rendered":"\n<p>Se esta \u00e9 a sua primeira vez em Miami, rapidamente perceber\u00e1 o enorme potencial tur\u00edstico desta cidade, que \u00e9 uma parte integrante da sua <a href=\"https:\/\/123-esta.com\/pt-pt\/o-que-fazer-na-florida\/\">visita \u00e0 Florida<\/a>.<\/p>\n\n<p>Com o seu documento ESTA no bolso, pode explorar o melhor que Miami tem para oferecer por at\u00e9 90 dias. Um passeio na praia em Miami de manh\u00e3 com boa companhia, uma visita ao museu \u00e0 tarde, uma refei\u00e7\u00e3o entusiasta num restaurante cubano \u00e0 noite e uma sa\u00edda \u00e0 noite no clube. H\u00e1 in\u00fameras actividades e deveria haver algo para todos!<\/p>\n\n<h2 class=\"wp-block-heading\">Onde come\u00e7ar a sua visita?<\/h2>\n\n<p>A sua visita a Miami pode come\u00e7ar com uma visita a Miami Beach, que \u00e9 uma das atrac\u00e7\u00f5es mais interessantes e populares para os visitantes. Nesta \u00e1rea encontrar\u00e1 uma praia com palmeiras que se estende por v\u00e1rios quil\u00f3metros e \u00e9 um dos lugares mais famosos do seu g\u00e9nero no mundo.<\/p>\n\n<p>Na \u00e1rea circundante encontrar\u00e1 restaurantes em socalcos com uma vista deslumbrante para a orla mar\u00edtima, parques limpos e muitas discotecas. Tamb\u00e9m pode desfrutar de um cruzeiro a partir do porto local, actividades aqu\u00e1ticas na ba\u00eda ou uma visita guiada utilizando ve\u00edculos anf\u00edbios.<\/p>\n\n<h2 class=\"wp-block-heading\">Os cinco p\u00f3los de atrac\u00e7\u00e3o em Miami<\/h2>\n\n<p>De acordo com os guias, Miami tem cinco grandes atrac\u00e7\u00f5es para os turistas:<\/p>\n\n<ul class=\"wp-block-list\"><li>A art deco e as luzes nocturnas que fazem brilhar Miami Beach, para n\u00e3o mencionar os edif\u00edcios altos e os muitos hot\u00e9is que n\u00e3o deixam o visitante indiferente;<\/li><li>A m\u00edtica Ocean Drive, ao longo do mar;<\/li><li>O Museu Mundial de Arte Er\u00f3tica, um museu que lhe fala de erotismo, arte e tamb\u00e9m tra\u00e7a a mais importante diversidade cultural de Miami;<\/li><li>O Centro Novo Mundo, um espa\u00e7o que se tornou famoso pelos seus espect\u00e1culos de renome internacional;<\/li><li>South Beach, um lugar onde milhares de visitantes de todo o mundo se re\u00fanem todos os anos.<\/li><\/ul>\n\n<h2 class=\"wp-block-heading\">Um pouco mais sobre a cidade de Miami e a sua regi\u00e3o<\/h2>\n\n<p>A cidade de Miami tem um total de tr\u00eas milh\u00f5es de habitantes que partilham uma \u00e1rea de 6297 km2. A popula\u00e7\u00e3o, muitas vezes de l\u00edngua espanhola, pode ser encontrada num dos in\u00fameros bairros de Miami: Coral Gables, Little Havana, Overtown, Coconut Grove, Miami Beach e muitos outros. Vale a pena notar que v\u00e1rios destes distritos est\u00e3o localizados em ilhas ligadas por pontes.<\/p>\n\n<p>Miami \u00e9 uma cidade latino-americana (a maioria das direc\u00e7\u00f5es ser\u00e3o ainda em ingl\u00eas e espanhol) conhecida pelas suas praias arenosas mas tamb\u00e9m pelos seus muitos edif\u00edcios modernos at\u00e9 onde a vista alcan\u00e7a e pela sua popula\u00e7\u00e3o muito diversificada.<\/p>\n\n<p>Com muitos hot\u00e9is e restaurantes chiques com arquitectura de um passado quase esquecido, Miami \u00e9 uma \u00e1rea popular para a ind\u00fastria cinematogr\u00e1fica e televisiva americana. Pode at\u00e9 deparar-se com um dos blockbusters locais enquanto estiver na Florida!<\/p>\n","protected":false},"excerpt":{"rendered":"<p>Se esta \u00e9 a sua primeira vez em Miami, rapidamente perceber\u00e1 o enorme potencial tur\u00edstico desta cidade, que \u00e9 uma parte integrante da sua visita \u00e0 Florida. Com o seu documento ESTA no bolso, pode explorar o melhor que Miami tem para oferecer por at\u00e9 90 dias. Um passeio na praia em Miami de manh\u00e3 [&hellip;]<\/p>\n","protected":false},"author":1,"featured_media":0,"parent":0,"menu_order":0,"comment_status":"closed","ping_status":"closed","template":"","meta":{"site-sidebar-layout":"default","site-content-layout":"default","ast-site-content-layout":"default","site-content-style":"default","site-sidebar-style":"default","ast-global-header-display":"","ast-banner-title-visibility":"","ast-main-header-display":"","ast-hfb-above-header-display":"","ast-hfb-below-header-display":"","ast-hfb-mobile-header-display":"","site-post-title":"","ast-breadcrumbs-content":"","ast-featured-img":"","footer-sml-layout":"","ast-disable-related-posts":"","theme-transparent-header-meta":"default","adv-header-id-meta":"","stick-header-meta":"default","header-above-stick-meta":"","header-main-stick-meta":"","header-below-stick-meta":"","astra-migrate-meta-layouts":"default","ast-page-background-enabled":"default","ast-page-background-meta":{"desktop":{"background-color":"","background-image":"","background-repeat":"repeat","background-position":"center center","background-size":"auto","background-attachment":"scroll","background-type":"","background-media":"","overlay-type":"","overlay-color":"","overlay-opacity":"","overlay-gradient":""},"tablet":{"background-color":"","background-image":"","background-repeat":"repeat","background-position":"center center","background-size":"auto","background-attachment":"scroll","background-type":"","background-media":"","overlay-type":"","overlay-color":"","overlay-opacity":"","overlay-gradient":""},"mobile":{"background-color":"","background-image":"","background-repeat":"repeat","background-position":"center center","background-size":"auto","background-attachment":"scroll","background-type":"","background-media":"","overlay-type":"","overlay-color":"","overlay-opacity":"","overlay-gradient":""}},"ast-content-background-meta":{"desktop":{"background-color":"var(--ast-global-color-5)","background-image":"","background-repeat":"repeat","background-position":"center center","background-size":"auto","background-attachment":"scroll","background-type":"","background-media":"","overlay-type":"","overlay-color":"","overlay-opacity":"","overlay-gradient":""},"tablet":{"background-color":"var(--ast-global-color-5)","background-image":"","background-repeat":"repeat","background-position":"center center","background-size":"auto","background-attachment":"scroll","background-type":"","background-media":"","overlay-type":"","overlay-color":"","overlay-opacity":"","overlay-gradient":""},"mobile":{"background-color":"var(--ast-global-color-5)","background-image":"","background-repeat":"repeat","background-position":"center center","background-size":"auto","background-attachment":"scroll","background-type":"","background-media":"","overlay-type":"","overlay-color":"","overlay-opacity":"","overlay-gradient":""}},"footnotes":""},"class_list":["post-2307","page","type-page","status-publish","hentry"],"yoast_head":"<!-- This site is optimized with the Yoast SEO plugin v27.1.1 - https:\/\/yoast.com\/product\/yoast-seo-wordpress\/ -->\n<title>Os nossos 10 melhores passeios obrigat\u00f3rios em Miami<\/title>\n<meta name=\"description\" content=\"Apresenta\u00e7\u00e3o dos 10 lugares a n\u00e3o perder em Miami. N\u00e3o se esque\u00e7a de se candidatar ao ESTA para desfrutar desta cidade m\u00e1gica.\" \/>\n<meta name=\"robots\" content=\"index, follow, max-snippet:-1, max-image-preview:large, max-video-preview:-1\" \/>\n<link rel=\"canonical\" href=\"https:\/\/123-esta.com\/pt-pt\/top10-visitas-miami\/\" \/>\n<meta property=\"og:locale\" content=\"pt_PT\" \/>\n<meta property=\"og:type\" content=\"article\" \/>\n<meta property=\"og:title\" content=\"Os nossos 10 melhores passeios obrigat\u00f3rios em Miami\" \/>\n<meta property=\"og:description\" content=\"Apresenta\u00e7\u00e3o dos 10 lugares a n\u00e3o perder em Miami. N\u00e3o se esque\u00e7a de se candidatar ao ESTA para desfrutar desta cidade m\u00e1gica.\" \/>\n<meta property=\"og:url\" content=\"https:\/\/123-esta.com\/pt-pt\/top10-visitas-miami\/\" \/>\n<meta property=\"og:site_name\" content=\"Formulaire ESTA pour les USA\" \/>\n<meta property=\"article:modified_time\" content=\"2022-09-01T07:39:59+00:00\" \/>\n<meta name=\"twitter:card\" content=\"summary_large_image\" \/>\n<meta name=\"twitter:label1\" content=\"Tempo estimado de leitura\" \/>\n\t<meta name=\"twitter:data1\" content=\"2 minutos\" \/>\n<script type=\"application\/ld+json\" class=\"yoast-schema-graph\">{\"@context\":\"https:\/\/schema.org\",\"@graph\":[{\"@type\":\"WebPage\",\"@id\":\"https:\/\/123-esta.com\/pt-pt\/top10-visitas-miami\/\",\"url\":\"https:\/\/123-esta.com\/pt-pt\/top10-visitas-miami\/\",\"name\":\"Os nossos 10 melhores passeios obrigat\u00f3rios em Miami\",\"isPartOf\":{\"@id\":\"https:\/\/123-esta.com\/pt-pt\/#website\"},\"datePublished\":\"2022-07-27T19:34:22+00:00\",\"dateModified\":\"2022-09-01T07:39:59+00:00\",\"description\":\"Apresenta\u00e7\u00e3o dos 10 lugares a n\u00e3o perder em Miami. N\u00e3o se esque\u00e7a de se candidatar ao ESTA para desfrutar desta cidade m\u00e1gica.\",\"inLanguage\":\"pt-PT\",\"potentialAction\":[{\"@type\":\"ReadAction\",\"target\":[\"https:\/\/123-esta.com\/pt-pt\/top10-visitas-miami\/\"]}]},{\"@type\":\"WebSite\",\"@id\":\"https:\/\/123-esta.com\/pt-pt\/#website\",\"url\":\"https:\/\/123-esta.com\/pt-pt\/\",\"name\":\"Formulaire ESTA pour les USA\",\"description\":\"\",\"publisher\":{\"@id\":\"https:\/\/123-esta.com\/pt-pt\/#organization\"},\"potentialAction\":[{\"@type\":\"SearchAction\",\"target\":{\"@type\":\"EntryPoint\",\"urlTemplate\":\"https:\/\/123-esta.com\/pt-pt\/?s={search_term_string}\"},\"query-input\":{\"@type\":\"PropertyValueSpecification\",\"valueRequired\":true,\"valueName\":\"search_term_string\"}}],\"inLanguage\":\"pt-PT\"},{\"@type\":\"Organization\",\"@id\":\"https:\/\/123-esta.com\/pt-pt\/#organization\",\"name\":\"Formulaire ESTA pour les USA\",\"url\":\"https:\/\/123-esta.com\/pt-pt\/\",\"logo\":{\"@type\":\"ImageObject\",\"inLanguage\":\"pt-PT\",\"@id\":\"https:\/\/123-esta.com\/pt-pt\/#\/schema\/logo\/image\/\",\"url\":\"https:\/\/123-esta.com\/wp-content\/uploads\/2018\/03\/logo-123-esta.png\",\"contentUrl\":\"https:\/\/123-esta.com\/wp-content\/uploads\/2018\/03\/logo-123-esta.png\",\"width\":191,\"height\":54,\"caption\":\"Formulaire ESTA pour les USA\"},\"image\":{\"@id\":\"https:\/\/123-esta.com\/pt-pt\/#\/schema\/logo\/image\/\"}}]}<\/script>\n<!-- \/ Yoast SEO plugin. -->","yoast_head_json":{"title":"Os nossos 10 melhores passeios obrigat\u00f3rios em Miami","description":"Apresenta\u00e7\u00e3o dos 10 lugares a n\u00e3o perder em Miami. N\u00e3o se esque\u00e7a de se candidatar ao ESTA para desfrutar desta cidade m\u00e1gica.","robots":{"index":"index","follow":"follow","max-snippet":"max-snippet:-1","max-image-preview":"max-image-preview:large","max-video-preview":"max-video-preview:-1"},"canonical":"https:\/\/123-esta.com\/pt-pt\/top10-visitas-miami\/","og_locale":"pt_PT","og_type":"article","og_title":"Os nossos 10 melhores passeios obrigat\u00f3rios em Miami","og_description":"Apresenta\u00e7\u00e3o dos 10 lugares a n\u00e3o perder em Miami. N\u00e3o se esque\u00e7a de se candidatar ao ESTA para desfrutar desta cidade m\u00e1gica.","og_url":"https:\/\/123-esta.com\/pt-pt\/top10-visitas-miami\/","og_site_name":"Formulaire ESTA pour les USA","article_modified_time":"2022-09-01T07:39:59+00:00","twitter_card":"summary_large_image","twitter_misc":{"Tempo estimado de leitura":"2 minutos"},"schema":{"@context":"https:\/\/schema.org","@graph":[{"@type":"WebPage","@id":"https:\/\/123-esta.com\/pt-pt\/top10-visitas-miami\/","url":"https:\/\/123-esta.com\/pt-pt\/top10-visitas-miami\/","name":"Os nossos 10 melhores passeios obrigat\u00f3rios em Miami","isPartOf":{"@id":"https:\/\/123-esta.com\/pt-pt\/#website"},"datePublished":"2022-07-27T19:34:22+00:00","dateModified":"2022-09-01T07:39:59+00:00","description":"Apresenta\u00e7\u00e3o dos 10 lugares a n\u00e3o perder em Miami. N\u00e3o se esque\u00e7a de se candidatar ao ESTA para desfrutar desta cidade m\u00e1gica.","inLanguage":"pt-PT","potentialAction":[{"@type":"ReadAction","target":["https:\/\/123-esta.com\/pt-pt\/top10-visitas-miami\/"]}]},{"@type":"WebSite","@id":"https:\/\/123-esta.com\/pt-pt\/#website","url":"https:\/\/123-esta.com\/pt-pt\/","name":"Formulaire ESTA pour les USA","description":"","publisher":{"@id":"https:\/\/123-esta.com\/pt-pt\/#organization"},"potentialAction":[{"@type":"SearchAction","target":{"@type":"EntryPoint","urlTemplate":"https:\/\/123-esta.com\/pt-pt\/?s={search_term_string}"},"query-input":{"@type":"PropertyValueSpecification","valueRequired":true,"valueName":"search_term_string"}}],"inLanguage":"pt-PT"},{"@type":"Organization","@id":"https:\/\/123-esta.com\/pt-pt\/#organization","name":"Formulaire ESTA pour les USA","url":"https:\/\/123-esta.com\/pt-pt\/","logo":{"@type":"ImageObject","inLanguage":"pt-PT","@id":"https:\/\/123-esta.com\/pt-pt\/#\/schema\/logo\/image\/","url":"https:\/\/123-esta.com\/wp-content\/uploads\/2018\/03\/logo-123-esta.png","contentUrl":"https:\/\/123-esta.com\/wp-content\/uploads\/2018\/03\/logo-123-esta.png","width":191,"height":54,"caption":"Formulaire ESTA pour les USA"},"image":{"@id":"https:\/\/123-esta.com\/pt-pt\/#\/schema\/logo\/image\/"}}]}},"_links":{"self":[{"href":"https:\/\/123-esta.com\/pt-pt\/wp-json\/wp\/v2\/pages\/2307","targetHints":{"allow":["GET"]}}],"collection":[{"href":"https:\/\/123-esta.com\/pt-pt\/wp-json\/wp\/v2\/pages"}],"about":[{"href":"https:\/\/123-esta.com\/pt-pt\/wp-json\/wp\/v2\/types\/page"}],"author":[{"embeddable":true,"href":"https:\/\/123-esta.com\/pt-pt\/wp-json\/wp\/v2\/users\/1"}],"replies":[{"embeddable":true,"href":"https:\/\/123-esta.com\/pt-pt\/wp-json\/wp\/v2\/comments?post=2307"}],"version-history":[{"count":0,"href":"https:\/\/123-esta.com\/pt-pt\/wp-json\/wp\/v2\/pages\/2307\/revisions"}],"wp:attachment":[{"href":"https:\/\/123-esta.com\/pt-pt\/wp-json\/wp\/v2\/media?parent=2307"}],"curies":[{"name":"wp","href":"https:\/\/api.w.org\/{rel}","templated":true}]}}