{"id":2301,"date":"2022-07-27T21:34:21","date_gmt":"2022-07-27T19:34:21","guid":{"rendered":"https:\/\/123-esta.com\/top10-visitas-novo-trabalho\/"},"modified":"2022-09-19T16:52:57","modified_gmt":"2022-09-19T14:52:57","slug":"os-10-melhores-passeios-em-new-york","status":"publish","type":"page","link":"https:\/\/123-esta.com\/pt-pt\/os-10-melhores-passeios-em-new-york\/","title":{"rendered":"Top 10 must-sees em New York"},"content":{"rendered":"\n<p>Para chegar aos Estados Unidos, pode apanhar um avi\u00e3o ou um barco e visitar a m\u00edtica cidade de New York !<\/p>\n\n<p>Para o fazer, ter\u00e1 de solicitar uma autoriza\u00e7\u00e3o electr\u00f3nica simples na Internet chamada ESTA. Uma vez concedido, o ESTA permitir-lhe-\u00e1 desfrutar de uma viagem inesquec\u00edvel \u00e0 Grande Ma\u00e7\u00e3 por um m\u00e1ximo de 90 dias. New York \u00e9 de longe a cidade mais visitada nos EUA, e \u00e9 uma das <a href=\"https:\/\/123-esta.com\/pt-pt\/grandes-cidades-e-regioes-a-visita-nos-estados-unidos\/\">coisas mais visitadas nos EUA<\/a>, atraindo milh\u00f5es de visitantes de todo o mundo todos os anos. Vai ser o pr\u00f3ximo?<\/p>\n\n<h2 class=\"wp-block-heading\">Turismo em New York : os bons planos<\/h2>\n\n<p>Se esta \u00e9 a sua primeira viagem a New York , planear a sua visita pode ser muito importante, uma vez que h\u00e1 tantos s\u00edtios para ver. \u00c9 portanto aconselh\u00e1vel elaborar um calend\u00e1rio de locais a visitar antes de partir para evitar perder tempo desnecess\u00e1rio.<\/p>\n\n<p>O programa de visitas recomendado inclui muitas actividades, tais como visitar a pr\u00f3pria cidade, os seus museus, fazer compras ou ir a bares ou clubes nocturnos. Se tiver tempo, n\u00e3o hesite em perder-se na cidade, pois cada rua pode conter muitas surpresas.<\/p>\n\n<h2 class=\"wp-block-heading\">Visita guiada a New York<\/h2>\n\n<p>New York tem tantos lugares interessantes que levaria uma eternidade a ver cada um deles. Visitas a monumentos, actividades aqu\u00e1ticas e cruzeiros, espect\u00e1culos, eventos desportivos, etc. New York oferece uma multiplicidade de actividades. Para o ajudar a fazer a sua escolha, aqui est\u00e3o algumas ideias:<\/p>\n\n<ul class=\"wp-block-list\"><li>Os locais mais importantes s\u00e3o a Est\u00e1tua da Liberdade e a Ponte de Brooklyn.<\/li><li>Um passeio de helic\u00f3ptero dar-lhe-\u00e1 uma ampla vis\u00e3o da paisagem de Manhattan sobre um or\u00e7amento. Ao contr\u00e1rio do que se poderia pensar, as tarifas n\u00e3o s\u00e3o assim t\u00e3o caras. Voar sobre a cidade \u00e9 uma experi\u00eancia inesquec\u00edvel!<\/li><li>O Rockefeller Center \u00e9 um complexo de 19 edif\u00edcios comerciais que se estende pela 48\u00aa e 51\u00aa ruas de Manhattan. No topo do edif\u00edcio, ter\u00e1 uma vista incr\u00edvel de toda a cidade!<\/li><li>Uma das maravilhas de New York \u00e9 sem d\u00favida Ellis Island, o lugar onde muitos imigrantes europeus desembarcaram em busca de uma vida melhor nos EUA.<\/li><li>Como podemos falar de New York sem falar do <a href=\"https:\/\/123-esta.com\/pt-pt\/visite-o-central-park-new-york\/\">Central Park? <\/a><\/li><\/ul>\n\n<h2 class=\"wp-block-heading\">New York e as suas ruas m\u00edticas<\/h2>\n\n<p>As ruas da cidade de New York est\u00e3o sempre cheias e animadas, tal como a famosa pra\u00e7a no cora\u00e7\u00e3o de Manhattan, conhecida como a Via Sacra do Mundo. Este lugar oferece aos visitantes um verdadeiro espect\u00e1culo de luz e arquitectura, completamente gratuito.<\/p>\n\n<p>Em New York, pode facilmente encontrar hot\u00e9is e restaurantes luxuosos com comida deliciosa. Uma actividade que recomendamos em Novembro \u00e9 o Desfile do Dia de Ac\u00e7\u00e3o de Gra\u00e7as da Macy&#8217;s. \u00c9 um evento anual que recebe mais de tr\u00eas milh\u00f5es de visitantes, atra\u00eddos pelo desfile organizado para a ocasi\u00e3o.<\/p>\n","protected":false},"excerpt":{"rendered":"<p>Para chegar aos Estados Unidos, pode apanhar um avi\u00e3o ou um barco e visitar a m\u00edtica cidade de New York ! Para o fazer, ter\u00e1 de solicitar uma autoriza\u00e7\u00e3o electr\u00f3nica simples na Internet chamada ESTA. Uma vez concedido, o ESTA permitir-lhe-\u00e1 desfrutar de uma viagem inesquec\u00edvel \u00e0 Grande Ma\u00e7\u00e3 por um m\u00e1ximo de 90 dias. [&hellip;]<\/p>\n","protected":false},"author":1,"featured_media":0,"parent":0,"menu_order":0,"comment_status":"closed","ping_status":"closed","template":"","meta":{"site-sidebar-layout":"default","site-content-layout":"default","ast-site-content-layout":"default","site-content-style":"default","site-sidebar-style":"default","ast-global-header-display":"","ast-banner-title-visibility":"","ast-main-header-display":"","ast-hfb-above-header-display":"","ast-hfb-below-header-display":"","ast-hfb-mobile-header-display":"","site-post-title":"","ast-breadcrumbs-content":"","ast-featured-img":"","footer-sml-layout":"","ast-disable-related-posts":"","theme-transparent-header-meta":"default","adv-header-id-meta":"","stick-header-meta":"default","header-above-stick-meta":"","header-main-stick-meta":"","header-below-stick-meta":"","astra-migrate-meta-layouts":"default","ast-page-background-enabled":"default","ast-page-background-meta":{"desktop":{"background-color":"","background-image":"","background-repeat":"repeat","background-position":"center center","background-size":"auto","background-attachment":"scroll","background-type":"","background-media":"","overlay-type":"","overlay-color":"","overlay-opacity":"","overlay-gradient":""},"tablet":{"background-color":"","background-image":"","background-repeat":"repeat","background-position":"center center","background-size":"auto","background-attachment":"scroll","background-type":"","background-media":"","overlay-type":"","overlay-color":"","overlay-opacity":"","overlay-gradient":""},"mobile":{"background-color":"","background-image":"","background-repeat":"repeat","background-position":"center center","background-size":"auto","background-attachment":"scroll","background-type":"","background-media":"","overlay-type":"","overlay-color":"","overlay-opacity":"","overlay-gradient":""}},"ast-content-background-meta":{"desktop":{"background-color":"var(--ast-global-color-5)","background-image":"","background-repeat":"repeat","background-position":"center center","background-size":"auto","background-attachment":"scroll","background-type":"","background-media":"","overlay-type":"","overlay-color":"","overlay-opacity":"","overlay-gradient":""},"tablet":{"background-color":"var(--ast-global-color-5)","background-image":"","background-repeat":"repeat","background-position":"center center","background-size":"auto","background-attachment":"scroll","background-type":"","background-media":"","overlay-type":"","overlay-color":"","overlay-opacity":"","overlay-gradient":""},"mobile":{"background-color":"var(--ast-global-color-5)","background-image":"","background-repeat":"repeat","background-position":"center center","background-size":"auto","background-attachment":"scroll","background-type":"","background-media":"","overlay-type":"","overlay-color":"","overlay-opacity":"","overlay-gradient":""}},"footnotes":""},"class_list":["post-2301","page","type-page","status-publish","hentry"],"yoast_head":"<!-- This site is optimized with the Yoast SEO plugin v27.1.1 - https:\/\/yoast.com\/product\/yoast-seo-wordpress\/ -->\n<title>O nosso Top 10 Coisas para Ver e Fazer em New York<\/title>\n<meta name=\"description\" content=\"Uma vez obtido o formul\u00e1rio ESTA atrav\u00e9s da Internet, pode viajar para Nova Iorque e para qualquer lugar nos EUA.\" \/>\n<meta name=\"robots\" content=\"index, follow, max-snippet:-1, max-image-preview:large, max-video-preview:-1\" \/>\n<link rel=\"canonical\" href=\"https:\/\/123-esta.com\/pt-pt\/os-10-melhores-passeios-em-new-york\/\" \/>\n<meta property=\"og:locale\" content=\"pt_PT\" \/>\n<meta property=\"og:type\" content=\"article\" \/>\n<meta property=\"og:title\" content=\"O nosso Top 10 Coisas para Ver e Fazer em New York\" \/>\n<meta property=\"og:description\" content=\"Uma vez obtido o formul\u00e1rio ESTA atrav\u00e9s da Internet, pode viajar para Nova Iorque e para qualquer lugar nos EUA.\" \/>\n<meta property=\"og:url\" content=\"https:\/\/123-esta.com\/pt-pt\/os-10-melhores-passeios-em-new-york\/\" \/>\n<meta property=\"og:site_name\" content=\"Formulaire ESTA pour les USA\" \/>\n<meta property=\"article:modified_time\" content=\"2022-09-19T14:52:57+00:00\" \/>\n<meta name=\"twitter:card\" content=\"summary_large_image\" \/>\n<meta name=\"twitter:label1\" content=\"Tempo estimado de leitura\" \/>\n\t<meta name=\"twitter:data1\" content=\"2 minutos\" \/>\n<script type=\"application\/ld+json\" class=\"yoast-schema-graph\">{\"@context\":\"https:\/\/schema.org\",\"@graph\":[{\"@type\":\"WebPage\",\"@id\":\"https:\/\/123-esta.com\/pt-pt\/os-10-melhores-passeios-em-new-york\/\",\"url\":\"https:\/\/123-esta.com\/pt-pt\/os-10-melhores-passeios-em-new-york\/\",\"name\":\"O nosso Top 10 Coisas para Ver e Fazer em New York\",\"isPartOf\":{\"@id\":\"https:\/\/123-esta.com\/pt-pt\/#website\"},\"datePublished\":\"2022-07-27T19:34:21+00:00\",\"dateModified\":\"2022-09-19T14:52:57+00:00\",\"description\":\"Uma vez obtido o formul\u00e1rio ESTA atrav\u00e9s da Internet, pode viajar para Nova Iorque e para qualquer lugar nos EUA.\",\"inLanguage\":\"pt-PT\",\"potentialAction\":[{\"@type\":\"ReadAction\",\"target\":[\"https:\/\/123-esta.com\/pt-pt\/os-10-melhores-passeios-em-new-york\/\"]}]},{\"@type\":\"WebSite\",\"@id\":\"https:\/\/123-esta.com\/pt-pt\/#website\",\"url\":\"https:\/\/123-esta.com\/pt-pt\/\",\"name\":\"Formulaire ESTA pour les USA\",\"description\":\"\",\"publisher\":{\"@id\":\"https:\/\/123-esta.com\/pt-pt\/#organization\"},\"potentialAction\":[{\"@type\":\"SearchAction\",\"target\":{\"@type\":\"EntryPoint\",\"urlTemplate\":\"https:\/\/123-esta.com\/pt-pt\/?s={search_term_string}\"},\"query-input\":{\"@type\":\"PropertyValueSpecification\",\"valueRequired\":true,\"valueName\":\"search_term_string\"}}],\"inLanguage\":\"pt-PT\"},{\"@type\":\"Organization\",\"@id\":\"https:\/\/123-esta.com\/pt-pt\/#organization\",\"name\":\"Formulaire ESTA pour les USA\",\"url\":\"https:\/\/123-esta.com\/pt-pt\/\",\"logo\":{\"@type\":\"ImageObject\",\"inLanguage\":\"pt-PT\",\"@id\":\"https:\/\/123-esta.com\/pt-pt\/#\/schema\/logo\/image\/\",\"url\":\"https:\/\/123-esta.com\/wp-content\/uploads\/2018\/03\/logo-123-esta.png\",\"contentUrl\":\"https:\/\/123-esta.com\/wp-content\/uploads\/2018\/03\/logo-123-esta.png\",\"width\":191,\"height\":54,\"caption\":\"Formulaire ESTA pour les USA\"},\"image\":{\"@id\":\"https:\/\/123-esta.com\/pt-pt\/#\/schema\/logo\/image\/\"}}]}<\/script>\n<!-- \/ Yoast SEO plugin. -->","yoast_head_json":{"title":"O nosso Top 10 Coisas para Ver e Fazer em New York","description":"Uma vez obtido o formul\u00e1rio ESTA atrav\u00e9s da Internet, pode viajar para Nova Iorque e para qualquer lugar nos EUA.","robots":{"index":"index","follow":"follow","max-snippet":"max-snippet:-1","max-image-preview":"max-image-preview:large","max-video-preview":"max-video-preview:-1"},"canonical":"https:\/\/123-esta.com\/pt-pt\/os-10-melhores-passeios-em-new-york\/","og_locale":"pt_PT","og_type":"article","og_title":"O nosso Top 10 Coisas para Ver e Fazer em New York","og_description":"Uma vez obtido o formul\u00e1rio ESTA atrav\u00e9s da Internet, pode viajar para Nova Iorque e para qualquer lugar nos EUA.","og_url":"https:\/\/123-esta.com\/pt-pt\/os-10-melhores-passeios-em-new-york\/","og_site_name":"Formulaire ESTA pour les USA","article_modified_time":"2022-09-19T14:52:57+00:00","twitter_card":"summary_large_image","twitter_misc":{"Tempo estimado de leitura":"2 minutos"},"schema":{"@context":"https:\/\/schema.org","@graph":[{"@type":"WebPage","@id":"https:\/\/123-esta.com\/pt-pt\/os-10-melhores-passeios-em-new-york\/","url":"https:\/\/123-esta.com\/pt-pt\/os-10-melhores-passeios-em-new-york\/","name":"O nosso Top 10 Coisas para Ver e Fazer em New York","isPartOf":{"@id":"https:\/\/123-esta.com\/pt-pt\/#website"},"datePublished":"2022-07-27T19:34:21+00:00","dateModified":"2022-09-19T14:52:57+00:00","description":"Uma vez obtido o formul\u00e1rio ESTA atrav\u00e9s da Internet, pode viajar para Nova Iorque e para qualquer lugar nos EUA.","inLanguage":"pt-PT","potentialAction":[{"@type":"ReadAction","target":["https:\/\/123-esta.com\/pt-pt\/os-10-melhores-passeios-em-new-york\/"]}]},{"@type":"WebSite","@id":"https:\/\/123-esta.com\/pt-pt\/#website","url":"https:\/\/123-esta.com\/pt-pt\/","name":"Formulaire ESTA pour les USA","description":"","publisher":{"@id":"https:\/\/123-esta.com\/pt-pt\/#organization"},"potentialAction":[{"@type":"SearchAction","target":{"@type":"EntryPoint","urlTemplate":"https:\/\/123-esta.com\/pt-pt\/?s={search_term_string}"},"query-input":{"@type":"PropertyValueSpecification","valueRequired":true,"valueName":"search_term_string"}}],"inLanguage":"pt-PT"},{"@type":"Organization","@id":"https:\/\/123-esta.com\/pt-pt\/#organization","name":"Formulaire ESTA pour les USA","url":"https:\/\/123-esta.com\/pt-pt\/","logo":{"@type":"ImageObject","inLanguage":"pt-PT","@id":"https:\/\/123-esta.com\/pt-pt\/#\/schema\/logo\/image\/","url":"https:\/\/123-esta.com\/wp-content\/uploads\/2018\/03\/logo-123-esta.png","contentUrl":"https:\/\/123-esta.com\/wp-content\/uploads\/2018\/03\/logo-123-esta.png","width":191,"height":54,"caption":"Formulaire ESTA pour les USA"},"image":{"@id":"https:\/\/123-esta.com\/pt-pt\/#\/schema\/logo\/image\/"}}]}},"_links":{"self":[{"href":"https:\/\/123-esta.com\/pt-pt\/wp-json\/wp\/v2\/pages\/2301","targetHints":{"allow":["GET"]}}],"collection":[{"href":"https:\/\/123-esta.com\/pt-pt\/wp-json\/wp\/v2\/pages"}],"about":[{"href":"https:\/\/123-esta.com\/pt-pt\/wp-json\/wp\/v2\/types\/page"}],"author":[{"embeddable":true,"href":"https:\/\/123-esta.com\/pt-pt\/wp-json\/wp\/v2\/users\/1"}],"replies":[{"embeddable":true,"href":"https:\/\/123-esta.com\/pt-pt\/wp-json\/wp\/v2\/comments?post=2301"}],"version-history":[{"count":0,"href":"https:\/\/123-esta.com\/pt-pt\/wp-json\/wp\/v2\/pages\/2301\/revisions"}],"wp:attachment":[{"href":"https:\/\/123-esta.com\/pt-pt\/wp-json\/wp\/v2\/media?parent=2301"}],"curies":[{"name":"wp","href":"https:\/\/api.w.org\/{rel}","templated":true}]}}