{"id":2296,"date":"2022-07-27T21:34:20","date_gmt":"2022-07-27T19:34:20","guid":{"rendered":"https:\/\/123-esta.com\/o-que-fazer-na-florida\/"},"modified":"2022-09-19T16:51:09","modified_gmt":"2022-09-19T14:51:09","slug":"o-que-fazer-na-florida","status":"publish","type":"page","link":"https:\/\/123-esta.com\/pt-pt\/o-que-fazer-na-florida\/","title":{"rendered":"Quais s\u00e3o as atrac\u00e7\u00f5es obrigat\u00f3rias na Fl\u00f3rida?"},"content":{"rendered":"\n<p>Com uma \u00e1rea de 151.940 km2, a pen\u00ednsula da Florida tem 700 km de comprimento e \u00e9 delimitada a sul e a leste pelo Oceano Atl\u00e2ntico e a oeste pelo Golfo do M\u00e9xico. A sua linha costeira de mais de 1930 km oferece belas praias at\u00e9 onde a vista alcan\u00e7a, com belas ba\u00edas e muitos lugares para visitar. Com uma linha costeira de quase 4000 ilhas, a Florida \u00e9 conhecida como a casa da \u00e1gua azul. \u00c9 uma das <a href=\"https:\/\/123-esta.com\/pt-pt\/grandes-cidades-e-regioes-a-visita-nos-estados-unidos\/\">principais regi\u00f5es tur\u00edsticas dos Estados Unidos<\/a>.<\/p>\n\n<p>Para n\u00e3o estragar nada, a Florida est\u00e1 longe de estar limitada \u00e0s suas praias. Para al\u00e9m do seu ambiente natural incompar\u00e1vel, h\u00e1 v\u00e1rios locais na Fl\u00f3rida que gostar\u00e1 de descobrir, tais como Disney World, um parque de entretenimento considerado obrigat\u00f3rio pela maioria dos visitantes da Fl\u00f3rida.<\/p>\n\n<h2 class=\"wp-block-heading\">\u00c0 descoberta de Miami<\/h2>\n\n<p>Com uma popula\u00e7\u00e3o de quase cinco milh\u00f5es de habitantes, Miami e a zona circundante \u00e9 um importante centro econ\u00f3mico e tur\u00edstico. A cidade \u00e9 tamb\u00e9m a porta de entrada para as Cara\u00edbas e \u00e9 facilmente acess\u00edvel para uma escapadela de Inverno ou para um fim-de-semana memor\u00e1vel.<br\/><a href=\"https:\/\/123-esta.com\/pt-pt\/top10-visitas-miami\/\">Visitar Miami<\/a> \u00e9 tamb\u00e9m sobre South Beach, vida nocturna inigual\u00e1vel, fisiculturistas e a praia. Mas tamb\u00e9m Pequena Havana, um pequeno peda\u00e7o de Cuba no meio da cidade. Quanto aos hot\u00e9is, n\u00e3o h\u00e1 falta deles na Florida e pode facilmente encontrar uma op\u00e7\u00e3o que satisfa\u00e7a as suas necessidades. Uma viagem a <a href=\"https:\/\/123-esta.com\/pt-pt\/cruzeiro-em-fort-lauderdale\/\">Fort Lauderdale<\/a> permitir-lhe-\u00e1 tamb\u00e9m desfrutar de um dos muitos <a href=\"https:\/\/123-esta.com\/pt-pt\/cruzeiro-de-luxo-nos-eua\/\">cruzeiros de luxo americanos<\/a> oferecidos.<\/p>\n\n<h2 class=\"wp-block-heading\">Viajar para a Fl\u00f3rida com a autoriza\u00e7\u00e3o electr\u00f3nica de viagem ESTA<\/h2>\n\n<p>Qualquer pessoa que deseje visitar a Florida a partir de Fran\u00e7a deve obter uma autoriza\u00e7\u00e3o de viagem ESTA antes de apanhar o seu voo.<\/p>\n\n<p>Para obter esta autoriza\u00e7\u00e3o, \u00e9 necess\u00e1rio apresentar o pedido em linha, preenchendo um formul\u00e1rio e pagando a taxa. Vale a pena lembrar que a autoriza\u00e7\u00e3o n\u00e3o \u00e9 concedida de facto. Pode ser recusado ou concedido sem mais delongas. Mas fique descansado, as recusas ainda s\u00e3o raras.<\/p>\n\n<h2 class=\"wp-block-heading\">E se n\u00e3o satisfizer os requisitos?<\/h2>\n\n<p>Se, por alguma raz\u00e3o, n\u00e3o cumprir os crit\u00e9rios para a autoriza\u00e7\u00e3o de viagem ESTA, tem uma segunda op\u00e7\u00e3o: ir \u00e0 embaixada dos EUA para <a href=\"https:\/\/123-esta.com\/pt-pt\/visto-de-turista-dos-estados-unidos\/\">solicitar um visto de turista<\/a>.<\/p>\n\n<p>Aten\u00e7\u00e3o: mesmo que cumpra os crit\u00e9rios e a sua candidatura ESTA tenha sido recusada devido a um erro ou mal-entendido, n\u00e3o pode preencher o formul\u00e1rio de candidatura uma segunda vez. Ter\u00e1 de esperar dez dias antes de requerer novamente a autoriza\u00e7\u00e3o. A resposta desta \u00faltima est\u00e1 sempre dependente do minist\u00e9rio respons\u00e1vel pela gest\u00e3o da imigra\u00e7\u00e3o.<\/p>\n","protected":false},"excerpt":{"rendered":"<p>Com uma \u00e1rea de 151.940 km2, a pen\u00ednsula da Florida tem 700 km de comprimento e \u00e9 delimitada a sul e a leste pelo Oceano Atl\u00e2ntico e a oeste pelo Golfo do M\u00e9xico. A sua linha costeira de mais de 1930 km oferece belas praias at\u00e9 onde a vista alcan\u00e7a, com belas ba\u00edas e muitos [&hellip;]<\/p>\n","protected":false},"author":1,"featured_media":0,"parent":0,"menu_order":0,"comment_status":"closed","ping_status":"closed","template":"","meta":{"site-sidebar-layout":"default","site-content-layout":"default","ast-site-content-layout":"default","site-content-style":"default","site-sidebar-style":"default","ast-global-header-display":"","ast-banner-title-visibility":"","ast-main-header-display":"","ast-hfb-above-header-display":"","ast-hfb-below-header-display":"","ast-hfb-mobile-header-display":"","site-post-title":"","ast-breadcrumbs-content":"","ast-featured-img":"","footer-sml-layout":"","ast-disable-related-posts":"","theme-transparent-header-meta":"default","adv-header-id-meta":"","stick-header-meta":"default","header-above-stick-meta":"","header-main-stick-meta":"","header-below-stick-meta":"","astra-migrate-meta-layouts":"default","ast-page-background-enabled":"default","ast-page-background-meta":{"desktop":{"background-color":"","background-image":"","background-repeat":"repeat","background-position":"center center","background-size":"auto","background-attachment":"scroll","background-type":"","background-media":"","overlay-type":"","overlay-color":"","overlay-opacity":"","overlay-gradient":""},"tablet":{"background-color":"","background-image":"","background-repeat":"repeat","background-position":"center center","background-size":"auto","background-attachment":"scroll","background-type":"","background-media":"","overlay-type":"","overlay-color":"","overlay-opacity":"","overlay-gradient":""},"mobile":{"background-color":"","background-image":"","background-repeat":"repeat","background-position":"center center","background-size":"auto","background-attachment":"scroll","background-type":"","background-media":"","overlay-type":"","overlay-color":"","overlay-opacity":"","overlay-gradient":""}},"ast-content-background-meta":{"desktop":{"background-color":"var(--ast-global-color-5)","background-image":"","background-repeat":"repeat","background-position":"center center","background-size":"auto","background-attachment":"scroll","background-type":"","background-media":"","overlay-type":"","overlay-color":"","overlay-opacity":"","overlay-gradient":""},"tablet":{"background-color":"var(--ast-global-color-5)","background-image":"","background-repeat":"repeat","background-position":"center center","background-size":"auto","background-attachment":"scroll","background-type":"","background-media":"","overlay-type":"","overlay-color":"","overlay-opacity":"","overlay-gradient":""},"mobile":{"background-color":"var(--ast-global-color-5)","background-image":"","background-repeat":"repeat","background-position":"center center","background-size":"auto","background-attachment":"scroll","background-type":"","background-media":"","overlay-type":"","overlay-color":"","overlay-opacity":"","overlay-gradient":""}},"footnotes":""},"class_list":["post-2296","page","type-page","status-publish","hentry"],"yoast_head":"<!-- This site is optimized with the Yoast SEO plugin v27.1.1 - https:\/\/yoast.com\/product\/yoast-seo-wordpress\/ -->\n<title>O que visitar nas suas f\u00e9rias na Fl\u00f3rida<\/title>\n<meta name=\"description\" content=\"A visita \u00e0 Florida \u00e9 recomendada para sol, praia, compras e vida nocturna. Viajar para a Florida com um ESTA\" \/>\n<meta name=\"robots\" content=\"index, follow, max-snippet:-1, max-image-preview:large, max-video-preview:-1\" \/>\n<link rel=\"canonical\" href=\"https:\/\/123-esta.com\/pt-pt\/o-que-fazer-na-florida\/\" \/>\n<meta property=\"og:locale\" content=\"pt_PT\" \/>\n<meta property=\"og:type\" content=\"article\" \/>\n<meta property=\"og:title\" content=\"O que visitar nas suas f\u00e9rias na Fl\u00f3rida\" \/>\n<meta property=\"og:description\" content=\"A visita \u00e0 Florida \u00e9 recomendada para sol, praia, compras e vida nocturna. Viajar para a Florida com um ESTA\" \/>\n<meta property=\"og:url\" content=\"https:\/\/123-esta.com\/pt-pt\/o-que-fazer-na-florida\/\" \/>\n<meta property=\"og:site_name\" content=\"Formulaire ESTA pour les USA\" \/>\n<meta property=\"article:modified_time\" content=\"2022-09-19T14:51:09+00:00\" \/>\n<meta name=\"twitter:card\" content=\"summary_large_image\" \/>\n<meta name=\"twitter:label1\" content=\"Tempo estimado de leitura\" \/>\n\t<meta name=\"twitter:data1\" content=\"2 minutos\" \/>\n<script type=\"application\/ld+json\" class=\"yoast-schema-graph\">{\"@context\":\"https:\/\/schema.org\",\"@graph\":[{\"@type\":\"WebPage\",\"@id\":\"https:\/\/123-esta.com\/pt-pt\/o-que-fazer-na-florida\/\",\"url\":\"https:\/\/123-esta.com\/pt-pt\/o-que-fazer-na-florida\/\",\"name\":\"O que visitar nas suas f\u00e9rias na Fl\u00f3rida\",\"isPartOf\":{\"@id\":\"https:\/\/123-esta.com\/pt-pt\/#website\"},\"datePublished\":\"2022-07-27T19:34:20+00:00\",\"dateModified\":\"2022-09-19T14:51:09+00:00\",\"description\":\"A visita \u00e0 Florida \u00e9 recomendada para sol, praia, compras e vida nocturna. Viajar para a Florida com um ESTA\",\"inLanguage\":\"pt-PT\",\"potentialAction\":[{\"@type\":\"ReadAction\",\"target\":[\"https:\/\/123-esta.com\/pt-pt\/o-que-fazer-na-florida\/\"]}]},{\"@type\":\"WebSite\",\"@id\":\"https:\/\/123-esta.com\/pt-pt\/#website\",\"url\":\"https:\/\/123-esta.com\/pt-pt\/\",\"name\":\"Formulaire ESTA pour les USA\",\"description\":\"\",\"publisher\":{\"@id\":\"https:\/\/123-esta.com\/pt-pt\/#organization\"},\"potentialAction\":[{\"@type\":\"SearchAction\",\"target\":{\"@type\":\"EntryPoint\",\"urlTemplate\":\"https:\/\/123-esta.com\/pt-pt\/?s={search_term_string}\"},\"query-input\":{\"@type\":\"PropertyValueSpecification\",\"valueRequired\":true,\"valueName\":\"search_term_string\"}}],\"inLanguage\":\"pt-PT\"},{\"@type\":\"Organization\",\"@id\":\"https:\/\/123-esta.com\/pt-pt\/#organization\",\"name\":\"Formulaire ESTA pour les USA\",\"url\":\"https:\/\/123-esta.com\/pt-pt\/\",\"logo\":{\"@type\":\"ImageObject\",\"inLanguage\":\"pt-PT\",\"@id\":\"https:\/\/123-esta.com\/pt-pt\/#\/schema\/logo\/image\/\",\"url\":\"https:\/\/123-esta.com\/wp-content\/uploads\/2018\/03\/logo-123-esta.png\",\"contentUrl\":\"https:\/\/123-esta.com\/wp-content\/uploads\/2018\/03\/logo-123-esta.png\",\"width\":191,\"height\":54,\"caption\":\"Formulaire ESTA pour les USA\"},\"image\":{\"@id\":\"https:\/\/123-esta.com\/pt-pt\/#\/schema\/logo\/image\/\"}}]}<\/script>\n<!-- \/ Yoast SEO plugin. -->","yoast_head_json":{"title":"O que visitar nas suas f\u00e9rias na Fl\u00f3rida","description":"A visita \u00e0 Florida \u00e9 recomendada para sol, praia, compras e vida nocturna. Viajar para a Florida com um ESTA","robots":{"index":"index","follow":"follow","max-snippet":"max-snippet:-1","max-image-preview":"max-image-preview:large","max-video-preview":"max-video-preview:-1"},"canonical":"https:\/\/123-esta.com\/pt-pt\/o-que-fazer-na-florida\/","og_locale":"pt_PT","og_type":"article","og_title":"O que visitar nas suas f\u00e9rias na Fl\u00f3rida","og_description":"A visita \u00e0 Florida \u00e9 recomendada para sol, praia, compras e vida nocturna. Viajar para a Florida com um ESTA","og_url":"https:\/\/123-esta.com\/pt-pt\/o-que-fazer-na-florida\/","og_site_name":"Formulaire ESTA pour les USA","article_modified_time":"2022-09-19T14:51:09+00:00","twitter_card":"summary_large_image","twitter_misc":{"Tempo estimado de leitura":"2 minutos"},"schema":{"@context":"https:\/\/schema.org","@graph":[{"@type":"WebPage","@id":"https:\/\/123-esta.com\/pt-pt\/o-que-fazer-na-florida\/","url":"https:\/\/123-esta.com\/pt-pt\/o-que-fazer-na-florida\/","name":"O que visitar nas suas f\u00e9rias na Fl\u00f3rida","isPartOf":{"@id":"https:\/\/123-esta.com\/pt-pt\/#website"},"datePublished":"2022-07-27T19:34:20+00:00","dateModified":"2022-09-19T14:51:09+00:00","description":"A visita \u00e0 Florida \u00e9 recomendada para sol, praia, compras e vida nocturna. Viajar para a Florida com um ESTA","inLanguage":"pt-PT","potentialAction":[{"@type":"ReadAction","target":["https:\/\/123-esta.com\/pt-pt\/o-que-fazer-na-florida\/"]}]},{"@type":"WebSite","@id":"https:\/\/123-esta.com\/pt-pt\/#website","url":"https:\/\/123-esta.com\/pt-pt\/","name":"Formulaire ESTA pour les USA","description":"","publisher":{"@id":"https:\/\/123-esta.com\/pt-pt\/#organization"},"potentialAction":[{"@type":"SearchAction","target":{"@type":"EntryPoint","urlTemplate":"https:\/\/123-esta.com\/pt-pt\/?s={search_term_string}"},"query-input":{"@type":"PropertyValueSpecification","valueRequired":true,"valueName":"search_term_string"}}],"inLanguage":"pt-PT"},{"@type":"Organization","@id":"https:\/\/123-esta.com\/pt-pt\/#organization","name":"Formulaire ESTA pour les USA","url":"https:\/\/123-esta.com\/pt-pt\/","logo":{"@type":"ImageObject","inLanguage":"pt-PT","@id":"https:\/\/123-esta.com\/pt-pt\/#\/schema\/logo\/image\/","url":"https:\/\/123-esta.com\/wp-content\/uploads\/2018\/03\/logo-123-esta.png","contentUrl":"https:\/\/123-esta.com\/wp-content\/uploads\/2018\/03\/logo-123-esta.png","width":191,"height":54,"caption":"Formulaire ESTA pour les USA"},"image":{"@id":"https:\/\/123-esta.com\/pt-pt\/#\/schema\/logo\/image\/"}}]}},"_links":{"self":[{"href":"https:\/\/123-esta.com\/pt-pt\/wp-json\/wp\/v2\/pages\/2296","targetHints":{"allow":["GET"]}}],"collection":[{"href":"https:\/\/123-esta.com\/pt-pt\/wp-json\/wp\/v2\/pages"}],"about":[{"href":"https:\/\/123-esta.com\/pt-pt\/wp-json\/wp\/v2\/types\/page"}],"author":[{"embeddable":true,"href":"https:\/\/123-esta.com\/pt-pt\/wp-json\/wp\/v2\/users\/1"}],"replies":[{"embeddable":true,"href":"https:\/\/123-esta.com\/pt-pt\/wp-json\/wp\/v2\/comments?post=2296"}],"version-history":[{"count":0,"href":"https:\/\/123-esta.com\/pt-pt\/wp-json\/wp\/v2\/pages\/2296\/revisions"}],"wp:attachment":[{"href":"https:\/\/123-esta.com\/pt-pt\/wp-json\/wp\/v2\/media?parent=2296"}],"curies":[{"name":"wp","href":"https:\/\/api.w.org\/{rel}","templated":true}]}}