{"id":2294,"date":"2022-07-27T21:34:19","date_gmt":"2022-07-27T19:34:19","guid":{"rendered":"https:\/\/123-esta.com\/fort-lauderdale-cruise\/"},"modified":"2022-08-23T23:21:45","modified_gmt":"2022-08-23T21:21:45","slug":"cruzeiro-em-fort-lauderdale","status":"publish","type":"page","link":"https:\/\/123-esta.com\/pt-pt\/cruzeiro-em-fort-lauderdale\/","title":{"rendered":"Fort Lauderdale, o ponto de partida para cruzeiros nas Cara\u00edbas"},"content":{"rendered":"\n<p>Localizada na parte sudeste do <a href=\"https:\/\/123-esta.com\/pt-pt\/o-que-fazer-na-florida\/\">estado da Florida<\/a>, Fort Lauderdale \u00e9 um destino tur\u00edstico com muitas atrac\u00e7\u00f5es, ideal para iniciar a sua viagem de cruzeiro pelas Cara\u00edbas. Tamb\u00e9m conhecida como a Veneza da Am\u00e9rica, a cidade tem muitas vantagens.<\/p>\n\n<h2 class=\"wp-block-heading\">Os principais trunfos da cidade<\/h2>\n\n<p>Uma das principais vantagens desta cidade \u00e9 a sua abertura \u00e0s Cara\u00edbas, o que faz dela um ponto de partida privilegiado para muitos cruzeiros. Fort Lauderdale est\u00e1 tamb\u00e9m a menos de uma hora de carro de Miami, com as suas praias incr\u00edveis, ambiente latino e festas famosas. No entanto, n\u00e3o \u00e9 necess\u00e1rio viajar para fora da cidade. H\u00e1 muitos lugares de interesse para ver no local, uma lista n\u00e3o exaustiva \u00e9 dada abaixo.<\/p>\n\n<h2 class=\"wp-block-heading\">Os canais de Fort Lauderdale<\/h2>\n\n<p>A cidade distingue-se de outras cidades pelos seus muitos cursos de \u00e1gua, que t\u00eam mais de 400 quil\u00f3metros de comprimento. Estes canais foram concebidos no in\u00edcio do s\u00e9culo XX a fim de drenar os p\u00e2ntanos originais e de permitir o desenvolvimento urbano.<\/p>\n\n<p>Os canais s\u00e3o vias de tr\u00e1fego utilizadas por autocarros aqu\u00e1ticos que o podem levar a percorrer a cidade. Pode admirar as belas casas e os seus iates. De facto, para uma popula\u00e7\u00e3o de apenas 165.000 habitantes, Fort Lauderdale tem quase 50.000 barcos ancorados nos cerca de cem portos dispon\u00edveis.<\/p>\n\n<h2 class=\"wp-block-heading\">A Casa Bonnet<\/h2>\n\n<p>A Casa Bonnet \u00e9 uma das casas hist\u00f3ricas da cidade, constru\u00edda inteiramente de coral e alberga uma colec\u00e7\u00e3o \u00fanica de pinturas p\u00f3s-impressionistas. Est\u00e1 rodeado por um magn\u00edfico parque de 14 hectares.<\/p>\n\n<p>Uma estufa com orqu\u00eddeas e esculturas muito originais tamb\u00e9m fazem parte das atrac\u00e7\u00f5es tur\u00edsticas deste site. As visitas guiadas s\u00e3o constantemente organizadas pelos volunt\u00e1rios da associa\u00e7\u00e3o local.<\/p>\n\n<h2 class=\"wp-block-heading\">A faixa<\/h2>\n\n<p>Esta longa avenida junto ao mar est\u00e1 situada entre Las Olas e Sunrise Boulevards. \u00c9 conhecida pelos seus caf\u00e9s, hot\u00e9is e restaurantes, que s\u00e3o muito populares entre os turistas devido \u00e0 sua proximidade com as belas praias da cidade.<\/p>\n\n<p>A Casa Bonnet fica perto da faixa onde tamb\u00e9m se pode visitar o Sal\u00e3o Internacional da Fama da Nata\u00e7\u00e3o, um complexo de nata\u00e7\u00e3o onde se realizam competi\u00e7\u00f5es de alto n\u00edvel, que tamb\u00e9m inclui um museu dedicado ao desporto caro a Michael Phelps.<\/p>\n\n<h2 class=\"wp-block-heading\">A vida nocturna de Fort Lauderdale<\/h2>\n\n<p>A cidade \u00e9 uma meca para a vida nocturna de Floridian e oferece uma variedade de festividades e festas sem fim.<\/p>\n\n<p>Recomendamos o Martini Azul, que \u00e9 um dos lugares mais populares para os jovens e locais da moda. Esta cadeia de bares lounge est\u00e1 localizada por toda a Florida com um estilo e atmosfera da moda perfeita para aqueles que precisam de desabafar at\u00e9 ao fim da noite.<\/p>\n\n<p>O Smoke Caf\u00e9 \u00e9 um bom local para os amantes do vinho. Com a sua atmosfera acolhedora, esta adega apresenta muitas variedades de v\u00e1rias origens, bem como excelentes charutos de Cuba.<\/p>\n","protected":false},"excerpt":{"rendered":"<p>Localizada na parte sudeste do estado da Florida, Fort Lauderdale \u00e9 um destino tur\u00edstico com muitas atrac\u00e7\u00f5es, ideal para iniciar a sua viagem de cruzeiro pelas Cara\u00edbas. Tamb\u00e9m conhecida como a Veneza da Am\u00e9rica, a cidade tem muitas vantagens. Os principais trunfos da cidade Uma das principais vantagens desta cidade \u00e9 a sua abertura \u00e0s [&hellip;]<\/p>\n","protected":false},"author":1,"featured_media":0,"parent":0,"menu_order":0,"comment_status":"closed","ping_status":"closed","template":"","meta":{"site-sidebar-layout":"default","site-content-layout":"default","ast-site-content-layout":"default","site-content-style":"default","site-sidebar-style":"default","ast-global-header-display":"","ast-banner-title-visibility":"","ast-main-header-display":"","ast-hfb-above-header-display":"","ast-hfb-below-header-display":"","ast-hfb-mobile-header-display":"","site-post-title":"","ast-breadcrumbs-content":"","ast-featured-img":"","footer-sml-layout":"","ast-disable-related-posts":"","theme-transparent-header-meta":"default","adv-header-id-meta":"","stick-header-meta":"default","header-above-stick-meta":"","header-main-stick-meta":"","header-below-stick-meta":"","astra-migrate-meta-layouts":"default","ast-page-background-enabled":"default","ast-page-background-meta":{"desktop":{"background-color":"","background-image":"","background-repeat":"repeat","background-position":"center center","background-size":"auto","background-attachment":"scroll","background-type":"","background-media":"","overlay-type":"","overlay-color":"","overlay-opacity":"","overlay-gradient":""},"tablet":{"background-color":"","background-image":"","background-repeat":"repeat","background-position":"center center","background-size":"auto","background-attachment":"scroll","background-type":"","background-media":"","overlay-type":"","overlay-color":"","overlay-opacity":"","overlay-gradient":""},"mobile":{"background-color":"","background-image":"","background-repeat":"repeat","background-position":"center center","background-size":"auto","background-attachment":"scroll","background-type":"","background-media":"","overlay-type":"","overlay-color":"","overlay-opacity":"","overlay-gradient":""}},"ast-content-background-meta":{"desktop":{"background-color":"var(--ast-global-color-5)","background-image":"","background-repeat":"repeat","background-position":"center center","background-size":"auto","background-attachment":"scroll","background-type":"","background-media":"","overlay-type":"","overlay-color":"","overlay-opacity":"","overlay-gradient":""},"tablet":{"background-color":"var(--ast-global-color-5)","background-image":"","background-repeat":"repeat","background-position":"center center","background-size":"auto","background-attachment":"scroll","background-type":"","background-media":"","overlay-type":"","overlay-color":"","overlay-opacity":"","overlay-gradient":""},"mobile":{"background-color":"var(--ast-global-color-5)","background-image":"","background-repeat":"repeat","background-position":"center center","background-size":"auto","background-attachment":"scroll","background-type":"","background-media":"","overlay-type":"","overlay-color":"","overlay-opacity":"","overlay-gradient":""}},"footnotes":""},"class_list":["post-2294","page","type-page","status-publish","hentry"],"yoast_head":"<!-- This site is optimized with the Yoast SEO plugin v27.1.1 - https:\/\/yoast.com\/product\/yoast-seo-wordpress\/ -->\n<title>Fort Lauderdale, porto de partida para o seu cruzeiro nas Cara\u00edbas<\/title>\n<meta name=\"description\" content=\"Fort Lauderdale, a Veneza da Am\u00e9rica, \u00e9 um destino tur\u00edstico com muitas atrac\u00e7\u00f5es. \u00c9 tamb\u00e9m o ponto de partida dos cruzeiros.\" \/>\n<meta name=\"robots\" content=\"index, follow, max-snippet:-1, max-image-preview:large, max-video-preview:-1\" \/>\n<link rel=\"canonical\" href=\"https:\/\/123-esta.com\/pt-pt\/cruzeiro-em-fort-lauderdale\/\" \/>\n<meta property=\"og:locale\" content=\"pt_PT\" \/>\n<meta property=\"og:type\" content=\"article\" \/>\n<meta property=\"og:title\" content=\"Fort Lauderdale, porto de partida para o seu cruzeiro nas Cara\u00edbas\" \/>\n<meta property=\"og:description\" content=\"Fort Lauderdale, a Veneza da Am\u00e9rica, \u00e9 um destino tur\u00edstico com muitas atrac\u00e7\u00f5es. \u00c9 tamb\u00e9m o ponto de partida dos cruzeiros.\" \/>\n<meta property=\"og:url\" content=\"https:\/\/123-esta.com\/pt-pt\/cruzeiro-em-fort-lauderdale\/\" \/>\n<meta property=\"og:site_name\" content=\"Formulaire ESTA pour les USA\" \/>\n<meta property=\"article:modified_time\" content=\"2022-08-23T21:21:45+00:00\" \/>\n<meta name=\"twitter:card\" content=\"summary_large_image\" \/>\n<meta name=\"twitter:label1\" content=\"Tempo estimado de leitura\" \/>\n\t<meta name=\"twitter:data1\" content=\"2 minutos\" \/>\n<script type=\"application\/ld+json\" class=\"yoast-schema-graph\">{\"@context\":\"https:\/\/schema.org\",\"@graph\":[{\"@type\":\"WebPage\",\"@id\":\"https:\/\/123-esta.com\/pt-pt\/cruzeiro-em-fort-lauderdale\/\",\"url\":\"https:\/\/123-esta.com\/pt-pt\/cruzeiro-em-fort-lauderdale\/\",\"name\":\"Fort Lauderdale, porto de partida para o seu cruzeiro nas Cara\u00edbas\",\"isPartOf\":{\"@id\":\"https:\/\/123-esta.com\/pt-pt\/#website\"},\"datePublished\":\"2022-07-27T19:34:19+00:00\",\"dateModified\":\"2022-08-23T21:21:45+00:00\",\"description\":\"Fort Lauderdale, a Veneza da Am\u00e9rica, \u00e9 um destino tur\u00edstico com muitas atrac\u00e7\u00f5es. \u00c9 tamb\u00e9m o ponto de partida dos cruzeiros.\",\"inLanguage\":\"pt-PT\",\"potentialAction\":[{\"@type\":\"ReadAction\",\"target\":[\"https:\/\/123-esta.com\/pt-pt\/cruzeiro-em-fort-lauderdale\/\"]}]},{\"@type\":\"WebSite\",\"@id\":\"https:\/\/123-esta.com\/pt-pt\/#website\",\"url\":\"https:\/\/123-esta.com\/pt-pt\/\",\"name\":\"Formulaire ESTA pour les USA\",\"description\":\"\",\"publisher\":{\"@id\":\"https:\/\/123-esta.com\/pt-pt\/#organization\"},\"potentialAction\":[{\"@type\":\"SearchAction\",\"target\":{\"@type\":\"EntryPoint\",\"urlTemplate\":\"https:\/\/123-esta.com\/pt-pt\/?s={search_term_string}\"},\"query-input\":{\"@type\":\"PropertyValueSpecification\",\"valueRequired\":true,\"valueName\":\"search_term_string\"}}],\"inLanguage\":\"pt-PT\"},{\"@type\":\"Organization\",\"@id\":\"https:\/\/123-esta.com\/pt-pt\/#organization\",\"name\":\"Formulaire ESTA pour les USA\",\"url\":\"https:\/\/123-esta.com\/pt-pt\/\",\"logo\":{\"@type\":\"ImageObject\",\"inLanguage\":\"pt-PT\",\"@id\":\"https:\/\/123-esta.com\/pt-pt\/#\/schema\/logo\/image\/\",\"url\":\"https:\/\/123-esta.com\/wp-content\/uploads\/2018\/03\/logo-123-esta.png\",\"contentUrl\":\"https:\/\/123-esta.com\/wp-content\/uploads\/2018\/03\/logo-123-esta.png\",\"width\":191,\"height\":54,\"caption\":\"Formulaire ESTA pour les USA\"},\"image\":{\"@id\":\"https:\/\/123-esta.com\/pt-pt\/#\/schema\/logo\/image\/\"}}]}<\/script>\n<!-- \/ Yoast SEO plugin. -->","yoast_head_json":{"title":"Fort Lauderdale, porto de partida para o seu cruzeiro nas Cara\u00edbas","description":"Fort Lauderdale, a Veneza da Am\u00e9rica, \u00e9 um destino tur\u00edstico com muitas atrac\u00e7\u00f5es. \u00c9 tamb\u00e9m o ponto de partida dos cruzeiros.","robots":{"index":"index","follow":"follow","max-snippet":"max-snippet:-1","max-image-preview":"max-image-preview:large","max-video-preview":"max-video-preview:-1"},"canonical":"https:\/\/123-esta.com\/pt-pt\/cruzeiro-em-fort-lauderdale\/","og_locale":"pt_PT","og_type":"article","og_title":"Fort Lauderdale, porto de partida para o seu cruzeiro nas Cara\u00edbas","og_description":"Fort Lauderdale, a Veneza da Am\u00e9rica, \u00e9 um destino tur\u00edstico com muitas atrac\u00e7\u00f5es. \u00c9 tamb\u00e9m o ponto de partida dos cruzeiros.","og_url":"https:\/\/123-esta.com\/pt-pt\/cruzeiro-em-fort-lauderdale\/","og_site_name":"Formulaire ESTA pour les USA","article_modified_time":"2022-08-23T21:21:45+00:00","twitter_card":"summary_large_image","twitter_misc":{"Tempo estimado de leitura":"2 minutos"},"schema":{"@context":"https:\/\/schema.org","@graph":[{"@type":"WebPage","@id":"https:\/\/123-esta.com\/pt-pt\/cruzeiro-em-fort-lauderdale\/","url":"https:\/\/123-esta.com\/pt-pt\/cruzeiro-em-fort-lauderdale\/","name":"Fort Lauderdale, porto de partida para o seu cruzeiro nas Cara\u00edbas","isPartOf":{"@id":"https:\/\/123-esta.com\/pt-pt\/#website"},"datePublished":"2022-07-27T19:34:19+00:00","dateModified":"2022-08-23T21:21:45+00:00","description":"Fort Lauderdale, a Veneza da Am\u00e9rica, \u00e9 um destino tur\u00edstico com muitas atrac\u00e7\u00f5es. \u00c9 tamb\u00e9m o ponto de partida dos cruzeiros.","inLanguage":"pt-PT","potentialAction":[{"@type":"ReadAction","target":["https:\/\/123-esta.com\/pt-pt\/cruzeiro-em-fort-lauderdale\/"]}]},{"@type":"WebSite","@id":"https:\/\/123-esta.com\/pt-pt\/#website","url":"https:\/\/123-esta.com\/pt-pt\/","name":"Formulaire ESTA pour les USA","description":"","publisher":{"@id":"https:\/\/123-esta.com\/pt-pt\/#organization"},"potentialAction":[{"@type":"SearchAction","target":{"@type":"EntryPoint","urlTemplate":"https:\/\/123-esta.com\/pt-pt\/?s={search_term_string}"},"query-input":{"@type":"PropertyValueSpecification","valueRequired":true,"valueName":"search_term_string"}}],"inLanguage":"pt-PT"},{"@type":"Organization","@id":"https:\/\/123-esta.com\/pt-pt\/#organization","name":"Formulaire ESTA pour les USA","url":"https:\/\/123-esta.com\/pt-pt\/","logo":{"@type":"ImageObject","inLanguage":"pt-PT","@id":"https:\/\/123-esta.com\/pt-pt\/#\/schema\/logo\/image\/","url":"https:\/\/123-esta.com\/wp-content\/uploads\/2018\/03\/logo-123-esta.png","contentUrl":"https:\/\/123-esta.com\/wp-content\/uploads\/2018\/03\/logo-123-esta.png","width":191,"height":54,"caption":"Formulaire ESTA pour les USA"},"image":{"@id":"https:\/\/123-esta.com\/pt-pt\/#\/schema\/logo\/image\/"}}]}},"_links":{"self":[{"href":"https:\/\/123-esta.com\/pt-pt\/wp-json\/wp\/v2\/pages\/2294","targetHints":{"allow":["GET"]}}],"collection":[{"href":"https:\/\/123-esta.com\/pt-pt\/wp-json\/wp\/v2\/pages"}],"about":[{"href":"https:\/\/123-esta.com\/pt-pt\/wp-json\/wp\/v2\/types\/page"}],"author":[{"embeddable":true,"href":"https:\/\/123-esta.com\/pt-pt\/wp-json\/wp\/v2\/users\/1"}],"replies":[{"embeddable":true,"href":"https:\/\/123-esta.com\/pt-pt\/wp-json\/wp\/v2\/comments?post=2294"}],"version-history":[{"count":0,"href":"https:\/\/123-esta.com\/pt-pt\/wp-json\/wp\/v2\/pages\/2294\/revisions"}],"wp:attachment":[{"href":"https:\/\/123-esta.com\/pt-pt\/wp-json\/wp\/v2\/media?parent=2294"}],"curies":[{"name":"wp","href":"https:\/\/api.w.org\/{rel}","templated":true}]}}