{"id":2289,"date":"2022-07-27T21:34:18","date_gmt":"2022-07-27T19:34:18","guid":{"rendered":"https:\/\/123-esta.com\/grandes-cidades-e-regioes-a-visita-nos-estados-unidos\/"},"modified":"2022-08-23T23:56:10","modified_gmt":"2022-08-23T21:56:10","slug":"grandes-cidades-e-regioes-a-visita-nos-estados-unidos","status":"publish","type":"page","link":"https:\/\/123-esta.com\/pt-pt\/grandes-cidades-e-regioes-a-visita-nos-estados-unidos\/","title":{"rendered":"Principais cidades e regi\u00f5es a visitar na sua viagem aos EUA"},"content":{"rendered":"\n<p>De leste a oeste e de norte a sul, os Estados Unidos t\u00eam muito para oferecer, desde magn\u00edficas costas a majestosas cadeias montanhosas, desde metr\u00f3poles modernas a paisagens naturais incr\u00edveis. H\u00e1 definitivamente algo para todos! Se n\u00e3o tem a certeza <a href=\"https:\/\/123-esta.com\/pt-pt\/o-que-fazer-nos-eua\/\">do que ver e visitar nos EUA<\/a>, aqui est\u00e3o as nossas recomenda\u00e7\u00f5es!<\/p>\n\n<h2 class=\"wp-block-heading\">Nova Iorque<\/h2>\n\n<p><a href=\"https:\/\/123-esta.com\/pt-pt\/os-10-melhores-passeios-em-new-york\/\">Nova Iorque<\/a>, a Grande Ma\u00e7\u00e3, \u00e9 uma visita obrigat\u00f3ria para todos os viajantes, especialmente se for a sua primeira visita aos EUA. A cidade \u00e9 popular gra\u00e7as, em particular, aos famosos t\u00e1xis amarelos que atravessam a cidade dia e noite. Do Centro Rockefeller \u00e0 Times Square, o Museu Metropolitano de Arte, Broadway e Manhattan, a cidade que nunca dorme, mant\u00e9m-no atento 24 horas por dia, 7 dias por semana.<\/p>\n\n<h2 class=\"wp-block-heading\">O nordeste dos EUA<\/h2>\n\n<p>Entre as rotas mais populares, o <a href=\"https:\/\/123-esta.com\/pt-pt\/o-que-fazer-no-nordeste-dos-estados-unidos\/\">Nordeste dos EUA<\/a> n\u00e3o deve ser ultrapassado. E por uma boa raz\u00e3o, esta regi\u00e3o americana inclui tr\u00eas das cidades mais interessantes do pa\u00eds: Nova Iorque, Boston e Filad\u00e9lfia. Quer esteja \u00e0 procura de modernidade ou tenha uma fome insaci\u00e1vel por hist\u00f3ria e cultura, ver\u00e1 que o Nordeste \u00e9 a mistura perfeita entre o antigo e o novo. N\u00e3o vai acreditar!<\/p>\n\n<h2 class=\"wp-block-heading\">Fl\u00f3rida<\/h2>\n\n<p>Este estado \u00e9 O destino perfeito para uma viagem em fam\u00edlia: o clima \u00e9 agrad\u00e1vel e ensolarado a maior parte do ano, permitindo aventuras divertidas e excitantes tanto para jovens como para velhos!  <a href=\"https:\/\/123-esta.com\/pt-pt\/o-que-fazer-na-florida\/\">A Florida<\/a> \u00e9 o lar de muitos parques tem\u00e1ticos, tais como Disney World e Universal Studios.<\/p>\n\n<h2 class=\"wp-block-heading\">Calif\u00f3rnia<\/h2>\n\n<p>Gostaria de passear ao longo de Venice Beach, desfrutar de cocktails no Hotel Beverley Hills ou de uma montra nos distritos comerciais de Los Angeles? Ent\u00e3o <a href=\"https:\/\/123-esta.com\/pt-pt\/o-que-ver-e-visitar-na-california\/\">a Calif\u00f3rnia<\/a> \u00e9 para si! Pode at\u00e9 tirar partido das viagens de autocarro para ver onde vivem as suas estrelas favoritas em Hollywood!<\/p>\n\n<h2 class=\"wp-block-heading\">Nova Orle\u00e3es<\/h2>\n\n<p>Conhecida pelos seus festivais coloridos e pela sua vida nocturna louca e cheia de divers\u00e3o, <a href=\"https:\/\/123-esta.com\/pt-pt\/o-que-fazer-em-new-orleans\/\">Nova Or<\/a> le\u00e3es \u00e9 considerada a cidade &#8216;especializada&#8217; em festas. A cozinha n\u00e3o deve ser ultrapassada pelos amantes de refei\u00e7\u00f5es de influ\u00eancia crioula. Nova Orle\u00e3es \u00e9 um dos destinos mais populares para os franceses, devido \u00e0 liga\u00e7\u00e3o hist\u00f3rica entre a Louisiana e a Fran\u00e7a.<\/p>\n\n<h2 class=\"wp-block-heading\">Nevada<\/h2>\n\n<p> <a href=\"https:\/\/123-esta.com\/pt-pt\/visite-nevada-eua\/\">Nevada<\/a> \u00e9 a casa da cidade de todos os prazeres! Localizada no deserto, Las Vegas n\u00e3o \u00e9 de modo algum um lugar desprovido de actividades, pelo contr\u00e1rio: hot\u00e9is luxuosos, casinos gigantescos, cozinha excelente, compras topo de gama, espect\u00e1culos que lhe v\u00e3o fazer estourar a cabe\u00e7a&#8230; Nunca h\u00e1 um momento aborrecido em Las Vegas!<\/p>\n\n<h2 class=\"wp-block-heading\">A Casa Branca<\/h2>\n\n<p>Com nada menos que 132 quartos, 35 casas de banho, 6 andares, 412 portas, 147 janelas, 28 lareiras, 8 escadas e 3 elevadores, a <a href=\"https:\/\/123-esta.com\/pt-pt\/visita-a-casa-branca-eua\/\">Casa Branca<\/a> \u00e9 o s\u00edmbolo do governo americano para o mundo. Partes deste imaculado edif\u00edcio est\u00e3o abertas ao p\u00fablico todos os dias do ano para ver a decora\u00e7\u00e3o e pinturas lend\u00e1rias de ex-presidentes. Como estrangeiro, deve contactar a sua embaixada em Washington D.C. com bastante anteced\u00eancia para marcar a sua visita.<\/p>\n","protected":false},"excerpt":{"rendered":"<p>De leste a oeste e de norte a sul, os Estados Unidos t\u00eam muito para oferecer, desde magn\u00edficas costas a majestosas cadeias montanhosas, desde metr\u00f3poles modernas a paisagens naturais incr\u00edveis. H\u00e1 definitivamente algo para todos! Se n\u00e3o tem a certeza do que ver e visitar nos EUA, aqui est\u00e3o as nossas recomenda\u00e7\u00f5es! Nova Iorque Nova [&hellip;]<\/p>\n","protected":false},"author":1,"featured_media":0,"parent":0,"menu_order":0,"comment_status":"closed","ping_status":"closed","template":"","meta":{"site-sidebar-layout":"default","site-content-layout":"default","ast-site-content-layout":"default","site-content-style":"default","site-sidebar-style":"default","ast-global-header-display":"","ast-banner-title-visibility":"","ast-main-header-display":"","ast-hfb-above-header-display":"","ast-hfb-below-header-display":"","ast-hfb-mobile-header-display":"","site-post-title":"","ast-breadcrumbs-content":"","ast-featured-img":"","footer-sml-layout":"","ast-disable-related-posts":"","theme-transparent-header-meta":"default","adv-header-id-meta":"","stick-header-meta":"default","header-above-stick-meta":"","header-main-stick-meta":"","header-below-stick-meta":"","astra-migrate-meta-layouts":"default","ast-page-background-enabled":"default","ast-page-background-meta":{"desktop":{"background-color":"","background-image":"","background-repeat":"repeat","background-position":"center center","background-size":"auto","background-attachment":"scroll","background-type":"","background-media":"","overlay-type":"","overlay-color":"","overlay-opacity":"","overlay-gradient":""},"tablet":{"background-color":"","background-image":"","background-repeat":"repeat","background-position":"center center","background-size":"auto","background-attachment":"scroll","background-type":"","background-media":"","overlay-type":"","overlay-color":"","overlay-opacity":"","overlay-gradient":""},"mobile":{"background-color":"","background-image":"","background-repeat":"repeat","background-position":"center center","background-size":"auto","background-attachment":"scroll","background-type":"","background-media":"","overlay-type":"","overlay-color":"","overlay-opacity":"","overlay-gradient":""}},"ast-content-background-meta":{"desktop":{"background-color":"var(--ast-global-color-5)","background-image":"","background-repeat":"repeat","background-position":"center center","background-size":"auto","background-attachment":"scroll","background-type":"","background-media":"","overlay-type":"","overlay-color":"","overlay-opacity":"","overlay-gradient":""},"tablet":{"background-color":"var(--ast-global-color-5)","background-image":"","background-repeat":"repeat","background-position":"center center","background-size":"auto","background-attachment":"scroll","background-type":"","background-media":"","overlay-type":"","overlay-color":"","overlay-opacity":"","overlay-gradient":""},"mobile":{"background-color":"var(--ast-global-color-5)","background-image":"","background-repeat":"repeat","background-position":"center center","background-size":"auto","background-attachment":"scroll","background-type":"","background-media":"","overlay-type":"","overlay-color":"","overlay-opacity":"","overlay-gradient":""}},"footnotes":""},"class_list":["post-2289","page","type-page","status-publish","hentry"],"yoast_head":"<!-- This site is optimized with the Yoast SEO plugin v27.1.1 - https:\/\/yoast.com\/product\/yoast-seo-wordpress\/ -->\n<title>Viajar EUA: grandes cidades e regi\u00f5es a visitar<\/title>\n<meta name=\"description\" content=\"O que s\u00e3o as principais cidades e regi\u00f5es a visitar nos EUA\" \/>\n<meta name=\"robots\" content=\"index, follow, max-snippet:-1, max-image-preview:large, max-video-preview:-1\" \/>\n<link rel=\"canonical\" href=\"https:\/\/123-esta.com\/pt-pt\/grandes-cidades-e-regioes-a-visita-nos-estados-unidos\/\" \/>\n<meta property=\"og:locale\" content=\"pt_PT\" \/>\n<meta property=\"og:type\" content=\"article\" \/>\n<meta property=\"og:title\" content=\"Viajar EUA: grandes cidades e regi\u00f5es a visitar\" \/>\n<meta property=\"og:description\" content=\"O que s\u00e3o as principais cidades e regi\u00f5es a visitar nos EUA\" \/>\n<meta property=\"og:url\" content=\"https:\/\/123-esta.com\/pt-pt\/grandes-cidades-e-regioes-a-visita-nos-estados-unidos\/\" \/>\n<meta property=\"og:site_name\" content=\"Formulaire ESTA pour les USA\" \/>\n<meta property=\"article:modified_time\" content=\"2022-08-23T21:56:10+00:00\" \/>\n<meta name=\"twitter:card\" content=\"summary_large_image\" \/>\n<meta name=\"twitter:label1\" content=\"Tempo estimado de leitura\" \/>\n\t<meta name=\"twitter:data1\" content=\"3 minutos\" \/>\n<script type=\"application\/ld+json\" class=\"yoast-schema-graph\">{\"@context\":\"https:\/\/schema.org\",\"@graph\":[{\"@type\":\"WebPage\",\"@id\":\"https:\/\/123-esta.com\/pt-pt\/grandes-cidades-e-regioes-a-visita-nos-estados-unidos\/\",\"url\":\"https:\/\/123-esta.com\/pt-pt\/grandes-cidades-e-regioes-a-visita-nos-estados-unidos\/\",\"name\":\"Viajar EUA: grandes cidades e regi\u00f5es a visitar\",\"isPartOf\":{\"@id\":\"https:\/\/123-esta.com\/pt-pt\/#website\"},\"datePublished\":\"2022-07-27T19:34:18+00:00\",\"dateModified\":\"2022-08-23T21:56:10+00:00\",\"description\":\"O que s\u00e3o as principais cidades e regi\u00f5es a visitar nos EUA\",\"inLanguage\":\"pt-PT\",\"potentialAction\":[{\"@type\":\"ReadAction\",\"target\":[\"https:\/\/123-esta.com\/pt-pt\/grandes-cidades-e-regioes-a-visita-nos-estados-unidos\/\"]}]},{\"@type\":\"WebSite\",\"@id\":\"https:\/\/123-esta.com\/pt-pt\/#website\",\"url\":\"https:\/\/123-esta.com\/pt-pt\/\",\"name\":\"Formulaire ESTA pour les USA\",\"description\":\"\",\"publisher\":{\"@id\":\"https:\/\/123-esta.com\/pt-pt\/#organization\"},\"potentialAction\":[{\"@type\":\"SearchAction\",\"target\":{\"@type\":\"EntryPoint\",\"urlTemplate\":\"https:\/\/123-esta.com\/pt-pt\/?s={search_term_string}\"},\"query-input\":{\"@type\":\"PropertyValueSpecification\",\"valueRequired\":true,\"valueName\":\"search_term_string\"}}],\"inLanguage\":\"pt-PT\"},{\"@type\":\"Organization\",\"@id\":\"https:\/\/123-esta.com\/pt-pt\/#organization\",\"name\":\"Formulaire ESTA pour les USA\",\"url\":\"https:\/\/123-esta.com\/pt-pt\/\",\"logo\":{\"@type\":\"ImageObject\",\"inLanguage\":\"pt-PT\",\"@id\":\"https:\/\/123-esta.com\/pt-pt\/#\/schema\/logo\/image\/\",\"url\":\"https:\/\/123-esta.com\/wp-content\/uploads\/2018\/03\/logo-123-esta.png\",\"contentUrl\":\"https:\/\/123-esta.com\/wp-content\/uploads\/2018\/03\/logo-123-esta.png\",\"width\":191,\"height\":54,\"caption\":\"Formulaire ESTA pour les USA\"},\"image\":{\"@id\":\"https:\/\/123-esta.com\/pt-pt\/#\/schema\/logo\/image\/\"}}]}<\/script>\n<!-- \/ Yoast SEO plugin. -->","yoast_head_json":{"title":"Viajar EUA: grandes cidades e regi\u00f5es a visitar","description":"O que s\u00e3o as principais cidades e regi\u00f5es a visitar nos EUA","robots":{"index":"index","follow":"follow","max-snippet":"max-snippet:-1","max-image-preview":"max-image-preview:large","max-video-preview":"max-video-preview:-1"},"canonical":"https:\/\/123-esta.com\/pt-pt\/grandes-cidades-e-regioes-a-visita-nos-estados-unidos\/","og_locale":"pt_PT","og_type":"article","og_title":"Viajar EUA: grandes cidades e regi\u00f5es a visitar","og_description":"O que s\u00e3o as principais cidades e regi\u00f5es a visitar nos EUA","og_url":"https:\/\/123-esta.com\/pt-pt\/grandes-cidades-e-regioes-a-visita-nos-estados-unidos\/","og_site_name":"Formulaire ESTA pour les USA","article_modified_time":"2022-08-23T21:56:10+00:00","twitter_card":"summary_large_image","twitter_misc":{"Tempo estimado de leitura":"3 minutos"},"schema":{"@context":"https:\/\/schema.org","@graph":[{"@type":"WebPage","@id":"https:\/\/123-esta.com\/pt-pt\/grandes-cidades-e-regioes-a-visita-nos-estados-unidos\/","url":"https:\/\/123-esta.com\/pt-pt\/grandes-cidades-e-regioes-a-visita-nos-estados-unidos\/","name":"Viajar EUA: grandes cidades e regi\u00f5es a visitar","isPartOf":{"@id":"https:\/\/123-esta.com\/pt-pt\/#website"},"datePublished":"2022-07-27T19:34:18+00:00","dateModified":"2022-08-23T21:56:10+00:00","description":"O que s\u00e3o as principais cidades e regi\u00f5es a visitar nos EUA","inLanguage":"pt-PT","potentialAction":[{"@type":"ReadAction","target":["https:\/\/123-esta.com\/pt-pt\/grandes-cidades-e-regioes-a-visita-nos-estados-unidos\/"]}]},{"@type":"WebSite","@id":"https:\/\/123-esta.com\/pt-pt\/#website","url":"https:\/\/123-esta.com\/pt-pt\/","name":"Formulaire ESTA pour les USA","description":"","publisher":{"@id":"https:\/\/123-esta.com\/pt-pt\/#organization"},"potentialAction":[{"@type":"SearchAction","target":{"@type":"EntryPoint","urlTemplate":"https:\/\/123-esta.com\/pt-pt\/?s={search_term_string}"},"query-input":{"@type":"PropertyValueSpecification","valueRequired":true,"valueName":"search_term_string"}}],"inLanguage":"pt-PT"},{"@type":"Organization","@id":"https:\/\/123-esta.com\/pt-pt\/#organization","name":"Formulaire ESTA pour les USA","url":"https:\/\/123-esta.com\/pt-pt\/","logo":{"@type":"ImageObject","inLanguage":"pt-PT","@id":"https:\/\/123-esta.com\/pt-pt\/#\/schema\/logo\/image\/","url":"https:\/\/123-esta.com\/wp-content\/uploads\/2018\/03\/logo-123-esta.png","contentUrl":"https:\/\/123-esta.com\/wp-content\/uploads\/2018\/03\/logo-123-esta.png","width":191,"height":54,"caption":"Formulaire ESTA pour les USA"},"image":{"@id":"https:\/\/123-esta.com\/pt-pt\/#\/schema\/logo\/image\/"}}]}},"_links":{"self":[{"href":"https:\/\/123-esta.com\/pt-pt\/wp-json\/wp\/v2\/pages\/2289","targetHints":{"allow":["GET"]}}],"collection":[{"href":"https:\/\/123-esta.com\/pt-pt\/wp-json\/wp\/v2\/pages"}],"about":[{"href":"https:\/\/123-esta.com\/pt-pt\/wp-json\/wp\/v2\/types\/page"}],"author":[{"embeddable":true,"href":"https:\/\/123-esta.com\/pt-pt\/wp-json\/wp\/v2\/users\/1"}],"replies":[{"embeddable":true,"href":"https:\/\/123-esta.com\/pt-pt\/wp-json\/wp\/v2\/comments?post=2289"}],"version-history":[{"count":0,"href":"https:\/\/123-esta.com\/pt-pt\/wp-json\/wp\/v2\/pages\/2289\/revisions"}],"wp:attachment":[{"href":"https:\/\/123-esta.com\/pt-pt\/wp-json\/wp\/v2\/media?parent=2289"}],"curies":[{"name":"wp","href":"https:\/\/api.w.org\/{rel}","templated":true}]}}