{"id":2279,"date":"2022-07-27T21:34:15","date_gmt":"2022-07-27T19:34:15","guid":{"rendered":"https:\/\/123-esta.com\/que-faire-nouvelle-orleans\/"},"modified":"2022-09-08T19:57:43","modified_gmt":"2022-09-08T17:57:43","slug":"o-que-fazer-em-new-orleans","status":"publish","type":"page","link":"https:\/\/123-esta.com\/pt-pt\/o-que-fazer-em-new-orleans\/","title":{"rendered":"O que ver e fazer em Nova Orle\u00e3es?"},"content":{"rendered":"<p>Se \u00e9 franc\u00f3fono, se gosta de boa m\u00fasica e se sempre sonhou em descobrir os Estados Unidos, s\u00f3 o podemos aconselhar a ir \u00e0 Louisiana, a Nova Orle\u00e3es! Um dos <a href=\"https:\/\/123-esta.com\/pt-pt\/grandes-cidades-e-regioes-a-visita-nos-estados-unidos\/\">marcos mais emblem\u00e1ticos da Am\u00e9rica<\/a>.<\/p>\n<p>Com uma popula\u00e7\u00e3o de pouco mais de 1.240.000 habitantes, Nova Orle\u00e3es \u00e9 a principal cidade de um estado que, com um pouco de sorte ou de goma, poderia ter feito parte da Fran\u00e7a! De facto, a cidade foi definitivamente vendida aos Estados Unidos, juntamente com a Louisiana, por Napole\u00e3o Bonaparte, em 1803.<\/p>\n<p>H\u00e1 muito tempo atr\u00e1s, mas que torna esta cidade \u00fanica nos EUA, com a sua pr\u00f3pria arquitectura colonial, uma incr\u00edvel cena musical negra-americana e um bairro famoso com o nome da Fran\u00e7a: o Bairro Franc\u00eas.<\/p>\n<p>Se quiser descobrir a incr\u00edvel cultura da Louisiana, n\u00e3o se esque\u00e7a de solicitar a autoriza\u00e7\u00e3o ESTA, que lhe permitir\u00e1 visitar legalmente a antiga cidade francesa durante um per\u00edodo m\u00e1ximo de 3 meses. Uma vez obtida a sua permiss\u00e3o, \u00e9 livre de descobrir as v\u00e1rias atrac\u00e7\u00f5es listadas abaixo.<\/p>\n<h2>Nova Orle\u00e3es e o seu famoso bairro franc\u00eas!<\/h2>\n<p>O Bairro Franc\u00eas \u00e9 o centro hist\u00f3rico de uma cidade que foi fundada em 1718 por Jean-Baptiste Le Moyne de Bienville. \u00c9 um lugar \u00fanico nos Estados Unidos porque preservou a arquitectura que j\u00e1 estava em uso h\u00e1 mais de 200 anos, o que \u00e9 extremamente raro no pa\u00eds do Tio Sam.<\/p>\n<p>Todas as casas do distrito est\u00e3o listadas e s\u00e3o acarinhadas pelos seus propriet\u00e1rios muitas vezes ricos. Durante a Guerra Civil americana, esta parte da cidade foi felizmente poupada da destrui\u00e7\u00e3o, uma vez que os habitantes locais decidiram n\u00e3o lutar. Muito mais tarde, em 2005, durante o terr\u00edvel furac\u00e3o Katrina, o bairro tamb\u00e9m foi poupado: constru\u00eddo a 1,5 metros acima do n\u00edvel do mar, apenas os bairros mais baixos, muitas vezes pobres, foram realmente afectados.<\/p>\n<p>Durante a sua visita ao Bairro Franc\u00eas, pode admirar a Catedral de St. Louis de Nova Orle\u00e3es, a mais antiga igreja sobrevivente nos EUA (fundada em 1718), a Bourbon Street com as suas casas t\u00edpicas, e a Royal Street, um local de vida nocturna para turistas de todo o mundo.<\/p>\n<h2>Jazz, blues, Nova Orle\u00e3es e o seu lado amante da m\u00fasica<\/h2>\n<p>Uma visita a Nova Orle\u00e3es n\u00e3o estaria completa sem um olhar sobre o lado amante da m\u00fasica desta bela cidade. Muitos artistas famosos vieram de l\u00e1: Louis Armstrong, Fats Domino, King Oliver, etc. A lista \u00e9 longa!<\/p>\n<p>Se quiser experimentar uma experi\u00eancia n\u00e3o muito tur\u00edstica que o aproximar\u00e1 do que as noites de m\u00fasica louca em Nova Orle\u00e3es devem ter sido nos primeiros dias do Jazz e do Blues, aconselhamo-lo mais do que nunca a ir ao Spotted Cat! Este lend\u00e1rio bar de m\u00fasica jazz na Frenchmen Street oferece deliciosas cervejas artesanais, para serem apreciadas (com modera\u00e7\u00e3o) em frente a um dos muitos espect\u00e1culos musicais que a\u00ed se realizam todos os dias. Inesquec\u00edvel!<\/p>\n<h2>Quando visitar Nova Orle\u00e3es?<\/h2>\n<p>Uma vez obtida a sua autoriza\u00e7\u00e3o ESTA para a entrada legal nos EUA, poder\u00e1 finalmente descobrir a cidade que os habitantes locais chamam NoLa. Para tal, aconselhamo-lo vivamente a vir entre Outubro e Maio, que est\u00e3o fora dos meses mais chuvosos e ventosos.<\/p>\n<p>Fora deste per\u00edodo, a cidade \u00e9 infelizmente conhecida por ser muito fr\u00e1gil para a investida da M\u00e3e Natureza. No decurso da sua hist\u00f3ria, a cidade foi devastada 27 vezes (!) por cat\u00e1strofes relacionadas com o tempo. \u00c9 uma aposta segura que fora dos meses de Junho, Julho, Agosto e Setembro, estar\u00e1 completamente seguro.<\/p>\n","protected":false},"excerpt":{"rendered":"<p>Se \u00e9 franc\u00f3fono, se gosta de boa m\u00fasica e se sempre sonhou em descobrir os Estados Unidos, s\u00f3 o podemos aconselhar a ir \u00e0 Louisiana, a Nova Orle\u00e3es! Um dos marcos mais emblem\u00e1ticos da Am\u00e9rica. Com uma popula\u00e7\u00e3o de pouco mais de 1.240.000 habitantes, Nova Orle\u00e3es \u00e9 a principal cidade de um estado que, com [&hellip;]<\/p>\n","protected":false},"author":1,"featured_media":0,"parent":0,"menu_order":0,"comment_status":"closed","ping_status":"closed","template":"","meta":{"site-sidebar-layout":"default","site-content-layout":"default","ast-site-content-layout":"default","site-content-style":"default","site-sidebar-style":"default","ast-global-header-display":"","ast-banner-title-visibility":"","ast-main-header-display":"","ast-hfb-above-header-display":"","ast-hfb-below-header-display":"","ast-hfb-mobile-header-display":"","site-post-title":"","ast-breadcrumbs-content":"","ast-featured-img":"","footer-sml-layout":"","ast-disable-related-posts":"","theme-transparent-header-meta":"default","adv-header-id-meta":"","stick-header-meta":"default","header-above-stick-meta":"","header-main-stick-meta":"","header-below-stick-meta":"","astra-migrate-meta-layouts":"default","ast-page-background-enabled":"default","ast-page-background-meta":{"desktop":{"background-color":"","background-image":"","background-repeat":"repeat","background-position":"center center","background-size":"auto","background-attachment":"scroll","background-type":"","background-media":"","overlay-type":"","overlay-color":"","overlay-opacity":"","overlay-gradient":""},"tablet":{"background-color":"","background-image":"","background-repeat":"repeat","background-position":"center center","background-size":"auto","background-attachment":"scroll","background-type":"","background-media":"","overlay-type":"","overlay-color":"","overlay-opacity":"","overlay-gradient":""},"mobile":{"background-color":"","background-image":"","background-repeat":"repeat","background-position":"center center","background-size":"auto","background-attachment":"scroll","background-type":"","background-media":"","overlay-type":"","overlay-color":"","overlay-opacity":"","overlay-gradient":""}},"ast-content-background-meta":{"desktop":{"background-color":"var(--ast-global-color-5)","background-image":"","background-repeat":"repeat","background-position":"center center","background-size":"auto","background-attachment":"scroll","background-type":"","background-media":"","overlay-type":"","overlay-color":"","overlay-opacity":"","overlay-gradient":""},"tablet":{"background-color":"var(--ast-global-color-5)","background-image":"","background-repeat":"repeat","background-position":"center center","background-size":"auto","background-attachment":"scroll","background-type":"","background-media":"","overlay-type":"","overlay-color":"","overlay-opacity":"","overlay-gradient":""},"mobile":{"background-color":"var(--ast-global-color-5)","background-image":"","background-repeat":"repeat","background-position":"center center","background-size":"auto","background-attachment":"scroll","background-type":"","background-media":"","overlay-type":"","overlay-color":"","overlay-opacity":"","overlay-gradient":""}},"footnotes":""},"class_list":["post-2279","page","type-page","status-publish","hentry"],"yoast_head":"<!-- This site is optimized with the Yoast SEO plugin v27.1.1 - https:\/\/yoast.com\/product\/yoast-seo-wordpress\/ -->\n<title>O que se pode ver e fazer em Nova Orle\u00e3es?<\/title>\n<meta name=\"description\" content=\"Nova Orle\u00e3es, as suas origens francesas, o seu Jazz e as suas especialidades crioulas est\u00e3o ao alcance da ESTA. N\u00e3o hesite!\" \/>\n<meta name=\"robots\" content=\"index, follow, max-snippet:-1, max-image-preview:large, max-video-preview:-1\" \/>\n<link rel=\"canonical\" href=\"https:\/\/123-esta.com\/pt-pt\/o-que-fazer-em-new-orleans\/\" \/>\n<meta property=\"og:locale\" content=\"pt_PT\" \/>\n<meta property=\"og:type\" content=\"article\" \/>\n<meta property=\"og:title\" content=\"O que se pode ver e fazer em Nova Orle\u00e3es?\" \/>\n<meta property=\"og:description\" content=\"Nova Orle\u00e3es, as suas origens francesas, o seu Jazz e as suas especialidades crioulas est\u00e3o ao alcance da ESTA. N\u00e3o hesite!\" \/>\n<meta property=\"og:url\" content=\"https:\/\/123-esta.com\/pt-pt\/o-que-fazer-em-new-orleans\/\" \/>\n<meta property=\"og:site_name\" content=\"Formulaire ESTA pour les USA\" \/>\n<meta property=\"article:modified_time\" content=\"2022-09-08T17:57:43+00:00\" \/>\n<meta name=\"twitter:card\" content=\"summary_large_image\" \/>\n<meta name=\"twitter:label1\" content=\"Tempo estimado de leitura\" \/>\n\t<meta name=\"twitter:data1\" content=\"3 minutos\" \/>\n<script type=\"application\/ld+json\" class=\"yoast-schema-graph\">{\"@context\":\"https:\/\/schema.org\",\"@graph\":[{\"@type\":\"WebPage\",\"@id\":\"https:\/\/123-esta.com\/pt-pt\/o-que-fazer-em-new-orleans\/\",\"url\":\"https:\/\/123-esta.com\/pt-pt\/o-que-fazer-em-new-orleans\/\",\"name\":\"O que se pode ver e fazer em Nova Orle\u00e3es?\",\"isPartOf\":{\"@id\":\"https:\/\/123-esta.com\/pt-pt\/#website\"},\"datePublished\":\"2022-07-27T19:34:15+00:00\",\"dateModified\":\"2022-09-08T17:57:43+00:00\",\"description\":\"Nova Orle\u00e3es, as suas origens francesas, o seu Jazz e as suas especialidades crioulas est\u00e3o ao alcance da ESTA. N\u00e3o hesite!\",\"inLanguage\":\"pt-PT\",\"potentialAction\":[{\"@type\":\"ReadAction\",\"target\":[\"https:\/\/123-esta.com\/pt-pt\/o-que-fazer-em-new-orleans\/\"]}]},{\"@type\":\"WebSite\",\"@id\":\"https:\/\/123-esta.com\/pt-pt\/#website\",\"url\":\"https:\/\/123-esta.com\/pt-pt\/\",\"name\":\"Formulaire ESTA pour les USA\",\"description\":\"\",\"publisher\":{\"@id\":\"https:\/\/123-esta.com\/pt-pt\/#organization\"},\"potentialAction\":[{\"@type\":\"SearchAction\",\"target\":{\"@type\":\"EntryPoint\",\"urlTemplate\":\"https:\/\/123-esta.com\/pt-pt\/?s={search_term_string}\"},\"query-input\":{\"@type\":\"PropertyValueSpecification\",\"valueRequired\":true,\"valueName\":\"search_term_string\"}}],\"inLanguage\":\"pt-PT\"},{\"@type\":\"Organization\",\"@id\":\"https:\/\/123-esta.com\/pt-pt\/#organization\",\"name\":\"Formulaire ESTA pour les USA\",\"url\":\"https:\/\/123-esta.com\/pt-pt\/\",\"logo\":{\"@type\":\"ImageObject\",\"inLanguage\":\"pt-PT\",\"@id\":\"https:\/\/123-esta.com\/pt-pt\/#\/schema\/logo\/image\/\",\"url\":\"https:\/\/123-esta.com\/wp-content\/uploads\/2018\/03\/logo-123-esta.png\",\"contentUrl\":\"https:\/\/123-esta.com\/wp-content\/uploads\/2018\/03\/logo-123-esta.png\",\"width\":191,\"height\":54,\"caption\":\"Formulaire ESTA pour les USA\"},\"image\":{\"@id\":\"https:\/\/123-esta.com\/pt-pt\/#\/schema\/logo\/image\/\"}}]}<\/script>\n<!-- \/ Yoast SEO plugin. -->","yoast_head_json":{"title":"O que se pode ver e fazer em Nova Orle\u00e3es?","description":"Nova Orle\u00e3es, as suas origens francesas, o seu Jazz e as suas especialidades crioulas est\u00e3o ao alcance da ESTA. N\u00e3o hesite!","robots":{"index":"index","follow":"follow","max-snippet":"max-snippet:-1","max-image-preview":"max-image-preview:large","max-video-preview":"max-video-preview:-1"},"canonical":"https:\/\/123-esta.com\/pt-pt\/o-que-fazer-em-new-orleans\/","og_locale":"pt_PT","og_type":"article","og_title":"O que se pode ver e fazer em Nova Orle\u00e3es?","og_description":"Nova Orle\u00e3es, as suas origens francesas, o seu Jazz e as suas especialidades crioulas est\u00e3o ao alcance da ESTA. N\u00e3o hesite!","og_url":"https:\/\/123-esta.com\/pt-pt\/o-que-fazer-em-new-orleans\/","og_site_name":"Formulaire ESTA pour les USA","article_modified_time":"2022-09-08T17:57:43+00:00","twitter_card":"summary_large_image","twitter_misc":{"Tempo estimado de leitura":"3 minutos"},"schema":{"@context":"https:\/\/schema.org","@graph":[{"@type":"WebPage","@id":"https:\/\/123-esta.com\/pt-pt\/o-que-fazer-em-new-orleans\/","url":"https:\/\/123-esta.com\/pt-pt\/o-que-fazer-em-new-orleans\/","name":"O que se pode ver e fazer em Nova Orle\u00e3es?","isPartOf":{"@id":"https:\/\/123-esta.com\/pt-pt\/#website"},"datePublished":"2022-07-27T19:34:15+00:00","dateModified":"2022-09-08T17:57:43+00:00","description":"Nova Orle\u00e3es, as suas origens francesas, o seu Jazz e as suas especialidades crioulas est\u00e3o ao alcance da ESTA. N\u00e3o hesite!","inLanguage":"pt-PT","potentialAction":[{"@type":"ReadAction","target":["https:\/\/123-esta.com\/pt-pt\/o-que-fazer-em-new-orleans\/"]}]},{"@type":"WebSite","@id":"https:\/\/123-esta.com\/pt-pt\/#website","url":"https:\/\/123-esta.com\/pt-pt\/","name":"Formulaire ESTA pour les USA","description":"","publisher":{"@id":"https:\/\/123-esta.com\/pt-pt\/#organization"},"potentialAction":[{"@type":"SearchAction","target":{"@type":"EntryPoint","urlTemplate":"https:\/\/123-esta.com\/pt-pt\/?s={search_term_string}"},"query-input":{"@type":"PropertyValueSpecification","valueRequired":true,"valueName":"search_term_string"}}],"inLanguage":"pt-PT"},{"@type":"Organization","@id":"https:\/\/123-esta.com\/pt-pt\/#organization","name":"Formulaire ESTA pour les USA","url":"https:\/\/123-esta.com\/pt-pt\/","logo":{"@type":"ImageObject","inLanguage":"pt-PT","@id":"https:\/\/123-esta.com\/pt-pt\/#\/schema\/logo\/image\/","url":"https:\/\/123-esta.com\/wp-content\/uploads\/2018\/03\/logo-123-esta.png","contentUrl":"https:\/\/123-esta.com\/wp-content\/uploads\/2018\/03\/logo-123-esta.png","width":191,"height":54,"caption":"Formulaire ESTA pour les USA"},"image":{"@id":"https:\/\/123-esta.com\/pt-pt\/#\/schema\/logo\/image\/"}}]}},"_links":{"self":[{"href":"https:\/\/123-esta.com\/pt-pt\/wp-json\/wp\/v2\/pages\/2279","targetHints":{"allow":["GET"]}}],"collection":[{"href":"https:\/\/123-esta.com\/pt-pt\/wp-json\/wp\/v2\/pages"}],"about":[{"href":"https:\/\/123-esta.com\/pt-pt\/wp-json\/wp\/v2\/types\/page"}],"author":[{"embeddable":true,"href":"https:\/\/123-esta.com\/pt-pt\/wp-json\/wp\/v2\/users\/1"}],"replies":[{"embeddable":true,"href":"https:\/\/123-esta.com\/pt-pt\/wp-json\/wp\/v2\/comments?post=2279"}],"version-history":[{"count":0,"href":"https:\/\/123-esta.com\/pt-pt\/wp-json\/wp\/v2\/pages\/2279\/revisions"}],"wp:attachment":[{"href":"https:\/\/123-esta.com\/pt-pt\/wp-json\/wp\/v2\/media?parent=2279"}],"curies":[{"name":"wp","href":"https:\/\/api.w.org\/{rel}","templated":true}]}}