{"id":2275,"date":"2022-07-27T21:34:15","date_gmt":"2022-07-27T19:34:15","guid":{"rendered":"https:\/\/123-esta.com\/o-que-ver-e-visitar-nos-estados-unidos\/"},"modified":"2022-09-13T20:57:40","modified_gmt":"2022-09-13T18:57:40","slug":"o-que-fazer-nos-eua","status":"publish","type":"page","link":"https:\/\/123-esta.com\/pt-pt\/o-que-fazer-nos-eua\/","title":{"rendered":"O que ver e visitar durante a sua estadia nos EUA?"},"content":{"rendered":"\n<p>Viajar para os Estados Unidos pode por vezes sentir-se como um verdadeiro percurso de obst\u00e1culos. Um <a href=\"https:\/\/123-esta.com\/pt-pt\/dicas-para-viajar-para-os-eua\/\">conselho antes de partir para os EUA<\/a>, para evitar qualquer inconveniente: prepare a sua estadia, nomeadamente atrav\u00e9s da revis\u00e3o do seu ingl\u00eas e tenha todos os documentos necess\u00e1rios prontos. E para garantir que n\u00e3o perde tempo, \u00e9 melhor definir os lugares que quer visitar nos EUA, porque s\u00e3o tantos que ter\u00e1 de fazer escolhas! A prop\u00f3sito, sabe o que ver numa viagem aos EUA?<\/p>\n\n<h2 class=\"wp-block-heading\">Locais de visita obrigat\u00f3ria nos EUA<\/h2>\n\n<p>Com uma superf\u00edcie de quase um milh\u00e3o de metros quadrados, os Estados Unidos s\u00e3o o terceiro maior pa\u00eds do mundo. N\u00e3o faltam <a href=\"https:\/\/123-esta.com\/pt-pt\/grandes-cidades-e-regioes-a-visita-nos-estados-unidos\/\">grandes cidades e regi\u00f5es para visitar nos EUA<\/a> e fazer uma lista das mesmas pode demorar uma vida inteira. Vejamos os lugares que tornam os EUA famosos e que o fazem querer ir para os Estados Unidos.<\/p>\n\n<p>Como podemos n\u00e3o falar de Nova Iorque? T\u00e3o bem conhecida que a cidade \u00e9 frequentemente considerada a capital do pa\u00eds. Uma cidade cosmopolita que nunca dorme, tem algo para todos. Para os amantes da natureza, uma viagem ao Grand Canyon \u00e9 altamente recomendada, com uma hist\u00f3ria da sua cria\u00e7\u00e3o que remonta a mais de 1,7 milh\u00f5es de anos. Os mais apostados apostar\u00e3o certamente todas as suas fichas no vermelho em Las Vegas, a cidade de todos os v\u00edcios onde o jackpot espera o seu pr\u00f3ximo dono.<\/p>\n\n<p>Se tiver filhos ou se ainda tiver a alma de uma crian\u00e7a, h\u00e1 todos os motivos para ir e maravilhar-se com a Disney World e o seu gigantesco parque tem\u00e1tico. N\u00e3o se preocupe com o alojamento: ser\u00e1 capaz de <a href=\"https:\/\/123-esta.com\/pt-pt\/qual-hotel-escolher-nos-eua\/\">encontrar um hotel<\/a> onde poder\u00e1 passar a noite numa paisagem irreal. Finalmente, vamos parar em S\u00e3o Francisco e na sua famosa ponte Golden Gate. Mas a cidade n\u00e3o p\u00e1ra na ponte e oferece muitas lojas t\u00edpicas e restaurantes altamente conceituados. \u00c9 tamb\u00e9m nesta \u00e1rea que o movimento hippie se desenvolveu para aqueles interessados num regresso \u00e0s ra\u00edzes do Ver\u00e3o do Amor de 1967.<\/p>\n\n<h2 class=\"wp-block-heading\">Onde descansar enquanto se viaja nos EUA?<\/h2>\n\n<p>Para aqueles que querem evitar a az\u00e1fama dos lugares tur\u00edsticos que podem ser os locais a visitar, h\u00e1 lugares menos conhecidos a visitar nos Estados Unidos que s\u00e3o igualmente interessantes, especialmente quando se trata de relaxar.<\/p>\n\n<p>Porque n\u00e3o ir e desfrutar de uma das est\u00e2ncias balneares? Ou est\u00e2ncias de esqui? Por exemplo, o resort Snowmass no Colorado \u00e9 um dos mais famosos do pa\u00eds, t\u00e3o agrad\u00e1vel no Inverno como no Ver\u00e3o. Se quiser fugir do mundo exterior por algum tempo, dirija-se \u00e0 ilha de St. Simon na Ge\u00f3rgia: mais de 45 quil\u00f3metros quadrados de natureza em total paz e sossego espera-o.<\/p>\n\n<p>Tamb\u00e9m n\u00e3o h\u00e1 falta de destinos nas <a href=\"https:\/\/123-esta.com\/pt-pt\/as-praias-dos-estados-unidos\/\">praias dos EUA<\/a>. Wallis Sands State Beach oferece quase 20 milhas de belas costas em Rye, New Hampshire, onde muitas fam\u00edlias v\u00e3o dar um passeio a p\u00e9. Miami Beach combina a excita\u00e7\u00e3o de uma grande cidade costeira com uma praia que \u00e9 conhecida pela sua qualidade. No entanto, recomenda-se evitar ir para l\u00e1 durante per\u00edodos de grande influ\u00eancia, a fim de desfrutar plenamente do cen\u00e1rio.<\/p>\n","protected":false},"excerpt":{"rendered":"<p>Viajar para os Estados Unidos pode por vezes sentir-se como um verdadeiro percurso de obst\u00e1culos. Um conselho antes de partir para os EUA, para evitar qualquer inconveniente: prepare a sua estadia, nomeadamente atrav\u00e9s da revis\u00e3o do seu ingl\u00eas e tenha todos os documentos necess\u00e1rios prontos. E para garantir que n\u00e3o perde tempo, \u00e9 melhor definir [&hellip;]<\/p>\n","protected":false},"author":1,"featured_media":0,"parent":0,"menu_order":0,"comment_status":"closed","ping_status":"closed","template":"","meta":{"site-sidebar-layout":"default","site-content-layout":"default","ast-site-content-layout":"default","site-content-style":"default","site-sidebar-style":"default","ast-global-header-display":"","ast-banner-title-visibility":"","ast-main-header-display":"","ast-hfb-above-header-display":"","ast-hfb-below-header-display":"","ast-hfb-mobile-header-display":"","site-post-title":"","ast-breadcrumbs-content":"","ast-featured-img":"","footer-sml-layout":"","ast-disable-related-posts":"","theme-transparent-header-meta":"default","adv-header-id-meta":"","stick-header-meta":"default","header-above-stick-meta":"","header-main-stick-meta":"","header-below-stick-meta":"","astra-migrate-meta-layouts":"default","ast-page-background-enabled":"default","ast-page-background-meta":{"desktop":{"background-color":"","background-image":"","background-repeat":"repeat","background-position":"center center","background-size":"auto","background-attachment":"scroll","background-type":"","background-media":"","overlay-type":"","overlay-color":"","overlay-opacity":"","overlay-gradient":""},"tablet":{"background-color":"","background-image":"","background-repeat":"repeat","background-position":"center center","background-size":"auto","background-attachment":"scroll","background-type":"","background-media":"","overlay-type":"","overlay-color":"","overlay-opacity":"","overlay-gradient":""},"mobile":{"background-color":"","background-image":"","background-repeat":"repeat","background-position":"center center","background-size":"auto","background-attachment":"scroll","background-type":"","background-media":"","overlay-type":"","overlay-color":"","overlay-opacity":"","overlay-gradient":""}},"ast-content-background-meta":{"desktop":{"background-color":"var(--ast-global-color-5)","background-image":"","background-repeat":"repeat","background-position":"center center","background-size":"auto","background-attachment":"scroll","background-type":"","background-media":"","overlay-type":"","overlay-color":"","overlay-opacity":"","overlay-gradient":""},"tablet":{"background-color":"var(--ast-global-color-5)","background-image":"","background-repeat":"repeat","background-position":"center center","background-size":"auto","background-attachment":"scroll","background-type":"","background-media":"","overlay-type":"","overlay-color":"","overlay-opacity":"","overlay-gradient":""},"mobile":{"background-color":"var(--ast-global-color-5)","background-image":"","background-repeat":"repeat","background-position":"center center","background-size":"auto","background-attachment":"scroll","background-type":"","background-media":"","overlay-type":"","overlay-color":"","overlay-opacity":"","overlay-gradient":""}},"footnotes":""},"class_list":["post-2275","page","type-page","status-publish","hentry"],"yoast_head":"<!-- This site is optimized with the Yoast SEO plugin v27.1.1 - https:\/\/yoast.com\/product\/yoast-seo-wordpress\/ -->\n<title>As nossas dicas para a sua viagem aos EUA<\/title>\n<meta name=\"description\" content=\"Muitas pessoas querem viajar para os EUA. Gra\u00e7as ao ESTA, isto \u00e9 agora mais f\u00e1cil. Recomendamos alguns lugares que n\u00e3o devem faltar.\" \/>\n<meta name=\"robots\" content=\"index, follow, max-snippet:-1, max-image-preview:large, max-video-preview:-1\" \/>\n<link rel=\"canonical\" href=\"https:\/\/123-esta.com\/pt-pt\/o-que-fazer-nos-eua\/\" \/>\n<meta property=\"og:locale\" content=\"pt_PT\" \/>\n<meta property=\"og:type\" content=\"article\" \/>\n<meta property=\"og:title\" content=\"As nossas dicas para a sua viagem aos EUA\" \/>\n<meta property=\"og:description\" content=\"Muitas pessoas querem viajar para os EUA. Gra\u00e7as ao ESTA, isto \u00e9 agora mais f\u00e1cil. Recomendamos alguns lugares que n\u00e3o devem faltar.\" \/>\n<meta property=\"og:url\" content=\"https:\/\/123-esta.com\/pt-pt\/o-que-fazer-nos-eua\/\" \/>\n<meta property=\"og:site_name\" content=\"Formulaire ESTA pour les USA\" \/>\n<meta property=\"article:modified_time\" content=\"2022-09-13T18:57:40+00:00\" \/>\n<meta name=\"twitter:card\" content=\"summary_large_image\" \/>\n<meta name=\"twitter:label1\" content=\"Tempo estimado de leitura\" \/>\n\t<meta name=\"twitter:data1\" content=\"3 minutos\" \/>\n<script type=\"application\/ld+json\" class=\"yoast-schema-graph\">{\"@context\":\"https:\/\/schema.org\",\"@graph\":[{\"@type\":\"WebPage\",\"@id\":\"https:\/\/123-esta.com\/pt-pt\/o-que-fazer-nos-eua\/\",\"url\":\"https:\/\/123-esta.com\/pt-pt\/o-que-fazer-nos-eua\/\",\"name\":\"As nossas dicas para a sua viagem aos EUA\",\"isPartOf\":{\"@id\":\"https:\/\/123-esta.com\/pt-pt\/#website\"},\"datePublished\":\"2022-07-27T19:34:15+00:00\",\"dateModified\":\"2022-09-13T18:57:40+00:00\",\"description\":\"Muitas pessoas querem viajar para os EUA. Gra\u00e7as ao ESTA, isto \u00e9 agora mais f\u00e1cil. Recomendamos alguns lugares que n\u00e3o devem faltar.\",\"inLanguage\":\"pt-PT\",\"potentialAction\":[{\"@type\":\"ReadAction\",\"target\":[\"https:\/\/123-esta.com\/pt-pt\/o-que-fazer-nos-eua\/\"]}]},{\"@type\":\"WebSite\",\"@id\":\"https:\/\/123-esta.com\/pt-pt\/#website\",\"url\":\"https:\/\/123-esta.com\/pt-pt\/\",\"name\":\"Formulaire ESTA pour les USA\",\"description\":\"\",\"publisher\":{\"@id\":\"https:\/\/123-esta.com\/pt-pt\/#organization\"},\"potentialAction\":[{\"@type\":\"SearchAction\",\"target\":{\"@type\":\"EntryPoint\",\"urlTemplate\":\"https:\/\/123-esta.com\/pt-pt\/?s={search_term_string}\"},\"query-input\":{\"@type\":\"PropertyValueSpecification\",\"valueRequired\":true,\"valueName\":\"search_term_string\"}}],\"inLanguage\":\"pt-PT\"},{\"@type\":\"Organization\",\"@id\":\"https:\/\/123-esta.com\/pt-pt\/#organization\",\"name\":\"Formulaire ESTA pour les USA\",\"url\":\"https:\/\/123-esta.com\/pt-pt\/\",\"logo\":{\"@type\":\"ImageObject\",\"inLanguage\":\"pt-PT\",\"@id\":\"https:\/\/123-esta.com\/pt-pt\/#\/schema\/logo\/image\/\",\"url\":\"https:\/\/123-esta.com\/wp-content\/uploads\/2018\/03\/logo-123-esta.png\",\"contentUrl\":\"https:\/\/123-esta.com\/wp-content\/uploads\/2018\/03\/logo-123-esta.png\",\"width\":191,\"height\":54,\"caption\":\"Formulaire ESTA pour les USA\"},\"image\":{\"@id\":\"https:\/\/123-esta.com\/pt-pt\/#\/schema\/logo\/image\/\"}}]}<\/script>\n<!-- \/ Yoast SEO plugin. -->","yoast_head_json":{"title":"As nossas dicas para a sua viagem aos EUA","description":"Muitas pessoas querem viajar para os EUA. Gra\u00e7as ao ESTA, isto \u00e9 agora mais f\u00e1cil. Recomendamos alguns lugares que n\u00e3o devem faltar.","robots":{"index":"index","follow":"follow","max-snippet":"max-snippet:-1","max-image-preview":"max-image-preview:large","max-video-preview":"max-video-preview:-1"},"canonical":"https:\/\/123-esta.com\/pt-pt\/o-que-fazer-nos-eua\/","og_locale":"pt_PT","og_type":"article","og_title":"As nossas dicas para a sua viagem aos EUA","og_description":"Muitas pessoas querem viajar para os EUA. Gra\u00e7as ao ESTA, isto \u00e9 agora mais f\u00e1cil. Recomendamos alguns lugares que n\u00e3o devem faltar.","og_url":"https:\/\/123-esta.com\/pt-pt\/o-que-fazer-nos-eua\/","og_site_name":"Formulaire ESTA pour les USA","article_modified_time":"2022-09-13T18:57:40+00:00","twitter_card":"summary_large_image","twitter_misc":{"Tempo estimado de leitura":"3 minutos"},"schema":{"@context":"https:\/\/schema.org","@graph":[{"@type":"WebPage","@id":"https:\/\/123-esta.com\/pt-pt\/o-que-fazer-nos-eua\/","url":"https:\/\/123-esta.com\/pt-pt\/o-que-fazer-nos-eua\/","name":"As nossas dicas para a sua viagem aos EUA","isPartOf":{"@id":"https:\/\/123-esta.com\/pt-pt\/#website"},"datePublished":"2022-07-27T19:34:15+00:00","dateModified":"2022-09-13T18:57:40+00:00","description":"Muitas pessoas querem viajar para os EUA. Gra\u00e7as ao ESTA, isto \u00e9 agora mais f\u00e1cil. Recomendamos alguns lugares que n\u00e3o devem faltar.","inLanguage":"pt-PT","potentialAction":[{"@type":"ReadAction","target":["https:\/\/123-esta.com\/pt-pt\/o-que-fazer-nos-eua\/"]}]},{"@type":"WebSite","@id":"https:\/\/123-esta.com\/pt-pt\/#website","url":"https:\/\/123-esta.com\/pt-pt\/","name":"Formulaire ESTA pour les USA","description":"","publisher":{"@id":"https:\/\/123-esta.com\/pt-pt\/#organization"},"potentialAction":[{"@type":"SearchAction","target":{"@type":"EntryPoint","urlTemplate":"https:\/\/123-esta.com\/pt-pt\/?s={search_term_string}"},"query-input":{"@type":"PropertyValueSpecification","valueRequired":true,"valueName":"search_term_string"}}],"inLanguage":"pt-PT"},{"@type":"Organization","@id":"https:\/\/123-esta.com\/pt-pt\/#organization","name":"Formulaire ESTA pour les USA","url":"https:\/\/123-esta.com\/pt-pt\/","logo":{"@type":"ImageObject","inLanguage":"pt-PT","@id":"https:\/\/123-esta.com\/pt-pt\/#\/schema\/logo\/image\/","url":"https:\/\/123-esta.com\/wp-content\/uploads\/2018\/03\/logo-123-esta.png","contentUrl":"https:\/\/123-esta.com\/wp-content\/uploads\/2018\/03\/logo-123-esta.png","width":191,"height":54,"caption":"Formulaire ESTA pour les USA"},"image":{"@id":"https:\/\/123-esta.com\/pt-pt\/#\/schema\/logo\/image\/"}}]}},"_links":{"self":[{"href":"https:\/\/123-esta.com\/pt-pt\/wp-json\/wp\/v2\/pages\/2275","targetHints":{"allow":["GET"]}}],"collection":[{"href":"https:\/\/123-esta.com\/pt-pt\/wp-json\/wp\/v2\/pages"}],"about":[{"href":"https:\/\/123-esta.com\/pt-pt\/wp-json\/wp\/v2\/types\/page"}],"author":[{"embeddable":true,"href":"https:\/\/123-esta.com\/pt-pt\/wp-json\/wp\/v2\/users\/1"}],"replies":[{"embeddable":true,"href":"https:\/\/123-esta.com\/pt-pt\/wp-json\/wp\/v2\/comments?post=2275"}],"version-history":[{"count":0,"href":"https:\/\/123-esta.com\/pt-pt\/wp-json\/wp\/v2\/pages\/2275\/revisions"}],"wp:attachment":[{"href":"https:\/\/123-esta.com\/pt-pt\/wp-json\/wp\/v2\/media?parent=2275"}],"curies":[{"name":"wp","href":"https:\/\/api.w.org\/{rel}","templated":true}]}}