{"id":2272,"date":"2022-07-27T21:34:15","date_gmt":"2022-07-27T19:34:15","guid":{"rendered":"https:\/\/123-esta.com\/praias-e-estados-nao-visitados\/"},"modified":"2022-09-13T23:24:36","modified_gmt":"2022-09-13T21:24:36","slug":"as-praias-dos-estados-unidos","status":"publish","type":"page","link":"https:\/\/123-esta.com\/pt-pt\/as-praias-dos-estados-unidos\/","title":{"rendered":"Quais s\u00e3o as praias mais bonitas dos Estados Unidos?"},"content":{"rendered":"\n<p>\u00c9 dif\u00edcil elaborar uma lista completa das praias americanas porque h\u00e1 tantos <a href=\"https:\/\/123-esta.com\/pt-pt\/o-que-fazer-nos-eua\/\">lugares a visitar nos EUA<\/a>. Neste artigo, tentaremos simplesmente dar-lhe uma vis\u00e3o geral das praias mais famosas, na esperan\u00e7a de que isso lhe poupe algum tempo tedioso de investiga\u00e7\u00e3o.<\/p>\n\n<p>N\u00e3o h\u00e1 falta de praias &#8220;bonitas&#8221; nos Estados Unidos. Nada menos que 19.000 km de costa com praias adequadas para nadar e outras que n\u00e3o o sejam. Poder\u00edamos at\u00e9 compilar uma lista das 10 melhores praias em cada estado dos EUA (as que n\u00e3o est\u00e3o na costa, \u00e9 claro).<\/p>\n\n<p>Os americanos t\u00eam um perito de nome Stephen P. Couro, tamb\u00e9m conhecido como Dr Beach, que avalia as praias mais bonitas do pa\u00eds com base em v\u00e1rios crit\u00e9rios tais como a beleza da pr\u00f3pria praia, a areia, a temperatura, a qualidade das infra-estruturas, etc. Sim, com eles n\u00e3o \u00e9 motivo de riso!<\/p>\n\n<h2 class=\"wp-block-heading\">As praias mais famosas dos EUA<\/h2>\n\n<p>Dos 50 estados dos Estados Unidos, o Hawaii \u00e9 a praia mais bonita do pa\u00eds. O Hanauma Bay Beach Park, localizado na ilha de Oahu, foi mesmo eleito &#8220;Melhor Praia&#8221; nos Estados Unidos para 2016.<\/p>\n\n<p>Tem tudo para agradar: c\u00e9u azul, areia branca, coqueiros e um mar calmo; tudo num cen\u00e1rio natural e verde. O mergulho e o snorkelling s\u00e3o muito populares aqui devido \u00e0 qualidade e clareza do mar e \u00e0 exist\u00eancia de um recife de coral com uma variedade de peixes coloridos. No Hawaii, temos algumas men\u00e7\u00f5es honrosas como a Ba\u00eda de Kapalua e North Shore Oahu que valem a pena visitar.<\/p>\n\n<p>A Florida tem tr\u00eas praias interessantes, incluindo Caladesi Island State Park, Siesta Beach, Langdon Beach. As praias s\u00e3o caracterizadas por um mar cristalino e areia branca e macia. S\u00e3o ideais para a nata\u00e7\u00e3o.<\/p>\n\n<p>A Calif\u00f3rnia tamb\u00e9m est\u00e1 cheia de praias famosas como a famosa Praia de Malibu, Venice Beach, Laguna Beach, etc.<\/p>\n\n<h2 class=\"wp-block-heading\">Quando deve ir?<\/h2>\n\n<p>A altura ideal para ir \u00e9 de Julho a Setembro. No entanto, as praias s\u00e3o muito mais frequentadas, devido ao bom tempo. Nos Estados Unidos, este per\u00edodo corresponde \u00e0 alta esta\u00e7\u00e3o tur\u00edstica e \u00e9 necess\u00e1rio um or\u00e7amento m\u00ednimo devido ao aumento dos pre\u00e7os.<\/p>\n","protected":false},"excerpt":{"rendered":"<p>\u00c9 dif\u00edcil elaborar uma lista completa das praias americanas porque h\u00e1 tantos lugares a visitar nos EUA. Neste artigo, tentaremos simplesmente dar-lhe uma vis\u00e3o geral das praias mais famosas, na esperan\u00e7a de que isso lhe poupe algum tempo tedioso de investiga\u00e7\u00e3o. N\u00e3o h\u00e1 falta de praias &#8220;bonitas&#8221; nos Estados Unidos. Nada menos que 19.000 km [&hellip;]<\/p>\n","protected":false},"author":1,"featured_media":0,"parent":0,"menu_order":0,"comment_status":"closed","ping_status":"closed","template":"","meta":{"site-sidebar-layout":"default","site-content-layout":"default","ast-site-content-layout":"default","site-content-style":"default","site-sidebar-style":"default","ast-global-header-display":"","ast-banner-title-visibility":"","ast-main-header-display":"","ast-hfb-above-header-display":"","ast-hfb-below-header-display":"","ast-hfb-mobile-header-display":"","site-post-title":"","ast-breadcrumbs-content":"","ast-featured-img":"","footer-sml-layout":"","ast-disable-related-posts":"","theme-transparent-header-meta":"default","adv-header-id-meta":"","stick-header-meta":"default","header-above-stick-meta":"","header-main-stick-meta":"","header-below-stick-meta":"","astra-migrate-meta-layouts":"default","ast-page-background-enabled":"default","ast-page-background-meta":{"desktop":{"background-color":"","background-image":"","background-repeat":"repeat","background-position":"center center","background-size":"auto","background-attachment":"scroll","background-type":"","background-media":"","overlay-type":"","overlay-color":"","overlay-opacity":"","overlay-gradient":""},"tablet":{"background-color":"","background-image":"","background-repeat":"repeat","background-position":"center center","background-size":"auto","background-attachment":"scroll","background-type":"","background-media":"","overlay-type":"","overlay-color":"","overlay-opacity":"","overlay-gradient":""},"mobile":{"background-color":"","background-image":"","background-repeat":"repeat","background-position":"center center","background-size":"auto","background-attachment":"scroll","background-type":"","background-media":"","overlay-type":"","overlay-color":"","overlay-opacity":"","overlay-gradient":""}},"ast-content-background-meta":{"desktop":{"background-color":"var(--ast-global-color-5)","background-image":"","background-repeat":"repeat","background-position":"center center","background-size":"auto","background-attachment":"scroll","background-type":"","background-media":"","overlay-type":"","overlay-color":"","overlay-opacity":"","overlay-gradient":""},"tablet":{"background-color":"var(--ast-global-color-5)","background-image":"","background-repeat":"repeat","background-position":"center center","background-size":"auto","background-attachment":"scroll","background-type":"","background-media":"","overlay-type":"","overlay-color":"","overlay-opacity":"","overlay-gradient":""},"mobile":{"background-color":"var(--ast-global-color-5)","background-image":"","background-repeat":"repeat","background-position":"center center","background-size":"auto","background-attachment":"scroll","background-type":"","background-media":"","overlay-type":"","overlay-color":"","overlay-opacity":"","overlay-gradient":""}},"footnotes":""},"class_list":["post-2272","page","type-page","status-publish","hentry"],"yoast_head":"<!-- This site is optimized with the Yoast SEO plugin v27.1.1 - https:\/\/yoast.com\/product\/yoast-seo-wordpress\/ -->\n<title>Destacando as praias mais bonitas dos EUA<\/title>\n<meta name=\"description\" content=\"Os Estados Unidos n\u00e3o s\u00e3o conhecidos apenas por parques nacionais e grandes cidades. Tamb\u00e9m recomendamos as praias americanas.\" \/>\n<meta name=\"robots\" content=\"index, follow, max-snippet:-1, max-image-preview:large, max-video-preview:-1\" \/>\n<link rel=\"canonical\" href=\"https:\/\/123-esta.com\/pt-pt\/as-praias-dos-estados-unidos\/\" \/>\n<meta property=\"og:locale\" content=\"pt_PT\" \/>\n<meta property=\"og:type\" content=\"article\" \/>\n<meta property=\"og:title\" content=\"Destacando as praias mais bonitas dos EUA\" \/>\n<meta property=\"og:description\" content=\"Os Estados Unidos n\u00e3o s\u00e3o conhecidos apenas por parques nacionais e grandes cidades. Tamb\u00e9m recomendamos as praias americanas.\" \/>\n<meta property=\"og:url\" content=\"https:\/\/123-esta.com\/pt-pt\/as-praias-dos-estados-unidos\/\" \/>\n<meta property=\"og:site_name\" content=\"Formulaire ESTA pour les USA\" \/>\n<meta property=\"article:modified_time\" content=\"2022-09-13T21:24:36+00:00\" \/>\n<meta name=\"twitter:card\" content=\"summary_large_image\" \/>\n<meta name=\"twitter:label1\" content=\"Tempo estimado de leitura\" \/>\n\t<meta name=\"twitter:data1\" content=\"2 minutos\" \/>\n<script type=\"application\/ld+json\" class=\"yoast-schema-graph\">{\"@context\":\"https:\/\/schema.org\",\"@graph\":[{\"@type\":\"WebPage\",\"@id\":\"https:\/\/123-esta.com\/pt-pt\/as-praias-dos-estados-unidos\/\",\"url\":\"https:\/\/123-esta.com\/pt-pt\/as-praias-dos-estados-unidos\/\",\"name\":\"Destacando as praias mais bonitas dos EUA\",\"isPartOf\":{\"@id\":\"https:\/\/123-esta.com\/pt-pt\/#website\"},\"datePublished\":\"2022-07-27T19:34:15+00:00\",\"dateModified\":\"2022-09-13T21:24:36+00:00\",\"description\":\"Os Estados Unidos n\u00e3o s\u00e3o conhecidos apenas por parques nacionais e grandes cidades. Tamb\u00e9m recomendamos as praias americanas.\",\"inLanguage\":\"pt-PT\",\"potentialAction\":[{\"@type\":\"ReadAction\",\"target\":[\"https:\/\/123-esta.com\/pt-pt\/as-praias-dos-estados-unidos\/\"]}]},{\"@type\":\"WebSite\",\"@id\":\"https:\/\/123-esta.com\/pt-pt\/#website\",\"url\":\"https:\/\/123-esta.com\/pt-pt\/\",\"name\":\"Formulaire ESTA pour les USA\",\"description\":\"\",\"publisher\":{\"@id\":\"https:\/\/123-esta.com\/pt-pt\/#organization\"},\"potentialAction\":[{\"@type\":\"SearchAction\",\"target\":{\"@type\":\"EntryPoint\",\"urlTemplate\":\"https:\/\/123-esta.com\/pt-pt\/?s={search_term_string}\"},\"query-input\":{\"@type\":\"PropertyValueSpecification\",\"valueRequired\":true,\"valueName\":\"search_term_string\"}}],\"inLanguage\":\"pt-PT\"},{\"@type\":\"Organization\",\"@id\":\"https:\/\/123-esta.com\/pt-pt\/#organization\",\"name\":\"Formulaire ESTA pour les USA\",\"url\":\"https:\/\/123-esta.com\/pt-pt\/\",\"logo\":{\"@type\":\"ImageObject\",\"inLanguage\":\"pt-PT\",\"@id\":\"https:\/\/123-esta.com\/pt-pt\/#\/schema\/logo\/image\/\",\"url\":\"https:\/\/123-esta.com\/wp-content\/uploads\/2018\/03\/logo-123-esta.png\",\"contentUrl\":\"https:\/\/123-esta.com\/wp-content\/uploads\/2018\/03\/logo-123-esta.png\",\"width\":191,\"height\":54,\"caption\":\"Formulaire ESTA pour les USA\"},\"image\":{\"@id\":\"https:\/\/123-esta.com\/pt-pt\/#\/schema\/logo\/image\/\"}}]}<\/script>\n<!-- \/ Yoast SEO plugin. -->","yoast_head_json":{"title":"Destacando as praias mais bonitas dos EUA","description":"Os Estados Unidos n\u00e3o s\u00e3o conhecidos apenas por parques nacionais e grandes cidades. Tamb\u00e9m recomendamos as praias americanas.","robots":{"index":"index","follow":"follow","max-snippet":"max-snippet:-1","max-image-preview":"max-image-preview:large","max-video-preview":"max-video-preview:-1"},"canonical":"https:\/\/123-esta.com\/pt-pt\/as-praias-dos-estados-unidos\/","og_locale":"pt_PT","og_type":"article","og_title":"Destacando as praias mais bonitas dos EUA","og_description":"Os Estados Unidos n\u00e3o s\u00e3o conhecidos apenas por parques nacionais e grandes cidades. Tamb\u00e9m recomendamos as praias americanas.","og_url":"https:\/\/123-esta.com\/pt-pt\/as-praias-dos-estados-unidos\/","og_site_name":"Formulaire ESTA pour les USA","article_modified_time":"2022-09-13T21:24:36+00:00","twitter_card":"summary_large_image","twitter_misc":{"Tempo estimado de leitura":"2 minutos"},"schema":{"@context":"https:\/\/schema.org","@graph":[{"@type":"WebPage","@id":"https:\/\/123-esta.com\/pt-pt\/as-praias-dos-estados-unidos\/","url":"https:\/\/123-esta.com\/pt-pt\/as-praias-dos-estados-unidos\/","name":"Destacando as praias mais bonitas dos EUA","isPartOf":{"@id":"https:\/\/123-esta.com\/pt-pt\/#website"},"datePublished":"2022-07-27T19:34:15+00:00","dateModified":"2022-09-13T21:24:36+00:00","description":"Os Estados Unidos n\u00e3o s\u00e3o conhecidos apenas por parques nacionais e grandes cidades. Tamb\u00e9m recomendamos as praias americanas.","inLanguage":"pt-PT","potentialAction":[{"@type":"ReadAction","target":["https:\/\/123-esta.com\/pt-pt\/as-praias-dos-estados-unidos\/"]}]},{"@type":"WebSite","@id":"https:\/\/123-esta.com\/pt-pt\/#website","url":"https:\/\/123-esta.com\/pt-pt\/","name":"Formulaire ESTA pour les USA","description":"","publisher":{"@id":"https:\/\/123-esta.com\/pt-pt\/#organization"},"potentialAction":[{"@type":"SearchAction","target":{"@type":"EntryPoint","urlTemplate":"https:\/\/123-esta.com\/pt-pt\/?s={search_term_string}"},"query-input":{"@type":"PropertyValueSpecification","valueRequired":true,"valueName":"search_term_string"}}],"inLanguage":"pt-PT"},{"@type":"Organization","@id":"https:\/\/123-esta.com\/pt-pt\/#organization","name":"Formulaire ESTA pour les USA","url":"https:\/\/123-esta.com\/pt-pt\/","logo":{"@type":"ImageObject","inLanguage":"pt-PT","@id":"https:\/\/123-esta.com\/pt-pt\/#\/schema\/logo\/image\/","url":"https:\/\/123-esta.com\/wp-content\/uploads\/2018\/03\/logo-123-esta.png","contentUrl":"https:\/\/123-esta.com\/wp-content\/uploads\/2018\/03\/logo-123-esta.png","width":191,"height":54,"caption":"Formulaire ESTA pour les USA"},"image":{"@id":"https:\/\/123-esta.com\/pt-pt\/#\/schema\/logo\/image\/"}}]}},"_links":{"self":[{"href":"https:\/\/123-esta.com\/pt-pt\/wp-json\/wp\/v2\/pages\/2272","targetHints":{"allow":["GET"]}}],"collection":[{"href":"https:\/\/123-esta.com\/pt-pt\/wp-json\/wp\/v2\/pages"}],"about":[{"href":"https:\/\/123-esta.com\/pt-pt\/wp-json\/wp\/v2\/types\/page"}],"author":[{"embeddable":true,"href":"https:\/\/123-esta.com\/pt-pt\/wp-json\/wp\/v2\/users\/1"}],"replies":[{"embeddable":true,"href":"https:\/\/123-esta.com\/pt-pt\/wp-json\/wp\/v2\/comments?post=2272"}],"version-history":[{"count":0,"href":"https:\/\/123-esta.com\/pt-pt\/wp-json\/wp\/v2\/pages\/2272\/revisions"}],"wp:attachment":[{"href":"https:\/\/123-esta.com\/pt-pt\/wp-json\/wp\/v2\/media?parent=2272"}],"curies":[{"name":"wp","href":"https:\/\/api.w.org\/{rel}","templated":true}]}}