{"id":2271,"date":"2022-07-27T21:34:15","date_gmt":"2022-07-27T19:34:15","guid":{"rendered":"https:\/\/123-esta.com\/visita-a-casa-branca\/"},"modified":"2022-09-19T17:46:14","modified_gmt":"2022-09-19T15:46:14","slug":"visita-a-casa-branca-eua","status":"publish","type":"page","link":"https:\/\/123-esta.com\/pt-pt\/visita-a-casa-branca-eua\/","title":{"rendered":"Visite a Casa Branca, Washington DC"},"content":{"rendered":"\n<p>Para aqueles que s\u00e3o tentados pela ideia, uma visita \u00e0 Casa Branca \u00e9 poss\u00edvel e \u00e9 um dos <a href=\"https:\/\/123-esta.com\/pt-pt\/grandes-cidades-e-regioes-a-visita-nos-estados-unidos\/\">locais a visitar nos EUA<\/a>. Esta pr\u00e1tica tem sido permitida desde Thomas Jefferson, em 1805, quando o presidente americano decidiu abrir as portas do pal\u00e1cio presidencial ao p\u00fablico em geral.<\/p>\n\n<h2 class=\"wp-block-heading\">Prepare a sua viagem e planeie uma visita<\/h2>\n\n<p>Em primeiro lugar, comece por obter a sua autoriza\u00e7\u00e3o de viagem ESTA. Este documento substitui o visto ordin\u00e1rio, e \u00e9 obrigat\u00f3rio para aqueles que desejam entrar ou transitar nos Estados Unidos por menos de 90 dias.<\/p>\n\n<p>Depois, planeie a sua visita aos Estados Unidos, e especialmente \u00e0 Casa Branca. Pode levar de tr\u00eas semanas a cinco ou at\u00e9 seis meses de anteced\u00eancia para obter a permiss\u00e3o de visita. O pedido \u00e9 feito no Consulado Franc\u00eas em Washington. Os candidatos ser\u00e3o sujeitos a investiga\u00e7\u00f5es rigorosas por parte das autoridades americanas a fim de validar os pedidos (o que explica a lentid\u00e3o dos procedimentos). \u00c9 de notar que os procedimentos s\u00e3o os mesmos para todos, sem excep\u00e7\u00f5es para os cidad\u00e3os dos EUA.<\/p>\n\n<h2 class=\"wp-block-heading\">A visita \u00e0 Casa Branca<\/h2>\n\n<p>Uma vez no local, os visitantes ter\u00e3o de trazer o seu passaporte. N\u00e3o ser\u00e3o permitidos objectos pessoais durante a visita. Por raz\u00f5es de seguran\u00e7a, os telefones e c\u00e2maras fotogr\u00e1ficas tamb\u00e9m devem ser exclu\u00eddos da visita.<\/p>\n\n<p>Apenas algumas salas da Casa Branca est\u00e3o abertas ao p\u00fablico. Em geral, uma visita dura, em m\u00e9dia, meia hora. Durante o passeio, os visitantes ter\u00e3o o privil\u00e9gio de visitar a Sala Azul, a Sala Verde, a famosa Sala Oval, a Sala Leste onde se realizam confer\u00eancias de imprensa na Casa Branca, a Sala Roosevelt, a muito chique Sala Vermeil, etc. As visitas s\u00f3 s\u00e3o feitas em grupos desde os ataques de 11 de Setembro.<\/p>\n\n<p>O anterior Presidente dos Estados Unidos, Barack Obama, tornou poss\u00edvel fazer uma visita virtual de 360\u00b0 a duas belas salas da Casa Branca. Este \u00e9 o seu antigo gabinete, a Sala Oval, e a Sala de Situa\u00e7\u00e3o, uma das salas mais importantes a partir da qual s\u00e3o decididas todas as grandes quest\u00f5es relacionadas com a estrat\u00e9gia americana.<\/p>\n\n<p>Visitar a Casa Branca \u00e9 uma experi\u00eancia extremamente gratificante, e uma experi\u00eancia que deve ser tentada enquanto estiver nos Estados Unidos.<\/p>\n","protected":false},"excerpt":{"rendered":"<p>Para aqueles que s\u00e3o tentados pela ideia, uma visita \u00e0 Casa Branca \u00e9 poss\u00edvel e \u00e9 um dos locais a visitar nos EUA. Esta pr\u00e1tica tem sido permitida desde Thomas Jefferson, em 1805, quando o presidente americano decidiu abrir as portas do pal\u00e1cio presidencial ao p\u00fablico em geral. Prepare a sua viagem e planeie uma [&hellip;]<\/p>\n","protected":false},"author":1,"featured_media":0,"parent":0,"menu_order":0,"comment_status":"closed","ping_status":"closed","template":"","meta":{"site-sidebar-layout":"default","site-content-layout":"default","ast-site-content-layout":"default","site-content-style":"default","site-sidebar-style":"default","ast-global-header-display":"","ast-banner-title-visibility":"","ast-main-header-display":"","ast-hfb-above-header-display":"","ast-hfb-below-header-display":"","ast-hfb-mobile-header-display":"","site-post-title":"","ast-breadcrumbs-content":"","ast-featured-img":"","footer-sml-layout":"","ast-disable-related-posts":"","theme-transparent-header-meta":"default","adv-header-id-meta":"","stick-header-meta":"default","header-above-stick-meta":"","header-main-stick-meta":"","header-below-stick-meta":"","astra-migrate-meta-layouts":"default","ast-page-background-enabled":"default","ast-page-background-meta":{"desktop":{"background-color":"","background-image":"","background-repeat":"repeat","background-position":"center center","background-size":"auto","background-attachment":"scroll","background-type":"","background-media":"","overlay-type":"","overlay-color":"","overlay-opacity":"","overlay-gradient":""},"tablet":{"background-color":"","background-image":"","background-repeat":"repeat","background-position":"center center","background-size":"auto","background-attachment":"scroll","background-type":"","background-media":"","overlay-type":"","overlay-color":"","overlay-opacity":"","overlay-gradient":""},"mobile":{"background-color":"","background-image":"","background-repeat":"repeat","background-position":"center center","background-size":"auto","background-attachment":"scroll","background-type":"","background-media":"","overlay-type":"","overlay-color":"","overlay-opacity":"","overlay-gradient":""}},"ast-content-background-meta":{"desktop":{"background-color":"var(--ast-global-color-5)","background-image":"","background-repeat":"repeat","background-position":"center center","background-size":"auto","background-attachment":"scroll","background-type":"","background-media":"","overlay-type":"","overlay-color":"","overlay-opacity":"","overlay-gradient":""},"tablet":{"background-color":"var(--ast-global-color-5)","background-image":"","background-repeat":"repeat","background-position":"center center","background-size":"auto","background-attachment":"scroll","background-type":"","background-media":"","overlay-type":"","overlay-color":"","overlay-opacity":"","overlay-gradient":""},"mobile":{"background-color":"var(--ast-global-color-5)","background-image":"","background-repeat":"repeat","background-position":"center center","background-size":"auto","background-attachment":"scroll","background-type":"","background-media":"","overlay-type":"","overlay-color":"","overlay-opacity":"","overlay-gradient":""}},"footnotes":""},"class_list":["post-2271","page","type-page","status-publish","hentry"],"yoast_head":"<!-- This site is optimized with the Yoast SEO plugin v27.1.1 - https:\/\/yoast.com\/product\/yoast-seo-wordpress\/ -->\n<title>Visite a Casa Branca enquanto estiver em Washington<\/title>\n<meta name=\"description\" content=\"A Casa Branca, s\u00edmbolo dos Estados Unidos, est\u00e1 aberta ao p\u00fablico sob certas condi\u00e7\u00f5es. Encontre aqui toda a informa\u00e7\u00e3o de que necessita para uma visita inesquec\u00edvel.\" \/>\n<meta name=\"robots\" content=\"index, follow, max-snippet:-1, max-image-preview:large, max-video-preview:-1\" \/>\n<link rel=\"canonical\" href=\"https:\/\/123-esta.com\/pt-pt\/visita-a-casa-branca-eua\/\" \/>\n<meta property=\"og:locale\" content=\"pt_PT\" \/>\n<meta property=\"og:type\" content=\"article\" \/>\n<meta property=\"og:title\" content=\"Visite a Casa Branca enquanto estiver em Washington\" \/>\n<meta property=\"og:description\" content=\"A Casa Branca, s\u00edmbolo dos Estados Unidos, est\u00e1 aberta ao p\u00fablico sob certas condi\u00e7\u00f5es. Encontre aqui toda a informa\u00e7\u00e3o de que necessita para uma visita inesquec\u00edvel.\" \/>\n<meta property=\"og:url\" content=\"https:\/\/123-esta.com\/pt-pt\/visita-a-casa-branca-eua\/\" \/>\n<meta property=\"og:site_name\" content=\"Formulaire ESTA pour les USA\" \/>\n<meta property=\"article:modified_time\" content=\"2022-09-19T15:46:14+00:00\" \/>\n<meta name=\"twitter:card\" content=\"summary_large_image\" \/>\n<meta name=\"twitter:label1\" content=\"Tempo estimado de leitura\" \/>\n\t<meta name=\"twitter:data1\" content=\"2 minutos\" \/>\n<script type=\"application\/ld+json\" class=\"yoast-schema-graph\">{\"@context\":\"https:\/\/schema.org\",\"@graph\":[{\"@type\":\"WebPage\",\"@id\":\"https:\/\/123-esta.com\/pt-pt\/visita-a-casa-branca-eua\/\",\"url\":\"https:\/\/123-esta.com\/pt-pt\/visita-a-casa-branca-eua\/\",\"name\":\"Visite a Casa Branca enquanto estiver em Washington\",\"isPartOf\":{\"@id\":\"https:\/\/123-esta.com\/pt-pt\/#website\"},\"datePublished\":\"2022-07-27T19:34:15+00:00\",\"dateModified\":\"2022-09-19T15:46:14+00:00\",\"description\":\"A Casa Branca, s\u00edmbolo dos Estados Unidos, est\u00e1 aberta ao p\u00fablico sob certas condi\u00e7\u00f5es. Encontre aqui toda a informa\u00e7\u00e3o de que necessita para uma visita inesquec\u00edvel.\",\"inLanguage\":\"pt-PT\",\"potentialAction\":[{\"@type\":\"ReadAction\",\"target\":[\"https:\/\/123-esta.com\/pt-pt\/visita-a-casa-branca-eua\/\"]}]},{\"@type\":\"WebSite\",\"@id\":\"https:\/\/123-esta.com\/pt-pt\/#website\",\"url\":\"https:\/\/123-esta.com\/pt-pt\/\",\"name\":\"Formulaire ESTA pour les USA\",\"description\":\"\",\"publisher\":{\"@id\":\"https:\/\/123-esta.com\/pt-pt\/#organization\"},\"potentialAction\":[{\"@type\":\"SearchAction\",\"target\":{\"@type\":\"EntryPoint\",\"urlTemplate\":\"https:\/\/123-esta.com\/pt-pt\/?s={search_term_string}\"},\"query-input\":{\"@type\":\"PropertyValueSpecification\",\"valueRequired\":true,\"valueName\":\"search_term_string\"}}],\"inLanguage\":\"pt-PT\"},{\"@type\":\"Organization\",\"@id\":\"https:\/\/123-esta.com\/pt-pt\/#organization\",\"name\":\"Formulaire ESTA pour les USA\",\"url\":\"https:\/\/123-esta.com\/pt-pt\/\",\"logo\":{\"@type\":\"ImageObject\",\"inLanguage\":\"pt-PT\",\"@id\":\"https:\/\/123-esta.com\/pt-pt\/#\/schema\/logo\/image\/\",\"url\":\"https:\/\/123-esta.com\/wp-content\/uploads\/2018\/03\/logo-123-esta.png\",\"contentUrl\":\"https:\/\/123-esta.com\/wp-content\/uploads\/2018\/03\/logo-123-esta.png\",\"width\":191,\"height\":54,\"caption\":\"Formulaire ESTA pour les USA\"},\"image\":{\"@id\":\"https:\/\/123-esta.com\/pt-pt\/#\/schema\/logo\/image\/\"}}]}<\/script>\n<!-- \/ Yoast SEO plugin. -->","yoast_head_json":{"title":"Visite a Casa Branca enquanto estiver em Washington","description":"A Casa Branca, s\u00edmbolo dos Estados Unidos, est\u00e1 aberta ao p\u00fablico sob certas condi\u00e7\u00f5es. Encontre aqui toda a informa\u00e7\u00e3o de que necessita para uma visita inesquec\u00edvel.","robots":{"index":"index","follow":"follow","max-snippet":"max-snippet:-1","max-image-preview":"max-image-preview:large","max-video-preview":"max-video-preview:-1"},"canonical":"https:\/\/123-esta.com\/pt-pt\/visita-a-casa-branca-eua\/","og_locale":"pt_PT","og_type":"article","og_title":"Visite a Casa Branca enquanto estiver em Washington","og_description":"A Casa Branca, s\u00edmbolo dos Estados Unidos, est\u00e1 aberta ao p\u00fablico sob certas condi\u00e7\u00f5es. Encontre aqui toda a informa\u00e7\u00e3o de que necessita para uma visita inesquec\u00edvel.","og_url":"https:\/\/123-esta.com\/pt-pt\/visita-a-casa-branca-eua\/","og_site_name":"Formulaire ESTA pour les USA","article_modified_time":"2022-09-19T15:46:14+00:00","twitter_card":"summary_large_image","twitter_misc":{"Tempo estimado de leitura":"2 minutos"},"schema":{"@context":"https:\/\/schema.org","@graph":[{"@type":"WebPage","@id":"https:\/\/123-esta.com\/pt-pt\/visita-a-casa-branca-eua\/","url":"https:\/\/123-esta.com\/pt-pt\/visita-a-casa-branca-eua\/","name":"Visite a Casa Branca enquanto estiver em Washington","isPartOf":{"@id":"https:\/\/123-esta.com\/pt-pt\/#website"},"datePublished":"2022-07-27T19:34:15+00:00","dateModified":"2022-09-19T15:46:14+00:00","description":"A Casa Branca, s\u00edmbolo dos Estados Unidos, est\u00e1 aberta ao p\u00fablico sob certas condi\u00e7\u00f5es. Encontre aqui toda a informa\u00e7\u00e3o de que necessita para uma visita inesquec\u00edvel.","inLanguage":"pt-PT","potentialAction":[{"@type":"ReadAction","target":["https:\/\/123-esta.com\/pt-pt\/visita-a-casa-branca-eua\/"]}]},{"@type":"WebSite","@id":"https:\/\/123-esta.com\/pt-pt\/#website","url":"https:\/\/123-esta.com\/pt-pt\/","name":"Formulaire ESTA pour les USA","description":"","publisher":{"@id":"https:\/\/123-esta.com\/pt-pt\/#organization"},"potentialAction":[{"@type":"SearchAction","target":{"@type":"EntryPoint","urlTemplate":"https:\/\/123-esta.com\/pt-pt\/?s={search_term_string}"},"query-input":{"@type":"PropertyValueSpecification","valueRequired":true,"valueName":"search_term_string"}}],"inLanguage":"pt-PT"},{"@type":"Organization","@id":"https:\/\/123-esta.com\/pt-pt\/#organization","name":"Formulaire ESTA pour les USA","url":"https:\/\/123-esta.com\/pt-pt\/","logo":{"@type":"ImageObject","inLanguage":"pt-PT","@id":"https:\/\/123-esta.com\/pt-pt\/#\/schema\/logo\/image\/","url":"https:\/\/123-esta.com\/wp-content\/uploads\/2018\/03\/logo-123-esta.png","contentUrl":"https:\/\/123-esta.com\/wp-content\/uploads\/2018\/03\/logo-123-esta.png","width":191,"height":54,"caption":"Formulaire ESTA pour les USA"},"image":{"@id":"https:\/\/123-esta.com\/pt-pt\/#\/schema\/logo\/image\/"}}]}},"_links":{"self":[{"href":"https:\/\/123-esta.com\/pt-pt\/wp-json\/wp\/v2\/pages\/2271","targetHints":{"allow":["GET"]}}],"collection":[{"href":"https:\/\/123-esta.com\/pt-pt\/wp-json\/wp\/v2\/pages"}],"about":[{"href":"https:\/\/123-esta.com\/pt-pt\/wp-json\/wp\/v2\/types\/page"}],"author":[{"embeddable":true,"href":"https:\/\/123-esta.com\/pt-pt\/wp-json\/wp\/v2\/users\/1"}],"replies":[{"embeddable":true,"href":"https:\/\/123-esta.com\/pt-pt\/wp-json\/wp\/v2\/comments?post=2271"}],"version-history":[{"count":0,"href":"https:\/\/123-esta.com\/pt-pt\/wp-json\/wp\/v2\/pages\/2271\/revisions"}],"wp:attachment":[{"href":"https:\/\/123-esta.com\/pt-pt\/wp-json\/wp\/v2\/media?parent=2271"}],"curies":[{"name":"wp","href":"https:\/\/api.w.org\/{rel}","templated":true}]}}