{"id":2267,"date":"2022-07-27T21:34:14","date_gmt":"2022-07-27T19:34:14","guid":{"rendered":"https:\/\/123-esta.com\/which-hotel-choose-us\/"},"modified":"2022-08-23T22:30:59","modified_gmt":"2022-08-23T20:30:59","slug":"qual-hotel-escolher-nos-eua","status":"publish","type":"page","link":"https:\/\/123-esta.com\/pt-pt\/qual-hotel-escolher-nos-eua\/","title":{"rendered":"Como encontrar alojamento ou um hotel para a sua estadia nos EUA?"},"content":{"rendered":"<p>Os americanos s\u00e3o conhecidos por terem um grande sentido de hospitalidade.<\/p>\n<p>No entanto, quando <a href=\"https:\/\/123-esta.com\/pt-pt\/o-que-fazer-nos-eua\/\">visitar os EUA<\/a> com ESTA, ainda ter\u00e1 de encontrar alojamento. O Couchsurfing, uma comunidade que lhe permite ficar em casa das pessoas gratuitamente em troca do seu bom humor, \u00e9 uma op\u00e7\u00e3o popular. H\u00e1 muitas maneiras diferentes de ficar nos EUA, dependendo do seu or\u00e7amento. A lista que se segue n\u00e3o \u00e9 exaustiva.<\/p>\n<h2>Escolher o alojamento certo para uma viagem aos EUA<\/h2>\n<p>Para aqueles com um or\u00e7amento mais apertado, os mot\u00e9is s\u00e3o considerados o padr\u00e3o ouro, com recep\u00e7\u00e3o 24 horas, acesso wi-fi e pequeno-almo\u00e7o. Estes pequenos hot\u00e9is s\u00e3o numerosos ao longo das estradas principais e na entrada\/sa\u00edda das cidades. As tarifas nestes estabelecimentos independentes e em cadeia (Quality Inn, Comfort Inn, Red Roof) variam entre $30 a $90 por noite.<\/p>\n<p>Os hot\u00e9is s\u00e3o recomendados para aqueles que desejam ficar durante v\u00e1rios dias numa grande cidade. Neste caso, os mot\u00e9is tamb\u00e9m s\u00e3o poss\u00edveis, mas podem n\u00e3o oferecer o conforto necess\u00e1rio. Deve escolher de acordo com o seu or\u00e7amento.<\/p>\n<p>Os Estados Unidos t\u00eam tamb\u00e9m v\u00e1rias categorias de estabelecimentos alimentares e de bebidas para acomodar o grande n\u00famero de turistas visitantes. Recomendamos uma alternativa interessante para os mochileiros: ficar numa cama e pequeno-almo\u00e7o.<\/p>\n<p>Finalmente, existem muitas alternativas mais ou menos aceit\u00e1veis, com diferentes or\u00e7amentos, tais como albergues, Couchsurfing, Airbnb, lodges, alugueres de praia, cabines, condom\u00ednios, etc.<\/p>\n<p>Para quem tem um or\u00e7amento mais apertado, outra dica para poupar custos \u00e9 dormir no seu carro. De facto, algumas auto-estradas, especialmente auto-estradas e interestaduais, t\u00eam \u00e1reas de descanso especiais onde pode descansar no seu carro. No entanto, para maior conforto e se o seu or\u00e7amento o permitir, \u00e9 melhor alugar um campo de campismo. Desta forma pode dormir em seguran\u00e7a e desfrutar das instala\u00e7\u00f5es de duche e WC normalmente oferecidas por tais estabelecimentos.<\/p>\n<h2>Como permanecer muito barato nos EUA<\/h2>\n<p>Para os mais soci\u00e1veis e de mente aberta, est\u00e3o dispon\u00edveis duas op\u00e7\u00f5es muito econ\u00f3micas: o Couchsurfing e os dormit\u00f3rios dispon\u00edveis nos albergues da juventude.<\/p>\n<p>O princ\u00edpio do Couchsurfing \u00e9 bastante simples: cada pessoa registada no site oferece-se para acolher um viajante na sua casa gratuitamente, de vez em quando. Em troca, quando viaja por conta pr\u00f3pria, pode <a href=\"https:\/\/123-esta.com\/pt-pt\/como-encontrar-alojamento-gratuito-nos-estados-unidos\/\">ficar gratuitamente com um local<\/a>. A comunidade Couchsurfing \u00e9 enorme nos EUA, com muitas oportunidades \u00e0 sua disposi\u00e7\u00e3o.<\/p>\n<p>Os albergues da juventude oferecem frequentemente a op\u00e7\u00e3o de dormir em dormit\u00f3rios partilhados com outros viajantes. Estas s\u00e3o quase sempre as op\u00e7\u00f5es de habita\u00e7\u00e3o mais baratas.<\/p>\n<p>Finalmente, para aqueles que pretendem permanecer mais de 3 meses nos EUA com a ajuda de um visto, recomenda-se que encontrem alojamento atrav\u00e9s dos an\u00fancios classificados que s\u00e3o frequentemente encontrados nos jornais locais. Um site como o craiglist, que \u00e9 bem conhecido nos Estados Unidos, tamb\u00e9m \u00e9 recomendado. Pode encontrar um quarto de dormir e partilhar um apartamento.<\/p>\n","protected":false},"excerpt":{"rendered":"<p>Os americanos s\u00e3o conhecidos por terem um grande sentido de hospitalidade. No entanto, quando visitar os EUA com ESTA, ainda ter\u00e1 de encontrar alojamento. O Couchsurfing, uma comunidade que lhe permite ficar em casa das pessoas gratuitamente em troca do seu bom humor, \u00e9 uma op\u00e7\u00e3o popular. H\u00e1 muitas maneiras diferentes de ficar nos EUA, [&hellip;]<\/p>\n","protected":false},"author":1,"featured_media":0,"parent":0,"menu_order":0,"comment_status":"closed","ping_status":"closed","template":"","meta":{"site-sidebar-layout":"default","site-content-layout":"default","ast-site-content-layout":"default","site-content-style":"default","site-sidebar-style":"default","ast-global-header-display":"","ast-banner-title-visibility":"","ast-main-header-display":"","ast-hfb-above-header-display":"","ast-hfb-below-header-display":"","ast-hfb-mobile-header-display":"","site-post-title":"","ast-breadcrumbs-content":"","ast-featured-img":"","footer-sml-layout":"","ast-disable-related-posts":"","theme-transparent-header-meta":"default","adv-header-id-meta":"","stick-header-meta":"default","header-above-stick-meta":"","header-main-stick-meta":"","header-below-stick-meta":"","astra-migrate-meta-layouts":"default","ast-page-background-enabled":"default","ast-page-background-meta":{"desktop":{"background-color":"","background-image":"","background-repeat":"repeat","background-position":"center center","background-size":"auto","background-attachment":"scroll","background-type":"","background-media":"","overlay-type":"","overlay-color":"","overlay-opacity":"","overlay-gradient":""},"tablet":{"background-color":"","background-image":"","background-repeat":"repeat","background-position":"center center","background-size":"auto","background-attachment":"scroll","background-type":"","background-media":"","overlay-type":"","overlay-color":"","overlay-opacity":"","overlay-gradient":""},"mobile":{"background-color":"","background-image":"","background-repeat":"repeat","background-position":"center center","background-size":"auto","background-attachment":"scroll","background-type":"","background-media":"","overlay-type":"","overlay-color":"","overlay-opacity":"","overlay-gradient":""}},"ast-content-background-meta":{"desktop":{"background-color":"var(--ast-global-color-5)","background-image":"","background-repeat":"repeat","background-position":"center center","background-size":"auto","background-attachment":"scroll","background-type":"","background-media":"","overlay-type":"","overlay-color":"","overlay-opacity":"","overlay-gradient":""},"tablet":{"background-color":"var(--ast-global-color-5)","background-image":"","background-repeat":"repeat","background-position":"center center","background-size":"auto","background-attachment":"scroll","background-type":"","background-media":"","overlay-type":"","overlay-color":"","overlay-opacity":"","overlay-gradient":""},"mobile":{"background-color":"var(--ast-global-color-5)","background-image":"","background-repeat":"repeat","background-position":"center center","background-size":"auto","background-attachment":"scroll","background-type":"","background-media":"","overlay-type":"","overlay-color":"","overlay-opacity":"","overlay-gradient":""}},"footnotes":""},"class_list":["post-2267","page","type-page","status-publish","hentry"],"yoast_head":"<!-- This site is optimized with the Yoast SEO plugin v27.1.1 - https:\/\/yoast.com\/product\/yoast-seo-wordpress\/ -->\n<title>As nossas dicas para encontrar o melhor hotel nos EUA<\/title>\n<meta name=\"description\" content=\"Os Estados Unidos est\u00e3o cheios de alojamentos poss\u00edveis: desde pousadas a hot\u00e9is de luxo e mot\u00e9is tradicionais... A escolha \u00e9 sua!\" \/>\n<meta name=\"robots\" content=\"index, follow, max-snippet:-1, max-image-preview:large, max-video-preview:-1\" \/>\n<link rel=\"canonical\" href=\"https:\/\/123-esta.com\/pt-pt\/qual-hotel-escolher-nos-eua\/\" \/>\n<meta property=\"og:locale\" content=\"pt_PT\" \/>\n<meta property=\"og:type\" content=\"article\" \/>\n<meta property=\"og:title\" content=\"As nossas dicas para encontrar o melhor hotel nos EUA\" \/>\n<meta property=\"og:description\" content=\"Os Estados Unidos est\u00e3o cheios de alojamentos poss\u00edveis: desde pousadas a hot\u00e9is de luxo e mot\u00e9is tradicionais... A escolha \u00e9 sua!\" \/>\n<meta property=\"og:url\" content=\"https:\/\/123-esta.com\/pt-pt\/qual-hotel-escolher-nos-eua\/\" \/>\n<meta property=\"og:site_name\" content=\"Formulaire ESTA pour les USA\" \/>\n<meta property=\"article:modified_time\" content=\"2022-08-23T20:30:59+00:00\" \/>\n<meta name=\"twitter:card\" content=\"summary_large_image\" \/>\n<meta name=\"twitter:label1\" content=\"Tempo estimado de leitura\" \/>\n\t<meta name=\"twitter:data1\" content=\"3 minutos\" \/>\n<script type=\"application\/ld+json\" class=\"yoast-schema-graph\">{\"@context\":\"https:\/\/schema.org\",\"@graph\":[{\"@type\":\"WebPage\",\"@id\":\"https:\/\/123-esta.com\/pt-pt\/qual-hotel-escolher-nos-eua\/\",\"url\":\"https:\/\/123-esta.com\/pt-pt\/qual-hotel-escolher-nos-eua\/\",\"name\":\"As nossas dicas para encontrar o melhor hotel nos EUA\",\"isPartOf\":{\"@id\":\"https:\/\/123-esta.com\/pt-pt\/#website\"},\"datePublished\":\"2022-07-27T19:34:14+00:00\",\"dateModified\":\"2022-08-23T20:30:59+00:00\",\"description\":\"Os Estados Unidos est\u00e3o cheios de alojamentos poss\u00edveis: desde pousadas a hot\u00e9is de luxo e mot\u00e9is tradicionais... A escolha \u00e9 sua!\",\"inLanguage\":\"pt-PT\",\"potentialAction\":[{\"@type\":\"ReadAction\",\"target\":[\"https:\/\/123-esta.com\/pt-pt\/qual-hotel-escolher-nos-eua\/\"]}]},{\"@type\":\"WebSite\",\"@id\":\"https:\/\/123-esta.com\/pt-pt\/#website\",\"url\":\"https:\/\/123-esta.com\/pt-pt\/\",\"name\":\"Formulaire ESTA pour les USA\",\"description\":\"\",\"publisher\":{\"@id\":\"https:\/\/123-esta.com\/pt-pt\/#organization\"},\"potentialAction\":[{\"@type\":\"SearchAction\",\"target\":{\"@type\":\"EntryPoint\",\"urlTemplate\":\"https:\/\/123-esta.com\/pt-pt\/?s={search_term_string}\"},\"query-input\":{\"@type\":\"PropertyValueSpecification\",\"valueRequired\":true,\"valueName\":\"search_term_string\"}}],\"inLanguage\":\"pt-PT\"},{\"@type\":\"Organization\",\"@id\":\"https:\/\/123-esta.com\/pt-pt\/#organization\",\"name\":\"Formulaire ESTA pour les USA\",\"url\":\"https:\/\/123-esta.com\/pt-pt\/\",\"logo\":{\"@type\":\"ImageObject\",\"inLanguage\":\"pt-PT\",\"@id\":\"https:\/\/123-esta.com\/pt-pt\/#\/schema\/logo\/image\/\",\"url\":\"https:\/\/123-esta.com\/wp-content\/uploads\/2018\/03\/logo-123-esta.png\",\"contentUrl\":\"https:\/\/123-esta.com\/wp-content\/uploads\/2018\/03\/logo-123-esta.png\",\"width\":191,\"height\":54,\"caption\":\"Formulaire ESTA pour les USA\"},\"image\":{\"@id\":\"https:\/\/123-esta.com\/pt-pt\/#\/schema\/logo\/image\/\"}}]}<\/script>\n<!-- \/ Yoast SEO plugin. -->","yoast_head_json":{"title":"As nossas dicas para encontrar o melhor hotel nos EUA","description":"Os Estados Unidos est\u00e3o cheios de alojamentos poss\u00edveis: desde pousadas a hot\u00e9is de luxo e mot\u00e9is tradicionais... A escolha \u00e9 sua!","robots":{"index":"index","follow":"follow","max-snippet":"max-snippet:-1","max-image-preview":"max-image-preview:large","max-video-preview":"max-video-preview:-1"},"canonical":"https:\/\/123-esta.com\/pt-pt\/qual-hotel-escolher-nos-eua\/","og_locale":"pt_PT","og_type":"article","og_title":"As nossas dicas para encontrar o melhor hotel nos EUA","og_description":"Os Estados Unidos est\u00e3o cheios de alojamentos poss\u00edveis: desde pousadas a hot\u00e9is de luxo e mot\u00e9is tradicionais... A escolha \u00e9 sua!","og_url":"https:\/\/123-esta.com\/pt-pt\/qual-hotel-escolher-nos-eua\/","og_site_name":"Formulaire ESTA pour les USA","article_modified_time":"2022-08-23T20:30:59+00:00","twitter_card":"summary_large_image","twitter_misc":{"Tempo estimado de leitura":"3 minutos"},"schema":{"@context":"https:\/\/schema.org","@graph":[{"@type":"WebPage","@id":"https:\/\/123-esta.com\/pt-pt\/qual-hotel-escolher-nos-eua\/","url":"https:\/\/123-esta.com\/pt-pt\/qual-hotel-escolher-nos-eua\/","name":"As nossas dicas para encontrar o melhor hotel nos EUA","isPartOf":{"@id":"https:\/\/123-esta.com\/pt-pt\/#website"},"datePublished":"2022-07-27T19:34:14+00:00","dateModified":"2022-08-23T20:30:59+00:00","description":"Os Estados Unidos est\u00e3o cheios de alojamentos poss\u00edveis: desde pousadas a hot\u00e9is de luxo e mot\u00e9is tradicionais... A escolha \u00e9 sua!","inLanguage":"pt-PT","potentialAction":[{"@type":"ReadAction","target":["https:\/\/123-esta.com\/pt-pt\/qual-hotel-escolher-nos-eua\/"]}]},{"@type":"WebSite","@id":"https:\/\/123-esta.com\/pt-pt\/#website","url":"https:\/\/123-esta.com\/pt-pt\/","name":"Formulaire ESTA pour les USA","description":"","publisher":{"@id":"https:\/\/123-esta.com\/pt-pt\/#organization"},"potentialAction":[{"@type":"SearchAction","target":{"@type":"EntryPoint","urlTemplate":"https:\/\/123-esta.com\/pt-pt\/?s={search_term_string}"},"query-input":{"@type":"PropertyValueSpecification","valueRequired":true,"valueName":"search_term_string"}}],"inLanguage":"pt-PT"},{"@type":"Organization","@id":"https:\/\/123-esta.com\/pt-pt\/#organization","name":"Formulaire ESTA pour les USA","url":"https:\/\/123-esta.com\/pt-pt\/","logo":{"@type":"ImageObject","inLanguage":"pt-PT","@id":"https:\/\/123-esta.com\/pt-pt\/#\/schema\/logo\/image\/","url":"https:\/\/123-esta.com\/wp-content\/uploads\/2018\/03\/logo-123-esta.png","contentUrl":"https:\/\/123-esta.com\/wp-content\/uploads\/2018\/03\/logo-123-esta.png","width":191,"height":54,"caption":"Formulaire ESTA pour les USA"},"image":{"@id":"https:\/\/123-esta.com\/pt-pt\/#\/schema\/logo\/image\/"}}]}},"_links":{"self":[{"href":"https:\/\/123-esta.com\/pt-pt\/wp-json\/wp\/v2\/pages\/2267","targetHints":{"allow":["GET"]}}],"collection":[{"href":"https:\/\/123-esta.com\/pt-pt\/wp-json\/wp\/v2\/pages"}],"about":[{"href":"https:\/\/123-esta.com\/pt-pt\/wp-json\/wp\/v2\/types\/page"}],"author":[{"embeddable":true,"href":"https:\/\/123-esta.com\/pt-pt\/wp-json\/wp\/v2\/users\/1"}],"replies":[{"embeddable":true,"href":"https:\/\/123-esta.com\/pt-pt\/wp-json\/wp\/v2\/comments?post=2267"}],"version-history":[{"count":0,"href":"https:\/\/123-esta.com\/pt-pt\/wp-json\/wp\/v2\/pages\/2267\/revisions"}],"wp:attachment":[{"href":"https:\/\/123-esta.com\/pt-pt\/wp-json\/wp\/v2\/media?parent=2267"}],"curies":[{"name":"wp","href":"https:\/\/api.w.org\/{rel}","templated":true}]}}