{"id":2261,"date":"2022-07-27T21:34:13","date_gmt":"2022-07-27T19:34:13","guid":{"rendered":"https:\/\/123-esta.com\/how-to-lodge-for-free-at-usa\/"},"modified":"2022-08-23T22:17:10","modified_gmt":"2022-08-23T20:17:10","slug":"como-encontrar-alojamento-gratuito-nos-estados-unidos","status":"publish","type":"page","link":"https:\/\/123-esta.com\/pt-pt\/como-encontrar-alojamento-gratuito-nos-estados-unidos\/","title":{"rendered":"Como encontrar alojamento gratuito nos EUA?"},"content":{"rendered":"<p>Num post anterior no blogue, demos-lhe algumas <a href=\"https:\/\/123-esta.com\/pt-pt\/qual-hotel-escolher-nos-eua\/\">dicas sobre como ficar nos EUA com um or\u00e7amento<\/a>. Neste novo artigo, quer\u00edamos dar um passo em frente dando-lhe 3 formas de passar as suas noites nos EUA totalmente gr\u00e1tis!<\/p>\n<p>Como lembrete, antes de considerar uma aventura no pa\u00eds do Tio Sam, deve absolutamente candidatar-se a um ESTA, que lhe permitir\u00e1 permanecer nos Estados Unidos legalmente, sem quaisquer problemas, por um per\u00edodo de 90 dias.<\/p>\n<h2>Couchsurfing<\/h2>\n<p>Para ilustrar como o Couchsurfing nos EUA pode ser uma grande op\u00e7\u00e3o e 100% gratuito, pensamos ser relevante dar o exemplo de um dos nossos l\u00edderes.<\/p>\n<p>Em 2013, um de n\u00f3s passou um total de 40 dias em solo americano. Durante estes 40 dias, mais de 80% das noites foram passadas gratuitamente atrav\u00e9s do Couchsurfing, nas casas dos habitantes locais! Chicago, Boston, Nova Iorque, Nashville, Nova Orle\u00e3es, Las Vegas,&#8230;, todas as cidades onde o nosso associado foi recebido de bra\u00e7os abertos por um local, por per\u00edodos que v\u00e3o de uma noite a quase uma semana!<\/p>\n<p>Portanto, naturalmente, o Couchsurfing n\u00e3o pode ser um caminho. V\u00e1rias dicas s\u00e3o essenciais:<\/p>\n<ul>\n<li>Se tiver algum espa\u00e7o no seu apartamento\/casa em Fran\u00e7a, seria bom se tamb\u00e9m se oferecesse para acolher um ou outro viajante, especialmente se viver numa zona tur\u00edstica. O dar e receber \u00e9 o que torna poss\u00edvel o conceito de Couchsurfing. Tamb\u00e9m lhe permite come\u00e7ar a obter refer\u00eancias, que s\u00e3o muito importantes para serem aceites por outros membros.<\/li>\n<li>Preencha o seu perfil de Couchsurfing t\u00e3o completamente quanto poss\u00edvel. A maioria dos perfis vazios nunca obt\u00e9m uma resposta positiva&#8230; excepto nos casos em que a sua \u00fanica fotografia \u00e9 de uma senhora bonita mas&#8230; quereria ser acomodado por raz\u00f5es de g\u00e9nero?<\/li>\n<li>Quando fizer os seus pedidos, personalize-os o mais poss\u00edvel! Mostrar que leu pelo menos os perfis das pessoas a quem se est\u00e1 a candidatar. Isto vai melhorar muito as suas hip\u00f3teses!<\/li>\n<li>Leve consigo pequenos presentes &#8216;Made in France&#8217; para oferecer \u00e0s pessoas que o acolher\u00e3o gratuitamente&#8230; \u00c9 sempre um prazer!<\/li>\n<\/ul>\n<h2>Autocarros nocturnos<\/h2>\n<p>Outra \u00f3ptima maneira de poupar muito dinheiro e de ter uma noite de sono livre \u00e9 apanhar autocarros nocturnos sempre que poss\u00edvel! Portanto, \u00e9 claro que tem de pagar pelos seus bilhetes, mas \u00e9 uma situa\u00e7\u00e3o em que todos ganham! N\u00e3o perde tempo a viajar e pode dormir nas suas viagens de autocarro.<\/p>\n<p>Para sua informa\u00e7\u00e3o, os autocarros de uma empresa como a Greyhound s\u00e3o muito confort\u00e1veis e t\u00eam muitos servi\u00e7os inclu\u00eddos no pre\u00e7o do seu bilhete: comida fornecida durante a viagem, ficha para o seu telefone (etc.), liga\u00e7\u00e3o wifi, assentos de luxo, etc.<\/p>\n<p>A \u00fanica desvantagem \u00e9 que as pessoas com mais de 1,90m sentir-se-\u00e3o rapidamente limitadas. Se tiver azar, um beb\u00e9 na fila seguinte ter\u00e1 dificuldade em dormir. Para n\u00e3o falar de qualquer ressonar. No entanto, uma atitude positiva e tamp\u00f5es auriculares devem ajudar.<\/p>\n<h2>Dormir no aeroporto<\/h2>\n<p>No caso de viagens que n\u00e3o s\u00e3o poss\u00edveis de autocarro devido \u00e0s longas dist\u00e2ncias, os mais aventureiros entre v\u00f3s n\u00e3o hesitar\u00e3o em encomendar voos o mais cedo poss\u00edvel pela manh\u00e3!<\/p>\n<p>Digamos que o seu voo parte \u00e0s 6 da manh\u00e3&#8230; n\u00e3o hesite em passar a noite no aeroporto. Muitos viajantes escolhem esta op\u00e7\u00e3o sem qualquer problema para as autoridades dos EUA. Com um m\u00ednimo de organiza\u00e7\u00e3o (uma almofada e algo para proteger os seus olhos da luz), poderia at\u00e9 ter uma excelente, se curta, noite.<\/p>\n","protected":false},"excerpt":{"rendered":"<p>Num post anterior no blogue, demos-lhe algumas dicas sobre como ficar nos EUA com um or\u00e7amento. Neste novo artigo, quer\u00edamos dar um passo em frente dando-lhe 3 formas de passar as suas noites nos EUA totalmente gr\u00e1tis! Como lembrete, antes de considerar uma aventura no pa\u00eds do Tio Sam, deve absolutamente candidatar-se a um ESTA, [&hellip;]<\/p>\n","protected":false},"author":1,"featured_media":0,"parent":0,"menu_order":0,"comment_status":"closed","ping_status":"closed","template":"","meta":{"site-sidebar-layout":"default","site-content-layout":"default","ast-site-content-layout":"default","site-content-style":"default","site-sidebar-style":"default","ast-global-header-display":"","ast-banner-title-visibility":"","ast-main-header-display":"","ast-hfb-above-header-display":"","ast-hfb-below-header-display":"","ast-hfb-mobile-header-display":"","site-post-title":"","ast-breadcrumbs-content":"","ast-featured-img":"","footer-sml-layout":"","ast-disable-related-posts":"","theme-transparent-header-meta":"default","adv-header-id-meta":"","stick-header-meta":"default","header-above-stick-meta":"","header-main-stick-meta":"","header-below-stick-meta":"","astra-migrate-meta-layouts":"default","ast-page-background-enabled":"default","ast-page-background-meta":{"desktop":{"background-color":"","background-image":"","background-repeat":"repeat","background-position":"center center","background-size":"auto","background-attachment":"scroll","background-type":"","background-media":"","overlay-type":"","overlay-color":"","overlay-opacity":"","overlay-gradient":""},"tablet":{"background-color":"","background-image":"","background-repeat":"repeat","background-position":"center center","background-size":"auto","background-attachment":"scroll","background-type":"","background-media":"","overlay-type":"","overlay-color":"","overlay-opacity":"","overlay-gradient":""},"mobile":{"background-color":"","background-image":"","background-repeat":"repeat","background-position":"center center","background-size":"auto","background-attachment":"scroll","background-type":"","background-media":"","overlay-type":"","overlay-color":"","overlay-opacity":"","overlay-gradient":""}},"ast-content-background-meta":{"desktop":{"background-color":"var(--ast-global-color-5)","background-image":"","background-repeat":"repeat","background-position":"center center","background-size":"auto","background-attachment":"scroll","background-type":"","background-media":"","overlay-type":"","overlay-color":"","overlay-opacity":"","overlay-gradient":""},"tablet":{"background-color":"var(--ast-global-color-5)","background-image":"","background-repeat":"repeat","background-position":"center center","background-size":"auto","background-attachment":"scroll","background-type":"","background-media":"","overlay-type":"","overlay-color":"","overlay-opacity":"","overlay-gradient":""},"mobile":{"background-color":"var(--ast-global-color-5)","background-image":"","background-repeat":"repeat","background-position":"center center","background-size":"auto","background-attachment":"scroll","background-type":"","background-media":"","overlay-type":"","overlay-color":"","overlay-opacity":"","overlay-gradient":""}},"footnotes":""},"class_list":["post-2261","page","type-page","status-publish","hentry"],"yoast_head":"<!-- This site is optimized with the Yoast SEO plugin v27.1.1 - https:\/\/yoast.com\/product\/yoast-seo-wordpress\/ -->\n<title>As nossas dicas para alojamento gratuito nos EUA<\/title>\n<meta name=\"description\" content=\"Dicas para alojamento gratuito nos EUA e em casas de fam\u00edlia. como fazer couchsurf nos EUA ou viajar de autocarro.\" \/>\n<meta name=\"robots\" content=\"index, follow, max-snippet:-1, max-image-preview:large, max-video-preview:-1\" \/>\n<link rel=\"canonical\" href=\"https:\/\/123-esta.com\/pt-pt\/como-encontrar-alojamento-gratuito-nos-estados-unidos\/\" \/>\n<meta property=\"og:locale\" content=\"pt_PT\" \/>\n<meta property=\"og:type\" content=\"article\" \/>\n<meta property=\"og:title\" content=\"As nossas dicas para alojamento gratuito nos EUA\" \/>\n<meta property=\"og:description\" content=\"Dicas para alojamento gratuito nos EUA e em casas de fam\u00edlia. como fazer couchsurf nos EUA ou viajar de autocarro.\" \/>\n<meta property=\"og:url\" content=\"https:\/\/123-esta.com\/pt-pt\/como-encontrar-alojamento-gratuito-nos-estados-unidos\/\" \/>\n<meta property=\"og:site_name\" content=\"Formulaire ESTA pour les USA\" \/>\n<meta property=\"article:modified_time\" content=\"2022-08-23T20:17:10+00:00\" \/>\n<meta name=\"twitter:card\" content=\"summary_large_image\" \/>\n<meta name=\"twitter:label1\" content=\"Tempo estimado de leitura\" \/>\n\t<meta name=\"twitter:data1\" content=\"3 minutos\" \/>\n<script type=\"application\/ld+json\" class=\"yoast-schema-graph\">{\"@context\":\"https:\/\/schema.org\",\"@graph\":[{\"@type\":\"WebPage\",\"@id\":\"https:\/\/123-esta.com\/pt-pt\/como-encontrar-alojamento-gratuito-nos-estados-unidos\/\",\"url\":\"https:\/\/123-esta.com\/pt-pt\/como-encontrar-alojamento-gratuito-nos-estados-unidos\/\",\"name\":\"As nossas dicas para alojamento gratuito nos EUA\",\"isPartOf\":{\"@id\":\"https:\/\/123-esta.com\/pt-pt\/#website\"},\"datePublished\":\"2022-07-27T19:34:13+00:00\",\"dateModified\":\"2022-08-23T20:17:10+00:00\",\"description\":\"Dicas para alojamento gratuito nos EUA e em casas de fam\u00edlia. como fazer couchsurf nos EUA ou viajar de autocarro.\",\"inLanguage\":\"pt-PT\",\"potentialAction\":[{\"@type\":\"ReadAction\",\"target\":[\"https:\/\/123-esta.com\/pt-pt\/como-encontrar-alojamento-gratuito-nos-estados-unidos\/\"]}]},{\"@type\":\"WebSite\",\"@id\":\"https:\/\/123-esta.com\/pt-pt\/#website\",\"url\":\"https:\/\/123-esta.com\/pt-pt\/\",\"name\":\"Formulaire ESTA pour les USA\",\"description\":\"\",\"publisher\":{\"@id\":\"https:\/\/123-esta.com\/pt-pt\/#organization\"},\"potentialAction\":[{\"@type\":\"SearchAction\",\"target\":{\"@type\":\"EntryPoint\",\"urlTemplate\":\"https:\/\/123-esta.com\/pt-pt\/?s={search_term_string}\"},\"query-input\":{\"@type\":\"PropertyValueSpecification\",\"valueRequired\":true,\"valueName\":\"search_term_string\"}}],\"inLanguage\":\"pt-PT\"},{\"@type\":\"Organization\",\"@id\":\"https:\/\/123-esta.com\/pt-pt\/#organization\",\"name\":\"Formulaire ESTA pour les USA\",\"url\":\"https:\/\/123-esta.com\/pt-pt\/\",\"logo\":{\"@type\":\"ImageObject\",\"inLanguage\":\"pt-PT\",\"@id\":\"https:\/\/123-esta.com\/pt-pt\/#\/schema\/logo\/image\/\",\"url\":\"https:\/\/123-esta.com\/wp-content\/uploads\/2018\/03\/logo-123-esta.png\",\"contentUrl\":\"https:\/\/123-esta.com\/wp-content\/uploads\/2018\/03\/logo-123-esta.png\",\"width\":191,\"height\":54,\"caption\":\"Formulaire ESTA pour les USA\"},\"image\":{\"@id\":\"https:\/\/123-esta.com\/pt-pt\/#\/schema\/logo\/image\/\"}}]}<\/script>\n<!-- \/ Yoast SEO plugin. -->","yoast_head_json":{"title":"As nossas dicas para alojamento gratuito nos EUA","description":"Dicas para alojamento gratuito nos EUA e em casas de fam\u00edlia. como fazer couchsurf nos EUA ou viajar de autocarro.","robots":{"index":"index","follow":"follow","max-snippet":"max-snippet:-1","max-image-preview":"max-image-preview:large","max-video-preview":"max-video-preview:-1"},"canonical":"https:\/\/123-esta.com\/pt-pt\/como-encontrar-alojamento-gratuito-nos-estados-unidos\/","og_locale":"pt_PT","og_type":"article","og_title":"As nossas dicas para alojamento gratuito nos EUA","og_description":"Dicas para alojamento gratuito nos EUA e em casas de fam\u00edlia. como fazer couchsurf nos EUA ou viajar de autocarro.","og_url":"https:\/\/123-esta.com\/pt-pt\/como-encontrar-alojamento-gratuito-nos-estados-unidos\/","og_site_name":"Formulaire ESTA pour les USA","article_modified_time":"2022-08-23T20:17:10+00:00","twitter_card":"summary_large_image","twitter_misc":{"Tempo estimado de leitura":"3 minutos"},"schema":{"@context":"https:\/\/schema.org","@graph":[{"@type":"WebPage","@id":"https:\/\/123-esta.com\/pt-pt\/como-encontrar-alojamento-gratuito-nos-estados-unidos\/","url":"https:\/\/123-esta.com\/pt-pt\/como-encontrar-alojamento-gratuito-nos-estados-unidos\/","name":"As nossas dicas para alojamento gratuito nos EUA","isPartOf":{"@id":"https:\/\/123-esta.com\/pt-pt\/#website"},"datePublished":"2022-07-27T19:34:13+00:00","dateModified":"2022-08-23T20:17:10+00:00","description":"Dicas para alojamento gratuito nos EUA e em casas de fam\u00edlia. como fazer couchsurf nos EUA ou viajar de autocarro.","inLanguage":"pt-PT","potentialAction":[{"@type":"ReadAction","target":["https:\/\/123-esta.com\/pt-pt\/como-encontrar-alojamento-gratuito-nos-estados-unidos\/"]}]},{"@type":"WebSite","@id":"https:\/\/123-esta.com\/pt-pt\/#website","url":"https:\/\/123-esta.com\/pt-pt\/","name":"Formulaire ESTA pour les USA","description":"","publisher":{"@id":"https:\/\/123-esta.com\/pt-pt\/#organization"},"potentialAction":[{"@type":"SearchAction","target":{"@type":"EntryPoint","urlTemplate":"https:\/\/123-esta.com\/pt-pt\/?s={search_term_string}"},"query-input":{"@type":"PropertyValueSpecification","valueRequired":true,"valueName":"search_term_string"}}],"inLanguage":"pt-PT"},{"@type":"Organization","@id":"https:\/\/123-esta.com\/pt-pt\/#organization","name":"Formulaire ESTA pour les USA","url":"https:\/\/123-esta.com\/pt-pt\/","logo":{"@type":"ImageObject","inLanguage":"pt-PT","@id":"https:\/\/123-esta.com\/pt-pt\/#\/schema\/logo\/image\/","url":"https:\/\/123-esta.com\/wp-content\/uploads\/2018\/03\/logo-123-esta.png","contentUrl":"https:\/\/123-esta.com\/wp-content\/uploads\/2018\/03\/logo-123-esta.png","width":191,"height":54,"caption":"Formulaire ESTA pour les USA"},"image":{"@id":"https:\/\/123-esta.com\/pt-pt\/#\/schema\/logo\/image\/"}}]}},"_links":{"self":[{"href":"https:\/\/123-esta.com\/pt-pt\/wp-json\/wp\/v2\/pages\/2261","targetHints":{"allow":["GET"]}}],"collection":[{"href":"https:\/\/123-esta.com\/pt-pt\/wp-json\/wp\/v2\/pages"}],"about":[{"href":"https:\/\/123-esta.com\/pt-pt\/wp-json\/wp\/v2\/types\/page"}],"author":[{"embeddable":true,"href":"https:\/\/123-esta.com\/pt-pt\/wp-json\/wp\/v2\/users\/1"}],"replies":[{"embeddable":true,"href":"https:\/\/123-esta.com\/pt-pt\/wp-json\/wp\/v2\/comments?post=2261"}],"version-history":[{"count":0,"href":"https:\/\/123-esta.com\/pt-pt\/wp-json\/wp\/v2\/pages\/2261\/revisions"}],"wp:attachment":[{"href":"https:\/\/123-esta.com\/pt-pt\/wp-json\/wp\/v2\/media?parent=2261"}],"curies":[{"name":"wp","href":"https:\/\/api.w.org\/{rel}","templated":true}]}}