{"id":2248,"date":"2022-07-27T21:33:31","date_gmt":"2022-07-27T19:33:31","guid":{"rendered":"https:\/\/123-esta.com\/what-is-the-date-of-obtainment-for-journey-to-the-united-states\/"},"modified":"2022-09-13T23:37:05","modified_gmt":"2022-09-13T21:37:05","slug":"qual-e-o-prazo-para-obter-o-esta","status":"publish","type":"page","link":"https:\/\/123-esta.com\/pt-pt\/qual-e-o-prazo-para-obter-o-esta\/","title":{"rendered":"Quanto tempo demora a obten\u00e7\u00e3o do ESTA para viajar para os EUA?"},"content":{"rendered":"\n<p>Vai para os EUA para uma viagem tur\u00edstica ou de neg\u00f3cios? Ou talvez v\u00e1 simplesmente transitar pelos Estados Unidos da Am\u00e9rica at\u00e9 ao seu destino final e tenha acabado de se aperceber que tamb\u00e9m nesse caso precisa de autoriza\u00e7\u00e3o ESTA. Quanto tempo demora a obten\u00e7\u00e3o do ESTA e como me candidatar a ele? Respostas em pormenor neste artigo.<\/p>\n\n<h2 class=\"wp-block-heading\">Prazos ESTA: o que diz a administra\u00e7\u00e3o dos EUA<\/h2>\n\n<p>No s\u00edtio web oficial do governo dos EUA, afirma-se que a candidatura ESTA deve ser feita pelo menos 72 horas antes da partida. Na pr\u00e1tica, o tempo necess\u00e1rio para obter o ESTA \u00e9 geralmente mais curto.<\/p>\n\n<p>Uma resposta tardia pode indicar que s\u00e3o necess\u00e1rias mais verifica\u00e7\u00f5es. Estes controlos podem significar que n\u00e3o \u00e9 eleg\u00edvel para um ESTA para viajar para os EUA. O procedimento para obter este documento \u00e9 preencher o formul\u00e1rio ESTA online, no website do governo ou atrav\u00e9s de um prestador de servi\u00e7os privado, como o nosso parceiro.<\/p>\n\n<p>A resposta \u00e9 geralmente num curto per\u00edodo de tempo. Note que a administra\u00e7\u00e3o dos EUA n\u00e3o se preocupa em inform\u00e1-lo sobre o progresso da sua candidatura online. Nalguns casos, poder\u00e1 descobrir que o processo ESTA leva muito tempo. Cabe-lhe a si voltar ao site para saber se lhe foi concedida autoriza\u00e7\u00e3o.  <\/p>\n\n<p>Um prestador de servi\u00e7os privado, como o nosso parceiro, ir\u00e1 mant\u00ea-lo informado em tempo real sobre o estado da sua candidatura, para que n\u00e3o tenha de se preocupar com o tempo necess\u00e1rio para obter o ESTA.<\/p>\n\n<h2 class=\"wp-block-heading\">N\u00e3o tem a certeza quanto ao prazo de candidatura ao ESTA?<\/h2>\n\n<p>Se achar que o tempo necess\u00e1rio para obter o seu ESTA \u00e9 demasiado longo ou se tiver d\u00favidas quanto \u00e0 sua elegibilidade para o programa de isen\u00e7\u00e3o de visto dos EUA, verifique os requisitos para ser eleg\u00edvel para uma autoriza\u00e7\u00e3o de viagem electr\u00f3nica.<\/p>\n\n<p>Em primeiro lugar, deve ser nacional de um pa\u00eds membro do Programa de Isen\u00e7\u00e3o de Vistos (VWP). Trinta e oito pa\u00edses fazem actualmente parte deste programa, que permite aos viajantes entrar nos Estados Unidos sem terem de solicitar um visto tur\u00edstico B1 ou B2.<\/p>\n\n<p>Aqui est\u00e1 a lista de pa\u00edses que fazem parte do <a href=\"https:\/\/123-esta.com\/pt-pt\/lista-de-paises-visa-waiver-program\/\">Programa de Isen\u00e7\u00e3o de Vistos<\/a>:<\/p>\n\n<p>Andorra, Austr\u00e1lia, \u00c1ustria, B\u00e9lgica, Brunei, Chile, Cro\u00e1cia (2021), Rep\u00fablica Checa, Dinamarca, Est\u00f3nia, Finl\u00e2ndia, Fran\u00e7a, Alemanha, Gr\u00e9cia, Hungria, Isl\u00e2ndia, Irlanda, It\u00e1lia, Jap\u00e3o, Let\u00f3nia, Liechtenstein, Litu\u00e2nia, Luxemburgo, Malta, M\u00f3naco, Pa\u00edses Baixos, Nova Zel\u00e2ndia, Noruega, Pol\u00f3nia (2019), Portugal, S\u00e3o Marino, Singapura, Eslov\u00e1quia, Eslov\u00e9nia, Coreia do Sul, Espanha, Su\u00e9cia, Su\u00ed\u00e7a, Taiwan, Reino Unido.<\/p>\n\n<p>Outro ponto importante \u00e9 que deve ter um <a href=\"https:\/\/123-esta.com\/pt-pt\/passaporte-esta-eua\/\">passaporte biom\u00e9trico<\/a> ou electr\u00f3nico com validade suficiente. Se o seu passaporte expirar durante a sua estadia prevista nos Estados Unidos, significa que deve solicitar um novo passaporte.<\/p>\n\n<p>Tem a certeza de ter preenchido o formul\u00e1rio online sem cometer qualquer erro? Os EUA n\u00e3o brincam com a seguran\u00e7a interna e uma simples gralha no seu nome de casado ou n\u00famero de passaporte pode ser interpretada como uma tentativa de fraude.<\/p>\n\n<p>Compreende o objectivo de um ESTA? Pode ter mencionado que pretende encontrar um emprego durante a sua estadia nos EUA. O ESTA n\u00e3o \u00e9 um cart\u00e3o verde ou um cart\u00e3o de residente permanente que lhe permita trabalhar ou mesmo viver nos EUA. Esta \u00e9 uma autoriza\u00e7\u00e3o de viagem electr\u00f3nica necess\u00e1ria para viagens de neg\u00f3cios, de tr\u00e2nsito e tur\u00edsticas de at\u00e9 90 dias.<\/p>\n\n<p>Se pensa ter cometido um erro e o ESTA for recusado, pode voltar a candidatar-se no prazo de 10 dias.<\/p>\n\n<p>Se n\u00e3o cumprir todas as condi\u00e7\u00f5es acima referidas, n\u00e3o est\u00e1 autorizado a viajar para os EUA com um ESTA. Ter\u00e1 de solicitar um visto de turista dos EUA para entrar nos EUA, indo \u00e0 embaixada ou consulado americano mais pr\u00f3ximo.<\/p>\n","protected":false},"excerpt":{"rendered":"<p>Vai para os EUA para uma viagem tur\u00edstica ou de neg\u00f3cios? Ou talvez v\u00e1 simplesmente transitar pelos Estados Unidos da Am\u00e9rica at\u00e9 ao seu destino final e tenha acabado de se aperceber que tamb\u00e9m nesse caso precisa de autoriza\u00e7\u00e3o ESTA. Quanto tempo demora a obten\u00e7\u00e3o do ESTA e como me candidatar a ele? Respostas em [&hellip;]<\/p>\n","protected":false},"author":1,"featured_media":0,"parent":0,"menu_order":0,"comment_status":"closed","ping_status":"closed","template":"","meta":{"site-sidebar-layout":"default","site-content-layout":"default","ast-site-content-layout":"default","site-content-style":"default","site-sidebar-style":"default","ast-global-header-display":"","ast-banner-title-visibility":"","ast-main-header-display":"","ast-hfb-above-header-display":"","ast-hfb-below-header-display":"","ast-hfb-mobile-header-display":"","site-post-title":"","ast-breadcrumbs-content":"","ast-featured-img":"","footer-sml-layout":"","ast-disable-related-posts":"","theme-transparent-header-meta":"","adv-header-id-meta":"","stick-header-meta":"default","header-above-stick-meta":"","header-main-stick-meta":"","header-below-stick-meta":"","astra-migrate-meta-layouts":"default","ast-page-background-enabled":"default","ast-page-background-meta":{"desktop":{"background-color":"","background-image":"","background-repeat":"repeat","background-position":"center center","background-size":"auto","background-attachment":"scroll","background-type":"","background-media":"","overlay-type":"","overlay-color":"","overlay-opacity":"","overlay-gradient":""},"tablet":{"background-color":"","background-image":"","background-repeat":"repeat","background-position":"center center","background-size":"auto","background-attachment":"scroll","background-type":"","background-media":"","overlay-type":"","overlay-color":"","overlay-opacity":"","overlay-gradient":""},"mobile":{"background-color":"","background-image":"","background-repeat":"repeat","background-position":"center center","background-size":"auto","background-attachment":"scroll","background-type":"","background-media":"","overlay-type":"","overlay-color":"","overlay-opacity":"","overlay-gradient":""}},"ast-content-background-meta":{"desktop":{"background-color":"var(--ast-global-color-5)","background-image":"","background-repeat":"repeat","background-position":"center center","background-size":"auto","background-attachment":"scroll","background-type":"","background-media":"","overlay-type":"","overlay-color":"","overlay-opacity":"","overlay-gradient":""},"tablet":{"background-color":"var(--ast-global-color-5)","background-image":"","background-repeat":"repeat","background-position":"center center","background-size":"auto","background-attachment":"scroll","background-type":"","background-media":"","overlay-type":"","overlay-color":"","overlay-opacity":"","overlay-gradient":""},"mobile":{"background-color":"var(--ast-global-color-5)","background-image":"","background-repeat":"repeat","background-position":"center center","background-size":"auto","background-attachment":"scroll","background-type":"","background-media":"","overlay-type":"","overlay-color":"","overlay-opacity":"","overlay-gradient":""}},"footnotes":""},"class_list":["post-2248","page","type-page","status-publish","hentry"],"yoast_head":"<!-- This site is optimized with the Yoast SEO plugin v27.1.1 - https:\/\/yoast.com\/product\/yoast-seo-wordpress\/ -->\n<title>Quanto tempo leva para que a ESTA viaje para os EUA?<\/title>\n<meta name=\"description\" content=\"Explica\u00e7\u00e3o detalhada do tempo necess\u00e1rio para obter uma Autoriza\u00e7\u00e3o de Viagem ESTA para viajar para os Estados Unidos da Am\u00e9rica\" \/>\n<meta name=\"robots\" content=\"index, follow, max-snippet:-1, max-image-preview:large, max-video-preview:-1\" \/>\n<link rel=\"canonical\" href=\"https:\/\/123-esta.com\/pt-pt\/qual-e-o-prazo-para-obter-o-esta\/\" \/>\n<meta property=\"og:locale\" content=\"pt_PT\" \/>\n<meta property=\"og:type\" content=\"article\" \/>\n<meta property=\"og:title\" content=\"Quanto tempo leva para que a ESTA viaje para os EUA?\" \/>\n<meta property=\"og:description\" content=\"Explica\u00e7\u00e3o detalhada do tempo necess\u00e1rio para obter uma Autoriza\u00e7\u00e3o de Viagem ESTA para viajar para os Estados Unidos da Am\u00e9rica\" \/>\n<meta property=\"og:url\" content=\"https:\/\/123-esta.com\/pt-pt\/qual-e-o-prazo-para-obter-o-esta\/\" \/>\n<meta property=\"og:site_name\" content=\"Formulaire ESTA pour les USA\" \/>\n<meta property=\"article:modified_time\" content=\"2022-09-13T21:37:05+00:00\" \/>\n<meta name=\"twitter:card\" content=\"summary_large_image\" \/>\n<meta name=\"twitter:label1\" content=\"Tempo estimado de leitura\" \/>\n\t<meta name=\"twitter:data1\" content=\"3 minutos\" \/>\n<script type=\"application\/ld+json\" class=\"yoast-schema-graph\">{\"@context\":\"https:\/\/schema.org\",\"@graph\":[{\"@type\":\"WebPage\",\"@id\":\"https:\/\/123-esta.com\/pt-pt\/qual-e-o-prazo-para-obter-o-esta\/\",\"url\":\"https:\/\/123-esta.com\/pt-pt\/qual-e-o-prazo-para-obter-o-esta\/\",\"name\":\"Quanto tempo leva para que a ESTA viaje para os EUA?\",\"isPartOf\":{\"@id\":\"https:\/\/123-esta.com\/pt-pt\/#website\"},\"datePublished\":\"2022-07-27T19:33:31+00:00\",\"dateModified\":\"2022-09-13T21:37:05+00:00\",\"description\":\"Explica\u00e7\u00e3o detalhada do tempo necess\u00e1rio para obter uma Autoriza\u00e7\u00e3o de Viagem ESTA para viajar para os Estados Unidos da Am\u00e9rica\",\"inLanguage\":\"pt-PT\",\"potentialAction\":[{\"@type\":\"ReadAction\",\"target\":[\"https:\/\/123-esta.com\/pt-pt\/qual-e-o-prazo-para-obter-o-esta\/\"]}]},{\"@type\":\"WebSite\",\"@id\":\"https:\/\/123-esta.com\/pt-pt\/#website\",\"url\":\"https:\/\/123-esta.com\/pt-pt\/\",\"name\":\"Formulaire ESTA pour les USA\",\"description\":\"\",\"publisher\":{\"@id\":\"https:\/\/123-esta.com\/pt-pt\/#organization\"},\"potentialAction\":[{\"@type\":\"SearchAction\",\"target\":{\"@type\":\"EntryPoint\",\"urlTemplate\":\"https:\/\/123-esta.com\/pt-pt\/?s={search_term_string}\"},\"query-input\":{\"@type\":\"PropertyValueSpecification\",\"valueRequired\":true,\"valueName\":\"search_term_string\"}}],\"inLanguage\":\"pt-PT\"},{\"@type\":\"Organization\",\"@id\":\"https:\/\/123-esta.com\/pt-pt\/#organization\",\"name\":\"Formulaire ESTA pour les USA\",\"url\":\"https:\/\/123-esta.com\/pt-pt\/\",\"logo\":{\"@type\":\"ImageObject\",\"inLanguage\":\"pt-PT\",\"@id\":\"https:\/\/123-esta.com\/pt-pt\/#\/schema\/logo\/image\/\",\"url\":\"https:\/\/123-esta.com\/wp-content\/uploads\/2018\/03\/logo-123-esta.png\",\"contentUrl\":\"https:\/\/123-esta.com\/wp-content\/uploads\/2018\/03\/logo-123-esta.png\",\"width\":191,\"height\":54,\"caption\":\"Formulaire ESTA pour les USA\"},\"image\":{\"@id\":\"https:\/\/123-esta.com\/pt-pt\/#\/schema\/logo\/image\/\"}}]}<\/script>\n<!-- \/ Yoast SEO plugin. -->","yoast_head_json":{"title":"Quanto tempo leva para que a ESTA viaje para os EUA?","description":"Explica\u00e7\u00e3o detalhada do tempo necess\u00e1rio para obter uma Autoriza\u00e7\u00e3o de Viagem ESTA para viajar para os Estados Unidos da Am\u00e9rica","robots":{"index":"index","follow":"follow","max-snippet":"max-snippet:-1","max-image-preview":"max-image-preview:large","max-video-preview":"max-video-preview:-1"},"canonical":"https:\/\/123-esta.com\/pt-pt\/qual-e-o-prazo-para-obter-o-esta\/","og_locale":"pt_PT","og_type":"article","og_title":"Quanto tempo leva para que a ESTA viaje para os EUA?","og_description":"Explica\u00e7\u00e3o detalhada do tempo necess\u00e1rio para obter uma Autoriza\u00e7\u00e3o de Viagem ESTA para viajar para os Estados Unidos da Am\u00e9rica","og_url":"https:\/\/123-esta.com\/pt-pt\/qual-e-o-prazo-para-obter-o-esta\/","og_site_name":"Formulaire ESTA pour les USA","article_modified_time":"2022-09-13T21:37:05+00:00","twitter_card":"summary_large_image","twitter_misc":{"Tempo estimado de leitura":"3 minutos"},"schema":{"@context":"https:\/\/schema.org","@graph":[{"@type":"WebPage","@id":"https:\/\/123-esta.com\/pt-pt\/qual-e-o-prazo-para-obter-o-esta\/","url":"https:\/\/123-esta.com\/pt-pt\/qual-e-o-prazo-para-obter-o-esta\/","name":"Quanto tempo leva para que a ESTA viaje para os EUA?","isPartOf":{"@id":"https:\/\/123-esta.com\/pt-pt\/#website"},"datePublished":"2022-07-27T19:33:31+00:00","dateModified":"2022-09-13T21:37:05+00:00","description":"Explica\u00e7\u00e3o detalhada do tempo necess\u00e1rio para obter uma Autoriza\u00e7\u00e3o de Viagem ESTA para viajar para os Estados Unidos da Am\u00e9rica","inLanguage":"pt-PT","potentialAction":[{"@type":"ReadAction","target":["https:\/\/123-esta.com\/pt-pt\/qual-e-o-prazo-para-obter-o-esta\/"]}]},{"@type":"WebSite","@id":"https:\/\/123-esta.com\/pt-pt\/#website","url":"https:\/\/123-esta.com\/pt-pt\/","name":"Formulaire ESTA pour les USA","description":"","publisher":{"@id":"https:\/\/123-esta.com\/pt-pt\/#organization"},"potentialAction":[{"@type":"SearchAction","target":{"@type":"EntryPoint","urlTemplate":"https:\/\/123-esta.com\/pt-pt\/?s={search_term_string}"},"query-input":{"@type":"PropertyValueSpecification","valueRequired":true,"valueName":"search_term_string"}}],"inLanguage":"pt-PT"},{"@type":"Organization","@id":"https:\/\/123-esta.com\/pt-pt\/#organization","name":"Formulaire ESTA pour les USA","url":"https:\/\/123-esta.com\/pt-pt\/","logo":{"@type":"ImageObject","inLanguage":"pt-PT","@id":"https:\/\/123-esta.com\/pt-pt\/#\/schema\/logo\/image\/","url":"https:\/\/123-esta.com\/wp-content\/uploads\/2018\/03\/logo-123-esta.png","contentUrl":"https:\/\/123-esta.com\/wp-content\/uploads\/2018\/03\/logo-123-esta.png","width":191,"height":54,"caption":"Formulaire ESTA pour les USA"},"image":{"@id":"https:\/\/123-esta.com\/pt-pt\/#\/schema\/logo\/image\/"}}]}},"_links":{"self":[{"href":"https:\/\/123-esta.com\/pt-pt\/wp-json\/wp\/v2\/pages\/2248","targetHints":{"allow":["GET"]}}],"collection":[{"href":"https:\/\/123-esta.com\/pt-pt\/wp-json\/wp\/v2\/pages"}],"about":[{"href":"https:\/\/123-esta.com\/pt-pt\/wp-json\/wp\/v2\/types\/page"}],"author":[{"embeddable":true,"href":"https:\/\/123-esta.com\/pt-pt\/wp-json\/wp\/v2\/users\/1"}],"replies":[{"embeddable":true,"href":"https:\/\/123-esta.com\/pt-pt\/wp-json\/wp\/v2\/comments?post=2248"}],"version-history":[{"count":0,"href":"https:\/\/123-esta.com\/pt-pt\/wp-json\/wp\/v2\/pages\/2248\/revisions"}],"wp:attachment":[{"href":"https:\/\/123-esta.com\/pt-pt\/wp-json\/wp\/v2\/media?parent=2248"}],"curies":[{"name":"wp","href":"https:\/\/api.w.org\/{rel}","templated":true}]}}