{"id":2242,"date":"2022-07-27T21:33:31","date_gmt":"2022-07-27T19:33:31","guid":{"rendered":"https:\/\/123-esta.com\/apresentacao-de-lesta-canada\/"},"modified":"2022-09-06T09:45:15","modified_gmt":"2022-09-06T07:45:15","slug":"apresentacao-de-esta-canada","status":"publish","type":"page","link":"https:\/\/123-esta.com\/pt-pt\/apresentacao-de-esta-canada\/","title":{"rendered":"Introdu\u00e7\u00e3o ao ESTA Canad\u00e1"},"content":{"rendered":"\n<p><span style=\"font-weight: 400;\">Modelado no <a href=\"https:\/\/123-esta.com\/pt-pt\/\">ESTA<\/a> para viajar para os EUA, o ESTA Canad\u00e1 \u00e9 uma autoriza\u00e7\u00e3o electr\u00f3nica que permite a certos viajantes permanecerem ou transitarem pelo Canad\u00e1. Esta permiss\u00e3o foi introduzida em 2016 e serve para refor\u00e7ar as medidas de seguran\u00e7a do pa\u00eds, bem como as dos viajantes. Descubra este documento que lhe permite viajar facilmente para a terra do caribu e descobrir as belas cidades e prov\u00edncias de Vancouver, Ont\u00e1rio, Toronto, Quebec, Nova Esc\u00f3cia, etc. Entre o Ver\u00e3o indiano, a imensid\u00e3o da paisagem, o xarope de \u00e1cer e as luzes do norte, este pa\u00eds deix\u00e1-lo-\u00e1 com mem\u00f3rias inesquec\u00edveis. Destino Canad\u00e1!<\/span><\/p>\n\n<h2 class=\"wp-block-heading\">Restri\u00e7\u00f5es \u00e0 entrada no Canad\u00e1 devido \u00e0 COVID-19<\/h2>\n\n<p>A crise sanit\u00e1ria que come\u00e7ou em 2020 com o aparecimento da COVID 19 levou ao encerramento das fronteiras de todos os pa\u00edses do mundo. Tal como os Estados Unidos, o Canad\u00e1 fechou o pa\u00eds a viajantes estrangeiros desde Mar\u00e7o de 2020. O Canad\u00e1 decidiu reabrir o seu territ\u00f3rio a estrangeiros a partir de 30 de Novembro de 2021. Os crit\u00e9rios de entrada no Canad\u00e1 para estrangeiros foram refor\u00e7ados, e \u00e9 agora necess\u00e1rio ser totalmente vacinado contra a COVID-19 para entrar no Canad\u00e1.<\/p>\n\n<h2 class=\"wp-block-heading\"><span style=\"font-weight: 400;\">O que precisa de saber sobre o <\/span><span style=\"font-weight: 400;\">ESTA Canad\u00e1<\/span><\/h2>\n\n<p><span style=\"font-weight: 400;\">ESTA Canad\u00e1 n\u00e3o \u00e9 o nome oficial da autoriza\u00e7\u00e3o de viagem canadiana. O seu nome \u00e9 <a href=\"https:\/\/ave-eta-canada.com\/\">EV Canada<\/a> for Electronic Travel Authorization. Permite aos viajantes permanecerem no Canad\u00e1 sem primeiro solicitarem um visto canadiano.<\/span><\/p>\n\n<h3 class=\"wp-block-heading\"><span style=\"font-weight: 400;\">Quem \u00e9 eleg\u00edvel para a isen\u00e7\u00e3o de visto canadiano?<\/span><\/h3>\n\n<p><span style=\"font-weight: 400;\">O Canada Visa Waiver n\u00e3o est\u00e1 dispon\u00edvel a todos os viajantes. V\u00e1rias condi\u00e7\u00f5es devem ser satisfeitas para requerer uma licen\u00e7a.<\/span><\/p>\n\n<p><span style=\"font-weight: 400;\">Antes de mais, \u00e9 obrigat\u00f3rio ser nacional de um dos pa\u00edses membros deste esquema: Andorra, Austr\u00e1lia, \u00c1ustria, Bahamas, Barbados, B\u00e9lgica, Brasil, Brunei Darussalam, Bulg\u00e1ria, Chile, Cro\u00e1cia, Chipre, Dinamarca, Est\u00f3nia, Finl\u00e2ndia, Fran\u00e7a, Alemanha, Gr\u00e9cia, Hungria, Hong Kong, Isl\u00e2ndia, Irlanda, Israel, It\u00e1lia, Ilhas Salom\u00e3o, Espanha, Emirados \u00c1rabes Unidos, Jap\u00e3o, Let\u00f3nia, Liechtenstein, Litu\u00e2nia, Luxemburgo, Malta, M\u00e9xico, M\u00f3naco, Pa\u00edses Baixos, Nova Zel\u00e2ndia, Noruega, Papua Nova Guin\u00e9, Pol\u00f3nia, Portugal, Rep\u00fablica da Coreia, Rom\u00e9nia, Samoa, Ilhas Salom\u00e3o, Singapura, Eslov\u00e1quia, Eslov\u00e9nia, Espanha, Su\u00e9cia, Su\u00ed\u00e7a, Taiwan e o Vaticano.<\/span><\/p>\n\n<p><span style=\"font-weight: 400;\">Como pode ver, os cidad\u00e3os portugu\u00eas est\u00e3o isentos da obriga\u00e7\u00e3o de visto tur\u00edstico e, por conseguinte, t\u00eam o direito de requerer o ESTA Canad\u00e1. <\/span><\/p>\n\n<p><span style=\"font-weight: 400;\">A segunda condi\u00e7\u00e3o imposta \u00e9 o modo de transporte: apenas as viagens para o Canad\u00e1 por via a\u00e9rea s\u00e3o cobertas pela autoriza\u00e7\u00e3o de viagem canadiana.  <\/span><\/p>\n\n<p><span style=\"font-weight: 400;\">A terceira condi\u00e7\u00e3o refere-se ao motivo da estadia no Canad\u00e1. O viajante n\u00e3o deve ter a inten\u00e7\u00e3o de se estabelecer ou trabalhar no Canad\u00e1. Para poder entrar no Canad\u00e1 com um eTA, deve querer ficar temporariamente.<\/span><\/p>\n\n<p><span style=\"font-weight: 400;\">Evidentemente, \u00e9 necess\u00e1rio um passaporte v\u00e1lido, quer seja um passaporte electr\u00f3nico ou um passaporte biom\u00e9trico.<\/span><\/p>\n\n<h3 class=\"wp-block-heading\"><span style=\"font-weight: 400;\">Quanto custa o ESTA Canada?<\/span><\/h3>\n\n<p><span style=\"font-weight: 400;\">O ESTA canadiano \u00e9 mais barato do que o ESTA americano. O custo \u00e9 de $7 CAD (d\u00f3lares canadianos) para uma candidatura feita no website do governo canadiano e um pouco mais se desejar ser assistido na sua candidatura, ou seja, dando poderes a um fornecedor privado para fazer a candidatura por si. Veremos as diferentes plataformas de controlo mais adiante, neste texto.<\/span><\/p>\n\n<h3 class=\"wp-block-heading\"><span style=\"font-weight: 400;\">Quanto tempo se pode viajar para o Canad\u00e1 com um eTA?<\/span><\/h3>\n\n<p><span style=\"font-weight: 400;\">O per\u00edodo de tempo permitido em territ\u00f3rio canadiano com uma autoriza\u00e7\u00e3o AVE n\u00e3o \u00e9 id\u00eantico ao de um ESTA para uma estadia nos EUA: \u00e9 de 6 meses consecutivos para um AVE Canad\u00e1 em vez de 90 dias para o ESTA.<\/span><\/p>\n\n<h3 class=\"wp-block-heading\"><span style=\"font-weight: 400;\">Por quanto tempo \u00e9 v\u00e1lida a autoriza\u00e7\u00e3o de viagem?<\/span><\/h3>\n\n<p><span style=\"font-weight: 400;\">O per\u00edodo de validade do AVE \u00e9 tamb\u00e9m mais longo do que o de um ESTA USA. \u00c9 v\u00e1lido por 5 anos a partir da data de recep\u00e7\u00e3o do acordo por parte das autoridades canadianas. V\u00e1rias estadias no Canad\u00e1 s\u00e3o portanto poss\u00edveis sem ter de se candidatar a um novo ESTA Canad\u00e1.  <\/span><\/p>\n\n<p><span style=\"font-weight: 400;\">Note que se perdeu o seu passaporte ou se este expirou, deve renovar o seu pedido ESTA Canad\u00e1 com o seu novo passaporte antes de partir novamente, pois a autoriza\u00e7\u00e3o e o passaporte andam de m\u00e3os dadas.<\/span><\/p>\n\n<h2 class=\"wp-block-heading\"><span style=\"font-weight: 400;\">Como obter um <\/span><span style=\"font-weight: 400;\">eTA <\/span><span style=\"font-weight: 400;\">para uma viagem ao Canad\u00e1?<\/span><\/h2>\n\n<p><span style=\"font-weight: 400;\">Se cumprir os crit\u00e9rios de elegibilidade para a candidatura AVE, \u00e9 agora altura de explicar como obt\u00ea-lo o mais rapidamente poss\u00edvel para que possa descobrir o Canad\u00e1.  <\/span><\/p>\n\n<p><span style=\"font-weight: 400;\">\u00c9 favor notar que n\u00e3o precisa de ir \u00e0 embaixada canadiana ou contactar as autoridades consulares. Tudo o que precisa de fazer \u00e9 candidatar-se online atrav\u00e9s de um formul\u00e1rio ESTA Canad\u00e1. Para preencher o formul\u00e1rio, deve fornecer os seus dados pessoais e os de outros viajantes que o acompanham. Deve tamb\u00e9m trazer o seu passaporte electr\u00f3nico ou biom\u00e9trico e um cart\u00e3o de pagamento.<\/span><\/p>\n\n<h3 class=\"wp-block-heading\"><span style=\"font-weight: 400;\">Obten\u00e7\u00e3o de um eTA no s\u00edtio oficial do governo canadiano<\/span><\/h3>\n\n<p><span style=\"font-weight: 400;\">Tamb\u00e9m pode utilizar o site oficial do Governo do Canad\u00e1. Neste site n\u00e3o ter\u00e1 acesso a apoio. Para obter a sua autoriza\u00e7\u00e3o ESTA Canad\u00e1, basta preencher o formul\u00e1rio online dispon\u00edvel no site. A fim de validar o seu pedido, deve trazer o seu cart\u00e3o de cr\u00e9dito e pagar o montante solicitado.<\/span><\/p>\n\n<h3 class=\"wp-block-heading\"><span style=\"font-weight: 400;\">Quanto tempo demorar\u00e1 a receber um eTA?<\/span><\/h3>\n\n<p><span style=\"font-weight: 400;\">Quer fa\u00e7a uma encomenda a partir do s\u00edtio web do governo canadiano ou de um s\u00edtio web especializado, recebe a aprova\u00e7\u00e3o das autoridades dentro de poucos dias. Certifique-se de que fornece o endere\u00e7o de correio electr\u00f3nico correcto, pois a resposta ser-lhe-\u00e1 enviada por correio electr\u00f3nico. O primeiro e-mail \u00e9 o seu aviso de recep\u00e7\u00e3o, o segundo \u00e9 a resposta ao seu pedido de eTA.<\/span><\/p>\n\n<h3 class=\"wp-block-heading\"><span style=\"font-weight: 400;\">O que fazer se o ESTA Canad\u00e1 for recusado?<\/span><\/h3>\n\n<p><span style=\"font-weight: 400;\">A recusa de um ESTA Canad\u00e1 pela Imigra\u00e7\u00e3o Canadiana continua a ser uma situa\u00e7\u00e3o rara mas n\u00e3o imposs\u00edvel. Se notar um problema com o seu formul\u00e1rio, pode contactar as autoridades canadianas o mais rapidamente poss\u00edvel atrav\u00e9s de um formul\u00e1rio para rectificar a gralha. Se uma altera\u00e7\u00e3o j\u00e1 n\u00e3o for poss\u00edvel, pode ser feito um novo pedido.<\/span><\/p>\n\n<p><span style=\"font-weight: 400;\">Ap\u00f3s uma recusa final, ainda tem de solicitar um visto na embaixada ou consulado canadiano. Para ir ao Canad\u00e1, existem v\u00e1rios vistos que lhe permitem estudar no estrangeiro, viver no Canad\u00e1 ou visitar o Canad\u00e1 para turismo. Verifique com a Embaixada do Canad\u00e1 para mais informa\u00e7\u00f5es. Se tiver entre 18 e 35 anos, considere o WHP (Working Holiday Permit), que \u00e9 uma licen\u00e7a de trabalho que lhe permite ganhar a vida enquanto <a href=\"https:\/\/123-esta.com\/pt-pt\/viajar-para-o-canada-dos-estados-unidos\/\">visita o Canad\u00e1<\/a>.<\/span><\/p>\n\n<p><span style=\"font-weight: 400;\">Em qualquer caso, as cidades do Canad\u00e1 ir\u00e3o fascin\u00e1-lo. Desejamos-lhe uma viagem agrad\u00e1vel!<\/span><\/p>\n\n<p><span style=\"font-weight: 400;\"><strong>\u00c9 bom saber<\/strong>: se quiser tirar partido da oportunidade de viajar para os EUA de avi\u00e3o, n\u00e3o se esque\u00e7a de se candidatar ao ESTA online, n\u00e3o na embaixada americana. Para viajar para os Estados Unidos da Am\u00e9rica, \u00e9 necess\u00e1rio um passaporte v\u00e1lido, deve viajar em neg\u00f3cios ou lazer e n\u00e3o deve permanecer mais de 90 dias nos EUA.<\/span><\/p>\n","protected":false},"excerpt":{"rendered":"<p>Modelado no ESTA para viajar para os EUA, o ESTA Canad\u00e1 \u00e9 uma autoriza\u00e7\u00e3o electr\u00f3nica que permite a certos viajantes permanecerem ou transitarem pelo Canad\u00e1. Esta permiss\u00e3o foi introduzida em 2016 e serve para refor\u00e7ar as medidas de seguran\u00e7a do pa\u00eds, bem como as dos viajantes. Descubra este documento que lhe permite viajar facilmente para [&hellip;]<\/p>\n","protected":false},"author":1,"featured_media":0,"parent":0,"menu_order":0,"comment_status":"closed","ping_status":"closed","template":"","meta":{"site-sidebar-layout":"default","site-content-layout":"default","ast-site-content-layout":"default","site-content-style":"default","site-sidebar-style":"default","ast-global-header-display":"","ast-banner-title-visibility":"","ast-main-header-display":"","ast-hfb-above-header-display":"","ast-hfb-below-header-display":"","ast-hfb-mobile-header-display":"","site-post-title":"","ast-breadcrumbs-content":"","ast-featured-img":"","footer-sml-layout":"","ast-disable-related-posts":"","theme-transparent-header-meta":"default","adv-header-id-meta":"","stick-header-meta":"default","header-above-stick-meta":"","header-main-stick-meta":"","header-below-stick-meta":"","astra-migrate-meta-layouts":"default","ast-page-background-enabled":"default","ast-page-background-meta":{"desktop":{"background-color":"","background-image":"","background-repeat":"repeat","background-position":"center center","background-size":"auto","background-attachment":"scroll","background-type":"","background-media":"","overlay-type":"","overlay-color":"","overlay-opacity":"","overlay-gradient":""},"tablet":{"background-color":"","background-image":"","background-repeat":"repeat","background-position":"center center","background-size":"auto","background-attachment":"scroll","background-type":"","background-media":"","overlay-type":"","overlay-color":"","overlay-opacity":"","overlay-gradient":""},"mobile":{"background-color":"","background-image":"","background-repeat":"repeat","background-position":"center center","background-size":"auto","background-attachment":"scroll","background-type":"","background-media":"","overlay-type":"","overlay-color":"","overlay-opacity":"","overlay-gradient":""}},"ast-content-background-meta":{"desktop":{"background-color":"var(--ast-global-color-5)","background-image":"","background-repeat":"repeat","background-position":"center center","background-size":"auto","background-attachment":"scroll","background-type":"","background-media":"","overlay-type":"","overlay-color":"","overlay-opacity":"","overlay-gradient":""},"tablet":{"background-color":"var(--ast-global-color-5)","background-image":"","background-repeat":"repeat","background-position":"center center","background-size":"auto","background-attachment":"scroll","background-type":"","background-media":"","overlay-type":"","overlay-color":"","overlay-opacity":"","overlay-gradient":""},"mobile":{"background-color":"var(--ast-global-color-5)","background-image":"","background-repeat":"repeat","background-position":"center center","background-size":"auto","background-attachment":"scroll","background-type":"","background-media":"","overlay-type":"","overlay-color":"","overlay-opacity":"","overlay-gradient":""}},"footnotes":""},"class_list":["post-2242","page","type-page","status-publish","hentry"],"yoast_head":"<!-- This site is optimized with the Yoast SEO plugin v27.1.1 - https:\/\/yoast.com\/product\/yoast-seo-wordpress\/ -->\n<title>ESTA Canad\u00e1: o que \u00e9 exactamente?<\/title>\n<meta name=\"description\" content=\"Planeia ir para o Canad\u00e1 mas n\u00e3o sabe quais s\u00e3o as formalidades? Apresentamos-lhe o eTA, que \u00e9 uma esp\u00e9cie de ESTA para o Canad\u00e1.\" \/>\n<meta name=\"robots\" content=\"index, follow, max-snippet:-1, max-image-preview:large, max-video-preview:-1\" \/>\n<link rel=\"canonical\" href=\"https:\/\/123-esta.com\/pt-pt\/apresentacao-de-esta-canada\/\" \/>\n<meta property=\"og:locale\" content=\"pt_PT\" \/>\n<meta property=\"og:type\" content=\"article\" \/>\n<meta property=\"og:title\" content=\"ESTA Canad\u00e1: o que \u00e9 exactamente?\" \/>\n<meta property=\"og:description\" content=\"Planeia ir para o Canad\u00e1 mas n\u00e3o sabe quais s\u00e3o as formalidades? Apresentamos-lhe o eTA, que \u00e9 uma esp\u00e9cie de ESTA para o Canad\u00e1.\" \/>\n<meta property=\"og:url\" content=\"https:\/\/123-esta.com\/pt-pt\/apresentacao-de-esta-canada\/\" \/>\n<meta property=\"og:site_name\" content=\"Formulaire ESTA pour les USA\" \/>\n<meta property=\"article:modified_time\" content=\"2022-09-06T07:45:15+00:00\" \/>\n<meta name=\"twitter:card\" content=\"summary_large_image\" \/>\n<meta name=\"twitter:label1\" content=\"Tempo estimado de leitura\" \/>\n\t<meta name=\"twitter:data1\" content=\"6 minutos\" \/>\n<script type=\"application\/ld+json\" class=\"yoast-schema-graph\">{\"@context\":\"https:\/\/schema.org\",\"@graph\":[{\"@type\":\"WebPage\",\"@id\":\"https:\/\/123-esta.com\/pt-pt\/apresentacao-de-esta-canada\/\",\"url\":\"https:\/\/123-esta.com\/pt-pt\/apresentacao-de-esta-canada\/\",\"name\":\"ESTA Canad\u00e1: o que \u00e9 exactamente?\",\"isPartOf\":{\"@id\":\"https:\/\/123-esta.com\/pt-pt\/#website\"},\"datePublished\":\"2022-07-27T19:33:31+00:00\",\"dateModified\":\"2022-09-06T07:45:15+00:00\",\"description\":\"Planeia ir para o Canad\u00e1 mas n\u00e3o sabe quais s\u00e3o as formalidades? Apresentamos-lhe o eTA, que \u00e9 uma esp\u00e9cie de ESTA para o Canad\u00e1.\",\"inLanguage\":\"pt-PT\",\"potentialAction\":[{\"@type\":\"ReadAction\",\"target\":[\"https:\/\/123-esta.com\/pt-pt\/apresentacao-de-esta-canada\/\"]}]},{\"@type\":\"WebSite\",\"@id\":\"https:\/\/123-esta.com\/pt-pt\/#website\",\"url\":\"https:\/\/123-esta.com\/pt-pt\/\",\"name\":\"Formulaire ESTA pour les USA\",\"description\":\"\",\"publisher\":{\"@id\":\"https:\/\/123-esta.com\/pt-pt\/#organization\"},\"potentialAction\":[{\"@type\":\"SearchAction\",\"target\":{\"@type\":\"EntryPoint\",\"urlTemplate\":\"https:\/\/123-esta.com\/pt-pt\/?s={search_term_string}\"},\"query-input\":{\"@type\":\"PropertyValueSpecification\",\"valueRequired\":true,\"valueName\":\"search_term_string\"}}],\"inLanguage\":\"pt-PT\"},{\"@type\":\"Organization\",\"@id\":\"https:\/\/123-esta.com\/pt-pt\/#organization\",\"name\":\"Formulaire ESTA pour les USA\",\"url\":\"https:\/\/123-esta.com\/pt-pt\/\",\"logo\":{\"@type\":\"ImageObject\",\"inLanguage\":\"pt-PT\",\"@id\":\"https:\/\/123-esta.com\/pt-pt\/#\/schema\/logo\/image\/\",\"url\":\"https:\/\/123-esta.com\/wp-content\/uploads\/2018\/03\/logo-123-esta.png\",\"contentUrl\":\"https:\/\/123-esta.com\/wp-content\/uploads\/2018\/03\/logo-123-esta.png\",\"width\":191,\"height\":54,\"caption\":\"Formulaire ESTA pour les USA\"},\"image\":{\"@id\":\"https:\/\/123-esta.com\/pt-pt\/#\/schema\/logo\/image\/\"}}]}<\/script>\n<!-- \/ Yoast SEO plugin. -->","yoast_head_json":{"title":"ESTA Canad\u00e1: o que \u00e9 exactamente?","description":"Planeia ir para o Canad\u00e1 mas n\u00e3o sabe quais s\u00e3o as formalidades? Apresentamos-lhe o eTA, que \u00e9 uma esp\u00e9cie de ESTA para o Canad\u00e1.","robots":{"index":"index","follow":"follow","max-snippet":"max-snippet:-1","max-image-preview":"max-image-preview:large","max-video-preview":"max-video-preview:-1"},"canonical":"https:\/\/123-esta.com\/pt-pt\/apresentacao-de-esta-canada\/","og_locale":"pt_PT","og_type":"article","og_title":"ESTA Canad\u00e1: o que \u00e9 exactamente?","og_description":"Planeia ir para o Canad\u00e1 mas n\u00e3o sabe quais s\u00e3o as formalidades? Apresentamos-lhe o eTA, que \u00e9 uma esp\u00e9cie de ESTA para o Canad\u00e1.","og_url":"https:\/\/123-esta.com\/pt-pt\/apresentacao-de-esta-canada\/","og_site_name":"Formulaire ESTA pour les USA","article_modified_time":"2022-09-06T07:45:15+00:00","twitter_card":"summary_large_image","twitter_misc":{"Tempo estimado de leitura":"6 minutos"},"schema":{"@context":"https:\/\/schema.org","@graph":[{"@type":"WebPage","@id":"https:\/\/123-esta.com\/pt-pt\/apresentacao-de-esta-canada\/","url":"https:\/\/123-esta.com\/pt-pt\/apresentacao-de-esta-canada\/","name":"ESTA Canad\u00e1: o que \u00e9 exactamente?","isPartOf":{"@id":"https:\/\/123-esta.com\/pt-pt\/#website"},"datePublished":"2022-07-27T19:33:31+00:00","dateModified":"2022-09-06T07:45:15+00:00","description":"Planeia ir para o Canad\u00e1 mas n\u00e3o sabe quais s\u00e3o as formalidades? Apresentamos-lhe o eTA, que \u00e9 uma esp\u00e9cie de ESTA para o Canad\u00e1.","inLanguage":"pt-PT","potentialAction":[{"@type":"ReadAction","target":["https:\/\/123-esta.com\/pt-pt\/apresentacao-de-esta-canada\/"]}]},{"@type":"WebSite","@id":"https:\/\/123-esta.com\/pt-pt\/#website","url":"https:\/\/123-esta.com\/pt-pt\/","name":"Formulaire ESTA pour les USA","description":"","publisher":{"@id":"https:\/\/123-esta.com\/pt-pt\/#organization"},"potentialAction":[{"@type":"SearchAction","target":{"@type":"EntryPoint","urlTemplate":"https:\/\/123-esta.com\/pt-pt\/?s={search_term_string}"},"query-input":{"@type":"PropertyValueSpecification","valueRequired":true,"valueName":"search_term_string"}}],"inLanguage":"pt-PT"},{"@type":"Organization","@id":"https:\/\/123-esta.com\/pt-pt\/#organization","name":"Formulaire ESTA pour les USA","url":"https:\/\/123-esta.com\/pt-pt\/","logo":{"@type":"ImageObject","inLanguage":"pt-PT","@id":"https:\/\/123-esta.com\/pt-pt\/#\/schema\/logo\/image\/","url":"https:\/\/123-esta.com\/wp-content\/uploads\/2018\/03\/logo-123-esta.png","contentUrl":"https:\/\/123-esta.com\/wp-content\/uploads\/2018\/03\/logo-123-esta.png","width":191,"height":54,"caption":"Formulaire ESTA pour les USA"},"image":{"@id":"https:\/\/123-esta.com\/pt-pt\/#\/schema\/logo\/image\/"}}]}},"_links":{"self":[{"href":"https:\/\/123-esta.com\/pt-pt\/wp-json\/wp\/v2\/pages\/2242","targetHints":{"allow":["GET"]}}],"collection":[{"href":"https:\/\/123-esta.com\/pt-pt\/wp-json\/wp\/v2\/pages"}],"about":[{"href":"https:\/\/123-esta.com\/pt-pt\/wp-json\/wp\/v2\/types\/page"}],"author":[{"embeddable":true,"href":"https:\/\/123-esta.com\/pt-pt\/wp-json\/wp\/v2\/users\/1"}],"replies":[{"embeddable":true,"href":"https:\/\/123-esta.com\/pt-pt\/wp-json\/wp\/v2\/comments?post=2242"}],"version-history":[{"count":0,"href":"https:\/\/123-esta.com\/pt-pt\/wp-json\/wp\/v2\/pages\/2242\/revisions"}],"wp:attachment":[{"href":"https:\/\/123-esta.com\/pt-pt\/wp-json\/wp\/v2\/media?parent=2242"}],"curies":[{"name":"wp","href":"https:\/\/api.w.org\/{rel}","templated":true}]}}